{"id":974,"date":"2019-11-25T22:17:00","date_gmt":"2019-11-25T20:17:00","guid":{"rendered":"https:\/\/www.alajarvenankkurit.fi\/yleisurheilu\/?page_id=974"},"modified":"2025-11-01T18:46:41","modified_gmt":"2025-11-01T16:46:41","slug":"13v-pojat","status":"publish","type":"page","link":"https:\/\/www.alajarvenankkurit.fi\/yleisurheilu\/13v-pojat\/","title":{"rendered":"13v pojat"},"content":{"rendered":"\n<h2 class=\"wp-block-heading\"><strong>60 m<\/strong><\/h2>\n\n\n\n<figure class=\"wp-block-table\"><table><tbody><tr><td>\n\t\t\t7,82\n\t\t<\/td><td>\n\t\t\t+0.6\n\t\t<\/td><td>\n\t\t\tJarmo Vuorinen -83\n\t\t<\/td><td>\n\t\t\t1996\n\t\t<\/td><\/tr><tr><td>\n\t\t\t7,92\n\t\t<\/td><td>\n\t\t\t+1.4\n\t\t<\/td><td>\n\t\t\tTeemu Tuomela -00\n\t\t<\/td><td>\n\t\t\t2013\n\t\t<\/td><\/tr><tr><td>7,94<\/td><td>+0.6<\/td><td>Max Jokiaho -12<\/td><td><strong>2025<\/strong><\/td><\/tr><tr><td>\n\t\t\t8,20\n\t\t<\/td><td>\n\t\t\t+0.8\n\t\t<\/td><td>\n\t\t\tKeijo Saarenmaa -83\n\t\t<\/td><td>\n\t\t\t1996\n\t\t<\/td><\/tr><tr><td>\n\t\t\t8,22\n\t\t<\/td><td>\n\t\t\t-1.1\n\t\t<\/td><td>\n\t\t\tTeemu Jokela -82\n\t\t<\/td><td>\n\t\t\t1994\n\t\t<\/td><\/tr><tr><td>\n\t\t\t8,23\n\t\t<\/td><td>\n\t\t\t-1.1\n\t\t<\/td><td>\n\t\t\tMiika Kujala -86\n\t\t<\/td><td>\n\t\t\t1999\n\t\t<\/td><\/tr><tr><td>\n\t\t\t8,23\n\t\t<\/td><td>\n\t\t\t+0.8\n\t\t<\/td><td>\n\t\t\tTuomas Salenius -93\n\t\t<\/td><td>\n\t\t\t2006\n\t\t<\/td><\/tr><tr><td>\n\t\t\t8,28\n\t\t<\/td><td>\n\t\t\t+1.5\n\t\t<\/td><td>\n\t\t\tMarkku Ojala -95\n\t\t<\/td><td>\n\t\t\t2008\n\t\t<\/td><\/tr><tr><td>\n\t\t\t8,47\n\t\t<\/td><td>\n\t\t\t+0.1\n\t\t<\/td><td>\n\t\t\tAnton Tallbacka -99\n\t\t<\/td><td>\n\t\t\t2012\n\t\t<\/td><\/tr><tr><td>\n\t\t\t8,51\n\t\t<\/td><td>\n\t\t\t+1.3\n\t\t<\/td><td>\n\t\t\tOlavi Yli-Mannila -04\n\t\t<\/td><td>\n\t\t\t2017\n\t\t<\/td><\/tr><tr><td>\n\t\t\t8,62\n\t\t<\/td><td>\n\t\t\t+1.1\n\t\t<\/td><td>\n\t\t\tMikko Paavola -98\n\t\t<\/td><td>\n\t\t\t2011\n\t\t<\/td><\/tr><\/tbody><\/table><\/figure>\n\n\n\n<h2 class=\"wp-block-heading\"><strong>200 m<\/strong><\/h2>\n\n\n\n<figure class=\"wp-block-table\"><table><tbody><tr><td>\n\t\t\t27,12\n\t\t<\/td><td>\n\t\t\t-0.3\n\t\t<\/td><td>\n\t\t\tTeemu Tuomela -00\n\t\t<\/td><td>\n\t\t\t2013\n\t\t<\/td><\/tr><tr><td>\n\t\t\t27,47\n\t\t<\/td><td>\n\t\t\t-0.7\n\t\t<\/td><td>\n\t\t\tAnton Tallbacka -99\n\t\t<\/td><td>\n\t\t\t2012\n\t\t<\/td><\/tr><tr><td>27,74 <\/td><td>\n\t\t\t+0.3\n\t\t<\/td><td>\n\t\t\tMarkku Ojala -95\n\t\t<\/td><td>\n\t\t\t2008\n\t\t<\/td><\/tr><tr><td>27,84<br>26,08<\/td><td>+0.4<br>+2.3<\/td><td>Max Jokiaho -12<\/td><td>2024<br><strong>2025<\/strong><\/td><\/tr><tr><td>\n\t\t\t28,16\n\t\t<\/td><td>\n\t\t\t+1.9\n\t\t<\/td><td>\n\t\t\tMikko Paavola -98\n\t\t<\/td><td>\n\t\t\t2011\n\t\t<\/td><\/tr><tr><td>\n\t\t\t29,25\n\t\t<\/td><td>\n\t\t\t-1.1\n\t\t<\/td><td>\n\t\t\tEemeli Kantanen -05\n\t\t<\/td><td>\n\t\t\t2018\n\t\t<\/td><\/tr><tr><td>\n\t\t\t29,29\n\t\t<\/td><td>\n\t\t\t-1.1\n\t\t<\/td><td>\n\t\t\tMatias Palmu -05\n\t\t<\/td><td>\n\t\t\t2018\n\t\t<\/td><\/tr><tr><td>\n\t\t\t29,65\n\t\t<\/td><td>\n\t\t\t-1.4\n\t\t<\/td><td>\n\t\t\tJuho M\u00e4nnist\u00f6 -97\n\t\t<\/td><td>\n\t\t\t2010\n\t\t<\/td><\/tr><tr><td>\n\t\t\t29,81\n\t\t<\/td><td>\n\t\t\t+0.9\n\t\t<\/td><td>\n\t\t\tLauri M\u00e4nnist\u00f6 -99\n\t\t<\/td><td>\n\t\t\t2012\n\t\t<\/td><\/tr><tr><td>\n\t\t\t29,86\n\t\t<\/td><td>\n\t\t\t+0.9\n\t\t<\/td><td>\n\t\t\tIlmari Autio -99\n\t\t<\/td><td>\n\t\t\t2012\n\t\t<\/td><\/tr><tr><td>\n\t\t\t29,92\n\t\t<\/td><td>\n\t\t\t+0.0\n\t\t<\/td><td>Olavi Yli-Mannila -04 <\/td><td>\n\t\t\t2017\n\t\t<\/td><\/tr><tr><td>\n\t\t\t29,92\n\t\t<\/td><td>\n\t\t\t+1.3\n\t\t<\/td><td>\n\t\t\tJani Honkaniemi -92\n\t\t<\/td><td>2004 <\/td><\/tr><tr><td>\n\t\t\t29,92\n\t\t<\/td><td>\n\t\t\t+1.9\n\t\t<\/td><td>\n\t\t\tSampo Sepp\u00e4 -98\n\t\t<\/td><td>\n\t\t\t2011\n\t\t<\/td><\/tr><\/tbody><\/table><\/figure>\n\n\n\n<h2 class=\"wp-block-heading\"><strong>800 m<\/strong><\/h2>\n\n\n\n<figure class=\"wp-block-table\"><table><tbody><tr><td>\n\t\t\t2.20,79\n\t\t<\/td><td>\n\t\t\tSampo Autio -89\n\t\t<\/td><td>\n\t\t\t2002\n\t\t<\/td><\/tr><tr><td>\n\t\t\t2.25,03\n\t\t<\/td><td>\n\t\t\tPekka Moisio -88\n\t\t<\/td><td>\n\t\t\t2001\n\t\t<\/td><\/tr><tr><td>\n\t\t\t2.27,49\n\t\t<\/td><td>\n\t\t\tTeemu Jokela -82\n\t\t<\/td><td>\n\t\t\t1994\n\t\t<\/td><\/tr><tr><td>2.28,11<\/td><td>Samu Vuorinen -14<\/td><td><strong>2025<\/strong><\/td><\/tr><tr><td>\n\t\t\t2.28,86\n\t\t<\/td><td>\n\t\t\tJarmo Vuorinen -83\n\t\t<\/td><td>\n\t\t\t1995\n\t\t<\/td><\/tr><tr><td>\n\t\t\t2.28,97\n\t\t<\/td><td>\n\t\t\tAntti Iham\u00e4ki -97\n\t\t<\/td><td>\n\t\t\t2010\n\t\t<\/td><\/tr><tr><td>\n\t\t\t2.35,01\n\t\t<\/td><td>\n\t\t\tAnton Tallbacka -99\n\t\t<\/td><td>\n\t\t\t2012\n\t\t<\/td><\/tr><tr><td>\n\t\t\t2.35,62\n\t\t<\/td><td>\n\t\t\tSampo Sepp\u00e4 -98\n\t\t<\/td><td>\n\t\t\t2010\n\t\t<\/td><\/tr><tr><td>\n\t\t\t2.43,41\n\t\t<\/td><td>\n\t\t\tIlmari Autio -99\n\t\t<\/td><td>\n\t\t\t2011\n\t\t<\/td><\/tr><tr><td>2.44,54<\/td><td>Jalo Kantonen -14<\/td><td>2024<\/td><\/tr><tr><td>2.46,61<\/td><td>Mikko Lehtim\u00e4ki -12<\/td><td><strong>2025<\/strong><\/td><\/tr><tr><td>2.47,81<\/td><td>Topias Keltikangas -15<\/td><td><strong>2025<\/strong><\/td><\/tr><tr><td>\n\t\t\t2.49,67\n\t\t<\/td><td>\n\t\t\tWiljami Koskela -98\n\t\t<\/td><td>2009 <\/td><\/tr><tr><td>\n\t\t\t2.53,89\n\t\t<\/td><td>\n\t\t\tTimoteus Kivikangas -01\n\t\t<\/td><td>\n\t\t\t2011\n\t\t<\/td><\/tr><\/tbody><\/table><\/figure>\n\n\n\n<h2 class=\"wp-block-heading\"><strong>1000 m<\/strong><\/h2>\n\n\n\n<figure class=\"wp-block-table\"><table><tbody><tr><td>\n\t\t\t3.07,44\n\t\t<\/td><td>\n\t\t\tAntti Iham\u00e4ki -97\n\t\t<\/td><td>\n\t\t\t2010\n\t\t<\/td><\/tr><tr><td>\n\t\t\t3.07,59\n\t\t<\/td><td>\n\t\t\tTeemu Tuomela -00\n\t\t<\/td><td>\n\t\t\t2013\n\t\t<\/td><\/tr><tr><td>\n\t\t\t3.08,47\n\t\t<\/td><td>\n\t\t\tSampo Sepp\u00e4 -98\n\t\t<\/td><td>\n\t\t\t2011\n\t\t<\/td><\/tr><tr><td>3.16,03<\/td><td>Samu Vuorinen -14<\/td><td><strong>2025<\/strong><\/td><\/tr><tr><td>3.17,69<\/td><td>Max Jokiaho -12<\/td><td><strong>2025<\/strong><\/td><\/tr><tr><td>\n\t\t\t3.23,99\n\t\t<\/td><td>\n\t\t\tMatias Palmu -05\n\t\t<\/td><td>\n\t\t\t2018\n\t\t<\/td><\/tr><tr><td>\n\t\t\t3.25,17\n\t\t<\/td><td>\n\t\t\tIlmari Autio -99\n\t\t<\/td><td>\n\t\t\t2012\n\t\t<\/td><\/tr><tr><td>\n\t\t\t3.26,98\n\t\t<\/td><td>\n\t\t\tWiljami Koskela -98\n\t\t<\/td><td>\n\t\t\t2010\n\t\t<\/td><\/tr><tr><td>\n\t\t\t3.27,90\n\t\t<\/td><td>\n\t\t\tAleksi Koivisto -95\n\t\t<\/td><td>\n\t\t\t2008\n\t\t<\/td><\/tr><tr><td>\n\t\t\t3.28,26\n\t\t<\/td><td>\n\t\t\tAntton Peltom\u00e4ki -02\n\t\t<\/td><td>\n\t\t\t2013\n\t\t<\/td><\/tr><tr><td> 3.28,94 <\/td><td>\n\t\t\tJesperi Salo -01\n\t\t<\/td><td>\n\t\t\t2013\n\t\t<\/td><\/tr><tr><td> 3.31, 04<\/td><td>Julius Pakka -08<\/td><td> 2021<\/td><\/tr><tr><td>\n\t\t\t3.31,16\n\t\t<\/td><td>\n\t\t\tSanteri Kari -99\n\t\t<\/td><td>\n\t\t\t2009\n\t\t<\/td><\/tr><\/tbody><\/table><\/figure>\n\n\n\n<h2 class=\"wp-block-heading\"><strong>60 m aidat<\/strong> (76,2 cm)<\/h2>\n\n\n\n<figure class=\"wp-block-table\"><table><tbody><tr><td>\n\t\t\t9,99\n\t\t<\/td><td>\n\t\t\t-1.6\n\t\t<\/td><td>\n\t\t\tJarmo Vuorinen -83\n\t\t<\/td><td>\n\t\t\t1996\n\t\t<\/td><td>\n\t\t\t7 aitaa\n\t\t<\/td><\/tr><tr><td>\n\t\t\t10,31\n\t\t<\/td><td>\n\t\t\t&nbsp;\n\t\t<\/td><td>\n\t\t\tTeemu Jokela -82\n\t\t<\/td><td>\n\t\t\t1994\n\t\t<\/td><td>\n\t\t\t7 aitaa\n\t\t<\/td><\/tr><tr><td>\n\t\t\t10,34\n\t\t<\/td><td>\n\t\t\t+1.5\n\t\t<\/td><td>\n\t\t\tMikko Paavola -98\n\t\t<\/td><td>\n\t\t\t2011\n\t\t<\/td><td>\n\t\t\t6 aitaa\n\t\t<\/td><\/tr><tr><td>\n\t\t\t10,66\n\t\t<\/td><td>\n\t\t\t+0.5\n\t\t<\/td><td>\n\t\t\tVille Rajala -93\n\t\t<\/td><td>\n\t\t\t2006\n\t\t<\/td><td>\n\t\t\t7 aitaa\n\t\t<\/td><\/tr><tr><td>\n\t\t\t10,70\n\t\t<\/td><td>\n\t\t\t+0.3\n\t\t<\/td><td>\n\t\t\tMarkku Ojala -95\n\t\t<\/td><td>\n\t\t\t2008\n\t\t<\/td><td>\n\t\t\t6 aitaa\n\t\t<\/td><\/tr><tr><td>\n\t\t\t10,80\n\t\t<\/td><td>\n\t\t\t-2.5\n\t\t<\/td><td>\n\t\t\tTuomas Salenius -93\n\t\t<\/td><td>\n\t\t\t2006\n\t\t<\/td><td>\n\t\t\t7 aitaa\n\t\t<\/td><\/tr><tr><td>\n\t\t\t10,84\n\t\t<\/td><td>\n\t\t\t+1.5\n\t\t<\/td><td>\n\t\t\tSampo Sepp\u00e4 -98\n\t\t<\/td><td>\n\t\t\t2011\n\t\t<\/td><td>\n\t\t\t6 aitaa\n\t\t<\/td><\/tr><tr><td>\n\t\t\t10,86\n\t\t<\/td><td>\n\t\t\t+0.5\n\t\t<\/td><td>\n\t\t\tLauri M\u00e4nnist\u00f6 -99\n\t\t<\/td><td>\n\t\t\t2012\n\t\t<\/td><td>\n\t\t\t6 aitaa\n\t\t<\/td><\/tr><tr><td>\n\t\t\t10,90\n\t\t<\/td><td>\n\t\t\t-3.7\n\t\t<\/td><td>\n\t\t\tJuho M\u00e4nnist\u00f6 -97\n\t\t<\/td><td>\n\t\t\t2010\n\t\t<\/td><td>\n\t\t\t6 aitaa\n\t\t<\/td><\/tr><tr><td>\n\t\t\t11,07\n\t\t<\/td><td>\n\t\t\t-1.7\n\t\t<\/td><td>\n\t\t\tMatias Palmu -05\n\t\t<\/td><td>\n\t\t\t2018\n\t\t<\/td><td>\n\t\t\t6 aitaa\n\t\t<\/td><\/tr><tr><td>\n\t\t\t11,11\n\t\t<\/td><td>\n\t\t\t+1.1\n\t\t<\/td><td>\n\t\t\tPanu Pitk\u00e4nen -94\n\t\t<\/td><td>\n\t\t\t2006\n\t\t<\/td><td>\n\t\t\t7 aitaa\n\t\t<\/td><\/tr><tr><td>\n\t\t\t11,30\n\t\t<\/td><td>\n\t\t\t-0.4\n\t\t<\/td><td>\n\t\t\tKristoffer de Silva -01\n\t\t<\/td><td>\n\t\t\t2014\n\t\t<\/td><td>\n\t\t\t6 aitaa\n\t\t<\/td><\/tr><tr><td>\n\t\t\t11,71\n\t\t<\/td><td>\n\t\t\t-1.6\n\t\t<\/td><td>\n\t\t\tAleksi Honkaniemi -99\n\t\t<\/td><td>\n\t\t\t2012\n\t\t<\/td><td>\n\t\t\t6 aitaa\n\t\t<\/td><\/tr><\/tbody><\/table><\/figure>\n\n\n\n<h2 class=\"wp-block-heading\"><strong>K\u00e4vely 2000 m<\/strong><\/h2>\n\n\n\n<figure class=\"wp-block-table\"><table><tbody><tr><td>\n\t\t\t12.22,41\n\t\t<\/td><td>\n\t\t\tTimoteus Kivikangas -01\n\t\t<\/td><td>\n\t\t\t2013\n\t\t<\/td><\/tr><tr><td>\n\t\t\t14.24,82\n\t\t<\/td><td>\n\t\t\tV\u00e4in\u00f6 Salom\u00e4ki -97\n\t\t<\/td><td>\n\t\t\t2009\n\t\t<\/td><\/tr><\/tbody><\/table><\/figure>\n\n\n\n<h2 class=\"wp-block-heading\"><strong>Korkeus<\/strong><\/h2>\n\n\n\n<figure class=\"wp-block-table\"><table><tbody><tr><td>170 <\/td><td>\n\t\t\tVille Niemi -83\n\t\t<\/td><td>\n\t\t\t1996\n\t\t<\/td><\/tr><tr><td>160 <\/td><td>\n\t\t\tJaakko Aninko -83\n\t\t<\/td><td>\n\t\t\t1996\n\t\t<\/td><\/tr><tr><td>160 <\/td><td>\n\t\t\tMasamitsu Amemore -83\n\t\t<\/td><td>\n\t\t\t1996\n\t\t<\/td><\/tr><tr><td>150 <\/td><td>\n\t\t\tTeemu Salenius -88\n\t\t<\/td><td>\n\t\t\t2001\n\t\t<\/td><\/tr><tr><td>150 <\/td><td>\n\t\t\tLauri M\u00e4nnist\u00f6 -99\n\t\t<\/td><td>\n\t\t\t2012\n\t\t<\/td><\/tr><tr><td>143 <\/td><td>\n\t\t\tMikko Paavola -98\n\t\t<\/td><td>\n\t\t\t2011\n\t\t<\/td><\/tr><tr><td>138 <\/td><td>\n\t\t\tIlari Mikkola -01\n\t\t<\/td><td>\n\t\t\t2014\n\t\t<\/td><\/tr><tr><td>135 <\/td><td>\n\t\t\tJuho M\u00e4nnist\u00f6 -97\n\t\t<\/td><td>\n\t\t\t2010\n\t\t<\/td><\/tr><tr><td>133 <\/td><td>\n\t\t\tKristoffer de Silva -01\n\t\t<\/td><td>\n\t\t\t2013\n\t\t<\/td><\/tr><tr><td>129<\/td><td>Jalo Kantonen -14<\/td><td><strong>2025<\/strong><\/td><\/tr><tr><td>128 <\/td><td>\n\t\t\tJouni Honkaniemi -96\n\t\t<\/td><td>\n\t\t\t2009\n\t\t<\/td><\/tr><\/tbody><\/table><\/figure>\n\n\n\n<h2 class=\"wp-block-heading\"><strong>Seiv\u00e4s<\/strong><\/h2>\n\n\n\n<figure class=\"wp-block-table\"><table><tbody><tr><td>320 <\/td><td>\n\t\t\tYrj\u00f6 M\u00e4nnist\u00f6 -61\n\t\t<\/td><td>\n\t\t\t1974\n\t\t<\/td><\/tr><tr><td>315 <\/td><td>\n\t\t\tWiljami Koskela -98\n\t\t<\/td><td>\n\t\t\t2011\n\t\t<\/td><\/tr><tr><td>260 <\/td><td>\n\t\t\tJouni Honkaniemi -96\n\t\t<\/td><td>\n\t\t\t2009\n\t\t<\/td><\/tr><tr><td>260 <\/td><td>\n\t\t\tMikko Paavola -98\n\t\t<\/td><td>\n\t\t\t2011\n\t\t<\/td><\/tr><tr><td>250 <\/td><td>\n\t\t\tLauri M\u00e4nnist\u00f6 -99\n\t\t<\/td><td>\n\t\t\t2012\n\t\t<\/td><\/tr><tr><td>240 <\/td><td>\n\t\t\tMikko Ojala -93\n\t\t<\/td><td>\n\t\t\t2006\n\t\t<\/td><\/tr><tr><td>230 <\/td><td>\n\t\t\tJuho M\u00e4nnist\u00f6 -97\n\t\t<\/td><td>\n\t\t\t2010\n\t\t<\/td><\/tr><tr><td>230 <\/td><td>\n\t\t\tAleksi Honkaniemi -99\n\t\t<\/td><td>\n\t\t\t2012\n\t\t<\/td><\/tr><tr><td>220 <\/td><td>\n\t\t\tMika M\u00e4nnist\u00f6 -87\n\t\t<\/td><td>\n\t\t\t1999\n\t\t<\/td><\/tr><tr><td>210 <\/td><td>\n\t\t\tJani Honkaniemi -92\n\t\t<\/td><td>\n\t\t\t2004\n\t\t<\/td><\/tr><\/tbody><\/table><\/figure>\n\n\n\n<h2 class=\"wp-block-heading\"><strong>Pituus<\/strong><\/h2>\n\n\n\n<figure class=\"wp-block-table\"><table><tbody><tr><td>\n\t\t\t5,53\n\t\t<\/td><td>\n\t\t\t+0.9\n\t\t<\/td><td>\n\t\t\tTeemu Jokela -82\n\t\t<\/td><td>\n\t\t\t1995\n\t\t<\/td><\/tr><tr><td>\n\t\t\t5,39\n\t\t<\/td><td>\n\t\t\t+0.9\n\t\t<\/td><td>\n\t\t\tTuomas Salenius -93\n\t\t<\/td><td>\n\t\t\t2006\n\t\t<\/td><\/tr><tr><td>\n\t\t\t5,05\n\t\t<\/td><td>\n\t\t\t-1.7\n\t\t<\/td><td>\n\t\t\tMasamitsu Amemori -83\n\t\t<\/td><td>\n\t\t\t1996\n\t\t<\/td><\/tr><tr><td>\n\t\t\t5,01\n\t\t<\/td><td>\n\t\t\t+1.3\n\t\t<\/td><td>\n\t\t\tMikko Paavola -98\n\t\t<\/td><td>\n\t\t\t2011\n\t\t<\/td><\/tr><tr><td>\n\t\t\t4,96\n\t\t<\/td><td>\n\t\t\t+2.0\n\t\t<\/td><td>\n\t\t\tMarkku Ojala -95\n\t\t<\/td><td>\n\t\t\t2008\n\t\t<\/td><\/tr><tr><td>\n\t\t\t4,90\n\t\t<\/td><td>\n\t\t\t+0.0\n\t\t<\/td><td>\n\t\t\tMiika Kujala -86\n\t\t<\/td><td>\n\t\t\t1999\n\t\t<\/td><\/tr><tr><td>\n\t\t\t4,87\n\t\t<\/td><td>\n\t\t\t-0,5\n\t\t<\/td><td>\n\t\t\tEemeli Kantanen -05\n\t\t<\/td><td>\n\t\t\t2018\n\t\t<\/td><\/tr><tr><td>\n\t\t\t4,71\n\t\t<\/td><td>\n\t\t\t+1.3\n\t\t<\/td><td>\n\t\t\tTeemu Salenius -88\n\t\t<\/td><td>\n\t\t\t2001\n\t\t<\/td><\/tr><tr><td>\n\t\t\t4,47\n\t\t<\/td><td>\n\t\t\t+0.9\n\t\t<\/td><td>\n\t\t\tKristoffer de Silva -01\n\t\t<\/td><td>\n\t\t\t2014\n\t\t<\/td><\/tr><tr><td>\n\t\t\t4,43\n\t\t<\/td><td>\n\t\t\t-0.9\n\t\t<\/td><td>\n\t\t\tEeli Tuomela -99\n\t\t<\/td><td>\n\t\t\t2012\n\t\t<\/td><\/tr><\/tbody><\/table><\/figure>\n\n\n\n<h2 class=\"wp-block-heading\"><strong>Kolmiloikka<\/strong><\/h2>\n\n\n\n<figure class=\"wp-block-table\"><table><tbody><tr><td>\n\t\t\t10,41\n\t\t<\/td><td>\n\t\t\t+1.5\n\t\t<\/td><td>\n\t\t\tTuomas Salenius -93\n\t\t<\/td><td>\n\t\t\t2005\n\t\t<\/td><\/tr><tr><td>\n\t\t\t10,15\n\t\t<\/td><td>\n\t\t\t&nbsp;\n\t\t<\/td><td>\n\t\t\tTeemu Jokela -82\n\t\t<\/td><td>\n\t\t\t1994\n\t\t<\/td><\/tr><tr><td>\n\t\t\t9,76\n\t\t<\/td><td>\n\t\t\t+0.8\n\t\t<\/td><td>\n\t\t\tAnton Tallbacka -99\n\t\t<\/td><td>\n\t\t\t2012\n\t\t<\/td><\/tr><tr><td>\n\t\t\t7,88\n\t\t<\/td><td>\n\t\t\t-0.1\n\t\t<\/td><td>\n\t\t\tTimoteus Kivikangas -01\n\t\t<\/td><td>\n\t\t\t2013\n\t\t<\/td><\/tr><tr><td>\n\t\t\t7,13\n\t\t<\/td><td>\n\t\t\t+2,6\n\t\t<\/td><td>\n\t\t\tOskari Lepp\u00e4aho -01\n\t\t<\/td><td>\n\t\t\t2013\n\t\t<\/td><\/tr><\/tbody><\/table><\/figure>\n\n\n\n<h2 class=\"wp-block-heading\"><strong>Kuula 3 kg<\/strong><\/h2>\n\n\n\n<figure class=\"wp-block-table\"><table><tbody><tr><td>\n\t\t\t14,34\n\t\t<\/td><td>\n\t\t\tTuomas M\u00e4nnist\u00f6 -85\n\t\t<\/td><td>\n\t\t\t1998\n\t\t<\/td><\/tr><tr><td>\n\t\t\t13,32\n\t\t<\/td><td>\n\t\t\tTuomas Salenius -93\n\t\t<\/td><td>\n\t\t\t2006\n\t\t<\/td><\/tr><tr><td>\n\t\t\t12,20\n\t\t<\/td><td>\n\t\t\tMika M\u00e4nnist\u00f6 -87\n\t\t<\/td><td>\n\t\t\t1999\n\t\t<\/td><\/tr><tr><td>\n\t\t\t11,59\n\t\t<\/td><td>\n\t\t\tSamuli Sillanp\u00e4\u00e4 -92\n\t\t<\/td><td>\n\t\t\t2005\n\t\t<\/td><\/tr><tr><td>\n\t\t\t11,50\n\t\t<\/td><td>\n\t\t\tAleksi Yli-Mannila -01\n\t\t<\/td><td>\n\t\t\t2014\n\t\t<\/td><\/tr><tr><td>\n\t\t\t11,27\n\t\t<\/td><td>\n\t\t\tJuhana Karjanlahti -00\n\t\t<\/td><td>\n\t\t\t2013\n\t\t<\/td><\/tr><tr><td>\n\t\t\t11,23\n\t\t<\/td><td>\n\t\t\tOlavi Yli-Mannila -04\n\t\t<\/td><td>\n\t\t\t2017\n\t\t<\/td><\/tr><tr><td>\n\t\t\t10,78\n\t\t<\/td><td>\n\t\t\tVille-Veikko Keski-Levijoki -05\n\t\t<\/td><td>\n\t\t\t2018\n\t\t<\/td><\/tr><tr><td>\n\t\t\t10,35\n\t\t<\/td><td>\n\t\t\tOskari Lepp\u00e4aho -01\n\t\t<\/td><td>\n\t\t\t2014\n\t\t<\/td><\/tr><tr><td>\n\t\t\t9,88\n\t\t<\/td><td>\n\t\t\tSami Peltom\u00e4ki -91\n\t\t<\/td><td>\n\t\t\t2003\n\t\t<\/td><\/tr><\/tbody><\/table><\/figure>\n\n\n\n<h2 class=\"wp-block-heading\"><strong>Kiekko 750 g<\/strong><\/h2>\n\n\n\n<figure class=\"wp-block-table\"><table><tbody><tr><td> 44,66 <\/td><td>\n\t\t\tAleksi Yli-Mannila -01\n\t\t<\/td><td>\n\t\t\t2014\n\t\t<\/td><\/tr><tr><td>\n\t\t\t41,63\n\t\t<\/td><td>\n\t\t\tOlavi Yli-Mannila -04\n\t\t<\/td><td>\n\t\t\t2017\n\t\t<\/td><\/tr><tr><td>\n\t\t\t32,17\n\t\t<\/td><td>\n\t\t\tVille-Veikko Keski-Levijoki -05\n\t\t<\/td><td>\n\t\t\t2018\n\t\t<\/td><\/tr><tr><td>\n\t\t\t30,94\n\t\t<\/td><td>\n\t\t\tOskari Lepp\u00e4aho -01\n\t\t<\/td><td>\n\t\t\t2014\n\t\t<\/td><\/tr><tr><td>\n\t\t\t26,22\n\t\t<\/td><td>\n\t\t\tHenri Pitk\u00e4kangas -06\n\t\t<\/td><td> 2019 <\/td><\/tr><tr><td>\n\t\t\t23,76\n\t\t<\/td><td>\n\t\t\tMatias Palmu -05\n\t\t<\/td><td>\n\t\t\t2018\n\t\t<\/td><\/tr><tr><td>\n\t\t\t19,55\n\t\t<\/td><td>\n\t\t\tElmeri Tuomela -07\n\t\t<\/td><td> 2019 <\/td><\/tr><\/tbody><\/table><\/figure>\n\n\n\n<h2 class=\"wp-block-heading\"><strong>Moukari 3 kg<\/strong><\/h2>\n\n\n\n<figure class=\"wp-block-table\"><table><tbody><tr><td>\n\t\t\t55,66\n\t\t<\/td><td>\n\t\t\tAleksi Yli-Mannila -01\n\t\t<\/td><td>\n\t\t\t2014\n\t\t<\/td><\/tr><tr><td>\n\t\t\t50,19\n\t\t<\/td><td>\n\t\t\tJuhana Karjanlahti -00\n\t\t<\/td><td>\n\t\t\t2013\n\t\t<\/td><\/tr><tr><td>\n\t\t\t46,15\n\t\t<\/td><td>\n\t\t\tVille-Veikko Keski-Levijoki -05\n\t\t<\/td><td>\n\t\t\t2018\n\t\t<\/td><\/tr><tr><td>\n\t\t\t44,44\n\t\t<\/td><td>\n\t\t\tOlavi Yli-Mannila -04\n\t\t<\/td><td>\n\t\t\t2017\n\t\t<\/td><\/tr><tr><td>\n\t\t\t39,20\n\t\t<\/td><td>\n\t\t\tV\u00e4in\u00f6 Salom\u00e4ki -97\n\t\t<\/td><td>\n\t\t\t2010\n\t\t<\/td><\/tr><tr><td>\n\t\t\t34,25\n\t\t<\/td><td>\n\t\t\tSami Peltom\u00e4ki -91\n\t\t<\/td><td>\n\t\t\t2004\n\t\t<\/td><\/tr><tr><td>\n\t\t\t33,69\n\t\t<\/td><td>\n\t\t\tIlari Huttula -90\n\t\t<\/td><td>\n\t\t\t2003\n\t\t<\/td><\/tr><tr><td> 27,46 <\/td><td>\n\t\t\tHenri Pitk\u00e4kangas -06\n\t\t<\/td><td> 2019 <\/td><\/tr><tr><td>\n\t\t\t25,01\n\t\t<\/td><td>\n\t\t\tEeli Tuomela -99\n\t\t<\/td><td>\n\t\t\t2012\n\t\t<\/td><\/tr><tr><td>14,59<\/td><td>Urho Ojaniemi -16<\/td><td>2024<\/td><\/tr><\/tbody><\/table><\/figure>\n\n\n\n<h2 class=\"wp-block-heading\"><strong>Keih\u00e4s 400 g<\/strong><\/h2>\n\n\n\n<figure class=\"wp-block-table\"><table><tbody><tr><td>\n\t\t\t57,94\n\t\t<\/td><td>\n\t\t\tAleksi Yli-Mannila -01\n\t\t<\/td><td>\n\t\t\t2014\n\t\t<\/td><\/tr><tr><td>\n\t\t\t52,84\n\t\t<\/td><td>\n\t\t\tKalle Sillanp\u00e4\u00e4 -83\n\t\t<\/td><td>\n\t\t\t1996\n\t\t<\/td><\/tr><tr><td>\n\t\t\t50,12\n\t\t<\/td><td>\n\t\t\tOlavi Yli-Mannila -04\n\t\t<\/td><td>\n\t\t\t2017\n\t\t<\/td><\/tr><tr><td>\n\t\t\t49,06\n\t\t<\/td><td>\n\t\t\tSami Peltom\u00e4ki -91\n\t\t<\/td><td>\n\t\t\t2004\n\t\t<\/td><\/tr><tr><td>\n\t\t\t48,98\n\t\t<\/td><td>\n\t\t\tOlli Pirkkala -88\n\t\t<\/td><td>\n\t\t\t2001\n\t\t<\/td><\/tr><tr><td>47,74<\/td><td>Kasper Humalajoki -10<\/td><td>2023<\/td><\/tr><tr><td>\n\t\t\t45,24\n\t\t<\/td><td>\n\t\t\tKalle Nyg\u00e5rd -81\n\t\t<\/td><td>\n\t\t\t1992\n\t\t<\/td><\/tr><tr><td>\n\t\t\t44,65\n\t\t<\/td><td>\n\t\t\tWiljami Koskela -98\n\t\t<\/td><td>\n\t\t\t2011\n\t\t<\/td><\/tr><tr><td>\n\t\t\t44,34\n\t\t<\/td><td>\n\t\t\tArttu Nurminen -92\n\t\t<\/td><td>\n\t\t\t2005\n\t\t<\/td><\/tr><tr><td>\n\t\t\t44,15\n\t\t<\/td><td>\n\t\t\tJuhana Karjanlahti -00\n\t\t<\/td><td>\n\t\t\t2013\n\t\t<\/td><\/tr><tr><td>\n\t\t\t43,75\n\t\t<\/td><td>\n\t\t\tMika&nbsp; M\u00e4nnist\u00f6 -87\n\t\t<\/td><td>\n\t\t\t2000\n\t\t<\/td><\/tr><tr><td>\n\t\t\t43,58\n\t\t<\/td><td>\n\t\t\tEemeli Kantanen -05\n\t\t<\/td><td>\n\t\t\t2018\n\t\t<\/td><\/tr><\/tbody><\/table><\/figure>\n\n\n\n<h2 class=\"wp-block-heading\"><strong>Neliottelu<\/strong><\/h2>\n\n\n\n<figure class=\"wp-block-table\"><table><tbody><tr><td>\n\t\t\t1735\n\t\t<\/td><td>\n\t\t\tTuomas M\u00e4nnist\u00f6 -85\n\t\t<\/td><td>\n\t\t\t1998\n\t\t<\/td><\/tr><tr><td>\n\t\t\t1619\n\t\t<\/td><td>\n\t\t\tTeemu Salenius -88\n\t\t<\/td><td>\n\t\t\t2001\n\t\t<\/td><\/tr><tr><td>\n\t\t\t1154\n\t\t<\/td><td>\n\t\t\tSampo Sepp\u00e4 -98\n\t\t<\/td><td>\n\t\t\t2010\n\t\t<\/td><\/tr><tr><td>\n\t\t\t1023\n\t\t<\/td><td>\n\t\t\tIlari Mikkola -01\n\t\t<\/td><td>\n\t\t\t2014\n\t\t<\/td><\/tr><\/tbody><\/table><\/figure>\n\n\n\n<h2 class=\"wp-block-heading\"><strong>Viisiottelu<\/strong><\/h2>\n\n\n\n<figure class=\"wp-block-table\"><table><tbody><tr><td>1307<\/td><td>Oskari Lepp\u00e4aho -01<\/td><td>2014<\/td><\/tr><\/tbody><\/table><\/figure>\n\n\n\n<p><\/p>\n","protected":false},"excerpt":{"rendered":"<p>60 m 7,82 +0.6 Jarmo Vuorinen -83 1996 7,92 +1.4 Teemu Tuomela -00 2013 7,94 +0.6 Max Jokiaho -12 2025 8,20 +0.8 Keijo Saarenmaa -83 1996 8,22 -1.1 Teemu Jokela -82 1994 8,23 -1.1 Miika Kujala -86 1999 8,23 +0.8 Tuomas Salenius -93 2006 8,28 +1.5 Markku Ojala -95 2008 8,47 +0.1 Anton Tallbacka -99 &hellip; <\/p>\n<p class=\"link-more\"><a href=\"https:\/\/www.alajarvenankkurit.fi\/yleisurheilu\/13v-pojat\/\" class=\"more-link\">Jatka lukemista<span class=\"screen-reader-text\"> &#8221;13v pojat&#8221;<\/span><\/a><\/p>\n","protected":false},"author":5,"featured_media":0,"parent":0,"menu_order":0,"comment_status":"closed","ping_status":"closed","template":"","meta":{"footnotes":""},"class_list":["post-974","page","type-page","status-publish","hentry"],"_links":{"self":[{"href":"https:\/\/www.alajarvenankkurit.fi\/yleisurheilu\/wp-json\/wp\/v2\/pages\/974","targetHints":{"allow":["GET"]}}],"collection":[{"href":"https:\/\/www.alajarvenankkurit.fi\/yleisurheilu\/wp-json\/wp\/v2\/pages"}],"about":[{"href":"https:\/\/www.alajarvenankkurit.fi\/yleisurheilu\/wp-json\/wp\/v2\/types\/page"}],"author":[{"embeddable":true,"href":"https:\/\/www.alajarvenankkurit.fi\/yleisurheilu\/wp-json\/wp\/v2\/users\/5"}],"replies":[{"embeddable":true,"href":"https:\/\/www.alajarvenankkurit.fi\/yleisurheilu\/wp-json\/wp\/v2\/comments?post=974"}],"version-history":[{"count":13,"href":"https:\/\/www.alajarvenankkurit.fi\/yleisurheilu\/wp-json\/wp\/v2\/pages\/974\/revisions"}],"predecessor-version":[{"id":7981,"href":"https:\/\/www.alajarvenankkurit.fi\/yleisurheilu\/wp-json\/wp\/v2\/pages\/974\/revisions\/7981"}],"wp:attachment":[{"href":"https:\/\/www.alajarvenankkurit.fi\/yleisurheilu\/wp-json\/wp\/v2\/media?parent=974"}],"curies":[{"name":"wp","href":"https:\/\/api.w.org\/{rel}","templated":true}]}}