{"id":832,"date":"2020-05-31T23:27:00","date_gmt":"2020-05-31T20:27:00","guid":{"rendered":"https:\/\/www.alajarvenankkurit.fi\/yleisurheilu\/?page_id=832"},"modified":"2020-09-06T13:44:25","modified_gmt":"2020-09-06T10:44:25","slug":"seuracup-2020","status":"publish","type":"page","link":"https:\/\/www.alajarvenankkurit.fi\/yleisurheilu\/kilpailutoiminta\/seuracup\/seuracup-2020\/","title":{"rendered":"Seuracup 2020"},"content":{"rendered":"\n<p><a href=\"https:\/\/www.yleisurheilu.fi\/seuracup\/\" target=\"_blank\" rel=\"noreferrer noopener\" aria-label=\"Valtakunnalliset nettisivut (opens in a new tab)\">Valtakunnalliset nettisivut<\/a><\/p>\n\n\n\n<p>Alaj\u00e4rven Ankkurit osallistui valtakunnalliseen Seuracupiin, jossa yleisurheiluseurat kilpailevat kesken\u00e4\u00e4n joukkueina. Vuoden 2020 Seuracup jouduttiin poikkeusoloista johtuen kisaamaan vain yhden piirikisan kilpailuna, jossa lajit olivat l\u00e4hes samat kuin finaalissa. Ankkurien tavoite onnistui eli saatiin riitt\u00e4v\u00e4n suuri joukkue kasaan ja ker\u00e4tty\u00e4 tarvittava pistem\u00e4\u00e4r\u00e4 (<a href=\"https:\/\/www.alajarvenankkurit.fi\/yleisurheilu\/category\/tuloksia\/2020\/\">linkki uutiseen<\/a>: Ankkurit Seuracupin finaaliin) ja p\u00e4\u00e4stiin kolmen v\u00e4livuoden j\u00e4lkeen finaaliin! <\/p>\n\n\n\n<p>A-sarjan finaali j\u00e4rjestettiin 5.9. Ikaalisissa, jonne l\u00e4hdettiin piirikisojen j\u00e4lkeen sijalta 15. Nuoret urheilijat tekiv\u00e4t todella hienon urheilup\u00e4iv\u00e4n, vaikka bussimatkalle jouduttiin l\u00e4htem\u00e4\u00e4n jo ennen aamukuutta. P\u00e4iv\u00e4\u00e4n mahtui useita omia enn\u00e4tyksi\u00e4, upeita suorituksia, monta hienoa kokemusta &#8211; niin pieni\u00e4 pettymyksi\u00e4 kuin onnistumisen iloisia hetki\u00e4! Useita poikien lajeja j\u00e4i valitettavasti t\u00e4ytt\u00e4m\u00e4tt\u00e4, mutta silti vajaamiehityksell\u00e4kin t\u00e4m\u00e4 nuori joukkue nousi per\u00e4ti nelj\u00e4 sijaa yl\u00f6sp\u00e4in sijalle 11. Tulokset <a rel=\"noreferrer noopener\" aria-label=\"t\u00e4st\u00e4 linkist\u00e4 (opens in a new tab)\" href=\"https:\/\/www.tilastopaja.eu\/fi\/db\/tulokset.php?CID=78772\" target=\"_blank\">t\u00e4st\u00e4 linkist\u00e4<\/a>.<\/p>\n\n\n\n<p>Arvokkaita lajivoittoja saavutti per\u00e4ti 4 urheilijaa: <strong>Hanna Siiril\u00e4<\/strong> (T11 keih\u00e4s), <strong>Emmi Pitk\u00e4kangas<\/strong> (T13 moukari), <strong>Katariina Lepp\u00e4aho<\/strong> (T13 1000m) ja <strong>Anniina Viitasaari<\/strong> (T13 korkeus). Komeita kakkossijoja napsivat <strong>Jere Luoma-aho<\/strong> (P11 pituus), <strong>Aada Piispanen<\/strong> (T11 1000m), <strong>Ilona Takala<\/strong> (T15 seiv\u00e4s), <strong>Milja-Maria Lahti<\/strong> (N17 200m) ja <strong>Olavi Yli-Mannila<\/strong> (M17 kuula). Seuracupin kohokohta on viimeisen\u00e4 lajina juostava sukkulaviesti, johon tarvittaisiin jokaisesta ik\u00e4sarjasta 2 tytt\u00f6\u00e4 ja poikaa. Ankkurit p\u00e4\u00e4si (kilpailun ulkopuolisena) mukaan t\u00e4h\u00e4n j\u00e4nnitt\u00e4v\u00e4\u00e4n ja hauskaan viestiin korvaamalla puuttuvia poikia tyt\u00f6ill\u00e4. Tsempparina palkittiin joukkueen kuopus <strong>Samuel Kuoppa-aho<\/strong>.<\/p>\n\n\n\n<figure class=\"wp-block-gallery columns-2 is-cropped wp-block-gallery-1 is-layout-flex wp-block-gallery-is-layout-flex\"><ul class=\"blocks-gallery-grid\"><li class=\"blocks-gallery-item\"><figure><img loading=\"lazy\" decoding=\"async\" width=\"1285\" height=\"2048\" src=\"https:\/\/www.alajarvenankkurit.fi\/yleisurheilu\/wp-content\/uploads\/sites\/2\/2020\/09\/Tsemppari-1285x2048.jpg\" alt=\"\" data-id=\"1681\" data-full-url=\"https:\/\/www.alajarvenankkurit.fi\/yleisurheilu\/wp-content\/uploads\/sites\/2\/2020\/09\/Tsemppari.jpg\" data-link=\"https:\/\/www.alajarvenankkurit.fi\/yleisurheilu\/kilpailutoiminta\/seuracup\/seuracup-2020\/attachment\/tsemppari\/\" class=\"wp-image-1681\" srcset=\"https:\/\/www.alajarvenankkurit.fi\/yleisurheilu\/wp-content\/uploads\/sites\/2\/2020\/09\/Tsemppari-1285x2048.jpg 1285w, https:\/\/www.alajarvenankkurit.fi\/yleisurheilu\/wp-content\/uploads\/sites\/2\/2020\/09\/Tsemppari-188x300.jpg 188w, https:\/\/www.alajarvenankkurit.fi\/yleisurheilu\/wp-content\/uploads\/sites\/2\/2020\/09\/Tsemppari-768x1224.jpg 768w, https:\/\/www.alajarvenankkurit.fi\/yleisurheilu\/wp-content\/uploads\/sites\/2\/2020\/09\/Tsemppari-963x1536.jpg 963w, https:\/\/www.alajarvenankkurit.fi\/yleisurheilu\/wp-content\/uploads\/sites\/2\/2020\/09\/Tsemppari.jpg 1454w\" sizes=\"auto, (max-width: 767px) 89vw, (max-width: 1000px) 54vw, (max-width: 1071px) 543px, 580px\" \/><figcaption class=\"blocks-gallery-item__caption\">Tsemppari Samuel<\/figcaption><\/figure><\/li><li class=\"blocks-gallery-item\"><figure><img loading=\"lazy\" decoding=\"async\" width=\"856\" height=\"1121\" src=\"https:\/\/www.alajarvenankkurit.fi\/yleisurheilu\/wp-content\/uploads\/sites\/2\/2020\/09\/Sukkulapojat.jpg\" alt=\"\" data-id=\"1679\" data-full-url=\"https:\/\/www.alajarvenankkurit.fi\/yleisurheilu\/wp-content\/uploads\/sites\/2\/2020\/09\/Sukkulapojat.jpg\" data-link=\"https:\/\/www.alajarvenankkurit.fi\/yleisurheilu\/kilpailutoiminta\/seuracup\/seuracup-2020\/attachment\/sukkulapojat\/\" class=\"wp-image-1679\" srcset=\"https:\/\/www.alajarvenankkurit.fi\/yleisurheilu\/wp-content\/uploads\/sites\/2\/2020\/09\/Sukkulapojat.jpg 856w, https:\/\/www.alajarvenankkurit.fi\/yleisurheilu\/wp-content\/uploads\/sites\/2\/2020\/09\/Sukkulapojat-229x300.jpg 229w, https:\/\/www.alajarvenankkurit.fi\/yleisurheilu\/wp-content\/uploads\/sites\/2\/2020\/09\/Sukkulapojat-768x1006.jpg 768w\" sizes=\"auto, (max-width: 767px) 89vw, (max-width: 1000px) 54vw, (max-width: 1071px) 543px, 580px\" \/><figcaption class=\"blocks-gallery-item__caption\">Sukkulapojat ja korvaavat tyt\u00f6t valmiina<\/figcaption><\/figure><\/li><li class=\"blocks-gallery-item\"><figure><img loading=\"lazy\" decoding=\"async\" width=\"1639\" height=\"1311\" src=\"https:\/\/www.alajarvenankkurit.fi\/yleisurheilu\/wp-content\/uploads\/sites\/2\/2020\/09\/Sukkulatyt\u00f6t.jpg\" alt=\"\" data-id=\"1680\" data-full-url=\"https:\/\/www.alajarvenankkurit.fi\/yleisurheilu\/wp-content\/uploads\/sites\/2\/2020\/09\/Sukkulatyt\u00f6t.jpg\" data-link=\"https:\/\/www.alajarvenankkurit.fi\/yleisurheilu\/kilpailutoiminta\/seuracup\/seuracup-2020\/attachment\/sukkulatytot\/\" class=\"wp-image-1680\" srcset=\"https:\/\/www.alajarvenankkurit.fi\/yleisurheilu\/wp-content\/uploads\/sites\/2\/2020\/09\/Sukkulatyt\u00f6t.jpg 1639w, https:\/\/www.alajarvenankkurit.fi\/yleisurheilu\/wp-content\/uploads\/sites\/2\/2020\/09\/Sukkulatyt\u00f6t-300x240.jpg 300w, https:\/\/www.alajarvenankkurit.fi\/yleisurheilu\/wp-content\/uploads\/sites\/2\/2020\/09\/Sukkulatyt\u00f6t-768x614.jpg 768w, https:\/\/www.alajarvenankkurit.fi\/yleisurheilu\/wp-content\/uploads\/sites\/2\/2020\/09\/Sukkulatyt\u00f6t-1536x1229.jpg 1536w\" sizes=\"auto, (max-width: 767px) 89vw, (max-width: 1000px) 54vw, (max-width: 1071px) 543px, 580px\" \/><figcaption class=\"blocks-gallery-item__caption\">Sukkulaviestin tyt\u00f6t<\/figcaption><\/figure><\/li><\/ul><\/figure>\n\n\n\n<p><strong>Piirikisa kilpaillaan<\/strong>  <strong>12.8.2020  Alavudella<\/strong> (<a rel=\"noreferrer noopener\" aria-label=\"linkki kilpailukalenteriin (opens in a new tab)\" href=\"https:\/\/www.kilpailukalenteri.fi\/?cs=16&amp;nid=25994\" target=\"_blank\">linkki kilpailukalenteriin<\/a>, josta l\u00f6ytyy my\u00f6s <strong>aikataulu<\/strong>). Seura ilmoittanut joukkueen ma 10.8. illalla. T\u00e4ss\u00e4 <a rel=\"noreferrer noopener\" aria-label=\"linkki Live-tulospalveluun (opens in a new tab)\" href=\"https:\/\/live.tuloslista.com\/8352\" target=\"_blank\">linkki Live-tulospalveluun<\/a>, josta l\u00f6ytyy er\u00e4jaot, suoritusj\u00e4rjestys ja tulokset.<\/p>\n\n\n\n<p>Finaalin sarjat ja lajit (kilpailija voi osallistua vain yhteen lajiin+sukkulaviesti ja jokaiseen lajiin voi osallistua ainoastaan yksi kilpailija jokaisesta finaaliseurasta):<\/p>\n\n\n\n<figure class=\"wp-block-table\"><table class=\"\"><tbody><tr><td>MN17:<\/td><td>200m, pituus, kuula<\/td><\/tr><tr><td>PT15:<\/td><td> 100m, 2000m, seiv\u00e4s, kuula, 1000m k\u00e4vely<\/td><\/tr><tr><td>PT13:<\/td><td> 60maj, 1000m, korkeus, moukari<\/td><\/tr><tr><td>PT11:<\/td><td> 60 maj, 1000m, pituus, keih\u00e4s<\/td><\/tr><tr><td><\/td><td>Sukkulaviesti 16x60m (2 tytt\u00f6\u00e4 ja poikaa joka ik\u00e4sarjasta)<\/td><\/tr><\/tbody><\/table><\/figure>\n\n\n\n<p>Jokaisessa lajissa ja sarjassa vain parhaan tuloksen tehnyt tuo seuralle pisteit\u00e4, joten t\u00e4rke\u00e4\u00e4 olisi saada joka lajiin ja sarjaan v\u00e4hint\u00e4\u00e4n yksi urheilija. Piirikilpailussa vain tulos tuo pisteit\u00e4, sijoituksella ei ole merkityst\u00e4!<\/p>\n\n\n\n<p><strong>Erityisesti piirikisaan rohkaisemme my\u00f6s ensikertalaisia osallistumaan runsain joukoin.<\/strong>&nbsp;Ainoa vaatimus osallistumiselle on voimassa oleva&nbsp;<a rel=\"noreferrer noopener\" href=\"http:\/\/www.yleisurheilu.fi\/seurat\/yleisurheilulisenssit\" target=\"_blank\">yleisurheilulisenssi<\/a>.&nbsp; Talven 2020 harjoitustoiminnassa mukana olleilla nuorilla yleisurheilulisenssi kaudelle 2020 onkin jo olemassa ja my\u00f6s kes\u00e4n 2020 Yu-kouluun osallistuville lisenssi kuuluu koulun hintaan. Lisenssin voi my\u00f6s hankkia omatoimisesti. Ohjeet hankintaan l\u00f6ytyv\u00e4t&nbsp;<a rel=\"noreferrer noopener\" href=\"http:\/\/www.alajarvenankkurit.fi\/yleisurheilu\/kilpailutoiminta\/\" target=\"_blank\">t\u00e4lt\u00e4 sivulta.<\/a><\/p>\n\n\n\n<p>Matkaan l\u00e4hdet\u00e4\u00e4n bussilla, johon mahtuu mukaan my\u00f6s huoltajia (10\u20ac omavastuu). Kisaj\u00e4rjest\u00e4j\u00e4n kilpailuohjeet l\u00f6ytyv\u00e4t <a rel=\"noreferrer noopener\" aria-label=\"t\u00e4st\u00e4 linkist\u00e4 (opens in a new tab)\" href=\"http:\/\/www.ikaalistenurheilijat.fi\/yleisurheilu\/seuracup-2020\" target=\"_blank\">t\u00e4st\u00e4 linkist\u00e4<\/a>. Jos tulee kysytt\u00e4v\u00e4\u00e4 niin&nbsp;<a rel=\"noreferrer noopener\" href=\"http:\/\/www.alajarvenankkurit.fi\/yleisurheilu\/yhteystiedot\/\" target=\"_blank\">Ankkurien yleisurheilujaoston j\u00e4senet<\/a>&nbsp;auttavat mielell\u00e4\u00e4n.<\/p>\n\n\n\n<ul class=\"wp-block-list\"><li>klo 5.45  l\u00e4ht\u00f6 Ankkurikentt\u00e4\/Supermarket parkkipaikka<\/li><li>klo 5.55 Kanavan Kevari<\/li><li>Matkalla tauko Parkanossa (noin 20 min)<\/li><li>klo 8.30-8.45 L\u00e4ykk\u00e4l\u00e4nlahden urheilukentt\u00e4, Pirkantie, Ikaalinen<\/li><li>klo 9.00 avajaiset <\/li><li>klo 9.30 alkaen, lajit k\u00e4ynnistyv\u00e4t<\/li><li>klo 11 &#8211; 15 ruokailu oman aikataulun mukaan (Ikaalisten yhteiskoulu, Poppelikatu 10)<\/li><li>klo 15 tai aiemmin, l\u00e4ht\u00f6 Alaj\u00e4rvelle<\/li><\/ul>\n\n\n\n<p>Finaalijoukkue 5.9.2020, seura ilmoittanut urheilijat ke 2.9:<\/p>\n\n\n<p><!--EndFragment--><\/p>\n\n\n<figure class=\"wp-block-table is-style-regular\"><table class=\"\"><tbody><tr><th>\n\t\t\t&nbsp;\n\t\t<\/th><th>\n\t\t\t&nbsp;Pikamatkat\n\t\t<\/th><th>\n\t\t\t&nbsp;Heitot\n\t\t<\/th><th>\n\t\t\tHypyt&nbsp;\n\t\t<\/th><th> Pitk\u00e4t matkat <\/th><\/tr><tr><th> 11v <\/th><td><span style=\"text-decoration: underline\">60m aidat<\/span><br><strong>Nelly Sillanp\u00e4\u00e4<\/strong><br><em>Poikaurheilija?<\/em> <\/td><td><span style=\"text-decoration: underline\">keih\u00e4s<\/span><br><strong>Hanna Siiril\u00e4<\/strong><br><strong>Samuel Kuoppa-aho<\/strong> <\/td><td><span style=\"text-decoration: underline\">pituus<\/span><br><strong>Emilia Kivim\u00e4ki<\/strong><br><strong>Jere Luoma-aho<\/strong> <\/td><td><span style=\"text-decoration: underline\">1000m<\/span><br><strong>Aada Piispanen<\/strong><br><em>Poikaurheilija<\/em>? <\/td><\/tr><tr><th> 13v <\/th><td><span style=\"text-decoration: underline\">60m aidat<\/span><br><strong>Viola Takala<\/strong><br><em>Poikaurheilija<\/em>? <\/td><td><span style=\"text-decoration: underline\">moukari<\/span> <br><strong>Emmi Pitk\u00e4kangas<\/strong><br><strong>Aamos Kivikangas<\/strong><\/td><td><span style=\"text-decoration: underline\">korkeus<\/span> <br><strong>Anniina Viitasaari<\/strong><br><em>Poikaurheilija<\/em>? <\/td><td><span style=\"text-decoration: underline\">1000m<\/span><br><strong>Katariina Lepp\u00e4aho<\/strong><br><em>Poikaurheilija<\/em>?  <\/td><\/tr><tr><th> 15v <\/th><td><span style=\"text-decoration: underline\"> 100m<\/span>  <br><strong>Emmi Piispanen<\/strong><br><em>Poikaurheilija<\/em>?<\/td><td><span style=\"text-decoration: underline\">kuula<\/span> <br><strong>Sara Vuorela<br>Henri Pitk\u00e4kangas<\/strong><\/td><td><span style=\"text-decoration: underline\">seiv\u00e4s<\/span><br><strong>Ilona Takala<\/strong><br><em>Poikaurheilija<\/em>? <\/td><td><span style=\"text-decoration: underline\">2000m<\/span> <br><strong>Liinu J\u00e4rvinen<\/strong><br><em>Poikaurheilija<\/em>? <br><span style=\"text-decoration: underline\">1000m k\u00e4vely<\/span><br><em>Tytt\u00f6\/poika?<\/em><\/td><\/tr><tr><th> 17v <\/th><td><span style=\"text-decoration: underline\">200m<\/span> <br><strong>Milja-Maria Lahti <\/strong><br><em>Poikaurheilija<\/em>? <\/td><td> <span style=\"text-decoration: underline\">kuula<\/span> <br><em>Tytt\u00f6urheilija<\/em>?<br><strong>Olavi Yli-Mannila<\/strong><\/td><td><span style=\"text-decoration: underline\">pituus<\/span><br><strong>Seliina Kuoppa-aho<\/strong><br><em>Poikaurheilija<\/em>?<\/td><td><\/td><\/tr><\/tbody><\/table><\/figure>\n\n\n\n<p><\/p>\n","protected":false},"excerpt":{"rendered":"<p>Valtakunnalliset nettisivut Alaj\u00e4rven Ankkurit osallistui valtakunnalliseen Seuracupiin, jossa yleisurheiluseurat kilpailevat kesken\u00e4\u00e4n joukkueina. Vuoden 2020 Seuracup jouduttiin poikkeusoloista johtuen kisaamaan vain yhden piirikisan kilpailuna, jossa lajit olivat l\u00e4hes samat kuin finaalissa. Ankkurien tavoite onnistui eli saatiin riitt\u00e4v\u00e4n suuri joukkue kasaan ja ker\u00e4tty\u00e4 tarvittava pistem\u00e4\u00e4r\u00e4 (linkki uutiseen: Ankkurit Seuracupin finaaliin) ja p\u00e4\u00e4stiin kolmen v\u00e4livuoden j\u00e4lkeen finaaliin! A-sarjan &hellip; <\/p>\n<p class=\"link-more\"><a href=\"https:\/\/www.alajarvenankkurit.fi\/yleisurheilu\/kilpailutoiminta\/seuracup\/seuracup-2020\/\" class=\"more-link\">Jatka lukemista<span class=\"screen-reader-text\"> &#8221;Seuracup 2020&#8221;<\/span><\/a><\/p>\n","protected":false},"author":5,"featured_media":0,"parent":446,"menu_order":1,"comment_status":"closed","ping_status":"closed","template":"","meta":{"footnotes":""},"class_list":["post-832","page","type-page","status-publish","hentry"],"_links":{"self":[{"href":"https:\/\/www.alajarvenankkurit.fi\/yleisurheilu\/wp-json\/wp\/v2\/pages\/832","targetHints":{"allow":["GET"]}}],"collection":[{"href":"https:\/\/www.alajarvenankkurit.fi\/yleisurheilu\/wp-json\/wp\/v2\/pages"}],"about":[{"href":"https:\/\/www.alajarvenankkurit.fi\/yleisurheilu\/wp-json\/wp\/v2\/types\/page"}],"author":[{"embeddable":true,"href":"https:\/\/www.alajarvenankkurit.fi\/yleisurheilu\/wp-json\/wp\/v2\/users\/5"}],"replies":[{"embeddable":true,"href":"https:\/\/www.alajarvenankkurit.fi\/yleisurheilu\/wp-json\/wp\/v2\/comments?post=832"}],"version-history":[{"count":68,"href":"https:\/\/www.alajarvenankkurit.fi\/yleisurheilu\/wp-json\/wp\/v2\/pages\/832\/revisions"}],"predecessor-version":[{"id":2345,"href":"https:\/\/www.alajarvenankkurit.fi\/yleisurheilu\/wp-json\/wp\/v2\/pages\/832\/revisions\/2345"}],"up":[{"embeddable":true,"href":"https:\/\/www.alajarvenankkurit.fi\/yleisurheilu\/wp-json\/wp\/v2\/pages\/446"}],"wp:attachment":[{"href":"https:\/\/www.alajarvenankkurit.fi\/yleisurheilu\/wp-json\/wp\/v2\/media?parent=832"}],"curies":[{"name":"wp","href":"https:\/\/api.w.org\/{rel}","templated":true}]}}