{"id":8297,"date":"2026-04-12T19:33:58","date_gmt":"2026-04-12T16:33:58","guid":{"rendered":"https:\/\/www.alajarvenankkurit.fi\/yleisurheilu\/?page_id=8297"},"modified":"2026-04-12T19:44:33","modified_gmt":"2026-04-12T16:44:33","slug":"seuracup-2026","status":"publish","type":"page","link":"https:\/\/www.alajarvenankkurit.fi\/yleisurheilu\/kilpailutoiminta\/seuracup\/seuracup-2026\/","title":{"rendered":"Seuracup 2026"},"content":{"rendered":"\n<p>Alaj\u00e4rven Ankkurit osallistuu j\u00e4lleen Pohjola Seuracupiin (<a href=\"https:\/\/www.yleisurheilu.fi\/seuracup\/\" target=\"_blank\" rel=\"noreferrer noopener\">valtakunnalliset sivut<\/a>) tavoitteena p\u00e4\u00e4st\u00e4 pienimpien seurojen A-sarjan finaaliin, jonka j\u00e4rjest\u00e4\u00e4 la 29.8.2026 Veikkolan Veikot (Kirkkonummi) Uudellamaalla. Finaaliin l\u00e4htij\u00f6it\u00e4 odottaa kisap\u00e4iv\u00e4n j\u00e4lkeen p\u00e4\u00e4sy Helsingin Olympiastadionille kannustamaan Suomen maajoukkuetta Ruotsi-otteluun! <\/p>\n\n\n\n<p> Seuracupissa yleisurheiluseurat kilpailevat kesken\u00e4\u00e4n joukkueina ja finaaliin p\u00e4\u00e4st\u00e4kseen Ankkureiden tulee ker\u00e4t\u00e4 riitt\u00e4v\u00e4sti pisteit\u00e4 kahdessa Etel\u00e4-Pohjanmaalla j\u00e4rjestett\u00e4v\u00e4ss\u00e4 piirikisassa (jokaisen lajin tulos antaa pisteit\u00e4) ja oltava 15 parhaan seuran joukossa. Seuracupin pistetilannetta (ja edellisten vuosien tuloksia) voi kes\u00e4n kuluessa seurata t\u00e4\u00e4lt\u00e4: <a href=\"http:\/\/seuracup.tuloslista.com\/list\/A\/\" target=\"_blank\" rel=\"noreferrer noopener\">http:\/\/seuracup.tuloslista.com\/list\/A\/<\/a><\/p>\n\n\n\n<p>Erityisesti piirikisaan rohkaisemme my\u00f6s ensikertalaisia! Jokaisessa lajissa ja sarjassa vain parhaan tuloksen tehnyt tuo seuralle pisteit\u00e4, joten t\u00e4rke\u00e4\u00e4 olisi saada<strong>&nbsp;joka lajiin ja sarjaan v\u00e4hint\u00e4\u00e4n yksi urheilija<\/strong>. Lis\u00e4ksi on huomioitava, ett\u00e4 urheilija voi osallistua vain yhteen lajiin + viestiin + k\u00e4velyyn. Piirikisassa vain tulos tuo pisteit\u00e4, sijoituksella ei ole merkityst\u00e4!&nbsp;<strong>Ainoa vaatimus osallistumiselle on voimassa oleva&nbsp;<a href=\"http:\/\/www.yleisurheilu.fi\/seurat\/yleisurheilulisenssit\" target=\"_blank\" rel=\"noreferrer noopener\">yleisurheilulisenssi<\/a>.<\/strong>&nbsp;Ankkureiden harjoitustoiminnassa ja yleisurheilukoulussa mukana olleilla yleisurheilulisenssi kaudelle 2026 onkin todenn\u00e4k\u00f6isesti jo olemassa. Lisenssin voi my\u00f6s hankkia omatoimisesti.<\/p>\n\n\n\n<p><strong>Ensimm\u00e4inen piirikisa <\/strong>j\u00e4rjestet\u00e4\u00e4n ti 16.6.2026 Alavudella (<a href=\"https:\/\/www.kilpailukalenteri.fi\/?cs=16&amp;nid=38767\" id=\"https:\/\/www.kilpailukalenteri.fi\/?cs=16&amp;nid=38767\" target=\"_blank\" rel=\"noreferrer noopener\">linkki kilpailukalenteriin<\/a>). <\/p>\n\n\n\n<p><strong>Sarjat ja lajit:<\/strong><br>MN17: 200m, 3-loikka, kuula<br>MN15: 100m, 2000m, seiv\u00e4s, kuula, viesti 4x100m<br>PT13: 60m, 800m, korkeus, keih\u00e4s, viesti 4x100m<br>PT11: 60m, 800m, pituus, kiekko, viesti 4x50m<\/p>\n\n\n\n<p>Urheilija voi osallistua yhdess\u00e4 ik\u00e4sarjassa vain yhteen lajiin (oma tai vanhempi ik\u00e4sarja) ja viestiin. Toivomme, ett\u00e4 mahdollisimman moneen lajiin l\u00f6ytyisi osallistuja, sill\u00e4 vain lajin paras tuo seuralle pisteit\u00e4. Samaan lajiin voi kuitenkin osallistua useampi ja toisessa ik\u00e4sarjassa kilpaileva voi osallistua viestiin. Ankkureista tarvitaan my\u00f6s v\u00e4hint\u00e4\u00e4n yhden lajin toimitsijat. Jaosto ilmoittaa joukkueen su 14.6. Tuloksista uutisoidaan t\u00e4\u00e4ll\u00e4: <a href=\"https:\/\/www.alajarvenankkurit.fi\/yleisurheilu\/category\/tuloksia\/2026\/\">2026 arkistot &#8211; Alaj\u00e4rven Ankkurit \/ Yleisurheilu<\/a><\/p>\n\n\n\n<p>Tapio Rajala (+358 400 442 493, tapio.rajala@sul.fi) toimii joukkueen kokoajana. H\u00e4nelle voi ilmoittaa mahdolliset lajitoiveet. <\/p>\n\n\n\n<figure class=\"wp-block-table\"><table><tbody><tr><td><\/td><td><strong>Pikamatkat<\/strong><\/td><td><strong>Kest\u00e4vyysmatkat<\/strong><\/td><td><strong>Hypyt<\/strong><\/td><td><strong>Heitot<\/strong><\/td><td><strong>Viestit<\/strong><\/td><\/tr><tr><td><strong>11v<\/strong><\/td><td><span style=\"text-decoration: underline\">60m<\/span><br><em>Tytt\u00f6urheilija<br>Poikaurheilija<\/em><\/td><td><span style=\"text-decoration: underline\">800m<\/span><br><em>Tytt\u00f6urheilija<br>Poikaurheilija<\/em><\/td><td><span style=\"text-decoration: underline\">Pituus<\/span><br><em>Tytt\u00f6urheilija<br>Poikaurheilija<\/em><\/td><td><span style=\"text-decoration: underline\">Kiekko<\/span><br><em>Tytt\u00f6urheilija<br>Poikaurheilija<\/em><\/td><td><em>4 tytt\u00f6\u00e4<br>4 poikaa<\/em><\/td><\/tr><tr><td><strong>13v<\/strong><\/td><td><span style=\"text-decoration: underline\">60m<\/span><br><em>Tytt\u00f6urheilija<br>Poikaurheilija<\/em><\/td><td><span style=\"text-decoration: underline\">800m<\/span><br><em>Tytt\u00f6urheilija<br>Poikaurheilija<\/em><\/td><td><span style=\"text-decoration: underline\">Korkeus<\/span><br><em>Tytt\u00f6urheilija<br>Poikaurheilija<\/em><\/td><td><span style=\"text-decoration: underline\">Keih\u00e4s<\/span><br><em>Tytt\u00f6urheilija<br>Poikaurheilija<\/em><\/td><td><em>4 tytt\u00f6\u00e4<br>4 poikaa<\/em><\/td><\/tr><tr><td><strong>15v<\/strong><\/td><td><span style=\"text-decoration: underline\">100m<\/span><br><em>Tytt\u00f6urheilija<br>Poikaurheilija<\/em><\/td><td><span style=\"text-decoration: underline\">2000m<\/span><br><em>Tytt\u00f6urheilija<br>Poikaurheilija<\/em><\/td><td><span style=\"text-decoration: underline\">Seiv\u00e4s<\/span><br><em>Tytt\u00f6urheilija<br>Poikaurheilija<\/em><\/td><td><span style=\"text-decoration: underline\">Kuula<\/span><br><em>Tytt\u00f6urheilija<br>Poikaurheilija<\/em><\/td><td><em>4 tytt\u00f6\u00e4<br>4 poikaa<\/em><\/td><\/tr><tr><td><strong>17v<\/strong><\/td><td><span style=\"text-decoration: underline\">200m<\/span><br><em>Tytt\u00f6urheilija<br>Poikaurheilija<\/em><\/td><td><\/td><td><span style=\"text-decoration: underline\">3-loikka<\/span><br><em>Tytt\u00f6urheilija<br>Poikaurheilija<\/em><\/td><td><span style=\"text-decoration: underline\">Kuula<\/span><br><em>Tytt\u00f6urheilija<br>Poikaurheilija<\/em><\/td><td><\/td><\/tr><\/tbody><\/table><figcaption class=\"wp-element-caption\">Piirikilpailun lajit ja osallistujat (vahvistanut <strong>bold<\/strong>). Jaosto ilmoittaa joukkueen.<\/figcaption><\/figure>\n\n\n\n<p><strong>Toinen piirikisa<\/strong>&nbsp;kilpaillaan ke 12.8.2026 Lapualla (<a href=\"https:\/\/www.kilpailukalenteri.fi\/?cs=16&amp;nid=38784\" id=\"https:\/\/www.kilpailukalenteri.fi\/?cs=16&amp;nid=38784\" target=\"_blank\" rel=\"noreferrer noopener\">linkki kilpailukalenteriin<\/a>).<\/p>\n\n\n\n<p><strong>Sarjat ja lajit:<\/strong><br>MN17: 800m, pituus, keih\u00e4s<br>MN15: 300m, 100\/80maj, 3-loikka, moukari<br>PT13: 200m, 60maj, seiv\u00e4s, kuula<br>PT11: 150m, 60maj, korkeus, kuula<br>P\/T11-15: 1000m k\u00e4vely<\/p>\n\n\n\n<p>Urheilija voi osallistua yhdess\u00e4 ik\u00e4sarjassa vain yhteen lajiin (oma tai vanhempi ik\u00e4sarja) ja viestiin. Toivomme, ett\u00e4 mahdollisimman moneen lajiin l\u00f6ytyisi osallistuja, sill\u00e4 vain lajin paras tuo seuralle pisteit\u00e4. Samaan lajiin voi kuitenkin osallistua useampi ja toisessa ik\u00e4sarjassa kilpaileva voi osallistua viestiin. Ankkureista tarvitaan my\u00f6s v\u00e4hint\u00e4\u00e4n yhden lajin toimitsijat. Jaosto ilmoittaa joukkueen su 9.8. Tuloksista uutisoidaan t\u00e4\u00e4ll\u00e4: <a href=\"https:\/\/www.alajarvenankkurit.fi\/yleisurheilu\/category\/tuloksia\/2026\/\">2026 arkistot &#8211; Alaj\u00e4rven Ankkurit \/ Yleisurheilu<\/a><\/p>\n\n\n\n<figure class=\"wp-block-table\"><table><tbody><tr><td><\/td><td><strong>Juoksumatkat<\/strong><\/td><td><strong>K\u00e4vely<\/strong>\/<strong>Aidat<\/strong><\/td><td><strong>Hypyt<\/strong><\/td><td><strong>Heitot<\/strong><\/td><td><strong>Viestit<\/strong><\/td><\/tr><tr><td><strong>11v<\/strong><\/td><td><span style=\"text-decoration: underline\">150m<\/span><br><em>Tytt\u00f6urheilija<br>Poikaurheilija<\/em><\/td><td><span style=\"text-decoration: underline\">1000m<\/span> <span style=\"text-decoration: underline\">k\u00e4vely<\/span><br><em>Tytt\u00f6- tai poikaurheilija<\/em><br><span style=\"text-decoration: underline\">60maj<\/span><br><em>Tytt\u00f6urheilija<br>Poikaurheilija<\/em><\/td><td><span style=\"text-decoration: underline\">Korkeus<\/span><br><em>Tytt\u00f6urheilija<br>Poikaurheilija<\/em><\/td><td><span style=\"text-decoration: underline\">Kuula<\/span><br><em>Tytt\u00f6urheilija<br>Poikaurheilija<\/em><\/td><td><em>2 tytt\u00f6\u00e4<br>2 poikaa<\/em><\/td><\/tr><tr><td><strong>13v<\/strong><\/td><td><span style=\"text-decoration: underline\">200m<\/span><br><em>Tytt\u00f6urheilija<br>Poikaurheilija<\/em><\/td><td><span style=\"text-decoration: underline\">1000m k\u00e4vely<\/span><br><em><em>Tytt\u00f6- tai poikaurheilija<\/em><\/em><br><span style=\"text-decoration: underline\">60maj<\/span><br><em>Tytt\u00f6urheilija<br>Poikaurheilija<\/em><\/td><td><span style=\"text-decoration: underline\">Seiv\u00e4s<\/span><br><em>Tytt\u00f6urheilija<br>Poikaurheilija<\/em><\/td><td><span style=\"text-decoration: underline\">Kuula<\/span><br><em>Tytt\u00f6urheilija<br>Poikaurheilija<\/em><\/td><td><em>2 tytt\u00f6\u00e4<br>2 poikaa<\/em><\/td><\/tr><tr><td><strong>15v<\/strong><\/td><td><span style=\"text-decoration: underline\">300m<\/span><br><em>Tytt\u00f6urheilija<br>Poikaurheilija<\/em><\/td><td><span style=\"text-decoration: underline\">1000m k\u00e4vely<\/span><br><em><em>Tytt\u00f6- tai poikaurheilija<\/em><\/em><br><span style=\"text-decoration: underline\">80\/100maj<\/span><br><em>Tytt\u00f6urheilija<br>Poikaurheilija<\/em><\/td><td><span style=\"text-decoration: underline\">3-loikka<\/span><br><em>Tytt\u00f6urheilija<br>Poikaurheilija<\/em><\/td><td><span style=\"text-decoration: underline\">Moukari<\/span><br><em>Tytt\u00f6urheilija<br>Poikaurheilija<\/em><\/td><td><em>2 tytt\u00f6\u00e4<br>2 poikaa<\/em><\/td><\/tr><tr><td><strong>17v<\/strong><\/td><td><span style=\"text-decoration: underline\">800m<\/span><br><em>Tytt\u00f6urheilija<br>Poikaurheilija<\/em><\/td><td><\/td><td><span style=\"text-decoration: underline\">Pituus<\/span><br><em>Tytt\u00f6urheilija<br>Poikaurheilija<\/em><\/td><td><span style=\"text-decoration: underline\">Keih\u00e4s<\/span><br><em>Tytt\u00f6urheilija<br>Poikaurheilija<\/em><\/td><td><\/td><\/tr><\/tbody><\/table><\/figure>\n\n\n\n<p><strong>Finaalin<\/strong> luonne on erilainen kuin piirikilpailussa. Vain sijoitus m\u00e4\u00e4r\u00e4\u00e4 pistem\u00e4\u00e4r\u00e4n eik\u00e4 tuloksella ole merkityst\u00e4 (maaottelun tapaan)! Finaalissa joukkuetta edustaa vain yksi urheilija\/laji + sukkulaviesti ja vain yhdess\u00e4 ik\u00e4sarjassa. Viestiin voi osallistua my\u00f6s ilman henk.koht. lajia. Joukkueen lopullisen sijoituksen m\u00e4\u00e4r\u00e4\u00e4 kaikkien lajien pistem\u00e4\u00e4r\u00e4 eli sijoitus. Jos laji j\u00e4\u00e4 tyhj\u00e4ksi, ei siit\u00e4 my\u00f6sk\u00e4\u00e4n saa pisteit\u00e4.<\/p>\n\n\n\n<pre class=\"wp-block-verse\"><strong>Sarjat ja lajit:<\/strong><br>MN17: 200m, pituus, kuula<br>MN15: 100m, 2000m, seiv\u00e4s, kuula, M tai N 1000m k\u00e4vely<br>PT13: 60maj, 800m, korkeus, moukari<br>PT11: 60maj, 800m, pituus, keih\u00e4s<br>Sukkulaviesti 16x60m<\/pre>\n\n\n\n<p>Joukkueen yhteydenpitoa varten on perustettu whatsapp-ryhm\u00e4, jossa annetaan my\u00f6s tarkemmat ohjeet. Voit ottaa yhteytt\u00e4 my\u00f6s Tapio Rajalaan (0400 442 493) tai Sari Yli-Mannilaan (040 732 5564).<\/p>\n\n\n\n<p>Finaalin lajit ja osallistujat (vain yksi urheilija\/laji, vahvistanut&nbsp;<strong>bold<\/strong>, seura ilmoittaa joukkueen to 29.8.).<\/p>\n\n\n\n<figure class=\"wp-block-table\"><table><tbody><tr><td><\/td><td><strong>Juoksumatkat<\/strong><\/td><td><strong>Aidat\/k\u00e4vely<\/strong><\/td><td><strong>Hypyt<\/strong><\/td><td><strong>Heitot<\/strong><\/td><td><strong>Sukkula-<br>viesti<\/strong><\/td><\/tr><tr><td><strong>11v<\/strong><\/td><td>1000m<br><em>Tytt\u00f6urheilija<\/em><br>Po<em>ikaurheilija<\/em><\/td><td>60maj<br><em>Tytt\u00f6urheilija<\/em><br>Po<em>ikaurheilija<\/em><\/td><td>Pituus<br><em>Tytt\u00f6urheilija<\/em><br>Po<em>ikaurheilija<\/em><\/td><td>Keih\u00e4s<br><em>Tytt\u00f6urheilija<\/em><br>Po<em>ikaurheilija<\/em><\/td><td><em>2 tytt\u00f6\u00e4<br>2 poikaa<\/em><\/td><\/tr><tr><td><strong>13v<\/strong><\/td><td>1000m<br><em>Tytt\u00f6urheilija<\/em><br>Po<em>ikaurheilija<\/em><\/td><td>60maj<br><em>Tytt\u00f6urheilija<\/em><br>Po<em>ikaurheilija<\/em><\/td><td>Korkeus<br><em>Tytt\u00f6urheilija<\/em><br>Po<em>ikaurheilija<\/em><\/td><td>Moukari<br><em>Tytt\u00f6urheilija<\/em><br>Po<em>ikaurheilija<\/em><\/td><td><em>2 tytt\u00f6\u00e4<br>2 poikaa<\/em><\/td><\/tr><tr><td><strong>15v<\/strong><\/td><td>100m<br><em>Tytt\u00f6urheilija<\/em><br>Po<em>ikaurheilija<\/em><br>2000m<br><em>Tytt\u00f6urheilija<\/em><br>Po<em>ikaurheilija<\/em><\/td><td>1000m k\u00e4vely<br><em>Tytt\u00f6- tai <\/em><br>po<em>ikaurheilija<\/em><\/td><td>Seiv\u00e4s<br><em>Tytt\u00f6urheilija<\/em><br>Po<em>ikaurheilija<\/em><\/td><td>Kuula<br><em>Tytt\u00f6urheilija<\/em><br>Po<em>ikaurheilija<\/em><\/td><td><em>2 tytt\u00f6\u00e4<br>2 poikaa<\/em><\/td><\/tr><tr><td><strong>17v<\/strong><\/td><td>200m<br><em>Tytt\u00f6urheilija<\/em><br>Po<em>ikaurheilija<\/em><\/td><td><\/td><td>Pituus<br><em>Tytt\u00f6urheilija<\/em><br>Po<em>ikaurheilija<\/em><\/td><td>Kuula<br><em>Tytt\u00f6urheilija<\/em><br>Po<em>ikaurheilija<\/em><\/td><td><em>2 tytt\u00f6\u00e4<br>2 poikaa<\/em><\/td><\/tr><\/tbody><\/table><\/figure>\n\n\n\n<p><\/p>\n","protected":false},"excerpt":{"rendered":"<p>Alaj\u00e4rven Ankkurit osallistuu j\u00e4lleen Pohjola Seuracupiin (valtakunnalliset sivut) tavoitteena p\u00e4\u00e4st\u00e4 pienimpien seurojen A-sarjan finaaliin, jonka j\u00e4rjest\u00e4\u00e4 la 29.8.2026 Veikkolan Veikot (Kirkkonummi) Uudellamaalla. Finaaliin l\u00e4htij\u00f6it\u00e4 odottaa kisap\u00e4iv\u00e4n j\u00e4lkeen p\u00e4\u00e4sy Helsingin Olympiastadionille kannustamaan Suomen maajoukkuetta Ruotsi-otteluun! Seuracupissa yleisurheiluseurat kilpailevat kesken\u00e4\u00e4n joukkueina ja finaaliin p\u00e4\u00e4st\u00e4kseen Ankkureiden tulee ker\u00e4t\u00e4 riitt\u00e4v\u00e4sti pisteit\u00e4 kahdessa Etel\u00e4-Pohjanmaalla j\u00e4rjestett\u00e4v\u00e4ss\u00e4 piirikisassa (jokaisen lajin tulos antaa &hellip; <\/p>\n<p class=\"link-more\"><a href=\"https:\/\/www.alajarvenankkurit.fi\/yleisurheilu\/kilpailutoiminta\/seuracup\/seuracup-2026\/\" class=\"more-link\">Jatka lukemista<span class=\"screen-reader-text\"> &#8221;Seuracup 2026&#8221;<\/span><\/a><\/p>\n","protected":false},"author":5,"featured_media":0,"parent":446,"menu_order":-2,"comment_status":"closed","ping_status":"closed","template":"","meta":{"footnotes":""},"class_list":["post-8297","page","type-page","status-publish","hentry"],"_links":{"self":[{"href":"https:\/\/www.alajarvenankkurit.fi\/yleisurheilu\/wp-json\/wp\/v2\/pages\/8297","targetHints":{"allow":["GET"]}}],"collection":[{"href":"https:\/\/www.alajarvenankkurit.fi\/yleisurheilu\/wp-json\/wp\/v2\/pages"}],"about":[{"href":"https:\/\/www.alajarvenankkurit.fi\/yleisurheilu\/wp-json\/wp\/v2\/types\/page"}],"author":[{"embeddable":true,"href":"https:\/\/www.alajarvenankkurit.fi\/yleisurheilu\/wp-json\/wp\/v2\/users\/5"}],"replies":[{"embeddable":true,"href":"https:\/\/www.alajarvenankkurit.fi\/yleisurheilu\/wp-json\/wp\/v2\/comments?post=8297"}],"version-history":[{"count":3,"href":"https:\/\/www.alajarvenankkurit.fi\/yleisurheilu\/wp-json\/wp\/v2\/pages\/8297\/revisions"}],"predecessor-version":[{"id":8303,"href":"https:\/\/www.alajarvenankkurit.fi\/yleisurheilu\/wp-json\/wp\/v2\/pages\/8297\/revisions\/8303"}],"up":[{"embeddable":true,"href":"https:\/\/www.alajarvenankkurit.fi\/yleisurheilu\/wp-json\/wp\/v2\/pages\/446"}],"wp:attachment":[{"href":"https:\/\/www.alajarvenankkurit.fi\/yleisurheilu\/wp-json\/wp\/v2\/media?parent=8297"}],"curies":[{"name":"wp","href":"https:\/\/api.w.org\/{rel}","templated":true}]}}