{"id":786,"date":"2020-07-06T21:31:00","date_gmt":"2020-07-06T18:31:00","guid":{"rendered":"https:\/\/www.alajarvenankkurit.fi\/yleisurheilu\/?page_id=786"},"modified":"2026-04-11T20:18:46","modified_gmt":"2026-04-11T17:18:46","slug":"viikkokisat","status":"publish","type":"page","link":"https:\/\/www.alajarvenankkurit.fi\/yleisurheilu\/kilpailutoiminta\/viikkokisat\/","title":{"rendered":"Viikkokisat"},"content":{"rendered":"\n<h2 class=\"wp-block-heading\"><strong>Tervetuloa j\u00e4lleen viikkokisoihin!<\/strong><\/h2>\n\n\n\n<p>Kes\u00e4ll\u00e4 2026 j\u00e4rjestet\u00e4\u00e4n edellisten vuosien tapaan 5-13 vuotiaille nelj\u00e4t viikkokisat (maanantaisin 22.6., 29.6., 13.7. ja 20.7), harjoitellaan kilpailemista ihan oikeilla yleisurheilulajeilla juosten, hyppien ja heitt\u00e4en.<\/p>\n\n\n\n<p>Kiitos kaikille reippaille kilpailijoille ja huoltajille! Toivottavasti n\u00e4hd\u00e4\u00e4n taas kes\u00e4ll\u00e4 2022 Ankkurikent\u00e4ll\u00e4 viikkokisojen merkeiss\u00e4! <\/p>\n\n\n\n<p>Kisat alkavat aina klo 18 Ankkurikent\u00e4ll\u00e4. <strong>Ilmoittaudu etuk\u00e4teen<\/strong> ilmoittamalla <strong>nimi, syntym\u00e4vuosi ja laji\/lajit<\/strong> s\u00e4hk\u00f6postilla: yleisurheilu@alajarvenankkurit.fi tai whatsapp- tai tekstiviestill\u00e4: (+358407325564, Sari Yli-Mannila) . T\u00e4ll\u00f6in voit saapua suoraan suorituspaikalle (ohjeellinen aikataulu alla). Halutessasi voi saapua ilmoittautumaan my\u00f6s kent\u00e4lle viimeist\u00e4\u00e4n klo 17.45. Lopullinen aikataulu muotoutuu osallistujien m\u00e4\u00e4r\u00e4n mukaan. <strong>Huom<\/strong> <strong>vanhemmat\/huoltajat! <\/strong>Teit\u00e4 tarvitaan my\u00f6s toimitsijoiksi, jotta saadaan viety\u00e4 kisat sujuvasti l\u00e4pi. <\/p>\n\n\n\n<p>5-vuotiaille jaetaan palkinnot heti juoksujen j\u00e4lkeen. Muiden ik\u00e4ryhmien kahden lajin sijoituspisteet lasketaan yhteen ja palkinnot jaetaan yhteistuloksen perusteella suoritusten ja pisteiden laskun j\u00e4lkeen. Kaikki palkitaan! Kannustamme osallistumaan molempiin lajeihin, mutta mukaan p\u00e4\u00e4see my\u00f6s yhdell\u00e4 lajilla. Tulokset tulevat n\u00e4ille nettisivuille (https:\/\/www.alajarvenankkurit.fi\/yleisurheilu\/category\/tuloksia\/2026\/viikkokisat\/) mahdollisimman pian kilpailun j\u00e4lkeen.<\/p>\n\n\n\n<p><strong>Viikkokisa-CUP<\/strong><br>Jokaisessa viikkokisassa jaetaan kilpailijoille CUP-pisteit\u00e4 sijoituksen mukaan. Pisteit\u00e4 voi ker\u00e4t\u00e4 vain osallistumalla molempiin lajeihin (lukuunottamatta 5-vuotiaita)! Kisakauden<br>p\u00e4\u00e4tteeksi jokaisen sarjan paras palkitaan.<\/p>\n\n\n\n<p><strong>Ahkera Urheilija -diplomi<\/strong><br>Jokaiseen viikkokisaan osallistunut urheilija palkitaan viimeisen viikkokisan j\u00e4lkeen<br>Ahkera Urheilija -diplomilla.<\/p>\n\n\n\n<p>Korona-ajan suosituksia noudattaen toimimme viime kes\u00e4n tapaan ja pid\u00e4mme riitt\u00e4v\u00e4sti et\u00e4isyyksi\u00e4, muutamia vanhempia tarvitsemme toimitsijoiksi ja muut mahdollisuuksien mukaan katsomon puolella. 5-vuotiaille jaetaan osallistumismitalit heti juoksujen j\u00e4lkeen. Muiden ik\u00e4ryhmien kahden lajin sijoituspisteet lasketaan yhteen ja palkinnot jaetaan yhteistuloksen perusteella suoritusten ja pisteiden laskun j\u00e4lkeen. Kannustamme osallistumaan molempiin lajeihin, mutta mukaan p\u00e4\u00e4see my\u00f6s yhdell\u00e4 lajilla. Tulokset julkaistaan etusivulla mahdollisimman pian kilpailun j\u00e4lkeen.  Lis\u00e4ksi kaikkien viikkokisojen tulokset, tarinat ja kuvat <strong><a data-type=\"URL\" data-id=\"https:\/\/www.alajarvenankkurit.fi\/yleisurheilu\/category\/tuloksia\/2021\/viikkokisat-2021\/\" href=\"https:\/\/www.alajarvenankkurit.fi\/yleisurheilu\/category\/tuloksia\/2021\/viikkokisat-2021\/\">tallennetaan t\u00e4nne!<\/a><\/strong><\/p>\n\n\n\n<p><strong>Viikkokisoihin et tarvitse yleisurheilulisenssi\u00e4 tai edes lajiosaamista!<\/strong> Tarvittaessa yleisurheilujaoston j\u00e4senet tai yu-kouluohjaajat neuvovat kuinka laji suoritetaan. Mukaan tarvitset vain reippaan ja iloisen mielen! <\/p>\n\n\n\n<p><strong>Sarjat:<\/strong><\/p>\n\n\n\n<ul class=\"wp-block-list\">\n<li>TP5: v. 2021 tai my\u00f6hemmin syntyneet<\/li>\n\n\n\n<li>TP7: v. 2020 ja 2019 syntyneet<\/li>\n\n\n\n<li>TP9: v. 2018 ja 2017 syntyneet<\/li>\n\n\n\n<li>TP11: v. 2016 ja 2015 syntyneet<\/li>\n\n\n\n<li>TP13: v. 2014 ja 2013 syntyneet<\/li>\n<\/ul>\n\n\n\n<p>Viikkokisojen toimitsijoiksi pyydet\u00e4\u00e4n yu-jaostoa ja lasten vanhempia! Lis\u00e4tietoja Sari Yli-Mannila p. 040 732 5564.<\/p>\n\n\n\n<pre class=\"wp-block-verse\"><strong>22.6.2026 Lajit ja ohjeellinen aikataulu<\/strong>:<br>PT13: 60m (klo 18.40), korkeus (klo 18.00)<br>PT11: 60m (klo 18.30), kuula (klo 18.00)<br>PT9: 60m (klo 18.20), pituus (klo 18.45)<br>PT7: 40m (klo 18.10), pituus (klo 18.20)<br>PT5: 40m (klo 18.00)<br><br><strong>29.6.2026 Lajit ja ohjeellinen aikataulu<\/strong>:<br>PT13: 150m (klo 18.40), kuula (klo 18.10)<br>PT11: 150m (klo 18.30), pituus (klo 18.00)<br>PT9: 150m (klo 18.20), kuula (klo 18.30)<br>PT7: 40m (klo 18.10), pituus (klo 18.20)<br>PT5: 40m (klo 18.00)<br><br>13<strong>.7.2026 Lajit ja ohjeellinen aikataulu: <\/strong><br>PT13: 60m (klo 18.40), pituus (klo 18.10) <br>PT11: 60m (klo 18.30), korkeus (klo 18.40)<br>PT9: 60m (klo 18.20), junnukeih\u00e4s (klo 18.30)<br>PT7: 60m (klo 18.10), pallo (klo 18.15)<br>PT5: 40m (klo 18.00) <br><br><strong>20.7.2026 Lajit ja ohjeellinen aikataulu<\/strong>:<br>PT13: 60m (klo 18.40), keih\u00e4s (klo 18.15)<br>PT11: 60m (klo 18.30), keih\u00e4s (klo 18.00)<br>PT9: 40m (klo 18.20), pituus (klo 18.40)<br>PT7: 40m (klo 18.10), pituus (klo 18.15)<br>PT5: 40m (klo 18.00)<\/pre>\n\n\n\n<figure class=\"wp-block-gallery has-nested-images columns-default is-cropped wp-block-gallery-1 is-layout-flex wp-block-gallery-is-layout-flex\">\n<figure class=\"wp-block-image size-large\"><img loading=\"lazy\" decoding=\"async\" width=\"720\" height=\"960\" data-id=\"1237\" src=\"https:\/\/www.alajarvenankkurit.fi\/yleisurheilu\/wp-content\/uploads\/sites\/2\/2020\/06\/Viikkokisat_kentt\u00e4.jpg\" alt=\"\" class=\"wp-image-1237\" srcset=\"https:\/\/www.alajarvenankkurit.fi\/yleisurheilu\/wp-content\/uploads\/sites\/2\/2020\/06\/Viikkokisat_kentt\u00e4.jpg 720w, https:\/\/www.alajarvenankkurit.fi\/yleisurheilu\/wp-content\/uploads\/sites\/2\/2020\/06\/Viikkokisat_kentt\u00e4-225x300.jpg 225w\" sizes=\"auto, (max-width: 720px) 100vw, 720px\" \/><\/figure>\n\n\n\n<figure class=\"wp-block-image size-large\"><img loading=\"lazy\" decoding=\"async\" width=\"768\" height=\"1024\" data-id=\"3797\" src=\"https:\/\/www.alajarvenankkurit.fi\/yleisurheilu\/wp-content\/uploads\/sites\/2\/2022\/05\/WhatsApp-Image-2021-07-05-at-20.49.19.jpeg\" alt=\"\" class=\"wp-image-3797\" srcset=\"https:\/\/www.alajarvenankkurit.fi\/yleisurheilu\/wp-content\/uploads\/sites\/2\/2022\/05\/WhatsApp-Image-2021-07-05-at-20.49.19.jpeg 768w, https:\/\/www.alajarvenankkurit.fi\/yleisurheilu\/wp-content\/uploads\/sites\/2\/2022\/05\/WhatsApp-Image-2021-07-05-at-20.49.19-225x300.jpeg 225w\" sizes=\"auto, (max-width: 767px) 89vw, (max-width: 1000px) 54vw, (max-width: 1071px) 543px, 580px\" \/><\/figure>\n<\/figure>\n\n\n\n<figure class=\"wp-block-image size-full\"><img loading=\"lazy\" decoding=\"async\" width=\"2000\" height=\"1500\" src=\"https:\/\/www.alajarvenankkurit.fi\/yleisurheilu\/wp-content\/uploads\/sites\/2\/2025\/06\/Viikkokisat_30062025.jpg\" alt=\"\" class=\"wp-image-7683\" srcset=\"https:\/\/www.alajarvenankkurit.fi\/yleisurheilu\/wp-content\/uploads\/sites\/2\/2025\/06\/Viikkokisat_30062025.jpg 2000w, https:\/\/www.alajarvenankkurit.fi\/yleisurheilu\/wp-content\/uploads\/sites\/2\/2025\/06\/Viikkokisat_30062025-300x225.jpg 300w, https:\/\/www.alajarvenankkurit.fi\/yleisurheilu\/wp-content\/uploads\/sites\/2\/2025\/06\/Viikkokisat_30062025-768x576.jpg 768w, https:\/\/www.alajarvenankkurit.fi\/yleisurheilu\/wp-content\/uploads\/sites\/2\/2025\/06\/Viikkokisat_30062025-1536x1152.jpg 1536w\" sizes=\"auto, (max-width: 767px) 89vw, (max-width: 1000px) 54vw, (max-width: 1071px) 543px, 580px\" \/><\/figure>\n","protected":false},"excerpt":{"rendered":"<p>Tervetuloa j\u00e4lleen viikkokisoihin! Kes\u00e4ll\u00e4 2026 j\u00e4rjestet\u00e4\u00e4n edellisten vuosien tapaan 5-13 vuotiaille nelj\u00e4t viikkokisat (maanantaisin 22.6., 29.6., 13.7. ja 20.7), harjoitellaan kilpailemista ihan oikeilla yleisurheilulajeilla juosten, hyppien ja heitt\u00e4en. Kiitos kaikille reippaille kilpailijoille ja huoltajille! Toivottavasti n\u00e4hd\u00e4\u00e4n taas kes\u00e4ll\u00e4 2022 Ankkurikent\u00e4ll\u00e4 viikkokisojen merkeiss\u00e4! Kisat alkavat aina klo 18 Ankkurikent\u00e4ll\u00e4. Ilmoittaudu etuk\u00e4teen ilmoittamalla nimi, syntym\u00e4vuosi ja laji\/lajit &hellip; <\/p>\n<p class=\"link-more\"><a href=\"https:\/\/www.alajarvenankkurit.fi\/yleisurheilu\/kilpailutoiminta\/viikkokisat\/\" class=\"more-link\">Jatka lukemista<span class=\"screen-reader-text\"> &#8221;Viikkokisat&#8221;<\/span><\/a><\/p>\n","protected":false},"author":5,"featured_media":0,"parent":495,"menu_order":3,"comment_status":"closed","ping_status":"closed","template":"","meta":{"footnotes":""},"class_list":["post-786","page","type-page","status-publish","hentry"],"_links":{"self":[{"href":"https:\/\/www.alajarvenankkurit.fi\/yleisurheilu\/wp-json\/wp\/v2\/pages\/786","targetHints":{"allow":["GET"]}}],"collection":[{"href":"https:\/\/www.alajarvenankkurit.fi\/yleisurheilu\/wp-json\/wp\/v2\/pages"}],"about":[{"href":"https:\/\/www.alajarvenankkurit.fi\/yleisurheilu\/wp-json\/wp\/v2\/types\/page"}],"author":[{"embeddable":true,"href":"https:\/\/www.alajarvenankkurit.fi\/yleisurheilu\/wp-json\/wp\/v2\/users\/5"}],"replies":[{"embeddable":true,"href":"https:\/\/www.alajarvenankkurit.fi\/yleisurheilu\/wp-json\/wp\/v2\/comments?post=786"}],"version-history":[{"count":84,"href":"https:\/\/www.alajarvenankkurit.fi\/yleisurheilu\/wp-json\/wp\/v2\/pages\/786\/revisions"}],"predecessor-version":[{"id":8264,"href":"https:\/\/www.alajarvenankkurit.fi\/yleisurheilu\/wp-json\/wp\/v2\/pages\/786\/revisions\/8264"}],"up":[{"embeddable":true,"href":"https:\/\/www.alajarvenankkurit.fi\/yleisurheilu\/wp-json\/wp\/v2\/pages\/495"}],"wp:attachment":[{"href":"https:\/\/www.alajarvenankkurit.fi\/yleisurheilu\/wp-json\/wp\/v2\/media?parent=786"}],"curies":[{"name":"wp","href":"https:\/\/api.w.org\/{rel}","templated":true}]}}