{"id":727,"date":"2021-12-11T20:23:00","date_gmt":"2021-12-11T18:23:00","guid":{"rendered":"http:\/\/212.66.193.72\/~cp4520516\/yleisurheilu\/?page_id=727"},"modified":"2021-12-11T21:41:47","modified_gmt":"2021-12-11T19:41:47","slug":"juoksukoulu","status":"publish","type":"page","link":"https:\/\/www.alajarvenankkurit.fi\/yleisurheilu\/harjoitustoiminta\/juoksukoulu\/","title":{"rendered":"Juoksukoulu"},"content":{"rendered":"\n<h3 class=\"wp-block-heading\"><strong>Juoksukoulu 2021<\/strong><\/h3>\n\n\n\n<p>Juoksukoulua j\u00e4rjestettiin nelj\u00e4n\u00e4 per\u00e4kk\u00e4isen\u00e4 lauantaina marras-joulukuussa 2021 Alaj\u00e4rven Pallohallissa. Kiitos osallistuneille ja ohjaajille, reipasta menoa!<\/p>\n\n\n\n<p>la 13.11. klo 11.30-12.30<br>la 20.11. klo 11.30-12.30<br>la 27.11. klo 11.30-12.30<br>la 4.12. klo 11.30-12.30<\/p>\n\n\n\n<p>Juoksukoulu on ilmainen ja avoin kaikille 9-15 -vuotiaille (ilmoittautumisaika on jo loppunut).<\/p>\n\n\n\n<p><a href=\"https:\/\/www.alajarvenankkurit.fi\/yleisurheilu\/ilmoittautuminen-juoksukouluun\/\" data-type=\"page\" data-id=\"2888\">ILMOITTAUTUMISLOMAKE T\u00c4\u00c4LL\u00c4<\/a><\/p>\n\n\n\n<figure class=\"wp-block-gallery columns-2 wp-block-gallery-1 is-layout-flex wp-block-gallery-is-layout-flex\"><ul class=\"blocks-gallery-grid\"><li class=\"blocks-gallery-item\"><figure><img loading=\"lazy\" decoding=\"async\" width=\"1819\" height=\"885\" src=\"https:\/\/www.alajarvenankkurit.fi\/yleisurheilu\/wp-content\/uploads\/sites\/2\/2021\/12\/Juoksukoulu_20211113_2.jpg\" alt=\"\" data-id=\"3068\" data-link=\"https:\/\/www.alajarvenankkurit.fi\/yleisurheilu\/harjoitustoiminta\/juoksukoulu\/attachment\/juoksukoulu_20211113_2\/\" class=\"wp-image-3068\" srcset=\"https:\/\/www.alajarvenankkurit.fi\/yleisurheilu\/wp-content\/uploads\/sites\/2\/2021\/12\/Juoksukoulu_20211113_2.jpg 1819w, https:\/\/www.alajarvenankkurit.fi\/yleisurheilu\/wp-content\/uploads\/sites\/2\/2021\/12\/Juoksukoulu_20211113_2-300x146.jpg 300w, https:\/\/www.alajarvenankkurit.fi\/yleisurheilu\/wp-content\/uploads\/sites\/2\/2021\/12\/Juoksukoulu_20211113_2-768x374.jpg 768w, https:\/\/www.alajarvenankkurit.fi\/yleisurheilu\/wp-content\/uploads\/sites\/2\/2021\/12\/Juoksukoulu_20211113_2-1536x747.jpg 1536w\" sizes=\"auto, (max-width: 767px) 89vw, (max-width: 1000px) 54vw, (max-width: 1071px) 543px, 580px\" \/><\/figure><\/li><li class=\"blocks-gallery-item\"><figure><img loading=\"lazy\" decoding=\"async\" width=\"1891\" height=\"859\" src=\"https:\/\/www.alajarvenankkurit.fi\/yleisurheilu\/wp-content\/uploads\/sites\/2\/2021\/12\/Juoksukoulu_20211113_1-1.jpg\" alt=\"\" data-id=\"3071\" data-full-url=\"https:\/\/www.alajarvenankkurit.fi\/yleisurheilu\/wp-content\/uploads\/sites\/2\/2021\/12\/Juoksukoulu_20211113_1-1.jpg\" data-link=\"https:\/\/www.alajarvenankkurit.fi\/yleisurheilu\/harjoitustoiminta\/juoksukoulu\/attachment\/juoksukoulu_20211113_1-1\/\" class=\"wp-image-3071\" srcset=\"https:\/\/www.alajarvenankkurit.fi\/yleisurheilu\/wp-content\/uploads\/sites\/2\/2021\/12\/Juoksukoulu_20211113_1-1.jpg 1891w, https:\/\/www.alajarvenankkurit.fi\/yleisurheilu\/wp-content\/uploads\/sites\/2\/2021\/12\/Juoksukoulu_20211113_1-1-300x136.jpg 300w, https:\/\/www.alajarvenankkurit.fi\/yleisurheilu\/wp-content\/uploads\/sites\/2\/2021\/12\/Juoksukoulu_20211113_1-1-768x349.jpg 768w, https:\/\/www.alajarvenankkurit.fi\/yleisurheilu\/wp-content\/uploads\/sites\/2\/2021\/12\/Juoksukoulu_20211113_1-1-1536x698.jpg 1536w\" sizes=\"auto, (max-width: 767px) 89vw, (max-width: 1000px) 54vw, (max-width: 1071px) 543px, 580px\" \/><\/figure><\/li><\/ul><\/figure>\n\n\n\n<figure class=\"wp-block-gallery columns-3 is-cropped wp-block-gallery-2 is-layout-flex wp-block-gallery-is-layout-flex\"><ul class=\"blocks-gallery-grid\"><li class=\"blocks-gallery-item\"><figure><img loading=\"lazy\" decoding=\"async\" width=\"600\" height=\"600\" src=\"http:\/\/212.66.193.72\/~cp4520516\/yleisurheilu\/wp-content\/uploads\/sites\/2\/2019\/10\/MG_6328_pieni.jpeg\" alt=\"\" data-id=\"655\" data-link=\"http:\/\/212.66.193.72\/~cp4520516\/yleisurheilu\/harjoitustoiminta\/juoksukoulu\/attachment\/_mg_6328_pieni\/\" class=\"wp-image-655\" srcset=\"https:\/\/www.alajarvenankkurit.fi\/yleisurheilu\/wp-content\/uploads\/sites\/2\/2019\/10\/MG_6328_pieni.jpeg 600w, https:\/\/www.alajarvenankkurit.fi\/yleisurheilu\/wp-content\/uploads\/sites\/2\/2019\/10\/MG_6328_pieni-150x150.jpeg 150w, https:\/\/www.alajarvenankkurit.fi\/yleisurheilu\/wp-content\/uploads\/sites\/2\/2019\/10\/MG_6328_pieni-300x300.jpeg 300w, https:\/\/www.alajarvenankkurit.fi\/yleisurheilu\/wp-content\/uploads\/sites\/2\/2019\/10\/MG_6328_pieni-100x100.jpeg 100w\" sizes=\"auto, (max-width: 600px) 100vw, 600px\" \/><\/figure><\/li><li class=\"blocks-gallery-item\"><figure><img loading=\"lazy\" decoding=\"async\" width=\"600\" height=\"600\" src=\"http:\/\/212.66.193.72\/~cp4520516\/yleisurheilu\/wp-content\/uploads\/sites\/2\/2019\/10\/MG_6471_pieni.jpeg\" alt=\"\" data-id=\"656\" data-link=\"http:\/\/212.66.193.72\/~cp4520516\/yleisurheilu\/harjoitustoiminta\/juoksukoulu\/attachment\/_mg_6471_pieni\/\" class=\"wp-image-656\" srcset=\"https:\/\/www.alajarvenankkurit.fi\/yleisurheilu\/wp-content\/uploads\/sites\/2\/2019\/10\/MG_6471_pieni.jpeg 600w, https:\/\/www.alajarvenankkurit.fi\/yleisurheilu\/wp-content\/uploads\/sites\/2\/2019\/10\/MG_6471_pieni-150x150.jpeg 150w, https:\/\/www.alajarvenankkurit.fi\/yleisurheilu\/wp-content\/uploads\/sites\/2\/2019\/10\/MG_6471_pieni-300x300.jpeg 300w, https:\/\/www.alajarvenankkurit.fi\/yleisurheilu\/wp-content\/uploads\/sites\/2\/2019\/10\/MG_6471_pieni-100x100.jpeg 100w\" sizes=\"auto, (max-width: 600px) 100vw, 600px\" \/><\/figure><\/li><li class=\"blocks-gallery-item\"><figure><img loading=\"lazy\" decoding=\"async\" width=\"600\" height=\"600\" src=\"http:\/\/212.66.193.72\/~cp4520516\/yleisurheilu\/wp-content\/uploads\/sites\/2\/2019\/10\/MG_6374_pieni.jpeg\" alt=\"\" data-id=\"657\" data-link=\"http:\/\/212.66.193.72\/~cp4520516\/yleisurheilu\/harjoitustoiminta\/juoksukoulu\/attachment\/_mg_6374_pieni\/\" class=\"wp-image-657\" srcset=\"https:\/\/www.alajarvenankkurit.fi\/yleisurheilu\/wp-content\/uploads\/sites\/2\/2019\/10\/MG_6374_pieni.jpeg 600w, https:\/\/www.alajarvenankkurit.fi\/yleisurheilu\/wp-content\/uploads\/sites\/2\/2019\/10\/MG_6374_pieni-150x150.jpeg 150w, https:\/\/www.alajarvenankkurit.fi\/yleisurheilu\/wp-content\/uploads\/sites\/2\/2019\/10\/MG_6374_pieni-300x300.jpeg 300w, https:\/\/www.alajarvenankkurit.fi\/yleisurheilu\/wp-content\/uploads\/sites\/2\/2019\/10\/MG_6374_pieni-100x100.jpeg 100w\" sizes=\"auto, (max-width: 600px) 100vw, 600px\" \/><\/figure><\/li><li class=\"blocks-gallery-item\"><figure><img loading=\"lazy\" decoding=\"async\" width=\"800\" height=\"534\" src=\"http:\/\/212.66.193.72\/~cp4520516\/yleisurheilu\/wp-content\/uploads\/sites\/2\/2019\/10\/MG_6460_pieni.jpeg\" alt=\"\" data-id=\"658\" data-link=\"http:\/\/212.66.193.72\/~cp4520516\/yleisurheilu\/harjoitustoiminta\/juoksukoulu\/attachment\/_mg_6460_pieni\/\" class=\"wp-image-658\" srcset=\"https:\/\/www.alajarvenankkurit.fi\/yleisurheilu\/wp-content\/uploads\/sites\/2\/2019\/10\/MG_6460_pieni.jpeg 800w, https:\/\/www.alajarvenankkurit.fi\/yleisurheilu\/wp-content\/uploads\/sites\/2\/2019\/10\/MG_6460_pieni-300x200.jpeg 300w, https:\/\/www.alajarvenankkurit.fi\/yleisurheilu\/wp-content\/uploads\/sites\/2\/2019\/10\/MG_6460_pieni-768x513.jpeg 768w\" sizes=\"auto, (max-width: 767px) 89vw, (max-width: 1000px) 54vw, (max-width: 1071px) 543px, 580px\" \/><\/figure><\/li><\/ul><\/figure>\n","protected":false},"excerpt":{"rendered":"<p>Juoksukoulu 2021 Juoksukoulua j\u00e4rjestettiin nelj\u00e4n\u00e4 per\u00e4kk\u00e4isen\u00e4 lauantaina marras-joulukuussa 2021 Alaj\u00e4rven Pallohallissa. Kiitos osallistuneille ja ohjaajille, reipasta menoa! la 13.11. klo 11.30-12.30la 20.11. klo 11.30-12.30la 27.11. klo 11.30-12.30la 4.12. klo 11.30-12.30 Juoksukoulu on ilmainen ja avoin kaikille 9-15 -vuotiaille (ilmoittautumisaika on jo loppunut). ILMOITTAUTUMISLOMAKE T\u00c4\u00c4LL\u00c4<\/p>\n","protected":false},"author":5,"featured_media":0,"parent":500,"menu_order":3,"comment_status":"closed","ping_status":"closed","template":"","meta":{"footnotes":""},"class_list":["post-727","page","type-page","status-publish","hentry"],"_links":{"self":[{"href":"https:\/\/www.alajarvenankkurit.fi\/yleisurheilu\/wp-json\/wp\/v2\/pages\/727","targetHints":{"allow":["GET"]}}],"collection":[{"href":"https:\/\/www.alajarvenankkurit.fi\/yleisurheilu\/wp-json\/wp\/v2\/pages"}],"about":[{"href":"https:\/\/www.alajarvenankkurit.fi\/yleisurheilu\/wp-json\/wp\/v2\/types\/page"}],"author":[{"embeddable":true,"href":"https:\/\/www.alajarvenankkurit.fi\/yleisurheilu\/wp-json\/wp\/v2\/users\/5"}],"replies":[{"embeddable":true,"href":"https:\/\/www.alajarvenankkurit.fi\/yleisurheilu\/wp-json\/wp\/v2\/comments?post=727"}],"version-history":[{"count":17,"href":"https:\/\/www.alajarvenankkurit.fi\/yleisurheilu\/wp-json\/wp\/v2\/pages\/727\/revisions"}],"predecessor-version":[{"id":3073,"href":"https:\/\/www.alajarvenankkurit.fi\/yleisurheilu\/wp-json\/wp\/v2\/pages\/727\/revisions\/3073"}],"up":[{"embeddable":true,"href":"https:\/\/www.alajarvenankkurit.fi\/yleisurheilu\/wp-json\/wp\/v2\/pages\/500"}],"wp:attachment":[{"href":"https:\/\/www.alajarvenankkurit.fi\/yleisurheilu\/wp-json\/wp\/v2\/media?parent=727"}],"curies":[{"name":"wp","href":"https:\/\/api.w.org\/{rel}","templated":true}]}}