{"id":626,"date":"2019-10-15T04:22:03","date_gmt":"2019-10-15T01:22:03","guid":{"rendered":"http:\/\/212.66.193.72\/~cp4520516\/yleisurheilu\/?page_id=626"},"modified":"2019-10-15T04:22:03","modified_gmt":"2019-10-15T01:22:03","slug":"2012-2","status":"publish","type":"page","link":"https:\/\/www.alajarvenankkurit.fi\/yleisurheilu\/kunniakierros\/2012-2\/","title":{"rendered":"2012"},"content":{"rendered":"\n<p>\n\nKunniakierroksen bruttotuotto oli v. 2012 per\u00e4ti 6650 euroa, joka on uusi seuraenn\u00e4tys. Tomi Jokela juoksija ja Reijo Virtanen sek\u00e4 Hannu Huttula ker\u00e4\u00e4jin\u00e4 tekiv\u00e4t uuden hk. ker\u00e4\u00e4j\u00e4n enn\u00e4tyksen. Jaosto kiitt\u00e4\u00e4 ja kumartaa kaikkia mukana olleita.\n\n<\/p>\n","protected":false},"excerpt":{"rendered":"<p>Kunniakierroksen bruttotuotto oli v. 2012 per\u00e4ti 6650 euroa, joka on uusi seuraenn\u00e4tys. Tomi Jokela juoksija ja Reijo Virtanen sek\u00e4 Hannu Huttula ker\u00e4\u00e4jin\u00e4 tekiv\u00e4t uuden hk. ker\u00e4\u00e4j\u00e4n enn\u00e4tyksen. Jaosto kiitt\u00e4\u00e4 ja kumartaa kaikkia mukana olleita.<\/p>\n","protected":false},"author":1,"featured_media":0,"parent":478,"menu_order":0,"comment_status":"closed","ping_status":"closed","template":"","meta":{"footnotes":""},"class_list":["post-626","page","type-page","status-publish","hentry"],"_links":{"self":[{"href":"https:\/\/www.alajarvenankkurit.fi\/yleisurheilu\/wp-json\/wp\/v2\/pages\/626","targetHints":{"allow":["GET"]}}],"collection":[{"href":"https:\/\/www.alajarvenankkurit.fi\/yleisurheilu\/wp-json\/wp\/v2\/pages"}],"about":[{"href":"https:\/\/www.alajarvenankkurit.fi\/yleisurheilu\/wp-json\/wp\/v2\/types\/page"}],"author":[{"embeddable":true,"href":"https:\/\/www.alajarvenankkurit.fi\/yleisurheilu\/wp-json\/wp\/v2\/users\/1"}],"replies":[{"embeddable":true,"href":"https:\/\/www.alajarvenankkurit.fi\/yleisurheilu\/wp-json\/wp\/v2\/comments?post=626"}],"version-history":[{"count":1,"href":"https:\/\/www.alajarvenankkurit.fi\/yleisurheilu\/wp-json\/wp\/v2\/pages\/626\/revisions"}],"predecessor-version":[{"id":627,"href":"https:\/\/www.alajarvenankkurit.fi\/yleisurheilu\/wp-json\/wp\/v2\/pages\/626\/revisions\/627"}],"up":[{"embeddable":true,"href":"https:\/\/www.alajarvenankkurit.fi\/yleisurheilu\/wp-json\/wp\/v2\/pages\/478"}],"wp:attachment":[{"href":"https:\/\/www.alajarvenankkurit.fi\/yleisurheilu\/wp-json\/wp\/v2\/media?parent=626"}],"curies":[{"name":"wp","href":"https:\/\/api.w.org\/{rel}","templated":true}]}}