{"id":614,"date":"2019-10-15T04:20:08","date_gmt":"2019-10-15T01:20:08","guid":{"rendered":"http:\/\/212.66.193.72\/~cp4520516\/yleisurheilu\/?page_id=614"},"modified":"2019-10-15T04:22:20","modified_gmt":"2019-10-15T01:22:20","slug":"2013-2","status":"publish","type":"page","link":"https:\/\/www.alajarvenankkurit.fi\/yleisurheilu\/kunniakierros\/2013-2\/","title":{"rendered":"2013"},"content":{"rendered":"\n<h2 class=\"wp-block-heading\"> Kunniakierroksen tulos 6700 euroa <\/h2>\n\n\n\n<p>\n\nKunniakierros onnistui hienosti. Tulos on uusi seuraenn\u00e4tys. Reijo Virtasen henkil\u00f6kohtainen tulos 3775 euroa on uusi ker\u00e4ysenn\u00e4tys. My\u00f6s nuoret tekiv\u00e4t kovia tuloksia; Sampo Sepp\u00e4 (16v.) 980 e ja Heidi Marjom\u00e4ki (13v.) 620 e. Yleisurheilujaosto kiitt\u00e4\u00e4 kaikkia mukana olleita ja kaikkia tukijoita.\n\n<\/p>\n\n\n\n<ul class=\"wp-block-gallery columns-3 is-cropped wp-block-gallery-1 is-layout-flex wp-block-gallery-is-layout-flex\"><li class=\"blocks-gallery-item\"><figure><a href=\"http:\/\/212.66.193.72\/~cp4520516\/yleisurheilu\/wp-content\/uploads\/sites\/2\/2019\/10\/CSC_00972.jpeg\"><img loading=\"lazy\" decoding=\"async\" width=\"800\" height=\"600\" src=\"http:\/\/212.66.193.72\/~cp4520516\/yleisurheilu\/wp-content\/uploads\/sites\/2\/2019\/10\/CSC_00972.jpeg\" alt=\"\" data-id=\"615\" data-link=\"http:\/\/212.66.193.72\/~cp4520516\/yleisurheilu\/?attachment_id=615\" class=\"wp-image-615\" srcset=\"https:\/\/www.alajarvenankkurit.fi\/yleisurheilu\/wp-content\/uploads\/sites\/2\/2019\/10\/CSC_00972.jpeg 800w, https:\/\/www.alajarvenankkurit.fi\/yleisurheilu\/wp-content\/uploads\/sites\/2\/2019\/10\/CSC_00972-300x225.jpeg 300w, https:\/\/www.alajarvenankkurit.fi\/yleisurheilu\/wp-content\/uploads\/sites\/2\/2019\/10\/CSC_00972-768x576.jpeg 768w\" sizes=\"auto, (max-width: 767px) 89vw, (max-width: 1000px) 54vw, (max-width: 1071px) 543px, 580px\" \/><\/a><\/figure><\/li><li class=\"blocks-gallery-item\"><figure><a href=\"http:\/\/212.66.193.72\/~cp4520516\/yleisurheilu\/wp-content\/uploads\/sites\/2\/2019\/10\/CSC_00991.jpeg\"><img loading=\"lazy\" decoding=\"async\" width=\"800\" height=\"600\" src=\"http:\/\/212.66.193.72\/~cp4520516\/yleisurheilu\/wp-content\/uploads\/sites\/2\/2019\/10\/CSC_00991.jpeg\" alt=\"\" data-id=\"616\" data-link=\"http:\/\/212.66.193.72\/~cp4520516\/yleisurheilu\/?attachment_id=616\" class=\"wp-image-616\" srcset=\"https:\/\/www.alajarvenankkurit.fi\/yleisurheilu\/wp-content\/uploads\/sites\/2\/2019\/10\/CSC_00991.jpeg 800w, https:\/\/www.alajarvenankkurit.fi\/yleisurheilu\/wp-content\/uploads\/sites\/2\/2019\/10\/CSC_00991-300x225.jpeg 300w, https:\/\/www.alajarvenankkurit.fi\/yleisurheilu\/wp-content\/uploads\/sites\/2\/2019\/10\/CSC_00991-768x576.jpeg 768w\" sizes=\"auto, (max-width: 767px) 89vw, (max-width: 1000px) 54vw, (max-width: 1071px) 543px, 580px\" \/><\/a><\/figure><\/li><li class=\"blocks-gallery-item\"><figure><a href=\"http:\/\/212.66.193.72\/~cp4520516\/yleisurheilu\/wp-content\/uploads\/sites\/2\/2019\/10\/CSC_01001.jpeg\"><img loading=\"lazy\" decoding=\"async\" width=\"800\" height=\"600\" src=\"http:\/\/212.66.193.72\/~cp4520516\/yleisurheilu\/wp-content\/uploads\/sites\/2\/2019\/10\/CSC_01001.jpeg\" alt=\"\" data-id=\"617\" data-link=\"http:\/\/212.66.193.72\/~cp4520516\/yleisurheilu\/?attachment_id=617\" class=\"wp-image-617\" srcset=\"https:\/\/www.alajarvenankkurit.fi\/yleisurheilu\/wp-content\/uploads\/sites\/2\/2019\/10\/CSC_01001.jpeg 800w, https:\/\/www.alajarvenankkurit.fi\/yleisurheilu\/wp-content\/uploads\/sites\/2\/2019\/10\/CSC_01001-300x225.jpeg 300w, https:\/\/www.alajarvenankkurit.fi\/yleisurheilu\/wp-content\/uploads\/sites\/2\/2019\/10\/CSC_01001-768x576.jpeg 768w\" sizes=\"auto, (max-width: 767px) 89vw, (max-width: 1000px) 54vw, (max-width: 1071px) 543px, 580px\" \/><\/a><\/figure><\/li><li class=\"blocks-gallery-item\"><figure><a href=\"http:\/\/212.66.193.72\/~cp4520516\/yleisurheilu\/wp-content\/uploads\/sites\/2\/2019\/10\/CSC_01011.jpeg\"><img loading=\"lazy\" decoding=\"async\" width=\"800\" height=\"600\" src=\"http:\/\/212.66.193.72\/~cp4520516\/yleisurheilu\/wp-content\/uploads\/sites\/2\/2019\/10\/CSC_01011.jpeg\" alt=\"\" data-id=\"618\" data-link=\"http:\/\/212.66.193.72\/~cp4520516\/yleisurheilu\/?attachment_id=618\" class=\"wp-image-618\" srcset=\"https:\/\/www.alajarvenankkurit.fi\/yleisurheilu\/wp-content\/uploads\/sites\/2\/2019\/10\/CSC_01011.jpeg 800w, https:\/\/www.alajarvenankkurit.fi\/yleisurheilu\/wp-content\/uploads\/sites\/2\/2019\/10\/CSC_01011-300x225.jpeg 300w, https:\/\/www.alajarvenankkurit.fi\/yleisurheilu\/wp-content\/uploads\/sites\/2\/2019\/10\/CSC_01011-768x576.jpeg 768w\" sizes=\"auto, (max-width: 767px) 89vw, (max-width: 1000px) 54vw, (max-width: 1071px) 543px, 580px\" \/><\/a><\/figure><\/li><li class=\"blocks-gallery-item\"><figure><a href=\"http:\/\/212.66.193.72\/~cp4520516\/yleisurheilu\/wp-content\/uploads\/sites\/2\/2019\/10\/CSC_01021.jpeg\"><img loading=\"lazy\" decoding=\"async\" width=\"800\" height=\"600\" src=\"http:\/\/212.66.193.72\/~cp4520516\/yleisurheilu\/wp-content\/uploads\/sites\/2\/2019\/10\/CSC_01021.jpeg\" alt=\"\" data-id=\"619\" data-link=\"http:\/\/212.66.193.72\/~cp4520516\/yleisurheilu\/?attachment_id=619\" class=\"wp-image-619\" srcset=\"https:\/\/www.alajarvenankkurit.fi\/yleisurheilu\/wp-content\/uploads\/sites\/2\/2019\/10\/CSC_01021.jpeg 800w, https:\/\/www.alajarvenankkurit.fi\/yleisurheilu\/wp-content\/uploads\/sites\/2\/2019\/10\/CSC_01021-300x225.jpeg 300w, https:\/\/www.alajarvenankkurit.fi\/yleisurheilu\/wp-content\/uploads\/sites\/2\/2019\/10\/CSC_01021-768x576.jpeg 768w\" sizes=\"auto, (max-width: 767px) 89vw, (max-width: 1000px) 54vw, (max-width: 1071px) 543px, 580px\" \/><\/a><\/figure><\/li><li class=\"blocks-gallery-item\"><figure><a href=\"http:\/\/212.66.193.72\/~cp4520516\/yleisurheilu\/wp-content\/uploads\/sites\/2\/2019\/10\/CSC_01032.jpeg\"><img loading=\"lazy\" decoding=\"async\" width=\"800\" height=\"600\" src=\"http:\/\/212.66.193.72\/~cp4520516\/yleisurheilu\/wp-content\/uploads\/sites\/2\/2019\/10\/CSC_01032.jpeg\" alt=\"\" data-id=\"620\" data-link=\"http:\/\/212.66.193.72\/~cp4520516\/yleisurheilu\/?attachment_id=620\" class=\"wp-image-620\" srcset=\"https:\/\/www.alajarvenankkurit.fi\/yleisurheilu\/wp-content\/uploads\/sites\/2\/2019\/10\/CSC_01032.jpeg 800w, https:\/\/www.alajarvenankkurit.fi\/yleisurheilu\/wp-content\/uploads\/sites\/2\/2019\/10\/CSC_01032-300x225.jpeg 300w, https:\/\/www.alajarvenankkurit.fi\/yleisurheilu\/wp-content\/uploads\/sites\/2\/2019\/10\/CSC_01032-768x576.jpeg 768w\" sizes=\"auto, (max-width: 767px) 89vw, (max-width: 1000px) 54vw, (max-width: 1071px) 543px, 580px\" \/><\/a><\/figure><\/li><li class=\"blocks-gallery-item\"><figure><a href=\"http:\/\/212.66.193.72\/~cp4520516\/yleisurheilu\/wp-content\/uploads\/sites\/2\/2019\/10\/CSC_01042.jpeg\"><img loading=\"lazy\" decoding=\"async\" width=\"800\" height=\"600\" src=\"http:\/\/212.66.193.72\/~cp4520516\/yleisurheilu\/wp-content\/uploads\/sites\/2\/2019\/10\/CSC_01042.jpeg\" alt=\"\" data-id=\"621\" data-link=\"http:\/\/212.66.193.72\/~cp4520516\/yleisurheilu\/?attachment_id=621\" class=\"wp-image-621\" srcset=\"https:\/\/www.alajarvenankkurit.fi\/yleisurheilu\/wp-content\/uploads\/sites\/2\/2019\/10\/CSC_01042.jpeg 800w, https:\/\/www.alajarvenankkurit.fi\/yleisurheilu\/wp-content\/uploads\/sites\/2\/2019\/10\/CSC_01042-300x225.jpeg 300w, https:\/\/www.alajarvenankkurit.fi\/yleisurheilu\/wp-content\/uploads\/sites\/2\/2019\/10\/CSC_01042-768x576.jpeg 768w\" sizes=\"auto, (max-width: 767px) 89vw, (max-width: 1000px) 54vw, (max-width: 1071px) 543px, 580px\" \/><\/a><\/figure><\/li><li class=\"blocks-gallery-item\"><figure><a href=\"http:\/\/212.66.193.72\/~cp4520516\/yleisurheilu\/wp-content\/uploads\/sites\/2\/2019\/10\/CSC_01052.jpeg\"><img loading=\"lazy\" decoding=\"async\" width=\"800\" height=\"600\" src=\"http:\/\/212.66.193.72\/~cp4520516\/yleisurheilu\/wp-content\/uploads\/sites\/2\/2019\/10\/CSC_01052.jpeg\" alt=\"\" data-id=\"622\" data-link=\"http:\/\/212.66.193.72\/~cp4520516\/yleisurheilu\/?attachment_id=622\" class=\"wp-image-622\" srcset=\"https:\/\/www.alajarvenankkurit.fi\/yleisurheilu\/wp-content\/uploads\/sites\/2\/2019\/10\/CSC_01052.jpeg 800w, https:\/\/www.alajarvenankkurit.fi\/yleisurheilu\/wp-content\/uploads\/sites\/2\/2019\/10\/CSC_01052-300x225.jpeg 300w, https:\/\/www.alajarvenankkurit.fi\/yleisurheilu\/wp-content\/uploads\/sites\/2\/2019\/10\/CSC_01052-768x576.jpeg 768w\" sizes=\"auto, (max-width: 767px) 89vw, (max-width: 1000px) 54vw, (max-width: 1071px) 543px, 580px\" \/><\/a><\/figure><\/li><li class=\"blocks-gallery-item\"><figure><a href=\"http:\/\/212.66.193.72\/~cp4520516\/yleisurheilu\/wp-content\/uploads\/sites\/2\/2019\/10\/CSC_01062.jpeg\"><img loading=\"lazy\" decoding=\"async\" width=\"800\" height=\"600\" src=\"http:\/\/212.66.193.72\/~cp4520516\/yleisurheilu\/wp-content\/uploads\/sites\/2\/2019\/10\/CSC_01062.jpeg\" alt=\"\" data-id=\"623\" data-link=\"http:\/\/212.66.193.72\/~cp4520516\/yleisurheilu\/?attachment_id=623\" class=\"wp-image-623\" srcset=\"https:\/\/www.alajarvenankkurit.fi\/yleisurheilu\/wp-content\/uploads\/sites\/2\/2019\/10\/CSC_01062.jpeg 800w, https:\/\/www.alajarvenankkurit.fi\/yleisurheilu\/wp-content\/uploads\/sites\/2\/2019\/10\/CSC_01062-300x225.jpeg 300w, https:\/\/www.alajarvenankkurit.fi\/yleisurheilu\/wp-content\/uploads\/sites\/2\/2019\/10\/CSC_01062-768x576.jpeg 768w\" sizes=\"auto, (max-width: 767px) 89vw, (max-width: 1000px) 54vw, (max-width: 1071px) 543px, 580px\" \/><\/a><\/figure><\/li><\/ul>\n","protected":false},"excerpt":{"rendered":"<p>Kunniakierroksen tulos 6700 euroa Kunniakierros onnistui hienosti. Tulos on uusi seuraenn\u00e4tys. Reijo Virtasen henkil\u00f6kohtainen tulos 3775 euroa on uusi ker\u00e4ysenn\u00e4tys. My\u00f6s nuoret tekiv\u00e4t kovia tuloksia; Sampo Sepp\u00e4 (16v.) 980 e ja Heidi Marjom\u00e4ki (13v.) 620 e. Yleisurheilujaosto kiitt\u00e4\u00e4 kaikkia mukana olleita ja kaikkia tukijoita.<\/p>\n","protected":false},"author":1,"featured_media":0,"parent":478,"menu_order":0,"comment_status":"closed","ping_status":"closed","template":"","meta":{"footnotes":""},"class_list":["post-614","page","type-page","status-publish","hentry"],"_links":{"self":[{"href":"https:\/\/www.alajarvenankkurit.fi\/yleisurheilu\/wp-json\/wp\/v2\/pages\/614","targetHints":{"allow":["GET"]}}],"collection":[{"href":"https:\/\/www.alajarvenankkurit.fi\/yleisurheilu\/wp-json\/wp\/v2\/pages"}],"about":[{"href":"https:\/\/www.alajarvenankkurit.fi\/yleisurheilu\/wp-json\/wp\/v2\/types\/page"}],"author":[{"embeddable":true,"href":"https:\/\/www.alajarvenankkurit.fi\/yleisurheilu\/wp-json\/wp\/v2\/users\/1"}],"replies":[{"embeddable":true,"href":"https:\/\/www.alajarvenankkurit.fi\/yleisurheilu\/wp-json\/wp\/v2\/comments?post=614"}],"version-history":[{"count":1,"href":"https:\/\/www.alajarvenankkurit.fi\/yleisurheilu\/wp-json\/wp\/v2\/pages\/614\/revisions"}],"predecessor-version":[{"id":624,"href":"https:\/\/www.alajarvenankkurit.fi\/yleisurheilu\/wp-json\/wp\/v2\/pages\/614\/revisions\/624"}],"up":[{"embeddable":true,"href":"https:\/\/www.alajarvenankkurit.fi\/yleisurheilu\/wp-json\/wp\/v2\/pages\/478"}],"wp:attachment":[{"href":"https:\/\/www.alajarvenankkurit.fi\/yleisurheilu\/wp-json\/wp\/v2\/media?parent=614"}],"curies":[{"name":"wp","href":"https:\/\/api.w.org\/{rel}","templated":true}]}}