{"id":6097,"date":"2024-03-03T17:17:27","date_gmt":"2024-03-03T15:17:27","guid":{"rendered":"https:\/\/www.alajarvenankkurit.fi\/yleisurheilu\/?page_id=6097"},"modified":"2024-05-27T22:49:15","modified_gmt":"2024-05-27T19:49:15","slug":"2024-2","status":"publish","type":"page","link":"https:\/\/www.alajarvenankkurit.fi\/yleisurheilu\/kunniakierros\/2024-2\/","title":{"rendered":"2024"},"content":{"rendered":"\n<h2 class=\"wp-block-heading\"><strong>Kunniakierros ma 27.5.2024 Ankkurikent\u00e4ll\u00e4!<\/strong><\/h2>\n\n\n\n<p><strong>Tervetuloa j\u00e4lleen tukemaan<\/strong> <strong>alaj\u00e4rvel\u00e4ist\u00e4 yleisurheilua!<\/strong> <\/p>\n\n\n\n<p><a href=\"https:\/\/www.alajarvenankkurit.fi\/yleisurheilu\/kunniakierros-2024-keraajat\/\">Linkki vuoden 2024 ker\u00e4\u00e4jiin<\/a> (Tukisummia voi lahjoittaa syksyyn 2024 saakka!)<\/p>\n\n\n\n<p>Kaikki ovat tervetulleita kunniakierrostapahtumaan, jossa kuntoillaan 60 minuuttia hyv\u00e4ss\u00e4 hengess\u00e4 ik\u00e4\u00e4n tai kuntoon katsomatta. Tule mukaan tukijaksi t\u00e4h\u00e4n yli jo 43 vuotta jatkuneeseen ker\u00e4ykseen tai liikkumaan itse! Samalla tapaat seuran nuoria urheilijoita, joihin ker\u00e4tty tuki kohdistuu. Osallistujien kesken arvomme my\u00f6s muutamia tuotepalkintoja!<\/p>\n\n\n\n<p>Kunniakierros on Suomen Urheiluliiton ja sen j\u00e4senseurojen yhteinen varainkeruukampanja, jonka urheiluseurat organisoivat paikallisesti. Kunniakierrosperinne on jatkunut jo yli 40 vuotta ja seurat ovat ker\u00e4nneet varoja toimintaansa reilut 33 miljoonaa euroa! Kampanjan tuotto k\u00e4ytet\u00e4\u00e4n yleisurheiluty\u00f6h\u00f6n seuroissa, piireiss\u00e4 ja SUL:ssa.<\/p>\n\n\n\n<p>Kunniakierroksen ideana on haastaa seurav\u00e4ki ker\u00e4\u00e4m\u00e4\u00e4n tukijoita yrityksilt\u00e4 tai yksityishenkil\u00f6ilt\u00e4. Ker\u00e4ys tapahtuu<a href=\"https:\/\/www.kunniakierros.fi\/_am_fileupload\/Upload\/get\/793d1489-3863-4ed4-970d-e3d98e63565e.pdf?key=AC06F4C65B553EA951A776EC12E6C2F056B93FE87FD20DDEF24EB2EBBDF4F962C3B8FF07183A067CDB7B375CE04E9E9D912B570FA8F614CE96E9761A0F27EC76A797A815B7E76CC9061E95CBCC8FC2663CD0F992046DA4A2B085614651C56DE940BCDD1767DD62DD3A42943A96684910BBE3EAE49C53EE2109452B0FAAF83C0CD95CD7C5222C7DE1695FB0BFAD59DDDF\" target=\"_blank\" rel=\"noreferrer noopener\"> ker\u00e4yslomakkeilla<\/a> tai vain ilmoittamalla osallistumisestaan&nbsp;<a href=\"http:\/\/www.alajarvenankkurit.fi\/yleisurheilu\/yhteystiedot\/\" target=\"_blank\" rel=\"noreferrer noopener\">jaoston j\u00e4senille<\/a>! Minimi tukisumma on 15 euroa ja k\u00e4teismaksuja ei saa ker\u00e4t\u00e4. Luvatuista tukisummista l\u00e4hetet\u00e4\u00e4n laskut s\u00e4hk\u00f6postitse tai paperipostina kunniakierrostapahtuman j\u00e4lkeen. Sivun alussa olevasta linkist\u00e4 p\u00e4\u00e4set listalle, jossa vuoden 2024 ker\u00e4\u00e4j\u00e4t (mukaan viel\u00e4 mahtuu!). Ker\u00e4\u00e4j\u00e4n nimest\u00e4 klikkaamalla voi helposti ilmoittautua tukijaksi! Lis\u00e4tietoja yleisurheilujaoston s\u00e4hk\u00f6postiosoitteesta (yleisurheilu@alajarvenankkurit.fi) tai suoraan&nbsp;<a href=\"http:\/\/www.alajarvenankkurit.fi\/yleisurheilu\/yhteystiedot\/\" target=\"_blank\" rel=\"noreferrer noopener\">jaoston j\u00e4senilt\u00e4<\/a>!<\/p>\n\n\n\n<p>Yli 40-vuotias <strong>Kunniakierrostapahtuma<\/strong> kokosi j\u00e4lleen reilut 20 reipasta juoksijaa\/k\u00e4velij\u00e4\u00e4 Ankkurikent\u00e4n kierroksille. Helteinen s\u00e4\u00e4 saatteli kuntoilijoita alkukierrokset, mutta tunnin reippailun lopuksi osallistujat saivat niskaansa virkist\u00e4v\u00e4n sadekuuron! Pisimm\u00e4t iltalenkit kiersiv\u00e4t t\u00e4ll\u00e4 kertaa Ankkureiden 17-18 -vuotiaat lahjakkaat urheilijat <strong>Liinu J\u00e4rvinen<\/strong>, <strong>Ilona Takala<\/strong>, <strong>Katariina Lepp\u00e4aho<\/strong> ja <strong>Sara Vuorela<\/strong>. Varsin reipasta menoa osoitti vasta 9-vuotiaissa kilpaileva <strong>Riku Vuorela<\/strong>, joka taivalsi tunnin aikana reilu 4 km matkan! Kunnon iltalenkin teki my\u00f6s monta monituista vuotta Kunniakierrokseen osallistunut <strong>Kalle Nyg\u00e5rd<\/strong>.<\/p>\n\n\n\n<p>Tapahtuman idea on ker\u00e4t\u00e4 tukijoita yrityksist\u00e4 ja yksityishenkil\u00f6ilt\u00e4 joko kerta- tai kierrosmaksuilla sek\u00e4 kuntoilla yhdess\u00e4 tunnin ajan. Ker\u00e4tyill\u00e4 varoilla tuetaan ankkurinuorten leirityksi\u00e4 ja SM-kisamatkoja ja maksetaan kilpailujen ilmoittautumismaksuja sek\u00e4 monitoimihallin ja kuntosalin k\u00e4ytt\u00f6vuoroja.  T\u00e4rkeit\u00e4 euroja saatiin t\u00e4n\u00e4 vuonna kasaan noin 3000\u20ac, josta l\u00e4hes kolmanneksen ker\u00e4si 14-vuotiaissa t\u00e4n\u00e4 vuonna kilpaileva <strong>Emma Paalij\u00e4rvi<\/strong>! Suurimman tukisumman lahjoitti j\u00e4lleen Alaj\u00e4rven Osuuspankki, mutta kolminumeroinen summa tuli my\u00f6s seuraavilta alaj\u00e4rvel\u00e4isilt\u00e4 yrityksilt\u00e4: Oma SP Alaj\u00e4rvi, Raine Iham\u00e4ki, Alaj\u00e4rven S\u00e4hk\u00f6, CLT Finland Oy, Alaj\u00e4rven Puhelinosuuskunta ja Nordautomation. T\u00e4rkeit\u00e4 lahjoituksia tekiv\u00e4t my\u00f6s Alaj\u00e4rven L\u00e4mp\u00f6 Oy, Fitfactory, Alaj\u00e4rven Apteekki, J\u00e4rvi Z Oy, Arkkitehtitoimisto Tuomela Ky, Mainostoimisto Ikonos, Kurejoen Puutarha, Terapia Messi Oy, J\u00e4rviseutu-lehti, Annelin J\u00e4senpaja, Kauneushoitola Raili Koivuluoma ja Parturi-Kampaamo &amp; Hoitola Mirja-Liisa. Yritysten lis\u00e4ksi l\u00e4hes puolet ker\u00e4tyist\u00e4 varoista oli yksityishenkil\u00f6iden lahjoituksia! <strong>Suuret kiitokset kaikille tapahtumaan osallistuneille ja ennen kaikkea tukijoille!<\/strong><\/p>\n\n\n\n<p>Valtakunnalliselta\u00a0<a href=\"https:\/\/kunniakierros.fi\/fi\/public\" target=\"_blank\" rel=\"noreferrer noopener\">www.kunniakierros.fi<\/a>\u00a0-sivulta l\u00f6ytyy lis\u00e4\u00e4 tietoa tapahtumasta ja voi seurata ker\u00e4ystilannetta.<\/p>\n\n\n\n<div class=\"wp-block-file\"><a id=\"wp-block-file--media-5e86051c-4ddc-49c7-90f0-85e27d56681c\" href=\"https:\/\/www.alajarvenankkurit.fi\/yleisurheilu\/wp-content\/uploads\/sites\/2\/2024\/03\/Kunniakierrossaannot_2024.pdf\">Kunniakierrossaannot_2024<\/a><a href=\"https:\/\/www.alajarvenankkurit.fi\/yleisurheilu\/wp-content\/uploads\/sites\/2\/2024\/03\/Kunniakierrossaannot_2024.pdf\" class=\"wp-block-file__button wp-element-button\" download aria-describedby=\"wp-block-file--media-5e86051c-4ddc-49c7-90f0-85e27d56681c\">Lataa<\/a><\/div>\n\n\n\n<figure class=\"wp-block-image size-full\"><img loading=\"lazy\" decoding=\"async\" width=\"1023\" height=\"616\" src=\"https:\/\/www.alajarvenankkurit.fi\/yleisurheilu\/wp-content\/uploads\/sites\/2\/2024\/05\/Nayttokuva-2024-05-27-223023-1.jpg\" alt=\"\" class=\"wp-image-6372\" srcset=\"https:\/\/www.alajarvenankkurit.fi\/yleisurheilu\/wp-content\/uploads\/sites\/2\/2024\/05\/Nayttokuva-2024-05-27-223023-1.jpg 1023w, https:\/\/www.alajarvenankkurit.fi\/yleisurheilu\/wp-content\/uploads\/sites\/2\/2024\/05\/Nayttokuva-2024-05-27-223023-1-300x181.jpg 300w, https:\/\/www.alajarvenankkurit.fi\/yleisurheilu\/wp-content\/uploads\/sites\/2\/2024\/05\/Nayttokuva-2024-05-27-223023-1-768x462.jpg 768w\" sizes=\"auto, (max-width: 767px) 89vw, (max-width: 1000px) 54vw, (max-width: 1071px) 543px, 580px\" \/><\/figure>\n\n\n\n<div class=\"wp-block-group is-nowrap is-layout-flex wp-container-core-group-is-layout-ad2f72ca wp-block-group-is-layout-flex\">\n<figure class=\"wp-block-image size-full\"><img loading=\"lazy\" decoding=\"async\" width=\"400\" height=\"267\" src=\"https:\/\/www.alajarvenankkurit.fi\/yleisurheilu\/wp-content\/uploads\/sites\/2\/2024\/03\/Nayttokuva-2024-03-03-170415.jpg\" alt=\"\" class=\"wp-image-6106\" srcset=\"https:\/\/www.alajarvenankkurit.fi\/yleisurheilu\/wp-content\/uploads\/sites\/2\/2024\/03\/Nayttokuva-2024-03-03-170415.jpg 400w, https:\/\/www.alajarvenankkurit.fi\/yleisurheilu\/wp-content\/uploads\/sites\/2\/2024\/03\/Nayttokuva-2024-03-03-170415-300x200.jpg 300w\" sizes=\"auto, (max-width: 400px) 100vw, 400px\" \/><\/figure>\n\n\n\n<figure class=\"wp-block-image size-full\"><img loading=\"lazy\" decoding=\"async\" width=\"659\" height=\"643\" src=\"https:\/\/www.alajarvenankkurit.fi\/yleisurheilu\/wp-content\/uploads\/sites\/2\/2024\/03\/T11_joukkue_pieni-4.jpg\" alt=\"\" class=\"wp-image-6107\" srcset=\"https:\/\/www.alajarvenankkurit.fi\/yleisurheilu\/wp-content\/uploads\/sites\/2\/2024\/03\/T11_joukkue_pieni-4.jpg 659w, https:\/\/www.alajarvenankkurit.fi\/yleisurheilu\/wp-content\/uploads\/sites\/2\/2024\/03\/T11_joukkue_pieni-4-300x293.jpg 300w\" sizes=\"auto, (max-width: 659px) 100vw, 659px\" \/><\/figure>\n<\/div>\n\n\n\n<p>Edellisen tapahtuman muistelot <a href=\"https:\/\/www.alajarvenankkurit.fi\/yleisurheilu\/kunniakierros\/kunniakierros-2023\/\">t\u00e4st\u00e4 linkist\u00e4<\/a>!<\/p>\n","protected":false},"excerpt":{"rendered":"<p>Kunniakierros ma 27.5.2024 Ankkurikent\u00e4ll\u00e4! Tervetuloa j\u00e4lleen tukemaan alaj\u00e4rvel\u00e4ist\u00e4 yleisurheilua! Linkki vuoden 2024 ker\u00e4\u00e4jiin (Tukisummia voi lahjoittaa syksyyn 2024 saakka!) Kaikki ovat tervetulleita kunniakierrostapahtumaan, jossa kuntoillaan 60 minuuttia hyv\u00e4ss\u00e4 hengess\u00e4 ik\u00e4\u00e4n tai kuntoon katsomatta. Tule mukaan tukijaksi t\u00e4h\u00e4n yli jo 43 vuotta jatkuneeseen ker\u00e4ykseen tai liikkumaan itse! Samalla tapaat seuran nuoria urheilijoita, joihin ker\u00e4tty tuki kohdistuu. &hellip; <\/p>\n<p class=\"link-more\"><a href=\"https:\/\/www.alajarvenankkurit.fi\/yleisurheilu\/kunniakierros\/2024-2\/\" class=\"more-link\">Jatka lukemista<span class=\"screen-reader-text\"> &#8221;2024&#8221;<\/span><\/a><\/p>\n","protected":false},"author":5,"featured_media":0,"parent":478,"menu_order":-1,"comment_status":"closed","ping_status":"closed","template":"","meta":{"footnotes":""},"class_list":["post-6097","page","type-page","status-publish","hentry"],"_links":{"self":[{"href":"https:\/\/www.alajarvenankkurit.fi\/yleisurheilu\/wp-json\/wp\/v2\/pages\/6097","targetHints":{"allow":["GET"]}}],"collection":[{"href":"https:\/\/www.alajarvenankkurit.fi\/yleisurheilu\/wp-json\/wp\/v2\/pages"}],"about":[{"href":"https:\/\/www.alajarvenankkurit.fi\/yleisurheilu\/wp-json\/wp\/v2\/types\/page"}],"author":[{"embeddable":true,"href":"https:\/\/www.alajarvenankkurit.fi\/yleisurheilu\/wp-json\/wp\/v2\/users\/5"}],"replies":[{"embeddable":true,"href":"https:\/\/www.alajarvenankkurit.fi\/yleisurheilu\/wp-json\/wp\/v2\/comments?post=6097"}],"version-history":[{"count":11,"href":"https:\/\/www.alajarvenankkurit.fi\/yleisurheilu\/wp-json\/wp\/v2\/pages\/6097\/revisions"}],"predecessor-version":[{"id":6376,"href":"https:\/\/www.alajarvenankkurit.fi\/yleisurheilu\/wp-json\/wp\/v2\/pages\/6097\/revisions\/6376"}],"up":[{"embeddable":true,"href":"https:\/\/www.alajarvenankkurit.fi\/yleisurheilu\/wp-json\/wp\/v2\/pages\/478"}],"wp:attachment":[{"href":"https:\/\/www.alajarvenankkurit.fi\/yleisurheilu\/wp-json\/wp\/v2\/media?parent=6097"}],"curies":[{"name":"wp","href":"https:\/\/api.w.org\/{rel}","templated":true}]}}