{"id":607,"date":"2019-10-15T04:13:36","date_gmt":"2019-10-15T01:13:36","guid":{"rendered":"http:\/\/212.66.193.72\/~cp4520516\/yleisurheilu\/?page_id=607"},"modified":"2019-10-15T04:13:36","modified_gmt":"2019-10-15T01:13:36","slug":"v-2017-kunniakierros-tuotti-2700-euroa","status":"publish","type":"page","link":"https:\/\/www.alajarvenankkurit.fi\/yleisurheilu\/kunniakierros\/v-2017-kunniakierros-tuotti-2700-euroa\/","title":{"rendered":"V. 2017 Kunniakierros tuotti 2700 euroa"},"content":{"rendered":"\n<p>\n\nKunniakierroksen tuotto oli 2680 euroa.&nbsp; Isoimman potin ker\u00e4si Kalle Nyg\u00e5rd 585 euroa. Kalle kiersi Ankkurikent\u00e4n 400m:n radan 29 kertaa. Tapio Rajalan potti oli 570 euroa. Nuorista yleisurheilijoista Sara Vuorelan tulos oli 410 euroa ja Katariina Lepp\u00e4ahon 340 euroa. Katariina kierroshinta oli per\u00e4ti 16 euroa. Yleisurheilujaoston puheenjohtaja Kirsi Koivusaari oli tyytyv\u00e4inen tulokseen ja varsinkin siihen, ett\u00e4 nuoret yleisurheilijat olivat hyvin paikalla.\n\n<\/p>\n","protected":false},"excerpt":{"rendered":"<p>Kunniakierroksen tuotto oli 2680 euroa.&nbsp; Isoimman potin ker\u00e4si Kalle Nyg\u00e5rd 585 euroa. Kalle kiersi Ankkurikent\u00e4n 400m:n radan 29 kertaa. Tapio Rajalan potti oli 570 euroa. Nuorista yleisurheilijoista Sara Vuorelan tulos oli 410 euroa ja Katariina Lepp\u00e4ahon 340 euroa. Katariina kierroshinta oli per\u00e4ti 16 euroa. Yleisurheilujaoston puheenjohtaja Kirsi Koivusaari oli tyytyv\u00e4inen tulokseen ja varsinkin siihen, ett\u00e4 &hellip; <\/p>\n<p class=\"link-more\"><a href=\"https:\/\/www.alajarvenankkurit.fi\/yleisurheilu\/kunniakierros\/v-2017-kunniakierros-tuotti-2700-euroa\/\" class=\"more-link\">Jatka lukemista<span class=\"screen-reader-text\"> &#8221;V. 2017 Kunniakierros tuotti 2700 euroa&#8221;<\/span><\/a><\/p>\n","protected":false},"author":1,"featured_media":0,"parent":478,"menu_order":0,"comment_status":"closed","ping_status":"closed","template":"","meta":{"footnotes":""},"class_list":["post-607","page","type-page","status-publish","hentry"],"_links":{"self":[{"href":"https:\/\/www.alajarvenankkurit.fi\/yleisurheilu\/wp-json\/wp\/v2\/pages\/607","targetHints":{"allow":["GET"]}}],"collection":[{"href":"https:\/\/www.alajarvenankkurit.fi\/yleisurheilu\/wp-json\/wp\/v2\/pages"}],"about":[{"href":"https:\/\/www.alajarvenankkurit.fi\/yleisurheilu\/wp-json\/wp\/v2\/types\/page"}],"author":[{"embeddable":true,"href":"https:\/\/www.alajarvenankkurit.fi\/yleisurheilu\/wp-json\/wp\/v2\/users\/1"}],"replies":[{"embeddable":true,"href":"https:\/\/www.alajarvenankkurit.fi\/yleisurheilu\/wp-json\/wp\/v2\/comments?post=607"}],"version-history":[{"count":1,"href":"https:\/\/www.alajarvenankkurit.fi\/yleisurheilu\/wp-json\/wp\/v2\/pages\/607\/revisions"}],"predecessor-version":[{"id":608,"href":"https:\/\/www.alajarvenankkurit.fi\/yleisurheilu\/wp-json\/wp\/v2\/pages\/607\/revisions\/608"}],"up":[{"embeddable":true,"href":"https:\/\/www.alajarvenankkurit.fi\/yleisurheilu\/wp-json\/wp\/v2\/pages\/478"}],"wp:attachment":[{"href":"https:\/\/www.alajarvenankkurit.fi\/yleisurheilu\/wp-json\/wp\/v2\/media?parent=607"}],"curies":[{"name":"wp","href":"https:\/\/api.w.org\/{rel}","templated":true}]}}