{"id":574,"date":"2019-11-25T22:43:01","date_gmt":"2019-11-25T20:43:01","guid":{"rendered":"http:\/\/212.66.193.72\/~cp4520516\/yleisurheilu\/?page_id=574"},"modified":"2025-11-01T21:46:35","modified_gmt":"2025-11-01T19:46:35","slug":"9v-tytot","status":"publish","type":"page","link":"https:\/\/www.alajarvenankkurit.fi\/yleisurheilu\/tilastot\/9v-tytot\/","title":{"rendered":"9v tyt\u00f6t"},"content":{"rendered":"\n<h2 class=\"wp-block-heading\"><strong>40 m<\/strong><\/h2>\n\n\n\n<figure class=\"wp-block-table\"><table><tbody><tr><td>6,71<\/td><td>&nbsp;<\/td><td>Valma Salom\u00e4ki -99<\/td><td>2008<\/td><\/tr><tr><td>6,77<\/td><td>&nbsp;<\/td><td>Eucabeth Kivikangas -02<\/td><td>2011<\/td><\/tr><tr><td>6,78<\/td><td>+0.8<\/td><td>Roosa Latva-Laturi -02<\/td><td>2011<\/td><\/tr><tr><td>6,84<\/td><td><\/td><td>Olivia Hietam\u00e4ki -16<\/td><td><strong>2025<\/strong><\/td><\/tr><tr><td>6,91<\/td><td>+0.0<\/td><td>Hilda Turja -15<\/td><td>2024<\/td><\/tr><tr><td>6,94<\/td><td>+0.6<\/td><td>Katariina Lepp\u00e4aho -07<\/td><td>2016<\/td><\/tr><tr><td>7,01<\/td><td>+0.7<\/td><td>Amanda Tuomela -05<\/td><td>2014<\/td><\/tr><tr><td>7,05<\/td><td>&nbsp;<\/td><td>Rosaliina Penninkangas -98<\/td><td>2007<\/td><\/tr><tr><td>7,06<\/td><td>&nbsp;<\/td><td>Sofia Kari -05<\/td><td>2014<\/td><\/tr><tr><td>7,08<\/td><td>+0.4<\/td><td>Milja-Maria Lahti -06<\/td><td>2015<\/td><\/tr><tr><td>7,09<\/td><td>&nbsp;<\/td><td>Helena Peltokangas -90<\/td><td>1999<\/td><\/tr><tr><td>7,11<\/td><td>-0.9<\/td><td>Vilma H\u00e4nninen -01<\/td><td>2010<\/td><\/tr><tr><td>7,12<\/td><td>&nbsp;<\/td><td>Jemina Saarela -01<\/td><td>2010<\/td><\/tr><tr><td>7,12<\/td><td>&nbsp;<\/td><td>Marjo Yli-Mannila -91<\/td><td>2000<\/td><\/tr><tr><td>7,13<\/td><td>+0.3<\/td><td>Ellen Piispanen -15<\/td><td>2024<\/td><\/tr><tr><td>7,17<\/td><td><\/td><td>Linnea Piispanen -12 <\/td><td>2021<\/td><\/tr><tr><td>7,17<\/td><td>+0.0<\/td><td>Sara Vuorela -07<\/td><td>2016<\/td><\/tr><tr><td>7,17<\/td><td>+1.0<\/td><td>Roosa Pessinen -12<\/td><td>2021<\/td><\/tr><\/tbody><\/table><\/figure>\n\n\n\n<h2 class=\"wp-block-heading\"><strong>60 m<\/strong><\/h2>\n\n\n\n<figure class=\"wp-block-table\"><table><tbody><tr><td>9,45<\/td><td>+2.3<\/td><td>Eucabeth Kivikangas -02<\/td><td>2011<\/td><\/tr><tr><td>9,68<\/td><td>+1.3<\/td><td>Roosa Latva-Laturi -02<\/td><td>2011<\/td><\/tr><tr><td>9,73<\/td><td><\/td><td>Valma Salom\u00e4ki -99<\/td><td>2008<\/td><\/tr><tr><td>9,92<\/td><td>-1.0<\/td><td>Olivia Hietam\u00e4ki -16<\/td><td><strong>2025<\/strong><\/td><\/tr><tr><td>9,95<\/td><td><\/td><td>Vilma H\u00e4nninen -01<\/td><td>2010<\/td><\/tr><tr><td>10,12<\/td><td><\/td><td>Katariina Lepp\u00e4aho -07<\/td><td>2016<\/td><\/tr><tr><td>10,14<\/td><td>+0.3<\/td><td>Milja-Maria Lahti -06<\/td><td>2015<\/td><\/tr><tr><td>10,29<\/td><td><\/td><td>Heidi Marjom\u00e4ki -00<\/td><td>2009<\/td><\/tr><tr><td>10,39<\/td><td>+0.0<\/td><td>Jemina Saarela -01<\/td><td>2009<\/td><\/tr><tr><td>10,2h<br>\/10,44<\/td><td><\/td><td>Amanda Tuomela -05<\/td><td>2014<\/td><\/tr><tr><td>10,44<\/td><td>-1.0<\/td><td>Venla H\u00e4nninen -03<\/td><td>2012<\/td><\/tr><tr><td>10,46<\/td><td>+0.5<\/td><td>Sara Vuorela -07<\/td><td>2016<\/td><\/tr><tr><td>10,46<\/td><td>+0.5<\/td><td>Fiona Yli-Sissala -07<\/td><td>2016<\/td><\/tr><tr><td>10,46<\/td><td><\/td><td>Sofia Honkaniemi -00<\/td><td>2009<\/td><\/tr><tr><td>10,49<\/td><td><\/td><td>Julia Ukonm\u00e4ki -00<\/td><td>2009<\/td><\/tr><tr><td>10,51<\/td><td>-2.2<\/td><td>Ellen Piispanen -15<\/td><td>2024<\/td><\/tr><\/tbody><\/table><\/figure>\n\n\n\n<h2 class=\"wp-block-heading\"><strong>150 m<\/strong><\/h2>\n\n\n\n<figure class=\"wp-block-table\"><table><tbody><tr><td>23,91<\/td><td>-0.7<\/td><td>Eucabeth Kivikangas -02<\/td><td>2011<\/td><\/tr><tr><td>24,17<\/td><td>-0.3<\/td><td>Olivia Hietam\u00e4ki -16<\/td><td><strong>2025<\/strong><\/td><\/tr><tr><td>24,19<\/td><td>-0.1<\/td><td>Hilda Turja -15 <\/td><td>2024<\/td><\/tr><tr><td>24,69<\/td><td><\/td><td>Katariina Lepp\u00e4aho -07<\/td><td>2016<\/td><\/tr><tr><td>24,89<\/td><td>0.0<\/td><td>Sara Vuorela -07<\/td><td>2016<\/td><\/tr><tr><td>25,32<\/td><td>-0.2<\/td><td>Ellen Piispanen -15<\/td><td>2024<\/td><\/tr><tr><td>25,23<\/td><td>+0.6<\/td><td>Linnea Piispanen -12<\/td><td>2020<\/td><\/tr><tr><td>25,60<\/td><td>+0.8<\/td><td>Kerttu-Kaarina Herrala -16<\/td><td><strong>2025<\/strong><\/td><\/tr><tr><td>25,90<\/td><td>-0.6<\/td><td>Julia Ukonm\u00e4ki -00<\/td><td>2009<\/td><\/tr><tr><td>26,14<\/td><td>+2.1<\/td><td>Sini Nyg\u00e5rd -16<\/td><td><strong>2025<\/strong><\/td><\/tr><tr><td>26,15<\/td><td>+0.9<\/td><td>Roosa Pessinen -12<\/td><td>2021<\/td><\/tr><tr><td>26,35<\/td><td>+0.9<\/td><td>Loviisa Saari<\/td><td>2020<\/td><\/tr><tr><td>27,12<\/td><td>-0.4<\/td><td>Aada Piispanen -09<\/td><td>2018<\/td><\/tr><tr><td>27,57<\/td><td><\/td><td>Aada Koskela -03<\/td><td>2012<\/td><\/tr><tr><td>27,86<\/td><td>-0.6<\/td><td>Armi Heiti -00<\/td><td>2009<\/td><\/tr><tr><td>27,87<\/td><td><\/td><td>Julia Peura -05<\/td><td>2013<\/td><\/tr><tr><td>27,91<\/td><td>-1.2<\/td><td>Elli Mertaniemi -00<\/td><td>2009<\/td><\/tr><tr><td>28,54<\/td><td><\/td><td>Sanni Langhed -02<\/td><td>2011<\/td><\/tr><tr><td>28,98<\/td><td>-0.8<\/td><td>Anna Zhukova -14<\/td><td>2023<\/td><\/tr><tr><td>29,43<\/td><td>-1.0<\/td><td>Julia Vesala -09<\/td><td>2018<\/td><\/tr><\/tbody><\/table><\/figure>\n\n\n\n<h2 class=\"wp-block-heading\"><strong>800 m<\/strong><\/h2>\n\n\n\n<figure class=\"wp-block-table\"><table><tbody><tr><td>2.54,66<\/td><td>Eucabeth Kivikangas -02<\/td><td>2011<\/td><\/tr><tr><td>2.57,93<\/td><td>Julia Ukonm\u00e4ki -00<\/td><td>2009<\/td><\/tr><tr><td>3.03,95<\/td><td>Olivia Hietam\u00e4ki -16<\/td><td><strong>2025<\/strong><\/td><\/tr><tr><td>3.08,40<\/td><td>Hilda Turja -15<\/td><td>2024<\/td><\/tr><tr><td>3.10,91<\/td><td>Fiia Koskela -00<\/td><td>2009<\/td><\/tr><tr><td>3.11,97<\/td><td>Linnea Piispanen -12<\/td><td>2021<\/td><\/tr><tr><td>3.13,30<\/td><td>Aada Piispanen -09<\/td><td>2018<\/td><\/tr><tr><td>3.30,18<\/td><td>Katariina Lepp\u00e4aho -07<\/td><td>2014<\/td><\/tr><\/tbody><\/table><\/figure>\n\n\n\n<h2 class=\"wp-block-heading\"><strong>1000 m<\/strong><\/h2>\n\n\n\n<figure class=\"wp-block-table\"><table><tbody><tr><td>3.44,67<\/td><td>Eucabeth Kivikangas -02<\/td><td>2011<\/td><\/tr><tr><td>3.49,83<\/td><td>Sofia Kari -05<\/td><td>2014<\/td><\/tr><tr><td>3.52,09<\/td><td>Julia Ukonm\u00e4ki -00<\/td><td>2009<\/td><\/tr><tr><td>3.53,64<\/td><td>Valma Salom\u00e4ki -99<\/td><td>2008<\/td><\/tr><tr><td>3.55,21<\/td><td>Katariina Lepp\u00e4aho -07<\/td><td>2016<\/td><\/tr><tr><td>3.58,73<\/td><td>Fiia Koskela -00<\/td><td>2009<\/td><\/tr><tr><td>4.01,54<\/td><td>Veera Lehtim\u00e4ki -03<\/td><td>2012<\/td><\/tr><tr><td>4.02,26<\/td><td>Vilma Lehtim\u00e4ki -03<\/td><td>2012<\/td><\/tr><tr><td>4.04,39<\/td><td>Hilda Turja -15<\/td><td>2024<\/td><\/tr><tr><td>4.04,54<\/td><td>Ilona Takala -06<\/td><td>2015<\/td><\/tr><tr><td>4.06,74<\/td><td>Heidi Marjom\u00e4ki -00<\/td><td>2009<\/td><\/tr><tr><td>4.11,58<\/td><td>Ellimaria Koivisto -99<\/td><td>2008<\/td><\/tr><tr><td>4.11,89<\/td><td>Linnea Piispanen -12<\/td><td>2021<\/td><\/tr><tr><td>4.12,75<\/td><td>Aada Piispanen -09<\/td><td>2017<\/td><\/tr><tr><td>4.21,14<\/td><td>Armi Heiti -00<\/td><td>2009<\/td><\/tr><tr><td>4.21,3h<\/td><td>Tiia Koskela -99<\/td><td>2008<\/td><\/tr><tr><td>4.21,71<\/td><td>Viola Takala -08<\/td><td>2017<\/td><\/tr><tr><td>4.22,30<\/td><td>Aada Koskela -03<\/td><td>2012<\/td><\/tr><\/tbody><\/table><\/figure>\n\n\n\n<h2 class=\"wp-block-heading\"><strong>600 m k\u00e4vely<\/strong><\/h2>\n\n\n\n<figure class=\"wp-block-table\"><table><tbody><tr><td>3.44,48<\/td><td>Valma Salom\u00e4ki -99<\/td><td>2008<\/td><\/tr><tr><td>3.58,30<\/td><td>Eucabeth Kivikangas -02<\/td><td>2011<\/td><\/tr><tr><td>4.03,1h<\/td><td>Elli Murtoniemi -00<\/td><td>2009<\/td><\/tr><tr><td>4.18,0h<\/td><td>Jemina Saarela -01<\/td><td>2010<\/td><\/tr><tr><td>4.23,1h<\/td><td>Julia Ukonm\u00e4ki -00<\/td><td>2009<\/td><\/tr><tr><td>4.28,75<\/td><td>Armi Heiti -00<\/td><td>2008<\/td><\/tr><tr><td>4.46,25<\/td><td>Sanni Langhed -02<\/td><td>2011<\/td><\/tr><\/tbody><\/table><\/figure>\n\n\n\n<h2 class=\"wp-block-heading\"><strong>Korkeus<\/strong><\/h2>\n\n\n\n<figure class=\"wp-block-table\"><table><tbody><tr><td>120<\/td><td>Hilda Turja -15<\/td><td>2024<\/td><\/tr><tr><td>118<\/td><td>Eucabeth Kivikangas -02<\/td><td>2011<\/td><\/tr><tr><td>115<\/td><td>Roosa Latva-Laturi -02<\/td><td>2011<\/td><\/tr><tr><td>115<\/td><td>Sofia Honkaniemi -00<\/td><td>2009<\/td><\/tr><tr><td>114<\/td><td>Olivia Hietam\u00e4ki -16<\/td><td><strong>2025<\/strong><\/td><\/tr><tr><td>108<\/td><td>Ellen Piispanen -15<\/td><td>2024<\/td><\/tr><tr><td>105<\/td><td>Fiia Koskela -00<\/td><td>2009<\/td><\/tr><tr><td>100<\/td><td>Katariina Lepp\u00e4aho -07<\/td><td>2016<\/td><\/tr><tr><td>100<\/td><td>Veera Lehtim\u00e4ki -03<\/td><td>2012<\/td><\/tr><tr><td>100<\/td><td>Vilma Lehtim\u00e4ki -03<\/td><td>2012<\/td><\/tr><tr><td>100<\/td><td>Vilma H\u00e4nninen -01<\/td><td>2010<\/td><\/tr><tr><td>100<\/td><td>Valma Salom\u00e4ki -99<\/td><td>2008<\/td><\/tr><tr><td>99<\/td><td>Amanda Tuomela -05<\/td><td>2014<\/td><\/tr><tr><td>97<\/td><td>Aada Piispanen -09<\/td><td>2018<\/td><\/tr><tr><td>95<\/td><td>Elli Mertaniemi -00<\/td><td>2009<\/td><\/tr><tr><td>93<\/td><td>Linnea Piispanen -12<\/td><td>2021<\/td><\/tr><tr><td>90<\/td><td>Heidi Marjom\u00e4ki -00<\/td><td>2009<\/td><\/tr><\/tbody><\/table><\/figure>\n\n\n\n<h2 class=\"wp-block-heading\"><strong>Pituus (vy\u00f6hyke)<\/strong><\/h2>\n\n\n\n<figure class=\"wp-block-table\"><table><tbody><tr><td>3,90<\/td><td>&nbsp;<\/td><td>Eucabeth Kivikangas -02<\/td><td>2011<\/td><\/tr><tr><td>3,68<\/td><td>-0.5<\/td><td>Katariina Lepp\u00e4aho -07<\/td><td>2016<\/td><\/tr><tr><td>3,68<\/td><td>&nbsp;<\/td><td>Valma Salom\u00e4ki -99<\/td><td>2008<\/td><\/tr><tr><td>3,66<\/td><td>&nbsp;<\/td><td>Roosa Latva-Laturi -02<\/td><td>2011<\/td><\/tr><tr><td>3,62<\/td><td><\/td><td>Hilda Turja -15<\/td><td>2024<\/td><\/tr><tr><td>3,58<\/td><td><\/td><td>Olivia Hietam\u00e4ki -16<\/td><td><strong>2025<\/strong><\/td><\/tr><tr><td>3,58<\/td><td>&nbsp;<\/td><td>Milja-Maria Lahti -06<\/td><td>2015<\/td><\/tr><tr><td>3,58<\/td><td>&nbsp;<\/td><td>Vilma H\u00e4nninen -01<\/td><td>2010<\/td><\/tr><tr><td>3,56<\/td><td>&nbsp;<\/td><td>Julia Ukonm\u00e4ki -00<\/td><td>2009<\/td><\/tr><tr><td>3,52<\/td><td>&nbsp;<\/td><td>Heidi Marjom\u00e4ki -99<\/td><td>2009<\/td><\/tr><tr><td>3,45<\/td><td><\/td><td>Ellen Piispanen -15<\/td><td>2024<\/td><\/tr><tr><td>3,45<\/td><td>+0.2<\/td><td>Roosa Pessinen -12<\/td><td>2021<\/td><\/tr><tr><td>3,43<\/td><td>-0.5<\/td><td>Sara Vuorela -07<\/td><td>2016<\/td><\/tr><tr><td>3,39<\/td><td>&nbsp;<\/td><td>Fiia Koskela -00<\/td><td>2009<\/td><\/tr><tr><td>3,38<\/td><td><\/td><td>Sini Nyg\u00e5rd -16<\/td><td><strong>2025<\/strong><\/td><\/tr><tr><td>3,35<\/td><td>&nbsp;<\/td><td>Katariina Koivisto -97<\/td><td>2006<\/td><\/tr><tr><td>3,30<\/td><td>+2.7<\/td><td>Amanda Tuomela -05<\/td><td>2014<\/td><\/tr><tr><td>3,28<\/td><td>&nbsp;<\/td><td>Aada Piispanen -09<\/td><td>2018<\/td><\/tr><tr><td>3,23<\/td><td>&nbsp;<\/td><td>Sanni Langhed -02<\/td><td>2011<\/td><\/tr><tr><td>3,22<\/td><td>-0.4<\/td><td>Vilma Lehtim\u00e4ki -03<\/td><td>2012<\/td><\/tr><tr><td>3,22<\/td><td><\/td><td>Linnea Piispanen -12<\/td><td>2021<\/td><\/tr><\/tbody><\/table><\/figure>\n\n\n\n<h2 class=\"wp-block-heading\"><strong>Kolmiloikka (vy\u00f6hyke)<\/strong><\/h2>\n\n\n\n<figure class=\"wp-block-table\"><table><tbody><tr><td>8,13<\/td><td>Eucabeth Kivikangas -02<\/td><td>2011<\/td><\/tr><tr><td>6,54<\/td><td>Katariina Lepp\u00e4aho -07<\/td><td>2015<\/td><\/tr><\/tbody><\/table><\/figure>\n\n\n\n<h2 class=\"wp-block-heading\"><strong>Kuula 2 kg<\/strong><\/h2>\n\n\n\n<figure class=\"wp-block-table\"><table><tbody><tr><td>6,52<\/td><td>Emmi-Lotta Taipale -88<\/td><td>1997<\/td><\/tr><tr><td>6,15<\/td><td>Vilma H\u00e4nninen -01<\/td><td>2010<\/td><\/tr><tr><td>6,13<\/td><td>Elli Mertaniemi -00<\/td><td>2009<\/td><\/tr><tr><td>6,08<\/td><td>Venla H\u00e4nninen -03<\/td><td>2012<\/td><\/tr><tr><td>6,07<\/td><td>Roosa Latva-Laturi -02<\/td><td>2011<\/td><\/tr><tr><td>6,05<\/td><td>Olivia Hietam\u00e4ki -16<\/td><td><strong>2025<\/strong><\/td><\/tr><tr><td>6,02<\/td><td>Eucabeth Kivikangas -02<\/td><td>2011<\/td><\/tr><tr><td>5,98<\/td><td>Katariina Lepp\u00e4aho -07<\/td><td>2016<\/td><\/tr><tr><td>5,76<\/td><td>Sofia Honkaniemi -00<\/td><td>2009<\/td><\/tr><tr><td>5,65<\/td><td>Rosaliina Penninkangas -98<\/td><td>2007<\/td><\/tr><tr><td>5,55<\/td><td>Emmi Pitk\u00e4kangas -07<\/td><td>2016<\/td><\/tr><tr><td>5,30<\/td><td>Heidi Marjom\u00e4ki -00<\/td><td>2009<\/td><\/tr><tr><td>4,76<\/td><td>Kerttu-Kaarina Herrala -16<\/td><td>2024<\/td><\/tr><tr><td>4,73<\/td><td>Valma Salom\u00e4ki -99<\/td><td>2008<\/td><\/tr><tr><td>4,57<\/td><td>Milja-Maria Lahti -06<\/td><td>2015<\/td><\/tr><tr><td>4,54<\/td><td>Hilda Turja -15<\/td><td>2024<\/td><\/tr><tr><td>4,54<\/td><td>Armi Heiti -00<\/td><td>2009<\/td><\/tr><tr><td>4,19<\/td><td>Ellen Piispanen -15<\/td><td>2023<\/td><\/tr><\/tbody><\/table><\/figure>\n\n\n\n<h2 class=\"wp-block-heading\"><strong>Kiekko 600 g<\/strong><\/h2>\n\n\n\n<figure class=\"wp-block-table\"><table><tbody><tr><td>12,55<\/td><td>Heidi Marjom\u00e4ki -00<\/td><td>2009<\/td><\/tr><tr><td>12,37<\/td><td>Anna Iham\u00e4ki -00<\/td><td>2009<\/td><\/tr><tr><td>12,36<\/td><td>Sofia Honkaniemi -00<\/td><td>2009<\/td><\/tr><tr><td>11,86<\/td><td>Fiia Koskela -00<\/td><td>2009<\/td><\/tr><tr><td>9,83<\/td><td>Armi Heiti -00<\/td><td>2009<\/td><\/tr><tr><td>9,49<\/td><td>Valma Salom\u00e4ki -99<\/td><td>2008<\/td><\/tr><\/tbody><\/table><\/figure>\n\n\n\n<h2 class=\"wp-block-heading\"><strong>Moukari 2.5 kg<\/strong><\/h2>\n\n\n\n<figure class=\"wp-block-table\"><table><tbody><tr><td>13,18<\/td><td>Fiona Yli-Sissala -07<\/td><td>2016<\/td><\/tr><tr><td>9,95<\/td><td>Valma Salom\u00e4ki -99<\/td><td>2008<\/td><\/tr><\/tbody><\/table><\/figure>\n\n\n\n<h2 class=\"wp-block-heading\"><strong>Keih\u00e4s 400 g<\/strong><\/h2>\n\n\n\n<figure class=\"wp-block-table\"><table><tbody><tr><td>18,84<\/td><td>Katariina Lepp\u00e4aho -07<\/td><td>2016<\/td><\/tr><tr><td>14,37<\/td><td>Roosa Latva-Laturi -02<\/td><td>2011<\/td><\/tr><tr><td>14,16<\/td><td>Vilma H\u00e4nninen -01<\/td><td>2010<\/td><\/tr><tr><td>13,93<\/td><td>Hilda Turja -15<\/td><td>2024<\/td><\/tr><tr><td>13,23<\/td><td>Emmi Pitk\u00e4kangas -07<\/td><td>2016<\/td><\/tr><tr><td>12,84<\/td><td>Eucabeth Kivikangas -02<\/td><td>2010<\/td><\/tr><tr><td>11,61<\/td><td>Kerttu-Kaarina Herrala -16<\/td><td>2024<\/td><\/tr><tr><td>10,80<\/td><td>Olivia Hietam\u00e4ki -16<\/td><td><strong>2025<\/strong><\/td><\/tr><tr><td>9,50<\/td><td>Elli Mertaniemi -00<\/td><td>2009<\/td><\/tr><tr><td>9,40<\/td><td>Linnea Piispanen -12<\/td><td>2021<\/td><\/tr><tr><td>9,26<\/td><td>Ellen Piispanen -15<\/td><td>2023<\/td><\/tr><tr><td>8,68<\/td><td>Aada Piispanen -09<\/td><td>2018<\/td><\/tr><\/tbody><\/table><\/figure>\n\n\n\n<h2 class=\"wp-block-heading\"><strong>Pallo<\/strong><\/h2>\n\n\n\n<figure class=\"wp-block-table\"><table><tbody><tr><td>31,38<\/td><td>Vilma H\u00e4nninen -01<\/td><td>2010<\/td><\/tr><tr><td>30,50<\/td><td>Anna Iham\u00e4ki -00<\/td><td>2009<\/td><\/tr><tr><td>21,00<\/td><td>Eucabeth Kivikangas -02<\/td><td>2011<\/td><\/tr><tr><td>20,67<\/td><td>Venla H\u00e4nninen -03<\/td><td>2011<\/td><\/tr><tr><td>16,15<\/td><td>Jemina Saarela -00<\/td><td>2009<\/td><\/tr><tr><td>15,68<\/td><td>Armi Heiti -00<\/td><td>2009<\/td><\/tr><tr><td>12,60<\/td><td>Essi Juoperi -99<\/td><td>2008<\/td><\/tr><\/tbody><\/table><\/figure>\n\n\n\n<h2 class=\"wp-block-heading\"><strong>Kolmiottelu<\/strong><\/h2>\n\n\n\n<figure class=\"wp-block-table\"><table><tbody><tr><td>783<\/td><td>Eucabeth Kivikangas -02<\/td><td>2011<\/td><\/tr><tr><td>678<\/td><td>Vilma H\u00e4nninen -01<\/td><td>2010<\/td><\/tr><tr><td>668<\/td><td>Valma Salom\u00e4ki -99<\/td><td>2008<\/td><\/tr><tr><td>657<\/td><td>Katariina Lepp\u00e4aho -07<\/td><td>2016<\/td><\/tr><tr><td>618<\/td><td>Hilda Turja -15<\/td><td>2024<\/td><\/tr><tr><td>567<\/td><td>Elli Mertaniemi -00<\/td><td>2009<\/td><\/tr><tr><td>566<\/td><td>Olivia Hietam\u00e4ki -16<\/td><td><strong>2025<\/strong><\/td><\/tr><tr><td>518<\/td><td>Julia Ukonm\u00e4ki -00<\/td><td>2009<\/td><\/tr><tr><td>500<\/td><td>Ellen Piispanen -15<\/td><td>2024<\/td><\/tr><tr><td>468<\/td><td>Venla H\u00e4nninen -03<\/td><td>2011<\/td><\/tr><tr><td>448<\/td><td>Linnea Piispanen -12<\/td><td>2021<\/td><\/tr><tr><td>427<\/td><td>Sofia Honkaniemi -00<\/td><td>2008<\/td><\/tr><tr><td>348<\/td><td>Fiia Koskela -00<\/td><td>2008<\/td><\/tr><tr><td>275<\/td><td>Adele Kallio -13<\/td><td>2022<\/td><\/tr><tr><td>255<\/td><td>Sanni Langhed -02<\/td><td>2010<\/td><\/tr><\/tbody><\/table><\/figure>\n\n\n\n<h2 class=\"wp-block-heading\"><strong>Neliottelu<\/strong><\/h2>\n\n\n\n<figure class=\"wp-block-table\"><table><tbody><tr><td>784<\/td><td>Eucabeth Kivikangas -02<\/td><td>2011<\/td><\/tr><tr><td>775<\/td><td>Hilda Turja -15<\/td><td>2024<\/td><\/tr><tr><td>747<\/td><td>Olivia Hietam\u00e4ki -16<\/td><td><strong>2025<\/strong><\/td><\/tr><tr><td>501<\/td><td>Aada Piispanen -09<\/td><td>2018<\/td><\/tr><tr><td>478<\/td><td>Linnea Piispanen -12<\/td><td>2021<\/td><\/tr><tr><td>394<\/td><td>Katariina Lepp\u00e4aho -07<\/td><td>2014<\/td><\/tr><\/tbody><\/table><\/figure>\n\n\n\n<p><\/p>\n","protected":false},"excerpt":{"rendered":"<p>40 m 6,71 &nbsp; Valma Salom\u00e4ki -99 2008 6,77 &nbsp; Eucabeth Kivikangas -02 2011 6,78 +0.8 Roosa Latva-Laturi -02 2011 6,84 Olivia Hietam\u00e4ki -16 2025 6,91 +0.0 Hilda Turja -15 2024 6,94 +0.6 Katariina Lepp\u00e4aho -07 2016 7,01 +0.7 Amanda Tuomela -05 2014 7,05 &nbsp; Rosaliina Penninkangas -98 2007 7,06 &nbsp; Sofia Kari -05 2014 &hellip; <\/p>\n<p class=\"link-more\"><a href=\"https:\/\/www.alajarvenankkurit.fi\/yleisurheilu\/tilastot\/9v-tytot\/\" class=\"more-link\">Jatka lukemista<span class=\"screen-reader-text\"> &#8221;9v tyt\u00f6t&#8221;<\/span><\/a><\/p>\n","protected":false},"author":5,"featured_media":0,"parent":521,"menu_order":0,"comment_status":"closed","ping_status":"closed","template":"","meta":{"footnotes":""},"class_list":["post-574","page","type-page","status-publish","hentry"],"_links":{"self":[{"href":"https:\/\/www.alajarvenankkurit.fi\/yleisurheilu\/wp-json\/wp\/v2\/pages\/574","targetHints":{"allow":["GET"]}}],"collection":[{"href":"https:\/\/www.alajarvenankkurit.fi\/yleisurheilu\/wp-json\/wp\/v2\/pages"}],"about":[{"href":"https:\/\/www.alajarvenankkurit.fi\/yleisurheilu\/wp-json\/wp\/v2\/types\/page"}],"author":[{"embeddable":true,"href":"https:\/\/www.alajarvenankkurit.fi\/yleisurheilu\/wp-json\/wp\/v2\/users\/5"}],"replies":[{"embeddable":true,"href":"https:\/\/www.alajarvenankkurit.fi\/yleisurheilu\/wp-json\/wp\/v2\/comments?post=574"}],"version-history":[{"count":13,"href":"https:\/\/www.alajarvenankkurit.fi\/yleisurheilu\/wp-json\/wp\/v2\/pages\/574\/revisions"}],"predecessor-version":[{"id":8003,"href":"https:\/\/www.alajarvenankkurit.fi\/yleisurheilu\/wp-json\/wp\/v2\/pages\/574\/revisions\/8003"}],"up":[{"embeddable":true,"href":"https:\/\/www.alajarvenankkurit.fi\/yleisurheilu\/wp-json\/wp\/v2\/pages\/521"}],"wp:attachment":[{"href":"https:\/\/www.alajarvenankkurit.fi\/yleisurheilu\/wp-json\/wp\/v2\/media?parent=574"}],"curies":[{"name":"wp","href":"https:\/\/api.w.org\/{rel}","templated":true}]}}