{"id":571,"date":"2019-11-25T23:19:00","date_gmt":"2019-11-25T21:19:00","guid":{"rendered":"http:\/\/212.66.193.72\/~cp4520516\/yleisurheilu\/?page_id=571"},"modified":"2025-11-01T19:44:17","modified_gmt":"2025-11-01T17:44:17","slug":"miehet-2","status":"publish","type":"page","link":"https:\/\/www.alajarvenankkurit.fi\/yleisurheilu\/tilastot\/miehet-2\/","title":{"rendered":"Miehet"},"content":{"rendered":"\n<p> Aikuisten tilastot otettu suoraan&nbsp;<a rel=\"noreferrer noopener\" href=\"http:\/\/www.tilastopaja.eu\/fi\/\" target=\"_blank\">Tilastopajasta<\/a>. K\u00e4siaikoja ei ole muutettu s\u00e4hk\u00f6aikoja vastaaviksi, kuten&nbsp;<a rel=\"noreferrer noopener\" href=\"http:\/\/www.alajarvenankkurit.fi\/yleisurheilu\/seuraennatykset\/\" target=\"_blank\">seuraenn\u00e4tysten<\/a>&nbsp;laadinnassa p\u00e4\u00e4osin on tehty. <\/p>\n\n\n\n<h2 class=\"wp-block-heading\"><strong>100 m<\/strong><\/h2>\n\n\n\n<figure class=\"wp-block-table\"><table><tbody><tr><td>10,68<\/td><td>+1.7<\/td><td>Teemu Jokela -82<\/td><td>2005<\/td><\/tr><tr><td>10,93<\/td><td>+1.7<\/td><td>Mikko Paavola -98<\/td><td>2023<\/td><\/tr><tr><td>11,23<\/td><td>+1.3<\/td><td>Teemu Tuomela -00<\/td><td>2018<\/td><\/tr><tr><td>11,48<\/td><td>+0.9<\/td><td>Jarmo Vuorinen -83<\/td><td>2000<\/td><\/tr><tr><td>11,48<\/td><td>+1.3<\/td><td>Masamitsu Amemori -83<\/td><td>2001<\/td><\/tr><tr><td>11,52<\/td><td>+1.6<\/td><td>Harri Lepp\u00e4aho -67<\/td><td>1994<\/td><\/tr><tr><td>11,62<\/td><td>+1.9<\/td><td>Vesa Sadeharju -57<\/td><td>1976<\/td><\/tr><tr><td>11,69<\/td><td>+1.0<\/td><td>Anton Lepp\u00e4aho -05<\/td><td><strong>2025<\/strong><\/td><\/tr><tr><td>11,74<\/td><td>+1.7<\/td><td>Tuomas Salenius -93<\/td><td>2009<\/td><\/tr><tr><td>11,76<\/td><td>+0.8<\/td><td>Teemu Salenius -88<\/td><td>2005<\/td><\/tr><tr><td>11,80<\/td><td>+1.1<\/td><td>Ville Rajala -93<\/td><td>2010<\/td><\/tr><tr><td>11,84<\/td><td>+0.3<\/td><td>Kalle Ikonen -86<\/td><td>2004<\/td><\/tr><tr><td>11,85<\/td><td>+0.8<\/td><td>Jani-Matti Tuomela -94<\/td><td>2020<\/td><\/tr><\/tbody><\/table><\/figure>\n\n\n\n<h2 class=\"wp-block-heading\"><strong>200 m<\/strong><\/h2>\n\n\n\n<figure class=\"wp-block-table\"><table><tbody><tr><td>21,53<\/td><td>+0.9<\/td><td>Teemu Jokela -82<\/td><td>2003<\/td><\/tr><tr><td>21,85<\/td><td>+1.1<\/td><td>Mikko Paavola -98<\/td><td>2023<\/td><\/tr><tr><td>22,03<\/td><td>+1.3<\/td><td>Teemu Tuomela -00 <\/td><td>2022<\/td><\/tr><tr><td>23,08<\/td><td>-1.5<\/td><td>Ville Rajala -93<\/td><td>2013<\/td><\/tr><tr><td>23,09<\/td><td>+1.2<\/td><td>Jarmo Vuorinen -83<\/td><td>2000<\/td><\/tr><tr><td>23,18<\/td><td>+0.7<\/td><td>Vesa Sadeharju -57<\/td><td>1976<\/td><\/tr><tr><td>23,44<\/td><td>-0.7<\/td><td>Harri Lepp\u00e4aho -67<\/td><td>1995<\/td><\/tr><tr><td>23,60<\/td><td>-0.7<\/td><td>Pasi Korpi -70<\/td><td>1987<\/td><\/tr><tr><td>23,60<\/td><td>-0.7<\/td><td>Masamitsu Amemori -83<\/td><td>2001<\/td><\/tr><tr><td>23,73<\/td><td>-0.1<\/td><td>Jarkko Mikkola -78<\/td><td>1998<\/td><\/tr><tr><td>23,75<\/td><td>-0.8<\/td><td>Kalle Ikonen -86<\/td><td>2004<\/td><\/tr><tr><td>23,97<\/td><td>-1.4<\/td><td>Jani-Matti Tuomela -94<\/td><td>2020<\/td><\/tr><\/tbody><\/table><\/figure>\n\n\n\n<h2 class=\"wp-block-heading\"><strong>400 m<\/strong><\/h2>\n\n\n\n<figure class=\"wp-block-table\"><table><tbody><tr><td>48,91<\/td><td>Teemu Tuomela -00<\/td><td>2022<\/td><\/tr><tr><td>49,01<\/td><td>Teemu Jokela -82<\/td><td>2004<\/td><\/tr><tr><td>49,10<\/td><td>Mikko Paavola -98<\/td><td>2023<\/td><\/tr><tr><td>50,2h<\/td><td>Heikki Vainio -34<\/td><td>1958<\/td><\/tr><tr><td>50,36<\/td><td>Jyrki Tuomela -68<\/td><td>1988<\/td><\/tr><tr><td>50,8h<\/td><td>Matti Harju -30<\/td><td>1954<\/td><\/tr><tr><td>51,2h<\/td><td>Vesa Sadeharju -57<\/td><td>1976<\/td><\/tr><tr><td>51,54<\/td><td>Kalle Ikonen -86<\/td><td>2005<\/td><\/tr><tr><td>51,74<\/td><td>Harri Lepp\u00e4aho -67<\/td><td>1994<\/td><\/tr><tr><td>51,84<\/td><td>Pasi Korpi -70<\/td><td>1987<\/td><\/tr><tr><td>51,9h<\/td><td>Juhani Harju -34<\/td><td>1954<\/td><\/tr><tr><td>53,30<\/td><td>Masamitsu Amemori -83<\/td><td>2001<\/td><\/tr><tr><td>53,36<\/td><td>Henry Lepp\u00e4aho -66<\/td><td>1992<\/td><\/tr><tr><td>53,47<\/td><td>Jani-Matti Tuomela -94<\/td><td>2020<\/td><\/tr><\/tbody><\/table><\/figure>\n\n\n\n<h2 class=\"wp-block-heading\"><strong>800 m<\/strong><\/h2>\n\n\n\n<figure class=\"wp-block-table\"><table><tbody><tr><td>1.54,9h<\/td><td>Reijo H\u00f6ykinpuro -33<\/td><td>1956<\/td><\/tr><tr><td>1.55,5h<\/td><td>Pekka H\u00f6ykinpuro -35<\/td><td>1956<\/td><\/tr><tr><td>1.55,5h<\/td><td>Taisto Peltola -62<\/td><td>1982<\/td><\/tr><tr><td>1.57,08<\/td><td>Henry Lepp\u00e4aho -66<\/td><td>1992<\/td><\/tr><tr><td>1.57,5h<\/td><td>Felix Latvala -27<\/td><td>1951<\/td><\/tr><tr><td>1.57,68<\/td><td>Sampo Autio -89<\/td><td>2006<\/td><\/tr><tr><td>1.58,02<\/td><td>Jussi Takala -74<\/td><td>1999<\/td><\/tr><tr><td>1.58,4h<\/td><td>Risto Parkkila -58<\/td><td>1976<\/td><\/tr><tr><td>1.58,7h<\/td><td>Tapio Sivula -62<\/td><td>1980<\/td><\/tr><tr><td>1.58,83<\/td><td>Kalle Ikonen -86<\/td><td>2004<\/td><\/tr><tr><td>2.00,39<\/td><td>Veli-Jukka Hattula -88<\/td><td>2005<\/td><\/tr><\/tbody><\/table><\/figure>\n\n\n\n<h2 class=\"wp-block-heading\"><strong>1500 m<\/strong><\/h2>\n\n\n\n<figure class=\"wp-block-table\"><table><tbody><tr><td>3.52,8h<\/td><td>Reijo H\u00f6ykinpuro -33<\/td><td>1956<\/td><\/tr><tr><td>3.55,8h<\/td><td>Pekka H\u00f6ykinpuro -35<\/td><td>1956<\/td><\/tr><tr><td>3.57,18<\/td><td>Antti Iham\u00e4ki -97<\/td><td>2022<\/td><\/tr><tr><td>3.57,37<\/td><td>Jussi Takala -74<\/td><td>1999<\/td><\/tr><tr><td>3.59,0h<\/td><td>P\u00e4ivi\u00f6 Niemi-Pyntt\u00e4ri -33<\/td><td>1956<\/td><\/tr><tr><td>4.01,0h<\/td><td>Paavo H\u00f6ykinpuro -35<\/td><td>1955<\/td><\/tr><tr><td>4.01,6h<\/td><td>Henry Lepp\u00e4aho -66<\/td><td>1992<\/td><\/tr><tr><td>4.02,8h<\/td><td>Jukka V\u00e4h\u00e4-Pesola -64<\/td><td>1981<\/td><\/tr><tr><td>4.03,2h<\/td><td>Risto Parkkila -58<\/td><td>1976<\/td><\/tr><tr><td>4.03,8h<\/td><td>Tapio Sivula -62<\/td><td>1980<\/td><\/tr><tr><td>4.03,8h<\/td><td>Felix Latvala -27<\/td><td>1951<\/td><\/tr><\/tbody><\/table><\/figure>\n\n\n\n<h2 class=\"wp-block-heading\"><strong>3000 m<\/strong><\/h2>\n\n\n\n<figure class=\"wp-block-table\"><table><tbody><tr><td>8.12,34<\/td><td>Antti Iham\u00e4ki -97<\/td><td>2023<\/td><\/tr><tr><td>8.20,8h<\/td><td>Reijo H\u00f6ykinpuro -33<\/td><td>1956<\/td><\/tr><tr><td>8.28,6h<\/td><td>Pekka H\u00f6ykinpuro -35<\/td><td>1955<\/td><\/tr><tr><td>8.31,0h<\/td><td>Paavo H\u00f6ykinpuro -35<\/td><td>1957<\/td><\/tr><tr><td>8.44,2h<\/td><td>P\u00e4ivi\u00f6 Niemi-Pyntt\u00e4ri -33<\/td><td>1956<\/td><\/tr><tr><td>8.47,16<\/td><td>Jussi Takala -74<\/td><td>2002<\/td><\/tr><tr><td>8.52,82<\/td><td>Henry Lepp\u00e4aho -66<\/td><td>1992<\/td><\/tr><tr><td>9.00,10<\/td><td>Veli-Jukka Hattula -88<\/td><td>2005<\/td><\/tr><tr><td>9.04,08<\/td><td>Pekka Moisio -88<\/td><td>2004<\/td><\/tr><tr><td>10.11,73<\/td><td>Sampo Sepp\u00e4 -98<\/td><td>2016<\/td><\/tr><\/tbody><\/table><\/figure>\n\n\n\n<h2 class=\"wp-block-heading\"><strong>5000 m<\/strong><\/h2>\n\n\n\n<figure class=\"wp-block-table\"><table><tbody><tr><td>14.09,69<\/td><td>Antti Iham\u00e4ki -97<\/td><td>2023<\/td><\/tr><tr><td>14.34,6h<\/td><td>Reijo H\u00f6ykinpuro -33<\/td><td>1956<\/td><\/tr><tr><td>15.02,0h<\/td><td>Pekka H\u00f6ykinpuro -35<\/td><td>1954<\/td><\/tr><tr><td>15.05,0h<\/td><td>P\u00e4ivi\u00f6 Niemi-Pyntt\u00e4ri -33<\/td><td>1961<\/td><\/tr><tr><td>15.05,2h<\/td><td>Paavo H\u00f6ykinpuro -35<\/td><td>1958<\/td><\/tr><tr><td>15.06,58<\/td><td>Jussi Takala -74<\/td><td>2004<\/td><\/tr><tr><td>15.31,0h<\/td><td>Jaakko Herrala<\/td><td>1961<\/td><\/tr><tr><td>16.52,14<\/td><td>Veli-Jukka Hattula -88<\/td><td>2006<\/td><\/tr><\/tbody><\/table><\/figure>\n\n\n\n<h2 class=\"wp-block-heading\"><strong>10 000 m<\/strong><\/h2>\n\n\n\n<figure class=\"wp-block-table\"><table><tbody><tr><td>29.28,03<\/td><td>Antti Iham\u00e4ki -97<\/td><td>2023<\/td><\/tr><tr><td>31.15,6h<\/td><td>Mikko Luoma-aho -62<\/td><td>1986<\/td><\/tr><tr><td>31.19,0h<\/td><td>Reijo H\u00f6ykinpuro -33<\/td><td>1956<\/td><\/tr><tr><td>31.19,8h<\/td><td>Pekka H\u00f6ykinpuro -35<\/td><td>1956<\/td><\/tr><tr><td>31.37,43<\/td><td>Jussi Takala -74<\/td><td>2002<\/td><\/tr><tr><td>31.43,6h<\/td><td>P\u00e4ivi\u00f6 Niemi-Pyntt\u00e4ri -33<\/td><td>1956<\/td><\/tr><tr><td>31.45,0h<\/td><td>Paavo H\u00f6ykinpuro -35<\/td><td>1958<\/td><\/tr><tr><td>32.31,6h<\/td><td>Toivo M\u00e4nnist\u00f6 -28<\/td><td>1956<\/td><\/tr><tr><td>32.34,6h<\/td><td>Matti Herrala -30<\/td><td>1961<\/td><\/tr><tr><td>32.36,2h<\/td><td>Jaakko Herrala<\/td><td>1961<\/td><\/tr><\/tbody><\/table><\/figure>\n\n\n\n<h2 class=\"wp-block-heading\"><strong>Puolimaraton<\/strong><\/h2>\n\n\n\n<figure class=\"wp-block-table\"><table><tbody><tr><td>1.05.47<\/td><td>Antti Iham\u00e4ki -97<\/td><td>2022<\/td><\/tr><tr><td>1.11.03<\/td><td>Jussi Takala -74<\/td><td>2004<\/td><\/tr><tr><td>1.20.03<\/td><td>Jani Rintala -88<\/td><td>2012<\/td><\/tr><tr><td>1.24.08<\/td><td>Henry Lepp\u00e4aho -66<\/td><td>2013<\/td><\/tr><tr><td>2.10.16<\/td><td>Heikki Laurila -42<\/td><td>2010<\/td><\/tr><\/tbody><\/table><\/figure>\n\n\n\n<h2 class=\"wp-block-heading\"><strong>Maraton<\/strong><\/h2>\n\n\n\n<figure class=\"wp-block-table\"><table><tbody><tr><td>2.24.42<\/td><td>Antti Iham\u00e4ki -97<\/td><td>2021<\/td><\/tr><tr><td>2.35.55<\/td><td>Jussi Takala -74<\/td><td>2003<\/td><\/tr><tr><td>2.57.13<\/td><td>Jukka Kuoppala -61<\/td><td>2007<\/td><\/tr><tr><td>3.06.33<\/td><td>Jani Rintala -88<\/td><td>2015<\/td><\/tr><tr><td>3.13.01<\/td><td>Henry Lepp\u00e4aho -66<\/td><td>2012<\/td><\/tr><tr><td>3.30,01<\/td><td>Tatu Mariapori<\/td><td>2021<\/td><\/tr><tr><td>3.38,18<\/td><td>John-Eerik Sivula -90<\/td><td><strong>2025<\/strong><\/td><\/tr><tr><td>3.40.23<\/td><td>Tapio Peltokangas -50<\/td><td>2010<\/td><\/tr><tr><td>4.56.05<\/td><td>Heikki Laurila -42<\/td><td>2012<\/td><\/tr><\/tbody><\/table><\/figure>\n\n\n\n<h2 class=\"wp-block-heading\"><strong>3000 m esteet<\/strong><\/h2>\n\n\n\n<figure class=\"wp-block-table\"><table><tbody><tr><td>9.17,6h<\/td><td>Paavo H\u00f6ykinpuro -35<\/td><td>1958<\/td><\/tr><tr><td>9.25,6h<\/td><td>Pekka H\u00f6ykinpuro -35<\/td><td>1956<\/td><\/tr><tr><td>9.35,6h<\/td><td>P\u00e4ivi\u00f6 Niemi-Pyntt\u00e4ri -33<\/td><td>1957<\/td><\/tr><tr><td>9.41,86<\/td><td>Veli-Jukka Hattula -88<\/td><td>2007<\/td><\/tr><tr><td>9.43,0h<\/td><td>Felix Latvala -27<\/td><td>1951<\/td><\/tr><tr><td>9.58,89<\/td><td>Jussi Takala -74<\/td><td>1994<\/td><\/tr><tr><td>10.03,2h<\/td><td>Matti Herrala -30<\/td><td>1965<\/td><\/tr><tr><td>10.05,0h<\/td><td>Taisto Kangastupa<\/td><td>1966<\/td><\/tr><tr><td>10.06,4h<\/td><td>Toivo Pitk\u00e4nen<\/td><td>1951<\/td><\/tr><tr><td>10.08,0h<\/td><td>Jussi Pitk\u00e4nen<\/td><td>1956<\/td><\/tr><\/tbody><\/table><\/figure>\n\n\n\n<h2 class=\"wp-block-heading\"><strong>110 m aidat<\/strong> (106,7 cm)<\/h2>\n\n\n\n<figure class=\"wp-block-table\"><table><tbody><tr><td>14,13<\/td><td>+0.6<\/td><td>Ville Rajala -93<\/td><td>2017<\/td><\/tr><tr><td>16,2h<\/td><td>&nbsp;<\/td><td>Erkki Harju -32<\/td><td>1952<\/td><\/tr><tr><td>16,30<\/td><td>-0.1<\/td><td>Jukka Lahti -72<\/td><td>1993<\/td><\/tr><tr><td>16,3h<\/td><td>&nbsp;<\/td><td>Reijo V\u00e4h\u00e4l\u00e4 -46<\/td><td>1965<\/td><\/tr><tr><td>16,4h<\/td><td>&nbsp;<\/td><td>Heikki Yli-Juuti -42<\/td><td>1961<\/td><\/tr><tr><td>16,43<\/td><td>-0.1<\/td><td>Asko Alanen -71<\/td><td>1993<\/td><\/tr><tr><td>16,5h<\/td><td>&nbsp;<\/td><td>Matti Viitasaari -32<\/td><td>1955<\/td><\/tr><tr><td>16,6h<\/td><td>&nbsp;<\/td><td>Matti Harju -30<\/td><td>1954<\/td><\/tr><tr><td>16,83<\/td><td>+1.6<\/td><td>Harri Lepp\u00e4aho -67<\/td><td>1993<\/td><\/tr><tr><td>17,23<\/td><td>+0.7<\/td><td>Ville Rantala -66<\/td><td>1993<\/td><\/tr><\/tbody><\/table><\/figure>\n\n\n\n<h2 class=\"wp-block-heading\"><strong>400 m aidat<\/strong><\/h2>\n\n\n\n<figure class=\"wp-block-table\"><table><tbody><tr><td>55,22<\/td><td>Harri Lepp\u00e4aho -67<\/td><td>1996<\/td><\/tr><tr><td>55,1h<br>(=55,24)<\/td><td>Heikki Vainio -34<\/td><td>1958<\/td><\/tr><tr><td>57,07<\/td><td>Jarkko Mikkola -78<\/td><td>1998<\/td><\/tr><tr><td>57,3h<\/td><td>Matti Harju -30<\/td><td>1954<\/td><\/tr><tr><td>57,7h<\/td><td>Matti Viitasaari -32<\/td><td>1955<\/td><\/tr><tr><td>59,4h<\/td><td>Felix Latvala -27<\/td><td>1951<\/td><\/tr><tr><td>60,14<\/td><td>Asko Alanen -71<\/td><td>1990<\/td><\/tr><tr><td>60,49<\/td><td>Jukka Lahti -72<\/td><td>2000<\/td><\/tr><\/tbody><\/table><\/figure>\n\n\n\n<h2 class=\"wp-block-heading\"><strong>Korkeus<\/strong><\/h2>\n\n\n\n<figure class=\"wp-block-table\"><table><tbody><tr><td>217<\/td><td>Reijo V\u00e4h\u00e4l\u00e4 -46<\/td><td>1969<\/td><\/tr><tr><td>190<\/td><td>Tapani V\u00e4h\u00e4l\u00e4 -38<\/td><td>1959<\/td><\/tr><tr><td>185<\/td><td>Jaakko Juuti<\/td><td>1958<\/td><\/tr><tr><td>182<\/td><td>Terho Peltoniemi<\/td><td>1958<\/td><\/tr><tr><td>181<\/td><td>Jaakko Yli-Sissala -33<\/td><td>1953<\/td><\/tr><tr><td>179<\/td><td>Masamitsu Amemori -83<\/td><td>1998<\/td><\/tr><tr><td>175<\/td><td>Kalle Ikonen -86<\/td><td>2004<\/td><\/tr><tr><td>172<\/td><td>Ville Rajala -93<\/td><td>2009<\/td><\/tr><tr><td>172<\/td><td>Lauri M\u00e4nnist\u00f6 -99<\/td><td>2014<\/td><\/tr><tr><td>170<\/td><td>Ville Niemi -83<\/td><td>1996<\/td><\/tr><tr><td>166<\/td><td>Ville Rantala -66<\/td><td>2006<\/td><\/tr><\/tbody><\/table><\/figure>\n\n\n\n<h2 class=\"wp-block-heading\"><strong>Seiv\u00e4s<\/strong><\/h2>\n\n\n\n<figure class=\"wp-block-table\"><table><tbody><tr><td>571<\/td><td>Mikko Paavola -98  (ulkorata)<\/td><td>2021<\/td><\/tr><tr><td>530<\/td><td>Yrj\u00f6 M\u00e4nnist\u00f6 -61<\/td><td>1982<\/td><\/tr><tr><td>440<\/td><td>Masamitsu Amemori -83<\/td><td>2001<\/td><\/tr><tr><td>430<\/td><td>Antti Sillanp\u00e4\u00e4 -61<\/td><td>1979<\/td><\/tr><tr><td>410<\/td><td>Mikko Ojala -93<\/td><td>2010<\/td><\/tr><tr><td>410<\/td><td>Wiljami Koskela -98<\/td><td>2014<\/td><\/tr><tr><td>405<\/td><td>Jaakko V\u00e4h\u00e4l\u00e4 -41<\/td><td>1963<\/td><\/tr><tr><td>400<\/td><td>Asko Alanen -71<\/td><td>1989<\/td><\/tr><tr><td>390<\/td><td>Taisto Joensuu -37<\/td><td>1957<\/td><\/tr><tr><td>371<\/td><td>Heikki Luoma -34<\/td><td>1958<\/td><\/tr><\/tbody><\/table><\/figure>\n\n\n\n<h2 class=\"wp-block-heading\"><strong>Pituus<\/strong><\/h2>\n\n\n\n<figure class=\"wp-block-table\"><table><tbody><tr><td>7,51<\/td><td>+0.7<\/td><td>Timo Isokangas -63<\/td><td>1988<\/td><\/tr><tr><td>6,66<\/td><td>+0.8<\/td><td>Teemu Jokela -82<\/td><td>2001<\/td><\/tr><tr><td>6,65<\/td><td>+1.6<\/td><td>Ville Rantala -66<\/td><td>1984<\/td><\/tr><tr><td>6,63<\/td><td>-0.8<\/td><td>Juha Mantila -68<\/td><td>2001<\/td><\/tr><tr><td>6,62<\/td><td>+1.9<\/td><td>Masamitsu Amemori -83<\/td><td>2001<\/td><\/tr><tr><td>6,31<\/td><td>-0.3<\/td><td>Tuomas Salenius -93<\/td><td>2009<\/td><\/tr><tr><td>6,24<\/td><td>+1.5<\/td><td>Jarkko Helenius -69<\/td><td>1985<\/td><\/tr><tr><td>6,20<\/td><td>+0.4<\/td><td>Jukka Lahti -72<\/td><td>1993<\/td><\/tr><tr><td>5,79<\/td><td>&nbsp;<\/td><td>Martti Pollari -58<\/td><td>1972<\/td><\/tr><tr><td>5,72<\/td><td>-1.0<\/td><td>Ville Rajala -93<\/td><td>2009<\/td><\/tr><tr><td>5,71<\/td><td>-0.5<\/td><td>Juho M\u00e4nnist\u00f6 -97<\/td><td>2014<\/td><\/tr><\/tbody><\/table><\/figure>\n\n\n\n<h2 class=\"wp-block-heading\"><strong>Kolmiloikka<\/strong><\/h2>\n\n\n\n<figure class=\"wp-block-table\"><table><tbody><tr><td>14,65<\/td><td>+0.5<\/td><td>Ville Rantala -66<\/td><td>1993<\/td><\/tr><tr><td>14,38<\/td><td>-2.0<\/td><td>Jarkko Helenius -69<\/td><td>1986<\/td><\/tr><tr><td>14,38<\/td><td>+1.3<\/td><td>Juha Mantila -68<\/td><td>2001<\/td><\/tr><tr><td>13,92<\/td><td>&nbsp;<\/td><td>Reijo V\u00e4h\u00e4l\u00e4 -46<\/td><td>1965<\/td><\/tr><tr><td>13,82<\/td><td>&nbsp;<\/td><td>Terho Peltoniemi<\/td><td>1958<\/td><\/tr><tr><td>13,81<\/td><td>&nbsp;<\/td><td>Jaakko Yli-Sissala -33<\/td><td>1953<\/td><\/tr><tr><td>13,66<\/td><td>&nbsp;<\/td><td>Pauli Alanen -50<\/td><td>1971<\/td><\/tr><tr><td>13,10<\/td><td>-1.7<\/td><td>Teemu Salenius -88<\/td><td>2004<\/td><\/tr><tr><td>12,76<\/td><td>+0.8<\/td><td>Masamitsu Amemori -83<\/td><td>1972<\/td><\/tr><tr><td>12,67<\/td><td>&nbsp;<\/td><td>Heino Koivukoski -58<\/td><td>1972<\/td><\/tr><tr><td>12,41<\/td><td>+0.7<\/td><td>Tuomas Salenius -93<\/td><td>2008<\/td><\/tr><\/tbody><\/table><\/figure>\n\n\n\n<h2 class=\"wp-block-heading\"><strong>Kuula<\/strong> (7,26 kg)<\/h2>\n\n\n\n<figure class=\"wp-block-table\"><table><tbody><tr><td>14,66<\/td><td>Seppo Yli-Sissala -46<\/td><td>1972<\/td><\/tr><tr><td>14,42<\/td><td>Erkki Juuti -31<\/td><td>1955<\/td><\/tr><tr><td>13,97<\/td><td>Jaakko Yli-Sissala -33<\/td><td>1956<\/td><\/tr><tr><td>13,73<\/td><td>Teemu Salenius -88<\/td><td>2007<\/td><\/tr><tr><td>13,49<\/td><td>Erkki Viitasaari -16<\/td><td>1946<\/td><\/tr><tr><td>13,33<\/td><td>Markus Joensuu -79<\/td><td>1998<\/td><\/tr><tr><td>13,24<\/td><td>V\u00e4in\u00f6 Sippola -22<\/td><td>1948<\/td><\/tr><tr><td>12,38<\/td><td>Sami Peltom\u00e4ki -91<\/td><td>2013<\/td><\/tr><tr><td>12,25<\/td><td>Oskari Lepp\u00e4aho -01<\/td><td>2023<\/td><\/tr><\/tbody><\/table><\/figure>\n\n\n\n<h2 class=\"wp-block-heading\"><strong>Kiekko<\/strong> (2 kg)<\/h2>\n\n\n\n<figure class=\"wp-block-table\"><table><tbody><tr><td>47,50<\/td><td>Seppo Juuti -45<\/td><td>1966<\/td><\/tr><tr><td>47,12<\/td><td>Heikki Myllykangas -51<\/td><td>1971<\/td><\/tr><tr><td>46,32<\/td><td>Erkki Juuti -31<\/td><td>1955<\/td><\/tr><tr><td>44,92<\/td><td>Risto Vesala -46<\/td><td>1966<\/td><\/tr><tr><td>43,11<\/td><td>Raimo Myllykangas -46<\/td><td>1966<\/td><\/tr><tr><td>42,77<\/td><td>Kaarlo Nelimarkka -41<\/td><td>1961<\/td><\/tr><tr><td>42,22<\/td><td>Markus Joensuu -79<\/td><td>1998<\/td><\/tr><tr><td>38,55<\/td><td>Juhana Karjanlahti -00<\/td><td>2020<\/td><\/tr><tr><td>38,22<\/td><td>Risto Vasala -47<\/td><td>1967<\/td><\/tr><tr><td>34,46<\/td><td>Sami Peltom\u00e4ki -91<\/td><td>2013<\/td><\/tr><\/tbody><\/table><\/figure>\n\n\n\n<h2 class=\"wp-block-heading\"><strong>Moukari<\/strong> (7,26 kg)<\/h2>\n\n\n\n<figure class=\"wp-block-table\"><table><tbody><tr><td>69,01<\/td><td>Juhana Karjanlahti -00 <\/td><td><strong>2025<\/strong><\/td><\/tr><tr><td>59,81<\/td><td>Ilari Huttula -90<\/td><td>2012<\/td><\/tr><\/tbody><\/table><\/figure>\n\n\n\n<h2 class=\"wp-block-heading\"> <strong>Keih\u00e4s vanha malli (-1985)<\/strong> <\/h2>\n\n\n\n<figure class=\"wp-block-table\"><table><tbody><tr><td>72,54<\/td><td>Tarmo Hautam\u00e4ki -49<\/td><td>1970<\/td><\/tr><tr><td>69,72<\/td><td>Ari-Pekka Savola -65<\/td><td>1984<\/td><\/tr><tr><td>66,70<\/td><td>Heimo Hautam\u00e4ki<\/td><td>1960<\/td><\/tr><tr><td>66,46<\/td><td>Risto Per\u00e4l\u00e4 -56<\/td><td>1982<\/td><\/tr><tr><td>62,13<\/td><td>P. Tuominen -47<\/td><td>1964<\/td><\/tr><tr><td>51,62<\/td><td>Heimo H\u00f6ykinpuro -49<\/td><td>1966<\/td><\/tr><\/tbody><\/table><\/figure>\n\n\n\n<h2 class=\"wp-block-heading\"> <strong>Keih\u00e4s (1986-)<\/strong> <\/h2>\n\n\n\n<figure class=\"wp-block-table\"><table><tbody><tr><td>80,36<\/td><td>Sami Peltom\u00e4ki -91<\/td><td>2014<\/td><\/tr><tr><td>78,08<\/td><td>Marko Kantanen -78<\/td><td>2004<\/td><\/tr><tr><td>77,78<\/td><td>Aleksi Yli-Mannila -01<\/td><td>2023<\/td><\/tr><tr><td>77,17<\/td><td>Kalle Sillanp\u00e4\u00e4 -83<\/td><td>2007<\/td><\/tr><tr><td>74,32<\/td><td>Toni Kuusela -94<\/td><td>2014<\/td><\/tr><tr><td>73,22<\/td><td>Markku Liikala -74<\/td><td>2002<\/td><\/tr><tr><td>68,09<\/td><td>Oskari Lepp\u00e4aho -01<\/td><td><strong>2025<\/strong><\/td><\/tr><tr><td>66,02<\/td><td>Mauri Lepp\u00e4aho -73<\/td><td>1996<\/td><\/tr><tr><td>64,82<\/td><td>Ari-Pekka Savola -65<\/td><td>1987<\/td><\/tr><tr><td>64,42<\/td><td>Olavi Yli-Mannila -04<\/td><td>2023<\/td><\/tr><tr><td>61,68<\/td><td>Konsta Latvala -93<\/td><td>2011<\/td><\/tr><tr><td>57,02<\/td><td>Jukka Viitasaari -81<\/td><td>1999<\/td><\/tr><tr><td>52,47<\/td><td>Henri Pitk\u00e4kangas -06<\/td><td><strong>2025<\/strong><\/td><\/tr><\/tbody><\/table><\/figure>\n\n\n\n<h2 class=\"wp-block-heading\"><strong>10-ottelu<\/strong><\/h2>\n\n\n\n<figure class=\"wp-block-table\"><table><tbody><tr><td>5926<\/td><td>Reijo V\u00e4h\u00e4l\u00e4 -46<\/td><td>1967<\/td><\/tr><tr><td>5800<\/td><td>Jukka Lahti -72<\/td><td>1999<\/td><\/tr><tr><td>5784<\/td><td>Yrjo M\u00e4nnist\u00f6 -61<\/td><td>1981<\/td><\/tr><tr><td>5585<\/td><td>Ville Rantala -66<\/td><td>1993<\/td><\/tr><tr><td>5565<\/td><td>Harri Lepp\u00e4aho -67<\/td><td>1993<\/td><\/tr><tr><td>5543<\/td><td>Asko Alanen -71<\/td><td>1989<\/td><\/tr><tr><td>5294<\/td><td>Matti M\u00e4kel\u00e4 -32<\/td><td>1955<\/td><\/tr><tr><td>5177<\/td><td>Jaakko Yli-Sissala -33<\/td><td>1953<\/td><\/tr><tr><td>5141<\/td><td>Juha Mantila -68<\/td><td>1991<\/td><\/tr><\/tbody><\/table><\/figure>\n","protected":false},"excerpt":{"rendered":"<p>Aikuisten tilastot otettu suoraan&nbsp;Tilastopajasta. K\u00e4siaikoja ei ole muutettu s\u00e4hk\u00f6aikoja vastaaviksi, kuten&nbsp;seuraenn\u00e4tysten&nbsp;laadinnassa p\u00e4\u00e4osin on tehty. 100 m 10,68 +1.7 Teemu Jokela -82 2005 10,93 +1.7 Mikko Paavola -98 2023 11,23 +1.3 Teemu Tuomela -00 2018 11,48 +0.9 Jarmo Vuorinen -83 2000 11,48 +1.3 Masamitsu Amemori -83 2001 11,52 +1.6 Harri Lepp\u00e4aho -67 1994 11,62 +1.9 Vesa &hellip; <\/p>\n<p class=\"link-more\"><a href=\"https:\/\/www.alajarvenankkurit.fi\/yleisurheilu\/tilastot\/miehet-2\/\" class=\"more-link\">Jatka lukemista<span class=\"screen-reader-text\"> &#8221;Miehet&#8221;<\/span><\/a><\/p>\n","protected":false},"author":5,"featured_media":0,"parent":521,"menu_order":0,"comment_status":"closed","ping_status":"closed","template":"","meta":{"footnotes":""},"class_list":["post-571","page","type-page","status-publish","hentry"],"_links":{"self":[{"href":"https:\/\/www.alajarvenankkurit.fi\/yleisurheilu\/wp-json\/wp\/v2\/pages\/571","targetHints":{"allow":["GET"]}}],"collection":[{"href":"https:\/\/www.alajarvenankkurit.fi\/yleisurheilu\/wp-json\/wp\/v2\/pages"}],"about":[{"href":"https:\/\/www.alajarvenankkurit.fi\/yleisurheilu\/wp-json\/wp\/v2\/types\/page"}],"author":[{"embeddable":true,"href":"https:\/\/www.alajarvenankkurit.fi\/yleisurheilu\/wp-json\/wp\/v2\/users\/5"}],"replies":[{"embeddable":true,"href":"https:\/\/www.alajarvenankkurit.fi\/yleisurheilu\/wp-json\/wp\/v2\/comments?post=571"}],"version-history":[{"count":21,"href":"https:\/\/www.alajarvenankkurit.fi\/yleisurheilu\/wp-json\/wp\/v2\/pages\/571\/revisions"}],"predecessor-version":[{"id":7992,"href":"https:\/\/www.alajarvenankkurit.fi\/yleisurheilu\/wp-json\/wp\/v2\/pages\/571\/revisions\/7992"}],"up":[{"embeddable":true,"href":"https:\/\/www.alajarvenankkurit.fi\/yleisurheilu\/wp-json\/wp\/v2\/pages\/521"}],"wp:attachment":[{"href":"https:\/\/www.alajarvenankkurit.fi\/yleisurheilu\/wp-json\/wp\/v2\/media?parent=571"}],"curies":[{"name":"wp","href":"https:\/\/api.w.org\/{rel}","templated":true}]}}