{"id":568,"date":"2019-11-25T23:33:00","date_gmt":"2019-11-25T21:33:00","guid":{"rendered":"http:\/\/212.66.193.72\/~cp4520516\/yleisurheilu\/?page_id=568"},"modified":"2025-11-01T23:52:00","modified_gmt":"2025-11-01T21:52:00","slug":"naiset-2","status":"publish","type":"page","link":"https:\/\/www.alajarvenankkurit.fi\/yleisurheilu\/tilastot\/naiset-2\/","title":{"rendered":"Naiset"},"content":{"rendered":"\n<p> Aikuisten tilastot otettu suoraan&nbsp;<a rel=\"noreferrer noopener\" href=\"http:\/\/www.tilastopaja.eu\/fi\/\" target=\"_blank\">Tilastopajasta<\/a>. K\u00e4siaikoja ei ole muutettu s\u00e4hk\u00f6aikoja vastaaviksi, kuten&nbsp;<a rel=\"noreferrer noopener\" href=\"http:\/\/www.alajarvenankkurit.fi\/yleisurheilu\/seuraennatykset\/\" target=\"_blank\">seuraenn\u00e4tysten<\/a>&nbsp;laadinnassa p\u00e4\u00e4osin on tehty. <\/p>\n\n\n\n<h2 class=\"wp-block-heading\"><strong>100 m<\/strong><\/h2>\n\n\n\n<figure class=\"wp-block-table\"><table><tbody><tr><td>12,25<\/td><td>+1.6<\/td><td>Kati Linnanm\u00e4ki -73<\/td><td>1990<\/td><\/tr><tr><td>12,79<\/td><td>+0.8<\/td><td>Eucabeth Kivikangas -02<\/td><td>2017<\/td><\/tr><tr><td>12,89<\/td><td>+1.9<\/td><td>Suvi Pitk\u00e4nen -86<\/td><td>2003<\/td><\/tr><tr><td>12,91<\/td><td>-1.3<\/td><td>Tuija Rajala -64<\/td><td>1989<\/td><\/tr><tr><td>12,96<\/td><td>-0.2<\/td><td>Milja-Maria Lahti -06<\/td><td>2022<\/td><\/tr><tr><td>13,11<\/td><td>+1.2<\/td><td>Iida Koskela -94<\/td><td>2010<\/td><\/tr><tr><td>13,13<\/td><td>+1.9<\/td><td>Katariina Lepp\u00e4aho -07<\/td><td>2023<\/td><\/tr><tr><td>13,17<\/td><td>+0.6<\/td><td>Emilia Sillanp\u00e4\u00e4 -78<\/td><td>1996<\/td><\/tr><tr><td>13,41<\/td><td>-1.6<\/td><td>Sara Vuorela -07<\/td><td>2023<\/td><\/tr><tr><td>13,70<\/td><td>+1.5<\/td><td>Emmi-Lotta Taipale -88<\/td><td>2001<\/td><\/tr><tr><td>13,72<\/td><td>+1.2<\/td><td>Seliina Kuoppa-aho -06<\/td><td>2020<\/td><\/tr><tr><td>13,77<\/td><td>+1.4<\/td><td>Siru Viitasaari -97<\/td><td>2011<\/td><\/tr><tr><td>13,94<\/td><td>+0.8<\/td><td>Vilma H\u00e4nninen -01<\/td><td>2016<\/td><\/tr><\/tbody><\/table><\/figure>\n\n\n\n<h2 class=\"wp-block-heading\"><strong>200 m<\/strong><\/h2>\n\n\n\n<figure class=\"wp-block-table\"><table><tbody><tr><td>25,75<\/td><td>-1.1<\/td><td>Kati Linnanm\u00e4ki -73<\/td><td>1990<\/td><\/tr><tr><td>26,02<\/td><td>-0.6<\/td><td>Eucabeth Kivikangas -02<\/td><td><strong>2025<\/strong><\/td><\/tr><tr><td>26,77<\/td><td>+2.0<\/td><td>Susanna Saarimaa -75<\/td><td>1991<\/td><\/tr><tr><td>26,87<\/td><td>+1.0<\/td><td>Emilia Sillanp\u00e4\u00e4 -78<\/td><td>1995<\/td><\/tr><tr><td>26,91<\/td><td>+0.7<\/td><td>Milja-Maria Lahti -06<\/td><td>2022<\/td><\/tr><tr><td>27,26<\/td><td>+1.4<\/td><td>Katariina Lepp\u00e4aho -07<\/td><td>2023<\/td><\/tr><tr><td>27,43<\/td><td>+0.0<\/td><td>Suvi Pitk\u00e4nen -86<\/td><td>2003<\/td><\/tr><tr><td>27,49<\/td><td>-0.5<\/td><td>Iida Koskela -94<\/td><td>2010<\/td><\/tr><tr><td>27,54<\/td><td>+0.9<\/td><td>Eeva-Leena Nelimarkka -77<\/td><td>1993<\/td><\/tr><tr><td>27,69<\/td><td>-0.9<\/td><td>Sara Vuorela -07<\/td><td>2023<\/td><\/tr><tr><td>28,39<\/td><td>+0.6<\/td><td>Emmi-Lotta Taipale -88<\/td><td>2001<\/td><\/tr><tr><td>28,48<\/td><td>-1.9<\/td><td>Seliina Kuoppa-aho -06<\/td><td>2021<\/td><\/tr><tr><td>28,60<\/td><td>+0.0<\/td><td>Liinu J\u00e4rvinen -06<\/td><td>2022<\/td><\/tr><tr><td>28,70<\/td><td>-1.1<\/td><td>Anniina Viitasaari -07<\/td><td>2023<\/td><\/tr><tr><td>28,82<\/td><td>+0.0<\/td><td>Valma Salom\u00e4ki -99<\/td><td>2012<\/td><\/tr><tr><td>28,98<\/td><td>+0.8<\/td><td>Saara Rintala -95<\/td><td>2008<\/td><\/tr><\/tbody><\/table><\/figure>\n\n\n\n<h2 class=\"wp-block-heading\"><strong>400 m<\/strong><\/h2>\n\n\n\n<figure class=\"wp-block-table\"><table><tbody><tr><td>60,08<\/td><td>Kati Linnanm\u00e4ki -73<\/td><td>1990<\/td><\/tr><tr><td>60,20<\/td><td>Eucabeth Kivikangas -02<\/td><td>2016<\/td><\/tr><tr><td>60,68<\/td><td>Helj\u00e4 Franssila -73<\/td><td>1995<\/td><\/tr><tr><td>61,36<\/td><td>Emilia Sillanp\u00e4\u00e4 -78<\/td><td>1995<\/td><\/tr><tr><td>61,81<\/td><td>Katariina Lepp\u00e4aho -07<\/td><td>2024<\/td><\/tr><tr><td>62,16<\/td><td>Netta Valli -80<\/td><td>1995<\/td><\/tr><tr><td>63,53<\/td><td>Liinu J\u00e4rvinen -06<\/td><td><strong>2025<\/strong><\/td><\/tr><tr><td>64,75<\/td><td>Seliina Kuoppa-aho -06<\/td><td>2020<\/td><\/tr><tr><td>65,26<\/td><td>Ilona Takala -06<\/td><td><strong>2025<\/strong><\/td><\/tr><\/tbody><\/table><\/figure>\n\n\n\n<h2 class=\"wp-block-heading\"><strong>800 m<\/strong><\/h2>\n\n\n\n<figure class=\"wp-block-table\"><table><tbody><tr><td>2.16,29<\/td><td>Helj\u00e4 Franssila -73<\/td><td>1995<\/td><\/tr><tr><td>2.19,69<\/td><td>Netta Valli -80<\/td><td>1995<\/td><\/tr><tr><td>2.20,77<\/td><td>Viola Takala -08<\/td><td>2023<\/td><\/tr><tr><td>2.22,83<\/td><td>Mirva Hautala -78<\/td><td>1991<\/td><\/tr><tr><td>2.26,00<\/td><td>Liinu J\u00e4rvinen -06<\/td><td>2023<\/td><\/tr><tr><td>2.27,2h<\/td><td>Tuulia Yli-Mannila -82<\/td><td>1997<\/td><\/tr><tr><td>2.27,51<\/td><td>Seliina Kuoppa-aho -06<\/td><td>2021<\/td><\/tr><tr><td>2.27,9h<\/td><td>Eila Paalij\u00e4rvi -55<\/td><td>1972<\/td><\/tr><tr><td>2.28,21<\/td><td>Eucabeth Kivikangas -02<\/td><td>2018<\/td><\/tr><tr><td>2.29,53<\/td><td>Ilona Takala -06<\/td><td>2024<\/td><\/tr><tr><td>2.32,75<\/td><td>Virve Korpi -76<\/td><td>1989<\/td><\/tr><tr><td>2.33,71<\/td><td>Niina Virtanen -87<\/td><td>2000<\/td><\/tr><tr><td>2.35,39<\/td><td>Kirsi-Leena Keltikangas -83<\/td><td>1995<\/td><\/tr><tr><td>2.35,69<\/td><td>Aada Piispanen -09<\/td><td>2022<\/td><\/tr><tr><td>2.36,19<\/td><td>Fiia Koskela -00<\/td><td>2015<\/td><\/tr><\/tbody><\/table><\/figure>\n\n\n\n<h2 class=\"wp-block-heading\"><strong>1500 m<\/strong><\/h2>\n\n\n\n<figure class=\"wp-block-table\"><table><tbody><tr><td>4.35,20<\/td><td>Helj\u00e4 Franssila -73<\/td><td>1993<\/td><\/tr><tr><td>4.50,67<\/td><td>Mirva Hautala -78<\/td><td>1991<\/td><\/tr><tr><td>4.52,4h<\/td><td>Eila Paalij\u00e4rvi -55<\/td><td>1972<\/td><\/tr><tr><td>5.09,7h<\/td><td>Satu Ylinen<\/td><td>1999<\/td><\/tr><tr><td>5.09,94<\/td><td>Viola Takala -08<\/td><td><strong>2025<\/strong><\/td><\/tr><tr><td>5.09,95<\/td><td>Liinu J\u00e4rvinen -06<\/td><td>2023<\/td><\/tr><tr><td>5.13,24<\/td><td>Ilona Takala -06<\/td><td>2024<\/td><\/tr><tr><td>5.17,85<\/td><td>P\u00e4ivi Hautam\u00e4ki -83<\/td><td>2001<\/td><\/tr><tr><td>5.26,95<\/td><td>Niina Virtanen -87<\/td><td>1999<\/td><\/tr><tr><td>5.29,35<\/td><td>Liisa Kujanp\u00e4\u00e4 -87<\/td><td>2000<\/td><\/tr><tr><td>5.37,35<\/td><td>Sarianna Penninkangas -88<\/td><td>2000<\/td><\/tr><tr><td>5.47,22<\/td><td>Iida Koskela -94<\/td><td>2010<\/td><\/tr><tr><td>6.00,48<\/td><td>Linda-Lotta Kari -97<\/td><td>2009<\/td><\/tr><\/tbody><\/table><\/figure>\n\n\n\n<h2 class=\"wp-block-heading\"><strong>3000 m<\/strong><\/h2>\n\n\n\n<figure class=\"wp-block-table\"><table><tbody><tr><td>10.17,56<\/td><td>Helj\u00e4 Franssila -73<\/td><td>1994<\/td><\/tr><tr><td>10.41,29<\/td><td>Mirva Hautala -78<\/td><td>1992<\/td><\/tr><tr><td>10.46,0h<\/td><td>Eila Paalij\u00e4rvi -55<\/td><td>1972<\/td><\/tr><tr><td>11.04,11<\/td><td>P\u00e4ivi Hautam\u00e4ki -83<\/td><td>2001<\/td><\/tr><tr><td>11.13,58<\/td><td>Netta Valli -80<\/td><td>1995<\/td><\/tr><tr><td>11.16,71<\/td><td>Ulla Hakala -77<\/td><td>1998<\/td><\/tr><tr><td>11.19,05<\/td><td>Viola Takala -08<\/td><td>2023<\/td><\/tr><tr><td>11.28,44<\/td><td>Ilona Takala -06<\/td><td>2023<\/td><\/tr><tr><td>11.29,58<\/td><td>Kirsi Saarinen -79<\/td><td>1993<\/td><\/tr><tr><td>11.35,93<\/td><td>Niina Virtanen -87<\/td><td>2000<\/td><\/tr><tr><td>11.53,77<\/td><td>Tuulia Yli-Mannila -82<\/td><td>1995<\/td><\/tr><tr><td>12.04,2h<\/td><td>Milja Jokiaho -96<\/td><td>2009<\/td><\/tr><\/tbody><\/table><\/figure>\n\n\n\n<h2 class=\"wp-block-heading\"><strong>5000 m<\/strong><\/h2>\n\n\n\n<figure class=\"wp-block-table\"><table><tbody><tr><td>17.38,53<\/td><td>Helj\u00e4 Franssila -73<\/td><td>1993<\/td><\/tr><tr><td>19.44,10<\/td><td>Ulla Hakala -77<\/td><td>1998<\/td><\/tr><\/tbody><\/table><\/figure>\n\n\n\n<h2 class=\"wp-block-heading\"><strong>10 km tiejuoksu<\/strong><\/h2>\n\n\n\n<figure class=\"wp-block-table\"><table><tbody><tr><td>42.00<\/td><td>Ilona Takala -06<\/td><td>2024<\/td><\/tr><tr><td>42.36<\/td><td>Sarianna Penninkangas -88<\/td><td>2005<\/td><\/tr><tr><td>47.16<\/td><td>Ritva Rintala -60<\/td><td>2013<\/td><\/tr><tr><td>47.41<\/td><td>Fiia Koskela -00<\/td><td><strong>2025<\/strong><\/td><\/tr><tr><td>51.01<\/td><td>Helj\u00e4 Franssila -73<\/td><td>2014<\/td><\/tr><\/tbody><\/table><\/figure>\n\n\n\n<h2 class=\"wp-block-heading\"><strong>Maraton<\/strong><\/h2>\n\n\n\n<figure class=\"wp-block-table\"><table><tbody><tr><td>3.18.02<\/td><td>Ritva Rintala -60<\/td><td>2003<\/td><\/tr><tr><td>3.19.37<\/td><td>Ritva Herrala -60<\/td><td>1982<\/td><\/tr><tr><td>3.27.54<\/td><td>Anne Penninkangas<\/td><td>1984<\/td><\/tr><tr><td>3.32.55<\/td><td>Maija Kultavuori<\/td><td>1992<\/td><\/tr><\/tbody><\/table><\/figure>\n\n\n\n<h2 class=\"wp-block-heading\"><strong>100 m aidat<\/strong><\/h2>\n\n\n\n<figure class=\"wp-block-table\"><table><tbody><tr><td>13,83<\/td><td>+0.8<\/td><td>Tuija Rajala -64<\/td><td>1989<\/td><\/tr><tr><td>14,78<\/td><td>+1.8<\/td><td>Eucabeth Kivikangas -02<\/td><td><strong>2025<\/strong><\/td><\/tr><tr><td>15,70<\/td><td>+1.0<\/td><td>Iida Koskela -94<\/td><td>2011<\/td><\/tr><tr><td>16,07<\/td><td>-2.1<\/td><td>Suvi Pitk\u00e4nen -86<\/td><td>2003<\/td><\/tr><tr><td>16,17<\/td><td>+0.4<\/td><td>Emilia Sillanp\u00e4\u00e4 -78<\/td><td>1995<\/td><\/tr><tr><td>16,68<\/td><td>+1.2<\/td><td>Kati Linnanm\u00e4ki -73<\/td><td>1990<\/td><\/tr><tr><td>17,19<\/td><td>+0.1<\/td><td>Sara Vuorela -07<\/td><td><strong>2025<\/strong><\/td><\/tr><tr><td>17,40<\/td><td>+0.0<\/td><td>Anne Juuti -74<\/td><td>1992<\/td><\/tr><\/tbody><\/table><\/figure>\n\n\n\n<h2 class=\"wp-block-heading\"><strong>400 m aidat<\/strong><\/h2>\n\n\n\n<figure class=\"wp-block-table\"><table><tbody><tr><td>65,15<\/td><td>Katariina Lepp\u00e4aho -07<\/td><td>2024<\/td><\/tr><tr><td>65,58<\/td><td>Emilia Sillanp\u00e4\u00e4 -78<\/td><td>1996<\/td><\/tr><tr><td>68,26<\/td><td>Satu Seijari -73<\/td><td>1996<\/td><\/tr><tr><td>71,33<\/td><td>Sara Vuorela -07<\/td><td>2023<\/td><\/tr><tr><td>72,91<\/td><td>Ilona Takala -06<\/td><td>2020<\/td><\/tr><\/tbody><\/table><\/figure>\n\n\n\n<h2 class=\"wp-block-heading\"><strong>Korkeus<\/strong><\/h2>\n\n\n\n<figure class=\"wp-block-table\"><table><tbody><tr><td>168<\/td><td>Suvi Pitk\u00e4nen -86<\/td><td>2003<\/td><\/tr><tr><td>166<\/td><td>Roosa Latva-Laturi -02<\/td><td>2017<\/td><\/tr><tr><td>165<\/td><td>Tuija Rajala -64<\/td><td>1984<\/td><\/tr><tr><td>161<\/td><td>Helena Tunturi -44<\/td><td>1962<\/td><\/tr><tr><td>158<\/td><td>Katariina Lepp\u00e4aho -07<\/td><td>2023<\/td><\/tr><tr><td>157<\/td><td>Eucabeth Kivikangas -02<\/td><td><strong>2025<\/strong><\/td><\/tr><tr><td>156<\/td><td>Anne Juuti -74<\/td><td>1993<\/td><\/tr><tr><td>155<\/td><td>Essi Hautam\u00e4ki -95<\/td><td>2009<\/td><\/tr><tr><td>155<\/td><td>Iida Koskela -94<\/td><td>2009<\/td><\/tr><tr><td>148<\/td><td>Leena Kangastupa -54<\/td><td>1970<\/td><\/tr><tr><td>147<\/td><td>Bettina Yli-Sissala -00<\/td><td>2013<\/td><\/tr><tr><td>146<\/td><td>Anniina Viitasaari -07<\/td><td>2021<\/td><\/tr><tr><td>146<\/td><td>Veera Penninkangas -93<\/td><td>2006<\/td><\/tr><\/tbody><\/table><\/figure>\n\n\n\n<h2 class=\"wp-block-heading\"><strong>Seiv\u00e4s<\/strong><\/h2>\n\n\n\n<figure class=\"wp-block-table\"><table><tbody><tr><td>320<\/td><td>Valma Salom\u00e4ki -99<\/td><td>2013<\/td><\/tr><tr><td>300<\/td><td>Sofia Koskela -95<\/td><td>2011<\/td><\/tr><tr><td>290<\/td><td>Fiia Koskela -00<\/td><td>2014<\/td><\/tr><tr><td>280<\/td><td>Ilona Takala -06   <\/td><td>2021<\/td><\/tr><tr><td>240<\/td><td>Sini Pitk\u00e4nen -88<\/td><td>2003<\/td><\/tr><tr><td>235<\/td><td>Viola Takala -08<\/td><td>2022<\/td><\/tr><tr><td>230<\/td><td>Mervi Honkaniemi -90<\/td><td>2004<\/td><\/tr><tr><td>225<\/td><td>Roosa Latva-Laturi -02<\/td><td>2013<\/td><\/tr><tr><td>220<\/td><td>Emmi-Lotta Taipale -88<\/td><td>2000<\/td><\/tr><\/tbody><\/table><\/figure>\n\n\n\n<h2 class=\"wp-block-heading\"><strong>Pituus<\/strong><\/h2>\n\n\n\n<figure class=\"wp-block-table\"><table><tbody><tr><td>6,15<\/td><td>+1.3<\/td><td>Anne Juuti -74<\/td><td>1996<\/td><\/tr><tr><td>5,52<\/td><td>-0.7<\/td><td>Eucabeth Kivikangas -02<\/td><td><strong>2025<\/strong><\/td><\/tr><tr><td>5,52<\/td><td>&nbsp;<\/td><td>Tuija Rajala -64<\/td><td>1984<\/td><\/tr><tr><td>5,40<\/td><td>+0.8<\/td><td>Kati Linnanm\u00e4ki -73<\/td><td>1993<\/td><\/tr><tr><td>5,22<\/td><td>+1.9<\/td><td>Tuire Vatanen -75<\/td><td>1992<\/td><\/tr><tr><td>5,21<\/td><td>&nbsp;<\/td><td>Tarja Peltola -56<\/td><td>1972<\/td><\/tr><tr><td>5,13<\/td><td>-0.8<\/td><td>Katariina Lepp\u00e4aho -07<\/td><td>2024<\/td><\/tr><tr><td>5,13<\/td><td>+0.1<\/td><td>Suvi Pitk\u00e4nen -86<\/td><td>2003<\/td><\/tr><tr><td>5,11<\/td><td>+1.6<\/td><td>Saara Rintala -95<\/td><td>2008<\/td><\/tr><tr><td>5,04<\/td><td>-0.5<\/td><td>Iida Koskela -94<\/td><td>2009<\/td><\/tr><tr><td>4,89<\/td><td>-1.5<\/td><td>Milja- Maria Lahti -06<\/td><td>2021<\/td><\/tr><tr><td>4,69<\/td><td>-1.0<\/td><td>Sofia Koskela -95<\/td><td>2012<\/td><\/tr><tr><td>4,69<\/td><td>+1.1<\/td><td>Seliina Kuoppa-aho -06<\/td><td>2020<\/td><\/tr><\/tbody><\/table><\/figure>\n\n\n\n<h2 class=\"wp-block-heading\"><strong>Kolmiloikka<\/strong><\/h2>\n\n\n\n<figure class=\"wp-block-table\"><table><tbody><tr><td>11,18<\/td><td>-0.8<\/td><td>Anne Juuti -74<\/td><td>1991<\/td><\/tr><tr><td>10,70<\/td><td>+1,7<\/td><td>Suvi Pitk\u00e4nen -86<\/td><td>2003<\/td><\/tr><tr><td>10,39<\/td><td>+0.5<\/td><td>Seliina Kuoppa-aho -06<\/td><td>2020<\/td><\/tr><tr><td>10,33<\/td><td>+0.9<\/td><td>Saara Rintala -95<\/td><td>2008<\/td><\/tr><tr><td>10,02<\/td><td>-0.1<\/td><td>Sofia Koskela -95<\/td><td>2012<\/td><\/tr><tr><td>10,00<\/td><td>-0.8<\/td><td>Eucabeth Kivikangas -02<\/td><td>2014<\/td><\/tr><tr><td>9,79<\/td><td>+2,0<\/td><td>Marju Keltikangas -88<\/td><td>2001<\/td><\/tr><tr><td>9,68<\/td><td>+0.8<\/td><td>Heidi Marjom\u00e4ki -00<\/td><td>2016<\/td><\/tr><tr><td>9,53<\/td><td>-1.3<\/td><td>Milja-Maria Lahti -06<\/td><td>2020<\/td><\/tr><tr><td>9,50<\/td><td>-0.6<\/td><td>Sara Vuorela -07<\/td><td>2021<\/td><\/tr><tr><td>9,41<\/td><td>+1.1<\/td><td>Nelly Sillanp\u00e4\u00e4 -10<\/td><td>2023<\/td><\/tr><tr><td>9,36<\/td><td>+1.2<\/td><td>Anniina Viitasaari -07<\/td><td>2021<\/td><\/tr><tr><td>9,31<\/td><td>+0.3<\/td><td>Katariina Lepp\u00e4aho -07<\/td><td>2022<\/td><\/tr><tr><td>9,18<\/td><td>+0.0<\/td><td>Vilma H\u00e4nninen -01<\/td><td>2018<\/td><\/tr><tr><td>9,16<\/td><td>+1.0<\/td><td>Valma Salom\u00e4ki -99<\/td><td>2012<\/td><\/tr><\/tbody><\/table><\/figure>\n\n\n\n<h2 class=\"wp-block-heading\"><strong>Kuula<\/strong> <strong>4 kg<\/strong><\/h2>\n\n\n\n<figure class=\"wp-block-table\"><table><tbody><tr><td>14,36<\/td><td>Minna-Marjatta Liimatainen -93<\/td><td>2012<\/td><\/tr><tr><td>13,13<\/td><td>Eucabeth Kivikangas -02<\/td><td>2021<\/td><\/tr><tr><td>10,77<\/td><td>Elina Sillanp\u00e4\u00e4 -82<\/td><td>1999<\/td><\/tr><tr><td>10,67<\/td><td>Tuula Bj\u00f6rkbacka -50<\/td><td>1966<\/td><\/tr><tr><td>10,63<\/td><td>Sinikka Peltola -49<\/td><td>1966<\/td><\/tr><tr><td>10,05<\/td><td>Anne Juuti -74<\/td><td>1991<\/td><\/tr><tr><td>9,81<\/td><td>Suvi Honkaniemi -85<\/td><td>2004<\/td><\/tr><tr><td>8,62<\/td><td>Sara Vuorela -07<\/td><td><strong>2025<\/strong><\/td><\/tr><\/tbody><\/table><\/figure>\n\n\n\n<h2 class=\"wp-block-heading\"><strong>Kiekko<\/strong> <strong>1 kg<\/strong><\/h2>\n\n\n\n<figure class=\"wp-block-table\"><table><tbody><tr><td>39,34<\/td><td>Hanna Siiril\u00e4 -09<\/td><td><strong>2025<\/strong><\/td><\/tr><tr><td>34,68<\/td><td>Minna-Marjatta Liimatainen -93<\/td><td>2010<\/td><\/tr><\/tbody><\/table><\/figure>\n\n\n\n<h2 class=\"wp-block-heading\"><strong>Moukari<\/strong> <strong>4 kg<\/strong><\/h2>\n\n\n\n<figure class=\"wp-block-table\"><table><tbody><tr><td>51,65<\/td><td>Hanna Siiril\u00e4 -09<\/td><td>2024<\/td><\/tr><tr><td>46,75<\/td><td>Minna-Marjatta Liimatainen -93<\/td><td>2009<\/td><\/tr><tr><td>36,08<\/td><td>Suvi Honkaniemi -85<\/td><td>2004<\/td><\/tr><\/tbody><\/table><\/figure>\n\n\n\n<h2 class=\"wp-block-heading\"><strong>Keih\u00e4s (vanha malli)<\/strong><\/h2>\n\n\n\n<figure class=\"wp-block-table\"><table><tbody><tr><td>48,20<\/td><td>Elina Sillanp\u00e4\u00e4 -82<\/td><td>1998<\/td><\/tr><tr><td>37,68<\/td><td>Anne Ojala -70<\/td><td>1989<\/td><\/tr><tr><td>36,94<\/td><td>Emma Sillanp\u00e4\u00e4 -79<\/td><td>1994<\/td><\/tr><tr><td>33,54<\/td><td>Anne Juuti -74<\/td><td>1992<\/td><\/tr><\/tbody><\/table><\/figure>\n\n\n\n<h2 class=\"wp-block-heading\"><strong>Keih\u00e4s (uusi malli  v. 1999-)<\/strong> <strong>600 g<\/strong><\/h2>\n\n\n\n<figure class=\"wp-block-table\"><table><tbody><tr><td>50,22<\/td><td>Elina Sillanp\u00e4\u00e4 -82<\/td><td>2001<\/td><\/tr><tr><td>38,09<\/td><td>Sara Vuorela -07<\/td><td><strong>2025<\/strong><\/td><\/tr><tr><td>37,03<\/td><td>Eucabeth Kivikangas -02<\/td><td>2021<\/td><\/tr><tr><td>29,58<\/td><td>Iida Koskela -94<\/td><td>2010<\/td><\/tr><tr><td>28,71<\/td><td>Anni Mertaniemi -96<\/td><td>2011<\/td><\/tr><tr><td>28,63<\/td><td>Sonja Peltom\u00e4ki -89<\/td><td>2005<\/td><\/tr><\/tbody><\/table><\/figure>\n\n\n\n<h2 class=\"wp-block-heading\"><strong>7-ottelu<\/strong><\/h2>\n\n\n\n<figure class=\"wp-block-table\"><table><tbody><tr><td>4824<\/td><td>Eucabeth Kivikangas -02<\/td><td><strong>2025<\/strong><\/td><\/tr><tr><td>4527<\/td><td>Anne Juuti -74<\/td><td>1993<\/td><\/tr><tr><td>4376<\/td><td>Tuija Rajala -64<\/td><td>1984<\/td><\/tr><tr><td>3814<\/td><td>Kati Linnanm\u00e4ki -73<\/td><td>1993<\/td><\/tr><\/tbody><\/table><\/figure>\n","protected":false},"excerpt":{"rendered":"<p>Aikuisten tilastot otettu suoraan&nbsp;Tilastopajasta. K\u00e4siaikoja ei ole muutettu s\u00e4hk\u00f6aikoja vastaaviksi, kuten&nbsp;seuraenn\u00e4tysten&nbsp;laadinnassa p\u00e4\u00e4osin on tehty. 100 m 12,25 +1.6 Kati Linnanm\u00e4ki -73 1990 12,79 +0.8 Eucabeth Kivikangas -02 2017 12,89 +1.9 Suvi Pitk\u00e4nen -86 2003 12,91 -1.3 Tuija Rajala -64 1989 12,96 -0.2 Milja-Maria Lahti -06 2022 13,11 +1.2 Iida Koskela -94 2010 13,13 +1.9 Katariina &hellip; <\/p>\n<p class=\"link-more\"><a href=\"https:\/\/www.alajarvenankkurit.fi\/yleisurheilu\/tilastot\/naiset-2\/\" class=\"more-link\">Jatka lukemista<span class=\"screen-reader-text\"> &#8221;Naiset&#8221;<\/span><\/a><\/p>\n","protected":false},"author":5,"featured_media":0,"parent":521,"menu_order":0,"comment_status":"closed","ping_status":"closed","template":"","meta":{"footnotes":""},"class_list":["post-568","page","type-page","status-publish","hentry"],"_links":{"self":[{"href":"https:\/\/www.alajarvenankkurit.fi\/yleisurheilu\/wp-json\/wp\/v2\/pages\/568","targetHints":{"allow":["GET"]}}],"collection":[{"href":"https:\/\/www.alajarvenankkurit.fi\/yleisurheilu\/wp-json\/wp\/v2\/pages"}],"about":[{"href":"https:\/\/www.alajarvenankkurit.fi\/yleisurheilu\/wp-json\/wp\/v2\/types\/page"}],"author":[{"embeddable":true,"href":"https:\/\/www.alajarvenankkurit.fi\/yleisurheilu\/wp-json\/wp\/v2\/users\/5"}],"replies":[{"embeddable":true,"href":"https:\/\/www.alajarvenankkurit.fi\/yleisurheilu\/wp-json\/wp\/v2\/comments?post=568"}],"version-history":[{"count":16,"href":"https:\/\/www.alajarvenankkurit.fi\/yleisurheilu\/wp-json\/wp\/v2\/pages\/568\/revisions"}],"predecessor-version":[{"id":8021,"href":"https:\/\/www.alajarvenankkurit.fi\/yleisurheilu\/wp-json\/wp\/v2\/pages\/568\/revisions\/8021"}],"up":[{"embeddable":true,"href":"https:\/\/www.alajarvenankkurit.fi\/yleisurheilu\/wp-json\/wp\/v2\/pages\/521"}],"wp:attachment":[{"href":"https:\/\/www.alajarvenankkurit.fi\/yleisurheilu\/wp-json\/wp\/v2\/media?parent=568"}],"curies":[{"name":"wp","href":"https:\/\/api.w.org\/{rel}","templated":true}]}}