{"id":565,"date":"2019-11-25T23:01:00","date_gmt":"2019-11-25T21:01:00","guid":{"rendered":"http:\/\/212.66.193.72\/~cp4520516\/yleisurheilu\/?page_id=565"},"modified":"2025-11-01T19:02:49","modified_gmt":"2025-11-01T17:02:49","slug":"19v-miehet","status":"publish","type":"page","link":"https:\/\/www.alajarvenankkurit.fi\/yleisurheilu\/tilastot\/19v-miehet\/","title":{"rendered":"19v miehet"},"content":{"rendered":"\n<h2 class=\"wp-block-heading\"><strong>100 m<\/strong><\/h2>\n\n\n\n<figure class=\"wp-block-table\"><table><tbody><tr><td>10,90<\/td><td>+1.4<\/td><td>Teemu Jokela -82<\/td><td>2001<\/td><\/tr><tr><td>11,23<\/td><td>+1.3<\/td><td>Teemu&nbsp; Tuomela -00<\/td><td>2018<\/td><\/tr><tr><td>11,48<\/td><td>+0.9<\/td><td>Jarmo Vuorinen -83<\/td><td>2000<\/td><\/tr><tr><td>11,48<\/td><td>+1.3<\/td><td>Masamitsu Amemori -83<\/td><td>2001<\/td><\/tr><tr><td>11,62<\/td><td>+1.9<\/td><td>Vesa Sadeharju -57<\/td><td>1976<\/td><\/tr><tr><td>11,74<\/td><td>+1.7<\/td><td>Tuomas Salenius -93<\/td><td>2009<\/td><\/tr><tr><td>11,76<\/td><td>+0.8<\/td><td>Teemu Salenius -88<\/td><td>2005<\/td><\/tr><tr><td>11,80<\/td><td>+1.1<\/td><td>Ville Rajala -93<\/td><td>2010<\/td><\/tr><tr><td>11,84<\/td><td>+0.3<\/td><td>Kalle Ikonen -86<\/td><td>2004<\/td><\/tr><tr><td>11,94<\/td><td>-0.5<\/td><td>Jarkko Mikkola -78<\/td><td>1996<\/td><\/tr><\/tbody><\/table><\/figure>\n\n\n\n<h2 class=\"wp-block-heading\"><strong>200 m<\/strong><\/h2>\n\n\n\n<figure class=\"wp-block-table\"><table><tbody><tr><td>21,75<\/td><td>-0.4<\/td><td>Teemu Jokela -82<\/td><td>2001<\/td><\/tr><tr><td>22,73<\/td><td>+1.1<\/td><td>Teemu Tuomela -00 <\/td><td>2019<\/td><\/tr><tr><td>23,09<\/td><td>+1.2<\/td><td>Jarmo Vuorinen -83<\/td><td>2000<\/td><\/tr><tr><td>23,18<\/td><td>+0.7<\/td><td>Vesa Sadeharju -57<\/td><td>1976<\/td><\/tr><tr><td>23,21<\/td><td>+1.2<\/td><td>Ville Rajala -93<\/td><td>2011<\/td><\/tr><tr><td>23,60<\/td><td>-0.8<\/td><td>Pasi Korpi -70<\/td><td>1987<\/td><\/tr><tr><td>23,60<\/td><td>-0.7<\/td><td>Masamitsu Amemori -83 <\/td><td>2001<\/td><\/tr><tr><td>23,75<\/td><td>-0.8<\/td><td>Kalle Ikonen -86<\/td><td>2004<\/td><\/tr><tr><td>24,80<\/td><td>+0.0<\/td><td>Mikko Paavola -98<\/td><td>2014<\/td><\/tr><\/tbody><\/table><\/figure>\n\n\n\n<h2 class=\"wp-block-heading\"><strong>400 m<\/strong><\/h2>\n\n\n\n<figure class=\"wp-block-table\"><table><tbody><tr><td>51,16<\/td><td>Teemu Jokela -82<\/td><td>2001<\/td><\/tr><tr><td>51,2h<\/td><td>Vesa Sadeharju -57<\/td><td>1976<\/td><\/tr><tr><td>51,54<\/td><td>Kalle Ikonen -86<\/td><td>2005<\/td><\/tr><tr><td>51,84<\/td><td>Pasi Korpi -70<\/td><td>1987<\/td><\/tr><tr><td>52,33<\/td><td>Jyrki Tuomela -68<\/td><td>1987<\/td><\/tr><tr><td>53,30<\/td><td>Masamitsu Amemori -83<\/td><td>2001<\/td><\/tr><tr><td>54,05<\/td><td>Sampo Autio -89<\/td><td>2006<\/td><\/tr><\/tbody><\/table><\/figure>\n\n\n\n<h2 class=\"wp-block-heading\"><strong>800 m<\/strong><\/h2>\n\n\n\n<figure class=\"wp-block-table\"><table><tbody><tr><td>1.57,68<\/td><td>Sampo Autio -89<\/td><td>2006<\/td><\/tr><tr><td>1.58,4h<\/td><td>Risto Parkkila -58<\/td><td>1976<\/td><\/tr><tr><td>1.58,7h<\/td><td>Tapio Sivula -62<\/td><td>1980<\/td><\/tr><tr><td>1.58,83<\/td><td>Kalle Ikonen -86<\/td><td>2004<\/td><\/tr><tr><td>2.00,39<\/td><td>Veli-Jukka Hattula -88<\/td><td>2005<\/td><\/tr><tr><td>2.01,6h<\/td><td>Mikko Luoma-aho -62<\/td><td>1978<\/td><\/tr><tr><td>2.01,86<\/td><td>Pekka Moisio -88<\/td><td>2004<\/td><\/tr><tr><td>2.06,69<\/td><td>Sampo Sepp\u00e4 -98<\/td><td>2016<\/td><\/tr><tr><td>2.10,02<\/td><td>Antti Iham\u00e4ki -97<\/td><td>2013<\/td><\/tr><\/tbody><\/table><\/figure>\n\n\n\n<h2 class=\"wp-block-heading\"><strong>1500 m<\/strong><\/h2>\n\n\n\n<figure class=\"wp-block-table\"><table><tbody><tr><td>4.02,8h<\/td><td>Jukka V\u00e4h\u00e4-Pesola -64<\/td><td>1981<\/td><\/tr><tr><td>4.03,2h<\/td><td>Risto Parkkila -58<\/td><td>1976<\/td><\/tr><tr><td>4.03,8h<\/td><td>Tapio Sivula -62<\/td><td>1980<\/td><\/tr><tr><td>4.06,40<\/td><td>Veli-Jukka Hattula -88<\/td><td>2006<\/td><\/tr><tr><td>4.06,76<\/td><td>Antti Iham\u00e4ki -97<\/td><td>2014<\/td><\/tr><tr><td>4.15,36<\/td><td>Kalle Ikonen -86<\/td><td>2004<\/td><\/tr><tr><td>4.22,48<\/td><td>Pekka Moisio -88<\/td><td>2004<\/td><\/tr><tr><td>4.23,47<\/td><td>Jussi Takala -74<\/td><td>1991<\/td><\/tr><tr><td>4.25,47<\/td><td>Sampo Sepp\u00e4 -98<\/td><td>2016<\/td><\/tr><\/tbody><\/table><\/figure>\n\n\n\n<h2 class=\"wp-block-heading\"><strong>5000 m<\/strong><\/h2>\n\n\n\n<figure class=\"wp-block-table\"><table><tbody><tr><td>14.42,79<\/td><td>Antti Iham\u00e4ki -97<\/td><td>2015<\/td><\/tr><tr><td>15.02,0h<\/td><td>Pekka H\u00f6ykinpuro -35<\/td><td>1954<\/td><\/tr><tr><td>16.52,14<\/td><td>Veli-Jukka Hattula -88<\/td><td>2006<\/td><\/tr><\/tbody><\/table><\/figure>\n\n\n\n<h2 class=\"wp-block-heading\"> <strong>110 m aidat <\/strong>(99 cm) <\/h2>\n\n\n\n<figure class=\"wp-block-table\"><table><tbody><tr><td>14,25<\/td><td>-0.3<\/td><td>Ville Rajala -93<\/td><td>2012<\/td><\/tr><tr><td>15,80<\/td><td>+0.9<\/td><td>Asko Alanen -71<\/td><td>1989<\/td><\/tr><tr><td>16,46<\/td><td>+1.5<\/td><td>Jukka Lahti -72<\/td><td>1990<\/td><\/tr><\/tbody><\/table><\/figure>\n\n\n\n<h2 class=\"wp-block-heading\"><strong>400 m aidat<\/strong> <\/h2>\n\n\n\n<figure class=\"wp-block-table\"><table><tbody><tr><td>58,99<\/td><td>Jarkko Mikkola -78<\/td><td>1997<\/td><\/tr><tr><td>59,38<\/td><td>Harri Lepp\u00e4aho -67<\/td><td>1986<\/td><\/tr><tr><td>60,14<\/td><td>Asko Alanen -71<\/td><td>1990<\/td><\/tr><\/tbody><\/table><\/figure>\n\n\n\n<h2 class=\"wp-block-heading\"><strong>2000 m esteet<\/strong><\/h2>\n\n\n\n<figure class=\"wp-block-table\"><table><tbody><tr><td>6.00,84<\/td><td>Veli-Jukka Hattula -88<\/td><td>2007<\/td><\/tr><tr><td>7.05,33<\/td><td>Kalle Ikonen -86<\/td><td>2004<\/td><\/tr><\/tbody><\/table><\/figure>\n\n\n\n<h2 class=\"wp-block-heading\"><strong>3000 m esteet<\/strong><\/h2>\n\n\n\n<figure class=\"wp-block-table\"><table><tbody><tr><td>9.37,2h<\/td><td>Pekka H\u00f6ykinpuro -35<\/td><td>1954<\/td><\/tr><tr><td>9.41,86<\/td><td>Veli-Jukka Hattula -88<\/td><td>2007<\/td><\/tr><tr><td>10.09,0h<\/td><td>P\u00e4ivi\u00f6 Niemi-Pyntt\u00e4ri -33<\/td><td>1952<\/td><\/tr><\/tbody><\/table><\/figure>\n\n\n\n<h2 class=\"wp-block-heading\"><strong>Korkeus<\/strong><\/h2>\n\n\n\n<figure class=\"wp-block-table\"><table><tbody><tr><td>207<\/td><td>Reijo V\u00e4h\u00e4l\u00e4 -46<\/td><td>1965<\/td><\/tr><tr><td>179<\/td><td>Masamitsu Amemori -83<\/td><td>1998<\/td><\/tr><tr><td>175<\/td><td>Kalle Ikonen -86<\/td><td>2004<\/td><\/tr><tr><td>172<\/td><td>Lauri M\u00e4nnist\u00f6 -99<\/td><td>2014<\/td><\/tr><tr><td>172<\/td><td>Ville Rajala -93<\/td><td>2009<\/td><\/tr><tr><td>170<\/td><td>Ville Niemi -83<\/td><td>1996<\/td><\/tr><tr><td>165<\/td><td>Hannu Pajala -53<\/td><td>1969<\/td><\/tr><tr><td>161<\/td><td>Julius Kallio -93<\/td><td>2008<\/td><\/tr><\/tbody><\/table><\/figure>\n\n\n\n<h2 class=\"wp-block-heading\"><strong>Seiv\u00e4s<\/strong><\/h2>\n\n\n\n<figure class=\"wp-block-table\"><table><tbody><tr><td>516<\/td><td>Mikko Paavola -98<\/td><td>2017<\/td><\/tr><tr><td>490<\/td><td>Yrj\u00f6 M\u00e4nnist\u00f6 -61<\/td><td>1980<\/td><\/tr><tr><td>440<\/td><td>Masamitsu Amemori -83<\/td><td>2001<\/td><\/tr><tr><td>430<\/td><td>Antti Sillanp\u00e4\u00e4 -61<\/td><td>1979<\/td><\/tr><tr><td>410<\/td><td>Wiljami Koskela -98<\/td><td>2014<\/td><\/tr><tr><td>410<\/td><td>Mikko Ojala -93<\/td><td>2010<\/td><\/tr><tr><td>400<\/td><td>Asko Alanen -71<\/td><td>1989<\/td><\/tr><tr><td>390<\/td><td>Jaakko V\u00e4h\u00e4l\u00e4 -41<\/td><td>1960<\/td><\/tr><\/tbody><\/table><\/figure>\n\n\n\n<h2 class=\"wp-block-heading\"><strong>Pituus<\/strong><\/h2>\n\n\n\n<figure class=\"wp-block-table\"><table><tbody><tr><td>6,66<\/td><td>+0.8<\/td><td>Teemu Jokela -82<\/td><td>2001<\/td><\/tr><tr><td>6,65<\/td><td>+1.6<\/td><td>Ville Rantala -66<\/td><td>1984<\/td><\/tr><tr><td>6,62<\/td><td>+1.9<\/td><td>Masamitsu Amemori -83<\/td><td>2001<\/td><\/tr><tr><td>6,31<\/td><td>-0.3<\/td><td>Tuomas Salenius -93<\/td><td>2009<\/td><\/tr><tr><td>6,24<\/td><td>+1.5<\/td><td>Jarkko Helenius -69<\/td><td>1985<\/td><\/tr><tr><td>5,90<\/td><td>+1.8<\/td><td>Juha Mantila -68<\/td><td>1984<\/td><\/tr><tr><td>5,72<\/td><td>-1.0<\/td><td>Ville Rajala -93<\/td><td>2009<\/td><\/tr><tr><td>5,71<\/td><td>-0.5<\/td><td>Juho M\u00e4nnist\u00f6 -97<\/td><td>2014<\/td><\/tr><tr><td>5,55<\/td><td>+1.3<\/td><td>Suriya Ratchanit -95<\/td><td>2010<\/td><\/tr><\/tbody><\/table><\/figure>\n\n\n\n<h2 class=\"wp-block-heading\"><strong>Kolmiloikka<\/strong><\/h2>\n\n\n\n<figure class=\"wp-block-table\"><table><tbody><tr><td>14,52<\/td><td>+1.4<\/td><td>Ville Rantala -66<\/td><td>1985<\/td><\/tr><tr><td>14,38<\/td><td>-2.0<\/td><td>Jarkko Helenius -69<\/td><td>1986<\/td><\/tr><tr><td>13,92<\/td><td><\/td><td>Reijo V\u00e4h\u00e4l\u00e4 -65<\/td><td>1965<\/td><\/tr><tr><td>13,10<\/td><td>-1.7<\/td><td>Teemu Salenius -88<\/td><td>2004<\/td><\/tr><tr><td>12,76<\/td><td>+0.8<\/td><td>Masamitsu Amemori -83<\/td><td>1999<\/td><\/tr><tr><td>12,67<\/td><td><\/td><td>Heino Koivukoski -58<\/td><td>1972<\/td><\/tr><tr><td>12,41<\/td><td>+0.7<\/td><td>Tuomas Salenius -93<\/td><td>2008<\/td><\/tr><tr><td>11,71<\/td><td>+1.9<\/td><td>Suriya Ratchanit -95<\/td><td>2010<\/td><\/tr><tr><td>11,58<\/td><td>+1.8<\/td><td>Juho M\u00e4nnist\u00f6 -97<\/td><td>2014<\/td><\/tr><tr><td>11,53<\/td><td>+1.0<\/td><td>Ville Rajala -93<\/td><td>2010<\/td><\/tr><\/tbody><\/table><\/figure>\n\n\n\n<h2 class=\"wp-block-heading\"><strong>Kuula 6 kg<\/strong><\/h2>\n\n\n\n<figure class=\"wp-block-table\"><table><tbody><tr><td>16,05<\/td><td>Teemu Salenius -88<\/td><td>2007<\/td><\/tr><tr><td>14,51<\/td><td>Markus Joensuu -79 (6,25 kg)<\/td><td>1998<\/td><\/tr><tr><td>12,49<\/td><td>Sami Peltom\u00e4ki -91<\/td><td>2010<\/td><\/tr><tr><td>11,34<\/td><td>Ilari Huttula -90<\/td><td>2009<\/td><\/tr><tr><td>11,10<\/td><td>Henri Pitk\u00e4kangas -06<\/td><td>2024<\/td><\/tr><\/tbody><\/table><\/figure>\n\n\n\n<h2 class=\"wp-block-heading\"><strong>Kiekko 1.75 kg<\/strong><\/h2>\n\n\n\n<figure class=\"wp-block-table\"><table><tbody><tr><td>42,77<\/td><td>Markus Joensuu -79<\/td><td>1998<\/td><\/tr><tr><td>41,07<\/td><td>Teemu Salenius -88<\/td><td>2007<\/td><\/tr><tr><td>40,03<\/td><td>Sami Peltom\u00e4ki -91<\/td><td>2010<\/td><\/tr><tr><td>39,56<\/td><td>Arto Orava -75<\/td><td>1993<\/td><\/tr><tr><td>35,09<\/td><td>Olavi Yli-Mannila -04<\/td><td>2022<\/td><\/tr><tr><td>31,49<\/td><td>Oskari Lepp\u00e4aho -01<\/td><td>2020<\/td><\/tr><tr><td>31,48<\/td><td>Henri Pitk\u00e4kangas -06<\/td><td>2024<\/td><\/tr><\/tbody><\/table><\/figure>\n\n\n\n<h2 class=\"wp-block-heading\"><strong>Moukari 6 kg<\/strong><\/h2>\n\n\n\n<figure class=\"wp-block-table\"><table><tbody><tr><td>66,87<\/td><td>Juhana Karjanlahti -00<\/td><td>2019<\/td><\/tr><tr><td>57,13<\/td><td>Ilari Huttula -90<\/td><td>2009<\/td><\/tr><tr><td>55,84<\/td><td>Olavi Yli-Mannila -04<\/td><td>2023<\/td><\/tr><tr><td>54,34<\/td><td>Henri Pitk\u00e4kangas -06<\/td><td>2024<\/td><\/tr><\/tbody><\/table><\/figure>\n\n\n\n<h2 class=\"wp-block-heading\"><strong>Keih\u00e4s 800 g (uusi malli)<\/strong><\/h2>\n\n\n\n<figure class=\"wp-block-table\"><table><tbody><tr><td>75,68<\/td><td>Kalle Sillanp\u00e4\u00e4 -83<\/td><td>2002<\/td><\/tr><tr><td>75,27<\/td><td>Aleksi Yli-Mannila -01 <\/td><td>2020<\/td><\/tr><tr><td>67,74<\/td><td>Sami Peltom\u00e4ki -91<\/td><td>2009<\/td><\/tr><tr><td>64,42<\/td><td>Olavi Yli-Mannila -04<\/td><td>2023<\/td><\/tr><tr><td>61,68<\/td><td>Konsta Latvala -93<\/td><td>2011<\/td><\/tr><tr><td>59,25<\/td><td>Oskari Lepp\u00e4aho -01<\/td><td>2019<\/td><\/tr><tr><td>52,47<\/td><td>Henri Pitk\u00e4kangas -06<\/td><td><strong>2025<\/strong><\/td><\/tr><\/tbody><\/table><\/figure>\n\n\n\n<h2 class=\"wp-block-heading\"><strong>Painonheitto 11,34 kg<\/strong><\/h2>\n\n\n\n<figure class=\"wp-block-table\"><table><tbody><tr><td>18,28<\/td><td>Henri Pitk\u00e4kangas -06            <\/td><td>2024<\/td><\/tr><\/tbody><\/table><\/figure>\n\n\n\n<h2 class=\"wp-block-heading\"><strong>10-ottelu<\/strong><\/h2>\n\n\n\n<figure class=\"wp-block-table\"><table><tbody><tr><td>6496<\/td><td>Masamitsu Amemori -83<\/td><td>2001<\/td><\/tr><tr><td>5543<\/td><td>Asko Alanen -71<\/td><td>1989<\/td><\/tr><tr><td>5191<\/td><td>Jukka Lahti -72<\/td><td>1991<\/td><\/tr><\/tbody><\/table><\/figure>\n","protected":false},"excerpt":{"rendered":"<p>100 m 10,90 +1.4 Teemu Jokela -82 2001 11,23 +1.3 Teemu&nbsp; Tuomela -00 2018 11,48 +0.9 Jarmo Vuorinen -83 2000 11,48 +1.3 Masamitsu Amemori -83 2001 11,62 +1.9 Vesa Sadeharju -57 1976 11,74 +1.7 Tuomas Salenius -93 2009 11,76 +0.8 Teemu Salenius -88 2005 11,80 +1.1 Ville Rajala -93 2010 11,84 +0.3 Kalle Ikonen -86 &hellip; <\/p>\n<p class=\"link-more\"><a href=\"https:\/\/www.alajarvenankkurit.fi\/yleisurheilu\/tilastot\/19v-miehet\/\" class=\"more-link\">Jatka lukemista<span class=\"screen-reader-text\"> &#8221;19v miehet&#8221;<\/span><\/a><\/p>\n","protected":false},"author":5,"featured_media":0,"parent":521,"menu_order":0,"comment_status":"closed","ping_status":"closed","template":"","meta":{"footnotes":""},"class_list":["post-565","page","type-page","status-publish","hentry"],"_links":{"self":[{"href":"https:\/\/www.alajarvenankkurit.fi\/yleisurheilu\/wp-json\/wp\/v2\/pages\/565","targetHints":{"allow":["GET"]}}],"collection":[{"href":"https:\/\/www.alajarvenankkurit.fi\/yleisurheilu\/wp-json\/wp\/v2\/pages"}],"about":[{"href":"https:\/\/www.alajarvenankkurit.fi\/yleisurheilu\/wp-json\/wp\/v2\/types\/page"}],"author":[{"embeddable":true,"href":"https:\/\/www.alajarvenankkurit.fi\/yleisurheilu\/wp-json\/wp\/v2\/users\/5"}],"replies":[{"embeddable":true,"href":"https:\/\/www.alajarvenankkurit.fi\/yleisurheilu\/wp-json\/wp\/v2\/comments?post=565"}],"version-history":[{"count":10,"href":"https:\/\/www.alajarvenankkurit.fi\/yleisurheilu\/wp-json\/wp\/v2\/pages\/565\/revisions"}],"predecessor-version":[{"id":7989,"href":"https:\/\/www.alajarvenankkurit.fi\/yleisurheilu\/wp-json\/wp\/v2\/pages\/565\/revisions\/7989"}],"up":[{"embeddable":true,"href":"https:\/\/www.alajarvenankkurit.fi\/yleisurheilu\/wp-json\/wp\/v2\/pages\/521"}],"wp:attachment":[{"href":"https:\/\/www.alajarvenankkurit.fi\/yleisurheilu\/wp-json\/wp\/v2\/media?parent=565"}],"curies":[{"name":"wp","href":"https:\/\/api.w.org\/{rel}","templated":true}]}}