{"id":559,"date":"2019-11-25T22:45:00","date_gmt":"2019-11-25T20:45:00","guid":{"rendered":"http:\/\/212.66.193.72\/~cp4520516\/yleisurheilu\/?page_id=559"},"modified":"2025-11-01T19:00:06","modified_gmt":"2025-11-01T17:00:06","slug":"17v-miehet","status":"publish","type":"page","link":"https:\/\/www.alajarvenankkurit.fi\/yleisurheilu\/tilastot\/17v-miehet\/","title":{"rendered":"17v miehet"},"content":{"rendered":"\n<h2 class=\"wp-block-heading\"><strong>100 m<\/strong><\/h2>\n\n\n\n<figure class=\"wp-block-table\"><table><tbody><tr><td>11,32<\/td><td>+2.0<\/td><td>Teemu Jokela -82<\/td><td>1999<\/td><\/tr><tr><td>11,37<\/td><td>+1.1<\/td><td>Teemu Tuomela -00<\/td><td>2017<\/td><\/tr><tr><td>11,48<\/td><td>+0.9<\/td><td>Jarmo Vuorinen -83<\/td><td>2000<\/td><\/tr><tr><td>11,69<\/td><td>+0.3<\/td><td>Masamitsu Amemori -83<\/td><td>2000<\/td><\/tr><tr><td>11,74<\/td><td>+1.7<\/td><td>Tuomas Salenius -93<\/td><td>2009<\/td><\/tr><tr><td>11,76<\/td><td>+0.8<\/td><td>Teemu Salenius -88<\/td><td>2005<\/td><\/tr><tr><td>11,80<\/td><td>+1.1<\/td><td>Ville Rajala -93<\/td><td>2010<\/td><\/tr><tr><td>11,99<\/td><td>-1.0<\/td><td>Kalle Ikonen -86<\/td><td>2003<\/td><\/tr><\/tbody><\/table><\/figure>\n\n\n\n<h2 class=\"wp-block-heading\"><strong>200 m<\/strong><\/h2>\n\n\n\n<figure class=\"wp-block-table\"><table><tbody><tr><td>23,09<\/td><td>+1.2<\/td><td>Jarmo Vuorinen -83<\/td><td>2000<\/td><\/tr><tr><td>23,11<\/td><td>-1.8<\/td><td>Teemu Jokela -82<\/td><td>1999<\/td><\/tr><tr><td>23,31<\/td><td>+0.2<\/td><td>Teemu Tuomela -00<\/td><td>2017<\/td><\/tr><tr><td>23,97<\/td><td>-0.1<\/td><td>Ville Rajala -93<\/td><td>2010<\/td><\/tr><tr><td>24,80<\/td><td>+0.0<\/td><td>Mikko Paavola -98<\/td><td>2014<\/td><\/tr><\/tbody><\/table><\/figure>\n\n\n\n<h2 class=\"wp-block-heading\"><strong>400 m<\/strong><\/h2>\n\n\n\n<figure class=\"wp-block-table\"><table><tbody><tr><td>52,04<\/td><td>Kalle Ikonen -86<\/td><td>2003<\/td><\/tr><tr><td>54,05<\/td><td>Sampo Autio -89<\/td><td>2006<\/td><\/tr><tr><td>57,37<\/td><td>Sampo Sepp\u00e4 -98<\/td><td>2015<\/td><\/tr><\/tbody><\/table><\/figure>\n\n\n\n<h2 class=\"wp-block-heading\"><strong>800 m<\/strong><\/h2>\n\n\n\n<figure class=\"wp-block-table\"><table><tbody><tr><td>1.57,68<\/td><td>Sampo Autio -89<\/td><td>2006<\/td><\/tr><tr><td>2.00,39<\/td><td>Veli-Jukka Hattula -88<\/td><td>2005<\/td><\/tr><tr><td>2.00,85<\/td><td>Kalle Ikonen -86<\/td><td>2003<\/td><\/tr><tr><td>2.01,86<\/td><td>Pekka Moisio -88<\/td><td>2004<\/td><\/tr><tr><td>2.06,89<\/td><td>Sampo Sepp\u00e4 -98<\/td><td>2015<\/td><\/tr><tr><td>2.10,02<\/td><td>Antti Iham\u00e4ki -97<\/td><td>2013<\/td><\/tr><\/tbody><\/table><\/figure>\n\n\n\n<h2 class=\"wp-block-heading\"><strong>1500 m<\/strong><\/h2>\n\n\n\n<figure class=\"wp-block-table\"><table><tbody><tr><td>4.02,8h<\/td><td>Jukka V\u00e4h\u00e4-Pesola -64<\/td><td>1981<\/td><\/tr><tr><td>4.06,76<\/td><td>Antti Iham\u00e4ki -97<\/td><td>2014<\/td><\/tr><tr><td>4.13,89<\/td><td>Veli-Jukka Hattula -88<\/td><td>2005<\/td><\/tr><tr><td>4.22,85<\/td><td>Pekka Moisio -88<\/td><td>2004<\/td><\/tr><tr><td>4.23,47<\/td><td>Jussi Takala -74<\/td><td>1991<\/td><\/tr><tr><td>4.28,93<\/td><td>Sampo Sepp\u00e4 -98<\/td><td>2015<\/td><\/tr><\/tbody><\/table><\/figure>\n\n\n\n<h2 class=\"wp-block-heading\"><strong>3000 m<\/strong><\/h2>\n\n\n\n<figure class=\"wp-block-table\"><table><tbody><tr><td>8.50,42<\/td><td>Antti Iham\u00e4ki -97<\/td><td>2014<\/td><\/tr><tr><td>9.00,10<\/td><td>Veli-Jukka Hattula -88<\/td><td>2005<\/td><\/tr><tr><td>9.04,08<\/td><td>Pekka Moisio -88<\/td><td>2004<\/td><\/tr><tr><td>9.05,78<\/td><td>Jussi Takala -74<\/td><td>1991<\/td><\/tr><\/tbody><\/table><\/figure>\n\n\n\n<h2 class=\"wp-block-heading\"><strong>2000 m esteet<\/strong><\/h2>\n\n\n\n<figure class=\"wp-block-table\"><table><tbody><tr><td>6.12,28<\/td><td>Veli-Jukka Hattula -88<\/td><td>2005<\/td><\/tr><\/tbody><\/table><\/figure>\n\n\n\n<h2 class=\"wp-block-heading\"><strong>110 m aidat <\/strong>(91,4 cm)<\/h2>\n\n\n\n<figure class=\"wp-block-table\"><table><tbody><tr><td>15,57<\/td><td>-0.3<\/td><td>Ville Rajala -93<\/td><td>2009<\/td><\/tr><tr><td>16,01<\/td><td>-1.5<\/td><td>Mikko Paavola -98<\/td><td>2015<\/td><\/tr><tr><td>16,17<\/td><td>+0.3<\/td><td>Jukka Lahti -72<\/td><td>1988<\/td><\/tr><\/tbody><\/table><\/figure>\n\n\n\n<h2 class=\"wp-block-heading\"><strong>400 m aidat<\/strong> (84 cm)<\/h2>\n\n\n\n<figure class=\"wp-block-table\"><table><tbody><tr><td>59,44<\/td><td>Jarkko Mikkola -78<\/td><td>1993<\/td><\/tr><\/tbody><\/table><\/figure>\n\n\n\n<h2 class=\"wp-block-heading\"><strong>Korkeus<\/strong><\/h2>\n\n\n\n<figure class=\"wp-block-table\"><table><tbody><tr><td>190<\/td><td>Reijo V\u00e4h\u00e4l\u00e4 -46<\/td><td>1963<\/td><\/tr><tr><td>179<\/td><td>Masamitsu Amemori -83<\/td><td>1998<\/td><\/tr><tr><td>172<\/td><td>Lauri M\u00e4nnist\u00f6 -99<\/td><td>2014<\/td><\/tr><tr><td>172<\/td><td>Ville Rajala -93<\/td><td>2009<\/td><\/tr><tr><td>172<\/td><td>Kalle Ikonen -86<\/td><td>2003<\/td><\/tr><tr><td>170<\/td><td>Ville Niemi -83<\/td><td>1996<\/td><\/tr><tr><td>165<\/td><td>Hannu Pajala -53<\/td><td>1969<\/td><\/tr><tr><td>161<\/td><td>Julius Kallio -93<\/td><td>2008<\/td><\/tr><\/tbody><\/table><\/figure>\n\n\n\n<h2 class=\"wp-block-heading\"><strong>Seiv\u00e4s<\/strong><\/h2>\n\n\n\n<figure class=\"wp-block-table\"><table><tbody><tr><td>440<\/td><td>Yrj\u00f6 M\u00e4nnist\u00f6 -61<\/td><td>1978<\/td><\/tr><tr><td>430<\/td><td>Mikko Paavola -98<\/td><td>2015<\/td><\/tr><tr><td>420<\/td><td>Masamitsu Amemori -83<\/td><td>2000<\/td><\/tr><tr><td>410<\/td><td>Wiljami Koskela -98<\/td><td>2014<\/td><\/tr><tr><td>410<\/td><td>Mikko Ojala -93<\/td><td>2010<\/td><\/tr><\/tbody><\/table><\/figure>\n\n\n\n<h2 class=\"wp-block-heading\"><strong>Pituus<\/strong><\/h2>\n\n\n\n<figure class=\"wp-block-table\"><table><tbody><tr><td>6,31<\/td><td>-0.3<\/td><td>Tuomas Salenius -93<\/td><td>2009<\/td><\/tr><tr><td>6,30<\/td><td>-0.5<\/td><td>Masamitsu Amemori -83<\/td><td>2000<\/td><\/tr><tr><td>6,27<\/td><td>+1.2<\/td><td>Teemu Jokela -82<\/td><td>1999<\/td><\/tr><tr><td>6,24<\/td><td>+1.5<\/td><td>Jarkko Helenius -69<\/td><td>1985<\/td><\/tr><tr><td>5,90<\/td><td>+1.8<\/td><td>Juha Mantila -68<\/td><td>1984<\/td><\/tr><tr><td>5,79<\/td><td><\/td><td>Martti Pollari -58<\/td><td>1972<\/td><\/tr><tr><td>5,72<\/td><td>-1.0<\/td><td>Ville Rajala -93<\/td><td>2009<\/td><\/tr><tr><td>5,71<\/td><td>-0.5<\/td><td>Juho M\u00e4nnist\u00f6 -97<\/td><td>2014<\/td><\/tr><\/tbody><\/table><\/figure>\n\n\n\n<h2 class=\"wp-block-heading\"><strong>Kolmiloikka<\/strong><\/h2>\n\n\n\n<figure class=\"wp-block-table\"><table><tbody><tr><td>14,38<\/td><td>-2.0<\/td><td>Jarkko Helenius -69<\/td><td>1986<\/td><\/tr><tr><td>13,94<\/td><td>+1.5<\/td><td>Ville Rantala -66<\/td><td>1983<\/td><\/tr><tr><td>13,10<\/td><td>-1.7<\/td><td>Teemu Salenius -93<\/td><td>2004<\/td><\/tr><tr><td>12,76<\/td><td>+0.8<\/td><td>Masamitsu Amemori -83<\/td><td>1999<\/td><\/tr><tr><td>12,67<\/td><td><\/td><td>Heino Koivukoski -58<\/td><td>1972<\/td><\/tr><tr><td>12,41<\/td><td>+0.7<\/td><td>Tuomas Salenius -93<\/td><td>2008<\/td><\/tr><tr><td>11,58<\/td><td>+1.8<\/td><td>Juho M\u00e4nnist\u00f6 -97<\/td><td>2014<\/td><\/tr><tr><td>11,71<\/td><td>+1.9<\/td><td>Suriya Ratchanit -97<\/td><td>2010<\/td><\/tr><tr><td>11,53<\/td><td>+1.0<\/td><td>Ville Rajala -93<\/td><td>2010<\/td><\/tr><\/tbody><\/table><\/figure>\n\n\n\n<h2 class=\"wp-block-heading\"><strong>Kuula 5 kg<\/strong><\/h2>\n\n\n\n<figure class=\"wp-block-table\"><table><tbody><tr><td>14,94<\/td><td>Teemu Salenius -88<\/td><td>2005<\/td><\/tr><tr><td>14,70<\/td><td>Tuomas Salenius -93<\/td><td>2009<\/td><\/tr><tr><td>14,34<\/td><td>Juhana Karjanlahti -00<\/td><td>2017<\/td><\/tr><tr><td>13,46<\/td><td>Aleksi Yli-Mannila -01<\/td><td>2018<\/td><\/tr><tr><td>13,02<\/td><td>Jouni Honkaniemi -96<\/td><td>2013<\/td><\/tr><tr><td>12,82<\/td><td>Kalle Ikonen -86<\/td><td>2003<\/td><\/tr><tr><td>12,09<\/td><td>Sami Peltom\u00e4ki -91<\/td><td>2008<\/td><\/tr><tr><td>11,98<\/td><td>Olavi Yli-Mannila -04<\/td><td>2021<\/td><\/tr><tr><td>10,98<\/td><td>Henri Pitk\u00e4kangas -06<\/td><td>2022<\/td><\/tr><\/tbody><\/table><\/figure>\n\n\n\n<h2 class=\"wp-block-heading\"><strong>Kiekko 1,5 kg<\/strong><\/h2>\n\n\n\n<figure class=\"wp-block-table\"><table><tbody><tr><td>45,59<\/td><td>Juhana Karjanlahti -00<\/td><td>2017<\/td><\/tr><tr><td>43,74<\/td><td>Markus Joensuu -79<\/td><td>1996<\/td><\/tr><tr><td>41,64<\/td><td>Arto Orava -75<\/td><td>1991<\/td><\/tr><tr><td>39,90<\/td><td>Olavi Yli-Mannila -04<\/td><td>2021<\/td><\/tr><tr><td>39,76<\/td><td>Sami Peltom\u00e4ki -91<\/td><td>2008<\/td><\/tr><tr><td>34,61<\/td><td>Henri Pitk\u00e4kangas -06<\/td><td>2023<\/td><\/tr><tr><td>33,08<\/td><td>Aleksi Yli-Mannila -01<\/td><td>2017<\/td><\/tr><tr><td>30,22<\/td><td>Ville Rajala -93<\/td><td>2010<\/td><\/tr><\/tbody><\/table><\/figure>\n\n\n\n<h2 class=\"wp-block-heading\"><strong>Moukari 5 kg<\/strong><\/h2>\n\n\n\n<figure class=\"wp-block-table\"><table><tbody><tr><td>67,65<\/td><td>Juhana Karjanlahti -00<\/td><td>2017<\/td><\/tr><tr><td>58,24<\/td><td>Olavi Yli-Mannila -04 <\/td><td>2021<\/td><\/tr><tr><td>54,20<\/td><td>Henri Pitk\u00e4kangas -06<\/td><td>2023<\/td><\/tr><\/tbody><\/table><\/figure>\n\n\n\n<h2 class=\"wp-block-heading\"><strong>Keih\u00e4s 700 g<\/strong><\/h2>\n\n\n\n<figure class=\"wp-block-table\"><table><tbody><tr><td>72,45<\/td><td>Aleksi Yli-Mannila -01<\/td><td>2018<\/td><\/tr><tr><td>71,21<\/td><td>Sami Peltom\u00e4ki -91<\/td><td>2008<\/td><\/tr><tr><td>70,70<\/td><td>Kalle Sillanp\u00e4\u00e4 -83<\/td><td>2000<\/td><\/tr><tr><td>61,20<\/td><td>Oskari Lepp\u00e4aho -01<\/td><td>2018<\/td><\/tr><tr><td>59,00<\/td><td>Jouni Honkaniemi -96<\/td><td>2013<\/td><\/tr><tr><td>58,55<\/td><td>Konsta Latvala -93<\/td><td>2009<\/td><\/tr><tr><td>54,98<\/td><td>Kalle Nyg\u00e5rd -80<\/td><td>1996<\/td><\/tr><tr><td>52,67<\/td><td>Olavi Yli-Mannila -04 <\/td><td>2020<\/td><\/tr><tr><td>49,86<\/td><td>Henri Pitk\u00e4kangas -06<\/td><td>2022<\/td><\/tr><\/tbody><\/table><\/figure>\n\n\n\n<h2 class=\"wp-block-heading\"><strong>Painonheitto<\/strong> <strong>11,34 kg<\/strong><\/h2>\n\n\n\n<figure class=\"wp-block-table\"><table><tbody><tr><td>17,48<\/td><td>Henri Pitk\u00e4kangas -06<\/td><td>2023<\/td><\/tr><\/tbody><\/table><\/figure>\n\n\n\n<h2 class=\"wp-block-heading\"><strong>10-ottelu<\/strong><\/h2>\n\n\n\n<figure class=\"wp-block-table\"><table><tbody><tr><td>6280<\/td><td>Masamitsu Amemori -83<\/td><td>2000<\/td><\/tr><tr><td>5610<\/td><td>Kalle Ikonen -86<\/td><td>2003<\/td><\/tr><\/tbody><\/table><\/figure>\n\n\n\n<h2 class=\"wp-block-heading\"><strong>Heittoviisiottelu<\/strong><\/h2>\n\n\n\n<figure class=\"wp-block-table\"><table><tbody><tr><td>2854<\/td><td>Henri Pitk\u00e4kangas -06<\/td><td>2022<\/td><\/tr><\/tbody><\/table><\/figure>\n","protected":false},"excerpt":{"rendered":"<p>100 m 11,32 +2.0 Teemu Jokela -82 1999 11,37 +1.1 Teemu Tuomela -00 2017 11,48 +0.9 Jarmo Vuorinen -83 2000 11,69 +0.3 Masamitsu Amemori -83 2000 11,74 +1.7 Tuomas Salenius -93 2009 11,76 +0.8 Teemu Salenius -88 2005 11,80 +1.1 Ville Rajala -93 2010 11,99 -1.0 Kalle Ikonen -86 2003 200 m 23,09 +1.2 Jarmo &hellip; <\/p>\n<p class=\"link-more\"><a href=\"https:\/\/www.alajarvenankkurit.fi\/yleisurheilu\/tilastot\/17v-miehet\/\" class=\"more-link\">Jatka lukemista<span class=\"screen-reader-text\"> &#8221;17v miehet&#8221;<\/span><\/a><\/p>\n","protected":false},"author":5,"featured_media":0,"parent":521,"menu_order":0,"comment_status":"closed","ping_status":"closed","template":"","meta":{"footnotes":""},"class_list":["post-559","page","type-page","status-publish","hentry"],"_links":{"self":[{"href":"https:\/\/www.alajarvenankkurit.fi\/yleisurheilu\/wp-json\/wp\/v2\/pages\/559","targetHints":{"allow":["GET"]}}],"collection":[{"href":"https:\/\/www.alajarvenankkurit.fi\/yleisurheilu\/wp-json\/wp\/v2\/pages"}],"about":[{"href":"https:\/\/www.alajarvenankkurit.fi\/yleisurheilu\/wp-json\/wp\/v2\/types\/page"}],"author":[{"embeddable":true,"href":"https:\/\/www.alajarvenankkurit.fi\/yleisurheilu\/wp-json\/wp\/v2\/users\/5"}],"replies":[{"embeddable":true,"href":"https:\/\/www.alajarvenankkurit.fi\/yleisurheilu\/wp-json\/wp\/v2\/comments?post=559"}],"version-history":[{"count":13,"href":"https:\/\/www.alajarvenankkurit.fi\/yleisurheilu\/wp-json\/wp\/v2\/pages\/559\/revisions"}],"predecessor-version":[{"id":7986,"href":"https:\/\/www.alajarvenankkurit.fi\/yleisurheilu\/wp-json\/wp\/v2\/pages\/559\/revisions\/7986"}],"up":[{"embeddable":true,"href":"https:\/\/www.alajarvenankkurit.fi\/yleisurheilu\/wp-json\/wp\/v2\/pages\/521"}],"wp:attachment":[{"href":"https:\/\/www.alajarvenankkurit.fi\/yleisurheilu\/wp-json\/wp\/v2\/media?parent=559"}],"curies":[{"name":"wp","href":"https:\/\/api.w.org\/{rel}","templated":true}]}}