{"id":556,"date":"2019-11-25T23:14:00","date_gmt":"2019-11-25T21:14:00","guid":{"rendered":"http:\/\/212.66.193.72\/~cp4520516\/yleisurheilu\/?page_id=556"},"modified":"2025-11-01T23:28:24","modified_gmt":"2025-11-01T21:28:24","slug":"17v-naiset","status":"publish","type":"page","link":"https:\/\/www.alajarvenankkurit.fi\/yleisurheilu\/tilastot\/17v-naiset\/","title":{"rendered":"17v naiset"},"content":{"rendered":"\n<h2 class=\"wp-block-heading\"><strong>100 m<\/strong><\/h2>\n\n\n\n<figure class=\"wp-block-table\"><table><tbody><tr><td>12,25<\/td><td>+1.6<\/td><td>Kati Linnanm\u00e4ki -73<\/td><td>1990<\/td><\/tr><tr><td>12,79<\/td><td>+0.8<\/td><td>Eucabeth Kivikangas -02<\/td><td>2017<\/td><\/tr><tr><td>12,89<\/td><td>+1.9<\/td><td>Suvi Pitk\u00e4nen -86<\/td><td>2003<\/td><\/tr><tr><td>12,96<\/td><td>-0.2<\/td><td>Milja-Maria Lahti -06<\/td><td>2022<\/td><\/tr><tr><td>13,11<\/td><td>+1.2<\/td><td>Iida Koskela -94<\/td><td>2010<\/td><\/tr><tr><td>13,13<\/td><td>+1.9<\/td><td>Katariina Lepp\u00e4aho -07<\/td><td>2023<\/td><\/tr><tr><td>13,41<\/td><td>-1.6<\/td><td>Sara Vuorela -07<\/td><td>2023<\/td><\/tr><tr><td>13,70<\/td><td>+1.5<\/td><td>Emmi-Lotta Taipale -88<\/td><td>2001<\/td><\/tr><tr><td>13,72<\/td><td>+1.2<\/td><td>Seliina Kuoppa-aho -06<\/td><td>2020<\/td><\/tr><tr><td>13,77<\/td><td>+1.4<\/td><td>Siru Viitasaari -97<\/td><td>2011<\/td><\/tr><tr><td>13,94<\/td><td>+0.8<\/td><td>Vilma H\u00e4nninen -01<\/td><td>2016<\/td><\/tr><tr><td>13,98<\/td><td>+0.8<\/td><td>Saara Rintala -95<\/td><td>2009<\/td><\/tr><\/tbody><\/table><\/figure>\n\n\n\n<h2 class=\"wp-block-heading\"><strong>200 m<\/strong><\/h2>\n\n\n\n<figure class=\"wp-block-table\"><table><tbody><tr><td>25,75<\/td><td>-1.1<\/td><td>Kati Linnanm\u00e4ki -73<\/td><td>1990<\/td><\/tr><tr><td>26,21<\/td><td>-0.1<\/td><td>Eucabeth Kivikangas -02<\/td><td>2018<\/td><\/tr><tr><td>26,77<\/td><td>+2.0<\/td><td>Susanna Saarimaa -75<\/td><td>1991<\/td><\/tr><tr><td>26,87<\/td><td>+1.0<\/td><td>Emilia Sillanp\u00e4\u00e4 -78<\/td><td>1995<\/td><\/tr><tr><td>26,91<\/td><td>+0.7<\/td><td>Milja-Maria Lahti -06<\/td><td>2022<\/td><\/tr><tr><td>27,26<\/td><td>+1.4<\/td><td>Katariina Lepp\u00e4aho -07<\/td><td>2023<\/td><\/tr><tr><td>27,43<\/td><td>+0.0<\/td><td>Suvi Pitk\u00e4nen -86<\/td><td>2003<\/td><\/tr><tr><td>27,49<\/td><td>-0.5<\/td><td>Iida Koskela -94<\/td><td>2010<\/td><\/tr><tr><td>27,54<\/td><td>+0.9<\/td><td>Eeva-Leena Nelimarkka -77<\/td><td>1993<\/td><\/tr><tr><td>27,69<\/td><td>-0.9<\/td><td>Sara Vuorela -07<\/td><td>2023<\/td><\/tr><tr><td>28,39<\/td><td>+0.6<\/td><td>Emmi-Lotta Taipale -88<\/td><td>2001<\/td><\/tr><tr><td>28,48<\/td><td>-1.9<\/td><td>Seliina Kuoppa-aho -06<\/td><td>2021<\/td><\/tr><tr><td>28,60<\/td><td>+0.0<\/td><td>Liinu J\u00e4rvinen -06<\/td><td>2022<\/td><\/tr><tr><td>28,70<\/td><td>-1.1<\/td><td>Anniina Viitasaari -07<\/td><td>2023<\/td><\/tr><tr><td>28,82<\/td><td>+0.0<\/td><td>Valma Salom\u00e4ki -99<\/td><td>2012<\/td><\/tr><\/tbody><\/table><\/figure>\n\n\n\n<h2 class=\"wp-block-heading\"><strong>400 m<\/strong><\/h2>\n\n\n\n<figure class=\"wp-block-table\"><table><tbody><tr><td>60,08<\/td><td>Kati Linnanm\u00e4ki -73<\/td><td>1990<\/td><\/tr><tr><td>60,20<\/td><td>Eucabeth Kivikangas -02<\/td><td>2016<\/td><\/tr><tr><td>61,36<\/td><td>Emilia Sillanp\u00e4\u00e4 -78<\/td><td>1995<\/td><\/tr><tr><td>61,46<\/td><td>Helj\u00e4 Franssila -73<\/td><td>1989<\/td><\/tr><tr><td>61,81<\/td><td>Katariina Lepp\u00e4aho -07<\/td><td>2024<\/td><\/tr><tr><td>62,16<\/td><td>Netta Valli -80<\/td><td>1995<\/td><\/tr><tr><td>63,85<\/td><td>Liinu J\u00e4rvinen -06<\/td><td>2023<\/td><\/tr><tr><td>64,75<\/td><td>Seliina Kuoppa-aho -06<\/td><td>2020<\/td><\/tr><\/tbody><\/table><\/figure>\n\n\n\n<h2 class=\"wp-block-heading\"><strong>800 m<\/strong><\/h2>\n\n\n\n<figure class=\"wp-block-table\"><table><tbody><tr><td>2.19,69<\/td><td>Netta Valli -80<\/td><td>1995<\/td><\/tr><tr><td>2.20,77<\/td><td>Viola Takala -08<\/td><td>2023<\/td><\/tr><tr><td>2.21,99<\/td><td>Helj\u00e4 Franssila -73<\/td><td>1989<\/td><\/tr><tr><td>2.22,83<\/td><td>Mirva Hautala -78<\/td><td>1991<\/td><\/tr><tr><td>2.26,00<\/td><td>Liinu J\u00e4rvinen -06<\/td><td>2023<\/td><\/tr><tr><td>2.27,2h<\/td><td>Tuulia Yli-Mannila -82<\/td><td>1997<\/td><\/tr><tr><td>2.27,51<\/td><td>Seliina Kuoppa-aho -06<\/td><td>2021 <\/td><\/tr><tr><td>2.28,21<\/td><td>Eucabeth Kivikangas -02<\/td><td>2018<\/td><\/tr><tr><td>2.32,95<\/td><td>Ilona Takala -06<\/td><td>2022<\/td><\/tr><tr><td>2.33,71<\/td><td>Niina Virtanen -87<\/td><td>2000<\/td><\/tr><tr><td>2.35,39<\/td><td>Kirsi-Leena Keltikangas -83<\/td><td>1995<\/td><\/tr><tr><td>2.35,69<\/td><td>Aada Piispanen -09<\/td><td>2022<\/td><\/tr><tr><td>2.36,19<\/td><td>Fiia Koskela -00<\/td><td>2015<\/td><\/tr><tr><td>2.36,69<\/td><td>Katariina Lepp\u00e4aho -07<\/td><td>2024<\/td><\/tr><\/tbody><\/table><\/figure>\n\n\n\n<h2 class=\"wp-block-heading\"><strong>1500 m<\/strong><\/h2>\n\n\n\n<figure class=\"wp-block-table\"><table><tbody><tr><td>4.50,67<\/td><td>Mirva Hautala -78<\/td><td>1991<\/td><\/tr><tr><td>4.52,4h<\/td><td>Eila Paalij\u00e4rvi -55<\/td><td>1972<\/td><\/tr><tr><td>5.07,64<\/td><td>Helj\u00e4 Franssila -73<\/td><td>1989<\/td><\/tr><tr><td>5.09,94<\/td><td>Viola Takala -08<\/td><td><strong>2025<\/strong><\/td><\/tr><tr><td>5.09,95<\/td><td>Liinu J\u00e4rvinen -06<\/td><td>2023<\/td><\/tr><tr><td>5.11,80<\/td><td>Ilona Takala -06<\/td><td>2023<\/td><\/tr><tr><td>5.26,95<\/td><td>Niina Virtanen -87<\/td><td>1999<\/td><\/tr><tr><td>5.29,35<\/td><td>Liisa Kujanp\u00e4\u00e4 -87<\/td><td>2000<\/td><\/tr><tr><td>5.37,35<\/td><td>Sarianna Penninkangas -88<\/td><td>2000<\/td><\/tr><tr><td>5.47,22<\/td><td>Iida Koskela -94<\/td><td>2010<\/td><\/tr><\/tbody><\/table><\/figure>\n\n\n\n<h2 class=\"wp-block-heading\"><strong>3000 m<\/strong><\/h2>\n\n\n\n<figure class=\"wp-block-table\"><table><tbody><tr><td>10.41,29<\/td><td>Mirva Hautala&nbsp; -78<\/td><td>1992<\/td><\/tr><tr><td>11.13,58<\/td><td>Netta Valli -80<\/td><td>1995<\/td><\/tr><tr><td>11.19,05<\/td><td>Viola Takala -08<\/td><td>2023<\/td><\/tr><tr><td>11.28,44<\/td><td>Ilona Takala -06<\/td><td>2023<\/td><\/tr><tr><td>11.29,58<\/td><td>Kirsi Saarinen -79<\/td><td>1993<\/td><\/tr><tr><td>11.35,93<\/td><td>Niina Virtanen -87<\/td><td>2000<\/td><\/tr><tr><td>11.53,77<\/td><td>Tuulia Yli-Mannila -82 <\/td><td>1995<\/td><\/tr><tr><td>12.04,2h<\/td><td>Milja Jokiaho -96 <\/td><td>2009<\/td><\/tr><\/tbody><\/table><\/figure>\n\n\n\n<h2 class=\"wp-block-heading\"> <strong>100 m aidat <\/strong>(76,2 cm) <\/h2>\n\n\n\n<figure class=\"wp-block-table\"><table><tbody><tr><td>15,00<\/td><td>+0.4<\/td><td>Eucabeth Kivikangas -02 <\/td><td>2019<\/td><\/tr><tr><td>15,02<\/td><td>+0.5<\/td><td>Katariina Lepp\u00e4aho -07<\/td><td>2023<\/td><\/tr><tr><td>15,16<\/td><td>+1.2<\/td><td>Suvi Pitk\u00e4nen -86<\/td><td>2002<\/td><\/tr><tr><td>15,37<\/td><td>+0.8<\/td><td>Tuija Rajala -64<\/td><td>1981<\/td><\/tr><tr><td>15,61<\/td><td>+1.6<\/td><td>Iida Koskela -94<\/td><td>2011<\/td><\/tr><tr><td>16,17<\/td><td>+0.4<\/td><td>Emilia Sillanp\u00e4\u00e4 -78<\/td><td>1995<\/td><\/tr><tr><td>16,50<\/td><td>-1.1<\/td><td>Valma Salom\u00e4ki -99<\/td><td>2014<\/td><\/tr><\/tbody><\/table><\/figure>\n\n\n\n<h2 class=\"wp-block-heading\"><strong>400 m aidat<\/strong> (76,2 cm)<\/h2>\n\n\n\n<figure class=\"wp-block-table is-style-regular\"><table><tbody><tr><td>65,15<\/td><td>Katariina Lepp\u00e4aho -07<\/td><td>2024<\/td><\/tr><tr><td>67,23<\/td><td>Emilia Sillanp\u00e4\u00e4 -78<\/td><td>1995<\/td><\/tr><tr><td>71,33<\/td><td>Sara Vuorela -07<\/td><td>2023<\/td><\/tr><tr><td>72,91<\/td><td>Ilona Takala -06<\/td><td>2020<\/td><\/tr><tr><td>75,13<\/td><td>Sara Vuorela -07<\/td><td>2021<\/td><\/tr><\/tbody><\/table><\/figure>\n\n\n\n<h2 class=\"wp-block-heading\"><strong>2000 m esteet<\/strong><\/h2>\n\n\n\n<figure class=\"wp-block-table\"><table><tbody><tr><td>8.19,31<\/td><td>Ilona Takala -06<\/td><td>2023<\/td><\/tr><\/tbody><\/table><\/figure>\n\n\n\n<h2 class=\"wp-block-heading\"><strong>Korkeus<\/strong><\/h2>\n\n\n\n<figure class=\"wp-block-table\"><table><tbody><tr><td>168<\/td><td>Suvi Pitk\u00e4nen -86<\/td><td>2003<\/td><\/tr><tr><td>166<\/td><td>Roosa Latva-Laturi -02<\/td><td>2017<\/td><\/tr><tr><td>158<\/td><td>Katariina Lepp\u00e4aho -07<\/td><td>2023<\/td><\/tr><tr><td>155<\/td><td>Iida Koskela -94<\/td><td>2009<\/td><\/tr><tr><td>155<\/td><td>Essi Hautam\u00e4ki -95<\/td><td>2009<\/td><\/tr><tr><td>154<\/td><td>Eucabeth Kivikangas -02<\/td><td>2016<\/td><\/tr><tr><td>152<\/td><td>Anne Juuti -74<\/td><td>1991<\/td><\/tr><tr><td>148<\/td><td>Leena Kangastupa -54<\/td><td>1970<\/td><\/tr><tr><td>147<\/td><td>Bettina Yli-Sissala -00<\/td><td>2013<\/td><\/tr><tr><td>146<\/td><td>Anniina Viitasaari -07<\/td><td>2021<\/td><\/tr><\/tbody><\/table><\/figure>\n\n\n\n<h2 class=\"wp-block-heading\"><strong>Seiv\u00e4s<\/strong><\/h2>\n\n\n\n<figure class=\"wp-block-table\"><table><tbody><tr><td>320<\/td><td>Valma Salom\u00e4ki -99<\/td><td>2013<\/td><\/tr><tr><td>300<\/td><td>Sofia Koskela -99<\/td><td>2011<\/td><\/tr><tr><td>290<\/td><td>Fiia Koskela -00<\/td><td>2014<\/td><\/tr><tr><td>280<\/td><td>Ilona Takala -06<\/td><td>2021<\/td><\/tr><tr><td>240<\/td><td>Sini Pitk\u00e4nen -88<\/td><td>2003<\/td><\/tr><tr><td>235<\/td><td>Viola Takala -08<\/td><td>2022<\/td><\/tr><tr><td>230<\/td><td>Mervi Honkaniemi -90<\/td><td>2004<\/td><\/tr><tr><td>225<\/td><td>Roosa Latva-Laturi -02<\/td><td>2013<\/td><\/tr><tr><td>220<\/td><td>Emmi-Lotta Taipale -88<\/td><td>2000<\/td><\/tr><\/tbody><\/table><\/figure>\n\n\n\n<h2 class=\"wp-block-heading\"><strong>Pituus<\/strong><\/h2>\n\n\n\n<figure class=\"wp-block-table\"><table><tbody><tr><td>5,34<\/td><td>+1.2<\/td><td>Anne Juuti -74<\/td><td>1991<\/td><\/tr><tr><td>5,33<\/td><td>+0.9<\/td><td>Kati Linnanm\u00e4ki -73<\/td><td>1990<\/td><\/tr><tr><td>5,33<\/td><td>+1.4<\/td><td>Eucabeth Kivikangas -02 <\/td><td>2019<\/td><\/tr><tr><td>5,22<\/td><td>+1.9<\/td><td>Tuire Vatanen -75<\/td><td>1992<\/td><\/tr><tr><td>5,13<\/td><td>-0.8<\/td><td>Katariina Lepp\u00e4aho -07<\/td><td>2024<\/td><\/tr><tr><td>5,13<\/td><td>+0.1<\/td><td>Suvi Pitk\u00e4nen -86<\/td><td>2003<\/td><\/tr><tr><td>5,11<\/td><td>+1.6<\/td><td>Saara Rintala -95<\/td><td>2008<\/td><\/tr><tr><td>5,04<\/td><td>-0.5<\/td><td>Iida Koskela -94<\/td><td>2009<\/td><\/tr><tr><td>4,89<\/td><td>-1.5<\/td><td>Milja-Maria Lahti -06<\/td><td>2021<\/td><\/tr><tr><td>4,69<\/td><td>-1.0<\/td><td>Sofia Koskela -95 <\/td><td>2012<\/td><\/tr><tr><td>4,69<\/td><td>+1.1<\/td><td>Seliina Kuoppa-aho -06<\/td><td>2020<\/td><\/tr><\/tbody><\/table><\/figure>\n\n\n\n<h2 class=\"wp-block-heading\"><strong>Kolmiloikka<\/strong><\/h2>\n\n\n\n<figure class=\"wp-block-table\"><table><tbody><tr><td>11,18<\/td><td>-0.8<\/td><td>Anne Juuti -74<\/td><td>1991<\/td><\/tr><tr><td>10,70<\/td><td>+1.7<\/td><td>Suvi Pitk\u00e4nen -86<\/td><td>2003<\/td><\/tr><tr><td>10,39<\/td><td>+0.5<\/td><td>Seliina Kuoppa-aho -06 <\/td><td>2020<\/td><\/tr><tr><td>10,33<\/td><td>+0.9<\/td><td>Saara Rintala -95<\/td><td>2008<\/td><\/tr><tr><td>10,02<\/td><td>-0.1<\/td><td>Sofia Koskela -95<\/td><td>2012<\/td><\/tr><tr><td>10,00<\/td><td>-0.8<\/td><td>Eucabeth Kivikangas -02<\/td><td>2014<\/td><\/tr><tr><td>9,79<\/td><td>+2.0<\/td><td>Marju Keltikangas -88<\/td><td>2001<\/td><\/tr><tr><td>9,68<\/td><td>+0.8<\/td><td>Heidi Marjom\u00e4ki -00<\/td><td>2016<\/td><\/tr><tr><td>9,53<\/td><td>-1.3<\/td><td>Milja-Maria Lahti -06<\/td><td>2020<\/td><\/tr><tr><td>9,50<\/td><td>-0.6<\/td><td>Sara Vuorela -07<\/td><td>2021<\/td><\/tr><tr><td>9,41<\/td><td>+1.1<\/td><td>Nelly Sillanp\u00e4\u00e4 -10<\/td><td>2023<\/td><\/tr><tr><td>9,36<\/td><td>+1.2<\/td><td>Anniina Viitasaari -07<\/td><td>2021<\/td><\/tr><tr><td>9,31<\/td><td>+0.3<\/td><td>Katariina Lepp\u00e4aho -07<\/td><td>2022<\/td><\/tr><tr><td>9,18<\/td><td>+0.0<\/td><td>Vilma H\u00e4nninen -01<\/td><td>2018<\/td><\/tr><tr><td>9,16<\/td><td>+1.0<\/td><td>Valma Salom\u00e4ki -99<\/td><td>2012<\/td><\/tr><\/tbody><\/table><\/figure>\n\n\n\n<h2 class=\"wp-block-heading\"><strong>Kuula 3 kg<\/strong><\/h2>\n\n\n\n<figure class=\"wp-block-table\"><table><tbody><tr><td>15,96<\/td><td>Eucabeth Kivikangas -02 <\/td><td>2019<\/td><\/tr><tr><td>15,96<\/td><td>Minna-Marjatta Liimatainen -93<\/td><td>2010<\/td><\/tr><tr><td>14,13<\/td><td>Elina Sillanp\u00e4\u00e4 -82<\/td><td>1997<\/td><\/tr><tr><td>12,46<\/td><td>Katariina Lepp\u00e4aho -07<\/td><td>2024<\/td><\/tr><tr><td>11,34<\/td><td>Hanna Siiril\u00e4 -09<\/td><td>2024<\/td><\/tr><tr><td>11,34<\/td><td>Sara Vuorela -07<\/td><td>2023<\/td><\/tr><tr><td>11,02<\/td><td>Suvi Honkaniemi -85<\/td><td>2002<\/td><\/tr><tr><td>10,79<\/td><td>Maiju H\u00e4nninen -96<\/td><td>2013<\/td><\/tr><tr><td>10,76<\/td><td>Fanni-Hannele Vilmil\u00e4 -09<\/td><td>2024<\/td><\/tr><tr><td>10,55<\/td><td>Iida Koskela -94<\/td><td>2011<\/td><\/tr><tr><td>9,87<\/td><td>Emmi-Lotta Taipale -88<\/td><td>2002<\/td><\/tr><tr><td>9,53<\/td><td>Vilma H\u00e4nninen -01<\/td><td>2016<\/td><\/tr><tr><td>9,43<\/td><td>Emmi Pitk\u00e4kangas -07<\/td><td>2021<\/td><\/tr><tr><td>9,35<\/td><td>Rosaliina Penninkangas -98<\/td><td>2012<\/td><\/tr><tr><td>9,31<\/td><td>Vilma Jokiaho -98<\/td><td>2014<\/td><\/tr><tr><td>9,28<\/td><td>Anni Mertaniemi -96<\/td><td>2012<\/td><\/tr><\/tbody><\/table><\/figure>\n\n\n\n<h2 class=\"wp-block-heading\"><strong>Kiekko 1 kg<\/strong><\/h2>\n\n\n\n<figure class=\"wp-block-table\"><table><tbody><tr><td>39,34<\/td><td>Hanna Siiril\u00e4 -09<\/td><td><strong>2025<\/strong><\/td><\/tr><tr><td>34,68<\/td><td>Minna-Marjatta Liimatainen -93<\/td><td>2010<\/td><\/tr><\/tbody><\/table><\/figure>\n\n\n\n<h2 class=\"wp-block-heading\"><strong>Moukari 3 kg<\/strong><\/h2>\n\n\n\n<figure class=\"wp-block-table\"><table><tbody><tr><td>61,66<\/td><td>Hanna Siiril\u00e4 -09<\/td><td><strong>2025<\/strong><\/td><\/tr><tr><td>45,47<\/td><td>Minna-Marjatta Liimatainen -93<\/td><td>2008<\/td><\/tr><tr><td>43,75<\/td><td>Emmi Pitk\u00e4kangas -07<\/td><td>2022<\/td><\/tr><tr><td>32,76<\/td><td>Suvi Honkaniemi -85<\/td><td>2002<\/td><\/tr><tr><td>27,41<\/td><td>Elli Mertaniemi -00<\/td><td>2013<\/td><\/tr><tr><td>25,82<\/td><td>Sofia Honkaniemi -00<\/td><td>2014<\/td><\/tr><\/tbody><\/table><\/figure>\n\n\n\n<h2 class=\"wp-block-heading\"><strong>Painonheitto 7,26 kg<\/strong><\/h2>\n\n\n\n<figure class=\"wp-block-table\"><table><tbody><tr><td>18,23<\/td><td>Hanna Siiril\u00e4 -09<\/td><td>2024<\/td><\/tr><\/tbody><\/table><\/figure>\n\n\n\n<h2 class=\"wp-block-heading\"><strong>Keih\u00e4s 500 g<\/strong><\/h2>\n\n\n\n<figure class=\"wp-block-table\"><table><tbody><tr><td>49,23<\/td><td>Elina Sillanp\u00e4\u00e4 -82<\/td><td>1999<\/td><td>600g!<\/td><\/tr><tr><td>43,88<\/td><td>Sara Vuorela -07<\/td><td>2023<\/td><td><\/td><\/tr><tr><td>42,19<\/td><td>Katariina Lepp\u00e4aho -07<\/td><td>2024<\/td><td><\/td><\/tr><tr><td>37,78<\/td><td>Eucabeth Kivikangas -02<\/td><td>2019<\/td><\/tr><tr><td>32,92<\/td><td>Rosaliina Penninkangas -98<\/td><td>2012<\/td><\/tr><tr><td>32,73<\/td><td>Vilma H\u00e4nninen -01<\/td><td>2016<\/td><\/tr><tr><td>26,50<\/td><td>Anni Mertaniemi -96<\/td><td>2012<\/td><td><\/td><\/tr><tr><td>23,88<\/td><td>Aada Piispanen -09<\/td><td>2023<\/td><td><\/td><\/tr><\/tbody><\/table><\/figure>\n\n\n\n<h2 class=\"wp-block-heading\"><strong>7-ottelu<\/strong><\/h2>\n\n\n\n<figure class=\"wp-block-table\"><table><tbody><tr><td>4952<\/td><td>Eucabeth Kivikangas -02<\/td><td>2019<\/td><\/tr><tr><td>4577<\/td><td>Katariina Lepp\u00e4aho -07<\/td><td>2024<\/td><\/tr><tr><td>4127<\/td><td>Iida Koskela -94<\/td><td>2010<\/td><\/tr><tr><td>3910<\/td><td>Anne Juuti -74<\/td><td>1990<\/td><\/tr><tr><td>3754<\/td><td>Suvi Pitk\u00e4nen -86<\/td><td>2002<\/td><\/tr><\/tbody><\/table><\/figure>\n","protected":false},"excerpt":{"rendered":"<p>100 m 12,25 +1.6 Kati Linnanm\u00e4ki -73 1990 12,79 +0.8 Eucabeth Kivikangas -02 2017 12,89 +1.9 Suvi Pitk\u00e4nen -86 2003 12,96 -0.2 Milja-Maria Lahti -06 2022 13,11 +1.2 Iida Koskela -94 2010 13,13 +1.9 Katariina Lepp\u00e4aho -07 2023 13,41 -1.6 Sara Vuorela -07 2023 13,70 +1.5 Emmi-Lotta Taipale -88 2001 13,72 +1.2 Seliina Kuoppa-aho -06 &hellip; <\/p>\n<p class=\"link-more\"><a href=\"https:\/\/www.alajarvenankkurit.fi\/yleisurheilu\/tilastot\/17v-naiset\/\" class=\"more-link\">Jatka lukemista<span class=\"screen-reader-text\"> &#8221;17v naiset&#8221;<\/span><\/a><\/p>\n","protected":false},"author":5,"featured_media":0,"parent":521,"menu_order":0,"comment_status":"closed","ping_status":"closed","template":"","meta":{"footnotes":""},"class_list":["post-556","page","type-page","status-publish","hentry"],"_links":{"self":[{"href":"https:\/\/www.alajarvenankkurit.fi\/yleisurheilu\/wp-json\/wp\/v2\/pages\/556","targetHints":{"allow":["GET"]}}],"collection":[{"href":"https:\/\/www.alajarvenankkurit.fi\/yleisurheilu\/wp-json\/wp\/v2\/pages"}],"about":[{"href":"https:\/\/www.alajarvenankkurit.fi\/yleisurheilu\/wp-json\/wp\/v2\/types\/page"}],"author":[{"embeddable":true,"href":"https:\/\/www.alajarvenankkurit.fi\/yleisurheilu\/wp-json\/wp\/v2\/users\/5"}],"replies":[{"embeddable":true,"href":"https:\/\/www.alajarvenankkurit.fi\/yleisurheilu\/wp-json\/wp\/v2\/comments?post=556"}],"version-history":[{"count":20,"href":"https:\/\/www.alajarvenankkurit.fi\/yleisurheilu\/wp-json\/wp\/v2\/pages\/556\/revisions"}],"predecessor-version":[{"id":8017,"href":"https:\/\/www.alajarvenankkurit.fi\/yleisurheilu\/wp-json\/wp\/v2\/pages\/556\/revisions\/8017"}],"up":[{"embeddable":true,"href":"https:\/\/www.alajarvenankkurit.fi\/yleisurheilu\/wp-json\/wp\/v2\/pages\/521"}],"wp:attachment":[{"href":"https:\/\/www.alajarvenankkurit.fi\/yleisurheilu\/wp-json\/wp\/v2\/media?parent=556"}],"curies":[{"name":"wp","href":"https:\/\/api.w.org\/{rel}","templated":true}]}}