{"id":541,"date":"2019-11-25T22:55:00","date_gmt":"2019-11-25T20:55:00","guid":{"rendered":"http:\/\/212.66.193.72\/~cp4520516\/yleisurheilu\/?page_id=541"},"modified":"2025-11-01T23:07:45","modified_gmt":"2025-11-01T21:07:45","slug":"13v-tytot","status":"publish","type":"page","link":"https:\/\/www.alajarvenankkurit.fi\/yleisurheilu\/tilastot\/13v-tytot\/","title":{"rendered":"13v tyt\u00f6t"},"content":{"rendered":"\n<h2 class=\"wp-block-heading\"><strong>60 m<\/strong><\/h2>\n\n\n\n<figure class=\"wp-block-table\"><table><tbody><tr><td>8,41<\/td><td>+0.3<\/td><td>Eucabeth Kivikangas -02<\/td><td>2015<\/td><\/tr><tr><td>8,42<\/td><td>+1.1<\/td><td>Saara Rintala -95<\/td><td>2008<\/td><\/tr><tr><td>8,61<\/td><td>+1.2<\/td><td>Sara Vuorela -07<\/td><td>2019<\/td><\/tr><tr><td>8,68<\/td><td>+1.6<\/td><td>Valma Salom\u00e4ki -99<\/td><td>2012<\/td><\/tr><tr><td>8,73<\/td><td>+0.8<\/td><td>Iida Koskela -94<\/td><td>2007<\/td><\/tr><tr><td>8,75<\/td><td>+1.3<\/td><td>Milja-Maria Lahti -06<\/td><td>2019<\/td><\/tr><tr><td>8,75<\/td><td>+1.8<\/td><td>Katariina Lepp\u00e4aho -07<\/td><td>2020<\/td><\/tr><tr><td>8,75<\/td><td>+3.5<\/td><td>Vilma H\u00e4nninen -01<\/td><td>2013<\/td><\/tr><tr><td>8,80<\/td><td>+1.8<\/td><td>Anniina Viitasaari -07<\/td><td>2020<\/td><\/tr><tr><td>8,84<\/td><td>-1.1<\/td><td>Roosa Latva-Laturi -02<\/td><td>2014<\/td><\/tr><tr><td>8,88<\/td><td>-0.8<\/td><td>Veera Penninkangas -93<\/td><td>2006<\/td><\/tr><tr><td>8,89<\/td><td>+0.5<\/td><td>Noomi Mattila -99<\/td><td>2011<\/td><\/tr><tr><td>8,89<\/td><td>&nbsp;<\/td><td>Emmi-Lotta Taipale -88<\/td><td>1999<\/td><\/tr><tr><td>8,90<\/td><td>+0.3<\/td><td>Seliina Kuoppa-aho -06<\/td><td>2019<\/td><\/tr><\/tbody><\/table><\/figure>\n\n\n\n<h2 class=\"wp-block-heading\"><strong>200 m<\/strong><\/h2>\n\n\n\n<figure class=\"wp-block-table\"><table><tbody><tr><td>26,95<\/td><td>+1.5<\/td><td>Eucabeth Kivikangas -02<\/td><td>2015<\/td><\/tr><tr><td>28,39<\/td><td>+0.6<\/td><td>Emmi-Lotta Taipale -88<\/td><td>2001<\/td><\/tr><tr><td>28,82<\/td><td>+0.0<\/td><td>Valma Salom\u00e4ki -99<\/td><td>2012<\/td><\/tr><tr><td>28,98<\/td><td>+0.8<\/td><td>Saara Rintala -95<\/td><td>2008<\/td><\/tr><tr><td>29,38<\/td><td>+1.4<\/td><td>Katariina Lepp\u00e4aho -07<\/td><td>2020<\/td><\/tr><tr><td>29,39<\/td><td>-0.4<\/td><td>Iida Koskela -94<\/td><td>2006<\/td><\/tr><tr><td>29,48<\/td><td>+0.6<\/td><td>Seliina Kuoppa-aho -06 <\/td><td>2019<\/td><\/tr><tr><td>29,95<\/td><td>-0.5<\/td><td>Sara Vuorela -07<\/td><td>2020<\/td><\/tr><tr><td>30,06<\/td><td>+0.2<\/td><td>Aada Piispanen -09<\/td><td>2022<\/td><\/tr><tr><td>30,10<\/td><td>-3.5<\/td><td>Suvi Pitk\u00e4nen -86<\/td><td>1999<\/td><\/tr><tr><td>30,14<\/td><td>-0.4<\/td><td>Amanda Tuomela -05<\/td><td>2018<\/td><\/tr><tr><td>30,18<\/td><td>+0.0<\/td><td>Ilona Takala -06<\/td><td>2019<\/td><\/tr><tr><td>30,35<\/td><td>-1.1<\/td><td>Milja-Maria Lahti -06<\/td><td>2019<\/td><\/tr><tr><td>30,36<\/td><td>-1.2<\/td><td>Emilia Salo -08<\/td><td>2021<\/td><\/tr><tr><td>30,68<\/td><td>+0.4<\/td><td>Bettina Yli-Sissala -00<\/td><td>2013<\/td><\/tr><\/tbody><\/table><\/figure>\n\n\n\n<h2 class=\"wp-block-heading\"><strong>800 m<\/strong><\/h2>\n\n\n\n<figure class=\"wp-block-table\"><table><tbody><tr><td>2.22,83<\/td><td>Mirva Hautala -78<\/td><td>1991<\/td><\/tr><tr><td>2.27,38<\/td><td>Netta Valli -80<\/td><td>1993<\/td><\/tr><tr><td>2.28,75<\/td><td>Seliina Kuoppa-aho -06 <\/td><td>2019<\/td><\/tr><tr><td>2.33,71<\/td><td>Niina Virtanen -87<\/td><td>2000<\/td><\/tr><tr><td>2.34,64<\/td><td>Eucabeth Kivikangas -02<\/td><td>2014<\/td><\/tr><tr><td>2.35,39<\/td><td>Kirsi-Leena Keltikangas -83<\/td><td>1995<\/td><\/tr><tr><td>2.35,74<\/td><td>Tuulia Yli-Mannila -82<\/td><td>1994<\/td><\/tr><tr><td>2.35,69<\/td><td>Aada Piispanen -09<\/td><td>2022<\/td><\/tr><tr><td>2.37,80<\/td><td>Katariina Lepp\u00e4aho -07<\/td><td>2020<\/td><\/tr><tr><td>2.41,21<\/td><td>Milja Jokiaho -96<\/td><td>2009<\/td><\/tr><tr><td>2.46,08<\/td><td>Iida Koskela -94<\/td><td>2007<\/td><\/tr><tr><td>2.47,02<\/td><td>Ilona Takala -06<\/td><td>2019<\/td><\/tr><\/tbody><\/table><\/figure>\n\n\n\n<h2 class=\"wp-block-heading\"><strong>1000 m<\/strong><\/h2>\n\n\n\n<figure class=\"wp-block-table\"><table><tbody><tr><td>3.04,22<\/td><td>Mirva Hautala -78<\/td><td>1991<\/td><\/tr><tr><td>3.19,87<\/td><td>Niina Virtanen -87<\/td><td>2000<\/td><\/tr><tr><td>3.20,11<\/td><td>Seliina Kuoppa-aho -06 <\/td><td>2019<\/td><\/tr><tr><td>3.21,72<\/td><td>Aada Piispanen -09<\/td><td>2022<\/td><\/tr><tr><td>3.25,10<\/td><td>Katariina Lepp\u00e4aho -07<\/td><td>2020<\/td><\/tr><tr><td>3.25,85<\/td><td>Fiia Koskela -00<\/td><td>2013<\/td><\/tr><tr><td>3.26,94<\/td><td>Milja Jokiaho -96<\/td><td>2008<\/td><\/tr><tr><td>3.29,84<\/td><td>Emmi-Lotta Taipale -88<\/td><td>1999<\/td><\/tr><tr><td>3.30,75<\/td><td>Seliina Kuoppa-aho -06<\/td><td>2018<\/td><\/tr><tr><td>3.32,12<\/td><td>Iida Koskela -94<\/td><td>2007<\/td><\/tr><tr><td>3.32,69<\/td><td>Eucabeth Kivikangas -02<\/td><td>2014<\/td><\/tr><tr><td>3.35,25<\/td><td>Hilja-Henna Herrala -13<\/td><td>2024<\/td><\/tr><tr><td>3.39,21<\/td><td>Riikka Koivusaari -94<\/td><td>2007<\/td><\/tr><\/tbody><\/table><\/figure>\n\n\n\n<h2 class=\"wp-block-heading\"> <strong>60 m aidat <\/strong>(76,2 cm) <\/h2>\n\n\n\n<figure class=\"wp-block-table\"><table><tbody><tr><td>9,70<\/td><td>+1.7<\/td><td>Valma Salom\u00e4ki -99<\/td><td>2012<\/td><td>6 aitaa<\/td><\/tr><tr><td>9,93<\/td><td>+1.5<\/td><td>Katariina Lepp\u00e4aho -07<\/td><td>2020<\/td><td>6 aitaa<\/td><\/tr><tr><td>10,19<\/td><td>+0.8<\/td><td>Iida Koskela -94<\/td><td>2007<\/td><td>6 aitaa<\/td><\/tr><tr><td>10,26<\/td><td>-0.6<\/td><td>Sara Vuorela -07<\/td><td>2020<\/td><td>6 aitaa<\/td><\/tr><tr><td>10,55<\/td><td>+1.3<\/td><td>Ilona Takala -06<\/td><td>2019<\/td><td>6 aitaa<\/td><\/tr><tr><td>10,74<\/td><td>-1.1<\/td><td>Eucabeth Kivikangas -02<\/td><td>2014<\/td><td>6 aitaa<\/td><\/tr><tr><td>10,84<\/td><td>+0.4<\/td><td>Milja Jokiaho -96<\/td><td>2009<\/td><td>6 aitaa<\/td><\/tr><tr><td>10,90<\/td><td>+1.6<\/td><td>Sofia Honkaniemi -00<\/td><td>2013<\/td><td>6 aitaa<\/td><\/tr><tr><td>10,93<\/td><td>+0.9<\/td><td>Emmi-Lotta Taipale -88<\/td><td>2000<\/td><td>7 aitaa<\/td><\/tr><tr><td>11,03<\/td><td>-2.1<\/td><td>Anniina Viitasaari -07<\/td><td>2020<\/td><td>6 aitaa<\/td><\/tr><tr><td>11,05<\/td><td>+2,6<\/td><td>Bettina Yli-Sissala -00<\/td><td>2013<\/td><td>6 aitaa<\/td><\/tr><\/tbody><\/table><\/figure>\n\n\n\n<h2 class=\"wp-block-heading\"> <strong>200 m aidat <\/strong>(76,2 cm) <\/h2>\n\n\n\n<figure class=\"wp-block-table\"><table><tbody><tr><td>33,53<\/td><td>-2.3<\/td><td>Sara Vuorela -07<\/td><td>2020<\/td><\/tr><tr><td>33,63<\/td><td>-2.3<\/td><td>Katariina Lepp\u00e4aho -07 <\/td><td>2020<\/td><\/tr><tr><td>34,12<\/td><td>+0.8<\/td><td>Ilona Takala -06<\/td><td>2019<\/td><\/tr><tr><td>34,35<\/td><td>-0.2<\/td><td>Valma Salom\u00e4ki -99<\/td><td>2012<\/td><\/tr><tr><td>34,69<\/td><td>-0.3<\/td><td>Eucabeth Kivikangas -02<\/td><td>2014<\/td><\/tr><tr><td>35,97<\/td><td>-1.8<\/td><td>Aada Piispanen -09<\/td><td>2022<\/td><\/tr><tr><td>36,46<\/td><td>nwnd<\/td><td>Seliina Kuoppa-aho -06 <\/td><td>2019<\/td><\/tr><tr><td>36,93<\/td><td>-0.4<\/td><td>Viola Takala -08<\/td><td>2021<\/td><\/tr><tr><td>37,30<\/td><td>nwnd<\/td><td>Linnea Piispanen -12<\/td><td><strong>2025<\/strong><\/td><\/tr><\/tbody><\/table><\/figure>\n\n\n\n<h2 class=\"wp-block-heading\"><strong>1000 m k\u00e4vely<\/strong><\/h2>\n\n\n\n<figure class=\"wp-block-table\"><table><tbody><tr><td>6.02,0h<\/td><td>Valma Salom\u00e4ki -99<\/td><td>2010<\/td><\/tr><tr><td>6.12,09<\/td><td>Sandra Korhonen -97<\/td><td>2008<\/td><\/tr><tr><td>6.21,48<\/td><td>Ilona Takala -06<\/td><td>2019<\/td><\/tr><tr><td>6.39.77<\/td><td>Eerika Sironen -11<\/td><td>2022<\/td><\/tr><tr><td>6.47,86<\/td><td>Armi Heiti -00<\/td><td>2011<\/td><\/tr><tr><td>6.56,04<\/td><td>Aada Piispanen -09<\/td><td>2021<\/td><\/tr><tr><td>7.43,42<\/td><td>Ellen Sivula -12<\/td><td>2024<\/td><\/tr><\/tbody><\/table><\/figure>\n\n\n\n<h2 class=\"wp-block-heading\"><strong>2000 m k\u00e4vely<\/strong><\/h2>\n\n\n\n<figure class=\"wp-block-table\"><table><tbody><tr><td>12.01,5h<\/td><td>P\u00e4ivi Hautam\u00e4ki -83<\/td><td>1996<\/td><\/tr><tr><td>12.48,86<\/td><td>Valma Salom\u00e4ki -99<\/td><td>2011<\/td><\/tr><tr><td>14.15,52<\/td><td>Senni Penninkangas -00<\/td><td>2012<\/td><\/tr><tr><td>14.26,46<\/td><td>Sandra Korhonen -97<\/td><td>2009<\/td><\/tr><tr><td>15.22,12<\/td><td>Essi Juoperi -99<\/td><td>2011<\/td><\/tr><\/tbody><\/table><\/figure>\n\n\n\n<h2 class=\"wp-block-heading\"><strong>Korkeus<\/strong><\/h2>\n\n\n\n<figure class=\"wp-block-table\"><table><tbody><tr><td>158<\/td><td>Roosa Latva-Laturi -02<\/td><td>2015<\/td><\/tr><tr><td>151<\/td><td>Eucabeth Kivikangas -02<\/td><td>2014<\/td><\/tr><tr><td>148<\/td><td>Essi Hautam\u00e4ki -95<\/td><td>2008<\/td><\/tr><tr><td>147<\/td><td>Bettina Yli-Sissala -00<\/td><td>2013<\/td><\/tr><tr><td>146<\/td><td>Veera Penninkangas -93<\/td><td>2006<\/td><\/tr><tr><td>145<\/td><td>Anniina Viitasaari -07<\/td><td>2019<\/td><\/tr><tr><td>145<\/td><td>Suvi Pitk\u00e4nen -86<\/td><td>1999<\/td><\/tr><tr><td>144<\/td><td>Valma Salom\u00e4ki -99<\/td><td>2012<\/td><\/tr><tr><td>142<\/td><td>Oona Hietam\u00e4ki -13<\/td><td><strong>2025<\/strong><\/td><\/tr><tr><td>138<\/td><td>Iida Koskela -94<\/td><td>2007<\/td><\/tr><tr><td>137<\/td><td>Nelly Sillanp\u00e4\u00e4 -10<\/td><td>2023<\/td><\/tr><tr><td>136<\/td><td>Olga Zhukova -10<\/td><td>2023<\/td><\/tr><tr><td>136<\/td><td>Emma Piispanen -07<\/td><td>2020<\/td><\/tr><tr><td>136<\/td><td>Liinu J\u00e4rvinen -06<\/td><td>2019<\/td><\/tr><\/tbody><\/table><\/figure>\n\n\n\n<h2 class=\"wp-block-heading\"><strong>Seiv\u00e4s<\/strong><\/h2>\n\n\n\n<figure class=\"wp-block-table\"><table><tbody><tr><td>301<\/td><td>Valma Salom\u00e4ki -99<\/td><td>2012<\/td><\/tr><tr><td>260<\/td><td>Ilona Takala -06<\/td><td>2019<\/td><\/tr><tr><td>250<\/td><td>Fiia Koskela -00<\/td><td>2013<\/td><\/tr><tr><td>225<\/td><td>Roosa Latva-Laturi -02<\/td><td>2013<\/td><\/tr><tr><td>225<\/td><td>Mervi Honkaniemi -90<\/td><td>2003<\/td><\/tr><tr><td>220<\/td><td>Sofia Koskela -95<\/td><td>2008<\/td><\/tr><tr><td>220<\/td><td>Emmi-Lotta Taipale -88<\/td><td>2000<\/td><\/tr><tr><td>220<\/td><td>Viola Takala -08 <\/td><td>2021<\/td><\/tr><tr><td>190<\/td><td>Sini Pitk\u00e4nen -88<\/td><td>2001<\/td><\/tr><tr><td>162<\/td><td>Janika Saarela -12<\/td><td>2024<\/td><\/tr><tr><td>140<\/td><td>Sandra Korhonen -97<\/td><td>2010<\/td><\/tr><\/tbody><\/table><\/figure>\n\n\n\n<h2 class=\"wp-block-heading\"><strong>Pituus<\/strong><\/h2>\n\n\n\n<figure class=\"wp-block-table\"><table><tbody><tr><td>5,11<\/td><td>+1.6<\/td><td>Saara Rintala -95<\/td><td>2008<\/td><\/tr><tr><td>4,85<\/td><td>+1.9<\/td><td>Eucabeth Kivikangas -02<\/td><td>2015<\/td><\/tr><tr><td>4,62<\/td><td>-1.0<\/td><td>Iida Koskela -94<\/td><td>2007<\/td><\/tr><tr><td>4,58<\/td><td>+0.9<\/td><td>Roosa Latva-Laturi -02<\/td><td>2014<\/td><\/tr><tr><td>4,55<\/td><td>-0,4<\/td><td>Emmi-Lotta Taipale -88<\/td><td>2001<\/td><\/tr><tr><td>4,50<\/td><td>+0.8<\/td><td>Anniina Viitasaari -07<\/td><td>2020<\/td><\/tr><tr><td>4,47<\/td><td>+0.2<\/td><td>Marju Keltikangas -88<\/td><td>2001<\/td><\/tr><tr><td>4,43<\/td><td>+0.9<\/td><td>Valma Salom\u00e4ki -99<\/td><td>2012<\/td><\/tr><tr><td>4,41<\/td><td>+0.6<\/td><td>Mari Jokela -88<\/td><td>2001<\/td><\/tr><tr><td>4,34<\/td><td>+0.7<\/td><td>Seliina Kuoppa-aho -06 <\/td><td>2019<\/td><\/tr><tr><td>4,34<\/td><td>+0.7<\/td><td>Vilma H\u00e4nninen -01<\/td><td>2014<\/td><\/tr><tr><td>4,33<\/td><td>-0.7<\/td><td>Aada Piispanen -09<\/td><td>2022<\/td><\/tr><tr><td>4,27<\/td><td>+1.4<\/td><td>Ilona Takala -06<\/td><td>2019<\/td><\/tr><tr><td>4,22<\/td><td>+1.5<\/td><td>Milja-Maria Lahti -06<\/td><td>2019<\/td><\/tr><\/tbody><\/table><\/figure>\n\n\n\n<h2 class=\"wp-block-heading\"><strong>Kolmiloikka<\/strong><\/h2>\n\n\n\n<figure class=\"wp-block-table\"><table><tbody><tr><td>10,33<\/td><td>+0.9<\/td><td>Saara Rintala -95<\/td><td>2008<\/td><\/tr><tr><td>10,00<\/td><td>-0.8<\/td><td>Eucabeth Kivikangas -02<\/td><td>2014<\/td><\/tr><tr><td>9,79<\/td><td>+2.0<\/td><td>Marju Keltikangas -88<\/td><td>2001<\/td><\/tr><tr><td>9,41<\/td><td>+1.1<\/td><td>Nelly Sillanp\u00e4\u00e4 -10<\/td><td>2023<\/td><\/tr><tr><td>9,16<\/td><td>+1.0<\/td><td>Valma Salom\u00e4ki -99<\/td><td>2012<\/td><\/tr><tr><td>9,14<\/td><td>+0.0<\/td><td> Seliina Kuoppa-aho -06 <\/td><td>2019<\/td><\/tr><tr><td>8,88<\/td><td>-0.3<\/td><td>Linnea Piispanen -12<\/td><td><strong>2025<\/strong><\/td><\/tr><tr><td>8,88<\/td><td>+1.1<\/td><td>Aada Piispanen -09<\/td><td>2022<\/td><\/tr><tr><td>8,70<\/td><td>+0.3<\/td><td>Iida Koskela -94<\/td><td>2006<\/td><\/tr><tr><td>8,54<\/td><td>+0.5<\/td><td>Heidi Marjom\u00e4ki -00<\/td><td>2013<\/td><\/tr><tr><td>8,49<\/td><td>-0.2<\/td><td>Emmi Piispanen -07<\/td><td>2020<\/td><\/tr><tr><td>8,37<\/td><td>-0.5<\/td><td>Katariina Lepp\u00e4aho -07<\/td><td>2019<\/td><\/tr><tr><td>8,35<\/td><td>-0.8<\/td><td>Fiia Koskela -00<\/td><td>2013<\/td><\/tr><\/tbody><\/table><\/figure>\n\n\n\n<h2 class=\"wp-block-heading\"><strong>Kuula 2.5 kg<\/strong><\/h2>\n\n\n\n<figure class=\"wp-block-table\"><table><tbody><tr><td>12,97<\/td><td>Elina Sillanp\u00e4\u00e4 -82<\/td><td>1995<\/td><\/tr><tr><td>12,63<\/td><td>Eucabeth Kivikangas -02<\/td><td>2015<\/td><\/tr><tr><td>11,04<\/td><td>Sara Vuorela -07<\/td><td>2020<\/td><\/tr><tr><td>11,00<\/td><td>Emmi-Lotta Taipale -88<\/td><td>2001<\/td><\/tr><tr><td>11,00<\/td><td>Jaana Pollari -80<\/td><td>1992<\/td><\/tr><tr><td>10,61<\/td><td>Hanna Siiril\u00e4 -09<\/td><td>2022<\/td><\/tr><tr><td>9,37<\/td><td>Vilma H\u00e4nninen -01<\/td><td>2014<\/td><\/tr><tr><td>9,27<\/td><td>Rosaliina Penninkangas -98<\/td><td>2011<\/td><\/tr><tr><td>9,14<\/td><td>Essi Puoliv\u00e4li -90<\/td><td>2002<\/td><\/tr><tr><td>9,08<\/td><td>Roosa Latva-Laturi -02<\/td><td>2015<\/td><\/tr><tr><td>8,92<\/td><td>Katariina Lepp\u00e4aho -07<\/td><td>2020<\/td><\/tr><tr><td>8,92<\/td><td> Maiju H\u00e4nninen -96 <\/td><td>2008<\/td><\/tr><\/tbody><\/table><\/figure>\n\n\n\n<h2 class=\"wp-block-heading\"><strong>Kiekko 600 g<\/strong><\/h2>\n\n\n\n<figure class=\"wp-block-table\"><table><tbody><tr><td>37,42<\/td><td>Hanna Siiril\u00e4 -09<\/td><td>2022<\/td><\/tr><tr><td>35,42<\/td><td>Elina Sillanp\u00e4\u00e4 -82<\/td><td>1995<\/td><\/tr><tr><td>34,13<\/td><td>Sonja Peltom\u00e4ki -89<\/td><td>2002<\/td><\/tr><tr><td>29,66<\/td><td>Rosaliina Penninkangas -98<\/td><td>2010<\/td><\/tr><tr><td>27,74<\/td><td>Katariina Lepp\u00e4aho -07<\/td><td>2020<\/td><\/tr><tr><td>24,98<\/td><td>Iida Koskela -94<\/td><td>2007<\/td><\/tr><tr><td>23,84<\/td><td>Anna Iham\u00e4ki -00<\/td><td>2011<\/td><\/tr><tr><td>22,37<\/td><td>Milja Jokiaho -96<\/td><td>2009<\/td><\/tr><tr><td>21,39<\/td><td>Sofia Koskela -95<\/td><td>2008<\/td><\/tr><tr><td>20,93<\/td><td>Emmi Pitk\u00e4kangas -07<\/td><td>2020<\/td><\/tr><tr><td>20,93<\/td><td>Eucabeth Kivikangas -02<\/td><td>2013<\/td><\/tr><tr><td>20,83<\/td><td>Vilma H\u00e4nninen -01<\/td><td>2012<\/td><\/tr><\/tbody><\/table><\/figure>\n\n\n\n<h2 class=\"wp-block-heading\"><strong>Moukari 2.5 kg<\/strong><\/h2>\n\n\n\n<figure class=\"wp-block-table\"><table><tbody><tr><td>45,04<\/td><td>Hanna Siiril\u00e4 -09<\/td><td>2022<\/td><\/tr><tr><td>39,81<\/td><td>Emmi Pitk\u00e4kangas -07 <\/td><td>2020<\/td><\/tr><tr><td>33,90<\/td><td>Sonja Peltom\u00e4ki -89<\/td><td>2002<\/td><\/tr><tr><td>29,76<\/td><td>Elli Mertaniemi -00<\/td><td>2013<\/td><\/tr><tr><td>27,80<\/td><td>Sandra Korhonen -97<\/td><td>2010<\/td><\/tr><tr><td>26,66<\/td><td>Venla H\u00e4nninen -03<\/td><td>2015<\/td><\/tr><tr><td>24,32<\/td><td>Sofia Honkaniemi -00<\/td><td>2012<\/td><\/tr><tr><td>21,28<\/td><td>Valma Salom\u00e4ki -99<\/td><td>2012<\/td><\/tr><tr><td>18,91<\/td><td>Katariina Lepp\u00e4aho -07<\/td><td>2020<\/td><\/tr><tr><td>18,40<\/td><td>Janika Saarela -12<\/td><td>2024<\/td><\/tr><tr><td>16,99<\/td><td>Anni Juoperi -97<\/td><td>2010<\/td><\/tr><\/tbody><\/table><\/figure>\n\n\n\n<h2 class=\"wp-block-heading\"><strong>Keih\u00e4s 400 g<\/strong><\/h2>\n\n\n\n<figure class=\"wp-block-table\"><table><tbody><tr><td>47,14<\/td><td>Elina Sillanp\u00e4\u00e4 -82<\/td><td>1995<\/td><\/tr><tr><td>38,74<\/td><td>Roosa Latva-Laturi -02<\/td><td>2015<\/td><\/tr><tr><td>35,20<\/td><td>Rosaliina Penninkangas -98<\/td><td>2011<\/td><\/tr><tr><td>34,86<\/td><td>Sara Vuorela -07<\/td><td>2020<\/td><\/tr><tr><td>34,33<\/td><td>Emmi Pitk\u00e4kangas -07<\/td><td>2020<\/td><\/tr><tr><td>34,18<\/td><td>Sonja Peltom\u00e4ki -89<\/td><td>2002<\/td><\/tr><tr><td>33,60<\/td><td>Vilma H\u00e4nninen -01<\/td><td>2014<\/td><\/tr><tr><td>33,37 <\/td><td>Eucabeth Kivikangas -02 <\/td><td>2014<\/td><\/tr><tr><td>33,30<\/td><td>Katariina Lepp\u00e4aho -07<\/td><td>2020<\/td><\/tr><tr><td>31,03<\/td><td>Sarianna Penninkangas -88<\/td><td>2001<\/td><\/tr><tr><td>30,82<\/td><td>Emilia H\u00e4nninen -96<\/td><td>2009<\/td><\/tr><tr><td>30,71<\/td><td>Anna Iham\u00e4ki -00<\/td><td>2012<\/td><\/tr><tr><td>30,31<\/td><td>Elina H\u00e4nninen -97<\/td><td>2010<\/td><\/tr><\/tbody><\/table><\/figure>\n\n\n\n<h2 class=\"wp-block-heading\"><strong>Neliottelu<\/strong><\/h2>\n\n\n\n<figure class=\"wp-block-table\"><table><tbody><tr><td>1788<\/td><td>Eucabeth Kivikangas -02<\/td><td>2015<\/td><\/tr><tr><td>1630<\/td><td>Emmi-Lotta Taipale -88<\/td><td>2001<\/td><\/tr><tr><td>1582<\/td><td>Iida Koskela -94<\/td><td>2007<\/td><\/tr><tr><td>1521<\/td><td>Valma Salom\u00e4ki -99<\/td><td>2012<\/td><\/tr><tr><td>1506<\/td><td>Katariina Lepp\u00e4aho -07 <\/td><td>2020<\/td><\/tr><tr><td>1351<\/td><td>Milja Jokiaho -96<\/td><td>2009<\/td><\/tr><tr><td>1344<\/td><td>Aada Piispanen -09<\/td><td>2022<\/td><\/tr><tr><td>1311<\/td><td>Ilona Takala -06<\/td><td>2019<\/td><\/tr><tr><td>1213<\/td><td>Seliina Kuoppa-aho -06 <\/td><td>2019<\/td><\/tr><tr><td>1083<\/td><td>Laura Per\u00e4salo -04<\/td><td>2017<\/td><\/tr><tr><td>1031<\/td><td>Sofia Koskela -95<\/td><td>2008<\/td><\/tr><tr><td>1001<\/td><td>Viola Takala -08<\/td><td>2021<\/td><\/tr><tr><td>975<\/td><td>Nelly Sillanp\u00e4\u00e4 -10<\/td><td>2023<\/td><\/tr><tr><td>947<\/td><td>Sofia Honkaniemi -00<\/td><td>2012<\/td><\/tr><tr><td>931<\/td><td>Emmi Piispanen -07<\/td><td>2020<\/td><\/tr><tr><td>866<\/td><td>Essi Hautam\u00e4ki -95<\/td><td>2008<\/td><\/tr><tr><td>788<\/td><td>Emma Paalij\u00e4rvi -10<\/td><td>2023<\/td><\/tr><tr><td>774<\/td><td>Vilma Rullpakka -04<\/td><td>2017<\/td><\/tr><\/tbody><\/table><\/figure>\n\n\n\n<h2 class=\"wp-block-heading\"><strong>Viisiottelu<\/strong><\/h2>\n\n\n\n<figure class=\"wp-block-table\"><table><tbody><tr><td>1804<\/td><td>Katariina Lepp\u00e4aho -07<\/td><td>2020<\/td><\/tr><tr><td>1636<\/td><td>Sara Vuorela -07<\/td><td>2019 <\/td><\/tr><tr><td>1532<\/td><td>Ilona Takala -06<\/td><td>2019<\/td><\/tr><tr><td>1443<\/td><td>Aada Piispanen -09<\/td><td>2022<\/td><\/tr><tr><td>1423<\/td><td>Linnea Piispanen -12<\/td><td><strong>2025<\/strong><\/td><\/tr><tr><td>1338<\/td><td>Anniina Viitasaari -07<\/td><td>2020<\/td><\/tr><tr><td>1164<\/td><td>Viola Takala -08<\/td><td>2021<\/td><\/tr><tr><td>1070<\/td><td>Emmi Piispanen -07<\/td><td>2019 <\/td><\/tr><tr><td>1068<\/td><td>Oona Hietam\u00e4ki -13<\/td><td><strong>2025<\/strong><\/td><\/tr><tr><td>955<\/td><td>Olga Zhukova -10<\/td><td>2023<\/td><\/tr><tr><td>918<\/td><td>Emma Paalij\u00e4rvi -10<\/td><td>2023<\/td><\/tr><\/tbody><\/table><\/figure>\n\n\n\n<p><\/p>\n","protected":false},"excerpt":{"rendered":"<p>60 m 8,41 +0.3 Eucabeth Kivikangas -02 2015 8,42 +1.1 Saara Rintala -95 2008 8,61 +1.2 Sara Vuorela -07 2019 8,68 +1.6 Valma Salom\u00e4ki -99 2012 8,73 +0.8 Iida Koskela -94 2007 8,75 +1.3 Milja-Maria Lahti -06 2019 8,75 +1.8 Katariina Lepp\u00e4aho -07 2020 8,75 +3.5 Vilma H\u00e4nninen -01 2013 8,80 +1.8 Anniina Viitasaari -07 &hellip; <\/p>\n<p class=\"link-more\"><a href=\"https:\/\/www.alajarvenankkurit.fi\/yleisurheilu\/tilastot\/13v-tytot\/\" class=\"more-link\">Jatka lukemista<span class=\"screen-reader-text\"> &#8221;13v tyt\u00f6t&#8221;<\/span><\/a><\/p>\n","protected":false},"author":5,"featured_media":0,"parent":521,"menu_order":0,"comment_status":"closed","ping_status":"closed","template":"","meta":{"footnotes":""},"class_list":["post-541","page","type-page","status-publish","hentry"],"_links":{"self":[{"href":"https:\/\/www.alajarvenankkurit.fi\/yleisurheilu\/wp-json\/wp\/v2\/pages\/541","targetHints":{"allow":["GET"]}}],"collection":[{"href":"https:\/\/www.alajarvenankkurit.fi\/yleisurheilu\/wp-json\/wp\/v2\/pages"}],"about":[{"href":"https:\/\/www.alajarvenankkurit.fi\/yleisurheilu\/wp-json\/wp\/v2\/types\/page"}],"author":[{"embeddable":true,"href":"https:\/\/www.alajarvenankkurit.fi\/yleisurheilu\/wp-json\/wp\/v2\/users\/5"}],"replies":[{"embeddable":true,"href":"https:\/\/www.alajarvenankkurit.fi\/yleisurheilu\/wp-json\/wp\/v2\/comments?post=541"}],"version-history":[{"count":19,"href":"https:\/\/www.alajarvenankkurit.fi\/yleisurheilu\/wp-json\/wp\/v2\/pages\/541\/revisions"}],"predecessor-version":[{"id":8011,"href":"https:\/\/www.alajarvenankkurit.fi\/yleisurheilu\/wp-json\/wp\/v2\/pages\/541\/revisions\/8011"}],"up":[{"embeddable":true,"href":"https:\/\/www.alajarvenankkurit.fi\/yleisurheilu\/wp-json\/wp\/v2\/pages\/521"}],"wp:attachment":[{"href":"https:\/\/www.alajarvenankkurit.fi\/yleisurheilu\/wp-json\/wp\/v2\/media?parent=541"}],"curies":[{"name":"wp","href":"https:\/\/api.w.org\/{rel}","templated":true}]}}