{"id":538,"date":"2019-11-25T21:42:00","date_gmt":"2019-11-25T19:42:00","guid":{"rendered":"http:\/\/212.66.193.72\/~cp4520516\/yleisurheilu\/?page_id=538"},"modified":"2025-11-01T18:35:29","modified_gmt":"2025-11-01T16:35:29","slug":"12v-pojat","status":"publish","type":"page","link":"https:\/\/www.alajarvenankkurit.fi\/yleisurheilu\/tilastot\/12v-pojat\/","title":{"rendered":"12v pojat"},"content":{"rendered":"\n<h2 class=\"wp-block-heading\"><strong>60 m<\/strong><\/h2>\n\n\n\n<figure class=\"wp-block-table\"><table><tbody><tr><td>8,01<\/td><td>-0.6<\/td><td>Jarmo Vuorinen -83<\/td><td>1995<\/td><\/tr><tr><td>8,22<\/td><td>-1.1<\/td><td>Teemu Jokela -82<\/td><td>1994<\/td><\/tr><tr><td>8,60<\/td><td>-1.1<\/td><td>Max Jokiaho -12<\/td><td>2024<\/td><\/tr><tr><td>8,63<\/td><td>-0.2<\/td><td>Markku Ojala -95<\/td><td>2007<\/td><\/tr><tr><td>8,67<\/td><td>-0.2<\/td><td>Keijo Saarenmaa -83<\/td><td>1995<\/td><\/tr><tr><td>8,72<\/td><td>-0.9<\/td><td>Tuomas Salenius -93<\/td><td>2005<\/td><\/tr><tr><td>8,79<\/td><td>-0.5<\/td><td>Jalo Kantonen -14<\/td><td><strong>2025<\/strong><\/td><\/tr><tr><td>8,91<\/td><td>+4.1<\/td><td>Mikko Paavola -98<\/td><td>2009<\/td><\/tr><tr><td>8,97<\/td><td>-0.8<\/td><td>Juho M\u00e4nnist\u00f6 -97<\/td><td>2008<\/td><\/tr><tr><td>8,98<\/td><td>-0.2<\/td><td>Eeli Tuomela -99<\/td><td>2011<\/td><\/tr><tr><td>8,99<\/td><td>+2.8<\/td><td>Eemeli Kantanen -05<\/td><td>2017<\/td><\/tr><tr><td>9,04<\/td><td>&nbsp;<\/td><td>Kari Saarenlaita -87<\/td><td>1998<\/td><\/tr><\/tbody><\/table><\/figure>\n\n\n\n<h2 class=\"wp-block-heading\"><strong>200 m<\/strong><\/h2>\n\n\n\n<figure class=\"wp-block-table\"><table><tbody><tr><td>27,84<\/td><td>+0.4<\/td><td>Max Jokiaho -12<\/td><td>2024<\/td><\/tr><tr><td>29,49<\/td><td>+1.2<\/td><td>Markku Ojala -95<\/td><td>2007<\/td><\/tr><tr><td>29,92<\/td><td>+1.3<\/td><td>Jani Honkaniemi -92<\/td><td>2004<\/td><\/tr><tr><td>30,07<\/td><td>-1.4<\/td><td>Mikko Paavola -98<\/td><td>2010<\/td><\/tr><tr><td>30,18<\/td><td>+0.9<\/td><td>Samu Vuorinen -14<\/td><td><strong>2025<\/strong><\/td><\/tr><tr><td>30,25<\/td><td>+0.8<\/td><td>Tuomas Salenius -93<\/td><td>2005<\/td><\/tr><tr><td>30,71<\/td><td>+0.0<\/td><td>Matias Palmu -05<\/td><td>2017<\/td><\/tr><tr><td>30,76<\/td><td>-1.4<\/td><td>Sampo Sepp\u00e4 -98<\/td><td>2010<\/td><\/tr><tr><td>30,92<\/td><td>-0.7<\/td><td>Olavi Yli-Mannila -04<\/td><td>2016<\/td><\/tr><tr><td>31,85<\/td><td>-0.5<\/td><td>Wiljami Koskela -98<\/td><td>2010<\/td><\/tr><tr><td>32,31<\/td><td>+0.0<\/td><td>Eemeli Kantanen -05<\/td><td>2017<\/td><\/tr><tr><td>32,49<\/td><td>-0.3<\/td><td>Eeli Tuomela -99<\/td><td>2011<\/td><\/tr><tr><td>32,57<\/td><td>-0.3<\/td><td>Jimi Aho -09<\/td><td>2021<\/td><\/tr><\/tbody><\/table><\/figure>\n\n\n\n<h2 class=\"wp-block-heading\"><strong>800 m<\/strong><\/h2>\n\n\n\n<figure class=\"wp-block-table\"><table><tbody><tr><td>2.27,49<\/td><td>Teemu Jokela -82<\/td><td>1994<\/td><\/tr><tr><td>2.28,11<\/td><td>Samu Vuorinen -14<\/td><td><strong>2025<\/strong><\/td><\/tr><tr><td>2.28,86<\/td><td>Jarmo Vuorinen -83<\/td><td>1995<\/td><\/tr><tr><td>2.35,62<\/td><td>Sampo Sepp\u00e4 -98<\/td><td>2010<\/td><\/tr><tr><td>2.43,41<\/td><td>Ilmari Autio -99<\/td><td>2011<\/td><\/tr><tr><td>2.44,54<\/td><td>Jalo Kantonen -14<\/td><td>2024<\/td><\/tr><tr><td>2.47,81<\/td><td>Topias Keltikangas -15<\/td><td><strong>2025<\/strong><\/td><\/tr><tr><td>2.49,67<\/td><td>Wiljami Koskela -98<\/td><td>2009<\/td><\/tr><tr><td>2.53,89<\/td><td>Timoteus Kivikangas -01<\/td><td>2011<\/td><\/tr><\/tbody><\/table><\/figure>\n\n\n\n<h2 class=\"wp-block-heading\"><strong>1000 m<\/strong><\/h2>\n\n\n\n<figure class=\"wp-block-table\"><table><tbody><tr><td>3.10,14<\/td><td>Teemu Jokela -82<\/td><td>1994<\/td><td><em>Ei Tilastopajassa<\/em><\/td><\/tr><tr><td>3.16,03<\/td><td>Samu Vuorinen -14<\/td><td><strong>2025<\/strong><\/td><td><\/td><\/tr><tr><td>3.17,20<\/td><td>Sampo Sepp\u00e4 -98<\/td><td>2009<\/td><\/tr><tr><td>3.26,98<\/td><td>Wiljami Koskela -98<\/td><td>2010<\/td><\/tr><tr><td>3.28,26<\/td><td>Antton Peltom\u00e4ki -02<\/td><td>2013<\/td><\/tr><tr><td>3.28,53<\/td><td>Matias Palmu -05<\/td><td>2017<\/td><\/tr><tr><td>3.28,94<\/td><td>Jesperi Salo -01<\/td><td>2013<\/td><\/tr><tr><td>3.31,16<\/td><td>Santeri Kari -99<\/td><td>2009<\/td><\/tr><tr><td>3.31,62<\/td><td>Max Jokiaho -12<\/td><td>2024<\/td><td><\/td><\/tr><tr><td>3.31,83<\/td><td>Topias Keltikangas -15<\/td><td><strong>2025<\/strong><\/td><td><\/td><\/tr><tr><td>3.36,68<\/td><td>Miki Vuorinen -16<\/td><td><strong>2025<\/strong><\/td><td><\/td><\/tr><tr><td>3.37,57<\/td><td>Timoteus Kivikangas -01<\/td><td>2012<\/td><\/tr><tr><td>3.38,92<\/td><td>Ilmari Autio -99<\/td><td>2011<\/td><\/tr><\/tbody><\/table><\/figure>\n\n\n\n<h2 class=\"wp-block-heading\"> <strong>60 m aidat <\/strong>(76,2 cm) <\/h2>\n\n\n\n<figure class=\"wp-block-table\"><table><tbody><tr><td>10,44<\/td><td>+2.3<\/td><td>Mikko Paavola -98<\/td><td>2010<\/td><td>6 aitaa<\/td><\/tr><tr><td>11,06<\/td><td>-0.5<\/td><td>Ville Rajala -93<\/td><td>2005<\/td><td>7 aitaa<\/td><\/tr><tr><td>11,11<\/td><td>+1.1<\/td><td>Panu Pitk\u00e4nen -94<\/td><td>2006<\/td><td>7 aitaa<\/td><\/tr><tr><td>11,30<\/td><td>-0.4<\/td><td>Kristoffer de Silva -01<\/td><td>2013<\/td><td>6 aitaa<\/td><\/tr><tr><td>11,66<\/td><td>-1.6<\/td><td>Juho M\u00e4nnist\u00f6 -97<\/td><td>2009<\/td><td>6 aitaa<\/td><\/tr><tr><td>11,92<\/td><td>+0.1<\/td><td>Sampo Sepp\u00e4 -98<\/td><td>2010<\/td><td>6 aitaa<\/td><\/tr><tr><td>12,40<\/td><td>-1.4<\/td><td>Matias Palmu -05<\/td><td>2012<\/td><td>6 aitaa<\/td><\/tr><tr><td>12,69<\/td><td>-2.2<\/td><td>Aulis Mertaniemi -97<\/td><td>2009<\/td><td>6 aitaa<\/td><\/tr><tr><td>13,65<\/td><td>+1.5<\/td><td>Elias Onditi -11<\/td><td>2023<\/td><td>6 aitaa<\/td><\/tr><\/tbody><\/table><\/figure>\n\n\n\n<h2 class=\"wp-block-heading\"> <strong>K\u00e4vely 2000 m<\/strong> <\/h2>\n\n\n\n<figure class=\"wp-block-table\"><table><tbody><tr><td>12.22,41<\/td><td>Timoteus Kivikangas -01<\/td><td>2013<\/td><\/tr><tr><td>14.24,82<\/td><td>V\u00e4in\u00f6 Salom\u00e4ki -97<\/td><td>2009<\/td><\/tr><\/tbody><\/table><\/figure>\n\n\n\n<h2 class=\"wp-block-heading\"><strong>Korkeus<\/strong><\/h2>\n\n\n\n<figure class=\"wp-block-table\"><table><tbody><tr><td>140<\/td><td>Lauri M\u00e4nnist\u00f6 -99<\/td><td>2011<\/td><\/tr><tr><td>135<\/td><td>Mikko Paavola -98<\/td><td>2010<\/td><\/tr><tr><td>133<\/td><td>Kristoffer de Silva -01<\/td><td>2013<\/td><\/tr><tr><td>130<\/td><td>Ilari Mikkola -01<\/td><td>2013<\/td><\/tr><tr><td>129<\/td><td>Jalo Kantonen -14<\/td><td><strong>2025<\/strong><\/td><\/tr><tr><td>128<\/td><td>Jouni Honkaniemi -96<\/td><td>2008<\/td><\/tr><tr><td>125<\/td><td>Wiljami Koskela -98<\/td><td>2010<\/td><\/tr><tr><td>124<\/td><td>Sampo Sepp\u00e4 -98<\/td><td>2010<\/td><\/tr><tr><td>123<\/td><td>Elias Onditi -11<\/td><td>2022<\/td><\/tr><tr><td>122<\/td><td>Topias Keltikangas -15<\/td><td><strong>2025<\/strong><\/td><\/tr><tr><td>121<\/td><td>Markku Ojala -95<\/td><td>2006<\/td><\/tr><tr><td>120<\/td><td>Tami Kyr\u00f6nlahti -06<\/td><td>2018<\/td><\/tr><tr><td>120<\/td><td>Olavi Yli-Mannila -04<\/td><td>2016<\/td><\/tr><tr><td>120<\/td><td>Timoteus Kivikangas -01<\/td><td>2013<\/td><\/tr><tr><td>120<\/td><td>Juho M\u00e4nnist\u00f6 -97<\/td><td>2008<\/td><\/tr><tr><td>120<\/td><td>Niko Sillanp\u00e4\u00e4 -96<\/td><td>2008<\/td><\/tr><\/tbody><\/table><\/figure>\n\n\n\n<h2 class=\"wp-block-heading\"><strong>Seiv\u00e4s<\/strong><\/h2>\n\n\n\n<figure class=\"wp-block-table\"><table><tbody><tr><td>280<\/td><td>Yrj\u00f6 M\u00e4nnist\u00f6 -61<\/td><td>1973<\/td><\/tr><tr><td>270<\/td><td>Wiljami Koskela -98<\/td><td>2010<\/td><\/tr><tr><\/tr><tr><\/tr><tr><td>230<\/td><td>Jouni Honkaniemi -96<\/td><td>2008<\/td><\/tr><tr><td>220<\/td><td>Lauri M\u00e4nnist\u00f6 -99<\/td><td>2011<\/td><\/tr><tr><td>220<\/td><td>Juho M\u00e4nnist\u00f6 -97<\/td><td>2009<\/td><\/tr><tr><td>220<\/td><td>Mika M\u00e4nnist\u00f6 -87<\/td><td>1999<\/td><\/tr><tr><td>210<\/td><td>Aleksi Honkaniemi -99<\/td><td>2011<\/td><\/tr><tr><td>210<\/td><td>Mikko Paavola -98<\/td><td>2010<\/td><\/tr><tr><td>210<\/td><td>Jani Honkaniemi -92<\/td><td>2004<\/td><\/tr><tr><td>180<\/td><td>Timoteus Kivikangas -01<\/td><td>2012<\/td><\/tr><tr><td>170<\/td><td>Jalo Kantonen -14<\/td><td>2024<\/td><\/tr><tr><td>170<\/td><td>V\u00e4in\u00f6 Salom\u00e4ki -97<\/td><td>2009<\/td><\/tr><\/tbody><\/table><\/figure>\n\n\n\n<h2 class=\"wp-block-heading\"><strong>Pituus<\/strong><\/h2>\n\n\n\n<figure class=\"wp-block-table\"><table><tbody><tr><td>5,28<\/td><td>&nbsp;<\/td><td>Teemu Jokela -82<\/td><td>1994<\/td><\/tr><tr><td>4,75<\/td><td>&nbsp;<\/td><td>Tuomas Salenius -93<\/td><td>2005<\/td><\/tr><tr><td>4,71<\/td><td>+3.6<\/td><td>Mikko Paavola -98<\/td><td>2010<\/td><\/tr><tr><td>4,34<\/td><td>+1.9<\/td><td>Ville Rajala -93<\/td><td>2005<\/td><\/tr><tr><td>4,30<\/td><td>+3.8<\/td><td>Eemeli Kantanen -05<\/td><td>2017<\/td><\/tr><tr><td>4,21<\/td><td>-0.6<\/td><td>Eeli Tuomela -99<\/td><td>2011<\/td><\/tr><tr><td>4,00<\/td><td>+0.5<\/td><td>Jesperi Salo -01<\/td><td>2013<\/td><\/tr><tr><td>3,79<\/td><td>+1.1<\/td><td>Juho M\u00e4nnist\u00f6 -97 <\/td><td>2009<\/td><\/tr><tr><td>3,82<\/td><td>+1.0<\/td><td>Lauri M\u00e4nnist\u00f6 -99<\/td><td>2011<\/td><\/tr><tr><td>3,71<\/td><td>&nbsp;<\/td><td>Jouni Honkaniemi -96<\/td><td>2008<\/td><\/tr><tr><td>3,66<\/td><td>+0.8<\/td><td>Elmeri Tuomela -07<\/td><td>2019<\/td><\/tr><\/tbody><\/table><\/figure>\n\n\n\n<h2 class=\"wp-block-heading\"><strong>Kolmiloikka<\/strong><\/h2>\n\n\n\n<figure class=\"wp-block-table\"><table><tbody><tr><td>10,41<\/td><td>+1.5<\/td><td>Tuomas Salenius -93<\/td><td>2005<\/td><\/tr><tr><td>10,15<\/td><td>&nbsp;<\/td><td>Teemu Jokela -82<\/td><td>1994<\/td><\/tr><tr><td>7,88<\/td><td>+1.3<\/td><td>Timoteus Kivikangas -01<\/td><td>2013<\/td><\/tr><tr><td>7,13<\/td><td>+2.6<\/td><td>Oskari Lepp\u00e4aho -01<\/td><td>2013<\/td><\/tr><\/tbody><\/table><\/figure>\n\n\n\n<h2 class=\"wp-block-heading\"><strong>Kuula 3 kg<\/strong><\/h2>\n\n\n\n<figure class=\"wp-block-table\"><table><tbody><tr><td>12,68<\/td><td>Kalle Nyg\u00e5rd -80<\/td><td>1992<\/td><td><em>Ei Tilastopajassa<\/em><\/td><\/tr><tr><td>12,20<\/td><td>Mika M\u00e4nnist\u00f6 -87<\/td><td>1999<\/td><\/tr><tr><td>12,20<\/td><td>Tuomas M\u00e4nnist\u00f6 -85<\/td><td>1997<\/td><\/tr><tr><td>10,89<\/td><td>Tuomas Salenius -93<\/td><td>2005<\/td><\/tr><tr><td>9,96<\/td><td>Samuli Sillanp\u00e4\u00e4 -92<\/td><td>2004<\/td><\/tr><tr><td>9,88<\/td><td>Sami Peltom\u00e4ki -91<\/td><td>2003<\/td><\/tr><tr><td>9,69<\/td><td>Juhana Karjanlahti -00<\/td><td>2012<\/td><\/tr><tr><td>9,66<\/td><td>Olavi Yli-Mannila -04<\/td><td>2016<\/td><\/tr><tr><td>9,63<\/td><td>Aleksi Yli-Mannila -01<\/td><td>2013<\/td><\/tr><tr><td>9,38<\/td><td>Aleksi Honkaniemi -99<\/td><td>2011<\/td><\/tr><tr><td>9,37<\/td><td>Oskari Lepp\u00e4aho -01<\/td><td>2013<\/td><\/tr><tr><td>8,71<\/td><td>Wiljami Koskela -98<\/td><td>2010<\/td><\/tr><tr><td>7,72<\/td><td>Eeli Tuomela -99<\/td><td>2011<\/td><\/tr><tr><td>7,71<\/td><td>Ville-Veikko Keski-Levijoki -05<\/td><td>2017<\/td><\/tr><tr><td>7,21<\/td><td>V\u00e4in\u00f6 Salom\u00e4ki -97<\/td><td>2009<\/td><\/tr><\/tbody><\/table><\/figure>\n\n\n\n<h2 class=\"wp-block-heading\"><strong>Kiekko 750 g<\/strong><\/h2>\n\n\n\n<figure class=\"wp-block-table\"><table><tbody><tr><td>37,82<\/td><td>Olavi Yli-Mannila -04<\/td><td>2016<\/td><\/tr><tr><td>25,91<\/td><td>Ville-Veikko Keski-Levijoki -05<\/td><td>2017<\/td><\/tr><tr><td>19,55<\/td><td>Elmeri Tuomela -07<\/td><td>2019<\/td><\/tr><tr><td>19,17<\/td><td>Henri Pitk\u00e4kangas -06 <\/td><td>2018<\/td><\/tr><tr><td>19,04<\/td><td>Matias Palmu -05 <\/td><td>2017<\/td><\/tr><\/tbody><\/table><\/figure>\n\n\n\n<h2 class=\"wp-block-heading\"><strong>Moukari 3 kg<\/strong><\/h2>\n\n\n\n<figure class=\"wp-block-table\"><table><tbody><tr><td>46,11<\/td><td>Juhana Karjanlahti -00<\/td><td>2012<\/td><\/tr><tr><td>39,53<\/td><td>Olavi Yli-Mannila -04<\/td><td>2016<\/td><\/tr><tr><td>39,32<\/td><td>Aleksi Yli-Mannila -01<\/td><td>2013<\/td><\/tr><tr><td>34,73<\/td><td>Ville-Veikko Keski-Levijoki -05<\/td><td>2017<\/td><\/tr><tr><td>33,83<\/td><td>V\u00e4in\u00f6 Salom\u00e4ki -97<\/td><td>2009<\/td><\/tr><tr><td>19,83<\/td><td>Henri Pitk\u00e4kangas -06<\/td><td>2018<\/td><\/tr><tr><td>14,59<\/td><td>Urho Ojaniemi -16<\/td><td>2024<\/td><\/tr><\/tbody><\/table><\/figure>\n\n\n\n<h2 class=\"wp-block-heading\"><strong>Keih\u00e4s 400 g<\/strong><\/h2>\n\n\n\n<figure class=\"wp-block-table\"><table><tbody><tr><td>49,00<\/td><td>Kalle Sillanp\u00e4\u00e4 -83<\/td><td>1995<\/td><\/tr><tr><td>47,70<\/td><td>Aleksi Yli-Mannila -01<\/td><td>2013<\/td><\/tr><tr><td>45,24<\/td><td>Kalle Nyg\u00e5rd -81<\/td><td>1992<\/td><\/tr><tr><td>44,02<\/td><td>Olavi Yli-Mannila -04<\/td><td>2016<\/td><\/tr><tr><td>43,72<\/td><td>Mika&nbsp; M\u00e4nnist\u00f6 -87<\/td><td>1999<\/td><\/tr><tr><td>42,52<\/td><td>Eevertti Kantanen -08<\/td><td>2020<\/td><\/tr><tr><td>42,26<\/td><td>Sami Peltom\u00e4ki -91<\/td><td>2003<\/td><\/tr><tr><td>40,97<\/td><td>Wiljami Koskela -98<\/td><td>2010<\/td><\/tr><tr><td>39,11<\/td><td>Arttu Nurminen -92<\/td><td>2004<\/td><\/tr><tr><td>39,10<\/td><td>Tuomas M\u00e4nnist\u00f6 -85<\/td><td>1997<\/td><\/tr><tr><td>38,81<\/td><td>Henri Pitk\u00e4kangas -06<\/td><td>2018<\/td><\/tr><tr><td>37,93<\/td><td>Aleksi Honkaniemi -99<\/td><td>2011<\/td><\/tr><tr><td>37,39<\/td><td>Jesperi Salo -01<\/td><td>2013<\/td><\/tr><tr><td>37,19<\/td><td>Oskari Lepp\u00e4aho -01<\/td><td>2013<\/td><\/tr><tr><td>37,13<\/td><td>Juhana Karjanlahti -00<\/td><td>2012<\/td><\/tr><tr><td>36,90<\/td><td>Eemeli Kantanen -05<\/td><td>2017<\/td><\/tr><\/tbody><\/table><\/figure>\n\n\n\n<h2 class=\"wp-block-heading\"><strong>Neliottelu<\/strong><\/h2>\n\n\n\n<figure class=\"wp-block-table\"><table><tbody><tr><td>1154<\/td><td>Sampo Sepp\u00e4 -98<\/td><td>2010<\/td><\/tr><tr><td>808<\/td><td>Elias Onditi -11<\/td><td>2023<\/td><\/tr><tr><td>788<\/td><td>V\u00e4in\u00f6 Salom\u00e4ki -97<\/td><td>2009<\/td><\/tr><tr><td>697<\/td><td>Aulis Mertaniemi -97<\/td><td>2009<\/td><\/tr><tr><td>574<\/td><td>Valtteri Honkaniemi -97<\/td><td>2009<\/td><\/tr><\/tbody><\/table><\/figure>\n\n\n\n<h2 class=\"wp-block-heading\"><strong>Viisiottelu<\/strong><\/h2>\n\n\n\n<figure class=\"wp-block-table\"><table><tbody><tr><td>1264<\/td><td>Oskari Lepp\u00e4aho -01<\/td><td>2013<\/td><\/tr><\/tbody><\/table><\/figure>\n","protected":false},"excerpt":{"rendered":"<p>60 m 8,01 -0.6 Jarmo Vuorinen -83 1995 8,22 -1.1 Teemu Jokela -82 1994 8,60 -1.1 Max Jokiaho -12 2024 8,63 -0.2 Markku Ojala -95 2007 8,67 -0.2 Keijo Saarenmaa -83 1995 8,72 -0.9 Tuomas Salenius -93 2005 8,79 -0.5 Jalo Kantonen -14 2025 8,91 +4.1 Mikko Paavola -98 2009 8,97 -0.8 Juho M\u00e4nnist\u00f6 -97 &hellip; <\/p>\n<p class=\"link-more\"><a href=\"https:\/\/www.alajarvenankkurit.fi\/yleisurheilu\/tilastot\/12v-pojat\/\" class=\"more-link\">Jatka lukemista<span class=\"screen-reader-text\"> &#8221;12v pojat&#8221;<\/span><\/a><\/p>\n","protected":false},"author":5,"featured_media":0,"parent":521,"menu_order":0,"comment_status":"closed","ping_status":"closed","template":"","meta":{"footnotes":""},"class_list":["post-538","page","type-page","status-publish","hentry"],"_links":{"self":[{"href":"https:\/\/www.alajarvenankkurit.fi\/yleisurheilu\/wp-json\/wp\/v2\/pages\/538","targetHints":{"allow":["GET"]}}],"collection":[{"href":"https:\/\/www.alajarvenankkurit.fi\/yleisurheilu\/wp-json\/wp\/v2\/pages"}],"about":[{"href":"https:\/\/www.alajarvenankkurit.fi\/yleisurheilu\/wp-json\/wp\/v2\/types\/page"}],"author":[{"embeddable":true,"href":"https:\/\/www.alajarvenankkurit.fi\/yleisurheilu\/wp-json\/wp\/v2\/users\/5"}],"replies":[{"embeddable":true,"href":"https:\/\/www.alajarvenankkurit.fi\/yleisurheilu\/wp-json\/wp\/v2\/comments?post=538"}],"version-history":[{"count":13,"href":"https:\/\/www.alajarvenankkurit.fi\/yleisurheilu\/wp-json\/wp\/v2\/pages\/538\/revisions"}],"predecessor-version":[{"id":7979,"href":"https:\/\/www.alajarvenankkurit.fi\/yleisurheilu\/wp-json\/wp\/v2\/pages\/538\/revisions\/7979"}],"up":[{"embeddable":true,"href":"https:\/\/www.alajarvenankkurit.fi\/yleisurheilu\/wp-json\/wp\/v2\/pages\/521"}],"wp:attachment":[{"href":"https:\/\/www.alajarvenankkurit.fi\/yleisurheilu\/wp-json\/wp\/v2\/media?parent=538"}],"curies":[{"name":"wp","href":"https:\/\/api.w.org\/{rel}","templated":true}]}}