{"id":521,"date":"2019-11-25T20:04:00","date_gmt":"2019-11-25T18:04:00","guid":{"rendered":"http:\/\/212.66.193.72\/~cp4520516\/yleisurheilu\/?page_id=521"},"modified":"2025-11-01T23:55:14","modified_gmt":"2025-11-01T21:55:14","slug":"tilastot","status":"publish","type":"page","link":"https:\/\/www.alajarvenankkurit.fi\/yleisurheilu\/tilastot\/","title":{"rendered":"Tilastot"},"content":{"rendered":"\n<p>Tilastot on koottu aiemmista seuran tilastoista ja Tilastopajassa (<a aria-label=\" (opens in a new tab)\" href=\"http:\/\/www.tilastopaja.fi\/\" target=\"_blank\" rel=\"noreferrer noopener\">www.tilastopaja.fi<\/a>) olevista ulkoradoilla tehdyist\u00e4 tuloksista. Nuorten ik\u00e4luokkien tilastoihin on tarkistettu Tilastopajassa olevat vuosina 1990 \u2013 2025 tehdyt tulokset. My\u00f6s muutamia aiemmin tehtyj\u00e4 huipputuloksia on mukana. Tilastot p\u00e4ivitet\u00e4\u00e4n seuraavan kerran syksyll\u00e4 2026.<\/p>\n\n\n\n<p>N\u00e4m\u00e4 tilastot ovat ep\u00e4virallisia ja esim. joitakin tuulituloksia on mukana. Aikuisten tilastoissa on mukana k\u00e4siaikoja eik\u00e4 niit\u00e4 ole korjattu vertailukelpoisiksi s\u00e4hk\u00f6aikoihin. Aikuisissa on joitakin nuorten tekemi\u00e4 tuloksia ja ne on huomioitu vain, jos&nbsp;tulos&nbsp;on&nbsp;merkitty aikuisten listoille. Nuorten tilastoissa ei k\u00e4siaikoja p\u00e4\u00e4s\u00e4\u00e4nt\u00f6isesti ole huomioitu. Jos sinulla on tiedossa virallisten kisojen tuloksia, jotka eiv\u00e4t ole t\u00e4ss\u00e4 n\u00e4kyviss\u00e4 tai huomaat virheit\u00e4, voit ottaa yhteytt\u00e4 Sari Yli-Mannilaan <a href=\"https:\/\/www.alajarvenankkurit.fi\/yleisurheilu\/yhteystiedot\/\">(yhteystiedot<\/a>).<\/p>\n\n\n\n<ul class=\"wp-block-list\">\n<li><a href=\"https:\/\/www.alajarvenankkurit.fi\/yleisurheilu\/tilastot\/9v-tytot\/\">9v tyt\u00f6t<\/a><\/li>\n\n\n\n<li><a href=\"https:\/\/www.alajarvenankkurit.fi\/yleisurheilu\/tilastot\/9v-pojat\/\">9v pojat<\/a><\/li>\n\n\n\n<li><a href=\"https:\/\/www.alajarvenankkurit.fi\/yleisurheilu\/tilastot\/10v-tytot\/\">10v tyt\u00f6t<\/a><\/li>\n\n\n\n<li><a href=\"https:\/\/www.alajarvenankkurit.fi\/yleisurheilu\/tilastot\/10v-pojat\/\">10v pojat<\/a> <\/li>\n\n\n\n<li><a href=\"https:\/\/www.alajarvenankkurit.fi\/yleisurheilu\/tilastot\/11v-tytot\/\">11v tyt\u00f6t<\/a><\/li>\n\n\n\n<li><a href=\"https:\/\/www.alajarvenankkurit.fi\/yleisurheilu\/tilastot\/11v-pojat\/\">11v pojat <\/a><\/li>\n\n\n\n<li><a href=\"https:\/\/www.alajarvenankkurit.fi\/yleisurheilu\/tilastot\/12v-tytot\/\">12v tyt\u00f6t<\/a><\/li>\n\n\n\n<li><a href=\"https:\/\/www.alajarvenankkurit.fi\/yleisurheilu\/tilastot\/12v-pojat\/\">12v pojat<\/a> <\/li>\n\n\n\n<li><a href=\"https:\/\/www.alajarvenankkurit.fi\/yleisurheilu\/tilastot\/13v-tytot\/\">13v tyt\u00f6t<\/a><\/li>\n\n\n\n<li><a href=\"https:\/\/www.alajarvenankkurit.fi\/yleisurheilu\/tilastot\/13v-pojat\/\">13v pojat<\/a> <\/li>\n\n\n\n<li><a href=\"https:\/\/www.alajarvenankkurit.fi\/yleisurheilu\/tilastot\/14v-tytot\/\">14v tyt\u00f6t<\/a><\/li>\n\n\n\n<li><a href=\"https:\/\/www.alajarvenankkurit.fi\/yleisurheilu\/tilastot\/14v-pojat\/\">14v pojat <\/a><\/li>\n\n\n\n<li><a href=\"https:\/\/www.alajarvenankkurit.fi\/yleisurheilu\/tilastot\/15v-tytot\/\">15v tyt\u00f6t<\/a><\/li>\n\n\n\n<li><a href=\"https:\/\/www.alajarvenankkurit.fi\/yleisurheilu\/tilastot\/15v-pojat\/\">15v pojat<\/a> <\/li>\n\n\n\n<li><a href=\"https:\/\/www.alajarvenankkurit.fi\/yleisurheilu\/tilastot\/17v-naiset\/\">17v naiset<\/a><\/li>\n\n\n\n<li><a href=\"https:\/\/www.alajarvenankkurit.fi\/yleisurheilu\/tilastot\/17v-miehet\/\">17v miehet <\/a> <\/li>\n\n\n\n<li><a href=\"https:\/\/www.alajarvenankkurit.fi\/yleisurheilu\/tilastot\/19v-naiset\/\">19v naiset<\/a><\/li>\n\n\n\n<li><a href=\"https:\/\/www.alajarvenankkurit.fi\/yleisurheilu\/tilastot\/19v-miehet\/\">19v miehet<\/a><\/li>\n\n\n\n<li><a href=\"https:\/\/www.alajarvenankkurit.fi\/yleisurheilu\/tilastot\/naiset-2\/\">Naiset<\/a><\/li>\n\n\n\n<li><a href=\"https:\/\/www.alajarvenankkurit.fi\/yleisurheilu\/tilastot\/miehet-2\/\">Miehet<\/a><\/li>\n<\/ul>\n\n\n\n<p><\/p>\n","protected":false},"excerpt":{"rendered":"<p>Tilastot on koottu aiemmista seuran tilastoista ja Tilastopajassa (www.tilastopaja.fi) olevista ulkoradoilla tehdyist\u00e4 tuloksista. Nuorten ik\u00e4luokkien tilastoihin on tarkistettu Tilastopajassa olevat vuosina 1990 \u2013 2025 tehdyt tulokset. My\u00f6s muutamia aiemmin tehtyj\u00e4 huipputuloksia on mukana. Tilastot p\u00e4ivitet\u00e4\u00e4n seuraavan kerran syksyll\u00e4 2026. N\u00e4m\u00e4 tilastot ovat ep\u00e4virallisia ja esim. joitakin tuulituloksia on mukana. Aikuisten tilastoissa on mukana k\u00e4siaikoja eik\u00e4 &hellip; <\/p>\n<p class=\"link-more\"><a href=\"https:\/\/www.alajarvenankkurit.fi\/yleisurheilu\/tilastot\/\" class=\"more-link\">Jatka lukemista<span class=\"screen-reader-text\"> &#8221;Tilastot&#8221;<\/span><\/a><\/p>\n","protected":false},"author":5,"featured_media":0,"parent":0,"menu_order":0,"comment_status":"closed","ping_status":"closed","template":"","meta":{"footnotes":""},"class_list":["post-521","page","type-page","status-publish","hentry"],"_links":{"self":[{"href":"https:\/\/www.alajarvenankkurit.fi\/yleisurheilu\/wp-json\/wp\/v2\/pages\/521","targetHints":{"allow":["GET"]}}],"collection":[{"href":"https:\/\/www.alajarvenankkurit.fi\/yleisurheilu\/wp-json\/wp\/v2\/pages"}],"about":[{"href":"https:\/\/www.alajarvenankkurit.fi\/yleisurheilu\/wp-json\/wp\/v2\/types\/page"}],"author":[{"embeddable":true,"href":"https:\/\/www.alajarvenankkurit.fi\/yleisurheilu\/wp-json\/wp\/v2\/users\/5"}],"replies":[{"embeddable":true,"href":"https:\/\/www.alajarvenankkurit.fi\/yleisurheilu\/wp-json\/wp\/v2\/comments?post=521"}],"version-history":[{"count":12,"href":"https:\/\/www.alajarvenankkurit.fi\/yleisurheilu\/wp-json\/wp\/v2\/pages\/521\/revisions"}],"predecessor-version":[{"id":8023,"href":"https:\/\/www.alajarvenankkurit.fi\/yleisurheilu\/wp-json\/wp\/v2\/pages\/521\/revisions\/8023"}],"wp:attachment":[{"href":"https:\/\/www.alajarvenankkurit.fi\/yleisurheilu\/wp-json\/wp\/v2\/media?parent=521"}],"curies":[{"name":"wp","href":"https:\/\/api.w.org\/{rel}","templated":true}]}}