{"id":500,"date":"2020-08-24T10:10:00","date_gmt":"2020-08-24T07:10:00","guid":{"rendered":"http:\/\/212.66.193.72\/~cp4520516\/yleisurheilu\/?page_id=500"},"modified":"2026-04-11T20:21:20","modified_gmt":"2026-04-11T17:21:20","slug":"harjoitustoiminta","status":"publish","type":"page","link":"https:\/\/www.alajarvenankkurit.fi\/yleisurheilu\/harjoitustoiminta\/","title":{"rendered":"Harjoitustoiminta"},"content":{"rendered":"\n<p class=\"has-vivid-cyan-blue-background-color has-background\">Yleisurheilujaosto tarjoaa harjoitustoimintaa ymp\u00e4ri vuoden. Seuraa ilmoittelua somessa ja printtimediassa! Talvikauden 2025-2026 harjoituskausi jatkuu huhtikuun loppuun saakka! Lis\u00e4tietoja t\u00e4\u00e4ll\u00e4: <a href=\"https:\/\/www.alajarvenankkurit.fi\/yleisurheilu\/harjoitustoiminta\/yleisurheilukoulu\/\">Yleisurheilukoulu &#8211; Alaj\u00e4rven Ankkurit \/ Yleisurheilu (alajarvenankkurit.fi)<\/a><\/p>\n\n\n\n<p><strong>Vinkkej\u00e4 omatoimiseen harjoitteluun<\/strong> urheilijalle ja valmentajalle l\u00f6ytyy t\u00e4\u00e4lt\u00e4: <a href=\"https:\/\/sport.kurssi.tv\/channels\/#suomen-urheiluliitto\" target=\"_blank\" rel=\"noreferrer noopener\" aria-label=\"https:\/\/sport.kurssi.tv\/channels\/#suomen-urheiluliitto (opens in a new tab)\">https:\/\/sport.kurssi.tv\/channels\/#suomen-urheiluliitto<\/a><\/p>\n\n\n\n<p class=\"has-light-green-cyan-background-color has-background\"><strong>Ankkurikentt\u00e4<\/strong> (Ankkuritie 1) on (toukokuusta l\u00e4htien) avoinna ma &#8211; pe klo 8.00 &#8211; 21.30, la klo 10 &#8211; 19 ja su klo 13 &#8211; 21. Yleisurheilukentt\u00e4 on kunnostettu kes\u00e4ll\u00e4 2021 ja on hyv\u00e4ss\u00e4 kunnossa!<\/p>\n\n\n\n<div class=\"wp-block-group\"><div class=\"wp-block-group__inner-container is-layout-flow wp-block-group-is-layout-flow\">\n<p><strong>Yleisurheilukoulu<\/strong> (lis\u00e4tietoja <a href=\"https:\/\/www.alajarvenankkurit.fi\/yleisurheilu\/harjoitustoiminta\/yleisurheilukoulu\/\">T\u00c4\u00c4LL\u00c4<\/a>) ja talvikauden ryhm\u00e4t aloittavat Monitoimihallissa lokakuun toisella viikolla 2024. Edistyneempien ryhm\u00e4t pit\u00e4v\u00e4t harjoituksia useamman kerran viikossa, nuorempien yu-koulu kerran viikossa keskiviikko-iltana.<\/p>\n<\/div><\/div>\n\n\n\n<p>AA yleisurheilulla on seuraavat vakiovuorot (11.5.2026 l\u00e4htien):<\/p>\n\n\n\n<figure class=\"wp-block-table\"><table><tbody><tr><td>Maanantai<\/td><td>klo 16.30 &#8211; 19.30<\/td><td>Yu-harjoitukset \/ viikkokisat<\/td><\/tr><tr><td>Tiistai<\/td><td>klo 16.30 &#8211; 19.00<\/td><td>Yu-harjoitukset<\/td><\/tr><tr><td>Keskiviikko<\/td><td>klo 16.30 &#8211; 19.00<\/td><td>Yu-harjoitukset<\/td><\/tr><tr><td>Torstai<\/td><td>klo 16.30 &#8211; 19.00<\/td><td> Yu-harjoitukset <\/td><\/tr><tr><td>Perjantai<\/td><td>klo 16.30 &#8211; 19.00<\/td><td> Yu-harjoitukset <\/td><\/tr><tr><td>Lauantai<\/td><td>klo 11.00 &#8211; 15.00<\/td><td> Yu-harjoitukset <\/td><\/tr><tr><td>Sunnuntai<\/td><td>klo 11.00 &#8211; 15.00 <\/td><td> Yu-harjoitukset <\/td><\/tr><\/tbody><\/table><\/figure>\n\n\n\n<p>Ankkurikentt\u00e4 on tarkoitettu liikuntaa ja urheilua\n\t\t\t\t\tharjoittavien seurojen ja muiden yhteis\u00f6jen k\u00e4ytt\u00f6\u00f6n.\n\t\t\t\t\tUlkopaikkakuntalaisten seurojen ja yhteis\u00f6jen on sovittava\n\t\t\t\t\tkent\u00e4n k\u00e4yt\u00f6st\u00e4 erikseen. Ankkurikent\u00e4ll\u00e4\n\t\t\t\t\ton noudatettava j\u00e4rjestyss\u00e4\u00e4nt\u00f6j\u00e4.<\/p>\n\n\n\n<p><strong>Yleisurheilun vuorot Monitoimihallissa aikav\u00e4lill\u00e4 7.10.2025 &#8211; 29.4.2026<\/strong> juhlapyhi\u00e4 sek\u00e4 to-ma 16.-20.10.2025, ke-la 24.-27.12.2025, ke-to 31.12.2025-1.1.2026, ti 6.1.2026, pe 13.2., ke 25.2.2026 ja pe 3.4.2026 lukuun ottamatta) ovat seuraavat:<\/p>\n\n\n\n<figure class=\"wp-block-table\"><table><tbody><tr><td>\n\t\t\t<strong>Tiistai<\/strong>\n\t\t<\/td><td>klo 18.00-19.30 (valmennusryhm\u00e4t)<\/td><td>yu-alue<\/td><\/tr><tr><td>\n\t\t\t<strong>Keskiviikko<\/strong>\n\t\t<\/td><td>klo 18-19.30 (keih\u00e4s- ja valmennusryhm\u00e4t)<br>klo 18-19 (yu-kouluryhm\u00e4)<\/td><td>yu-alue<br>lohko 1<\/td><\/tr><tr><td>\n\t\t\t<strong>Perjantai<\/strong>\n\t\t<\/td><td>klo 18-19.30 (valmennusryhm\u00e4t)<\/td><td>yu-alue <\/td><\/tr><tr><td>\n\t\t\t<strong>Lauantai<\/strong>\n\t\t<\/td><td>klo 14-16 (valmennusryhm\u00e4t)<\/td><td>yu-alue <\/td><\/tr><\/tbody><\/table><\/figure>\n\n\n\n<p>Yu-koulussa harjoittelevat 2014 syntyneet ja sit\u00e4 vanhemmat lapset. Yu-kouluryhmi\u00e4 on kaksi: 7-8v (1 x vko keskiviikkoisin) ja <strong>9-12v<\/strong> (1 x vko <strong>tiistaisin<\/strong>, 70\u20ac tai 2 x vko ti ja pe, 90\u20ac, alkaa marraskuun alussa 2020 ).  12v+ ik\u00e4isten ryhm\u00e4 harjoittelee 2-3 kertaa viikossa (ti\/ke ja pe, 90\u20ac). Sisaralennus on 10\u20ac. Vuonna 2008 tai my\u00f6hemmin syntyneiden hintaan sis\u00e4ltyy yleisurheilulisenssi + Sporttiturva-vakuutus (voimassa 1.10.2020 &#8211; 30.9.2021).<\/p>\n\n\n\n<p><strong>HUOM!<\/strong> Poikkeukset varattuihin vuoroihin voi tarkistaa <a href=\"https:\/\/alajarvi.fi\/kulttuuri-ja-vapaa-aika\/liikunta\/monitoimihalli\" target=\"_blank\" rel=\"noreferrer noopener\">https:\/\/alajarvi.fi\/kulttuuri-ja-vapaa-aika\/liikunta\/monitoimihalli<\/a>\/ (klikkaa &#8221;Varauskalenteri&#8221;, josta l\u00f6ytyy eri lohkojen ja yu-alueen k\u00e4ytt\u00f6varaukset.) Erityisesti lauantaivuoroja on toisinaan peruttu Monitoimihallin viikonlopputapahtumien vuoksi.<\/p>\n\n\n\n<p>Alaj\u00e4rven pallohallia voi hy\u00f6dynt\u00e4\u00e4 itsen\u00e4isess\u00e4 harjoittelussa avoimilla yleis\u00f6vuoroilla: <a href=\"https:\/\/alajarvi.fi\/kulttuuri-ja-vapaa-aika\/liikunta\/pallohalli\/\" target=\"_blank\" rel=\"noreferrer noopener\">Pallohalli &#8211; Alaj\u00e4rven kaupunki (alajarvi.fi)<\/a> <\/p>\n\n\n\n<h4 class=\"wp-block-heading\">SULin ohjeistukset korona-ajan harjoitusten ja kilpailujen j\u00e4rjest\u00e4miseksi <\/h4>\n\n\n\n<p>Ohjeet l\u00f6ytyv\u00e4t alla olevista linkeist\u00e4 sek\u00e4 Suomen Urheiluliiton verkkosivuilta www.sul.fi (<a href=\"https:\/\/www.yleisurheilu.fi\/seurat\/ohjeita-seuratyoantajille-koronaepidemian-luomaan-poikkeustilanteeseen\/\" target=\"_blank\" rel=\"noreferrer noopener\" aria-label=\"suora linkki ohjeistuksiin (opens in a new tab)\">suora linkki ohjeistuksiin<\/a>).<\/p>\n\n\n\n<p class=\"has-text-align-left has-very-light-gray-color has-vivid-cyan-blue-background-color has-text-color has-background has-small-font-size\"><em> Jos olet yli 15 v ja kiinnostunut toimimaan yleisurheiluohjaajana, ota yhteys Tapio Rajalaan p. 0400 442 493. Jaosto maksaa koulutuksesi lasten yu-ohjaajaksi. Kursseja j\u00e4rjestet\u00e4\u00e4n l\u00e4pi vuoden. <\/em><\/p>\n\n\n\n<figure class=\"wp-block-image size-large\"><img loading=\"lazy\" decoding=\"async\" width=\"1242\" height=\"592\" src=\"https:\/\/www.alajarvenankkurit.fi\/yleisurheilu\/wp-content\/uploads\/sites\/2\/2020\/05\/logo_sul_yleisurheilukoulu_01.png\" alt=\"\" class=\"wp-image-1124\" srcset=\"https:\/\/www.alajarvenankkurit.fi\/yleisurheilu\/wp-content\/uploads\/sites\/2\/2020\/05\/logo_sul_yleisurheilukoulu_01.png 1242w, https:\/\/www.alajarvenankkurit.fi\/yleisurheilu\/wp-content\/uploads\/sites\/2\/2020\/05\/logo_sul_yleisurheilukoulu_01-300x143.png 300w, https:\/\/www.alajarvenankkurit.fi\/yleisurheilu\/wp-content\/uploads\/sites\/2\/2020\/05\/logo_sul_yleisurheilukoulu_01-768x366.png 768w\" sizes=\"auto, (max-width: 767px) 89vw, (max-width: 1000px) 54vw, (max-width: 1071px) 543px, 580px\" \/><\/figure>\n\n\n\n<div class=\"wp-block-group\"><div class=\"wp-block-group__inner-container is-layout-flow wp-block-group-is-layout-flow\">\n<figure class=\"wp-block-gallery has-nested-images columns-default is-cropped wp-block-gallery-1 is-layout-flex wp-block-gallery-is-layout-flex\">\n<figure class=\"wp-block-image size-large\"><img loading=\"lazy\" decoding=\"async\" width=\"1600\" height=\"1066\" data-id=\"1095\" src=\"https:\/\/www.alajarvenankkurit.fi\/yleisurheilu\/wp-content\/uploads\/sites\/2\/2020\/05\/7_8v-1.jpg\" alt=\"\" class=\"wp-image-1095\" srcset=\"https:\/\/www.alajarvenankkurit.fi\/yleisurheilu\/wp-content\/uploads\/sites\/2\/2020\/05\/7_8v-1.jpg 1600w, https:\/\/www.alajarvenankkurit.fi\/yleisurheilu\/wp-content\/uploads\/sites\/2\/2020\/05\/7_8v-1-300x200.jpg 300w, https:\/\/www.alajarvenankkurit.fi\/yleisurheilu\/wp-content\/uploads\/sites\/2\/2020\/05\/7_8v-1-768x512.jpg 768w, https:\/\/www.alajarvenankkurit.fi\/yleisurheilu\/wp-content\/uploads\/sites\/2\/2020\/05\/7_8v-1-1536x1023.jpg 1536w\" sizes=\"auto, (max-width: 767px) 89vw, (max-width: 1000px) 54vw, (max-width: 1071px) 543px, 580px\" \/><\/figure>\n\n\n\n<figure class=\"wp-block-image size-large\"><img loading=\"lazy\" decoding=\"async\" width=\"1200\" height=\"1600\" data-id=\"1096\" src=\"https:\/\/www.alajarvenankkurit.fi\/yleisurheilu\/wp-content\/uploads\/sites\/2\/2020\/05\/Viikkokisat_2018_3-1.png\" alt=\"\" class=\"wp-image-1096\" srcset=\"https:\/\/www.alajarvenankkurit.fi\/yleisurheilu\/wp-content\/uploads\/sites\/2\/2020\/05\/Viikkokisat_2018_3-1.png 1200w, https:\/\/www.alajarvenankkurit.fi\/yleisurheilu\/wp-content\/uploads\/sites\/2\/2020\/05\/Viikkokisat_2018_3-1-225x300.png 225w, https:\/\/www.alajarvenankkurit.fi\/yleisurheilu\/wp-content\/uploads\/sites\/2\/2020\/05\/Viikkokisat_2018_3-1-768x1024.png 768w, https:\/\/www.alajarvenankkurit.fi\/yleisurheilu\/wp-content\/uploads\/sites\/2\/2020\/05\/Viikkokisat_2018_3-1-1152x1536.png 1152w\" sizes=\"auto, (max-width: 767px) 89vw, (max-width: 1000px) 54vw, (max-width: 1071px) 543px, 580px\" \/><\/figure>\n<\/figure>\n<\/div><\/div>\n\n\n\n<figure class=\"wp-block-gallery aligncenter has-nested-images columns-2 is-cropped wp-block-gallery-2 is-layout-flex wp-block-gallery-is-layout-flex\">\n<figure class=\"wp-block-image size-large\"><img loading=\"lazy\" decoding=\"async\" width=\"941\" height=\"727\" data-id=\"1792\" src=\"https:\/\/www.alajarvenankkurit.fi\/yleisurheilu\/wp-content\/uploads\/sites\/2\/2020\/10\/IMG-20200929-WA0001.jpg\" alt=\"\" class=\"wp-image-1792\" srcset=\"https:\/\/www.alajarvenankkurit.fi\/yleisurheilu\/wp-content\/uploads\/sites\/2\/2020\/10\/IMG-20200929-WA0001.jpg 941w, https:\/\/www.alajarvenankkurit.fi\/yleisurheilu\/wp-content\/uploads\/sites\/2\/2020\/10\/IMG-20200929-WA0001-300x232.jpg 300w, https:\/\/www.alajarvenankkurit.fi\/yleisurheilu\/wp-content\/uploads\/sites\/2\/2020\/10\/IMG-20200929-WA0001-768x593.jpg 768w\" sizes=\"auto, (max-width: 767px) 89vw, (max-width: 1000px) 54vw, (max-width: 1071px) 543px, 580px\" \/><\/figure>\n\n\n\n<figure class=\"wp-block-image size-large\"><img loading=\"lazy\" decoding=\"async\" width=\"1200\" height=\"1600\" data-id=\"735\" src=\"https:\/\/www.alajarvenankkurit.fi\/yleisurheilu\/wp-content\/uploads\/sites\/2\/2020\/01\/Ekat_treenit_4-3.jpg\" alt=\"\" class=\"wp-image-735\" srcset=\"https:\/\/www.alajarvenankkurit.fi\/yleisurheilu\/wp-content\/uploads\/sites\/2\/2020\/01\/Ekat_treenit_4-3.jpg 1200w, https:\/\/www.alajarvenankkurit.fi\/yleisurheilu\/wp-content\/uploads\/sites\/2\/2020\/01\/Ekat_treenit_4-3-225x300.jpg 225w, https:\/\/www.alajarvenankkurit.fi\/yleisurheilu\/wp-content\/uploads\/sites\/2\/2020\/01\/Ekat_treenit_4-3-768x1024.jpg 768w, https:\/\/www.alajarvenankkurit.fi\/yleisurheilu\/wp-content\/uploads\/sites\/2\/2020\/01\/Ekat_treenit_4-3-1152x1536.jpg 1152w\" sizes=\"auto, (max-width: 767px) 89vw, (max-width: 1000px) 54vw, (max-width: 1071px) 543px, 580px\" \/><\/figure>\n\n\n\n<figure class=\"wp-block-image size-large\"><img loading=\"lazy\" decoding=\"async\" width=\"1200\" height=\"1600\" data-id=\"736\" src=\"https:\/\/www.alajarvenankkurit.fi\/yleisurheilu\/wp-content\/uploads\/sites\/2\/2020\/01\/Ekat_treenit_2-1.jpg\" alt=\"\" class=\"wp-image-736\" srcset=\"https:\/\/www.alajarvenankkurit.fi\/yleisurheilu\/wp-content\/uploads\/sites\/2\/2020\/01\/Ekat_treenit_2-1.jpg 1200w, https:\/\/www.alajarvenankkurit.fi\/yleisurheilu\/wp-content\/uploads\/sites\/2\/2020\/01\/Ekat_treenit_2-1-225x300.jpg 225w, https:\/\/www.alajarvenankkurit.fi\/yleisurheilu\/wp-content\/uploads\/sites\/2\/2020\/01\/Ekat_treenit_2-1-768x1024.jpg 768w, https:\/\/www.alajarvenankkurit.fi\/yleisurheilu\/wp-content\/uploads\/sites\/2\/2020\/01\/Ekat_treenit_2-1-1152x1536.jpg 1152w\" sizes=\"auto, (max-width: 767px) 89vw, (max-width: 1000px) 54vw, (max-width: 1071px) 543px, 580px\" \/><\/figure>\n<\/figure>\n\n\n\n<p><\/p>\n","protected":false},"excerpt":{"rendered":"<p>Yleisurheilujaosto tarjoaa harjoitustoimintaa ymp\u00e4ri vuoden. Seuraa ilmoittelua somessa ja printtimediassa! Talvikauden 2025-2026 harjoituskausi jatkuu huhtikuun loppuun saakka! Lis\u00e4tietoja t\u00e4\u00e4ll\u00e4: Yleisurheilukoulu &#8211; Alaj\u00e4rven Ankkurit \/ Yleisurheilu (alajarvenankkurit.fi) Vinkkej\u00e4 omatoimiseen harjoitteluun urheilijalle ja valmentajalle l\u00f6ytyy t\u00e4\u00e4lt\u00e4: https:\/\/sport.kurssi.tv\/channels\/#suomen-urheiluliitto Ankkurikentt\u00e4 (Ankkuritie 1) on (toukokuusta l\u00e4htien) avoinna ma &#8211; pe klo 8.00 &#8211; 21.30, la klo 10 &#8211; 19 ja &hellip; <\/p>\n<p class=\"link-more\"><a href=\"https:\/\/www.alajarvenankkurit.fi\/yleisurheilu\/harjoitustoiminta\/\" class=\"more-link\">Jatka lukemista<span class=\"screen-reader-text\"> &#8221;Harjoitustoiminta&#8221;<\/span><\/a><\/p>\n","protected":false},"author":5,"featured_media":0,"parent":0,"menu_order":0,"comment_status":"closed","ping_status":"closed","template":"","meta":{"footnotes":""},"class_list":["post-500","page","type-page","status-publish","hentry"],"_links":{"self":[{"href":"https:\/\/www.alajarvenankkurit.fi\/yleisurheilu\/wp-json\/wp\/v2\/pages\/500","targetHints":{"allow":["GET"]}}],"collection":[{"href":"https:\/\/www.alajarvenankkurit.fi\/yleisurheilu\/wp-json\/wp\/v2\/pages"}],"about":[{"href":"https:\/\/www.alajarvenankkurit.fi\/yleisurheilu\/wp-json\/wp\/v2\/types\/page"}],"author":[{"embeddable":true,"href":"https:\/\/www.alajarvenankkurit.fi\/yleisurheilu\/wp-json\/wp\/v2\/users\/5"}],"replies":[{"embeddable":true,"href":"https:\/\/www.alajarvenankkurit.fi\/yleisurheilu\/wp-json\/wp\/v2\/comments?post=500"}],"version-history":[{"count":165,"href":"https:\/\/www.alajarvenankkurit.fi\/yleisurheilu\/wp-json\/wp\/v2\/pages\/500\/revisions"}],"predecessor-version":[{"id":8267,"href":"https:\/\/www.alajarvenankkurit.fi\/yleisurheilu\/wp-json\/wp\/v2\/pages\/500\/revisions\/8267"}],"wp:attachment":[{"href":"https:\/\/www.alajarvenankkurit.fi\/yleisurheilu\/wp-json\/wp\/v2\/media?parent=500"}],"curies":[{"name":"wp","href":"https:\/\/api.w.org\/{rel}","templated":true}]}}