{"id":492,"date":"2019-10-14T10:45:28","date_gmt":"2019-10-14T07:45:28","guid":{"rendered":"http:\/\/212.66.193.72\/~cp4520516\/yleisurheilu\/?page_id=492"},"modified":"2020-01-05T21:48:25","modified_gmt":"2020-01-05T19:48:25","slug":"seuracup-2019","status":"publish","type":"page","link":"https:\/\/www.alajarvenankkurit.fi\/yleisurheilu\/kilpailutoiminta\/seuracup\/seuracup-2019\/","title":{"rendered":"Seuracup 2019"},"content":{"rendered":"\n<p><a href=\"https:\/\/www.yleisurheilu.fi\/seuracup\/piirikisa\/\" target=\"_blank\" rel=\"noreferrer noopener\">Valtakunnalliset nettisivut<\/a>&nbsp;(piirikisat)<\/p>\n\n\n\n<p>Alaj\u00e4rven Ankkurit osallistui valtakunnalliseen Seuracupiin, jossa yleisurheiluseurat kilpailevat kesken\u00e4\u00e4n joukkueina. Tavoite oli osallistua suurella joukolla kahteen piirikisaan ja p\u00e4\u00e4st\u00e4 kahden v\u00e4livuoden j\u00e4lkeen finaaliin, mutta valitettavasti emme sinne ylt\u00e4neet <a href=\"http:\/\/seuracup.tuloslista.com\/list\/A\/2019\/\">(lopullinen tilanne piirikisojen j\u00e4lkeen<\/a>). Toivottavasti ensi vuonna saamme pisteiden kalastukseen enemm\u00e4n urheilijoita!<\/p>\n\n\n\n<p>Kaksi piirikisaa\u00a0eli osakilpailut\u00a0kilpailtiin:<\/p>\n\n\n\n<p><strong>Piirikisa I 18.6.2019 \u00c4ht\u00e4riss\u00e4\u00a0<\/strong>(<a rel=\"noreferrer noopener\" href=\"https:\/\/www.tilastopaja.eu\/fi\/db\/tulokset.php?CID=70748\" target=\"_blank\">henkil\u00f6kohtaiset tulokset Tilastopajassa<\/a>)<\/p>\n\n\n\n<p>Yrityksist\u00e4 huolimatta saimme mukaan vain vajaa puoli joukkuetta. N\u00e4m\u00e4 14 urheilijaa tekiv\u00e4t kuitenkin loistavia tuloksia ja ker\u00e4siv\u00e4t yhteens\u00e4 4806 pistett\u00e4! Eniten pisteit\u00e4 ottivat vanhimmat urheilijat eli Eucabeth Kivikangas 760 ja Olavi Yli-Mannila 664. Mukana oli my\u00f6s ensikertalaisia, jotka hoitivat urakkansa mallikkaasti. Upeat lajivoitot napsivat Jere Ollila (P11 60m), Anniina Viitasaari (T13 korkeus), Seliina Kuoppa-aho (T13 1000m), Ilona Takala (T15 seiv\u00e4s) ja Eucabeth (N17 kuula) sek\u00e4 komeaksi lopuksi T13 viestivoitto (4x100m) loppukirikamppailun j\u00e4lkeen!<\/p>\n\n\n\n<figure class=\"wp-block-image\"><img loading=\"lazy\" decoding=\"async\" width=\"494\" height=\"298\" src=\"https:\/\/www.alajarvenankkurit.fi\/yleisurheilu\/wp-content\/uploads\/sites\/2\/2020\/01\/\u00c4ht\u00e4ri_T13_viesti_Anniina.jpg\" alt=\"\" class=\"wp-image-847\" srcset=\"https:\/\/www.alajarvenankkurit.fi\/yleisurheilu\/wp-content\/uploads\/sites\/2\/2020\/01\/\u00c4ht\u00e4ri_T13_viesti_Anniina.jpg 494w, https:\/\/www.alajarvenankkurit.fi\/yleisurheilu\/wp-content\/uploads\/sites\/2\/2020\/01\/\u00c4ht\u00e4ri_T13_viesti_Anniina-300x181.jpg 300w\" sizes=\"auto, (max-width: 494px) 100vw, 494px\" \/><figcaption>T13 viestin loppukirikamppailun \u00c4ht\u00e4riss\u00e4 voitti Anniina Viitasaari<\/figcaption><\/figure>\n\n\n\n<p><strong>Piirikisa II 7.8.2019 Alavudella\u00a0<\/strong>(<a rel=\"noreferrer noopener\" aria-label=\" (opens in a new tab)\" href=\"https:\/\/www.tilastopaja.eu\/fi\/db\/tulokset.php?CID=72565\" target=\"_blank\">henkil\u00f6kohtaiset tulokset Tilastopajassa)<\/a><\/p>\n\n\n\n<p>Pieni ja sisukas Ankkuri-joukkue k\u00e4vi ker\u00e4\u00e4m\u00e4ss\u00e4 3944 pistett\u00e4.  Sades\u00e4\u00e4st\u00e4 huolimatta nuoret urheilijat tekiv\u00e4t hyvi\u00e4 tuloksia ja monta omaa enn\u00e4tyst\u00e4! T\u00e4ll\u00e4 kertaa eniten pisteit\u00e4 toi Olavi Yli-Mannila (P15 moukarista 775 pistett\u00e4), seuraavina kovan ajan juossut Sara Vuorela (T13 60 maj 544 pistett\u00e4) ja Eucabeth Kivikangas (N17 pituudesta 475 pistett\u00e4). Joukkueen pisteet n\u00e4kyviss\u00e4 <a rel=\"noreferrer noopener\" href=\"http:\/\/seuracup.tuloslista.com\/team\/1\/2019\/\" target=\"_blank\">t\u00e4\u00e4ll\u00e4<\/a>. Kiitos kaikille kisaajille ja huoltajille, ensi vuonna j\u00e4lleen!<\/p>\n\n\n\n<figure class=\"wp-block-gallery columns-3 is-cropped wp-block-gallery-1 is-layout-flex wp-block-gallery-is-layout-flex\"><ul class=\"blocks-gallery-grid\"><li class=\"blocks-gallery-item\"><figure><img loading=\"lazy\" decoding=\"async\" width=\"1600\" height=\"900\" src=\"https:\/\/www.alajarvenankkurit.fi\/yleisurheilu\/wp-content\/uploads\/sites\/2\/2020\/01\/Milja_Maria_T13_200m_l\u00e4ht\u00f6.jpg\" alt=\"\" data-id=\"843\" data-link=\"https:\/\/www.alajarvenankkurit.fi\/yleisurheilu\/kilpailutoiminta\/seuracup\/seuracup-2019\/attachment\/milja_maria_t13_200m_lahto\/\" class=\"wp-image-843\" srcset=\"https:\/\/www.alajarvenankkurit.fi\/yleisurheilu\/wp-content\/uploads\/sites\/2\/2020\/01\/Milja_Maria_T13_200m_l\u00e4ht\u00f6.jpg 1600w, https:\/\/www.alajarvenankkurit.fi\/yleisurheilu\/wp-content\/uploads\/sites\/2\/2020\/01\/Milja_Maria_T13_200m_l\u00e4ht\u00f6-300x169.jpg 300w, https:\/\/www.alajarvenankkurit.fi\/yleisurheilu\/wp-content\/uploads\/sites\/2\/2020\/01\/Milja_Maria_T13_200m_l\u00e4ht\u00f6-768x432.jpg 768w, https:\/\/www.alajarvenankkurit.fi\/yleisurheilu\/wp-content\/uploads\/sites\/2\/2020\/01\/Milja_Maria_T13_200m_l\u00e4ht\u00f6-1536x864.jpg 1536w\" sizes=\"auto, (max-width: 767px) 89vw, (max-width: 1000px) 54vw, (max-width: 1071px) 543px, 580px\" \/><figcaption class=\"blocks-gallery-item__caption\">Milja-Maria sijoittui toiseksi ja kohensi 200 m enn\u00e4tyst\u00e4\u00e4n.<\/figcaption><\/figure><\/li><li class=\"blocks-gallery-item\"><figure><img loading=\"lazy\" decoding=\"async\" width=\"1600\" height=\"900\" src=\"https:\/\/www.alajarvenankkurit.fi\/yleisurheilu\/wp-content\/uploads\/sites\/2\/2020\/01\/Emilia_T11_150m.jpg\" alt=\"\" data-id=\"844\" data-link=\"https:\/\/www.alajarvenankkurit.fi\/yleisurheilu\/kilpailutoiminta\/seuracup\/seuracup-2019\/attachment\/emilia_t11_150m\/\" class=\"wp-image-844\" srcset=\"https:\/\/www.alajarvenankkurit.fi\/yleisurheilu\/wp-content\/uploads\/sites\/2\/2020\/01\/Emilia_T11_150m.jpg 1600w, https:\/\/www.alajarvenankkurit.fi\/yleisurheilu\/wp-content\/uploads\/sites\/2\/2020\/01\/Emilia_T11_150m-300x169.jpg 300w, https:\/\/www.alajarvenankkurit.fi\/yleisurheilu\/wp-content\/uploads\/sites\/2\/2020\/01\/Emilia_T11_150m-768x432.jpg 768w, https:\/\/www.alajarvenankkurit.fi\/yleisurheilu\/wp-content\/uploads\/sites\/2\/2020\/01\/Emilia_T11_150m-1536x864.jpg 1536w\" sizes=\"auto, (max-width: 767px) 89vw, (max-width: 1000px) 54vw, (max-width: 1071px) 543px, 580px\" \/><figcaption class=\"blocks-gallery-item__caption\">Emilia kokeili ekaa kertaa 150 m ja hyvin sujui!<\/figcaption><\/figure><\/li><li class=\"blocks-gallery-item\"><figure><img loading=\"lazy\" decoding=\"async\" width=\"889\" height=\"1041\" src=\"https:\/\/www.alajarvenankkurit.fi\/yleisurheilu\/wp-content\/uploads\/sites\/2\/2020\/01\/Emmi_T13_kuulassa.jpg\" alt=\"\" data-id=\"845\" data-link=\"https:\/\/www.alajarvenankkurit.fi\/yleisurheilu\/kilpailutoiminta\/seuracup\/seuracup-2019\/attachment\/emmi_t13_kuulassa\/\" class=\"wp-image-845\" srcset=\"https:\/\/www.alajarvenankkurit.fi\/yleisurheilu\/wp-content\/uploads\/sites\/2\/2020\/01\/Emmi_T13_kuulassa.jpg 889w, https:\/\/www.alajarvenankkurit.fi\/yleisurheilu\/wp-content\/uploads\/sites\/2\/2020\/01\/Emmi_T13_kuulassa-256x300.jpg 256w, https:\/\/www.alajarvenankkurit.fi\/yleisurheilu\/wp-content\/uploads\/sites\/2\/2020\/01\/Emmi_T13_kuulassa-768x899.jpg 768w\" sizes=\"auto, (max-width: 767px) 89vw, (max-width: 1000px) 54vw, (max-width: 1071px) 543px, 580px\" \/><figcaption class=\"blocks-gallery-item__caption\">Emmi tempaisi kuulassa oman enn\u00e4tyksen.<\/figcaption><\/figure><\/li><li class=\"blocks-gallery-item\"><figure><img loading=\"lazy\" decoding=\"async\" width=\"1600\" height=\"900\" src=\"https:\/\/www.alajarvenankkurit.fi\/yleisurheilu\/wp-content\/uploads\/sites\/2\/2020\/01\/Toimitsijat_MN17Keih\u00e4s.jpg\" alt=\"\" data-id=\"846\" data-full-url=\"https:\/\/www.alajarvenankkurit.fi\/yleisurheilu\/wp-content\/uploads\/sites\/2\/2020\/01\/Toimitsijat_MN17Keih\u00e4s.jpg\" data-link=\"https:\/\/www.alajarvenankkurit.fi\/yleisurheilu\/kilpailutoiminta\/seuracup\/seuracup-2019\/attachment\/toimitsijat_mn17keihas\/\" class=\"wp-image-846\" srcset=\"https:\/\/www.alajarvenankkurit.fi\/yleisurheilu\/wp-content\/uploads\/sites\/2\/2020\/01\/Toimitsijat_MN17Keih\u00e4s.jpg 1600w, https:\/\/www.alajarvenankkurit.fi\/yleisurheilu\/wp-content\/uploads\/sites\/2\/2020\/01\/Toimitsijat_MN17Keih\u00e4s-300x169.jpg 300w, https:\/\/www.alajarvenankkurit.fi\/yleisurheilu\/wp-content\/uploads\/sites\/2\/2020\/01\/Toimitsijat_MN17Keih\u00e4s-768x432.jpg 768w, https:\/\/www.alajarvenankkurit.fi\/yleisurheilu\/wp-content\/uploads\/sites\/2\/2020\/01\/Toimitsijat_MN17Keih\u00e4s-1536x864.jpg 1536w\" sizes=\"auto, (max-width: 767px) 89vw, (max-width: 1000px) 54vw, (max-width: 1071px) 543px, 580px\" \/><figcaption class=\"blocks-gallery-item__caption\">Keih\u00e4\u00e4n toimitsijavastuu ankkurilaiset odottavat innolla kisan alkua.<\/figcaption><\/figure><\/li><\/ul><\/figure>\n","protected":false},"excerpt":{"rendered":"<p>Valtakunnalliset nettisivut&nbsp;(piirikisat) Alaj\u00e4rven Ankkurit osallistui valtakunnalliseen Seuracupiin, jossa yleisurheiluseurat kilpailevat kesken\u00e4\u00e4n joukkueina. Tavoite oli osallistua suurella joukolla kahteen piirikisaan ja p\u00e4\u00e4st\u00e4 kahden v\u00e4livuoden j\u00e4lkeen finaaliin, mutta valitettavasti emme sinne ylt\u00e4neet (lopullinen tilanne piirikisojen j\u00e4lkeen). Toivottavasti ensi vuonna saamme pisteiden kalastukseen enemm\u00e4n urheilijoita! Kaksi piirikisaa\u00a0eli osakilpailut\u00a0kilpailtiin: Piirikisa I 18.6.2019 \u00c4ht\u00e4riss\u00e4\u00a0(henkil\u00f6kohtaiset tulokset Tilastopajassa) Yrityksist\u00e4 huolimatta saimme mukaan &hellip; <\/p>\n<p class=\"link-more\"><a href=\"https:\/\/www.alajarvenankkurit.fi\/yleisurheilu\/kilpailutoiminta\/seuracup\/seuracup-2019\/\" class=\"more-link\">Jatka lukemista<span class=\"screen-reader-text\"> &#8221;Seuracup 2019&#8221;<\/span><\/a><\/p>\n","protected":false},"author":1,"featured_media":0,"parent":446,"menu_order":2,"comment_status":"closed","ping_status":"closed","template":"","meta":{"footnotes":""},"class_list":["post-492","page","type-page","status-publish","hentry"],"_links":{"self":[{"href":"https:\/\/www.alajarvenankkurit.fi\/yleisurheilu\/wp-json\/wp\/v2\/pages\/492","targetHints":{"allow":["GET"]}}],"collection":[{"href":"https:\/\/www.alajarvenankkurit.fi\/yleisurheilu\/wp-json\/wp\/v2\/pages"}],"about":[{"href":"https:\/\/www.alajarvenankkurit.fi\/yleisurheilu\/wp-json\/wp\/v2\/types\/page"}],"author":[{"embeddable":true,"href":"https:\/\/www.alajarvenankkurit.fi\/yleisurheilu\/wp-json\/wp\/v2\/users\/1"}],"replies":[{"embeddable":true,"href":"https:\/\/www.alajarvenankkurit.fi\/yleisurheilu\/wp-json\/wp\/v2\/comments?post=492"}],"version-history":[{"count":3,"href":"https:\/\/www.alajarvenankkurit.fi\/yleisurheilu\/wp-json\/wp\/v2\/pages\/492\/revisions"}],"predecessor-version":[{"id":849,"href":"https:\/\/www.alajarvenankkurit.fi\/yleisurheilu\/wp-json\/wp\/v2\/pages\/492\/revisions\/849"}],"up":[{"embeddable":true,"href":"https:\/\/www.alajarvenankkurit.fi\/yleisurheilu\/wp-json\/wp\/v2\/pages\/446"}],"wp:attachment":[{"href":"https:\/\/www.alajarvenankkurit.fi\/yleisurheilu\/wp-json\/wp\/v2\/media?parent=492"}],"curies":[{"name":"wp","href":"https:\/\/api.w.org\/{rel}","templated":true}]}}