{"id":488,"date":"2022-02-13T10:15:00","date_gmt":"2022-02-13T08:15:00","guid":{"rendered":"http:\/\/212.66.193.72\/~cp4520516\/yleisurheilu\/?page_id=488"},"modified":"2026-04-14T22:19:53","modified_gmt":"2026-04-14T19:19:53","slug":"hyodyllisia-linkkeja","status":"publish","type":"page","link":"https:\/\/www.alajarvenankkurit.fi\/yleisurheilu\/hyodyllisia-linkkeja\/","title":{"rendered":"Hy\u00f6dyllisia linkkej\u00e4"},"content":{"rendered":"\n<h4 class=\"wp-block-heading\" id=\"suomen-urheiluliitto-sul\"><a href=\"http:\/\/www.yleisurheilu.fi\/\" id=\"http:\/\/www.yleisurheilu.fi\/\" target=\"_blank\" rel=\"noreferrer noopener\"><br>Yleisurheilu \/ Suomen Urheiluliitto (SUL)<\/a>\u00a0<\/h4>\n\n\n\n<h4 class=\"wp-block-heading\" id=\"etela-pohjanmaan-urheilijat-ry-epu\"><strong><a href=\"http:\/\/www.epury.fi\/\" target=\"_blank\" rel=\"noreferrer noopener\">Etel\u00e4-Pohjanmaan Urheilijat ry. (EPU)<\/a>&nbsp;<\/strong><\/h4>\n\n\n\n<h4 class=\"wp-block-heading\" id=\"tilastopaja\"><strong><a href=\"http:\/\/www.tilastopaja.fi\" id=\"http:\/\/www.tilastopaja.fi\" target=\"_blank\" rel=\"noreferrer noopener\">Tilastopaja<\/a><\/strong><\/h4>\n\n\n\n<h4 class=\"wp-block-heading\" id=\"kilpailukalenteri\"><a href=\"http:\/\/www.kilpailukalenteri.fi\/\" target=\"_blank\" rel=\"noreferrer noopener\"><strong>Kilpailukalenteri<\/strong><\/a><\/h4>\n\n\n\n<h4 class=\"wp-block-heading\" id=\"kunniakierros\"><a href=\"https:\/\/kunniakierros.fi\/\" target=\"_blank\" rel=\"noreferrer noopener\"><strong>Kunniakierros<\/strong><\/a><\/h4>\n\n\n\n<h4 class=\"wp-block-heading\" id=\"seuracup\"><a href=\"https:\/\/www.yleisurheilu.fi\/seuracup\/\" target=\"_blank\" rel=\"noreferrer noopener\">Seuracup&nbsp;<\/a><\/h4>\n\n\n\n<h4 class=\"wp-block-heading\" id=\"lisenssit-yu-passit\"><a href=\"http:\/\/www.yleisurheilu.fi\/seurat\/yleisurheilulisenssit\" target=\"_blank\" rel=\"noreferrer noopener\">Lisenssit\/yu-passit<\/a><\/h4>\n\n\n\n<h4 class=\"wp-block-heading\" id=\"lasten-yleisurheilusaannot\"><a href=\"https:\/\/yleisurheilu.fi\/sites\/default\/files\/lasten_yu-saannot_2019.pdf\" target=\"_blank\" rel=\"noreferrer noopener\">Lasten yleisurheilus\u00e4\u00e4nn\u00f6t<\/a><\/h4>\n\n\n\n<p><\/p>\n\n\n\n<p><strong><a href=\"https:\/\/www.yleisurheilu.fi\/wp-content\/uploads\/2025\/06\/Lasten-kilpailutoiminnan-uudistus-2025-saannot-voimassa-1.5.2025-alkaen-1.pdf\" target=\"_blank\" rel=\"noreferrer noopener\">Lasten joustavuuss\u00e4\u00e4nn\u00f6t<\/a><\/strong><\/p>\n\n\n\n<h4 class=\"wp-block-heading\" id=\"yleisurheilun-mestaruuskilpailusaannot\"><strong><a href=\"https:\/\/www.yleisurheilu.fi\/wp-content\/uploads\/2024\/11\/MK-saannot-2025-Valmis.pdf\" target=\"_blank\" rel=\"noreferrer noopener\">Yleisurheilun mestaruuskilpailus\u00e4\u00e4nn\u00f6t<\/a><\/strong><\/h4>\n\n\n\n<h4 class=\"wp-block-heading\" id=\"sisuikaisten-taitomerkkirajat\"><a href=\"https:\/\/www.yleisurheilu.fi\/wp-content\/uploads\/2025\/10\/Taitomerkkirajat-2026.-Voimassa-1.1.2026-alkaen-1.pdf\" target=\"_blank\" rel=\"noreferrer noopener\">Sisuik\u00e4isten taitomerkkirajat<\/a><\/h4>\n\n\n\n<h4 class=\"wp-block-heading\" id=\"tp9-15-vuotiaiden-viralliset-lajit\"><a href=\"https:\/\/www.yleisurheilu.fi\/saannot-ja-ohjeet-2\/ohjeet-ja-ohjeistot\/\" target=\"_blank\" rel=\"noreferrer noopener\"><strong>TP9-15 vuotiaiden viralliset lajit<\/strong><\/a><\/h4>\n\n\n\n<h4 class=\"wp-block-heading\" id=\"nuorten-moniotteluiden-pistetaulukko\"><a href=\"https:\/\/www.yleisurheilu.fi\/saannot-ja-ohjeet-2\/pistetaulukot\/\" target=\"_blank\" rel=\"noreferrer noopener\"><strong>Nuorten moniotteluiden pistetaulukko<\/strong><\/a><\/h4>\n\n\n\n<h4 class=\"wp-block-heading\" id=\"aitajuoksut-sisaradoilla\"><a href=\"https:\/\/www.yleisurheilu.fi\/saannot-ja-ohjeet-2\/ohjeet-ja-ohjeistot\/\" target=\"_blank\" rel=\"noreferrer noopener\">Aitajuoksut sis\u00e4radoilla<\/a><\/h4>\n\n\n\n<h4 class=\"wp-block-heading\" id=\"aitajuoksut-ulkoradoilla\"><a href=\"https:\/\/www.yleisurheilu.fi\/saannot-ja-ohjeet-2\/ohjeet-ja-ohjeistot\/\" target=\"_blank\" rel=\"noreferrer noopener\">Aitajuoksut ulkoradoilla<\/a><\/h4>\n\n\n\n<h4 class=\"wp-block-heading\" id=\"kentat-ja-sisahallit\"><strong><a href=\"https:\/\/www.yleisurheilu.fi\/olosuhteet\/kentat-ja-sisahallit\/\" target=\"_blank\" rel=\"noreferrer noopener\" aria-label=\"Kent\u00e4t ja sis\u00e4hallit (opens in a new tab)\">Kent\u00e4t ja sis\u00e4hallit<\/a><\/strong><\/h4>\n\n\n\n<h4 class=\"wp-block-heading\" id=\"aitajuoksuviestit\"><a href=\"https:\/\/www.yleisurheilu.fi\/saannot-ja-ohjeet-2\/ohjeet-ja-ohjeistot\/\" target=\"_blank\" rel=\"noreferrer noopener\">Aitajuoksuviestit<\/a><\/h4>\n\n\n\n<h4 class=\"wp-block-heading\" id=\"viralliset-heittovalineet-ja-varusteet\"><strong><a href=\"https:\/\/www.yleisurheilu.fi\/olosuhteet\/valineet-ja-varusteet\/\" target=\"_blank\" rel=\"noreferrer noopener\" aria-label=\"Viralliset heittov\u00e4lineet ja varusteet (opens in a new tab)\">Viralliset heittov\u00e4lineet ja varusteet<\/a><\/strong><\/h4>\n\n\n\n<h4 class=\"wp-block-heading\" id=\"kamu-laakehaku-suek\"><a href=\"https:\/\/kamu.suek.fi\/?utm_source=emaileri&amp;utm_medium=email&amp;utm_campaign=Lantinen%20aluetiedote*%20marraskuu%202019&amp;utm_term=KAMU-laakehaku%20**&amp;utm_content=u-3312522-51390662-1953745-2#!\/\" target=\"_blank\" rel=\"noreferrer noopener\" aria-label=\"KAMU-l\u00e4\u00e4kehaku (SUEK) (opens in a new tab)\">KAMU-l\u00e4\u00e4kehaku (SUEK)<\/a><\/h4>\n\n\n\n<p><\/p>\n","protected":false},"excerpt":{"rendered":"<p>Yleisurheilu \/ Suomen Urheiluliitto (SUL)\u00a0 Etel\u00e4-Pohjanmaan Urheilijat ry. (EPU)&nbsp; Tilastopaja Kilpailukalenteri Kunniakierros Seuracup&nbsp; Lisenssit\/yu-passit Lasten yleisurheilus\u00e4\u00e4nn\u00f6t Lasten joustavuuss\u00e4\u00e4nn\u00f6t Yleisurheilun mestaruuskilpailus\u00e4\u00e4nn\u00f6t Sisuik\u00e4isten taitomerkkirajat TP9-15 vuotiaiden viralliset lajit Nuorten moniotteluiden pistetaulukko Aitajuoksut sis\u00e4radoilla Aitajuoksut ulkoradoilla Kent\u00e4t ja sis\u00e4hallit Aitajuoksuviestit Viralliset heittov\u00e4lineet ja varusteet KAMU-l\u00e4\u00e4kehaku (SUEK)<\/p>\n","protected":false},"author":5,"featured_media":0,"parent":0,"menu_order":0,"comment_status":"closed","ping_status":"closed","template":"","meta":{"footnotes":""},"class_list":["post-488","page","type-page","status-publish","hentry"],"_links":{"self":[{"href":"https:\/\/www.alajarvenankkurit.fi\/yleisurheilu\/wp-json\/wp\/v2\/pages\/488","targetHints":{"allow":["GET"]}}],"collection":[{"href":"https:\/\/www.alajarvenankkurit.fi\/yleisurheilu\/wp-json\/wp\/v2\/pages"}],"about":[{"href":"https:\/\/www.alajarvenankkurit.fi\/yleisurheilu\/wp-json\/wp\/v2\/types\/page"}],"author":[{"embeddable":true,"href":"https:\/\/www.alajarvenankkurit.fi\/yleisurheilu\/wp-json\/wp\/v2\/users\/5"}],"replies":[{"embeddable":true,"href":"https:\/\/www.alajarvenankkurit.fi\/yleisurheilu\/wp-json\/wp\/v2\/comments?post=488"}],"version-history":[{"count":9,"href":"https:\/\/www.alajarvenankkurit.fi\/yleisurheilu\/wp-json\/wp\/v2\/pages\/488\/revisions"}],"predecessor-version":[{"id":8365,"href":"https:\/\/www.alajarvenankkurit.fi\/yleisurheilu\/wp-json\/wp\/v2\/pages\/488\/revisions\/8365"}],"wp:attachment":[{"href":"https:\/\/www.alajarvenankkurit.fi\/yleisurheilu\/wp-json\/wp\/v2\/media?parent=488"}],"curies":[{"name":"wp","href":"https:\/\/api.w.org\/{rel}","templated":true}]}}