{"id":481,"date":"2021-12-11T20:38:00","date_gmt":"2021-12-11T18:38:00","guid":{"rendered":"http:\/\/212.66.193.72\/~cp4520516\/yleisurheilu\/?page_id=481"},"modified":"2025-12-15T19:33:07","modified_gmt":"2025-12-15T17:33:07","slug":"yhteystiedot","status":"publish","type":"page","link":"https:\/\/www.alajarvenankkurit.fi\/yleisurheilu\/yhteystiedot\/","title":{"rendered":"Yhteystiedot"},"content":{"rendered":"\n<h2 class=\"wp-block-heading\"><strong>Yleisurheilujaosto 2026<\/strong><\/h2>\n\n\n\n<pre class=\"wp-block-verse has-pale-cyan-blue-background-color has-background\"><strong>S\u00e4hk\u00f6postiosoite: <a href=\"mailto:yleisurheilu@alajarvenankkurit.fi\">yleisurheilu(at)alajarvenankkurit.fi<\/a> <\/strong><br><strong>Instagram: @<a aria-label=\"ankkurityleisurheilu (opens in a new tab)\" href=\"https:\/\/www.instagram.com\/ankkurityleisurheilu\/\" target=\"_blank\" rel=\"noreferrer noopener\">ankkurityleisurheilu<\/a><br>Facebook: <a aria-label=\"@AnkkuritYleisurheilu (opens in a new tab)\" href=\"https:\/\/www.facebook.com\/AnkkuritYleisurheilu\/\" target=\"_blank\" rel=\"noreferrer noopener\">@AnkkuritYleisurheilu<\/a><\/strong><\/pre>\n\n\n\n<p><strong>Leena Kivikangas<\/strong> (puheenjohtaja)&nbsp;puh: 050 359 6802, email: leena.kivikangas(at)alajarvi.fi<\/p>\n\n\n\n<p><strong>Tapio Rajala <\/strong>(vpj) puh: 0400 442 493, Alakyl\u00e4ntie 46, 62710 Kurejoki<\/p>\n\n\n\n<p><strong>Sari Yli-Mannila<\/strong> (siht) puh: 040 732 5564, Kirkkotie 17 A 6, 62900 Alaj\u00e4rvi<\/p>\n\n\n\n<p><strong>Harri Lepp\u00e4aho <\/strong>puh: 040 752 9168, Sivulantie 21, 62900 Alaj\u00e4rvi<\/p>\n\n\n\n<p><strong>Saila Piispanen<\/strong><\/p>\n\n\n\n<p><strong>Janne J\u00e4rvinen<\/strong> puh: 0400 866 562<\/p>\n\n\n\n<p><strong>Heli Siiril\u00e4<\/strong> puh: 040 702 6907, Kurejoentie 165, 62900 Alaj\u00e4rvi<\/p>\n\n\n\n<p><strong>Ulla Takala<\/strong> puh: 040 5417315, Tikkasentie 160, 62900 Alaj\u00e4rvi<\/p>\n\n\n\n<p><strong>Niko Keltikangas<\/strong><\/p>\n\n\n\n<p><strong>Arto Kivikangas<\/strong> puh: 050 359 6801<\/p>\n\n\n\n<p>Alaj\u00e4rven Ankkurit yleisurheilujaoston tilinumero: FI85 5188 0740\n0017 09<\/p>\n","protected":false},"excerpt":{"rendered":"<p>Yleisurheilujaosto 2026 S\u00e4hk\u00f6postiosoite: yleisurheilu(at)alajarvenankkurit.fi Instagram: @ankkurityleisurheiluFacebook: @AnkkuritYleisurheilu Leena Kivikangas (puheenjohtaja)&nbsp;puh: 050 359 6802, email: leena.kivikangas(at)alajarvi.fi Tapio Rajala (vpj) puh: 0400 442 493, Alakyl\u00e4ntie 46, 62710 Kurejoki Sari Yli-Mannila (siht) puh: 040 732 5564, Kirkkotie 17 A 6, 62900 Alaj\u00e4rvi Harri Lepp\u00e4aho puh: 040 752 9168, Sivulantie 21, 62900 Alaj\u00e4rvi Saila Piispanen Janne J\u00e4rvinen puh: 0400 &hellip; <\/p>\n<p class=\"link-more\"><a href=\"https:\/\/www.alajarvenankkurit.fi\/yleisurheilu\/yhteystiedot\/\" class=\"more-link\">Jatka lukemista<span class=\"screen-reader-text\"> &#8221;Yhteystiedot&#8221;<\/span><\/a><\/p>\n","protected":false},"author":5,"featured_media":0,"parent":0,"menu_order":0,"comment_status":"closed","ping_status":"closed","template":"","meta":{"footnotes":""},"class_list":["post-481","page","type-page","status-publish","hentry"],"_links":{"self":[{"href":"https:\/\/www.alajarvenankkurit.fi\/yleisurheilu\/wp-json\/wp\/v2\/pages\/481","targetHints":{"allow":["GET"]}}],"collection":[{"href":"https:\/\/www.alajarvenankkurit.fi\/yleisurheilu\/wp-json\/wp\/v2\/pages"}],"about":[{"href":"https:\/\/www.alajarvenankkurit.fi\/yleisurheilu\/wp-json\/wp\/v2\/types\/page"}],"author":[{"embeddable":true,"href":"https:\/\/www.alajarvenankkurit.fi\/yleisurheilu\/wp-json\/wp\/v2\/users\/5"}],"replies":[{"embeddable":true,"href":"https:\/\/www.alajarvenankkurit.fi\/yleisurheilu\/wp-json\/wp\/v2\/comments?post=481"}],"version-history":[{"count":14,"href":"https:\/\/www.alajarvenankkurit.fi\/yleisurheilu\/wp-json\/wp\/v2\/pages\/481\/revisions"}],"predecessor-version":[{"id":8084,"href":"https:\/\/www.alajarvenankkurit.fi\/yleisurheilu\/wp-json\/wp\/v2\/pages\/481\/revisions\/8084"}],"wp:attachment":[{"href":"https:\/\/www.alajarvenankkurit.fi\/yleisurheilu\/wp-json\/wp\/v2\/media?parent=481"}],"curies":[{"name":"wp","href":"https:\/\/api.w.org\/{rel}","templated":true}]}}