{"id":478,"date":"2019-10-14T10:29:51","date_gmt":"2019-10-14T07:29:51","guid":{"rendered":"http:\/\/212.66.193.72\/~cp4520516\/yleisurheilu\/?page_id=478"},"modified":"2025-04-27T20:41:30","modified_gmt":"2025-04-27T17:41:30","slug":"kunniakierros","status":"publish","type":"page","link":"https:\/\/www.alajarvenankkurit.fi\/yleisurheilu\/kunniakierros\/","title":{"rendered":"Kunniakierros"},"content":{"rendered":"\n<p><\/p>\n\n\n\n<figure class=\"wp-block-image\"><a href=\"http:\/\/212.66.193.72\/~cp4520516\/yleisurheilu\/wp-content\/uploads\/sites\/2\/2019\/10\/20170522_1805521-002.jpeg\"><img loading=\"lazy\" decoding=\"async\" width=\"800\" height=\"450\" src=\"http:\/\/212.66.193.72\/~cp4520516\/yleisurheilu\/wp-content\/uploads\/sites\/2\/2019\/10\/20170522_1805521-002.jpeg\" alt=\"\" class=\"wp-image-212\" srcset=\"https:\/\/www.alajarvenankkurit.fi\/yleisurheilu\/wp-content\/uploads\/sites\/2\/2019\/10\/20170522_1805521-002.jpeg 800w, https:\/\/www.alajarvenankkurit.fi\/yleisurheilu\/wp-content\/uploads\/sites\/2\/2019\/10\/20170522_1805521-002-300x169.jpeg 300w, https:\/\/www.alajarvenankkurit.fi\/yleisurheilu\/wp-content\/uploads\/sites\/2\/2019\/10\/20170522_1805521-002-768x432.jpeg 768w\" sizes=\"auto, (max-width: 767px) 89vw, (max-width: 1000px) 54vw, (max-width: 1071px) 543px, 580px\" \/><\/a><\/figure>\n\n\n\n<p>Kunniakierros on Suomen Urheiluliiton ja sen j\u00e4senseurojen yhteinen varainkeruukampanja, jonka urheiluseurat organisoivat paikallisesti. Kunniakierrosperinne on jatkunut jo yli 40 vuotta ja seurat ovat ker\u00e4nneet varoja toimintaansa reilut 33 miljoonaa euroa! Kampanjan tuotto k\u00e4ytet\u00e4\u00e4n yleisurheiluty\u00f6h\u00f6n seuroissa ja SUL:ssa.<\/p>\n\n\n\n<p>Kunniakierroksen ideana on haastaa seurav\u00e4ki ker\u00e4\u00e4m\u00e4\u00e4n tukijoita yrityksilt\u00e4 tai yksityishenkil\u00f6ilt\u00e4. Ker\u00e4ys huipentuu seuran yhteiseen kunniakierrostapahtumaan loppukev\u00e4\u00e4n ja alkukes\u00e4n aikana. Ker\u00e4ys tapahtuu ker\u00e4yslomakkeilla tai mobiilitallennuksen avulla. Minimi tukisumma on 15 euroa ja k\u00e4teismaksuja ei saa ker\u00e4t\u00e4. Luvatuista tukisummista l\u00e4hetet\u00e4\u00e4n laskut s\u00e4hk\u00f6postitse tai paperipostina kunniakierrostapahtuman j\u00e4lkeen.<\/p>\n\n\n\n<p>Kaikki ovat tervetulleita kunniakierrostapahtumiin, jossa kuntoillaan 60 minuuttia hyv\u00e4ss\u00e4 hengess\u00e4 ik\u00e4\u00e4n tai kuntoon katsomatta. Samalla tapaat seuran nuoria urheilijoita, joihin ker\u00e4tty tuki kohdistuu. Lis\u00e4tietoja yleisurheilujaoston s\u00e4hk\u00f6postiosoitteesta (yleisurheilu@alajarvenankkurit.fi) tai&nbsp;<a href=\"http:\/\/www.alajarvenankkurit.fi\/yleisurheilu\/yhteystiedot\/\" target=\"_blank\" rel=\"noreferrer noopener\">jaoston j\u00e4senilt\u00e4<\/a>!<\/p>\n\n\n\n<p>T\u00e4ss\u00e4 linkki <a href=\"https:\/\/www.alajarvenankkurit.fi\/yleisurheilu\/2025-2\/\">vuoden 2025 Kunniakierros -sivulleI<\/a> <\/p>\n\n\n\n<p>Kaikki kunniakierrostapahtumat l\u00f6ytyv\u00e4t osoitteesta:&nbsp;<a href=\"https:\/\/kunniakierros.fi\/\" target=\"_blank\" rel=\"noreferrer noopener\">www.kunniakierros.fi<\/a><\/p>\n\n\n\n<figure class=\"wp-block-image size-large\"><img loading=\"lazy\" decoding=\"async\" width=\"1754\" height=\"1240\" src=\"https:\/\/www.alajarvenankkurit.fi\/yleisurheilu\/wp-content\/uploads\/sites\/2\/2021\/04\/Kunniakierroslogo-2.jpg\" alt=\"\" class=\"wp-image-2084\" srcset=\"https:\/\/www.alajarvenankkurit.fi\/yleisurheilu\/wp-content\/uploads\/sites\/2\/2021\/04\/Kunniakierroslogo-2.jpg 1754w, https:\/\/www.alajarvenankkurit.fi\/yleisurheilu\/wp-content\/uploads\/sites\/2\/2021\/04\/Kunniakierroslogo-2-300x212.jpg 300w, https:\/\/www.alajarvenankkurit.fi\/yleisurheilu\/wp-content\/uploads\/sites\/2\/2021\/04\/Kunniakierroslogo-2-768x543.jpg 768w, https:\/\/www.alajarvenankkurit.fi\/yleisurheilu\/wp-content\/uploads\/sites\/2\/2021\/04\/Kunniakierroslogo-2-1536x1086.jpg 1536w\" sizes=\"auto, (max-width: 767px) 89vw, (max-width: 1000px) 54vw, (max-width: 1071px) 543px, 580px\" \/><\/figure>\n","protected":false},"excerpt":{"rendered":"<p>Kunniakierros on Suomen Urheiluliiton ja sen j\u00e4senseurojen yhteinen varainkeruukampanja, jonka urheiluseurat organisoivat paikallisesti. Kunniakierrosperinne on jatkunut jo yli 40 vuotta ja seurat ovat ker\u00e4nneet varoja toimintaansa reilut 33 miljoonaa euroa! Kampanjan tuotto k\u00e4ytet\u00e4\u00e4n yleisurheiluty\u00f6h\u00f6n seuroissa ja SUL:ssa. Kunniakierroksen ideana on haastaa seurav\u00e4ki ker\u00e4\u00e4m\u00e4\u00e4n tukijoita yrityksilt\u00e4 tai yksityishenkil\u00f6ilt\u00e4. Ker\u00e4ys huipentuu seuran yhteiseen kunniakierrostapahtumaan loppukev\u00e4\u00e4n ja alkukes\u00e4n &hellip; <\/p>\n<p class=\"link-more\"><a href=\"https:\/\/www.alajarvenankkurit.fi\/yleisurheilu\/kunniakierros\/\" class=\"more-link\">Jatka lukemista<span class=\"screen-reader-text\"> &#8221;Kunniakierros&#8221;<\/span><\/a><\/p>\n","protected":false},"author":1,"featured_media":0,"parent":0,"menu_order":0,"comment_status":"closed","ping_status":"closed","template":"","meta":{"footnotes":""},"class_list":["post-478","page","type-page","status-publish","hentry"],"_links":{"self":[{"href":"https:\/\/www.alajarvenankkurit.fi\/yleisurheilu\/wp-json\/wp\/v2\/pages\/478","targetHints":{"allow":["GET"]}}],"collection":[{"href":"https:\/\/www.alajarvenankkurit.fi\/yleisurheilu\/wp-json\/wp\/v2\/pages"}],"about":[{"href":"https:\/\/www.alajarvenankkurit.fi\/yleisurheilu\/wp-json\/wp\/v2\/types\/page"}],"author":[{"embeddable":true,"href":"https:\/\/www.alajarvenankkurit.fi\/yleisurheilu\/wp-json\/wp\/v2\/users\/1"}],"replies":[{"embeddable":true,"href":"https:\/\/www.alajarvenankkurit.fi\/yleisurheilu\/wp-json\/wp\/v2\/comments?post=478"}],"version-history":[{"count":9,"href":"https:\/\/www.alajarvenankkurit.fi\/yleisurheilu\/wp-json\/wp\/v2\/pages\/478\/revisions"}],"predecessor-version":[{"id":7478,"href":"https:\/\/www.alajarvenankkurit.fi\/yleisurheilu\/wp-json\/wp\/v2\/pages\/478\/revisions\/7478"}],"wp:attachment":[{"href":"https:\/\/www.alajarvenankkurit.fi\/yleisurheilu\/wp-json\/wp\/v2\/media?parent=478"}],"curies":[{"name":"wp","href":"https:\/\/api.w.org\/{rel}","templated":true}]}}