{"id":472,"date":"2021-12-11T20:31:00","date_gmt":"2021-12-11T18:31:00","guid":{"rendered":"http:\/\/212.66.193.72\/~cp4520516\/yleisurheilu\/?page_id=472"},"modified":"2025-12-25T16:15:43","modified_gmt":"2025-12-25T14:15:43","slug":"toimintasuunnitelma","status":"publish","type":"page","link":"https:\/\/www.alajarvenankkurit.fi\/yleisurheilu\/toimintasuunnitelma\/","title":{"rendered":"Toimintasuunnitelma 2026"},"content":{"rendered":"\n<p><strong>YLEISURHEILUJAOSTON J\u00c4SENET<\/strong> (Yhteystiedot&nbsp;<a rel=\"noreferrer noopener\" href=\"http:\/\/www.alajarvenankkurit.fi\/yleisurheilu\/yhteystiedot\/\" target=\"_blank\">t\u00e4\u00e4ll\u00e4<\/a>)<\/p>\n\n\n\n<p>Leena Kivikangas, Tapio Rajala,\u00a0Sari Yli-Mannila, Harri Lepp\u00e4aho, Janne J\u00e4rvinen, Ulla Takala, Heli Siiril\u00e4, Niko Keltikangas, Arto Kivikangas ja Saila Piispanen<\/p>\n\n\n\n<h4 class=\"wp-block-heading\"><strong>1. Teht\u00e4vien jako \/ vastuut<\/strong><\/h4>\n\n\n\n<p><strong>puheenjohtaja Leena Kivikangas<\/strong><\/p>\n\n\n\n<ul class=\"wp-block-list\">\n<li>jaoston toiminnan johtaminen<\/li>\n<\/ul>\n\n\n\n<p><strong>varapuheenjohtaja Tapio Rajala<\/strong><\/p>\n\n\n\n<ul class=\"wp-block-list\">\n<li>puheenjohtajan varahenkil\u00f6<\/li>\n\n\n\n<li>toimintasuunnitelman ja -kertomuksen valmistelu<\/li>\n\n\n\n<li>yhteydenpito: Alaj\u00e4rven kaupunki ja SUL<\/li>\n\n\n\n<li>urheilijasopimukset<\/li>\n<\/ul>\n\n\n\n<p><strong>sihteeri Sari Yli-Mannila<\/strong><\/p>\n\n\n\n<ul class=\"wp-block-list\">\n<li> p\u00f6yt\u00e4kirjat kokouksista<\/li>\n\n\n\n<li>rahastonhoitaja: talouden seuranta, laskutus ja laskujen hyv\u00e4ksyminen<\/li>\n\n\n\n<li>yhteydenpito: EPU<\/li>\n\n\n\n<li>MyClub ja Suomisport<\/li>\n<\/ul>\n\n\n\n<p><strong>kilpailuryhm\u00e4: <\/strong> <strong>Tapio Rajala, Jani Vuorela, Sari Yli-Mannila ja Arto Kivikangas<\/strong><\/p>\n\n\n\n<ul class=\"wp-block-list\">\n<li>kilpailujen j\u00e4rjest\u00e4minen <\/li>\n\n\n\n<li>toimitsijoiden rekrytointi ja koulutus<\/li>\n<\/ul>\n\n\n\n<p><strong>ravintolavastaava <\/strong>(Ankkurikentt\u00e4): Leena Kivikangas<\/p>\n\n\n\n<p><strong>kunniakierrosvastaava Tapio Rajala<\/strong><\/p>\n\n\n\n<p><strong>kotisivuvastaava Sari Yli-Mannila<\/strong>: kotisivujen p\u00e4ivitys<\/p>\n\n\n\n<p><strong>viikkokisavastaava Niko Keltikangas<\/strong>: viikkokisojen organisointi yhdess\u00e4 jaoston j\u00e4senten ja lasten vanhempien kanssa<\/p>\n\n\n\n<p>&nbsp;<strong>valmennusvastaavat Tapio Rajala<\/strong> <strong>ja Harri Lepp\u00e4aho<\/strong><\/p>\n\n\n\n<ul class=\"wp-block-list\">\n<li>harjoitusten suunnittelu<\/li>\n\n\n\n<li>vuorojen hakeminen (Ankkurikentt\u00e4 ja Monitoimihalli)<\/li>\n<\/ul>\n\n\n\n<h4 class=\"wp-block-heading\">2. Toimintasuunnitelma<\/h4>\n\n\n\n<p><strong>Y<\/strong><strong>leisurheilujaoston arvot<\/strong><\/p>\n\n\n\n<p><strong>Rehellisyys<\/strong>: Sek\u00e4 kilpailujen j\u00e4rjest\u00e4misess\u00e4 ett\u00e4 tulosten saavuttamisessa on k\u00e4yt\u00f6ss\u00e4 vain rehelliset, reilut ja sallitut keinot.<\/p>\n\n\n\n<p><strong>Tasapuolisuus<\/strong>: Seuran yleisurheilijoille pyrit\u00e4\u00e4n takaamaan yht\u00e4l\u00e4iset mahdollisuudet harrastaa ja kilpailla omassa ik\u00e4ryhm\u00e4ss\u00e4\u00e4n.<\/p>\n\n\n\n<p><strong>Avoimuus:<\/strong>&nbsp;Toiminta on avointa kaikille yleisurheilusta kiinnostuneille.<\/p>\n\n\n\n<p><strong>Kasvatuksellisuus<\/strong>: Seuran toiminnassa on tavoitteena nuorten urheilijoiden tasapainoinen kasvu ja kehitys. Toiminta on&nbsp;<strong>ik\u00e4kausittain etenev\u00e4\u00e4 ja nousujohteista<\/strong>. Toiminnassa tuetaan my\u00f6nteisen ja realistisen min\u00e4kuvan muodostumista yleisurheilun harrastajalle.<\/p>\n\n\n\n<p><strong>Miksi olemme olemassa<\/strong><\/p>\n\n\n\n<p>Yleisurheilujaoston&nbsp;<strong>toiminnan tarkoituksena<\/strong>&nbsp;on tarjota lapsille, nuorille ja aikuisille mahdollisuus harrastaa ja harjoitella yleisurheilua, kilpailla ja toimia yleisurheilussa.<\/p>\n\n\n\n<p><strong>Tavoitteet 2026<\/strong><\/p>\n\n\n\n<p>Tavoitteena on s\u00e4ily\u00e4 SUL:n seuraliigassa ykk\u00f6sdivisioonan seurana eli olla Suomessa 60 parhaan yleisurheiluseuran joukossa (v. 2025 seuraluokittelu 59. ja Kalevan malja 83.). T\u00e4m\u00e4 toteutuu, jos\u00a0seuran urheilijat tuovat v\u00e4hint\u00e4\u00e4n 30 SM pistett\u00e4; jokaisen urheilijan valmennus ja harjoitusolosuhteet ovat kunnossa. \u00a0<\/p>\n\n\n\n<p>Kehitet\u00e4\u00e4n lasten ja nuorten ohjaus- ja valmennustoimintaa niin talvella kuin kes\u00e4ll\u00e4kin.  <strong>Osallistutaan aktiivisesti piirihuipentumiin ja Seuracupiin (tavoite finaali). Kannustetaan alle 13v. osallistumaan kilpailuihin.<\/strong> Palkataan kes\u00e4ty\u00f6ntekij\u00e4, jos siihen saadaan kohdeavustusta.<\/p>\n\n\n\n<p><strong>Tavoitteet pistein\u00e4 2026<\/strong><\/p>\n\n\n\n<ul class=\"wp-block-list\">\n<li>SM pisteit\u00e4 30 (14v. \u2013 MN)<\/li>\n\n\n\n<li>Sisupisteit\u00e4 200 (TP9-15v. piirin huipentumat)<\/li>\n<\/ul>\n\n\n\n<figure class=\"wp-block-table is-style-stripes\"><table><tbody><tr><td>SM-pisteet:<\/td><td>Sisupisteet:<\/td><\/tr><tr><td>2025 23 (83.) laskentatavan muutos<br>2024 20 (57.)<br>2023 34 (37.)<br>2022 37 (34.)<br>2021 38 (34.)<br>2020 41 (31.)<br>2019 48 (25.)<br>2018 18<br>2017 18<br>2016 20<br>2015 31<br>2014 35<br>2013 22<br>2012 43<br>2011 14<br>2010 16<br>2009 13<br>2008 20<br>2007 20<br>2006 16<br>2005 30<\/td><td>2025 181,5 (7.)<br>2024 239 (6.) piirihuipentuma Ankkurikent\u00e4ll\u00e4<br>2023 75 <br>2022 157 (11.)<br>2021 291 (7.)<br>2020 251 (8.)<br>2019 232 (9.)<br>2018 250 (9.)<br>2017 220 (8.)<br>2016 137 (11.)<br>2015 148 (12.)<br>2014 218 (9.)<br>2013 246 (8.)<br>2012 425 (4.)<br>2011 450<br>2010 410<br>2009 351<br>2008 361<br>2007 184<br>2006 152<br>2005 52<\/td><\/tr><\/tbody><\/table><\/figure>\n\n\n\n<p><strong>Toimenpiteet ja niiden tavoitteet 2026 <\/strong><\/p>\n\n\n\n<figure class=\"wp-block-table\"><table><tbody><tr><td>1)\u00a0<span style=\"text-decoration: underline\">Harjoitustoiminta<\/span>: ymp\u00e4rivuotinen harjoitustoiminta 6v. yl\u00f6sp\u00e4in, alle 13v. toiminnan kehitt\u00e4minen ja kannustaminen kilpailuihin<br>Tavoite: ymp\u00e4rivuotisessa harjoitustoiminnassa mukana 40-50 (yli 10v.) lasta ja jokaisella urheilijalla on halutessaan harjoitusohjelma<\/td><\/tr><tr><td>2)\u00a0<span style=\"text-decoration: underline\">Kilpailutoiminta<\/span>: <br>&#8211; uusia toimitsijoita mukaan<br>&#8211; j\u00e4rjestet\u00e4\u00e4n hallikisat Monitoimihallilla<br>&#8211; j\u00e4rjestet\u00e4\u00e4n 4-5 viikkokisaa Ankkurikent\u00e4ll\u00e4<br>&#8211; j\u00e4rjestet\u00e4\u00e4n Suomensel\u00e4n kisat ja Ankkurikisat<br>&#8211; j\u00e4rjestet\u00e4\u00e4n Hippokisat<br>&#8211; haetaan piirin huipentumia<br>&#8211; hallikilpailun ja pm-moniotteluiden j\u00e4rjest\u00e4minen yhdess\u00e4 KaWi:n kanssa\u00a0<br>Tavoite: viikkokisoissa on mukana 60-80 lasta \/ kilpailu<\/td><\/tr><tr><td>3)&nbsp;<span style=\"text-decoration: underline\">Taloustoiminta<\/span>:<br>&#8211; j\u00e4rjestet\u00e4\u00e4n kunniakierros<br>&#8211; yhteisty\u00f6kumppanien hankinta<br>&#8211; j\u00e4rjestet\u00e4\u00e4n kilpailuja<br>&#8211; tarkka talouden seuranta<\/td><\/tr><tr><td>4) <span style=\"text-decoration: underline\">Tiedotustoiminta: <\/span> <br>&#8211; kotisivut <br>&#8211; facebook ja instagram<br>&#8211; J\u00e4rviseutu, Torstai-lehti, Jpnews<br>&#8211; whatsapp-ryhm\u00e4t: urheilijat, vanhemmat, jaosto<br>&#8211; J\u00e4rviradio<\/td><\/tr><tr><td> 5)<span style=\"text-decoration: underline\">&nbsp;Hallinto<\/span>:<br>&#8211; jaostossa teht\u00e4vien jakaminen<br>&#8211; osallistutaan piirin&nbsp;tilaisuuksiin <\/td><\/tr><\/tbody><\/table><\/figure>\n\n\n\n<h4 class=\"wp-block-heading\">3. Harjoitukset \/ Harjoitusvuorot<\/h4>\n\n\n\n<p>Harjoitusvuorot 2025-2026 Monitoimihallissa:<\/p>\n\n\n\n<ul class=\"wp-block-list\">\n<li>tiistai klo 18.00 &#8211; 19.30 (yu-alue)<\/li>\n\n\n\n<li>keskiviikko klo 18.00 &#8211; 19.30 (yu-alue) ja 18.00 &#8211; 19.00 (lohko)<\/li>\n\n\n\n<li>perjantai klo 18.00 &#8211; 19.30 (yu-alue)<\/li>\n\n\n\n<li>lauantai klo 14.00 &#8211; 16.00 (yu-alue)<\/li>\n<\/ul>\n\n\n\n<p>Kuortanehalli on vapaasti k\u00e4yt\u00f6ss\u00e4 niille, joilla on henkil\u00f6kohtainen harjoitusohjelma tai kuuluvat jaoston harjoitusryhm\u00e4\u00e4n ja ovat yli 10v.<\/p>\n\n\n\n<h4 class=\"wp-block-heading\">4.&nbsp;Valmentajat ja&nbsp;ohjaajat<\/h4>\n\n\n\n<p><span style=\"text-decoration: underline\">Valmentajat<\/span>: Tapio Rajala, Harri Lepp\u00e4aho, Sami Peltom\u00e4ki, Juha Lahti, Jani Vuorela, Jussi Takala, Juhana Karjanlahti, Karri Rantalahti, Sara Vuorela ja Mikko Kuivinen.<\/p>\n\n\n\n<p>Jaosto maksaa ohjaaja- ja valmentajakoulutuksen, mutta edellytt\u00e4\u00e4 vastavuoroisesti sitoutumista ohjaus- ja valmennustoimintaan. <\/p>\n\n\n\n<h4 class=\"wp-block-heading\">5. Kilpailuihin ilmoittautumiset<\/h4>\n\n\n\n<p>Jokainen ilmoittautuu itse pm-kilpailuihin (my\u00f6s halli), sisuhuipentumiin ja SM-kilpailuihin sek\u00e4 kansallisiin\u00a0kilpailuihin. Jaosto maksaa (tai korvaa kululaskulla) SM-\u00a0ja pm-kilpailujen\/sisuhuipentumien ilmoittautumismaksut, SM-kilpailuihin my\u00f6s\u00a0matkat ja majoitukset toimintak\u00e4sikirjan mukaisesti. Jokainen maksaa itse aluekilpailujen ilmoittautumismaksun ja matkat. Suomensel\u00e4n kisoihin ei ole ilmoittautumismaksua.<\/p>\n\n\n\n<h4 class=\"wp-block-heading\">6. Leiritys<\/h4>\n\n\n\n<ul class=\"wp-block-list\">\n<li>Team Finland -juniorit: Hanna Siiril\u00e4<\/li>\n\n\n\n<li>Piirileiritys: Katariina Lepp\u00e4aho<\/li>\n<\/ul>\n\n\n\n<p><\/p>\n","protected":false},"excerpt":{"rendered":"<p>YLEISURHEILUJAOSTON J\u00c4SENET (Yhteystiedot&nbsp;t\u00e4\u00e4ll\u00e4) Leena Kivikangas, Tapio Rajala,\u00a0Sari Yli-Mannila, Harri Lepp\u00e4aho, Janne J\u00e4rvinen, Ulla Takala, Heli Siiril\u00e4, Niko Keltikangas, Arto Kivikangas ja Saila Piispanen 1. Teht\u00e4vien jako \/ vastuut puheenjohtaja Leena Kivikangas varapuheenjohtaja Tapio Rajala sihteeri Sari Yli-Mannila kilpailuryhm\u00e4: Tapio Rajala, Jani Vuorela, Sari Yli-Mannila ja Arto Kivikangas ravintolavastaava (Ankkurikentt\u00e4): Leena Kivikangas kunniakierrosvastaava Tapio Rajala kotisivuvastaava &hellip; <\/p>\n<p class=\"link-more\"><a href=\"https:\/\/www.alajarvenankkurit.fi\/yleisurheilu\/toimintasuunnitelma\/\" class=\"more-link\">Jatka lukemista<span class=\"screen-reader-text\"> &#8221;Toimintasuunnitelma 2026&#8221;<\/span><\/a><\/p>\n","protected":false},"author":5,"featured_media":0,"parent":0,"menu_order":0,"comment_status":"closed","ping_status":"closed","template":"","meta":{"footnotes":""},"class_list":["post-472","page","type-page","status-publish","hentry"],"_links":{"self":[{"href":"https:\/\/www.alajarvenankkurit.fi\/yleisurheilu\/wp-json\/wp\/v2\/pages\/472","targetHints":{"allow":["GET"]}}],"collection":[{"href":"https:\/\/www.alajarvenankkurit.fi\/yleisurheilu\/wp-json\/wp\/v2\/pages"}],"about":[{"href":"https:\/\/www.alajarvenankkurit.fi\/yleisurheilu\/wp-json\/wp\/v2\/types\/page"}],"author":[{"embeddable":true,"href":"https:\/\/www.alajarvenankkurit.fi\/yleisurheilu\/wp-json\/wp\/v2\/users\/5"}],"replies":[{"embeddable":true,"href":"https:\/\/www.alajarvenankkurit.fi\/yleisurheilu\/wp-json\/wp\/v2\/comments?post=472"}],"version-history":[{"count":26,"href":"https:\/\/www.alajarvenankkurit.fi\/yleisurheilu\/wp-json\/wp\/v2\/pages\/472\/revisions"}],"predecessor-version":[{"id":8092,"href":"https:\/\/www.alajarvenankkurit.fi\/yleisurheilu\/wp-json\/wp\/v2\/pages\/472\/revisions\/8092"}],"wp:attachment":[{"href":"https:\/\/www.alajarvenankkurit.fi\/yleisurheilu\/wp-json\/wp\/v2\/media?parent=472"}],"curies":[{"name":"wp","href":"https:\/\/api.w.org\/{rel}","templated":true}]}}