{"id":4541,"date":"2023-01-15T16:32:39","date_gmt":"2023-01-15T14:32:39","guid":{"rendered":"https:\/\/www.alajarvenankkurit.fi\/yleisurheilu\/?page_id=4541"},"modified":"2026-03-14T23:06:44","modified_gmt":"2026-03-14T21:06:44","slug":"hallikisat","status":"publish","type":"page","link":"https:\/\/www.alajarvenankkurit.fi\/yleisurheilu\/kilpailutoiminta\/hallikisat\/","title":{"rendered":"Hallikisat"},"content":{"rendered":"\n<h2 class=\"wp-block-heading\">Monnarikisat seuraavan kerran talvikaudella 2027<\/h2>\n\n\n\n<p>Talven 2026 monnarikisat pidettiin la 14.3. ja tulokset l\u00f6ytyv\u00e4t t\u00e4\u00e4lt\u00e4: <a href=\"https:\/\/www.alajarvenankkurit.fi\/yleisurheilu\/category\/tuloksia\/2026\/hallikausi-2026\/\" id=\"https:\/\/www.alajarvenankkurit.fi\/yleisurheilu\/category\/tuloksia\/2026\/hallikausi-2026\/\">alajarvenankkurit.fi\/yleisurheilu\/category\/tuloksia\/2026\/hallikausi-2026\/<\/a><\/p>\n\n\n\n<p><\/p>\n\n\n\n<p>Lauantaina 14.3. j\u00e4rjestet\u00e4\u00e4n Alaj\u00e4rven monitoimihallissa hallikisat: lajeina 50 m juoksu, pituus ja kuula (ik\u00e4sarjat 9v, 11v ja 13v) sek\u00e4 7-vuotiaille 50m juoksu. Kisoissa harjoitellaan matalalla kynnyksell\u00e4 kilpailemista ja mukaan voi tulla ilman lisenssi\u00e4 tai edes lajiosaamista, toimitsijat kyll\u00e4 neuvovat tarvittaessa! Kannustamme osallistumaan kaikkiin lajeihin, mutta mukaan p\u00e4\u00e4see my\u00f6s yhdell\u00e4 lajilla. Kaikki palkitaan! Tulokset tulevat <strong><a href=\"https:\/\/www.alajarvenankkurit.fi\/yleisurheilu\/category\/tuloksia\/2026\/hallikausi-2026\/\">n\u00e4ille nettisivuille<\/a><\/strong> mahdollisimman pian kisan j\u00e4lkeen.<\/p>\n\n\n\n<p>Kisat alkavat lauantaina klo 14 tai heti kun kilpailijat ovat valmiina alla olevan lajiohjelman ja ohjeellisen aikataulun mukaan. <strong>Ilmoittaudu etuk\u00e4teen<\/strong> ilmoittamalla <strong>nimi, syntym\u00e4vuosi ja laji\/lajit<\/strong> s\u00e4hk\u00f6postilla: yleisurheilu@alajarvenankkurit.fi tai whatsapp- tai tekstiviestill\u00e4: (+358 40 732 5564, Sari Yli-Mannila). Voit ilmoittautua <strong>my\u00f6s paikan p\u00e4\u00e4ll\u00e4 <\/strong>(monitoimihallin aulassa) klo 13.50 menness\u00e4.<\/p>\n\n\n\n<p><strong>Sarjat:<\/strong><\/p>\n\n\n\n<ul class=\"wp-block-list\">\n<li>TP7: v. 2019 tai my\u00f6hemmin syntyneet<\/li>\n\n\n\n<li>TP9: v. 2017 ja 2018 syntyneet<\/li>\n\n\n\n<li>TP11: v. 2015 ja 2016 syntyneet<\/li>\n\n\n\n<li>TP13: v. 2013 ja 2014 syntyneet<\/li>\n<\/ul>\n\n\n\n<pre class=\"wp-block-verse\"><strong>La 14.3.2026 Lajit ja aikataulu<\/strong> (noin):<br>PT7: 50m (klo 14.10), pituus (klo 14.30)<br>PT9: 50m (klo 14.15), kuula 2kg (klo 14.45), pituus (klo 14.30)<br>PT11: 50m (klo 14.20), pituus (klo 14.45), kuula 2\/2,5kg (klo 14.30)<br>PT13: 50m (klo 14.25), pituus (klo 14.45), kuula 2,5\/3kg (klo 14.30)<\/pre>\n\n\n\n<figure class=\"wp-block-image size-full\"><img loading=\"lazy\" decoding=\"async\" width=\"502\" height=\"695\" src=\"https:\/\/www.alajarvenankkurit.fi\/yleisurheilu\/wp-content\/uploads\/sites\/2\/2025\/02\/1707585740213.jpg\" alt=\"\" class=\"wp-image-7209\" srcset=\"https:\/\/www.alajarvenankkurit.fi\/yleisurheilu\/wp-content\/uploads\/sites\/2\/2025\/02\/1707585740213.jpg 502w, https:\/\/www.alajarvenankkurit.fi\/yleisurheilu\/wp-content\/uploads\/sites\/2\/2025\/02\/1707585740213-217x300.jpg 217w\" sizes=\"auto, (max-width: 502px) 100vw, 502px\" \/><\/figure>\n\n\n\n<figure class=\"wp-block-gallery has-nested-images columns-default is-cropped wp-block-gallery-1 is-layout-flex wp-block-gallery-is-layout-flex\">\n<figure class=\"wp-block-image size-large\"><img loading=\"lazy\" decoding=\"async\" width=\"1536\" height=\"2048\" data-id=\"7210\" src=\"https:\/\/www.alajarvenankkurit.fi\/yleisurheilu\/wp-content\/uploads\/sites\/2\/2025\/02\/1707582650952-1536x2048.jpg\" alt=\"\" class=\"wp-image-7210\" srcset=\"https:\/\/www.alajarvenankkurit.fi\/yleisurheilu\/wp-content\/uploads\/sites\/2\/2025\/02\/1707582650952-1536x2048.jpg 1536w, https:\/\/www.alajarvenankkurit.fi\/yleisurheilu\/wp-content\/uploads\/sites\/2\/2025\/02\/1707582650952-225x300.jpg 225w, https:\/\/www.alajarvenankkurit.fi\/yleisurheilu\/wp-content\/uploads\/sites\/2\/2025\/02\/1707582650952-768x1024.jpg 768w, https:\/\/www.alajarvenankkurit.fi\/yleisurheilu\/wp-content\/uploads\/sites\/2\/2025\/02\/1707582650952-1152x1536.jpg 1152w, https:\/\/www.alajarvenankkurit.fi\/yleisurheilu\/wp-content\/uploads\/sites\/2\/2025\/02\/1707582650952-scaled.jpg 1920w\" sizes=\"auto, (max-width: 767px) 89vw, (max-width: 1000px) 54vw, (max-width: 1071px) 543px, 580px\" \/><\/figure>\n\n\n\n<figure class=\"wp-block-image size-full\"><img loading=\"lazy\" decoding=\"async\" width=\"2016\" height=\"1134\" data-id=\"4569\" src=\"https:\/\/www.alajarvenankkurit.fi\/yleisurheilu\/wp-content\/uploads\/sites\/2\/2023\/01\/WhatsApp-Image-2023-01-28-at-15.01.49-1.jpeg\" alt=\"\" class=\"wp-image-4569\" srcset=\"https:\/\/www.alajarvenankkurit.fi\/yleisurheilu\/wp-content\/uploads\/sites\/2\/2023\/01\/WhatsApp-Image-2023-01-28-at-15.01.49-1.jpeg 2016w, https:\/\/www.alajarvenankkurit.fi\/yleisurheilu\/wp-content\/uploads\/sites\/2\/2023\/01\/WhatsApp-Image-2023-01-28-at-15.01.49-1-300x169.jpeg 300w, https:\/\/www.alajarvenankkurit.fi\/yleisurheilu\/wp-content\/uploads\/sites\/2\/2023\/01\/WhatsApp-Image-2023-01-28-at-15.01.49-1-768x432.jpeg 768w, https:\/\/www.alajarvenankkurit.fi\/yleisurheilu\/wp-content\/uploads\/sites\/2\/2023\/01\/WhatsApp-Image-2023-01-28-at-15.01.49-1-1536x864.jpeg 1536w\" sizes=\"auto, (max-width: 767px) 89vw, (max-width: 1000px) 54vw, (max-width: 1071px) 543px, 580px\" \/><\/figure>\n<\/figure>\n","protected":false},"excerpt":{"rendered":"<p>Monnarikisat seuraavan kerran talvikaudella 2027 Talven 2026 monnarikisat pidettiin la 14.3. ja tulokset l\u00f6ytyv\u00e4t t\u00e4\u00e4lt\u00e4: alajarvenankkurit.fi\/yleisurheilu\/category\/tuloksia\/2026\/hallikausi-2026\/ Lauantaina 14.3. j\u00e4rjestet\u00e4\u00e4n Alaj\u00e4rven monitoimihallissa hallikisat: lajeina 50 m juoksu, pituus ja kuula (ik\u00e4sarjat 9v, 11v ja 13v) sek\u00e4 7-vuotiaille 50m juoksu. Kisoissa harjoitellaan matalalla kynnyksell\u00e4 kilpailemista ja mukaan voi tulla ilman lisenssi\u00e4 tai edes lajiosaamista, toimitsijat kyll\u00e4 neuvovat &hellip; <\/p>\n<p class=\"link-more\"><a href=\"https:\/\/www.alajarvenankkurit.fi\/yleisurheilu\/kilpailutoiminta\/hallikisat\/\" class=\"more-link\">Jatka lukemista<span class=\"screen-reader-text\"> &#8221;Hallikisat&#8221;<\/span><\/a><\/p>\n","protected":false},"author":5,"featured_media":0,"parent":495,"menu_order":0,"comment_status":"closed","ping_status":"closed","template":"","meta":{"footnotes":""},"class_list":["post-4541","page","type-page","status-publish","hentry"],"_links":{"self":[{"href":"https:\/\/www.alajarvenankkurit.fi\/yleisurheilu\/wp-json\/wp\/v2\/pages\/4541","targetHints":{"allow":["GET"]}}],"collection":[{"href":"https:\/\/www.alajarvenankkurit.fi\/yleisurheilu\/wp-json\/wp\/v2\/pages"}],"about":[{"href":"https:\/\/www.alajarvenankkurit.fi\/yleisurheilu\/wp-json\/wp\/v2\/types\/page"}],"author":[{"embeddable":true,"href":"https:\/\/www.alajarvenankkurit.fi\/yleisurheilu\/wp-json\/wp\/v2\/users\/5"}],"replies":[{"embeddable":true,"href":"https:\/\/www.alajarvenankkurit.fi\/yleisurheilu\/wp-json\/wp\/v2\/comments?post=4541"}],"version-history":[{"count":25,"href":"https:\/\/www.alajarvenankkurit.fi\/yleisurheilu\/wp-json\/wp\/v2\/pages\/4541\/revisions"}],"predecessor-version":[{"id":8212,"href":"https:\/\/www.alajarvenankkurit.fi\/yleisurheilu\/wp-json\/wp\/v2\/pages\/4541\/revisions\/8212"}],"up":[{"embeddable":true,"href":"https:\/\/www.alajarvenankkurit.fi\/yleisurheilu\/wp-json\/wp\/v2\/pages\/495"}],"wp:attachment":[{"href":"https:\/\/www.alajarvenankkurit.fi\/yleisurheilu\/wp-json\/wp\/v2\/media?parent=4541"}],"curies":[{"name":"wp","href":"https:\/\/api.w.org\/{rel}","templated":true}]}}