{"id":3748,"date":"2022-06-13T19:50:00","date_gmt":"2022-06-13T16:50:00","guid":{"rendered":"https:\/\/www.alajarvenankkurit.fi\/yleisurheilu\/?page_id=3748"},"modified":"2022-12-11T12:10:35","modified_gmt":"2022-12-11T10:10:35","slug":"seuracup-2022","status":"publish","type":"page","link":"https:\/\/www.alajarvenankkurit.fi\/yleisurheilu\/kilpailutoiminta\/seuracup\/seuracup-2022\/","title":{"rendered":"Seuracup 2022"},"content":{"rendered":"\n<p>Alaj\u00e4rven Ankkurit osallistui j\u00e4lleen valtakunnalliseen Pohjola Seuracupiin, jossa yleisurheiluseurat kilpailevat kesken\u00e4\u00e4n joukkueina. Finaaliin (la 3.9.2022 Kirkkonummi) p\u00e4\u00e4st\u00e4kseen Ankkureiden oli ker\u00e4tt\u00e4v\u00e4 riitt\u00e4v\u00e4sti pisteit\u00e4 kahdessa piirikilpailussa (jokaisen lajin tulos antaa pisteit\u00e4) ja oltava kokoluokassaan 15 parhaan seuran joukossa. Finaalissa joukkueen lopullisen sijoituksen ratkaisee jokaisen lajin sijoitus. Vuonna 2022 Finaalijoukkueet p\u00e4\u00e4siv\u00e4t kilpailup\u00e4iv\u00e4n iltana Olympiastadionille seuraamaan Ruotsi-ottelua! Seuracupin lopullinen pistetilanne t\u00e4\u00e4ll\u00e4: <a href=\"http:\/\/seuracup.tuloslista.com\/list\/A\/\">Seuracup pisteet (tuloslista.com)<\/a><\/p>\n\n\n\n<p><strong>Ensimm\u00e4inen piirikisa <\/strong>j\u00e4rjestettiin ti 21.6.2022 Alavudella ja Ankkurit saalisti 18 urheilijan voimin yhteens\u00e4 6409 pistett\u00e4, joka on hieman enemm\u00e4n kuin viime vuonna ensimm\u00e4isen piirikisan j\u00e4lkeen. Uutinen kisasta l\u00f6ytyy: <a href=\"https:\/\/www.alajarvenankkurit.fi\/yleisurheilu\/category\/tuloksia\/2022\/\">2022 arkistot &#8211; Alaj\u00e4rven Ankkurit \/ Yleisurheilu (alajarvenankkurit.fi)<\/a> sek\u00e4 tulokset ja pistem\u00e4\u00e4r\u00e4t: <a href=\"http:\/\/seuracup.tuloslista.com\/team\/1\/2022\/\" target=\"_blank\" rel=\"noreferrer noopener\">http:\/\/seuracup.tuloslista.com\/team\/1\/2022\/<\/a>.  <\/p>\n\n\n\n<p><strong>Toinen piirikisa<\/strong> kilpailtiin ti 9.8.2022 Ilmajoella ja joukkueeseen oli muutaman poisj\u00e4\u00e4nnin j\u00e4lkeen saatu 18 kilpailijaa. Yhteens\u00e4 he toivat 6026 pistett\u00e4. Pistetilanne, tulokset ja pisteet lajeittain l\u00f6ytyv\u00e4t t\u00e4\u00e4lt\u00e4: <a href=\"http:\/\/seuracup.tuloslista.com\/list\/A\" target=\"_blank\" rel=\"noreferrer noopener\">http:\/\/seuracup.tuloslista.com\/list\/A<\/a>\/.  Alaj\u00e4rven Ankkurit saavutti sijan 14, mik\u00e4 tarkoitti finaalipaikkaa!<\/p>\n\n\n\n<p>Valitettavasti finaalireissu j\u00e4i kuitenkin toteutumatta. Reilun 20 tunnin kilpailureissu olisi tullut liian kalliiksi eik\u00e4 joukkuetta saatu riitt\u00e4v\u00e4n suureksi. Toivottavasti ensi vuonna saamme enemm\u00e4n erityisesti poikia mukaan joukkueeseen&#8230;<\/p>\n\n\n\n<p>Erityisesti piirikisaan rohkaisemme my\u00f6s ensikertalaisia!  Jokaisessa lajissa ja sarjassa vain parhaan tuloksen tehnyt tuo seuralle pisteit\u00e4, joten t\u00e4rke\u00e4\u00e4 olisi saada joka lajiin ja sarjaan v\u00e4hint\u00e4\u00e4n yksi urheilija. Piirikilpailussa vain tulos tuo pisteit\u00e4, sijoituksella ei ole merkityst\u00e4! Ainoa vaatimus osallistumiselle on voimassa oleva&nbsp;<a href=\"http:\/\/www.yleisurheilu.fi\/seurat\/yleisurheilulisenssit\" target=\"_blank\" rel=\"noreferrer noopener\">yleisurheilulisenssi<\/a>.&nbsp; Ankkureiden harjoitustoiminnassa ja yleisurheilukoulussa mukana olleilla yleisurheilulisenssi kaudelle 2022 onkin jo olemassa. Lisenssin voi my\u00f6s hankkia omatoimisesti. Ohjeet hankintaan l\u00f6ytyv\u00e4t&nbsp;<a href=\"http:\/\/www.alajarvenankkurit.fi\/yleisurheilu\/kilpailutoiminta\/\" target=\"_blank\" rel=\"noreferrer noopener\">t\u00e4lt\u00e4 sivulta.<\/a><\/p>\n\n\n\n<p>Toisen piirikisan (ti 9.8. Ilmajoki) ik\u00e4sarjat ja lajit sek\u00e4 osallistujat alla (vahvistanut <strong>bold<\/strong>). Seura on ilmoittanut joukkueen ma 8.8.<\/p>\n\n\n\n<p><strong>Finaalin<\/strong> (la 3.9.2022 Veikkolan Veikot, Kirkkonummi, <a href=\"https:\/\/www.kilpailukalenteri.fi\/?cs=16&amp;nid=31212\" target=\"_blank\" rel=\"noreferrer noopener\">linkki kilpailukalenteriin<\/a>) luonne on erilainen kuin piirikilpailussa. Nyt vain sijoitus m\u00e4\u00e4r\u00e4\u00e4 pistem\u00e4\u00e4r\u00e4n eik\u00e4 tuloksella ole merkityst\u00e4 (maaottelun tapaan)! Finaalin lajit ja osallistujat (vain yksi urheilija\/laji, vahvistanut <strong>bold<\/strong>, seura ilmoittaa joukkueen). <\/p>\n\n\n\n<figure class=\"wp-block-table\"><table><tbody><tr><td class=\"has-text-align-center\" data-align=\"center\"><\/td><td><strong>Juoksumatkat<\/strong><\/td><td><strong>Aidat\/k\u00e4vely<\/strong><\/td><td><strong>Hypyt<\/strong><\/td><td><strong>Heitot<\/strong><\/td><td><strong>Sukkula-<br>viesti<\/strong><\/td><\/tr><tr><td class=\"has-text-align-center\" data-align=\"center\"><strong>11v<\/strong><\/td><td><span style=\"text-decoration: underline\">1000m<\/span><br>Tytt\u00f6urheilija<br>Poikaurheilija<\/td><td><span style=\"text-decoration: underline\">60maj<\/span><br>Tytt\u00f6urheilija<br>Poikaurheilija<\/td><td><span style=\"text-decoration: underline\">Pituus<\/span><br>Tytt\u00f6urheilija<br>Poikaurheilija<\/td><td><span style=\"text-decoration: underline\">Keih\u00e4s<\/span><br>Tytt\u00f6urheilija<br>Poikaurheilija<\/td><td>2 tytt\u00f6\u00e4<br>2 poikaa<\/td><\/tr><tr><td class=\"has-text-align-center\" data-align=\"center\"><strong>13v<\/strong><\/td><td><span style=\"text-decoration: underline\">1000m<\/span><br>Tytt\u00f6urheilija<br>Poikaurheilija<\/td><td><span style=\"text-decoration: underline\"><span style=\"text-decoration: underline\">60<span style=\"text-decoration: underline\">maj<\/span><\/span> <\/span><br>Tytt\u00f6urheilija<br>Poikaurheilija<\/td><td><span style=\"text-decoration: underline\">Korkeus<\/span><br>Tytt\u00f6urheilija<br>Poikaurheilija<\/td><td><span style=\"text-decoration: underline\">Moukari<\/span><br>Tytt\u00f6urheilija<br>Poikaurheilija<\/td><td>2 tytt\u00f6\u00e4<br>2 poikaa<\/td><\/tr><tr><td class=\"has-text-align-center\" data-align=\"center\"><strong>15v<\/strong><\/td><td><span style=\"text-decoration: underline\">100m<\/span><br>Tytt\u00f6urheilija<br>Poikaurheilija<br><span style=\"text-decoration: underline\">2000m<\/span><br>Tytt\u00f6urheilija<br>Poikaurheilija<\/td><td><span style=\"text-decoration: underline\"><span style=\"text-decoration: underline\">1000<span style=\"text-decoration: underline\">m k\u00e4vely<\/span><\/span> <\/span><br>Tytt\u00f6 tai poika<\/td><td><span style=\"text-decoration: underline\">Seiv\u00e4s<\/span><br>Tytt\u00f6urheilija<br>Poikaurheilija<\/td><td><span style=\"text-decoration: underline\">Kuula<\/span><br>Tytt\u00f6urheilija<br>Poikaurheilija<\/td><td>2 tytt\u00f6\u00e4<br>2 poikaa<\/td><\/tr><tr><td class=\"has-text-align-center\" data-align=\"center\"><strong>17v<\/strong><\/td><td><span style=\"text-decoration: underline\">200m<\/span><br>Tytt\u00f6urheilija<br>Poikaurheilija<\/td><td><\/td><td><span style=\"text-decoration: underline\">Pituus<\/span><br>Tytt\u00f6urheilija<br>Poikaurheilija<\/td><td><span style=\"text-decoration: underline\">Kuula<\/span><br>Tytt\u00f6urheilija<br>Poikaurheilija<\/td><td>2 tytt\u00f6\u00e4<br>2 poikaa<\/td><\/tr><\/tbody><\/table><\/figure>\n","protected":false},"excerpt":{"rendered":"<p>Alaj\u00e4rven Ankkurit osallistui j\u00e4lleen valtakunnalliseen Pohjola Seuracupiin, jossa yleisurheiluseurat kilpailevat kesken\u00e4\u00e4n joukkueina. Finaaliin (la 3.9.2022 Kirkkonummi) p\u00e4\u00e4st\u00e4kseen Ankkureiden oli ker\u00e4tt\u00e4v\u00e4 riitt\u00e4v\u00e4sti pisteit\u00e4 kahdessa piirikilpailussa (jokaisen lajin tulos antaa pisteit\u00e4) ja oltava kokoluokassaan 15 parhaan seuran joukossa. Finaalissa joukkueen lopullisen sijoituksen ratkaisee jokaisen lajin sijoitus. Vuonna 2022 Finaalijoukkueet p\u00e4\u00e4siv\u00e4t kilpailup\u00e4iv\u00e4n iltana Olympiastadionille seuraamaan Ruotsi-ottelua! Seuracupin lopullinen &hellip; <\/p>\n<p class=\"link-more\"><a href=\"https:\/\/www.alajarvenankkurit.fi\/yleisurheilu\/kilpailutoiminta\/seuracup\/seuracup-2022\/\" class=\"more-link\">Jatka lukemista<span class=\"screen-reader-text\"> &#8221;Seuracup 2022&#8221;<\/span><\/a><\/p>\n","protected":false},"author":5,"featured_media":0,"parent":446,"menu_order":0,"comment_status":"closed","ping_status":"closed","template":"","meta":{"footnotes":""},"class_list":["post-3748","page","type-page","status-publish","hentry"],"_links":{"self":[{"href":"https:\/\/www.alajarvenankkurit.fi\/yleisurheilu\/wp-json\/wp\/v2\/pages\/3748","targetHints":{"allow":["GET"]}}],"collection":[{"href":"https:\/\/www.alajarvenankkurit.fi\/yleisurheilu\/wp-json\/wp\/v2\/pages"}],"about":[{"href":"https:\/\/www.alajarvenankkurit.fi\/yleisurheilu\/wp-json\/wp\/v2\/types\/page"}],"author":[{"embeddable":true,"href":"https:\/\/www.alajarvenankkurit.fi\/yleisurheilu\/wp-json\/wp\/v2\/users\/5"}],"replies":[{"embeddable":true,"href":"https:\/\/www.alajarvenankkurit.fi\/yleisurheilu\/wp-json\/wp\/v2\/comments?post=3748"}],"version-history":[{"count":53,"href":"https:\/\/www.alajarvenankkurit.fi\/yleisurheilu\/wp-json\/wp\/v2\/pages\/3748\/revisions"}],"predecessor-version":[{"id":4513,"href":"https:\/\/www.alajarvenankkurit.fi\/yleisurheilu\/wp-json\/wp\/v2\/pages\/3748\/revisions\/4513"}],"up":[{"embeddable":true,"href":"https:\/\/www.alajarvenankkurit.fi\/yleisurheilu\/wp-json\/wp\/v2\/pages\/446"}],"wp:attachment":[{"href":"https:\/\/www.alajarvenankkurit.fi\/yleisurheilu\/wp-json\/wp\/v2\/media?parent=3748"}],"curies":[{"name":"wp","href":"https:\/\/api.w.org\/{rel}","templated":true}]}}