{"id":3601,"date":"2022-05-24T16:24:00","date_gmt":"2022-05-24T13:24:00","guid":{"rendered":"https:\/\/www.alajarvenankkurit.fi\/yleisurheilu\/?page_id=3601"},"modified":"2023-03-25T21:53:40","modified_gmt":"2023-03-25T19:53:40","slug":"2022-2","status":"publish","type":"page","link":"https:\/\/www.alajarvenankkurit.fi\/yleisurheilu\/kunniakierros\/2022-2\/","title":{"rendered":"2022"},"content":{"rendered":"\n<h4 class=\"wp-block-heading\">Kunniakierrostapahtuma Ankkurikent\u00e4ll\u00e4 23.5.2022!<\/h4>\n\n\n\n<p>Ankkurit j\u00e4rjesti j\u00e4lleen perinteikk\u00e4\u00e4n&nbsp;<strong>Kunniakierrostapahtuman<\/strong>, jonka avulla ker\u00e4ttiin varoja yleisurheilutoiminnan py\u00f6ritt\u00e4miseen. Mukaan oli saatu 20 kuntoilijaa, joiden ker\u00e4ystuotoksi kirjattiin noin 4000\u20ac. Suurimmat tukisummat lahjoittivat: Alaj\u00e4rven Osuuspankki, Finnlamelli Oy, Keitele Timber Oy, Oma SP Alaj\u00e4rvi, Alaj\u00e4rven Puhelinosuuskunta, Rakennusliike Pitk\u00e4kangas Oy ja Alaj\u00e4rven S\u00e4hk\u00f6 Oy.<\/p>\n\n\n\n<p>Lenkkis\u00e4\u00e4 oli todella mit\u00e4 mainioin! Kovimman kierrosm\u00e4\u00e4r\u00e4n juoksi kovakuntoinen&nbsp;<strong>Tatu Mariapori<\/strong>, joka ehti tunnin aikana ylitt\u00e4\u00e4 maalilinjan per\u00e4ti 33 kertaa! Kunnon iltalenkin tekiv\u00e4t my\u00f6s&nbsp;<strong>Solomon Mbye<\/strong>&nbsp;ja&nbsp;<strong>Jani Vuorela<\/strong>, kuten my\u00f6s&nbsp;<strong>Seliina Kuoppa-aho<\/strong>,&nbsp;<strong>Sara Vuorela<\/strong>,&nbsp;<strong>Katariina Lepp\u00e4aho<\/strong>&nbsp;ja&nbsp;<strong>Hanna Siiril\u00e4<\/strong>. Kent\u00e4n kierrolla n\u00e4htiin my\u00f6s iloinen Alaj\u00e4rven OP:n henkil\u00f6kunnan porukka sek\u00e4 er\u00e4s herra jalka paketissa!&nbsp;<strong>Suuret kiitokset kaikille mukana olleille ja tukijoille!<\/strong><\/p>\n\n\n\n<p><a href=\"https:\/\/www.alajarvenankkurit.fi\/yleisurheilu\/kunniakierros-2022-keraajat\/\"><strong>Vuoden 2022 ker\u00e4\u00e4j\u00e4t<\/strong><\/a><\/p>\n\n\n\n<figure class=\"wp-block-gallery has-nested-images columns-default is-cropped wp-block-gallery-1 is-layout-flex wp-block-gallery-is-layout-flex\">\n<figure class=\"wp-block-image size-large\"><img loading=\"lazy\" decoding=\"async\" width=\"2000\" height=\"1500\" data-id=\"4252\" src=\"https:\/\/www.alajarvenankkurit.fi\/yleisurheilu\/wp-content\/uploads\/sites\/2\/2022\/09\/Lahto_lahella.jpeg\" alt=\"\" class=\"wp-image-4252\" srcset=\"https:\/\/www.alajarvenankkurit.fi\/yleisurheilu\/wp-content\/uploads\/sites\/2\/2022\/09\/Lahto_lahella.jpeg 2000w, https:\/\/www.alajarvenankkurit.fi\/yleisurheilu\/wp-content\/uploads\/sites\/2\/2022\/09\/Lahto_lahella-300x225.jpeg 300w, https:\/\/www.alajarvenankkurit.fi\/yleisurheilu\/wp-content\/uploads\/sites\/2\/2022\/09\/Lahto_lahella-768x576.jpeg 768w, https:\/\/www.alajarvenankkurit.fi\/yleisurheilu\/wp-content\/uploads\/sites\/2\/2022\/09\/Lahto_lahella-1536x1152.jpeg 1536w\" sizes=\"auto, (max-width: 767px) 89vw, (max-width: 1000px) 54vw, (max-width: 1071px) 543px, 580px\" \/><figcaption class=\"wp-element-caption\">L\u00e4ht\u00f6hetki<\/figcaption><\/figure>\n\n\n\n<figure class=\"wp-block-image size-large\"><img loading=\"lazy\" decoding=\"async\" width=\"2000\" height=\"1500\" data-id=\"4251\" src=\"https:\/\/www.alajarvenankkurit.fi\/yleisurheilu\/wp-content\/uploads\/sites\/2\/2022\/09\/Tatu.jpeg\" alt=\"\" class=\"wp-image-4251\" srcset=\"https:\/\/www.alajarvenankkurit.fi\/yleisurheilu\/wp-content\/uploads\/sites\/2\/2022\/09\/Tatu.jpeg 2000w, https:\/\/www.alajarvenankkurit.fi\/yleisurheilu\/wp-content\/uploads\/sites\/2\/2022\/09\/Tatu-300x225.jpeg 300w, https:\/\/www.alajarvenankkurit.fi\/yleisurheilu\/wp-content\/uploads\/sites\/2\/2022\/09\/Tatu-768x576.jpeg 768w, https:\/\/www.alajarvenankkurit.fi\/yleisurheilu\/wp-content\/uploads\/sites\/2\/2022\/09\/Tatu-1536x1152.jpeg 1536w\" sizes=\"auto, (max-width: 767px) 89vw, (max-width: 1000px) 54vw, (max-width: 1071px) 543px, 580px\" \/><figcaption class=\"wp-element-caption\">Kovakuntoinen Tatu<\/figcaption><\/figure>\n<\/figure>\n\n\n\n<figure class=\"wp-block-image size-large\"><img decoding=\"async\" src=\"https:\/\/www.alajarvenankkurit.fi\/yleisurheilu\/wp-content\/uploads\/sites\/2\/2021\/04\/Kunniakierroslogo_40v.jpg\" alt=\"\" class=\"wp-image-2086\" \/><\/figure>\n","protected":false},"excerpt":{"rendered":"<p>Kunniakierrostapahtuma Ankkurikent\u00e4ll\u00e4 23.5.2022! Ankkurit j\u00e4rjesti j\u00e4lleen perinteikk\u00e4\u00e4n&nbsp;Kunniakierrostapahtuman, jonka avulla ker\u00e4ttiin varoja yleisurheilutoiminnan py\u00f6ritt\u00e4miseen. Mukaan oli saatu 20 kuntoilijaa, joiden ker\u00e4ystuotoksi kirjattiin noin 4000\u20ac. Suurimmat tukisummat lahjoittivat: Alaj\u00e4rven Osuuspankki, Finnlamelli Oy, Keitele Timber Oy, Oma SP Alaj\u00e4rvi, Alaj\u00e4rven Puhelinosuuskunta, Rakennusliike Pitk\u00e4kangas Oy ja Alaj\u00e4rven S\u00e4hk\u00f6 Oy. Lenkkis\u00e4\u00e4 oli todella mit\u00e4 mainioin! Kovimman kierrosm\u00e4\u00e4r\u00e4n juoksi kovakuntoinen&nbsp;Tatu Mariapori, &hellip; <\/p>\n<p class=\"link-more\"><a href=\"https:\/\/www.alajarvenankkurit.fi\/yleisurheilu\/kunniakierros\/2022-2\/\" class=\"more-link\">Jatka lukemista<span class=\"screen-reader-text\"> &#8221;2022&#8221;<\/span><\/a><\/p>\n","protected":false},"author":5,"featured_media":0,"parent":478,"menu_order":-1,"comment_status":"closed","ping_status":"closed","template":"","meta":{"footnotes":""},"class_list":["post-3601","page","type-page","status-publish","hentry"],"_links":{"self":[{"href":"https:\/\/www.alajarvenankkurit.fi\/yleisurheilu\/wp-json\/wp\/v2\/pages\/3601","targetHints":{"allow":["GET"]}}],"collection":[{"href":"https:\/\/www.alajarvenankkurit.fi\/yleisurheilu\/wp-json\/wp\/v2\/pages"}],"about":[{"href":"https:\/\/www.alajarvenankkurit.fi\/yleisurheilu\/wp-json\/wp\/v2\/types\/page"}],"author":[{"embeddable":true,"href":"https:\/\/www.alajarvenankkurit.fi\/yleisurheilu\/wp-json\/wp\/v2\/users\/5"}],"replies":[{"embeddable":true,"href":"https:\/\/www.alajarvenankkurit.fi\/yleisurheilu\/wp-json\/wp\/v2\/comments?post=3601"}],"version-history":[{"count":8,"href":"https:\/\/www.alajarvenankkurit.fi\/yleisurheilu\/wp-json\/wp\/v2\/pages\/3601\/revisions"}],"predecessor-version":[{"id":4704,"href":"https:\/\/www.alajarvenankkurit.fi\/yleisurheilu\/wp-json\/wp\/v2\/pages\/3601\/revisions\/4704"}],"up":[{"embeddable":true,"href":"https:\/\/www.alajarvenankkurit.fi\/yleisurheilu\/wp-json\/wp\/v2\/pages\/478"}],"wp:attachment":[{"href":"https:\/\/www.alajarvenankkurit.fi\/yleisurheilu\/wp-json\/wp\/v2\/media?parent=3601"}],"curies":[{"name":"wp","href":"https:\/\/api.w.org\/{rel}","templated":true}]}}