{"id":3470,"date":"2022-03-26T18:57:21","date_gmt":"2022-03-26T16:57:21","guid":{"rendered":"https:\/\/www.alajarvenankkurit.fi\/yleisurheilu\/?page_id=3470"},"modified":"2026-04-14T22:14:58","modified_gmt":"2026-04-14T19:14:58","slug":"11v-tytot-halli","status":"publish","type":"page","link":"https:\/\/www.alajarvenankkurit.fi\/yleisurheilu\/11v-tytot-halli\/","title":{"rendered":"11v tyt\u00f6t (halli)"},"content":{"rendered":"\n<h2 class=\"wp-block-heading\"><strong>60 m<\/strong><\/h2>\n\n\n\n<figure class=\"wp-block-table\"><table><tbody><tr><td>8,99<\/td><td>Eucabeth Kivikangas -02<\/td><td>2013<\/td><\/tr><tr><td>9,15<\/td><td>Emmi-Lotta Taipale -88<\/td><td>1999<\/td><\/tr><tr><td>9,17<\/td><td>Marju Keltikangas -88<\/td><td>1999<\/td><\/tr><tr><td>9,20<\/td><td>Valma Salom\u00e4ki -99<\/td><td>2010<\/td><\/tr><tr><td>9,23<\/td><td>Hilda Turja -15<\/td><td><strong>2026<\/strong><\/td><\/tr><tr><td>9,35<\/td><td>Vilma H\u00e4nninen -01<\/td><td>2012<\/td><\/tr><tr><td>9,36<\/td><td>Olivia Hietam\u00e4ki -16<br>Milja-Maria Lahti -06<\/td><td><strong>2026<\/strong><br>2017<\/td><\/tr><tr><td>9,36<\/td><td>Noomi Mattila -99<\/td><td>2010<\/td><\/tr><tr><td>9,37<\/td><td>Roosa Latva-Laturi -02<\/td><td>2012<\/td><\/tr><tr><td>9,54<\/td><td>Emilia Santala -11<\/td><td>2022<\/td><\/tr><tr><td>9,57<\/td><td>Ellen Piispanen -15<\/td><td><strong>2026<\/strong><\/td><\/tr><tr><td>9,65<\/td><td>Katariina Koivisto -97<\/td><td>2008<\/td><\/tr><tr><td>9,77<\/td><td>Sara Vuorela -07<\/td><td>2017<\/td><\/tr><tr><td>9,77<\/td><td>Vilma Lehtim\u00e4ki -03<\/td><td>2014<\/td><\/tr><tr><td>9,78<\/td><td>Katariina Lepp\u00e4aho -07<\/td><td>2018<\/td><\/tr><tr><td>9,78<\/td><td>Anniina Viitasaari -07<\/td><td>2018<\/td><\/tr><tr><td>9,82<\/td><td>Emmi Piispanen -07<\/td><td>2017<\/td><\/tr><\/tbody><\/table><\/figure>\n\n\n\n<h2 class=\"wp-block-heading\"><strong>150 m<\/strong><\/h2>\n\n\n\n<figure class=\"wp-block-table\"><table><tbody><tr><td>22,34<\/td><td>Eucabeth Kivikangas -02<\/td><td>2013<\/td><\/tr><tr><td>23,71<\/td><td>Sara Vuorela -07<\/td><td>2018<\/td><\/tr><tr><td>23,86<\/td><td>Katariina Lepp\u00e4aho -07<\/td><td>2018<\/td><\/tr><tr><td>24,20<\/td><td>Valma Salom\u00e4ki -99<\/td><td>2009<\/td><\/tr><\/tbody><\/table><\/figure>\n\n\n\n<h2 class=\"wp-block-heading\"><strong>200 m<\/strong><\/h2>\n\n\n\n<figure class=\"wp-block-table\"><table><tbody><tr><td>28,97 oversized<br>Piirinenn\u00e4tys<\/td><td>Eucabeth Kivikangas -02<\/td><td>2013<\/td><\/tr><tr><td>30,49<\/td><td>Eucabeth Kivikangas -02<\/td><td>2013<\/td><\/tr><tr><td>33,20<\/td><td>Riikka Harvisalo -82<\/td><td>1992<\/td><\/tr><\/tbody><\/table><\/figure>\n\n\n\n<h2 class=\"wp-block-heading\"><strong>800 m<\/strong><\/h2>\n\n\n\n<figure class=\"wp-block-table\"><table><tbody><tr><td>2.57,36<\/td><td>Eucabeth Kivikangas -02<\/td><td>2011<\/td><\/tr><tr><td>3.13,22<\/td><td>Ellen Piispanen -15<\/td><td><strong>2026<\/strong><\/td><\/tr><tr><td>3.16,46<\/td><td>Valma Salom\u00e4ki -99<\/td><td>2007<\/td><\/tr><\/tbody><\/table><\/figure>\n\n\n\n<h2 class=\"wp-block-heading\"><strong>1000 m<\/strong><\/h2>\n\n\n\n<figure class=\"wp-block-table\"><table><tbody><tr><td>3.29,6h<\/td><td>Emmi-Lotta Taipale -88<\/td><td>1999<\/td><\/tr><tr><td>3.31,19<\/td><td>Katariina Lepp\u00e4aho -07<\/td><td>2018<\/td><\/tr><tr><td>3.37,9h<\/td><td>Eucabeth Kivikangas -02<\/td><td>2012<\/td><\/tr><tr><td>3.49,58<\/td><td>Fiia Koskela -00<\/td><td>2011<\/td><\/tr><tr><td>3.43,12<\/td><td>Sofia Kari -05<\/td><td>2016<\/td><\/tr><tr><td>3.46,60<\/td><td>Aada Piispanen -09<\/td><td>2019<\/td><\/tr><tr><td>3.48,99<\/td><td>Lilja Lehtel\u00e4 -04<\/td><td>2015<\/td><\/tr><tr><td>3.52,97<\/td><td>Julia Ukonm\u00e4ki -00<\/td><td>2009<\/td><\/tr><tr><td>3.52,96<\/td><td>Katariina Koivisto -97<\/td><td>2008<\/td><\/tr><tr><td>3.58,4h<\/td><td>Valma Salom\u00e4ki -99<\/td><td>2009<\/td><\/tr><tr><td>3.59,44<\/td><td>Rosaliina Penninkangas -98<\/td><td>2008<\/td><\/tr><tr><td>4.01,37<\/td><td>Veera Lehtim\u00e4ki -03<\/td><td>2013<\/td><\/tr><tr><td>4.03,72<\/td><td>Sandra Korhonen -97<\/td><td>2008<\/td><\/tr><tr><td>4.03,81<\/td><td>Vilma Lehtim\u00e4ki -03<\/td><td>2013<\/td><\/tr><tr><td>4.04,9h<\/td><td>Emilia Santala -11<\/td><td>2022<\/td><\/tr><tr><td>4.05,8h<\/td><td>Eerika Sironen -11<\/td><td>2022<\/td><\/tr><\/tbody><\/table><\/figure>\n\n\n\n<h2 class=\"wp-block-heading\"><strong>60 m aidat<\/strong><\/h2>\n\n\n\n<figure class=\"wp-block-table\"><table><tbody><tr><td>10,29<\/td><td>Valma Salom\u00e4ki -99<\/td><td>2010<\/td><\/tr><tr><td>10,45<\/td><td>Katariina Lepp\u00e4aho -07<\/td><td>2018<\/td><\/tr><tr><td>10,69<\/td><td>Eucabeth Kivikangas -02<\/td><td>2013<\/td><\/tr><tr><td>10,88<\/td><td>Sara Vuorela -07<\/td><td>2018<\/td><\/tr><tr><td>11,07<\/td><td>Selina Salenius -96<\/td><td>2007<\/td><\/tr><tr><td>11,43<\/td><td>Hilda Turja -15<\/td><td><strong>2026<\/strong><\/td><\/tr><tr><td>11,57<\/td><td>Anniina Viitasaari -07<\/td><td>2017<\/td><\/tr><tr><td>11,71<\/td><td>Viola Takala -08<\/td><td>2019<\/td><\/tr><tr><td>11,77<\/td><td>Sofia Honkaniemi -00<\/td><td>2011<\/td><\/tr><tr><td>11,87<\/td><td>Roosa Latva-Laturi -02<\/td><td>2013<\/td><\/tr><tr><td>12,08<\/td><td>Ellen Piispanen -15<\/td><td><strong>2026<\/strong><\/td><\/tr><tr><td>12,24<\/td><td>Amanda Tuomela -05<\/td><td>2016<\/td><\/tr><tr><td>12,32<\/td><td>Katariina Koivisto -97<\/td><td>2008<\/td><\/tr><tr><td>12,52<\/td><td>Emmi Piispanen -07<\/td><td>2017<\/td><\/tr><tr><td>12,94<\/td><td>Noomi Mattila -99<\/td><td>2010<\/td><\/tr><\/tbody><\/table><\/figure>\n\n\n\n<h2 class=\"wp-block-heading\"><strong>Korkeus<\/strong><\/h2>\n\n\n\n<figure class=\"wp-block-table\"><table><tbody><tr><td>144<\/td><td>Eucabeth Kivikangas -02<\/td><td>2013<\/td><\/tr><tr><td>140<\/td><td>Hilda Turja -15<\/td><td><strong>2026<\/strong><\/td><\/tr><tr><td>136<\/td><td>Ellen Piispanen -15<\/td><td><strong>2026<\/strong><\/td><\/tr><tr><td>130<\/td><td>Anniina Viitasaari -07<\/td><td>2018<\/td><\/tr><tr><td>127<\/td><td>Olivia Hietam\u00e4ki -16<\/td><td><strong>2026<\/strong><\/td><\/tr><tr><td>124<\/td><td>Valma Salom\u00e4ki -99<\/td><td>2010<\/td><\/tr><tr><td>121<\/td><td>Emilia Santala -11<\/td><td>2022<\/td><\/tr><tr><td>120<\/td><td>Katariina Lepp\u00e4aho -07<\/td><td>2018<\/td><\/tr><tr><td>120<\/td><td>Iida Koskela -94<\/td><td>2005<\/td><\/tr><\/tbody><\/table><\/figure>\n\n\n\n<h2 class=\"wp-block-heading\"><strong>Pituus<\/strong> (vy\u00f6hyke)<\/h2>\n\n\n\n<figure class=\"wp-block-table\"><table><tbody><tr><td>4,90<br>Piirinenn\u00e4tys<\/td><td>Eucabeth Kivikangas -02<\/td><td>2013<\/td><\/tr><tr><td>4,59<\/td><td>Saara Rintala -95<\/td><td>2006<\/td><\/tr><tr><td>4,22<\/td><td>Katariina Koivisto -97<\/td><td>2008<\/td><\/tr><tr><td>4,18<\/td><td>Milja-Maria Lahti -06<\/td><td>2017<\/td><\/tr><tr><td>4,09<\/td><td>Valma Salom\u00e4ki -99<\/td><td>2010<\/td><\/tr><tr><td>4,08<\/td><td>Roosa Latva-Laturi -02<\/td><td>2002<\/td><\/tr><tr><td>4,05<\/td><td>Iida Koskela -94<\/td><td>2005<\/td><\/tr><tr><td>4,04<\/td><td>Hilda Turja -15<br>Katariina Koivisto -97<\/td><td><strong>2026<\/strong><br>2008<\/td><\/tr><tr><td>4,01<\/td><td>Sara Vuorela -07<\/td><td>2018<\/td><\/tr><tr><td>3,91<\/td><td>Selina Salenius -96<\/td><td>2007<\/td><\/tr><tr><td>3,81<\/td><td>Sofia Koskela -95<\/td><td>2006<\/td><\/tr><tr><td>3,79<\/td><td>Noomi Mattila -99<\/td><td>2009<\/td><\/tr><tr><td>3,78<\/td><td>Katariina Lepp\u00e4aho -07<\/td><td>2018<\/td><\/tr><tr><td>3,75<\/td><td>Julia Ukonm\u00e4ki -00<\/td><td>2010<\/td><\/tr><tr><td>3,74<\/td><td>Vilma H\u00e4nninen -01<\/td><td>2012<\/td><\/tr><tr><td>3,70<\/td><td>Aada Piispanen -09<\/td><td>2019<\/td><\/tr><tr><td>3,67<\/td><td>Sandra Korhonen -97<\/td><td>2008<\/td><\/tr><tr><td>3,58<\/td><td>Heidi Marjom\u00e4ki -00<\/td><td>2011<\/td><\/tr><tr><td>3,58<\/td><td>Fiia Koskela -00<\/td><td>2011<\/td><\/tr><tr><td>3,56<\/td><td>Linnea Piispanen -12<\/td><td>2023<\/td><\/tr><tr><td>3,51<\/td><td>Amanda Tuomela -05<\/td><td>2015<\/td><\/tr><\/tbody><\/table><\/figure>\n\n\n\n<h2 class=\"wp-block-heading\"><strong>Kolmiloikka<\/strong> (vy\u00f6hyke)<\/h2>\n\n\n\n<figure class=\"wp-block-table\"><table><tbody><tr><td>8,42<\/td><td>Valma Salom\u00e4ki -99<\/td><td>2010<\/td><\/tr><tr><td>7,78<\/td><td>Eucabeth Kivikangas -02<\/td><td>2011<\/td><\/tr><tr><td>7,42<\/td><td>Sandra Korhonen -97<\/td><td>2008<\/td><\/tr><tr><td>7,29<\/td><td>Katariina Lepp\u00e4aho -07<\/td><td>2017<\/td><\/tr><\/tbody><\/table><\/figure>\n\n\n\n<h2 class=\"wp-block-heading\"><strong>Kuula 2 kg<\/strong><\/h2>\n\n\n\n<figure class=\"wp-block-table\"><table><tbody><tr><td>11,91<\/td><td>Eucabeth Kivikangas -02<\/td><td>2013<\/td><\/tr><tr><td>9,62<\/td><td>Sara Vuorela -07<\/td><td>2018<\/td><\/tr><tr><td>9,45<\/td><td>Rosaliina Penninkangas -98<\/td><td>2009<\/td><\/tr><tr><td>9,43<\/td><td>Hanna Siiril\u00e4 -09<\/td><td>2020<\/td><\/tr><tr><td>9,22<\/td><td>Vilma H\u00e4nninen -01<\/td><td>2012<\/td><\/tr><tr><td>8,60<\/td><td>Elli Mertaniemi -00<\/td><td>2011<\/td><\/tr><tr><td>8,01<\/td><td>Milja Jokiaho -96<\/td><td>2007<\/td><\/tr><tr><td>7,32<\/td><td>Sofia Kari -05<\/td><td>2016<\/td><\/tr><tr><td>7,06<\/td><td>Elina Sillanp\u00e4\u00e4 -82<\/td><td>1992<\/td><\/tr><tr><td>7,04<\/td><td>Katariina Lepp\u00e4aho -07<\/td><td>2018<\/td><\/tr><tr><td>6,94<\/td><td>Emmi Pitk\u00e4kangas -07<\/td><td>2017<\/td><\/tr><tr><td>6,71<\/td><td>Katariina Koivisto -97<\/td><td>2008<\/td><\/tr><tr><td>6,53<\/td><td>Valma Salom\u00e4ki -99<\/td><td>2010<\/td><\/tr><tr><td>6,28<\/td><td>Olivia Hietam\u00e4ki -16<\/td><td><strong>2026<\/strong><\/td><\/tr><tr><td>6,09<\/td><td>Heidi Marjom\u00e4ki -00<\/td><td>2010<\/td><\/tr><\/tbody><\/table><\/figure>\n\n\n\n<h2 class=\"wp-block-heading\"><strong>Keih\u00e4s 400 g<\/strong><\/h2>\n\n\n\n<figure class=\"wp-block-table\"><table><tbody><tr><td>21,10<\/td><td>Katariina Lepp\u00e4aho -07<\/td><td>2018<\/td><\/tr><tr><td>18,39<\/td><td>Emmi Pitk\u00e4kangas -07<\/td><td>2018<\/td><\/tr><tr><td>15,75<\/td><td>Vilma H\u00e4nninen -01<\/td><td>2011<\/td><\/tr><tr><td>15,53<\/td><td>Nelly Sillanp\u00e4\u00e4 -10<\/td><td>2019<\/td><\/tr><\/tbody><\/table><\/figure>\n\n\n\n<h2 class=\"wp-block-heading\"><strong>3-ottelu<\/strong><\/h2>\n\n\n\n<figure class=\"wp-block-table\"><table><tbody><tr><td>1163<\/td><td>Eucabeth Kivikangas -02<\/td><td>2013<\/td><\/tr><tr><td>924<\/td><td>Marju Keltikangas -88<\/td><td>1999<\/td><\/tr><tr><td>863<\/td><td>Vilma H\u00e4nninen -01<\/td><td>2012<\/td><\/tr><tr><td>854<\/td><td>Katariina Koivisto -97<\/td><td>2008<\/td><\/tr><tr><td>838<\/td><td>Valma Salom\u00e4ki -99<\/td><td>2010<\/td><\/tr><tr><td>821<\/td><td>Iida Koskela -94<\/td><td>2005<\/td><\/tr><tr><td>683<\/td><td>Rosaliina Penninkangas -98<\/td><td>2008<\/td><\/tr><tr><td>674<\/td><td>Noomi Mattila -99<\/td><td>2010<\/td><\/tr><tr><td>634<\/td><td>Katariina Lepp\u00e4aho -07<\/td><td>2017<\/td><\/tr><tr><td>620<\/td><td>Sandra Korhonen -97<\/td><td>2008<\/td><\/tr><tr><td>613<\/td><td>Heidi Marjom\u00e4ki -00<\/td><td>2010<\/td><\/tr><tr><td>452<\/td><td>Fiia Koskela -00<\/td><td>2010<\/td><\/tr><\/tbody><\/table><\/figure>\n","protected":false},"excerpt":{"rendered":"<p>60 m 8,99 Eucabeth Kivikangas -02 2013 9,15 Emmi-Lotta Taipale -88 1999 9,17 Marju Keltikangas -88 1999 9,20 Valma Salom\u00e4ki -99 2010 9,23 Hilda Turja -15 2026 9,35 Vilma H\u00e4nninen -01 2012 9,36 Olivia Hietam\u00e4ki -16Milja-Maria Lahti -06 20262017 9,36 Noomi Mattila -99 2010 9,37 Roosa Latva-Laturi -02 2012 9,54 Emilia Santala -11 2022 9,57 &hellip; <\/p>\n<p class=\"link-more\"><a href=\"https:\/\/www.alajarvenankkurit.fi\/yleisurheilu\/11v-tytot-halli\/\" class=\"more-link\">Jatka lukemista<span class=\"screen-reader-text\"> &#8221;11v tyt\u00f6t (halli)&#8221;<\/span><\/a><\/p>\n","protected":false},"author":5,"featured_media":0,"parent":0,"menu_order":0,"comment_status":"closed","ping_status":"closed","template":"","meta":{"footnotes":""},"class_list":["post-3470","page","type-page","status-publish","hentry"],"_links":{"self":[{"href":"https:\/\/www.alajarvenankkurit.fi\/yleisurheilu\/wp-json\/wp\/v2\/pages\/3470","targetHints":{"allow":["GET"]}}],"collection":[{"href":"https:\/\/www.alajarvenankkurit.fi\/yleisurheilu\/wp-json\/wp\/v2\/pages"}],"about":[{"href":"https:\/\/www.alajarvenankkurit.fi\/yleisurheilu\/wp-json\/wp\/v2\/types\/page"}],"author":[{"embeddable":true,"href":"https:\/\/www.alajarvenankkurit.fi\/yleisurheilu\/wp-json\/wp\/v2\/users\/5"}],"replies":[{"embeddable":true,"href":"https:\/\/www.alajarvenankkurit.fi\/yleisurheilu\/wp-json\/wp\/v2\/comments?post=3470"}],"version-history":[{"count":24,"href":"https:\/\/www.alajarvenankkurit.fi\/yleisurheilu\/wp-json\/wp\/v2\/pages\/3470\/revisions"}],"predecessor-version":[{"id":8361,"href":"https:\/\/www.alajarvenankkurit.fi\/yleisurheilu\/wp-json\/wp\/v2\/pages\/3470\/revisions\/8361"}],"wp:attachment":[{"href":"https:\/\/www.alajarvenankkurit.fi\/yleisurheilu\/wp-json\/wp\/v2\/media?parent=3470"}],"curies":[{"name":"wp","href":"https:\/\/api.w.org\/{rel}","templated":true}]}}