{"id":3412,"date":"2022-04-02T19:44:00","date_gmt":"2022-04-02T16:44:00","guid":{"rendered":"https:\/\/www.alajarvenankkurit.fi\/yleisurheilu\/?page_id=3412"},"modified":"2026-04-12T22:44:36","modified_gmt":"2026-04-12T19:44:36","slug":"15v-tytot-halli","status":"publish","type":"page","link":"https:\/\/www.alajarvenankkurit.fi\/yleisurheilu\/hallitilastot\/15v-tytot-halli\/","title":{"rendered":"15v tyt\u00f6t (halli)"},"content":{"rendered":"\n<h2 class=\"wp-block-heading\"><strong>60 m<\/strong><\/h2>\n\n\n\n<figure class=\"wp-block-table\"><table><tbody><tr><td>8,24<\/td><td>Eucabeth Kivikangas -02<\/td><td>2017<\/td><\/tr><tr><td>8,47<\/td><td>Kati Linnanm\u00e4ki -73<\/td><td>1988<\/td><\/tr><tr><td>8,40<\/td><td>Milja-Maria Lahti -06<\/td><td>2021<\/td><\/tr><tr><td>8,49<\/td><td>Iida Koskela -94<\/td><td>2008<\/td><\/tr><tr><td>8,51<\/td><td>Sara Vuorela -07<\/td><td>2022<\/td><\/tr><tr><td>8,53<\/td><td>Katariina Lepp\u00e4aho -07<\/td><td>2022<\/td><\/tr><tr><td>8,60<\/td><td>Valma Salom\u00e4ki -99<\/td><td>2013<\/td><\/tr><tr><td>8,60<\/td><td>Saara Rintala -95<\/td><td>2009<\/td><\/tr><tr><td>8,67<\/td><td>Siru Viitasaari -97<\/td><td>2011<\/td><\/tr><tr><td>8,82<\/td><td>Noomi Mattila -99<\/td><td>2012<\/td><\/tr><tr><td>8,84<\/td><td>Seliina Kuoppa-aho -06<\/td><td>2020<\/td><\/tr><tr><td>8,87<\/td><td>Nella Yli-Sissala -92<\/td><td>2006<\/td><\/tr><tr><td>8,88<\/td><td>Anniina Viitasaari -07<\/td><td>2022<\/td><\/tr><tr><td>8,90<\/td><td>Emmi Piispanen -07<\/td><td>2022<\/td><\/tr><tr><td>8,95<\/td><td>Aada Piispanen -09<\/td><td>2024<\/td><\/tr><\/tbody><\/table><\/figure>\n\n\n\n<h2 class=\"wp-block-heading\"><strong>200 m<\/strong><\/h2>\n\n\n\n<figure class=\"wp-block-table\"><table><tbody><tr><td>27,04<\/td><td>Eucabeth Kivikangas -02<\/td><td>2017<\/td><\/tr><tr><td>27,45<\/td><td>Kati Linnanm\u00e4ki -73<\/td><td>1988<\/td><\/tr><tr><td>28,55<\/td><td>Katariina Lepp\u00e4aho -07<\/td><td>2022<\/td><\/tr><tr><td>29,30<\/td><td>Anniina Viitasaari -07<\/td><td>2022<\/td><\/tr><tr><td>29,47<\/td><td>Emmi Piispanen -07 <\/td><td>2022<\/td><\/tr><tr><td>29,56<\/td><td>Seliina Kuoppa-aho -06<\/td><td>2020<\/td><\/tr><tr><td>29,57<\/td><td>Emilia Rantalahti -10<\/td><td>2025<\/td><\/tr><tr><td>29,66<\/td><td>Emmi-Lotta Taipale -88<\/td><td>2001<\/td><\/tr><tr><td>29,72<\/td><td>Ilona Takala -06<\/td><td>2020<\/td><\/tr><tr><td>30,31<\/td><td>Aada Piispanen -09<\/td><td>2024<\/td><\/tr><\/tbody><\/table><\/figure>\n\n\n\n<h2 class=\"wp-block-heading\"><strong>300 m<\/strong><\/h2>\n\n\n\n<figure class=\"wp-block-table\"><table><tbody><tr><td>48,05<br>oversized<br>49,72<\/td><td>Emilia Rantalahti -10<\/td><td>2024<\/td><\/tr><tr><td>53,91<\/td><td>Emma Paalij\u00e4rvi -10<\/td><td>2024<\/td><\/tr><tr><td>54,75<\/td><td>Olga Zhukova -10<\/td><td>2024<\/td><\/tr><\/tbody><\/table><\/figure>\n\n\n\n<h2 class=\"wp-block-heading\"><strong>800 m<\/strong><\/h2>\n\n\n\n<figure class=\"wp-block-table\"><table><tbody><tr><td>2.27,4h<\/td><td>Netta Valli -80<\/td><td>1992<\/td><\/tr><tr><td>2.33,27<br>oversized<\/td><td>Seliina Kuoppa-aho -06<\/td><td>2020<\/td><\/tr><tr><td>2.39,21<\/td><td>Eucabeth Kivikangas -02<\/td><td>2017<\/td><\/tr><tr><td>2.41,23<\/td><td>Seliina Kuoppa-aho -06<\/td><td>2020<\/td><\/tr><tr><td>2.41,50<br>oversized<\/td><td>Katariina Lepp\u00e4aho -07<\/td><td>2019<\/td><\/tr><tr><td>2.42,42<\/td><td>Iida Koskela -94<\/td><td>2008<\/td><\/tr><tr><td>2.45,05<\/td><td>Aada Piispanen -09<\/td><td>2023<\/td><\/tr><tr><td>2.46,17<\/td><td>Katariina Lepp\u00e4aho -07<\/td><td>2019<\/td><\/tr><tr><td>2.48,22<\/td><td>Ilona Takala -06<\/td><td>2019<\/td><\/tr><tr><td>2.51,43<\/td><td>Jessica Maunula -01<\/td><td>2013<\/td><\/tr><\/tbody><\/table><\/figure>\n\n\n\n<h2 class=\"wp-block-heading\"><strong>1000 m<\/strong><\/h2>\n\n\n\n<figure class=\"wp-block-table\"><table><tbody><tr><td>3.16,8h<\/td><td>Viola Takala -08<\/td><td>2023<\/td><\/tr><tr><td>3.20,76<\/td><td>Seliina Kuoppa-aho -06<\/td><td>2020<\/td><\/tr><tr><td>3.21,2h<\/td><td>Niina Virtanen -87<\/td><td>2000<\/td><\/tr><tr><td>3.23,98<\/td><td>Milja Jokiaho -96<\/td><td>2009<\/td><\/tr><tr><td>3.25,2h<\/td><td>Eucabeth Kivikangas -02<\/td><td>2014<\/td><\/tr><tr><td>3.29,6h<\/td><td>Emmi-Lotta Taipale -88<\/td><td>1999<\/td><\/tr><tr><td>3.31,19<\/td><td>Katariina Lepp\u00e4aho -07<\/td><td>2018<\/td><\/tr><tr><td>3.31,98<\/td><td>Iida Koskela -94<\/td><td>2007<\/td><\/tr><tr><td>3.35,35<\/td><td>Hilja-Henna Herrala -13<\/td><td>2025<\/td><\/tr><tr><td>3.39,02<\/td><td>Liinu J\u00e4rvinen -06<\/td><td>2020<\/td><\/tr><tr><td>3.39,0h<\/td><td>Fiia Koskela -00<\/td><td>2013<\/td><\/tr><tr><td>3.39,36<\/td><td>Oona Winter -05<\/td><td>2017<\/td><\/tr><tr><td>3.40,45<\/td><td>Maiju H\u00e4nninen -96<\/td><td>2008<\/td><\/tr><tr><td>3.43,12<\/td><td>Sofia Kari -05<\/td><td>2016<\/td><\/tr><tr><td>3.43,64<\/td><td>Lilja Lehtel\u00e4 -04<\/td><td>2016<\/td><\/tr><\/tbody><\/table><\/figure>\n\n\n\n<h2 class=\"wp-block-heading\"><strong>60 m aidat<\/strong> (76,2 cm)<\/h2>\n\n\n\n<figure class=\"wp-block-table\"><table><tbody><tr><td>9,53<\/td><td>Eucabeth Kivikangas -02<\/td><td>2017<\/td><\/tr><tr><td>9,71<\/td><td>Katariina Lepp\u00e4aho -07<\/td><td>2022<\/td><\/tr><tr><td>9,87<\/td><td>Valma Salom\u00e4ki -99<\/td><td>2013<\/td><\/tr><tr><td>10,08<\/td><td>Anniina Viitasaari -07<\/td><td>2022<\/td><\/tr><tr><td>10,12<\/td><td>Iida Koskela -94<\/td><td>2009<\/td><\/tr><tr><td>10,28<\/td><td>Sara Vuorela -07<\/td><td>2019<\/td><\/tr><tr><td>10,86<\/td><td>Milja Jokiaho -96<\/td><td>2009<\/td><\/tr><tr><td>10,89<\/td><td>Linnea Piispanen -12<\/td><td><strong>2026<\/strong><\/td><\/tr><tr><td>11,23<\/td><td>Aino Kuusisto -12<\/td><td><strong>2026<\/strong><\/td><\/tr><tr><td>11,37<\/td><td>Laura Per\u00e4salo -04<\/td><td>2016<\/td><\/tr><tr><td>11,43<\/td><td>Hilda Turja -15<\/td><td><strong>2026<\/strong><\/td><\/tr><tr><td>11,46<\/td><td>Aada Piispanen -09<\/td><td>2023<\/td><\/tr><tr><td>11,50<\/td><td>Ilona Takala -06<\/td><td>2020<\/td><\/tr><\/tbody><\/table><\/figure>\n\n\n\n<h2 class=\"wp-block-heading\"><strong>300 m aidat<\/strong><\/h2>\n\n\n\n<figure class=\"wp-block-table\"><table><tbody><tr><td>48,96<\/td><td>Eucabeth Kivikangas -02<\/td><td>2017<\/td><\/tr><tr><td>52,96<\/td><td>Valma Salom\u00e4ki -99<\/td><td>2013<\/td><\/tr><\/tbody><\/table><\/figure>\n\n\n\n<h2 class=\"wp-block-heading\"><strong>Korkeus<\/strong><\/h2>\n\n\n\n<figure class=\"wp-block-table\"><table><tbody><tr><td>160<\/td><td>Suvi Pitk\u00e4nen -86<\/td><td>2001<\/td><\/tr><tr><td>158<\/td><td>Iida Koskela -94<\/td><td>2009<\/td><\/tr><tr><td>156<\/td><td>Eucabeth Kivikangas -02<\/td><td>2015<\/td><\/tr><tr><td>153<\/td><td>Essi Hautam\u00e4ki -95<\/td><td>2007<\/td><\/tr><tr><td>147<\/td><td>Valma Salom\u00e4ki -99<\/td><td>2013<\/td><\/tr><tr><td>146<\/td><td>Anniina Viitasaari -07<\/td><td>2020<\/td><\/tr><tr><td>146<\/td><td>Katariina Lepp\u00e4aho -07<\/td><td>2022<\/td><\/tr><tr><td>144<\/td><td>Bettina Yli-Sissala -00<br>Emmi-Lotta Taipale -88<\/td><td>2013<br>2000<\/td><\/tr><tr><td>140<\/td><td>Hilda Turja -15<br>Oona Hietam\u00e4ki -13<br>Olga Zhukova -10<\/td><td><strong>2026<br>2026<\/strong><br>2024<\/td><\/tr><tr><td>139<\/td><td>Katariina Koivisto -97<br>Sofia Koskela -95<\/td><td>2010<br>2008<\/td><\/tr><tr><td>138<\/td><td>Aada Piispanen -09<\/td><td>2024<\/td><\/tr><tr><td>136<\/td><td>Ellen Piispanen -15<\/td><td><strong>2026<\/strong><\/td><\/tr><tr><td>135<\/td><td>Emmi Piispanen -07<\/td><td>2022<\/td><\/tr><\/tbody><\/table><\/figure>\n\n\n\n<h2 class=\"wp-block-heading\"><strong>Seiv\u00e4s<\/strong><\/h2>\n\n\n\n<figure class=\"wp-block-table\"><table><tbody><tr><td>275<\/td><td>Ilona Takala -06<\/td><td>2020<\/td><\/tr><tr><td>220<\/td><td>Viola Takala -08<\/td><td>2021<\/td><\/tr><tr><td>220<\/td><td>Fiia Koskela -00<\/td><td>2013<\/td><\/tr><tr><td>200<\/td><td>Sofia Koskela -95<\/td><td>2008<\/td><\/tr><\/tbody><\/table><\/figure>\n\n\n\n<h2 class=\"wp-block-heading\"><strong>Pituus<\/strong><\/h2>\n\n\n\n<figure class=\"wp-block-table\"><table><tbody><tr><td>5,06<\/td><td>Eucabeth Kivikangas -02<\/td><td>2015<\/td><\/tr><tr><td>4,85<\/td><td>Saara Rintala -95<\/td><td>2008<\/td><\/tr><tr><td>4,69<\/td><td>Iida Koskela -94<\/td><td>2008<\/td><\/tr><tr><td>4,65<\/td><td>Milja-Maria Lahti -06<\/td><td>2021<\/td><\/tr><tr><td>4,56<\/td><td>Seliina Kuoppa-aho -06<\/td><td>2021<\/td><\/tr><tr><td>4,27<\/td><td>Oona Hietam\u00e4ki -13<\/td><td><strong>2026<\/strong><\/td><\/tr><tr><td>4,05<\/td><td>Aada Piispanen -09<\/td><td>2023<\/td><\/tr><tr><td>4,04<\/td><td>Linnea Piispanen -12<\/td><td>2025<\/td><\/tr><tr><td>3,91<\/td><td>Ilona Takala -06<\/td><td>2019<\/td><\/tr><tr><td>3,89<\/td><td>Katariina Lepp\u00e4aho -07<\/td><td>2019<\/td><\/tr><tr><td>3,79<\/td><td>Hilja-Henna Herrala -13<\/td><td>2025<\/td><\/tr><tr><td>3,74<\/td><td>Olga Zhukova -10<\/td><td>2024<\/td><\/tr><\/tbody><\/table><\/figure>\n\n\n\n<h2 class=\"wp-block-heading\"><strong>Kolmiloikka<\/strong><\/h2>\n\n\n\n<figure class=\"wp-block-table\"><table><tbody><tr><td>10,27<\/td><td>Eucabeth Kivikangas -02<\/td><td>2015<\/td><\/tr><tr><td>10,07<\/td><td>Seliina Kuoppa-aho -06<\/td><td>2019<\/td><\/tr><tr><td>9,80<\/td><td>Heidi Marjom\u00e4ki -00<\/td><td>2015<\/td><\/tr><tr><td>9,71<\/td><td>Saara Rintala -95<\/td><td>2008<\/td><\/tr><tr><td>9,48<\/td><td>Roosa Latva-Laturi -02<\/td><td>2017<\/td><\/tr><tr><td>9,36<\/td><td>Sofia Koskela -95<\/td><td>2009<\/td><\/tr><tr><td>8,13<\/td><td>Milja-Maria Lahti -06<\/td><td>2018<\/td><\/tr><\/tbody><\/table><\/figure>\n\n\n\n<h2 class=\"wp-block-heading\"><strong>Kuula 3 kg<\/strong><\/h2>\n\n\n\n<figure class=\"wp-block-table\"><table><tbody><tr><td>14,36<\/td><td>Minna-Marjatta Liimatainen -93<\/td><td>2008<\/td><\/tr><tr><td>13,78<\/td><td>Eucabeth Kivikangas -02<\/td><td>2017<\/td><\/tr><tr><td>13,30<\/td><td>Elina Sillanp\u00e4\u00e4 -82<\/td><td>1996<\/td><\/tr><tr><td>10,98<\/td><td>Sara Vuorela -07<\/td><td>2022<\/td><\/tr><tr><td>10,53<\/td><td>Hanna Siiril\u00e4 -09<\/td><td>2024<\/td><\/tr><tr><td>9,42<\/td><td>Iida Koskela -94<\/td><td>2009<\/td><\/tr><tr><td>9,33<\/td><td>Anni Mertaniemi -96<\/td><td>2011<\/td><\/tr><tr><td>9,26<\/td><td>Katariina Lepp\u00e4aho -07<\/td><td>2022<\/td><\/tr><tr><td>8,71<\/td><td>Bettina Yli-Sissala -00<\/td><td>2015<\/td><\/tr><tr><td>8,39<\/td><td>Vilma H\u00e4nninen -01<\/td><td>2013<\/td><\/tr><tr><td>7,90<\/td><td>Janika Kotipelto -04<\/td><td>2018<\/td><\/tr><\/tbody><\/table><\/figure>\n\n\n\n<h2 class=\"wp-block-heading\"><strong>Kiekko 750 g<\/strong><\/h2>\n\n\n\n<figure class=\"wp-block-table\"><table><tbody><tr><td>35,80<\/td><td>Hanna Siiril\u00e4 -09<\/td><td>2023<\/td><\/tr><\/tbody><\/table><\/figure>\n\n\n\n<h2 class=\"wp-block-heading\"><strong>Keih\u00e4s 400 g<\/strong><\/h2>\n\n\n\n<figure class=\"wp-block-table\"><table><tbody><tr><td>37,34<\/td><td>Rosaliina Penninkangas -98<\/td><td>2012<\/td><\/tr><tr><td>32,15<\/td><td>Emmi Pitk\u00e4kangas -07<\/td><td>2020<\/td><\/tr><tr><td>31,33<\/td><td>Eucabeth Kivikangas -02<\/td><td>2015<\/td><\/tr><\/tbody><\/table><\/figure>\n\n\n\n<h2 class=\"wp-block-heading\"><strong>Viisiottelu<\/strong><\/h2>\n\n\n\n<figure class=\"wp-block-table\"><table><tbody><tr><td>2636<\/td><td>Eucabeth Kivikangas -02<\/td><td>2017<\/td><\/tr><tr><td>1548<\/td><td>Aada Piispanen -09<\/td><td>2023<\/td><\/tr><\/tbody><\/table><\/figure>\n","protected":false},"excerpt":{"rendered":"<p>60 m 8,24 Eucabeth Kivikangas -02 2017 8,47 Kati Linnanm\u00e4ki -73 1988 8,40 Milja-Maria Lahti -06 2021 8,49 Iida Koskela -94 2008 8,51 Sara Vuorela -07 2022 8,53 Katariina Lepp\u00e4aho -07 2022 8,60 Valma Salom\u00e4ki -99 2013 8,60 Saara Rintala -95 2009 8,67 Siru Viitasaari -97 2011 8,82 Noomi Mattila -99 2012 8,84 Seliina Kuoppa-aho &hellip; <\/p>\n<p class=\"link-more\"><a href=\"https:\/\/www.alajarvenankkurit.fi\/yleisurheilu\/hallitilastot\/15v-tytot-halli\/\" class=\"more-link\">Jatka lukemista<span class=\"screen-reader-text\"> &#8221;15v tyt\u00f6t (halli)&#8221;<\/span><\/a><\/p>\n","protected":false},"author":5,"featured_media":0,"parent":3118,"menu_order":0,"comment_status":"closed","ping_status":"closed","template":"","meta":{"footnotes":""},"class_list":["post-3412","page","type-page","status-publish","hentry"],"_links":{"self":[{"href":"https:\/\/www.alajarvenankkurit.fi\/yleisurheilu\/wp-json\/wp\/v2\/pages\/3412","targetHints":{"allow":["GET"]}}],"collection":[{"href":"https:\/\/www.alajarvenankkurit.fi\/yleisurheilu\/wp-json\/wp\/v2\/pages"}],"about":[{"href":"https:\/\/www.alajarvenankkurit.fi\/yleisurheilu\/wp-json\/wp\/v2\/types\/page"}],"author":[{"embeddable":true,"href":"https:\/\/www.alajarvenankkurit.fi\/yleisurheilu\/wp-json\/wp\/v2\/users\/5"}],"replies":[{"embeddable":true,"href":"https:\/\/www.alajarvenankkurit.fi\/yleisurheilu\/wp-json\/wp\/v2\/comments?post=3412"}],"version-history":[{"count":16,"href":"https:\/\/www.alajarvenankkurit.fi\/yleisurheilu\/wp-json\/wp\/v2\/pages\/3412\/revisions"}],"predecessor-version":[{"id":8343,"href":"https:\/\/www.alajarvenankkurit.fi\/yleisurheilu\/wp-json\/wp\/v2\/pages\/3412\/revisions\/8343"}],"up":[{"embeddable":true,"href":"https:\/\/www.alajarvenankkurit.fi\/yleisurheilu\/wp-json\/wp\/v2\/pages\/3118"}],"wp:attachment":[{"href":"https:\/\/www.alajarvenankkurit.fi\/yleisurheilu\/wp-json\/wp\/v2\/media?parent=3412"}],"curies":[{"name":"wp","href":"https:\/\/api.w.org\/{rel}","templated":true}]}}