{"id":3247,"date":"2022-01-23T18:42:54","date_gmt":"2022-01-23T16:42:54","guid":{"rendered":"https:\/\/www.alajarvenankkurit.fi\/yleisurheilu\/?page_id=3247"},"modified":"2026-04-14T22:11:26","modified_gmt":"2026-04-14T19:11:26","slug":"10v-pojat-halli","status":"publish","type":"page","link":"https:\/\/www.alajarvenankkurit.fi\/yleisurheilu\/10v-pojat-halli\/","title":{"rendered":"10v pojat (halli)"},"content":{"rendered":"\n<h2 class=\"wp-block-heading\"><strong>60 m<\/strong><\/h2>\n\n\n\n<figure class=\"wp-block-table\"><table><tbody><tr><td>8,78<br>Piirinenn\u00e4tys<\/td><td>Teemu Jokela -82 <\/td><td>1992<\/td><\/tr><tr><td>9,19<\/td><td>Jarmo Vuorinen -83<\/td><td>1993<\/td><\/tr><tr><td>9,35<\/td><td>Miki Vuorinen -16<\/td><td><strong>2026<\/strong><\/td><\/tr><tr><td>9,47<\/td><td>Ilmari Autio -99<\/td><td>2008<\/td><\/tr><tr><td>9,52<\/td><td>Topias Keltikangas -15<\/td><td>2025<\/td><\/tr><tr><td>9,54<\/td><td>Jalo Kantonen -14<\/td><td>2024<\/td><\/tr><tr><td>9,54<\/td><td>Samu Vuorinen -14<\/td><td>2024<\/td><\/tr><tr><td>9,54<\/td><td>Tuomas Salenius -93<\/td><td>2003<\/td><\/tr><tr><td>9,62<br>9,4h<\/td><td>Konsta Liikala -02<\/td><td>2012<\/td><\/tr><tr><td>9,66<\/td><td>Mikko Paavola -98<\/td><td>2008<\/td><\/tr><tr><td>10,04<\/td><td>Sampo Sepp\u00e4 -98<\/td><td>2008<\/td><\/tr><tr><td>10,04<\/td><td>Riku Vuorela -15<\/td><td>2025<\/td><\/tr><tr><td>10,05<\/td><td>Antton Peltom\u00e4ki -02<\/td><td>2012<\/td><\/tr><\/tbody><\/table><\/figure>\n\n\n\n<h2 class=\"wp-block-heading\"><strong>800 m<\/strong><\/h2>\n\n\n\n<figure class=\"wp-block-table\"><table><tbody><tr><td>2.39,47<br>oversized<\/td><td>Miki Vuorinen -16<\/td><td><strong>2026<\/strong><\/td><\/tr><tr><td>2.45,19<\/td><td>Topias Keltikangas -15<\/td><td>2025<\/td><\/tr><tr><td>2.49,86<\/td><td>Samu Vuorinen -14<\/td><td>2024<\/td><\/tr><tr><td>3.09,15<\/td><td>Frans Sivula -14<\/td><td>2024<\/td><\/tr><\/tbody><\/table><\/figure>\n\n\n\n<h2 class=\"wp-block-heading\"><strong>1000 m<\/strong><\/h2>\n\n\n\n<figure class=\"wp-block-table\"><table><tbody><tr><td>3.28,70<br>oversized<br>3.29,91<\/td><td>Sampo Sepp\u00e4 -98<\/td><td>2008<\/td><\/tr><tr><td>3.29,2h<\/td><td>Antton Peltom\u00e4ki -02<\/td><td>2012<\/td><\/tr><tr><td>3.32,13<\/td><td>Santeri Kari -99<\/td><td>2009<\/td><\/tr><tr><td>3.36,91<br>oversized<br>3.45,6h<\/td><td>Samu Vuorinen -15<\/td><td>2024<\/td><\/tr><tr><td>3.37,6h<\/td><td>Sampo Autio -99<\/td><td>1999<\/td><\/tr><tr><td>3.38,25<br>oversized<\/td><td>Topias Keltikangas -15<\/td><td>2025<\/td><\/tr><tr><td>3.39,59<\/td><td>Matias Palmu -05 <\/td><td>2015<\/td><\/tr><tr><td>3.45,31<\/td><td>Timoteus Kivikangas -01<\/td><td>2011<\/td><\/tr><tr><td>3.48,89<\/td><td>Wiljami Koskela -98<\/td><td>2008<\/td><\/tr><tr><td>3.51,37<\/td><td>Miki Vuorinen -16<\/td><td>2025<\/td><\/tr><tr><td>3.59,21<\/td><td>Frans Sivula -14<\/td><td>2024<\/td><\/tr><tr><td>4.00,9h<\/td><td>Riku Vuorela -15<\/td><td>2024<\/td><\/tr><tr><td>4.13,0h<\/td><td>Ilmari Autio -99<\/td><td>2009<\/td><\/tr><\/tbody><\/table><\/figure>\n\n\n\n<h2 class=\"wp-block-heading\"><strong>60 m aidat<\/strong><\/h2>\n\n\n\n<figure class=\"wp-block-table\"><table><tbody><tr><td>10,43<\/td><td>Mikko Paavola -98<\/td><td>2008<\/td><\/tr><tr><td>11,36<\/td><td>Kristoffer de Silva -01<\/td><td>2011<\/td><\/tr><tr><td>12,0h<\/td><td>Matias Palmu -05<\/td><td>2015<\/td><\/tr><\/tbody><\/table><\/figure>\n\n\n\n<h2 class=\"wp-block-heading\"><strong>Korkeus <\/strong><\/h2>\n\n\n\n<figure class=\"wp-block-table\"><table><tbody><tr><td>120<\/td><td>Topias Keltikangas -15<\/td><td>2025<\/td><\/tr><tr><td>110<\/td><td>Jalo Kantonen -14<\/td><td>2024<\/td><\/tr><tr><td>105<\/td><td>Riku Vuorela -15<\/td><td>2025<\/td><\/tr><tr><td>105<\/td><td>Frans Sivula -14<\/td><td>2024<\/td><\/tr><tr><td>105<\/td><td>Timoteus Kivikangas -01<\/td><td>2010<\/td><\/tr><\/tbody><\/table><\/figure>\n\n\n\n<h2 class=\"wp-block-heading\"><strong>Pituus<\/strong> (vy\u00f6hyke)<\/h2>\n\n\n\n<figure class=\"wp-block-table\"><table><tbody><tr><td>4,63<br>Piirinenn\u00e4tys<\/td><td>Teemu Jokela -82<\/td><td>1992<\/td><\/tr><tr><td>4,05<\/td><td>Mikko Paavola -98<\/td><td>2008<\/td><\/tr><tr><td>4,01<\/td><td>Jalo Kantonen -14<\/td><td>2024<\/td><\/tr><tr><td>3,89<\/td><td>Topias Keltikangas -15<\/td><td>2025<\/td><\/tr><tr><td>3,86<\/td><td>Miki Vuorinen -16<\/td><td><strong>2026<\/strong><\/td><\/tr><tr><td>3,86<\/td><td>Jere Luoma-aho -09<\/td><td>2019<\/td><\/tr><tr><td>3,84<\/td><td>Samu Vuorinen -14<\/td><td>2024<\/td><\/tr><tr><td>3,84<\/td><td>Kristoffer de Silva -01<\/td><td>2011<\/td><\/tr><tr><td>3,83<\/td><td>Sampo Sepp\u00e4 -98<\/td><td>2008<\/td><\/tr><tr><td>3,82<\/td><td>Konsta Liikala -02<\/td><td>2012<\/td><\/tr><tr><td>3,74<\/td><td>Tuomas Salenius -93<\/td><td>2003<\/td><\/tr><tr><td>3,66<\/td><td>Eemeli Kantanen -05<\/td><td>2015<\/td><\/tr><tr><td>3,57<\/td><td>Wiljami Koskela -98<\/td><td>2008<\/td><\/tr><tr><td>3,54<\/td><td>Elmeri Tuomela -07<\/td><td>2017<\/td><\/tr><tr><td>3,40<\/td><td>Aleksi Yli-Mannila -01<\/td><td>2011<\/td><\/tr><\/tbody><\/table><\/figure>\n\n\n\n<h2 class=\"wp-block-heading\"><strong>Kuula 2,5 kg <\/strong><\/h2>\n\n\n\n<figure class=\"wp-block-table\"><table><tbody><tr><td>8,01<\/td><td>Ville-Veikko Keski-Levijoki -05<\/td><td>2015<\/td><\/tr><tr><td>7,93<\/td><td>Wiljami Koskela -98<\/td><td>2008<\/td><\/tr><tr><td>7,81<\/td><td>Tuomas Salenius -93<\/td><td>2003<\/td><\/tr><tr><td>7,74<\/td><td>Konsta Liikala -02<\/td><td>2012<\/td><\/tr><tr><td>6,61<\/td><td>Jalo Kantonen -14<\/td><td>2024<\/td><\/tr><tr><td>6,60<\/td><td>Mikko Paavola -98<\/td><td>2008<\/td><\/tr><tr><td>6,51<\/td><td>V\u00e4in\u00f6 Salom\u00e4ki -97<\/td><td>2007<\/td><\/tr><tr><td>6,32<\/td><td>Sampo Sepp\u00e4 -98<\/td><td>2008<\/td><\/tr><tr><td>6,31<\/td><td>Aamos Kivikangas -10<\/td><td>2019<\/td><\/tr><tr><td>5,91<\/td><td>Frans Sivula -14<\/td><td>2024<\/td><\/tr><tr><td>5,83<\/td><td>Olavi Yli-Mannila -04<\/td><td>2013<\/td><\/tr><\/tbody><\/table><\/figure>\n\n\n\n<h2 class=\"wp-block-heading\"><strong>Keih\u00e4s 400 g<\/strong> <strong>\/ junnukeih\u00e4s<\/strong><\/h2>\n\n\n\n<figure class=\"wp-block-table\"><table><tbody><tr><td>30,10<\/td><td>Wiljami Koskela -98 <\/td><td>2007<\/td><\/tr><tr><td>28,42<\/td><td>Aleksi Honkaniemi -99 <\/td><td>2008<\/td><\/tr><tr><td>22,44<\/td><td>Jesperi Salo -01 <\/td><td>2009<\/td><\/tr><tr><td>21,80<\/td><td>Aleksi Yli-Mannila -01 <\/td><td>2010<\/td><\/tr><tr><td>21,56<\/td><td>Aleksi Yli-Sikkil\u00e4 -04<\/td><td>2012<\/td><\/tr><tr><td>21,16<\/td><td>Topias Keltikangas -15<\/td><td>2025<\/td><\/tr><tr><td>14,24<\/td><td>Samuel Kuoppa-aho -11<\/td><td>2019<\/td><\/tr><tr><td>13,86<\/td><td>Osku M\u00e4ki -07<\/td><td>2016<\/td><\/tr><\/tbody><\/table><\/figure>\n\n\n\n<h2 class=\"wp-block-heading\"><strong>3-ottelu<\/strong><\/h2>\n\n\n\n<figure class=\"wp-block-table\"><table><tbody><tr><td>1018<\/td><td>Teemu Jokela -82<\/td><td>1992<\/td><\/tr><tr><td>864<\/td><td>Tuomas Salenius -93<\/td><td>2003<\/td><\/tr><tr><td>829<\/td><td>Mikko Paavola -98<\/td><td>2008<\/td><\/tr><tr><td>816<\/td><td>Konsta Liikala -02<\/td><td>2012<\/td><\/tr><tr><td>728<\/td><td>Wiljami Koskela -98<\/td><td>2008<\/td><\/tr><tr><td>724<\/td><td>Sampo Sepp\u00e4 -98<\/td><td>2008<\/td><\/tr><\/tbody><\/table><\/figure>\n","protected":false},"excerpt":{"rendered":"<p>60 m 8,78Piirinenn\u00e4tys Teemu Jokela -82 1992 9,19 Jarmo Vuorinen -83 1993 9,35 Miki Vuorinen -16 2026 9,47 Ilmari Autio -99 2008 9,52 Topias Keltikangas -15 2025 9,54 Jalo Kantonen -14 2024 9,54 Samu Vuorinen -14 2024 9,54 Tuomas Salenius -93 2003 9,629,4h Konsta Liikala -02 2012 9,66 Mikko Paavola -98 2008 10,04 Sampo Sepp\u00e4 &hellip; <\/p>\n<p class=\"link-more\"><a href=\"https:\/\/www.alajarvenankkurit.fi\/yleisurheilu\/10v-pojat-halli\/\" class=\"more-link\">Jatka lukemista<span class=\"screen-reader-text\"> &#8221;10v pojat (halli)&#8221;<\/span><\/a><\/p>\n","protected":false},"author":5,"featured_media":0,"parent":0,"menu_order":0,"comment_status":"closed","ping_status":"closed","template":"","meta":{"footnotes":""},"class_list":["post-3247","page","type-page","status-publish","hentry"],"_links":{"self":[{"href":"https:\/\/www.alajarvenankkurit.fi\/yleisurheilu\/wp-json\/wp\/v2\/pages\/3247","targetHints":{"allow":["GET"]}}],"collection":[{"href":"https:\/\/www.alajarvenankkurit.fi\/yleisurheilu\/wp-json\/wp\/v2\/pages"}],"about":[{"href":"https:\/\/www.alajarvenankkurit.fi\/yleisurheilu\/wp-json\/wp\/v2\/types\/page"}],"author":[{"embeddable":true,"href":"https:\/\/www.alajarvenankkurit.fi\/yleisurheilu\/wp-json\/wp\/v2\/users\/5"}],"replies":[{"embeddable":true,"href":"https:\/\/www.alajarvenankkurit.fi\/yleisurheilu\/wp-json\/wp\/v2\/comments?post=3247"}],"version-history":[{"count":23,"href":"https:\/\/www.alajarvenankkurit.fi\/yleisurheilu\/wp-json\/wp\/v2\/pages\/3247\/revisions"}],"predecessor-version":[{"id":8359,"href":"https:\/\/www.alajarvenankkurit.fi\/yleisurheilu\/wp-json\/wp\/v2\/pages\/3247\/revisions\/8359"}],"wp:attachment":[{"href":"https:\/\/www.alajarvenankkurit.fi\/yleisurheilu\/wp-json\/wp\/v2\/media?parent=3247"}],"curies":[{"name":"wp","href":"https:\/\/api.w.org\/{rel}","templated":true}]}}