{"id":3191,"date":"2022-01-22T20:11:14","date_gmt":"2022-01-22T18:11:14","guid":{"rendered":"https:\/\/www.alajarvenankkurit.fi\/yleisurheilu\/?page_id=3191"},"modified":"2026-04-12T21:03:51","modified_gmt":"2026-04-12T18:03:51","slug":"15v-miehet-halli","status":"publish","type":"page","link":"https:\/\/www.alajarvenankkurit.fi\/yleisurheilu\/hallitilastot\/15v-miehet-halli\/","title":{"rendered":"15v pojat (halli)"},"content":{"rendered":"\n<h2 class=\"wp-block-heading\"><strong>60 m<\/strong><\/h2>\n\n\n\n<figure class=\"wp-block-table\"><table><tbody><tr><td>7,62<\/td><td>Jarmo Vuorinen -83<\/td><td>1998<\/td><\/tr><tr><td>7,73<\/td><td>Aatu Kuusisto -10<\/td><td>2025<\/td><\/tr><tr><td>7,83<\/td><td>Ville Rajala -93 <\/td><td>2008<\/td><\/tr><tr><td>7,87<\/td><td>Markku Ojala -95<\/td><td>2010<\/td><\/tr><tr><td>7,88<\/td><td>Teemu Jokela -82<\/td><td>1995<\/td><\/tr><tr><td>7,96<\/td><td>Suriya Ratchanit -95<\/td><td>2010<\/td><\/tr><tr><td>8,05<\/td><td>Teemu Tuomela -00<\/td><td>2013<\/td><\/tr><tr><td>8,10<\/td><td>Markku Ojala -95<\/td><td>2009<\/td><\/tr><tr><td>8,13<\/td><td>Max Jokiaho -12<\/td><td><strong>2026<\/strong><\/td><\/tr><tr><td>8,19<\/td><td>Keijo Saarenmaa -83<\/td><td>1996<\/td><\/tr><tr><td>8,42<\/td><td>Tuomas Salenius -93<\/td><td>2006<\/td><\/tr><tr><td>8,45<\/td><td>Olavi Yli-Mannila -04<\/td><td>2017<\/td><\/tr><tr><td>8,46<\/td><td>Anton Tallbacka -99<\/td><td>2012<\/td><\/tr><tr><td>8,90<\/td><td>Jalo Kantonen -14<br>Kari Saarenlaita -87<\/td><td><strong>2026<\/strong><br>1999<\/td><\/tr><tr><td>8,92<\/td><td>Elmeri Tuomela -07<\/td><td>2020<\/td><\/tr><tr><td>8,93<\/td><td>Eemeli Kantanen -05<\/td><td>2018<\/td><\/tr><\/tbody><\/table><\/figure>\n\n\n\n<h2 class=\"wp-block-heading\"><strong>200 m<\/strong><\/h2>\n\n\n\n<figure class=\"wp-block-table\"><table><tbody><tr><td>24,12<\/td><td>Jarmo Vuorinen -83<\/td><td>1998<\/td><\/tr><tr><td>25,79<\/td><td>Max Jokiaho -12<\/td><td><strong>2026<\/strong><\/td><\/tr><tr><td>26,92<\/td><td>Keijo Saarenmaa -83<\/td><td>1997<\/td><\/tr><tr><td>28,07<\/td><td>Mikko Paavola -98<\/td><td>2012<\/td><\/tr><tr><td>29,43<\/td><td>Aleksei Lemetti -12<\/td><td><strong>2026<\/strong><\/td><\/tr><tr><td>31,37<\/td><td>Sampo Sepp\u00e4 -98<\/td><td>2011<\/td><\/tr><tr><td>33,54<\/td><td>Eeli Tuomela -99<\/td><td>2011<\/td><\/tr><\/tbody><\/table><\/figure>\n\n\n\n<h2 class=\"wp-block-heading\"><strong>300 m<\/strong><\/h2>\n\n\n\n<figure class=\"wp-block-table\"><table><tbody><tr><td>39,39<\/td><td>Teemu Jokela -82<\/td><td>1997<\/td><\/tr><tr><td>40,54<\/td><td>Jarmo Vuorinen -83<\/td><td>1997<\/td><\/tr><tr><td>45,15<\/td><td> Anton Tallbacka -99 <\/td><td>2012<\/td><\/tr><\/tbody><\/table><\/figure>\n\n\n\n<h2 class=\"wp-block-heading\"><strong>800 m<\/strong><\/h2>\n\n\n\n<figure class=\"wp-block-table\"><table><tbody><tr><td>2.10,5h<\/td><td>Antti Iham\u00e4ki -97 <\/td><td>2012<\/td><\/tr><tr><td>2.13,63<\/td><td>Sampo Sepp\u00e4 -98<\/td><td>2013<\/td><\/tr><tr><td>2.18,00<\/td><td>Teemu Tuomela -00<\/td><td>2015<\/td><\/tr><tr><td>2.18,72<\/td><td>Teemu Jokela -82<\/td><td>1995<\/td><\/tr><tr><td>2.22,64<br>oversized<\/td><td>Samu Vuorinen -14<\/td><td><strong>2026<\/strong><\/td><\/tr><tr><td>2.27,01<\/td><td>Atte-Petteri Kallio -92<\/td><td>2007<\/td><\/tr><tr><td>2.30,91<\/td><td>Mikko Ojala -93<\/td><td>2008<\/td><\/tr><tr><td>2.32,22<\/td><td>Markku Ojala -95<\/td><td>2009<\/td><\/tr><tr><td>2.32,41<\/td><td>Max Jokiaho -12<\/td><td>2025<\/td><\/tr><tr><td>2.39,47<br>oversized<\/td><td>Miki Vuorinen -16<\/td><td><strong>2026<\/strong><\/td><\/tr><tr><td>2.41,64<br>oversized<\/td><td>Topias Keltikangas -15<\/td><td><strong>2026<\/strong><\/td><\/tr><tr><td>2.43,22<\/td><td>Jalo Kantonen -14<\/td><td>2025<\/td><\/tr><tr><td>2.49,71<\/td><td>Mikko Paavola -98<\/td><td>2011<\/td><\/tr><\/tbody><\/table><\/figure>\n\n\n\n<h2 class=\"wp-block-heading\"><strong>1000 m<\/strong><\/h2>\n\n\n\n<figure class=\"wp-block-table\"><table><tbody><tr><td>2.50,8h<br>2.58,28<\/td><td>Antti Iham\u00e4ki -97 <\/td><td>2012<br>2011<\/td><\/tr><tr><td>2.51,51<\/td><td>Pekka Moisio -88<\/td><td>2003<\/td><\/tr><tr><td>2.55,79<\/td><td>Kalle Ikonen -86<\/td><td>2001<\/td><\/tr><tr><td>2.57,98<\/td><td>Sampo Autio -89<\/td><td>2004<\/td><\/tr><tr><td>2.58,9h<br>3.11,35<br>3.13,7h<br>oversized<\/td><td>Sampo Sepp\u00e4 -98<\/td><td>2013<br>2011<br>2011<\/td><\/tr><tr><td>3.11,73<\/td><td>Max Jokiaho -12<\/td><td>2025<\/td><\/tr><tr><td>3.15,01<\/td><td>Anton Tallbacka -99 <\/td><td>2012<\/td><\/tr><tr><td>3.19,23<br>oversized<\/td><td>Samu Vuorinen -14<\/td><td>2025<\/td><\/tr><tr><td>3.21,6h<br>oversized<br>3.22,52<\/td><td>Wiljami Koskela -98<\/td><td>2011<br>2010<\/td><\/tr><tr><td>3.28,19<\/td><td>Markku Ojala -95<\/td><td>2007<\/td><\/tr><tr><td>3.28,52<\/td><td>Matias Palmu -05<\/td><td>2018<\/td><\/tr><tr><td>3.29,06<\/td><td>Aleksi Koivisto -95<\/td><td>2008<\/td><\/tr><tr><td>3.29,2h<\/td><td>Antton Peltom\u00e4ki -02<\/td><td>2012<\/td><\/tr><tr><td>3.31,93<\/td><td>Aleksi Lehtonen -95<\/td><td>2008<\/td><\/tr><tr><td>3.32,13<\/td><td>Santeri Kari -99<\/td><td>2009<\/td><\/tr><tr><td>3.32,47<\/td><td>Ilmari Autio -99<\/td><td>2011<\/td><\/tr><tr><td>3.34,81<\/td><td>Juho Korkea-aho -98<\/td><td>2011<\/td><\/tr><tr><td>3.34,90<\/td><td>Timoteus Kivikangas -01<\/td><td>2012<\/td><\/tr><tr><td>3.35,45<\/td><td>Markus Korhonen -99<\/td><td>2012<\/td><\/tr><\/tbody><\/table><\/figure>\n\n\n\n<h2 class=\"wp-block-heading\"><strong>2000 m<\/strong><\/h2>\n\n\n\n<figure class=\"wp-block-table\"><table><tbody><tr><td>6.19,78<br>oversized<\/td><td>Antti Iham\u00e4ki -97 <\/td><td>2011<\/td><\/tr><\/tbody><\/table><\/figure>\n\n\n\n<h2 class=\"wp-block-heading\"><strong>60 m aidat<\/strong><\/h2>\n\n\n\n<figure class=\"wp-block-table\"><table><tbody><tr><td>9,38<\/td><td>Masamitsu Amemori -83<\/td><td>1998<\/td><\/tr><tr><td>9,46<\/td><td>Teemu Jokela -82<\/td><td>1996<\/td><\/tr><\/tbody><\/table><\/figure>\n\n\n\n<h2 class=\"wp-block-heading\"><strong>Korkeus<\/strong><\/h2>\n\n\n\n<figure class=\"wp-block-table\"><table><tbody><tr><td>155<\/td><td>Masamitsu Amemori -83<\/td><td>1996<\/td><\/tr><tr><td>150<\/td><td>Mikko Paavola -98<\/td><td>2011<\/td><\/tr><tr><td>149<\/td><td>Suriya Ratchanit -95<\/td><td>2010<\/td><\/tr><tr><td>144<\/td><td>Julius Kallio -93<\/td><td>2006<\/td><\/tr><tr><td>142<\/td><td>Lauri M\u00e4nnist\u00f6 -99<\/td><td>2012<\/td><\/tr><tr><td>135<\/td><td>Jalo Kantonen -14<br>Jouni Honkaniemi -96<\/td><td><strong>2026<\/strong><br>2008<\/td><\/tr><tr><td>130<\/td><td>Anton Tallbacka -99 <\/td><td>2012<\/td><\/tr><tr><td>126<\/td><td>Sampo Sepp\u00e4 -98<\/td><td>2011<\/td><\/tr><tr><td>125<\/td><td>Valtteri Herttola -07<\/td><td>2019<\/td><\/tr><tr><td>125<\/td><td>Olavi Yli-Mannila -04<\/td><td>2016<\/td><\/tr><\/tbody><\/table><\/figure>\n\n\n\n<h2 class=\"wp-block-heading\"><strong>Seiv\u00e4s<\/strong><\/h2>\n\n\n\n<figure class=\"wp-block-table\"><table><tbody><tr><td>310<\/td><td>Mikko Ojala -93<\/td><td>2008<\/td><\/tr><tr><td>290<\/td><td>Wiljami Koskela -98<\/td><td>2012<\/td><\/tr><tr><td>215<\/td><td>Topias Keltikangas -15<\/td><td><strong>2026<\/strong><\/td><\/tr><\/tbody><\/table><\/figure>\n\n\n\n<h2 class=\"wp-block-heading\"><strong>Pituus<\/strong><\/h2>\n\n\n\n<figure class=\"wp-block-table\"><table><tbody><tr><td>5,87<\/td><td>Masamitsu Amemori -83<\/td><td>1998<\/td><\/tr><tr><td>5,50<\/td><td>Teemu Jokela -82<\/td><td>1996<\/td><\/tr><tr><td>5,05<\/td><td>Tuomas Salenius -93<\/td><td>2006<\/td><\/tr><tr><td>4,94<\/td><td>Mikko Paavola -98<\/td><td>2012<\/td><\/tr><tr><td>4,82<\/td><td>Markku Ojala -95<\/td><td>2010<\/td><\/tr><tr><td>4,73<\/td><td>Jalo Kantonen -14<\/td><td><strong>2026<\/strong><\/td><\/tr><tr><td>4,32<\/td><td>Ville Rajala -93<\/td><td>2006<\/td><\/tr><tr><td>4,15<\/td><td>Samu Vuorinen -14<\/td><td><strong>2026<\/strong><\/td><\/tr><tr><td>3,86<\/td><td>Eeli Tuomela -99<\/td><td>2011<\/td><\/tr><tr><td>3,81<\/td><td>Wiljami Koskela -98<\/td><td>2010<\/td><\/tr><\/tbody><\/table><\/figure>\n\n\n\n<h2 class=\"wp-block-heading\"><strong>Kolmiloikka<\/strong><\/h2>\n\n\n\n<figure class=\"wp-block-table\"><table><tbody><tr><td>11,32<\/td><td>Markku Ojala -95<\/td><td>2010<\/td><\/tr><tr><td>10,96<\/td><td>Suriya Ratchanit -95<\/td><td>2009<\/td><\/tr><tr><td>10,41<\/td><td>Mikko Ojala -93<\/td><td>2007<\/td><\/tr><tr><td>10,03<\/td><td>Mikko Paavola -98<\/td><td>2012<\/td><\/tr><tr><td>9,69<\/td><td>Julius Kallio -93<\/td><td>2008<\/td><\/tr><tr><td>9,50<\/td><td>Atte-Petteri Kallio -92 <\/td><td>2006<\/td><\/tr><tr><td>7,33<\/td><td>Timoteus Kivikangas -01<\/td><td>2013<\/td><\/tr><tr><td>7,70<\/td><td>Osku M\u00e4ki -07<\/td><td>2018<\/td><\/tr><tr><td>6,92<\/td><td>V\u00e4in\u00f6 Salom\u00e4ki -97<\/td><td>2011<\/td><\/tr><\/tbody><\/table><\/figure>\n\n\n\n<h2 class=\"wp-block-heading\"><strong>Kuula 4 kg <\/strong><\/h2>\n\n\n\n<figure class=\"wp-block-table\"><table><tbody><tr><td>12,82<\/td><td>Tuomas Salenius -93<\/td><td>2007<\/td><\/tr><tr><td>12,64<\/td><td>Oskari Lepp\u00e4aho -01<\/td><td>2016<\/td><\/tr><tr><td>12,49<\/td><td>Juhana Karjanlahti -00<\/td><td>2015<\/td><\/tr><tr><td>12,12<\/td><td>Olavi Yli-Mannila -04<\/td><td>2019<\/td><\/tr><tr><td>11,35<\/td><td>Wiljami Koskela -98<\/td><td>2013<\/td><\/tr><tr><td>10,29<\/td><td>Aamos Kivikangas -10<\/td><td>2025<\/td><\/tr><tr><td>9,57<\/td><td>Atte-Petteri Kallio -92<\/td><td>2006<\/td><\/tr><tr><td>8,85<\/td><td>Suriya Ratchanit -95 <\/td><td>2009<\/td><\/tr><tr><td>8,83<\/td><td>Mikko Ojala -93<\/td><td>2008<\/td><\/tr><tr><td>8,79<\/td><td>Nooa Kivikangas -97<\/td><td>2011<\/td><\/tr><\/tbody><\/table><\/figure>\n\n\n\n<h2 class=\"wp-block-heading\"><strong>Kiekko 1 kg<\/strong><\/h2>\n\n\n\n<figure class=\"wp-block-table\"><table><tbody><tr><td>43,34<\/td><td>Aleksi Yli-Mannila -01<\/td><td>2015<\/td><\/tr><tr><td>37,50<\/td><td>Sami Peltom\u00e4ki -91<\/td><td>2006<\/td><\/tr><\/tbody><\/table><\/figure>\n\n\n\n<h2 class=\"wp-block-heading\"><strong>Keih\u00e4s 600 g<\/strong><\/h2>\n\n\n\n<figure class=\"wp-block-table\"><table><tbody><tr><td>59,23<\/td><td>Aleksi Yli-Mannila -01<\/td><td>2016<\/td><\/tr><tr><td>48,73<\/td><td>Olavi Yli-Mannila -04<\/td><td>2018<\/td><\/tr><tr><td>47,96<\/td><td>Sami Peltom\u00e4ki -91<\/td><td>2006<\/td><\/tr><tr><td>33,93<\/td><td>Henri Pitk\u00e4kangas -06<\/td><td>2020<\/td><\/tr><\/tbody><\/table><\/figure>\n\n\n\n<h2 class=\"wp-block-heading\"><strong>4-ottelu<\/strong><\/h2>\n\n\n\n<figure class=\"wp-block-table\"><table><tbody><tr><td>2306<\/td><td>Masamitsu Amemori -83<\/td><td>1998<\/td><\/tr><tr><td>2186<\/td><td>Kalle Ikonen -86<\/td><td>2001<\/td><\/tr><\/tbody><\/table><\/figure>\n\n\n\n<p><\/p>\n","protected":false},"excerpt":{"rendered":"<p>60 m 7,62 Jarmo Vuorinen -83 1998 7,73 Aatu Kuusisto -10 2025 7,83 Ville Rajala -93 2008 7,87 Markku Ojala -95 2010 7,88 Teemu Jokela -82 1995 7,96 Suriya Ratchanit -95 2010 8,05 Teemu Tuomela -00 2013 8,10 Markku Ojala -95 2009 8,13 Max Jokiaho -12 2026 8,19 Keijo Saarenmaa -83 1996 8,42 Tuomas Salenius &hellip; <\/p>\n<p class=\"link-more\"><a href=\"https:\/\/www.alajarvenankkurit.fi\/yleisurheilu\/hallitilastot\/15v-miehet-halli\/\" class=\"more-link\">Jatka lukemista<span class=\"screen-reader-text\"> &#8221;15v pojat (halli)&#8221;<\/span><\/a><\/p>\n","protected":false},"author":5,"featured_media":0,"parent":3118,"menu_order":0,"comment_status":"closed","ping_status":"closed","template":"","meta":{"footnotes":""},"class_list":["post-3191","page","type-page","status-publish","hentry"],"_links":{"self":[{"href":"https:\/\/www.alajarvenankkurit.fi\/yleisurheilu\/wp-json\/wp\/v2\/pages\/3191","targetHints":{"allow":["GET"]}}],"collection":[{"href":"https:\/\/www.alajarvenankkurit.fi\/yleisurheilu\/wp-json\/wp\/v2\/pages"}],"about":[{"href":"https:\/\/www.alajarvenankkurit.fi\/yleisurheilu\/wp-json\/wp\/v2\/types\/page"}],"author":[{"embeddable":true,"href":"https:\/\/www.alajarvenankkurit.fi\/yleisurheilu\/wp-json\/wp\/v2\/users\/5"}],"replies":[{"embeddable":true,"href":"https:\/\/www.alajarvenankkurit.fi\/yleisurheilu\/wp-json\/wp\/v2\/comments?post=3191"}],"version-history":[{"count":27,"href":"https:\/\/www.alajarvenankkurit.fi\/yleisurheilu\/wp-json\/wp\/v2\/pages\/3191\/revisions"}],"predecessor-version":[{"id":8319,"href":"https:\/\/www.alajarvenankkurit.fi\/yleisurheilu\/wp-json\/wp\/v2\/pages\/3191\/revisions\/8319"}],"up":[{"embeddable":true,"href":"https:\/\/www.alajarvenankkurit.fi\/yleisurheilu\/wp-json\/wp\/v2\/pages\/3118"}],"wp:attachment":[{"href":"https:\/\/www.alajarvenankkurit.fi\/yleisurheilu\/wp-json\/wp\/v2\/media?parent=3191"}],"curies":[{"name":"wp","href":"https:\/\/api.w.org\/{rel}","templated":true}]}}