{"id":3118,"date":"2022-03-26T22:59:00","date_gmt":"2022-03-26T20:59:00","guid":{"rendered":"https:\/\/www.alajarvenankkurit.fi\/yleisurheilu\/?p=3118"},"modified":"2026-04-12T23:14:16","modified_gmt":"2026-04-12T20:14:16","slug":"hallitilastot","status":"publish","type":"page","link":"https:\/\/www.alajarvenankkurit.fi\/yleisurheilu\/hallitilastot\/","title":{"rendered":"Hallitilastot"},"content":{"rendered":"\n<p>Tilastot on koottu Tilastopajan (www.tilastopaja.fi) hallituloksista ja p\u00e4ivitetty kev\u00e4\u00e4ll\u00e4 2026. Ne sis\u00e4lt\u00e4v\u00e4t Alaj\u00e4rven Ankkureiden urheilijoiden parhaita hallikilpailujen tuloksia 9-vuotiaista aikuisiin ja vanhimmat jopa 40-50 vuoden takaa. Tilastoissa on mainittu my\u00f6s, jos tulos on Etel\u00e4-Pohjanmaan piirin hallienn\u00e4tys. Jos huomaat puutteita\/virheit\u00e4, ilmoita Sari Yli-Mannila (<a href=\"https:\/\/www.alajarvenankkurit.fi\/yleisurheilu\/yhteystiedot\/\">yhteystiedot<\/a>). Tilastot p\u00e4ivitet\u00e4\u00e4n seuraavan kerran kev\u00e4\u00e4ll\u00e4 2027.<\/p>\n\n\n\n<ul class=\"wp-block-list\">\n<li><a href=\"https:\/\/www.alajarvenankkurit.fi\/yleisurheilu\/9v-tytot-halli\/\">9v tyt\u00f6t<\/a><\/li>\n\n\n\n<li><a href=\"https:\/\/www.alajarvenankkurit.fi\/yleisurheilu\/9v-pojat-halli\/\">9v pojat<\/a><\/li>\n\n\n\n<li><a href=\"https:\/\/www.alajarvenankkurit.fi\/yleisurheilu\/10v-tytot\/\">10v tyt\u00f6t<\/a><\/li>\n\n\n\n<li><a href=\"https:\/\/www.alajarvenankkurit.fi\/yleisurheilu\/10v-pojat-halli\/\">10v pojat<\/a><\/li>\n\n\n\n<li><a href=\"https:\/\/www.alajarvenankkurit.fi\/yleisurheilu\/11v-tytot-halli\/\">11v tyt\u00f6t<\/a><\/li>\n\n\n\n<li><a href=\"https:\/\/www.alajarvenankkurit.fi\/yleisurheilu\/11v-pojat-halli\/\">11v pojat<\/a><\/li>\n\n\n\n<li><a href=\"https:\/\/www.alajarvenankkurit.fi\/yleisurheilu\/12v-tytot-halli\/\">12v tyt\u00f6t<\/a><\/li>\n\n\n\n<li><a href=\"https:\/\/www.alajarvenankkurit.fi\/yleisurheilu\/12v-pojat-halli\/\">12v pojat<\/a><\/li>\n\n\n\n<li><a href=\"https:\/\/www.alajarvenankkurit.fi\/yleisurheilu\/13v-tytot-halli\/\">13v tyt\u00f6t<\/a><\/li>\n\n\n\n<li><a href=\"https:\/\/www.alajarvenankkurit.fi\/yleisurheilu\/13v-pojat-halli\/\">13v pojat<\/a><\/li>\n\n\n\n<li><a href=\"https:\/\/www.alajarvenankkurit.fi\/yleisurheilu\/14v-tytot-halli\/\">14v tyt\u00f6t<\/a><\/li>\n\n\n\n<li><a href=\"https:\/\/www.alajarvenankkurit.fi\/yleisurheilu\/14v-pojat-halli\/\">14v pojat<\/a><\/li>\n\n\n\n<li><a href=\"https:\/\/www.alajarvenankkurit.fi\/yleisurheilu\/hallitilastot\/15v-tytot-halli\/\">15v tyt\u00f6t<\/a><\/li>\n\n\n\n<li><a href=\"https:\/\/www.alajarvenankkurit.fi\/yleisurheilu\/hallitilastot\/15v-miehet-halli\/\">15v pojat<\/a><\/li>\n\n\n\n<li><a href=\"https:\/\/www.alajarvenankkurit.fi\/yleisurheilu\/hallitilastot\/17v-naiset-halli\/\">17v naiset<\/a><\/li>\n\n\n\n<li><a href=\"https:\/\/www.alajarvenankkurit.fi\/yleisurheilu\/hallitilastot\/17v-miehet-halli\/\">17v miehet<\/a><\/li>\n\n\n\n<li><a href=\"https:\/\/www.alajarvenankkurit.fi\/yleisurheilu\/hallitilastot\/19v-naiset-halli\/\">19v naiset<\/a><\/li>\n\n\n\n<li><a href=\"https:\/\/www.alajarvenankkurit.fi\/yleisurheilu\/hallitilastot\/19-v-miehet-halli\/\">19v miehet<\/a><\/li>\n\n\n\n<li><a href=\"https:\/\/www.alajarvenankkurit.fi\/yleisurheilu\/hallitilastot\/naiset-halli\/\">Naiset<\/a><\/li>\n\n\n\n<li><a href=\"https:\/\/www.alajarvenankkurit.fi\/yleisurheilu\/hallitilastot\/miehet-halli\/\">Miehet<\/a><\/li>\n<\/ul>\n\n\n\n<p><\/p>\n","protected":false},"excerpt":{"rendered":"<p>Tilastot on koottu Tilastopajan (www.tilastopaja.fi) hallituloksista ja p\u00e4ivitetty kev\u00e4\u00e4ll\u00e4 2026. Ne sis\u00e4lt\u00e4v\u00e4t Alaj\u00e4rven Ankkureiden urheilijoiden parhaita hallikilpailujen tuloksia 9-vuotiaista aikuisiin ja vanhimmat jopa 40-50 vuoden takaa. Tilastoissa on mainittu my\u00f6s, jos tulos on Etel\u00e4-Pohjanmaan piirin hallienn\u00e4tys. Jos huomaat puutteita\/virheit\u00e4, ilmoita Sari Yli-Mannila (yhteystiedot). Tilastot p\u00e4ivitet\u00e4\u00e4n seuraavan kerran kev\u00e4\u00e4ll\u00e4 2027.<\/p>\n","protected":false},"author":5,"featured_media":0,"parent":0,"menu_order":0,"comment_status":"closed","ping_status":"closed","template":"","meta":{"footnotes":""},"class_list":["post-3118","page","type-page","status-publish","hentry"],"_links":{"self":[{"href":"https:\/\/www.alajarvenankkurit.fi\/yleisurheilu\/wp-json\/wp\/v2\/pages\/3118","targetHints":{"allow":["GET"]}}],"collection":[{"href":"https:\/\/www.alajarvenankkurit.fi\/yleisurheilu\/wp-json\/wp\/v2\/pages"}],"about":[{"href":"https:\/\/www.alajarvenankkurit.fi\/yleisurheilu\/wp-json\/wp\/v2\/types\/page"}],"author":[{"embeddable":true,"href":"https:\/\/www.alajarvenankkurit.fi\/yleisurheilu\/wp-json\/wp\/v2\/users\/5"}],"replies":[{"embeddable":true,"href":"https:\/\/www.alajarvenankkurit.fi\/yleisurheilu\/wp-json\/wp\/v2\/comments?post=3118"}],"version-history":[{"count":19,"href":"https:\/\/www.alajarvenankkurit.fi\/yleisurheilu\/wp-json\/wp\/v2\/pages\/3118\/revisions"}],"predecessor-version":[{"id":8351,"href":"https:\/\/www.alajarvenankkurit.fi\/yleisurheilu\/wp-json\/wp\/v2\/pages\/3118\/revisions\/8351"}],"wp:attachment":[{"href":"https:\/\/www.alajarvenankkurit.fi\/yleisurheilu\/wp-json\/wp\/v2\/media?parent=3118"}],"curies":[{"name":"wp","href":"https:\/\/api.w.org\/{rel}","templated":true}]}}