{"id":3103,"date":"2022-01-08T21:48:17","date_gmt":"2022-01-08T19:48:17","guid":{"rendered":"https:\/\/www.alajarvenankkurit.fi\/yleisurheilu\/?page_id=3103"},"modified":"2025-04-13T19:40:40","modified_gmt":"2025-04-13T16:40:40","slug":"miehet-halli","status":"publish","type":"page","link":"https:\/\/www.alajarvenankkurit.fi\/yleisurheilu\/hallitilastot\/miehet-halli\/","title":{"rendered":"Miehet (halli)"},"content":{"rendered":"\n<h2 class=\"wp-block-heading\"><strong>60 m<\/strong><\/h2>\n\n\n\n<figure class=\"wp-block-table is-style-regular\"><table><tbody><tr><td>6,97<\/td><td>Teemu Jokela -82<\/td><td>2003<\/td><\/tr><tr><td>7,31<\/td><td>Teemu Tuomela -00<\/td><td>2020<\/td><\/tr><tr><td>7,36<\/td><td>Asko Alanen -71<\/td><td>1988<\/td><\/tr><tr><td>7,41<\/td><td>Jarmo Vuorinen -83<\/td><td>1999<\/td><\/tr><tr><td>7,42<\/td><td>Pasi Korpi -70<\/td><td>1988<\/td><\/tr><tr><td>7,46<\/td><td>Kalle Ikonen -86<\/td><td>2005<\/td><\/tr><tr><td>7,52<\/td><td>Masamitsu Amemori -83<\/td><td>2000<\/td><\/tr><tr><td>7,53<\/td><td>Ville Rajala -93<\/td><td>2010<\/td><\/tr><tr><td>7,59<\/td><td>Teemu Salenius -88<\/td><td>2005<\/td><\/tr><tr><td>7,61<\/td><td>Anton Lepp\u00e4aho -05<\/td><td><strong>2025<\/strong><\/td><\/tr><tr><td>7,73<\/td><td>Aatu Kuusisto -10<\/td><td><strong>2025<\/strong><\/td><\/tr><\/tbody><\/table><\/figure>\n\n\n\n<h2 class=\"wp-block-heading\"><strong>200 m<\/strong><\/h2>\n\n\n\n<figure class=\"wp-block-table\"><table><tbody><tr><td>22,36 <br>oversized<\/td><td>Teemu Jokela -82<\/td><td>2006<\/td><\/tr><tr><td>22,54<\/td><td>Teemu Jokela -82<\/td><td>2001<\/td><\/tr><tr><td>22,94<br>oversized<\/td><td>Teemu Tuomela -00<\/td><td>2023<\/td><\/tr><tr><td>23,50<\/td><td>Harri Lepp\u00e4aho -67                                                                                                                                                                                                                                                                                                                                                                                    <\/td><td>1995<\/td><\/tr><tr><td>23,52<\/td><td>Jarmo Vuorinen -83<\/td><td>1999<\/td><\/tr><tr><td>23,66<\/td><td>Pasi Korpi -70<\/td><td>1988<\/td><\/tr><tr><td>23,70<\/td><td>Jarkko Mikkola -78<\/td><td>1998<\/td><\/tr><\/tbody><\/table><\/figure>\n\n\n\n<h2 class=\"wp-block-heading\"><strong>400 m<\/strong><\/h2>\n\n\n\n<figure class=\"wp-block-table\"><table><tbody><tr><td>50,41<\/td><td>Teemu Tuomela -00<\/td><td>2023<\/td><\/tr><tr><td>50,58<br>oversized<\/td><td>Teemu Jokela -82<\/td><td>2010<\/td><\/tr><tr><td>50,64<br>oversized<\/td><td>Teemu Tuomela -00<\/td><td>2022<\/td><\/tr><tr><td>51,49<\/td><td>Jyrki Tuomela -68<\/td><td>1988<\/td><\/tr><tr><td>52,02<\/td><td>Kalle Ikonen -86<\/td><td>2005<\/td><\/tr><tr><td>52,31<\/td><td>Arto Tuomela -66<\/td><td>1988<\/td><\/tr><tr><td>52,40<\/td><td>Pasi Korpi -70<\/td><td>1988<\/td><\/tr><tr><td>53,93<br>oversized<\/td><td>Sampo Autio -89<\/td><td>2004<\/td><\/tr><tr><td>55,27<\/td><td>Sampo Autio -89<\/td><td>2007<\/td><\/tr><\/tbody><\/table><\/figure>\n\n\n\n<h2 class=\"wp-block-heading\"><strong>800 m<\/strong><\/h2>\n\n\n\n<figure class=\"wp-block-table\"><table><tbody><tr><td>1.59,95<\/td><td>Henry Lepp\u00e4aho -66<\/td><td>1992<\/td><\/tr><tr><td>2.00,00<br>oversized<\/td><td>Kalle Ikonen-86<\/td><td>2003<\/td><\/tr><tr><td>2.01,71<\/td><td>Kalle Ikonen -86<\/td><td>2004<\/td><\/tr><tr><td>2.02,21<br>oversized<\/td><td>Veli-Jukka Hattula -88 <\/td><td>2006<\/td><\/tr><tr><td>2.05,32<\/td><td>Sampo Autio -89<\/td><td>2006<\/td><\/tr><tr><td>2.06,85<\/td><td>Veli-Jukka Hattula -88<\/td><td>2004<\/td><\/tr><tr><td>2.09,28<\/td><td>Sampo Sepp\u00e4 -98<\/td><td>2016<\/td><\/tr><\/tbody><\/table><\/figure>\n\n\n\n<h2 class=\"wp-block-heading\"><strong>1500 m<\/strong><\/h2>\n\n\n\n<figure class=\"wp-block-table\"><table><tbody><tr><td>4.00,04<\/td><td>Antti Iham\u00e4ki -97<\/td><td>2021<\/td><\/tr><tr><td>4.02,8h<br>oversized<\/td><td>Jussi Takala -74<\/td><td>2001<\/td><\/tr><tr><td>4.05,32<\/td><td>Jussi Takala -74<\/td><td>1998<\/td><\/tr><tr><td>4.17,63<\/td><td>Veli-Jukka Hattula -88 <\/td><td>2005<\/td><\/tr><tr><td>4.31,36<br>oversized<\/td><td>Sampo Sepp\u00e4 -98<\/td><td>2016<\/td><\/tr><\/tbody><\/table><\/figure>\n\n\n\n<h2 class=\"wp-block-heading\"><strong>3000 m<\/strong><\/h2>\n\n\n\n<figure class=\"wp-block-table\"><table><tbody><tr><td>8.20,02<\/td><td>Antti Iham\u00e4ki -97<\/td><td>2021<\/td><\/tr><tr><td>8.24,01<\/td><td>Antti Iham\u00e4ki -97<\/td><td>2021<\/td><\/tr><tr><td>8.53,92<\/td><td>Jussi Takala -74<\/td><td>2001<\/td><\/tr><tr><td>9.26,18<br>oversized<\/td><td> Veli-Jukka Hattula -88 <\/td><td>2005<\/td><\/tr><tr><td>9.26,79<\/td><td> Veli-Jukka Hattula -88 <\/td><td>2006<\/td><\/tr><\/tbody><\/table><\/figure>\n\n\n\n<h2 class=\"wp-block-heading\"><strong>60 m aidat<\/strong><\/h2>\n\n\n\n<figure class=\"wp-block-table\"><table><tbody><tr><td>7,99<\/td><td>Ville Rajala -93<\/td><td>2016<\/td><\/tr><tr><td>9,09<\/td><td>Jukka Lahti -72<\/td><td>1991<\/td><\/tr><tr><td>9,29<\/td><td>Asko Alanen -71<\/td><td>1992<\/td><\/tr><\/tbody><\/table><\/figure>\n\n\n\n<h2 class=\"wp-block-heading\"><strong>Korkeus<\/strong><\/h2>\n\n\n\n<figure class=\"wp-block-table\"><table><tbody><tr><td>211<\/td><td>Reijo V\u00e4h\u00e4l\u00e4 -46<\/td><td>1970<\/td><\/tr><tr><td>176<\/td><td>Masamitsu Amemori -83<\/td><td>2000<\/td><\/tr><tr><td>153<\/td><td>Kalevi Kyt\u00f6l\u00e4 -52<\/td><td>2008<\/td><\/tr><tr><td>150<\/td><td>Mikko Paavola -98<\/td><td>2011<\/td><\/tr><tr><td>149<\/td><td>Suriya Ratchanit -95<\/td><td>2010<\/td><\/tr><\/tbody><\/table><\/figure>\n\n\n\n<h2 class=\"wp-block-heading\"><strong>Seiv\u00e4s<\/strong><\/h2>\n\n\n\n<figure class=\"wp-block-table\"><table><tbody><tr><td>565<br>Piirinenn\u00e4tys<\/td><td>Mikko Paavola -98<\/td><td>2022<\/td><\/tr><tr><td>510<\/td><td>Yrj\u00f6 M\u00e4nnist\u00f6 -61<\/td><td>1983<\/td><\/tr><tr><td>430<\/td><td>Antti Sillanp\u00e4\u00e4 -61<\/td><td>1979<\/td><\/tr><tr><td>422<\/td><td>Mikko Ojala -93<\/td><td>2011<\/td><\/tr><tr><td>410<\/td><td>Masamitsu Amemori -83<\/td><td>2001<\/td><\/tr><tr><td>300<\/td><td>Kalevi Kyt\u00f6l\u00e4 -52<\/td><td>2005<\/td><\/tr><\/tbody><\/table><\/figure>\n\n\n\n<h2 class=\"wp-block-heading\"><strong>Pituus<\/strong><\/h2>\n\n\n\n<figure class=\"wp-block-table\"><table><tbody><tr><td>7,23<\/td><td>Timo Isokangas -63<\/td><td>1987<\/td><\/tr><tr><td>6,79<\/td><td>Juha Mantila -68<\/td><td>2001<\/td><\/tr><tr><td>6,36<\/td><td>Ville Rantala -66<\/td><td>1986<\/td><\/tr><tr><td>6,17<\/td><td>Masamitsu Amemori -83<\/td><td>2001<\/td><\/tr><tr><td>6,03<\/td><td>Tuomas Salenius -93<\/td><td>2009<\/td><\/tr><\/tbody><\/table><\/figure>\n\n\n\n<h2 class=\"wp-block-heading\"><strong>Kolmiloikka<\/strong> <\/h2>\n\n\n\n<figure class=\"wp-block-table\"><table><tbody><tr><td>14,59<\/td><td>Juha Mantila -68<\/td><td>2000<\/td><\/tr><tr><td>14,29<\/td><td>Jarkko Helenius -69<\/td><td>1986<\/td><\/tr><tr><td>14,19<\/td><td>Ville Rantala -66<\/td><td>1986<\/td><\/tr><tr><td>11,32<\/td><td>Markku Ojala -95<\/td><td>2010<\/td><\/tr><tr><td>10,96<\/td><td>Suriya Ratchanit -95<\/td><td>2009<\/td><\/tr><tr><td>10,59<\/td><td>Kalevi Kyt\u00f6l\u00e4 -52<\/td><td>2008<\/td><\/tr><\/tbody><\/table><\/figure>\n\n\n\n<h2 class=\"wp-block-heading\"><strong>Keih\u00e4s<\/strong> <strong>800 g<\/strong><\/h2>\n\n\n\n<figure class=\"wp-block-table\"><table><tbody><tr><td>73,85<\/td><td>Marko Kantanen -78<\/td><td>2005<\/td><\/tr><tr><td>65,58<\/td><td>Sami Peltom\u00e4ki -91<\/td><td>2013<\/td><\/tr><tr><td>63,99<\/td><td>Kalle Sillanp\u00e4\u00e4 -83<\/td><td>2001<\/td><\/tr><tr><td>59,60<\/td><td>Mauri Lepp\u00e4aho -73<\/td><td>1992<\/td><\/tr><\/tbody><\/table><\/figure>\n","protected":false},"excerpt":{"rendered":"<p>60 m 6,97 Teemu Jokela -82 2003 7,31 Teemu Tuomela -00 2020 7,36 Asko Alanen -71 1988 7,41 Jarmo Vuorinen -83 1999 7,42 Pasi Korpi -70 1988 7,46 Kalle Ikonen -86 2005 7,52 Masamitsu Amemori -83 2000 7,53 Ville Rajala -93 2010 7,59 Teemu Salenius -88 2005 7,61 Anton Lepp\u00e4aho -05 2025 7,73 Aatu Kuusisto &hellip; <\/p>\n<p class=\"link-more\"><a href=\"https:\/\/www.alajarvenankkurit.fi\/yleisurheilu\/hallitilastot\/miehet-halli\/\" class=\"more-link\">Jatka lukemista<span class=\"screen-reader-text\"> &#8221;Miehet (halli)&#8221;<\/span><\/a><\/p>\n","protected":false},"author":5,"featured_media":0,"parent":3118,"menu_order":0,"comment_status":"closed","ping_status":"closed","template":"","meta":{"footnotes":""},"class_list":["post-3103","page","type-page","status-publish","hentry"],"_links":{"self":[{"href":"https:\/\/www.alajarvenankkurit.fi\/yleisurheilu\/wp-json\/wp\/v2\/pages\/3103","targetHints":{"allow":["GET"]}}],"collection":[{"href":"https:\/\/www.alajarvenankkurit.fi\/yleisurheilu\/wp-json\/wp\/v2\/pages"}],"about":[{"href":"https:\/\/www.alajarvenankkurit.fi\/yleisurheilu\/wp-json\/wp\/v2\/types\/page"}],"author":[{"embeddable":true,"href":"https:\/\/www.alajarvenankkurit.fi\/yleisurheilu\/wp-json\/wp\/v2\/users\/5"}],"replies":[{"embeddable":true,"href":"https:\/\/www.alajarvenankkurit.fi\/yleisurheilu\/wp-json\/wp\/v2\/comments?post=3103"}],"version-history":[{"count":24,"href":"https:\/\/www.alajarvenankkurit.fi\/yleisurheilu\/wp-json\/wp\/v2\/pages\/3103\/revisions"}],"predecessor-version":[{"id":7386,"href":"https:\/\/www.alajarvenankkurit.fi\/yleisurheilu\/wp-json\/wp\/v2\/pages\/3103\/revisions\/7386"}],"up":[{"embeddable":true,"href":"https:\/\/www.alajarvenankkurit.fi\/yleisurheilu\/wp-json\/wp\/v2\/pages\/3118"}],"wp:attachment":[{"href":"https:\/\/www.alajarvenankkurit.fi\/yleisurheilu\/wp-json\/wp\/v2\/media?parent=3103"}],"curies":[{"name":"wp","href":"https:\/\/api.w.org\/{rel}","templated":true}]}}