{"id":2335,"date":"2021-08-22T19:06:00","date_gmt":"2021-08-22T16:06:00","guid":{"rendered":"https:\/\/www.alajarvenankkurit.fi\/yleisurheilu\/?page_id=2335"},"modified":"2021-09-03T21:51:56","modified_gmt":"2021-09-03T18:51:56","slug":"seuracup-2021","status":"publish","type":"page","link":"https:\/\/www.alajarvenankkurit.fi\/yleisurheilu\/seuracup-2021\/","title":{"rendered":"Seuracup 2021"},"content":{"rendered":"\n<p>Alaj\u00e4rven Ankkurit osallistuu j\u00e4lleen valtakunnalliseen Pohjola Seuracupiin, jossa yleisurheiluseurat kilpailevat kesken\u00e4\u00e4n joukkueina. Ankkurit p\u00e4\u00e4si hienosti tavoitteeseen eli ker\u00e4si riitt\u00e4v\u00e4sti kahdessa piirikilpailussa tuloksista saatavia pisteit\u00e4. N\u00e4in seuramme on kokoluokassaan Suomen 16 parhaan seuran joukossa ja matkaamme la 4.9.2021 Laitilassa j\u00e4rjestett\u00e4v\u00e4\u00e4n A-sarjan finaaliin!<\/p>\n\n\n\n<p><strong>Ensimm\u00e4inen piirikisa <\/strong>kisattiin 15.6.2021 Kauhajoella (<a rel=\"noreferrer noopener\" href=\"https:\/\/www.tilastopaja.eu\/fi\/db\/tulokset.php?CID=81954\" data-type=\"URL\" data-id=\"https:\/\/www.tilastopaja.eu\/fi\/db\/tulokset.php?CID=81954\" target=\"_blank\">tulokset<\/a>). Ankkurit sai kasaan iskukykyisen joukkueen, vaikka muutamia lajeja j\u00e4i t\u00e4ytt\u00e4m\u00e4tt\u00e4 ja valitettavat sairastumiset hieman harvensivat joukkuetta. Joukkueessa oli kuitenkin mukana ilahduttavan iso m\u00e4\u00e4r\u00e4 ensikertalaisia, jotka kilpailivat rohkeasti my\u00f6s omaa ik\u00e4luokkaansa vanhempien sarjoissa. Tuloksena oli kaikkiaan 5844 pistett\u00e4 ja tukku omia enn\u00e4tyksi\u00e4 ja hienoja venymisi\u00e4.<\/p>\n\n\n\n<p><strong>Toinen piirikisa<\/strong> kilpailtiin 10.8.2021 Ilmajoella (<a rel=\"noreferrer noopener\" href=\"https:\/\/www.tilastopaja.eu\/fi\/db\/tulokset.php?CID=83883\" data-type=\"URL\" data-id=\"https:\/\/www.tilastopaja.eu\/fi\/db\/tulokset.php?CID=83883\" target=\"_blank\">tulokset<\/a>). T\u00e4ll\u00e4 kertaa saimme kaikkiin tytt\u00f6jen lajeihin (T15 k\u00e4vely\u00e4 lukuunottamatta) urheilijan, mutta valitettavasti j\u00e4lleen monta poikien lajia j\u00e4i ilman osallistujaa. T\u00e4st\u00e4 huolimatta joukkue haali kasaan komeat 7400 pistett\u00e4 ja niukasti rimaa hipoen t\u00e4m\u00e4 pistem\u00e4\u00e4r\u00e4 riitt\u00e4\u00e4 finaaliin (<a href=\"http:\/\/seuracup.tuloslista.com\/list\/A\/\" data-type=\"URL\" data-id=\"http:\/\/seuracup.tuloslista.com\/list\/A\/\" target=\"_blank\" rel=\"noreferrer noopener\">pistetilanne<\/a>)!<\/p>\n\n\n\n<p><strong>Erityisesti piirikisaan rohkaisemme my\u00f6s ensikertalaisia! <\/strong> Jokaisessa lajissa ja sarjassa vain parhaan tuloksen tehnyt tuo seuralle pisteit\u00e4, joten t\u00e4rke\u00e4\u00e4 olisi saada joka lajiin ja sarjaan v\u00e4hint\u00e4\u00e4n yksi urheilija. Piirikilpailussa vain tulos tuo pisteit\u00e4, sijoituksella ei ole merkityst\u00e4! Ainoa vaatimus osallistumiselle on voimassa oleva&nbsp;<a rel=\"noreferrer noopener\" href=\"http:\/\/www.yleisurheilu.fi\/seurat\/yleisurheilulisenssit\" target=\"_blank\">yleisurheilulisenssi<\/a>.&nbsp; Ankkureiden harjoitustoiminnassa ja yleisurheilukoulussa mukana olleilla yleisurheilulisenssi kaudelle 2021 onkin jo olemassa. Lisenssin voi my\u00f6s hankkia omatoimisesti. Ohjeet hankintaan l\u00f6ytyv\u00e4t&nbsp;<a rel=\"noreferrer noopener\" href=\"http:\/\/www.alajarvenankkurit.fi\/yleisurheilu\/kilpailutoiminta\/\" target=\"_blank\">t\u00e4lt\u00e4 sivulta.<\/a><\/p>\n\n\n\n<p>Finaalin (4.9.2021 Laitila <a rel=\"noreferrer noopener\" href=\"https:\/\/www.kilpailukalenteri.fi\/?cs=16&amp;nid=29365\" data-type=\"URL\" data-id=\"https:\/\/www.kilpailukalenteri.fi\/?cs=16&amp;nid=29365\" target=\"_blank\">kilpailukalenterilinkki<\/a>) luonne on erilainen kuin osakilpailussa. Nyt vain sijoitus m\u00e4\u00e4r\u00e4\u00e4 pistem\u00e4\u00e4r\u00e4n (maaottelun tapaan)! Finaalin lajit ja osallistujat (vain yksi urheilija\/laji, vahvistanut <strong>bold<\/strong>, seura ilmoittanut joukkueen). <\/p>\n\n\n\n<figure class=\"wp-block-table\"><table><tbody><tr><td class=\"has-text-align-center\" data-align=\"center\"><\/td><td><strong>Pikamatkat<\/strong><\/td><td><strong>Kest\u00e4vyysmatkat<\/strong><\/td><td><strong>Hypyt<\/strong><\/td><td><strong>Heitot<\/strong><\/td><td><strong>Sukkulaviesti<\/strong><\/td><\/tr><tr><td class=\"has-text-align-center\" data-align=\"center\"><strong>11v<\/strong><\/td><td><span style=\"text-decoration: underline\">60maj<\/span><span style=\"text-decoration: underline\"><\/span><br><strong>Jenica Pessinen<\/strong><em><br><\/em><strong>Elias Onditi<\/strong> <\/td><td><span style=\"text-decoration: underline\">1000m<\/span><br><strong>Eerika Sironen<\/strong><em><br><\/em><strong>Ilmari Levijoki<\/strong><\/td><td><span style=\"text-decoration: underline\">Pituus<\/span><br><strong>Roosa Pessinen<\/strong><br><strong>Jaakob Onditi<\/strong><\/td><td><span style=\"text-decoration: underline\">Keih\u00e4s<span style=\"text-decoration: underline\"><\/span><\/span><br><strong>Nelly Sillanp\u00e4\u00e4<\/strong><br><strong>Samuel Kuoppa-aho<\/strong><\/td><td>2 tytt\u00f6\u00e4<br>2 poikaa<br><\/td><\/tr><tr><td class=\"has-text-align-center\" data-align=\"center\"><strong>13v<\/strong><\/td><td><span style=\"text-decoration: underline\">60maj<\/span><br><strong>Emilia Salo<\/strong><br><em>Poikaurheilija<\/em><\/td><td><span style=\"text-decoration: underline\"><span style=\"text-decoration: underline\">1000<span style=\"text-decoration: underline\">m<\/span><\/span> <\/span><br><strong>Viola Takala<\/strong><br><strong>Julius Pakka<\/strong><\/td><td><span style=\"text-decoration: underline\">Korkeus<\/span><br><strong>Aada Piispanen<\/strong> <br><em>Poikaurheilija<\/em><\/td><td><span style=\"text-decoration: underline\">Moukari<span style=\"text-decoration: underline\"><\/span><\/span><br><strong>Hanna Siiril\u00e4 <\/strong><br><strong>Aamos Kivikangas<\/strong><\/td><td>2 tytt\u00f6\u00e4<br>2 poikaa <\/td><\/tr><tr><td class=\"has-text-align-center\" data-align=\"center\"><strong>15v<\/strong><\/td><td><span style=\"text-decoration: underline\">100m<\/span><br><strong>Milja-Maria Lahti<\/strong><em><br>Poikaurheilija<\/em><\/td><td><span style=\"text-decoration: underline\">2000m<\/span><br><strong>Liinu J\u00e4rvinen<\/strong><br><em>Poikaurheilija<\/em><br><span style=\"text-decoration: underline\">1000m k\u00e4vely<\/span><br><strong>Seliina Kuoppa-aho<\/strong><br><em>Poikaurheilija <\/em><\/td><td><span style=\"text-decoration: underline\">Seiv\u00e4s<span style=\"text-decoration: underline\"><\/span><\/span><br><strong>Ilona Takala <\/strong><br><em>Poikaurheilija<\/em><\/td><td><span style=\"text-decoration: underline\">Kuula<\/span><br><strong>Emmi Pitk\u00e4kangas<\/strong><br><strong>Henri Pitk\u00e4kangas<\/strong><\/td><td>2 tytt\u00f6\u00e4<br>2 poikaa<\/td><\/tr><tr><td class=\"has-text-align-center\" data-align=\"center\"><strong>17v<\/strong><\/td><td><span style=\"text-decoration: underline\">200m<\/span><br><em>Tytt\u00f6urheilija<\/em> <br><em>Poikaurheilija<\/em><\/td><td><\/td><td><span style=\"text-decoration: underline\">Pituus<\/span><br><strong>Emmi Piispanen<\/strong>  <em><br>Poikaurheilija<\/em><\/td><td><span style=\"text-decoration: underline\">Kuula<\/span><br><strong>Sara Vuorela<\/strong><br><strong>Olavi Yli-Mannila<\/strong><\/td><td>2 tytt\u00f6\u00e4<br>2 poikaa <\/td><\/tr><\/tbody><\/table><\/figure>\n\n\n\n<figure class=\"wp-block-gallery columns-3 is-cropped wp-block-gallery-1 is-layout-flex wp-block-gallery-is-layout-flex\"><ul class=\"blocks-gallery-grid\"><li class=\"blocks-gallery-item\"><figure><img loading=\"lazy\" decoding=\"async\" width=\"493\" height=\"556\" src=\"https:\/\/www.alajarvenankkurit.fi\/yleisurheilu\/wp-content\/uploads\/sites\/2\/2021\/08\/Sekaviesti.jpg\" alt=\"\" data-id=\"2616\" data-full-url=\"https:\/\/www.alajarvenankkurit.fi\/yleisurheilu\/wp-content\/uploads\/sites\/2\/2021\/08\/Sekaviesti.jpg\" data-link=\"https:\/\/www.alajarvenankkurit.fi\/yleisurheilu\/seuracup-2021\/attachment\/sekaviesti\/\" class=\"wp-image-2616\" srcset=\"https:\/\/www.alajarvenankkurit.fi\/yleisurheilu\/wp-content\/uploads\/sites\/2\/2021\/08\/Sekaviesti.jpg 493w, https:\/\/www.alajarvenankkurit.fi\/yleisurheilu\/wp-content\/uploads\/sites\/2\/2021\/08\/Sekaviesti-266x300.jpg 266w\" sizes=\"auto, (max-width: 493px) 100vw, 493px\" \/><figcaption class=\"blocks-gallery-item__caption\">Eerika Sironen<\/figcaption><\/figure><\/li><li class=\"blocks-gallery-item\"><figure><img loading=\"lazy\" decoding=\"async\" width=\"392\" height=\"550\" src=\"https:\/\/www.alajarvenankkurit.fi\/yleisurheilu\/wp-content\/uploads\/sites\/2\/2021\/08\/Emilia.jpg\" alt=\"\" data-id=\"2617\" data-full-url=\"https:\/\/www.alajarvenankkurit.fi\/yleisurheilu\/wp-content\/uploads\/sites\/2\/2021\/08\/Emilia.jpg\" data-link=\"https:\/\/www.alajarvenankkurit.fi\/yleisurheilu\/seuracup-2021\/attachment\/emilia\/\" class=\"wp-image-2617\" srcset=\"https:\/\/www.alajarvenankkurit.fi\/yleisurheilu\/wp-content\/uploads\/sites\/2\/2021\/08\/Emilia.jpg 392w, https:\/\/www.alajarvenankkurit.fi\/yleisurheilu\/wp-content\/uploads\/sites\/2\/2021\/08\/Emilia-214x300.jpg 214w\" sizes=\"auto, (max-width: 392px) 100vw, 392px\" \/><figcaption class=\"blocks-gallery-item__caption\">Emilia Salo<\/figcaption><\/figure><\/li><li class=\"blocks-gallery-item\"><figure><img loading=\"lazy\" decoding=\"async\" width=\"476\" height=\"553\" src=\"https:\/\/www.alajarvenankkurit.fi\/yleisurheilu\/wp-content\/uploads\/sites\/2\/2021\/08\/Kavely.jpg\" alt=\"\" data-id=\"2615\" data-full-url=\"https:\/\/www.alajarvenankkurit.fi\/yleisurheilu\/wp-content\/uploads\/sites\/2\/2021\/08\/Kavely.jpg\" data-link=\"https:\/\/www.alajarvenankkurit.fi\/yleisurheilu\/seuracup-2021\/attachment\/kavely\/\" class=\"wp-image-2615\" srcset=\"https:\/\/www.alajarvenankkurit.fi\/yleisurheilu\/wp-content\/uploads\/sites\/2\/2021\/08\/Kavely.jpg 476w, https:\/\/www.alajarvenankkurit.fi\/yleisurheilu\/wp-content\/uploads\/sites\/2\/2021\/08\/Kavely-258x300.jpg 258w\" sizes=\"auto, (max-width: 476px) 100vw, 476px\" \/><figcaption class=\"blocks-gallery-item__caption\">Roosa Pessinen<\/figcaption><\/figure><\/li><\/ul><figcaption class=\"blocks-gallery-caption\">Ilmajoen piirikisa 11.8.2021 (kuvat Jani Vuorela)<\/figcaption><\/figure>\n\n\n\n<p><\/p>\n","protected":false},"excerpt":{"rendered":"<p>Alaj\u00e4rven Ankkurit osallistuu j\u00e4lleen valtakunnalliseen Pohjola Seuracupiin, jossa yleisurheiluseurat kilpailevat kesken\u00e4\u00e4n joukkueina. Ankkurit p\u00e4\u00e4si hienosti tavoitteeseen eli ker\u00e4si riitt\u00e4v\u00e4sti kahdessa piirikilpailussa tuloksista saatavia pisteit\u00e4. N\u00e4in seuramme on kokoluokassaan Suomen 16 parhaan seuran joukossa ja matkaamme la 4.9.2021 Laitilassa j\u00e4rjestett\u00e4v\u00e4\u00e4n A-sarjan finaaliin! Ensimm\u00e4inen piirikisa kisattiin 15.6.2021 Kauhajoella (tulokset). Ankkurit sai kasaan iskukykyisen joukkueen, vaikka muutamia lajeja &hellip; <\/p>\n<p class=\"link-more\"><a href=\"https:\/\/www.alajarvenankkurit.fi\/yleisurheilu\/seuracup-2021\/\" class=\"more-link\">Jatka lukemista<span class=\"screen-reader-text\"> &#8221;Seuracup 2021&#8221;<\/span><\/a><\/p>\n","protected":false},"author":5,"featured_media":0,"parent":0,"menu_order":0,"comment_status":"closed","ping_status":"closed","template":"","meta":{"footnotes":""},"class_list":["post-2335","page","type-page","status-publish","hentry"],"_links":{"self":[{"href":"https:\/\/www.alajarvenankkurit.fi\/yleisurheilu\/wp-json\/wp\/v2\/pages\/2335","targetHints":{"allow":["GET"]}}],"collection":[{"href":"https:\/\/www.alajarvenankkurit.fi\/yleisurheilu\/wp-json\/wp\/v2\/pages"}],"about":[{"href":"https:\/\/www.alajarvenankkurit.fi\/yleisurheilu\/wp-json\/wp\/v2\/types\/page"}],"author":[{"embeddable":true,"href":"https:\/\/www.alajarvenankkurit.fi\/yleisurheilu\/wp-json\/wp\/v2\/users\/5"}],"replies":[{"embeddable":true,"href":"https:\/\/www.alajarvenankkurit.fi\/yleisurheilu\/wp-json\/wp\/v2\/comments?post=2335"}],"version-history":[{"count":80,"href":"https:\/\/www.alajarvenankkurit.fi\/yleisurheilu\/wp-json\/wp\/v2\/pages\/2335\/revisions"}],"predecessor-version":[{"id":2772,"href":"https:\/\/www.alajarvenankkurit.fi\/yleisurheilu\/wp-json\/wp\/v2\/pages\/2335\/revisions\/2772"}],"wp:attachment":[{"href":"https:\/\/www.alajarvenankkurit.fi\/yleisurheilu\/wp-json\/wp\/v2\/media?parent=2335"}],"curies":[{"name":"wp","href":"https:\/\/api.w.org\/{rel}","templated":true}]}}