{"id":2183,"date":"2021-04-29T18:29:25","date_gmt":"2021-04-29T15:29:25","guid":{"rendered":"https:\/\/www.alajarvenankkurit.fi\/yleisurheilu\/?page_id=2183"},"modified":"2026-04-12T13:05:52","modified_gmt":"2026-04-12T10:05:52","slug":"valmennusryhmat","status":"publish","type":"page","link":"https:\/\/www.alajarvenankkurit.fi\/yleisurheilu\/harjoitustoiminta\/valmennusryhmat\/","title":{"rendered":"Valmennusryhm\u00e4t ja yli 14-vuotiaiden harjoittelu"},"content":{"rendered":"\n<p>Alaj\u00e4rven Ankkureissa toimii yleisurheilukoulun ja nuorten valmennusryhm\u00e4n lis\u00e4ksi heittolajien ryhmi\u00e4.<\/p>\n\n\n\n<p><strong>Keih\u00e4sryhm\u00e4<\/strong> harjoittelee talvikaudella Monitoimihallilla ja kes\u00e4kaudella Ankkurikent\u00e4ll\u00e4.<\/p>\n\n\n\n<p><strong>Moukari\/kiekko\/kuularyhm\u00e4<\/strong> harjoittelee talvikaudella Monitoimihallissa ja kes\u00e4kaudella Pitk\u00e4kankaan heittokent\u00e4ll\u00e4 (Ahonm\u00e4entie 126, Menkij\u00e4rvi) tai Ankkurikent\u00e4ll\u00e4.<\/p>\n\n\n\n<p><strong>Yli 14-vuotiaat urheilijat<\/strong> harjoittelevat joko ryhmiss\u00e4 ja\/tai itsen\u00e4isesti oman harjoitusohjelman mukaisesti. Tarvittaessa hankitaan my\u00f6s henkil\u00f6kohtainen valmentaja.<\/p>\n\n\n\n<p>Tiedustelut valmennusryhmist\u00e4 ja valmennuksesta Tapio Rajala puh. 0400 442 493.<\/p>\n\n\n\n<figure class=\"wp-block-gallery has-nested-images columns-default is-cropped wp-block-gallery-1 is-layout-flex wp-block-gallery-is-layout-flex\">\n<figure class=\"wp-block-image size-large\"><img loading=\"lazy\" decoding=\"async\" width=\"473\" height=\"561\" data-id=\"4309\" src=\"https:\/\/www.alajarvenankkurit.fi\/yleisurheilu\/wp-content\/uploads\/sites\/2\/2022\/09\/Emmi_keihas_pysty.jpg\" alt=\"\" class=\"wp-image-4309\" srcset=\"https:\/\/www.alajarvenankkurit.fi\/yleisurheilu\/wp-content\/uploads\/sites\/2\/2022\/09\/Emmi_keihas_pysty.jpg 473w, https:\/\/www.alajarvenankkurit.fi\/yleisurheilu\/wp-content\/uploads\/sites\/2\/2022\/09\/Emmi_keihas_pysty-253x300.jpg 253w\" sizes=\"auto, (max-width: 473px) 100vw, 473px\" \/><\/figure>\n\n\n\n<figure class=\"wp-block-image size-large\"><img loading=\"lazy\" decoding=\"async\" width=\"446\" height=\"559\" data-id=\"4307\" src=\"https:\/\/www.alajarvenankkurit.fi\/yleisurheilu\/wp-content\/uploads\/sites\/2\/2022\/09\/Henri_moukari_pysty.jpg\" alt=\"\" class=\"wp-image-4307\" srcset=\"https:\/\/www.alajarvenankkurit.fi\/yleisurheilu\/wp-content\/uploads\/sites\/2\/2022\/09\/Henri_moukari_pysty.jpg 446w, https:\/\/www.alajarvenankkurit.fi\/yleisurheilu\/wp-content\/uploads\/sites\/2\/2022\/09\/Henri_moukari_pysty-239x300.jpg 239w\" sizes=\"auto, (max-width: 446px) 100vw, 446px\" \/><\/figure>\n<\/figure>\n\n\n\n<figure class=\"wp-block-gallery has-nested-images columns-default is-cropped wp-block-gallery-2 is-layout-flex wp-block-gallery-is-layout-flex\">\n<figure class=\"wp-block-image size-large\"><img loading=\"lazy\" decoding=\"async\" width=\"1125\" height=\"2000\" data-id=\"7878\" src=\"https:\/\/www.alajarvenankkurit.fi\/yleisurheilu\/wp-content\/uploads\/sites\/2\/2025\/09\/T15_joukkue-1.jpg\" alt=\"\" class=\"wp-image-7878\" srcset=\"https:\/\/www.alajarvenankkurit.fi\/yleisurheilu\/wp-content\/uploads\/sites\/2\/2025\/09\/T15_joukkue-1.jpg 1125w, https:\/\/www.alajarvenankkurit.fi\/yleisurheilu\/wp-content\/uploads\/sites\/2\/2025\/09\/T15_joukkue-1-169x300.jpg 169w, https:\/\/www.alajarvenankkurit.fi\/yleisurheilu\/wp-content\/uploads\/sites\/2\/2025\/09\/T15_joukkue-1-768x1365.jpg 768w, https:\/\/www.alajarvenankkurit.fi\/yleisurheilu\/wp-content\/uploads\/sites\/2\/2025\/09\/T15_joukkue-1-864x1536.jpg 864w\" sizes=\"auto, (max-width: 767px) 89vw, (max-width: 1000px) 54vw, (max-width: 1071px) 543px, 580px\" \/><\/figure>\n\n\n\n<figure class=\"wp-block-image size-large\"><img loading=\"lazy\" decoding=\"async\" width=\"1367\" height=\"2048\" data-id=\"7879\" src=\"https:\/\/www.alajarvenankkurit.fi\/yleisurheilu\/wp-content\/uploads\/sites\/2\/2025\/09\/Hanna_Siirila-1367x2048.jpg\" alt=\"\" class=\"wp-image-7879\" srcset=\"https:\/\/www.alajarvenankkurit.fi\/yleisurheilu\/wp-content\/uploads\/sites\/2\/2025\/09\/Hanna_Siirila-1367x2048.jpg 1367w, https:\/\/www.alajarvenankkurit.fi\/yleisurheilu\/wp-content\/uploads\/sites\/2\/2025\/09\/Hanna_Siirila-200x300.jpg 200w, https:\/\/www.alajarvenankkurit.fi\/yleisurheilu\/wp-content\/uploads\/sites\/2\/2025\/09\/Hanna_Siirila-768x1151.jpg 768w, https:\/\/www.alajarvenankkurit.fi\/yleisurheilu\/wp-content\/uploads\/sites\/2\/2025\/09\/Hanna_Siirila-1025x1536.jpg 1025w, https:\/\/www.alajarvenankkurit.fi\/yleisurheilu\/wp-content\/uploads\/sites\/2\/2025\/09\/Hanna_Siirila-scaled.jpg 1708w\" sizes=\"auto, (max-width: 767px) 89vw, (max-width: 1000px) 54vw, (max-width: 1071px) 543px, 580px\" \/><\/figure>\n<\/figure>\n","protected":false},"excerpt":{"rendered":"<p>Alaj\u00e4rven Ankkureissa toimii yleisurheilukoulun ja nuorten valmennusryhm\u00e4n lis\u00e4ksi heittolajien ryhmi\u00e4. Keih\u00e4sryhm\u00e4 harjoittelee talvikaudella Monitoimihallilla ja kes\u00e4kaudella Ankkurikent\u00e4ll\u00e4. Moukari\/kiekko\/kuularyhm\u00e4 harjoittelee talvikaudella Monitoimihallissa ja kes\u00e4kaudella Pitk\u00e4kankaan heittokent\u00e4ll\u00e4 (Ahonm\u00e4entie 126, Menkij\u00e4rvi) tai Ankkurikent\u00e4ll\u00e4. Yli 14-vuotiaat urheilijat harjoittelevat joko ryhmiss\u00e4 ja\/tai itsen\u00e4isesti oman harjoitusohjelman mukaisesti. Tarvittaessa hankitaan my\u00f6s henkil\u00f6kohtainen valmentaja. Tiedustelut valmennusryhmist\u00e4 ja valmennuksesta Tapio Rajala puh. 0400 442 &hellip; <\/p>\n<p class=\"link-more\"><a href=\"https:\/\/www.alajarvenankkurit.fi\/yleisurheilu\/harjoitustoiminta\/valmennusryhmat\/\" class=\"more-link\">Jatka lukemista<span class=\"screen-reader-text\"> &#8221;Valmennusryhm\u00e4t ja yli 14-vuotiaiden harjoittelu&#8221;<\/span><\/a><\/p>\n","protected":false},"author":1,"featured_media":0,"parent":500,"menu_order":0,"comment_status":"closed","ping_status":"closed","template":"","meta":{"footnotes":""},"class_list":["post-2183","page","type-page","status-publish","hentry"],"_links":{"self":[{"href":"https:\/\/www.alajarvenankkurit.fi\/yleisurheilu\/wp-json\/wp\/v2\/pages\/2183","targetHints":{"allow":["GET"]}}],"collection":[{"href":"https:\/\/www.alajarvenankkurit.fi\/yleisurheilu\/wp-json\/wp\/v2\/pages"}],"about":[{"href":"https:\/\/www.alajarvenankkurit.fi\/yleisurheilu\/wp-json\/wp\/v2\/types\/page"}],"author":[{"embeddable":true,"href":"https:\/\/www.alajarvenankkurit.fi\/yleisurheilu\/wp-json\/wp\/v2\/users\/1"}],"replies":[{"embeddable":true,"href":"https:\/\/www.alajarvenankkurit.fi\/yleisurheilu\/wp-json\/wp\/v2\/comments?post=2183"}],"version-history":[{"count":23,"href":"https:\/\/www.alajarvenankkurit.fi\/yleisurheilu\/wp-json\/wp\/v2\/pages\/2183\/revisions"}],"predecessor-version":[{"id":8288,"href":"https:\/\/www.alajarvenankkurit.fi\/yleisurheilu\/wp-json\/wp\/v2\/pages\/2183\/revisions\/8288"}],"up":[{"embeddable":true,"href":"https:\/\/www.alajarvenankkurit.fi\/yleisurheilu\/wp-json\/wp\/v2\/pages\/500"}],"wp:attachment":[{"href":"https:\/\/www.alajarvenankkurit.fi\/yleisurheilu\/wp-json\/wp\/v2\/media?parent=2183"}],"curies":[{"name":"wp","href":"https:\/\/api.w.org\/{rel}","templated":true}]}}