{"id":1466,"date":"2021-08-04T23:33:00","date_gmt":"2021-08-04T20:33:00","guid":{"rendered":"https:\/\/www.alajarvenankkurit.fi\/yleisurheilu\/?page_id=1466"},"modified":"2025-08-17T21:56:51","modified_gmt":"2025-08-17T18:56:51","slug":"hippokisat","status":"publish","type":"page","link":"https:\/\/www.alajarvenankkurit.fi\/yleisurheilu\/kilpailutoiminta\/hippokisat\/","title":{"rendered":"Hippokisat"},"content":{"rendered":"\n<div class=\"wp-block-media-text alignwide has-media-on-the-right is-stacked-on-mobile\" style=\"grid-template-columns:auto 19%\"><div class=\"wp-block-media-text__content\">\n<p class=\"has-medium-font-size\"><strong>Tervetuloa Hippokisoihin j\u00e4lleen elokuussa 2026! <\/strong><\/p>\n<\/div><figure class=\"wp-block-media-text__media\"><img loading=\"lazy\" decoding=\"async\" width=\"600\" height=\"600\" src=\"https:\/\/www.alajarvenankkurit.fi\/yleisurheilu\/wp-content\/uploads\/sites\/2\/2019\/10\/OP-liikemerkki-kuva_pieni.jpg\" alt=\"\" class=\"wp-image-173 size-full\" srcset=\"https:\/\/www.alajarvenankkurit.fi\/yleisurheilu\/wp-content\/uploads\/sites\/2\/2019\/10\/OP-liikemerkki-kuva_pieni.jpg 600w, https:\/\/www.alajarvenankkurit.fi\/yleisurheilu\/wp-content\/uploads\/sites\/2\/2019\/10\/OP-liikemerkki-kuva_pieni-150x150.jpg 150w, https:\/\/www.alajarvenankkurit.fi\/yleisurheilu\/wp-content\/uploads\/sites\/2\/2019\/10\/OP-liikemerkki-kuva_pieni-300x300.jpg 300w, https:\/\/www.alajarvenankkurit.fi\/yleisurheilu\/wp-content\/uploads\/sites\/2\/2019\/10\/OP-liikemerkki-kuva_pieni-100x100.jpg 100w\" sizes=\"auto, (max-width: 600px) 100vw, 600px\" \/><\/figure><\/div>\n\n\n\n<p><\/p>\n\n\n\n<h4 class=\"wp-block-heading\">Sarjat ja lajit:<\/h4>\n\n\n\n<pre class=\"wp-block-verse\">TP3 (v. 2022 tai my\u00f6hemmin syntyneet): 40m<br>TP4 (v. 2021 syntyneet): 40m<br>TP5 (v. 2020 syntyneet): 40m<br>TP6 (v. 2019 syntyneet): 40m<br>TP7 (v. 2018 syntyneet): 40m, pituus<br>TP8 (v. 2017 syntyneet): 40m, pituus<br>TP9 (v. 2016 syntyneet): 40m, kuula<br>TP10 (v. 2015 syntyneet): 60m, kuula<br>TP11 (v. 2014 syntyneet): 60m, kuula<br>TP12 (v. 2013 syntyneet): 60m, kuula<br>TP13 (v. 2012 syntyneet): 60m, kuula<\/pre>\n\n\n\n<h4 class=\"wp-block-heading\">Ilmoittautuminen:<\/h4>\n\n\n\n<p><strong>Ilmoittaudu etuk\u00e4teen<\/strong> ilmoittamalla <strong>nimi, syntym\u00e4vuosi ja laji\/lajit<\/strong> s\u00e4hk\u00f6postilla: yleisurheilu@alajarvenankkurit.fi tai whatsapp- tai tekstiviestill\u00e4: +358407325564 (Sari Yli-Mannila) <strong>viimeist\u00e4\u00e4n ma 11.8. klo 17.00<\/strong>. T\u00e4ll\u00f6in v\u00e4lttyy ilmoittautumisjonolta ja voi saapua suoraan suorituspaikalle! Halutessaan voi saapua ilmoittautumaan my\u00f6s kent\u00e4lle viimeist\u00e4\u00e4n klo 17.30. Alla oleva aikataulu on ohjeellinen eli seuraava laji alkaa, kun edellinen loppuu. Pituudessa ja kuulassa 3 suorituskierrosta.<\/p>\n\n\n\n<h4 class=\"wp-block-heading\">Ohjeellinen aikataulu:<strong> <\/strong><\/h4>\n\n\n\n<figure class=\"wp-block-table is-style-stripes\"><table><tbody><tr><td class=\"has-text-align-center\" data-align=\"center\"><strong>Klo<\/strong><\/td><td><strong>Juoksut<\/strong><\/td><td><strong>Pituus<\/strong><\/td><td><strong>Kuula<\/strong><\/td><td><\/td><\/tr><tr><td class=\"has-text-align-center\" data-align=\"center\">18.00<\/td><td>T3 40m<\/td><td>T7<\/td><td>T9<\/td><td><\/td><\/tr><tr><td class=\"has-text-align-center\" data-align=\"center\"><\/td><td>P3 40m<\/td><td><\/td><td><\/td><td><\/td><\/tr><tr><td class=\"has-text-align-center\" data-align=\"center\"><\/td><td>T4 40m<\/td><td><\/td><td>P9<\/td><td><\/td><\/tr><tr><td class=\"has-text-align-center\" data-align=\"center\"><\/td><td>P4 40m<\/td><td><\/td><td><\/td><td><\/td><\/tr><tr><td class=\"has-text-align-center\" data-align=\"center\"><\/td><td>T5 40m<\/td><td>P7<\/td><td><\/td><td><\/td><\/tr><tr><td class=\"has-text-align-center\" data-align=\"center\"><\/td><td>P5 40m<\/td><td><\/td><td>T10\/11<\/td><td><\/td><\/tr><tr><td class=\"has-text-align-center\" data-align=\"center\">18.30<\/td><td>T6 40m<\/td><td><\/td><td><\/td><td><\/td><\/tr><tr><td class=\"has-text-align-center\" data-align=\"center\"><\/td><td>P6 40m<\/td><td><\/td><td>P10\/11<\/td><td><\/td><\/tr><tr><td class=\"has-text-align-center\" data-align=\"center\"><\/td><td>T8 40m<\/td><td><\/td><td><\/td><td><\/td><\/tr><tr><td class=\"has-text-align-center\" data-align=\"center\"><\/td><td>P8 40m<\/td><td><\/td><td><\/td><td><\/td><\/tr><tr><td class=\"has-text-align-center\" data-align=\"center\"><\/td><td>T7 40m<\/td><td>T8<\/td><td>TP12\/13<\/td><td><\/td><\/tr><tr><td class=\"has-text-align-center\" data-align=\"center\"><\/td><td>P7 40m<\/td><td><\/td><td><\/td><td><\/td><\/tr><tr><td class=\"has-text-align-center\" data-align=\"center\">19.00<\/td><td>T9 40m<\/td><td><\/td><td><\/td><td><\/td><\/tr><tr><td class=\"has-text-align-center\" data-align=\"center\"><\/td><td>P9 40m<\/td><td><\/td><td><\/td><td><\/td><\/tr><tr><td class=\"has-text-align-center\" data-align=\"center\"><\/td><td>T10 60m<\/td><td>P8<\/td><td><\/td><td><\/td><\/tr><tr><td class=\"has-text-align-center\" data-align=\"center\"><\/td><td>P10 60m<\/td><td><\/td><td><\/td><td><\/td><\/tr><tr><td class=\"has-text-align-center\" data-align=\"center\"><\/td><td>T11 60m<\/td><td><\/td><td><\/td><td><\/td><\/tr><tr><td class=\"has-text-align-center\" data-align=\"center\"><\/td><td>P11 60m<\/td><td><\/td><td><\/td><td><\/td><\/tr><tr><td class=\"has-text-align-center\" data-align=\"center\"><\/td><td>T12\/13 60m<\/td><td><\/td><td><\/td><td><\/td><\/tr><tr><td class=\"has-text-align-center\" data-align=\"center\"><\/td><td>P12\/13 60m<\/td><td><\/td><td><\/td><td><\/td><\/tr><\/tbody><\/table><\/figure>\n\n\n\n<div class=\"wp-block-media-text alignwide is-stacked-on-mobile\" style=\"grid-template-columns:38% auto\"><figure class=\"wp-block-media-text__media\"><img loading=\"lazy\" decoding=\"async\" width=\"1536\" height=\"2048\" src=\"https:\/\/www.alajarvenankkurit.fi\/yleisurheilu\/wp-content\/uploads\/sites\/2\/2023\/08\/1691518925396-1-1536x2048.jpg\" alt=\"\" class=\"wp-image-5717 size-full\" srcset=\"https:\/\/www.alajarvenankkurit.fi\/yleisurheilu\/wp-content\/uploads\/sites\/2\/2023\/08\/1691518925396-1-1536x2048.jpg 1536w, https:\/\/www.alajarvenankkurit.fi\/yleisurheilu\/wp-content\/uploads\/sites\/2\/2023\/08\/1691518925396-1-225x300.jpg 225w, https:\/\/www.alajarvenankkurit.fi\/yleisurheilu\/wp-content\/uploads\/sites\/2\/2023\/08\/1691518925396-1-768x1024.jpg 768w, https:\/\/www.alajarvenankkurit.fi\/yleisurheilu\/wp-content\/uploads\/sites\/2\/2023\/08\/1691518925396-1-1152x1536.jpg 1152w, https:\/\/www.alajarvenankkurit.fi\/yleisurheilu\/wp-content\/uploads\/sites\/2\/2023\/08\/1691518925396-1-scaled.jpg 1920w\" sizes=\"auto, (max-width: 767px) 89vw, (max-width: 1000px) 54vw, (max-width: 1071px) 543px, 580px\" \/><\/figure><div class=\"wp-block-media-text__content\">\n<p class=\"has-medium-font-size\">Suuret kiitokset kaikille 11.8.2025 mukana olleille ja erityisesti J\u00e4rvi-Pohjanmaan Osuuspankille! Tulokset l\u00f6ytyv\u00e4t uutisista ja arkistoituna t\u00e4\u00e4lt\u00e4: <a href=\"https:\/\/www.alajarvenankkurit.fi\/yleisurheilu\/category\/tuloksia\/2024\/hippokisat-2024\/\"><a href=\"https:\/\/www.alajarvenankkurit.fi\/yleisurheilu\/category\/tuloksia\/2025\/hippokisat-2025\/\">Hippokisat 2025 arkistot &#8211; Alaj\u00e4rven Ankkurit \/ Yleisurheilu<\/a><\/a><\/p>\n<\/div><\/div>\n\n\n\n<p><strong>Tule kisoihin vain terveen\u00e4!<\/strong> Huomioidaan koronaohjeistukset, huolehditaan k\u00e4sihygieniasta ja pidet\u00e4\u00e4n turvav\u00e4lej\u00e4. Erillist\u00e4 palkintojenjakotilaisuutta ei pidet\u00e4 eli kaikki palkinnot jaetaan suorituspaikoilla suoritusten j\u00e4lkeen. <\/p>\n\n\n\n<p><\/p>\n\n\n\n<figure class=\"wp-block-gallery has-nested-images columns-default wp-block-gallery-1 is-layout-flex wp-block-gallery-is-layout-flex\">\n<figure class=\"wp-block-image size-large\"><img loading=\"lazy\" decoding=\"async\" width=\"797\" height=\"824\" data-id=\"68\" src=\"https:\/\/www.alajarvenankkurit.fi\/yleisurheilu\/wp-content\/uploads\/sites\/2\/2019\/10\/vo_juoksu.jpg\" alt=\"\" class=\"wp-image-68\" srcset=\"https:\/\/www.alajarvenankkurit.fi\/yleisurheilu\/wp-content\/uploads\/sites\/2\/2019\/10\/vo_juoksu.jpg 797w, https:\/\/www.alajarvenankkurit.fi\/yleisurheilu\/wp-content\/uploads\/sites\/2\/2019\/10\/vo_juoksu-290x300.jpg 290w, https:\/\/www.alajarvenankkurit.fi\/yleisurheilu\/wp-content\/uploads\/sites\/2\/2019\/10\/vo_juoksu-768x794.jpg 768w\" sizes=\"auto, (max-width: 767px) 89vw, (max-width: 1000px) 54vw, (max-width: 1071px) 543px, 580px\" \/><figcaption class=\"wp-element-caption\">Pikajuoksua&#8230;<\/figcaption><\/figure>\n\n\n\n<figure class=\"wp-block-image size-large\"><img loading=\"lazy\" decoding=\"async\" width=\"581\" height=\"1022\" data-id=\"67\" src=\"https:\/\/www.alajarvenankkurit.fi\/yleisurheilu\/wp-content\/uploads\/sites\/2\/2019\/10\/uusikuula1.jpg\" alt=\"\" class=\"wp-image-67\" srcset=\"https:\/\/www.alajarvenankkurit.fi\/yleisurheilu\/wp-content\/uploads\/sites\/2\/2019\/10\/uusikuula1.jpg 581w, https:\/\/www.alajarvenankkurit.fi\/yleisurheilu\/wp-content\/uploads\/sites\/2\/2019\/10\/uusikuula1-171x300.jpg 171w\" sizes=\"auto, (max-width: 581px) 100vw, 581px\" \/><figcaption class=\"wp-element-caption\">Kuulanty\u00f6nt\u00f6\u00e4&#8230;<\/figcaption><\/figure>\n\n\n\n<figure class=\"wp-block-image size-large\"><img loading=\"lazy\" decoding=\"async\" width=\"496\" height=\"522\" data-id=\"64\" src=\"https:\/\/www.alajarvenankkurit.fi\/yleisurheilu\/wp-content\/uploads\/sites\/2\/2019\/10\/pituus6b.jpg\" alt=\"\" class=\"wp-image-64\" srcset=\"https:\/\/www.alajarvenankkurit.fi\/yleisurheilu\/wp-content\/uploads\/sites\/2\/2019\/10\/pituus6b.jpg 496w, https:\/\/www.alajarvenankkurit.fi\/yleisurheilu\/wp-content\/uploads\/sites\/2\/2019\/10\/pituus6b-285x300.jpg 285w\" sizes=\"auto, (max-width: 496px) 100vw, 496px\" \/><figcaption class=\"wp-element-caption\">Pituushyppy\u00e4&#8230;<\/figcaption><\/figure>\n\n\n\n<figure class=\"wp-block-image size-full\"><img loading=\"lazy\" decoding=\"async\" width=\"1200\" height=\"1600\" data-id=\"4053\" src=\"https:\/\/www.alajarvenankkurit.fi\/yleisurheilu\/wp-content\/uploads\/sites\/2\/2022\/07\/WhatsApp-Image-2021-08-17-at-00.40.51-1.jpeg\" alt=\"\" class=\"wp-image-4053\" srcset=\"https:\/\/www.alajarvenankkurit.fi\/yleisurheilu\/wp-content\/uploads\/sites\/2\/2022\/07\/WhatsApp-Image-2021-08-17-at-00.40.51-1.jpeg 1200w, https:\/\/www.alajarvenankkurit.fi\/yleisurheilu\/wp-content\/uploads\/sites\/2\/2022\/07\/WhatsApp-Image-2021-08-17-at-00.40.51-1-225x300.jpeg 225w, https:\/\/www.alajarvenankkurit.fi\/yleisurheilu\/wp-content\/uploads\/sites\/2\/2022\/07\/WhatsApp-Image-2021-08-17-at-00.40.51-1-768x1024.jpeg 768w, https:\/\/www.alajarvenankkurit.fi\/yleisurheilu\/wp-content\/uploads\/sites\/2\/2022\/07\/WhatsApp-Image-2021-08-17-at-00.40.51-1-1152x1536.jpeg 1152w\" sizes=\"auto, (max-width: 767px) 89vw, (max-width: 1000px) 54vw, (max-width: 1071px) 543px, 580px\" \/><\/figure>\n\n\n\n<figure class=\"wp-block-image size-large\"><img loading=\"lazy\" decoding=\"async\" width=\"394\" height=\"534\" data-id=\"172\" src=\"https:\/\/www.alajarvenankkurit.fi\/yleisurheilu\/wp-content\/uploads\/sites\/2\/2019\/10\/Hippokuva.jpg\" alt=\"\" class=\"wp-image-172\" srcset=\"https:\/\/www.alajarvenankkurit.fi\/yleisurheilu\/wp-content\/uploads\/sites\/2\/2019\/10\/Hippokuva.jpg 394w, https:\/\/www.alajarvenankkurit.fi\/yleisurheilu\/wp-content\/uploads\/sites\/2\/2019\/10\/Hippokuva-221x300.jpg 221w\" sizes=\"auto, (max-width: 394px) 100vw, 394px\" \/><\/figure>\n<\/figure>\n","protected":false},"excerpt":{"rendered":"<p>Tervetuloa Hippokisoihin j\u00e4lleen elokuussa 2026! Sarjat ja lajit: TP3 (v. 2022 tai my\u00f6hemmin syntyneet): 40mTP4 (v. 2021 syntyneet): 40mTP5 (v. 2020 syntyneet): 40mTP6 (v. 2019 syntyneet): 40mTP7 (v. 2018 syntyneet): 40m, pituusTP8 (v. 2017 syntyneet): 40m, pituusTP9 (v. 2016 syntyneet): 40m, kuulaTP10 (v. 2015 syntyneet): 60m, kuulaTP11 (v. 2014 syntyneet): 60m, kuulaTP12 (v. 2013 syntyneet): &hellip; <\/p>\n<p class=\"link-more\"><a href=\"https:\/\/www.alajarvenankkurit.fi\/yleisurheilu\/kilpailutoiminta\/hippokisat\/\" class=\"more-link\">Jatka lukemista<span class=\"screen-reader-text\"> &#8221;Hippokisat&#8221;<\/span><\/a><\/p>\n","protected":false},"author":5,"featured_media":0,"parent":495,"menu_order":2,"comment_status":"closed","ping_status":"closed","template":"","meta":{"footnotes":""},"class_list":["post-1466","page","type-page","status-publish","hentry"],"_links":{"self":[{"href":"https:\/\/www.alajarvenankkurit.fi\/yleisurheilu\/wp-json\/wp\/v2\/pages\/1466","targetHints":{"allow":["GET"]}}],"collection":[{"href":"https:\/\/www.alajarvenankkurit.fi\/yleisurheilu\/wp-json\/wp\/v2\/pages"}],"about":[{"href":"https:\/\/www.alajarvenankkurit.fi\/yleisurheilu\/wp-json\/wp\/v2\/types\/page"}],"author":[{"embeddable":true,"href":"https:\/\/www.alajarvenankkurit.fi\/yleisurheilu\/wp-json\/wp\/v2\/users\/5"}],"replies":[{"embeddable":true,"href":"https:\/\/www.alajarvenankkurit.fi\/yleisurheilu\/wp-json\/wp\/v2\/comments?post=1466"}],"version-history":[{"count":55,"href":"https:\/\/www.alajarvenankkurit.fi\/yleisurheilu\/wp-json\/wp\/v2\/pages\/1466\/revisions"}],"predecessor-version":[{"id":7850,"href":"https:\/\/www.alajarvenankkurit.fi\/yleisurheilu\/wp-json\/wp\/v2\/pages\/1466\/revisions\/7850"}],"up":[{"embeddable":true,"href":"https:\/\/www.alajarvenankkurit.fi\/yleisurheilu\/wp-json\/wp\/v2\/pages\/495"}],"wp:attachment":[{"href":"https:\/\/www.alajarvenankkurit.fi\/yleisurheilu\/wp-json\/wp\/v2\/media?parent=1466"}],"curies":[{"name":"wp","href":"https:\/\/api.w.org\/{rel}","templated":true}]}}