{"id":9,"date":"2019-10-29T18:09:11","date_gmt":"2019-10-29T16:09:11","guid":{"rendered":"http:\/\/212.66.193.72\/~cp4520516\/lentopallo\/?page_id=9"},"modified":"2025-10-13T12:42:40","modified_gmt":"2025-10-13T09:42:40","slug":"tama-on-testisivu","status":"publish","type":"page","link":"https:\/\/www.alajarvenankkurit.fi\/lentopallo\/tama-on-testisivu\/","title":{"rendered":"Lentopallojaosto"},"content":{"rendered":"\n<figure class=\"wp-block-table\"><table><tbody><tr><td>Toni M\u00e4ki-Mantila, puheenjohtaja <br> 050 5664108, toni.maki-mantila@japo.fi<\/td><\/tr><tr><td>Niina Peltola<br>040 7342201, niina.pelto@gmail.com<\/td><\/tr><tr><td>Hannele Sillanp\u00e4\u00e4<br>040 7433471, hannele.kortesaari@alajarvi.com<\/td><\/tr><tr><td>Essi M\u00e4ki-Mantila, Sihteeri<br>essi.terapiamessi@gmail.com<\/td><\/tr><tr><td>Janne Turja<br>050 3253401<\/td><\/tr><tr><td>Henna Ojaj\u00e4rvi<br>050 5757970<\/td><\/tr><\/tbody><\/table><\/figure>\n\n\n\n<p><\/p>\n","protected":false},"excerpt":{"rendered":"<p>Toni M\u00e4ki-Mantila, puheenjohtaja 050 5664108, toni.maki-mantila@japo.fi Niina Peltola040 7342201, niina.pelto@gmail.com Hannele Sillanp\u00e4\u00e4040 7433471, hannele.kortesaari@alajarvi.com Essi M\u00e4ki-Mantila, Sihteeriessi.terapiamessi@gmail.com Janne Turja050 3253401 Henna Ojaj\u00e4rvi050 5757970<\/p>\n","protected":false},"author":1,"featured_media":0,"parent":0,"menu_order":0,"comment_status":"closed","ping_status":"closed","template":"","meta":{"footnotes":""},"class_list":["post-9","page","type-page","status-publish","hentry"],"yoast_head":"<!-- This site is optimized with the Yoast SEO plugin v27.0 - https:\/\/yoast.com\/product\/yoast-seo-wordpress\/ -->\n<title>Lentopallojaosto - Alaj\u00e4rven Ankkurit \/ Lentopallo<\/title>\n<meta name=\"robots\" content=\"index, follow, max-snippet:-1, max-image-preview:large, max-video-preview:-1\" \/>\n<link rel=\"canonical\" href=\"https:\/\/www.alajarvenankkurit.fi\/lentopallo\/tama-on-testisivu\/\" \/>\n<meta property=\"og:locale\" content=\"fi_FI\" \/>\n<meta property=\"og:type\" content=\"article\" \/>\n<meta property=\"og:title\" content=\"Lentopallojaosto - Alaj\u00e4rven Ankkurit \/ Lentopallo\" \/>\n<meta property=\"og:description\" content=\"Toni M\u00e4ki-Mantila, puheenjohtaja 050 5664108, toni.maki-mantila@japo.fi Niina Peltola040 7342201, niina.pelto@gmail.com Hannele Sillanp\u00e4\u00e4040 7433471, hannele.kortesaari@alajarvi.com Essi M\u00e4ki-Mantila, Sihteeriessi.terapiamessi@gmail.com Janne Turja050 3253401 Henna Ojaj\u00e4rvi050 5757970\" \/>\n<meta property=\"og:url\" content=\"https:\/\/www.alajarvenankkurit.fi\/lentopallo\/tama-on-testisivu\/\" \/>\n<meta property=\"og:site_name\" content=\"Alaj\u00e4rven Ankkurit \/ Lentopallo\" \/>\n<meta property=\"article:modified_time\" content=\"2025-10-13T09:42:40+00:00\" \/>\n<meta name=\"twitter:card\" content=\"summary_large_image\" \/>\n<meta name=\"twitter:label1\" content=\"Arvioitu lukuaika\" \/>\n\t<meta name=\"twitter:data1\" content=\"1 minuutti\" \/>\n<script type=\"application\/ld+json\" class=\"yoast-schema-graph\">{\"@context\":\"https:\/\/schema.org\",\"@graph\":[{\"@type\":\"WebPage\",\"@id\":\"https:\/\/www.alajarvenankkurit.fi\/lentopallo\/tama-on-testisivu\/\",\"url\":\"https:\/\/www.alajarvenankkurit.fi\/lentopallo\/tama-on-testisivu\/\",\"name\":\"Lentopallojaosto - Alaj\u00e4rven Ankkurit \/ Lentopallo\",\"isPartOf\":{\"@id\":\"https:\/\/www.alajarvenankkurit.fi\/lentopallo\/#website\"},\"datePublished\":\"2019-10-29T16:09:11+00:00\",\"dateModified\":\"2025-10-13T09:42:40+00:00\",\"breadcrumb\":{\"@id\":\"https:\/\/www.alajarvenankkurit.fi\/lentopallo\/tama-on-testisivu\/#breadcrumb\"},\"inLanguage\":\"fi\",\"potentialAction\":[{\"@type\":\"ReadAction\",\"target\":[\"https:\/\/www.alajarvenankkurit.fi\/lentopallo\/tama-on-testisivu\/\"]}]},{\"@type\":\"BreadcrumbList\",\"@id\":\"https:\/\/www.alajarvenankkurit.fi\/lentopallo\/tama-on-testisivu\/#breadcrumb\",\"itemListElement\":[{\"@type\":\"ListItem\",\"position\":1,\"name\":\"Etusivu\",\"item\":\"https:\/\/www.alajarvenankkurit.fi\/lentopallo\/\"},{\"@type\":\"ListItem\",\"position\":2,\"name\":\"Lentopallojaosto\"}]},{\"@type\":\"WebSite\",\"@id\":\"https:\/\/www.alajarvenankkurit.fi\/lentopallo\/#website\",\"url\":\"https:\/\/www.alajarvenankkurit.fi\/lentopallo\/\",\"name\":\"Alaj\u00e4rven Ankkurit \/ Lentopallo\",\"description\":\"\",\"publisher\":{\"@id\":\"https:\/\/www.alajarvenankkurit.fi\/lentopallo\/#organization\"},\"potentialAction\":[{\"@type\":\"SearchAction\",\"target\":{\"@type\":\"EntryPoint\",\"urlTemplate\":\"https:\/\/www.alajarvenankkurit.fi\/lentopallo\/?s={search_term_string}\"},\"query-input\":{\"@type\":\"PropertyValueSpecification\",\"valueRequired\":true,\"valueName\":\"search_term_string\"}}],\"inLanguage\":\"fi\"},{\"@type\":\"Organization\",\"@id\":\"https:\/\/www.alajarvenankkurit.fi\/lentopallo\/#organization\",\"name\":\"Alaj\u00e4rven Ankkurit \/ Lentopallo\",\"url\":\"https:\/\/www.alajarvenankkurit.fi\/lentopallo\/\",\"logo\":{\"@type\":\"ImageObject\",\"inLanguage\":\"fi\",\"@id\":\"https:\/\/www.alajarvenankkurit.fi\/lentopallo\/#\/schema\/logo\/image\/\",\"url\":\"https:\/\/www.alajarvenankkurit.fi\/lentopallo\/wp-content\/uploads\/sites\/3\/2020\/11\/cropped-alajarven_ankkurit_seuralogo_2019_250px.png\",\"contentUrl\":\"https:\/\/www.alajarvenankkurit.fi\/lentopallo\/wp-content\/uploads\/sites\/3\/2020\/11\/cropped-alajarven_ankkurit_seuralogo_2019_250px.png\",\"width\":250,\"height\":250,\"caption\":\"Alaj\u00e4rven Ankkurit \/ Lentopallo\"},\"image\":{\"@id\":\"https:\/\/www.alajarvenankkurit.fi\/lentopallo\/#\/schema\/logo\/image\/\"}}]}<\/script>\n<!-- \/ Yoast SEO plugin. -->","yoast_head_json":{"title":"Lentopallojaosto - Alaj\u00e4rven Ankkurit \/ Lentopallo","robots":{"index":"index","follow":"follow","max-snippet":"max-snippet:-1","max-image-preview":"max-image-preview:large","max-video-preview":"max-video-preview:-1"},"canonical":"https:\/\/www.alajarvenankkurit.fi\/lentopallo\/tama-on-testisivu\/","og_locale":"fi_FI","og_type":"article","og_title":"Lentopallojaosto - Alaj\u00e4rven Ankkurit \/ Lentopallo","og_description":"Toni M\u00e4ki-Mantila, puheenjohtaja 050 5664108, toni.maki-mantila@japo.fi Niina Peltola040 7342201, niina.pelto@gmail.com Hannele Sillanp\u00e4\u00e4040 7433471, hannele.kortesaari@alajarvi.com Essi M\u00e4ki-Mantila, Sihteeriessi.terapiamessi@gmail.com Janne Turja050 3253401 Henna Ojaj\u00e4rvi050 5757970","og_url":"https:\/\/www.alajarvenankkurit.fi\/lentopallo\/tama-on-testisivu\/","og_site_name":"Alaj\u00e4rven Ankkurit \/ Lentopallo","article_modified_time":"2025-10-13T09:42:40+00:00","twitter_card":"summary_large_image","twitter_misc":{"Arvioitu lukuaika":"1 minuutti"},"schema":{"@context":"https:\/\/schema.org","@graph":[{"@type":"WebPage","@id":"https:\/\/www.alajarvenankkurit.fi\/lentopallo\/tama-on-testisivu\/","url":"https:\/\/www.alajarvenankkurit.fi\/lentopallo\/tama-on-testisivu\/","name":"Lentopallojaosto - Alaj\u00e4rven Ankkurit \/ Lentopallo","isPartOf":{"@id":"https:\/\/www.alajarvenankkurit.fi\/lentopallo\/#website"},"datePublished":"2019-10-29T16:09:11+00:00","dateModified":"2025-10-13T09:42:40+00:00","breadcrumb":{"@id":"https:\/\/www.alajarvenankkurit.fi\/lentopallo\/tama-on-testisivu\/#breadcrumb"},"inLanguage":"fi","potentialAction":[{"@type":"ReadAction","target":["https:\/\/www.alajarvenankkurit.fi\/lentopallo\/tama-on-testisivu\/"]}]},{"@type":"BreadcrumbList","@id":"https:\/\/www.alajarvenankkurit.fi\/lentopallo\/tama-on-testisivu\/#breadcrumb","itemListElement":[{"@type":"ListItem","position":1,"name":"Etusivu","item":"https:\/\/www.alajarvenankkurit.fi\/lentopallo\/"},{"@type":"ListItem","position":2,"name":"Lentopallojaosto"}]},{"@type":"WebSite","@id":"https:\/\/www.alajarvenankkurit.fi\/lentopallo\/#website","url":"https:\/\/www.alajarvenankkurit.fi\/lentopallo\/","name":"Alaj\u00e4rven Ankkurit \/ Lentopallo","description":"","publisher":{"@id":"https:\/\/www.alajarvenankkurit.fi\/lentopallo\/#organization"},"potentialAction":[{"@type":"SearchAction","target":{"@type":"EntryPoint","urlTemplate":"https:\/\/www.alajarvenankkurit.fi\/lentopallo\/?s={search_term_string}"},"query-input":{"@type":"PropertyValueSpecification","valueRequired":true,"valueName":"search_term_string"}}],"inLanguage":"fi"},{"@type":"Organization","@id":"https:\/\/www.alajarvenankkurit.fi\/lentopallo\/#organization","name":"Alaj\u00e4rven Ankkurit \/ Lentopallo","url":"https:\/\/www.alajarvenankkurit.fi\/lentopallo\/","logo":{"@type":"ImageObject","inLanguage":"fi","@id":"https:\/\/www.alajarvenankkurit.fi\/lentopallo\/#\/schema\/logo\/image\/","url":"https:\/\/www.alajarvenankkurit.fi\/lentopallo\/wp-content\/uploads\/sites\/3\/2020\/11\/cropped-alajarven_ankkurit_seuralogo_2019_250px.png","contentUrl":"https:\/\/www.alajarvenankkurit.fi\/lentopallo\/wp-content\/uploads\/sites\/3\/2020\/11\/cropped-alajarven_ankkurit_seuralogo_2019_250px.png","width":250,"height":250,"caption":"Alaj\u00e4rven Ankkurit \/ Lentopallo"},"image":{"@id":"https:\/\/www.alajarvenankkurit.fi\/lentopallo\/#\/schema\/logo\/image\/"}}]}},"_links":{"self":[{"href":"https:\/\/www.alajarvenankkurit.fi\/lentopallo\/wp-json\/wp\/v2\/pages\/9","targetHints":{"allow":["GET"]}}],"collection":[{"href":"https:\/\/www.alajarvenankkurit.fi\/lentopallo\/wp-json\/wp\/v2\/pages"}],"about":[{"href":"https:\/\/www.alajarvenankkurit.fi\/lentopallo\/wp-json\/wp\/v2\/types\/page"}],"author":[{"embeddable":true,"href":"https:\/\/www.alajarvenankkurit.fi\/lentopallo\/wp-json\/wp\/v2\/users\/1"}],"replies":[{"embeddable":true,"href":"https:\/\/www.alajarvenankkurit.fi\/lentopallo\/wp-json\/wp\/v2\/comments?post=9"}],"version-history":[{"count":13,"href":"https:\/\/www.alajarvenankkurit.fi\/lentopallo\/wp-json\/wp\/v2\/pages\/9\/revisions"}],"predecessor-version":[{"id":498,"href":"https:\/\/www.alajarvenankkurit.fi\/lentopallo\/wp-json\/wp\/v2\/pages\/9\/revisions\/498"}],"wp:attachment":[{"href":"https:\/\/www.alajarvenankkurit.fi\/lentopallo\/wp-json\/wp\/v2\/media?parent=9"}],"curies":[{"name":"wp","href":"https:\/\/api.w.org\/{rel}","templated":true}]}}