{"id":199,"date":"2021-08-15T16:46:55","date_gmt":"2021-08-15T13:46:55","guid":{"rendered":"https:\/\/www.alajarvenankkurit.fi\/lentopallo\/?page_id=199"},"modified":"2024-07-12T12:06:22","modified_gmt":"2024-07-12T09:06:22","slug":"powecup-2021-salo","status":"publish","type":"page","link":"https:\/\/www.alajarvenankkurit.fi\/lentopallo\/powecup-2021-salo\/","title":{"rendered":"Powecup 2024, Joensuu"},"content":{"rendered":"\n<p>Alaj\u00e4rven Ankkureiden lentopalloilijat l\u00e4htiv\u00e4t seitsem\u00e4n joukkueen voimin 5.6.24 maailman suurimpaan lasten ja nuorten lentopallotapahtumaan Power Cuppiin Joensuun.<\/p>\n\n\n\n<p>Keskiviikko-iltap\u00e4iv\u00e4n\u00e4 Bussikyyti l\u00e4hti Alaj\u00e4rven ABC:lta kohti Joensuuta Mehtim\u00e4en Urheilupuistoon. Joensuuhun saavuttiin illansuussa. Majoituspaikka oli Utran koululla, mik\u00e4 palveli hyvin meid\u00e4n ryhm\u00e4\u00e4mme. Saimme majoituttua illalla ja k\u00e4vimme nauttimassa iltapalat ja olimme valmiina torstaina alkaviin peleihin.<\/p>\n\n\n\n<p>Nelj\u00e4n p\u00e4iv\u00e4n aikana Ankkureiden lentopalloilijat pelasivat monia tiukkoja otteluita. Peleiss\u00e4 n\u00e4htiin hienoja suorituksia, onnistumisia ja my\u00f6s pettymyksi\u00e4. Valmentajat ja huoltajat k\u00e4viv\u00e4t otteluita l\u00e4vitse ja antoivat ohjeita edess\u00e4 oleviin peleihin. Joensuussa lentopalloilijoilla vallitsi hyv\u00e4 yhteishenki, seuran omat pelaajat kannustivat toisiaan ja my\u00f6s vasta puolen pelaajille annettiin kiitosta hyvist\u00e4 suorituksista.<\/p>\n\n\n\n<p>Vapaa-ajalla yhteishenki oli hyv\u00e4\u00e4 sek\u00e4 pelaajien ett\u00e4 valmentajien joukossa. Pelip\u00e4ivien p\u00e4\u00e4ttyess\u00e4 majoituskoululle saavuttaessa pelaajat olivat peleist\u00e4 aika v\u00e4syneit\u00e4, mutta energiaa silti riitti k\u00e4yd\u00e4 uimassa yms ja discoilemassa<\/p>\n\n\n\n<p>P\u00e4ivien p\u00e4\u00e4ttyess\u00e4 valmentajat pitiv\u00e4t palaveria p\u00e4ivien tapahtumista ja annettiin pelillisi\u00e4 vinkkej\u00e4. Nelj\u00e4n p\u00e4iv\u00e4n lentopalloleirin j\u00e4lkeen sunnuntaina bussikyyti l\u00e4hti kohti Alaj\u00e4rve\u00e4. Kotimatka oli energinen ja kun p\u00e4\u00e4stiin l\u00e4hemm\u00e4s Alaj\u00e4rve\u00e4 yhteislaulu soi bussin per\u00e4ll\u00e4.<\/p>\n\n\n\n<p>Ensi vuoden Power Cup on Loimaalla.<\/p>\n\n\n\n<p>E-tyt\u00f6t Supersarja:&nbsp;&nbsp;&nbsp;&nbsp;&nbsp;&nbsp;&nbsp;&nbsp;&nbsp;&nbsp;&nbsp;&nbsp;&nbsp;&nbsp;&nbsp;&nbsp;&nbsp;&nbsp;&nbsp;&nbsp; Tintit 34. sija<\/p>\n\n\n\n<p>&nbsp;&nbsp;&nbsp;&nbsp;&nbsp;&nbsp;&nbsp;&nbsp;&nbsp;&nbsp;&nbsp;&nbsp;&nbsp;&nbsp;&nbsp;&nbsp;&nbsp;&nbsp;&nbsp;&nbsp;&nbsp;&nbsp;&nbsp;&nbsp;&nbsp;&nbsp;&nbsp;&nbsp; &nbsp;&nbsp;&nbsp; &nbsp;&nbsp;&nbsp;&nbsp;&nbsp;&nbsp;&nbsp;&nbsp;&nbsp;&nbsp;&nbsp;&nbsp;&nbsp;&nbsp;&nbsp;&nbsp;&nbsp;&nbsp;&nbsp;&nbsp;&nbsp;&nbsp;&nbsp;&nbsp; Sirkut 46. sija<\/p>\n\n\n\n<p>D-pojat Tsemmpisarja: &nbsp;&nbsp;&nbsp;&nbsp;&nbsp;&nbsp;&nbsp;&nbsp;&nbsp;&nbsp;&nbsp; Haukat 15. sija<\/p>\n\n\n\n<p>C-tyt\u00f6t Tsemppisarja: &nbsp;&nbsp;&nbsp;&nbsp;&nbsp;&nbsp;&nbsp;&nbsp;&nbsp;&nbsp;&nbsp;&nbsp;&nbsp;&nbsp; C-10 58. Sija<\/p>\n\n\n\n<p>&nbsp;&nbsp;&nbsp;&nbsp;&nbsp;&nbsp;&nbsp;&nbsp;&nbsp;&nbsp;&nbsp;&nbsp;&nbsp;&nbsp;&nbsp;&nbsp;&nbsp;&nbsp;&nbsp;&nbsp;&nbsp;&nbsp;&nbsp;&nbsp;&nbsp;&nbsp;&nbsp;&nbsp; &nbsp;&nbsp;&nbsp;&nbsp;&nbsp;&nbsp;&nbsp;&nbsp;&nbsp;&nbsp;&nbsp;&nbsp; &nbsp;&nbsp;&nbsp;&nbsp;&nbsp;&nbsp;&nbsp;&nbsp;&nbsp;&nbsp;&nbsp;&nbsp;&nbsp;&nbsp; Sabotage 62. Sija<\/p>\n\n\n\n<p>C-tyt\u00f6t Supersarja:&nbsp;&nbsp;&nbsp;&nbsp;&nbsp;&nbsp;&nbsp;&nbsp;&nbsp;&nbsp;&nbsp;&nbsp;&nbsp;&nbsp;&nbsp;&nbsp;&nbsp;&nbsp;&nbsp; C-09 13. sija<\/p>\n\n\n\n<p>B-Tyt\u00f6t Supersarja&nbsp;&nbsp;&nbsp;&nbsp;&nbsp;&nbsp;&nbsp;&nbsp;&nbsp;&nbsp;&nbsp;&nbsp;&nbsp;&nbsp;&nbsp;&nbsp;&nbsp;&nbsp;&nbsp;&nbsp; B-08 16. sija<\/p>\n\n\n\n<div class=\"wp-block-group is-vertical is-layout-flex wp-container-core-group-is-layout-8cf370e7 wp-block-group-is-layout-flex\">\n<p>Kiitokset p\u00e4\u00e4yhteisty\u00f6kumppaneille:<\/p>\n\n\n\n<div class=\"wp-block-group is-vertical is-layout-flex wp-container-core-group-is-layout-8cf370e7 wp-block-group-is-layout-flex\">\n<p>Alaj\u00e4rven osuuspankki<\/p>\n\n\n\n<p>OmaSp Alaj\u00e4rvi<\/p>\n\n\n\n<p>M\u00e4kel\u00e4 Alu<\/p>\n\n\n\n<p>Hoisko CLT<\/p>\n<\/div>\n\n\n\n<p><\/p>\n<\/div>\n\n\n\n<div class=\"wp-block-group\"><div class=\"wp-block-group__inner-container is-layout-constrained wp-block-group-is-layout-constrained\">\n<div class=\"wp-block-group\"><div class=\"wp-block-group__inner-container is-layout-constrained wp-block-group-is-layout-constrained\">\n<figure class=\"wp-block-image size-large is-resized\"><img loading=\"lazy\" decoding=\"async\" width=\"768\" height=\"1024\" src=\"https:\/\/www.alajarvenankkurit.fi\/lentopallo\/wp-content\/uploads\/sites\/3\/2024\/07\/B-tytot-1-768x1024.jpg\" alt=\"\" class=\"wp-image-460\" style=\"width:313px;height:auto\" srcset=\"https:\/\/www.alajarvenankkurit.fi\/lentopallo\/wp-content\/uploads\/sites\/3\/2024\/07\/B-tytot-1-768x1024.jpg 768w, https:\/\/www.alajarvenankkurit.fi\/lentopallo\/wp-content\/uploads\/sites\/3\/2024\/07\/B-tytot-1-225x300.jpg 225w, https:\/\/www.alajarvenankkurit.fi\/lentopallo\/wp-content\/uploads\/sites\/3\/2024\/07\/B-tytot-1-1152x1536.jpg 1152w, https:\/\/www.alajarvenankkurit.fi\/lentopallo\/wp-content\/uploads\/sites\/3\/2024\/07\/B-tytot-1.jpg 1536w\" sizes=\"auto, (max-width: 767px) 89vw, (max-width: 1000px) 54vw, (max-width: 1071px) 543px, 580px\" \/><figcaption class=\"wp-element-caption\">B-tyt\u00f6t<\/figcaption><\/figure>\n<\/div><\/div>\n\n\n\n<div class=\"wp-block-group\"><div class=\"wp-block-group__inner-container is-layout-constrained wp-block-group-is-layout-constrained\">\n<div class=\"wp-block-columns is-layout-flex wp-container-core-columns-is-layout-9d6595d7 wp-block-columns-is-layout-flex\">\n<div class=\"wp-block-column is-layout-flow wp-block-column-is-layout-flow\">\n<figure class=\"wp-block-image size-large is-resized\"><img loading=\"lazy\" decoding=\"async\" width=\"768\" height=\"1024\" src=\"https:\/\/www.alajarvenankkurit.fi\/lentopallo\/wp-content\/uploads\/sites\/3\/2024\/07\/C-09-768x1024.jpg\" alt=\"\" class=\"wp-image-461\" style=\"width:351px;height:auto\" srcset=\"https:\/\/www.alajarvenankkurit.fi\/lentopallo\/wp-content\/uploads\/sites\/3\/2024\/07\/C-09-768x1024.jpg 768w, https:\/\/www.alajarvenankkurit.fi\/lentopallo\/wp-content\/uploads\/sites\/3\/2024\/07\/C-09-225x300.jpg 225w, https:\/\/www.alajarvenankkurit.fi\/lentopallo\/wp-content\/uploads\/sites\/3\/2024\/07\/C-09-1152x1536.jpg 1152w, https:\/\/www.alajarvenankkurit.fi\/lentopallo\/wp-content\/uploads\/sites\/3\/2024\/07\/C-09.jpg 1536w\" sizes=\"auto, (max-width: 767px) 89vw, (max-width: 1000px) 54vw, (max-width: 1071px) 543px, 580px\" \/><figcaption class=\"wp-element-caption\">C-09 tyt\u00f6t<\/figcaption><\/figure>\n<\/div>\n\n\n\n<div class=\"wp-block-column is-layout-flow wp-block-column-is-layout-flow\">\n<figure class=\"wp-block-image size-large is-resized\"><img loading=\"lazy\" decoding=\"async\" width=\"768\" height=\"1024\" src=\"https:\/\/www.alajarvenankkurit.fi\/lentopallo\/wp-content\/uploads\/sites\/3\/2024\/07\/D-pojat-768x1024.jpg\" alt=\"\" class=\"wp-image-464\" style=\"width:340px;height:auto\" srcset=\"https:\/\/www.alajarvenankkurit.fi\/lentopallo\/wp-content\/uploads\/sites\/3\/2024\/07\/D-pojat-768x1024.jpg 768w, https:\/\/www.alajarvenankkurit.fi\/lentopallo\/wp-content\/uploads\/sites\/3\/2024\/07\/D-pojat-225x300.jpg 225w, https:\/\/www.alajarvenankkurit.fi\/lentopallo\/wp-content\/uploads\/sites\/3\/2024\/07\/D-pojat-1152x1536.jpg 1152w, https:\/\/www.alajarvenankkurit.fi\/lentopallo\/wp-content\/uploads\/sites\/3\/2024\/07\/D-pojat.jpg 1200w\" sizes=\"auto, (max-width: 767px) 89vw, (max-width: 1000px) 54vw, (max-width: 1071px) 543px, 580px\" \/><figcaption class=\"wp-element-caption\">D-pojat<\/figcaption><\/figure>\n<\/div>\n<\/div>\n<\/div><\/div>\n<\/div><\/div>\n\n\n\n<div class=\"wp-block-columns is-layout-flex wp-container-core-columns-is-layout-9d6595d7 wp-block-columns-is-layout-flex\">\n<div class=\"wp-block-column is-layout-flow wp-block-column-is-layout-flow\">\n<figure class=\"wp-block-image size-large is-resized\"><img loading=\"lazy\" decoding=\"async\" width=\"1024\" height=\"880\" src=\"https:\/\/www.alajarvenankkurit.fi\/lentopallo\/wp-content\/uploads\/sites\/3\/2024\/07\/D11-1024x880.jpg\" alt=\"\" class=\"wp-image-463\" style=\"width:320px;height:auto\" srcset=\"https:\/\/www.alajarvenankkurit.fi\/lentopallo\/wp-content\/uploads\/sites\/3\/2024\/07\/D11-1024x880.jpg 1024w, https:\/\/www.alajarvenankkurit.fi\/lentopallo\/wp-content\/uploads\/sites\/3\/2024\/07\/D11-300x258.jpg 300w, https:\/\/www.alajarvenankkurit.fi\/lentopallo\/wp-content\/uploads\/sites\/3\/2024\/07\/D11-768x660.jpg 768w, https:\/\/www.alajarvenankkurit.fi\/lentopallo\/wp-content\/uploads\/sites\/3\/2024\/07\/D11-1536x1320.jpg 1536w, https:\/\/www.alajarvenankkurit.fi\/lentopallo\/wp-content\/uploads\/sites\/3\/2024\/07\/D11.jpg 1780w\" sizes=\"auto, (max-width: 767px) 89vw, (max-width: 1000px) 54vw, (max-width: 1071px) 543px, 580px\" \/><figcaption class=\"wp-element-caption\">D-11 tyt\u00f6t<\/figcaption><\/figure>\n<\/div>\n\n\n\n<div class=\"wp-block-column is-layout-flow wp-block-column-is-layout-flow\">\n<figure class=\"wp-block-image size-large is-resized\"><img loading=\"lazy\" decoding=\"async\" width=\"768\" height=\"1024\" src=\"https:\/\/www.alajarvenankkurit.fi\/lentopallo\/wp-content\/uploads\/sites\/3\/2024\/07\/C10-768x1024.jpg\" alt=\"\" class=\"wp-image-462\" style=\"width:341px;height:auto\" srcset=\"https:\/\/www.alajarvenankkurit.fi\/lentopallo\/wp-content\/uploads\/sites\/3\/2024\/07\/C10-768x1024.jpg 768w, https:\/\/www.alajarvenankkurit.fi\/lentopallo\/wp-content\/uploads\/sites\/3\/2024\/07\/C10-225x300.jpg 225w, https:\/\/www.alajarvenankkurit.fi\/lentopallo\/wp-content\/uploads\/sites\/3\/2024\/07\/C10-1152x1536.jpg 1152w, https:\/\/www.alajarvenankkurit.fi\/lentopallo\/wp-content\/uploads\/sites\/3\/2024\/07\/C10.jpg 1536w\" sizes=\"auto, (max-width: 767px) 89vw, (max-width: 1000px) 54vw, (max-width: 1071px) 543px, 580px\" \/><figcaption class=\"wp-element-caption\">C-10 tyt\u00f6t<\/figcaption><\/figure>\n<\/div>\n<\/div>\n\n\n\n<div class=\"wp-block-columns is-layout-flex wp-container-core-columns-is-layout-9d6595d7 wp-block-columns-is-layout-flex\">\n<div class=\"wp-block-column is-layout-flow wp-block-column-is-layout-flow\">\n<figure class=\"wp-block-image size-large is-resized\"><img loading=\"lazy\" decoding=\"async\" width=\"1024\" height=\"577\" src=\"https:\/\/www.alajarvenankkurit.fi\/lentopallo\/wp-content\/uploads\/sites\/3\/2024\/07\/E-sirkut-1024x577.jpg\" alt=\"\" class=\"wp-image-465\" style=\"width:350px;height:auto\" srcset=\"https:\/\/www.alajarvenankkurit.fi\/lentopallo\/wp-content\/uploads\/sites\/3\/2024\/07\/E-sirkut-1024x577.jpg 1024w, https:\/\/www.alajarvenankkurit.fi\/lentopallo\/wp-content\/uploads\/sites\/3\/2024\/07\/E-sirkut-300x169.jpg 300w, https:\/\/www.alajarvenankkurit.fi\/lentopallo\/wp-content\/uploads\/sites\/3\/2024\/07\/E-sirkut-768x432.jpg 768w, https:\/\/www.alajarvenankkurit.fi\/lentopallo\/wp-content\/uploads\/sites\/3\/2024\/07\/E-sirkut-1536x865.jpg 1536w, https:\/\/www.alajarvenankkurit.fi\/lentopallo\/wp-content\/uploads\/sites\/3\/2024\/07\/E-sirkut.jpg 2000w\" sizes=\"auto, (max-width: 767px) 89vw, (max-width: 1000px) 54vw, (max-width: 1071px) 543px, 580px\" \/><figcaption class=\"wp-element-caption\">E-tyt\u00f6t<\/figcaption><\/figure>\n<\/div>\n\n\n\n<div class=\"wp-block-column is-layout-flow wp-block-column-is-layout-flow\">\n<figure class=\"wp-block-image size-large is-resized\"><img loading=\"lazy\" decoding=\"async\" width=\"768\" height=\"1024\" src=\"https:\/\/www.alajarvenankkurit.fi\/lentopallo\/wp-content\/uploads\/sites\/3\/2024\/07\/E-tintit-768x1024.jpg\" alt=\"\" class=\"wp-image-466\" style=\"width:281px;height:auto\" srcset=\"https:\/\/www.alajarvenankkurit.fi\/lentopallo\/wp-content\/uploads\/sites\/3\/2024\/07\/E-tintit-768x1024.jpg 768w, https:\/\/www.alajarvenankkurit.fi\/lentopallo\/wp-content\/uploads\/sites\/3\/2024\/07\/E-tintit-225x300.jpg 225w, https:\/\/www.alajarvenankkurit.fi\/lentopallo\/wp-content\/uploads\/sites\/3\/2024\/07\/E-tintit-1152x1536.jpg 1152w, https:\/\/www.alajarvenankkurit.fi\/lentopallo\/wp-content\/uploads\/sites\/3\/2024\/07\/E-tintit.jpg 1530w\" sizes=\"auto, (max-width: 767px) 89vw, (max-width: 1000px) 54vw, (max-width: 1071px) 543px, 580px\" \/><figcaption class=\"wp-element-caption\">E-tyt\u00f6t<\/figcaption><\/figure>\n<\/div>\n<\/div>\n","protected":false},"excerpt":{"rendered":"<p>Alaj\u00e4rven Ankkureiden lentopalloilijat l\u00e4htiv\u00e4t seitsem\u00e4n joukkueen voimin 5.6.24 maailman suurimpaan lasten ja nuorten lentopallotapahtumaan Power Cuppiin Joensuun. Keskiviikko-iltap\u00e4iv\u00e4n\u00e4 Bussikyyti l\u00e4hti Alaj\u00e4rven ABC:lta kohti Joensuuta Mehtim\u00e4en Urheilupuistoon. Joensuuhun saavuttiin illansuussa. Majoituspaikka oli Utran koululla, mik\u00e4 palveli hyvin meid\u00e4n ryhm\u00e4\u00e4mme. Saimme majoituttua illalla ja k\u00e4vimme nauttimassa iltapalat ja olimme valmiina torstaina alkaviin peleihin. Nelj\u00e4n p\u00e4iv\u00e4n aikana Ankkureiden &hellip; <\/p>\n<p class=\"link-more\"><a href=\"https:\/\/www.alajarvenankkurit.fi\/lentopallo\/powecup-2021-salo\/\" class=\"more-link\">Jatka lukemista<span class=\"screen-reader-text\"> &#8221;Powecup 2024, Joensuu&#8221;<\/span><\/a><\/p>\n","protected":false},"author":6,"featured_media":0,"parent":0,"menu_order":0,"comment_status":"closed","ping_status":"closed","template":"","meta":{"footnotes":""},"class_list":["post-199","page","type-page","status-publish","hentry"],"yoast_head":"<!-- This site is optimized with the Yoast SEO plugin v27.0 - https:\/\/yoast.com\/product\/yoast-seo-wordpress\/ -->\n<title>Powecup 2024, Joensuu - Alaj\u00e4rven Ankkurit \/ Lentopallo<\/title>\n<meta name=\"robots\" content=\"index, follow, max-snippet:-1, max-image-preview:large, max-video-preview:-1\" \/>\n<link rel=\"canonical\" href=\"https:\/\/www.alajarvenankkurit.fi\/lentopallo\/powecup-2021-salo\/\" \/>\n<meta property=\"og:locale\" content=\"fi_FI\" \/>\n<meta property=\"og:type\" content=\"article\" \/>\n<meta property=\"og:title\" content=\"Powecup 2024, Joensuu - Alaj\u00e4rven Ankkurit \/ Lentopallo\" \/>\n<meta property=\"og:description\" content=\"Alaj\u00e4rven Ankkureiden lentopalloilijat l\u00e4htiv\u00e4t seitsem\u00e4n joukkueen voimin 5.6.24 maailman suurimpaan lasten ja nuorten lentopallotapahtumaan Power Cuppiin Joensuun. Keskiviikko-iltap\u00e4iv\u00e4n\u00e4 Bussikyyti l\u00e4hti Alaj\u00e4rven ABC:lta kohti Joensuuta Mehtim\u00e4en Urheilupuistoon. Joensuuhun saavuttiin illansuussa. Majoituspaikka oli Utran koululla, mik\u00e4 palveli hyvin meid\u00e4n ryhm\u00e4\u00e4mme. Saimme majoituttua illalla ja k\u00e4vimme nauttimassa iltapalat ja olimme valmiina torstaina alkaviin peleihin. Nelj\u00e4n p\u00e4iv\u00e4n aikana Ankkureiden &hellip; Jatka lukemista &quot;Powecup 2024, Joensuu&quot;\" \/>\n<meta property=\"og:url\" content=\"https:\/\/www.alajarvenankkurit.fi\/lentopallo\/powecup-2021-salo\/\" \/>\n<meta property=\"og:site_name\" content=\"Alaj\u00e4rven Ankkurit \/ Lentopallo\" \/>\n<meta property=\"article:modified_time\" content=\"2024-07-12T09:06:22+00:00\" \/>\n<meta property=\"og:image\" content=\"https:\/\/www.alajarvenankkurit.fi\/lentopallo\/wp-content\/uploads\/sites\/3\/2024\/07\/B-tytot-1-768x1024.jpg\" \/>\n<meta name=\"twitter:card\" content=\"summary_large_image\" \/>\n<meta name=\"twitter:label1\" content=\"Arvioitu lukuaika\" \/>\n\t<meta name=\"twitter:data1\" content=\"3 minuuttia\" \/>\n<script type=\"application\/ld+json\" class=\"yoast-schema-graph\">{\"@context\":\"https:\/\/schema.org\",\"@graph\":[{\"@type\":\"WebPage\",\"@id\":\"https:\/\/www.alajarvenankkurit.fi\/lentopallo\/powecup-2021-salo\/\",\"url\":\"https:\/\/www.alajarvenankkurit.fi\/lentopallo\/powecup-2021-salo\/\",\"name\":\"Powecup 2024, Joensuu - Alaj\u00e4rven Ankkurit \/ Lentopallo\",\"isPartOf\":{\"@id\":\"https:\/\/www.alajarvenankkurit.fi\/lentopallo\/#website\"},\"primaryImageOfPage\":{\"@id\":\"https:\/\/www.alajarvenankkurit.fi\/lentopallo\/powecup-2021-salo\/#primaryimage\"},\"image\":{\"@id\":\"https:\/\/www.alajarvenankkurit.fi\/lentopallo\/powecup-2021-salo\/#primaryimage\"},\"thumbnailUrl\":\"https:\/\/www.alajarvenankkurit.fi\/lentopallo\/wp-content\/uploads\/sites\/3\/2024\/07\/B-tytot-1-768x1024.jpg\",\"datePublished\":\"2021-08-15T13:46:55+00:00\",\"dateModified\":\"2024-07-12T09:06:22+00:00\",\"breadcrumb\":{\"@id\":\"https:\/\/www.alajarvenankkurit.fi\/lentopallo\/powecup-2021-salo\/#breadcrumb\"},\"inLanguage\":\"fi\",\"potentialAction\":[{\"@type\":\"ReadAction\",\"target\":[\"https:\/\/www.alajarvenankkurit.fi\/lentopallo\/powecup-2021-salo\/\"]}]},{\"@type\":\"ImageObject\",\"inLanguage\":\"fi\",\"@id\":\"https:\/\/www.alajarvenankkurit.fi\/lentopallo\/powecup-2021-salo\/#primaryimage\",\"url\":\"https:\/\/www.alajarvenankkurit.fi\/lentopallo\/wp-content\/uploads\/sites\/3\/2024\/07\/B-tytot-1.jpg\",\"contentUrl\":\"https:\/\/www.alajarvenankkurit.fi\/lentopallo\/wp-content\/uploads\/sites\/3\/2024\/07\/B-tytot-1.jpg\",\"width\":1536,\"height\":2048},{\"@type\":\"BreadcrumbList\",\"@id\":\"https:\/\/www.alajarvenankkurit.fi\/lentopallo\/powecup-2021-salo\/#breadcrumb\",\"itemListElement\":[{\"@type\":\"ListItem\",\"position\":1,\"name\":\"Etusivu\",\"item\":\"https:\/\/www.alajarvenankkurit.fi\/lentopallo\/\"},{\"@type\":\"ListItem\",\"position\":2,\"name\":\"Powecup 2024, Joensuu\"}]},{\"@type\":\"WebSite\",\"@id\":\"https:\/\/www.alajarvenankkurit.fi\/lentopallo\/#website\",\"url\":\"https:\/\/www.alajarvenankkurit.fi\/lentopallo\/\",\"name\":\"Alaj\u00e4rven Ankkurit \/ Lentopallo\",\"description\":\"\",\"publisher\":{\"@id\":\"https:\/\/www.alajarvenankkurit.fi\/lentopallo\/#organization\"},\"potentialAction\":[{\"@type\":\"SearchAction\",\"target\":{\"@type\":\"EntryPoint\",\"urlTemplate\":\"https:\/\/www.alajarvenankkurit.fi\/lentopallo\/?s={search_term_string}\"},\"query-input\":{\"@type\":\"PropertyValueSpecification\",\"valueRequired\":true,\"valueName\":\"search_term_string\"}}],\"inLanguage\":\"fi\"},{\"@type\":\"Organization\",\"@id\":\"https:\/\/www.alajarvenankkurit.fi\/lentopallo\/#organization\",\"name\":\"Alaj\u00e4rven Ankkurit \/ Lentopallo\",\"url\":\"https:\/\/www.alajarvenankkurit.fi\/lentopallo\/\",\"logo\":{\"@type\":\"ImageObject\",\"inLanguage\":\"fi\",\"@id\":\"https:\/\/www.alajarvenankkurit.fi\/lentopallo\/#\/schema\/logo\/image\/\",\"url\":\"https:\/\/www.alajarvenankkurit.fi\/lentopallo\/wp-content\/uploads\/sites\/3\/2020\/11\/cropped-alajarven_ankkurit_seuralogo_2019_250px.png\",\"contentUrl\":\"https:\/\/www.alajarvenankkurit.fi\/lentopallo\/wp-content\/uploads\/sites\/3\/2020\/11\/cropped-alajarven_ankkurit_seuralogo_2019_250px.png\",\"width\":250,\"height\":250,\"caption\":\"Alaj\u00e4rven Ankkurit \/ Lentopallo\"},\"image\":{\"@id\":\"https:\/\/www.alajarvenankkurit.fi\/lentopallo\/#\/schema\/logo\/image\/\"}}]}<\/script>\n<!-- \/ Yoast SEO plugin. -->","yoast_head_json":{"title":"Powecup 2024, Joensuu - Alaj\u00e4rven Ankkurit \/ Lentopallo","robots":{"index":"index","follow":"follow","max-snippet":"max-snippet:-1","max-image-preview":"max-image-preview:large","max-video-preview":"max-video-preview:-1"},"canonical":"https:\/\/www.alajarvenankkurit.fi\/lentopallo\/powecup-2021-salo\/","og_locale":"fi_FI","og_type":"article","og_title":"Powecup 2024, Joensuu - Alaj\u00e4rven Ankkurit \/ Lentopallo","og_description":"Alaj\u00e4rven Ankkureiden lentopalloilijat l\u00e4htiv\u00e4t seitsem\u00e4n joukkueen voimin 5.6.24 maailman suurimpaan lasten ja nuorten lentopallotapahtumaan Power Cuppiin Joensuun. Keskiviikko-iltap\u00e4iv\u00e4n\u00e4 Bussikyyti l\u00e4hti Alaj\u00e4rven ABC:lta kohti Joensuuta Mehtim\u00e4en Urheilupuistoon. Joensuuhun saavuttiin illansuussa. Majoituspaikka oli Utran koululla, mik\u00e4 palveli hyvin meid\u00e4n ryhm\u00e4\u00e4mme. Saimme majoituttua illalla ja k\u00e4vimme nauttimassa iltapalat ja olimme valmiina torstaina alkaviin peleihin. Nelj\u00e4n p\u00e4iv\u00e4n aikana Ankkureiden &hellip; Jatka lukemista \"Powecup 2024, Joensuu\"","og_url":"https:\/\/www.alajarvenankkurit.fi\/lentopallo\/powecup-2021-salo\/","og_site_name":"Alaj\u00e4rven Ankkurit \/ Lentopallo","article_modified_time":"2024-07-12T09:06:22+00:00","og_image":[{"url":"https:\/\/www.alajarvenankkurit.fi\/lentopallo\/wp-content\/uploads\/sites\/3\/2024\/07\/B-tytot-1-768x1024.jpg","type":"","width":"","height":""}],"twitter_card":"summary_large_image","twitter_misc":{"Arvioitu lukuaika":"3 minuuttia"},"schema":{"@context":"https:\/\/schema.org","@graph":[{"@type":"WebPage","@id":"https:\/\/www.alajarvenankkurit.fi\/lentopallo\/powecup-2021-salo\/","url":"https:\/\/www.alajarvenankkurit.fi\/lentopallo\/powecup-2021-salo\/","name":"Powecup 2024, Joensuu - Alaj\u00e4rven Ankkurit \/ Lentopallo","isPartOf":{"@id":"https:\/\/www.alajarvenankkurit.fi\/lentopallo\/#website"},"primaryImageOfPage":{"@id":"https:\/\/www.alajarvenankkurit.fi\/lentopallo\/powecup-2021-salo\/#primaryimage"},"image":{"@id":"https:\/\/www.alajarvenankkurit.fi\/lentopallo\/powecup-2021-salo\/#primaryimage"},"thumbnailUrl":"https:\/\/www.alajarvenankkurit.fi\/lentopallo\/wp-content\/uploads\/sites\/3\/2024\/07\/B-tytot-1-768x1024.jpg","datePublished":"2021-08-15T13:46:55+00:00","dateModified":"2024-07-12T09:06:22+00:00","breadcrumb":{"@id":"https:\/\/www.alajarvenankkurit.fi\/lentopallo\/powecup-2021-salo\/#breadcrumb"},"inLanguage":"fi","potentialAction":[{"@type":"ReadAction","target":["https:\/\/www.alajarvenankkurit.fi\/lentopallo\/powecup-2021-salo\/"]}]},{"@type":"ImageObject","inLanguage":"fi","@id":"https:\/\/www.alajarvenankkurit.fi\/lentopallo\/powecup-2021-salo\/#primaryimage","url":"https:\/\/www.alajarvenankkurit.fi\/lentopallo\/wp-content\/uploads\/sites\/3\/2024\/07\/B-tytot-1.jpg","contentUrl":"https:\/\/www.alajarvenankkurit.fi\/lentopallo\/wp-content\/uploads\/sites\/3\/2024\/07\/B-tytot-1.jpg","width":1536,"height":2048},{"@type":"BreadcrumbList","@id":"https:\/\/www.alajarvenankkurit.fi\/lentopallo\/powecup-2021-salo\/#breadcrumb","itemListElement":[{"@type":"ListItem","position":1,"name":"Etusivu","item":"https:\/\/www.alajarvenankkurit.fi\/lentopallo\/"},{"@type":"ListItem","position":2,"name":"Powecup 2024, Joensuu"}]},{"@type":"WebSite","@id":"https:\/\/www.alajarvenankkurit.fi\/lentopallo\/#website","url":"https:\/\/www.alajarvenankkurit.fi\/lentopallo\/","name":"Alaj\u00e4rven Ankkurit \/ Lentopallo","description":"","publisher":{"@id":"https:\/\/www.alajarvenankkurit.fi\/lentopallo\/#organization"},"potentialAction":[{"@type":"SearchAction","target":{"@type":"EntryPoint","urlTemplate":"https:\/\/www.alajarvenankkurit.fi\/lentopallo\/?s={search_term_string}"},"query-input":{"@type":"PropertyValueSpecification","valueRequired":true,"valueName":"search_term_string"}}],"inLanguage":"fi"},{"@type":"Organization","@id":"https:\/\/www.alajarvenankkurit.fi\/lentopallo\/#organization","name":"Alaj\u00e4rven Ankkurit \/ Lentopallo","url":"https:\/\/www.alajarvenankkurit.fi\/lentopallo\/","logo":{"@type":"ImageObject","inLanguage":"fi","@id":"https:\/\/www.alajarvenankkurit.fi\/lentopallo\/#\/schema\/logo\/image\/","url":"https:\/\/www.alajarvenankkurit.fi\/lentopallo\/wp-content\/uploads\/sites\/3\/2020\/11\/cropped-alajarven_ankkurit_seuralogo_2019_250px.png","contentUrl":"https:\/\/www.alajarvenankkurit.fi\/lentopallo\/wp-content\/uploads\/sites\/3\/2020\/11\/cropped-alajarven_ankkurit_seuralogo_2019_250px.png","width":250,"height":250,"caption":"Alaj\u00e4rven Ankkurit \/ Lentopallo"},"image":{"@id":"https:\/\/www.alajarvenankkurit.fi\/lentopallo\/#\/schema\/logo\/image\/"}}]}},"_links":{"self":[{"href":"https:\/\/www.alajarvenankkurit.fi\/lentopallo\/wp-json\/wp\/v2\/pages\/199","targetHints":{"allow":["GET"]}}],"collection":[{"href":"https:\/\/www.alajarvenankkurit.fi\/lentopallo\/wp-json\/wp\/v2\/pages"}],"about":[{"href":"https:\/\/www.alajarvenankkurit.fi\/lentopallo\/wp-json\/wp\/v2\/types\/page"}],"author":[{"embeddable":true,"href":"https:\/\/www.alajarvenankkurit.fi\/lentopallo\/wp-json\/wp\/v2\/users\/6"}],"replies":[{"embeddable":true,"href":"https:\/\/www.alajarvenankkurit.fi\/lentopallo\/wp-json\/wp\/v2\/comments?post=199"}],"version-history":[{"count":7,"href":"https:\/\/www.alajarvenankkurit.fi\/lentopallo\/wp-json\/wp\/v2\/pages\/199\/revisions"}],"predecessor-version":[{"id":468,"href":"https:\/\/www.alajarvenankkurit.fi\/lentopallo\/wp-json\/wp\/v2\/pages\/199\/revisions\/468"}],"wp:attachment":[{"href":"https:\/\/www.alajarvenankkurit.fi\/lentopallo\/wp-json\/wp\/v2\/media?parent=199"}],"curies":[{"name":"wp","href":"https:\/\/api.w.org\/{rel}","templated":true}]}}