{"id":154,"date":"2021-03-28T11:35:05","date_gmt":"2021-03-28T08:35:05","guid":{"rendered":"https:\/\/www.alajarvenankkurit.fi\/lentopallo\/?page_id=154"},"modified":"2024-08-18T22:16:20","modified_gmt":"2024-08-18T19:16:20","slug":"d-tytot-09","status":"publish","type":"page","link":"https:\/\/www.alajarvenankkurit.fi\/lentopallo\/d-tytot-09\/","title":{"rendered":"C-10 tyt\u00f6t"},"content":{"rendered":"\n<p>C-10 tyt\u00f6t treenaavat yhdess\u00e4 naisten kanssa<\/p>\n\n\n\n<figure class=\"wp-block-table\"><table><tbody><tr><td>Valmentaja: Ismo Pitk\u00e4nen<\/td><td>044-5551983<\/td><\/tr><tr><td>Joukkueen johtaja: Miia Katajam\u00e4ki<\/td><td>040-4155199<\/td><\/tr><tr><td>Treenivuorot<\/td><td>Maanantaisin 19.30 &#8211; 21.00 Monitoimihalli<br>Keskiviikkoisin 18.00 &#8211; 19.30, Monitoimihalli<br>Torstaisin 18.45 &#8211; 20.15, Monitoimihalli<\/td><\/tr><\/tbody><\/table><\/figure>\n","protected":false},"excerpt":{"rendered":"<p>C-10 tyt\u00f6t treenaavat yhdess\u00e4 naisten kanssa Valmentaja: Ismo Pitk\u00e4nen 044-5551983 Joukkueen johtaja: Miia Katajam\u00e4ki 040-4155199 Treenivuorot Maanantaisin 19.30 &#8211; 21.00 MonitoimihalliKeskiviikkoisin 18.00 &#8211; 19.30, MonitoimihalliTorstaisin 18.45 &#8211; 20.15, Monitoimihalli<\/p>\n","protected":false},"author":6,"featured_media":0,"parent":0,"menu_order":0,"comment_status":"closed","ping_status":"closed","template":"","meta":{"footnotes":""},"class_list":["post-154","page","type-page","status-publish","hentry"],"yoast_head":"<!-- This site is optimized with the Yoast SEO plugin v27.0 - https:\/\/yoast.com\/product\/yoast-seo-wordpress\/ -->\n<title>C-10 tyt\u00f6t - Alaj\u00e4rven Ankkurit \/ Lentopallo<\/title>\n<meta name=\"robots\" content=\"index, follow, max-snippet:-1, max-image-preview:large, max-video-preview:-1\" \/>\n<link rel=\"canonical\" href=\"https:\/\/www.alajarvenankkurit.fi\/lentopallo\/d-tytot-09\/\" \/>\n<meta property=\"og:locale\" content=\"fi_FI\" \/>\n<meta property=\"og:type\" content=\"article\" \/>\n<meta property=\"og:title\" content=\"C-10 tyt\u00f6t - Alaj\u00e4rven Ankkurit \/ Lentopallo\" \/>\n<meta property=\"og:description\" content=\"C-10 tyt\u00f6t treenaavat yhdess\u00e4 naisten kanssa Valmentaja: Ismo Pitk\u00e4nen 044-5551983 Joukkueen johtaja: Miia Katajam\u00e4ki 040-4155199 Treenivuorot Maanantaisin 19.30 &#8211; 21.00 MonitoimihalliKeskiviikkoisin 18.00 &#8211; 19.30, MonitoimihalliTorstaisin 18.45 &#8211; 20.15, Monitoimihalli\" \/>\n<meta property=\"og:url\" content=\"https:\/\/www.alajarvenankkurit.fi\/lentopallo\/d-tytot-09\/\" \/>\n<meta property=\"og:site_name\" content=\"Alaj\u00e4rven Ankkurit \/ Lentopallo\" \/>\n<meta property=\"article:modified_time\" content=\"2024-08-18T19:16:20+00:00\" \/>\n<meta name=\"twitter:card\" content=\"summary_large_image\" \/>\n<meta name=\"twitter:label1\" content=\"Arvioitu lukuaika\" \/>\n\t<meta name=\"twitter:data1\" content=\"1 minuutti\" \/>\n<script type=\"application\/ld+json\" class=\"yoast-schema-graph\">{\"@context\":\"https:\/\/schema.org\",\"@graph\":[{\"@type\":\"WebPage\",\"@id\":\"https:\/\/www.alajarvenankkurit.fi\/lentopallo\/d-tytot-09\/\",\"url\":\"https:\/\/www.alajarvenankkurit.fi\/lentopallo\/d-tytot-09\/\",\"name\":\"C-10 tyt\u00f6t - Alaj\u00e4rven Ankkurit \/ Lentopallo\",\"isPartOf\":{\"@id\":\"https:\/\/www.alajarvenankkurit.fi\/lentopallo\/#website\"},\"datePublished\":\"2021-03-28T08:35:05+00:00\",\"dateModified\":\"2024-08-18T19:16:20+00:00\",\"breadcrumb\":{\"@id\":\"https:\/\/www.alajarvenankkurit.fi\/lentopallo\/d-tytot-09\/#breadcrumb\"},\"inLanguage\":\"fi\",\"potentialAction\":[{\"@type\":\"ReadAction\",\"target\":[\"https:\/\/www.alajarvenankkurit.fi\/lentopallo\/d-tytot-09\/\"]}]},{\"@type\":\"BreadcrumbList\",\"@id\":\"https:\/\/www.alajarvenankkurit.fi\/lentopallo\/d-tytot-09\/#breadcrumb\",\"itemListElement\":[{\"@type\":\"ListItem\",\"position\":1,\"name\":\"Etusivu\",\"item\":\"https:\/\/www.alajarvenankkurit.fi\/lentopallo\/\"},{\"@type\":\"ListItem\",\"position\":2,\"name\":\"C-10 tyt\u00f6t\"}]},{\"@type\":\"WebSite\",\"@id\":\"https:\/\/www.alajarvenankkurit.fi\/lentopallo\/#website\",\"url\":\"https:\/\/www.alajarvenankkurit.fi\/lentopallo\/\",\"name\":\"Alaj\u00e4rven Ankkurit \/ Lentopallo\",\"description\":\"\",\"publisher\":{\"@id\":\"https:\/\/www.alajarvenankkurit.fi\/lentopallo\/#organization\"},\"potentialAction\":[{\"@type\":\"SearchAction\",\"target\":{\"@type\":\"EntryPoint\",\"urlTemplate\":\"https:\/\/www.alajarvenankkurit.fi\/lentopallo\/?s={search_term_string}\"},\"query-input\":{\"@type\":\"PropertyValueSpecification\",\"valueRequired\":true,\"valueName\":\"search_term_string\"}}],\"inLanguage\":\"fi\"},{\"@type\":\"Organization\",\"@id\":\"https:\/\/www.alajarvenankkurit.fi\/lentopallo\/#organization\",\"name\":\"Alaj\u00e4rven Ankkurit \/ Lentopallo\",\"url\":\"https:\/\/www.alajarvenankkurit.fi\/lentopallo\/\",\"logo\":{\"@type\":\"ImageObject\",\"inLanguage\":\"fi\",\"@id\":\"https:\/\/www.alajarvenankkurit.fi\/lentopallo\/#\/schema\/logo\/image\/\",\"url\":\"https:\/\/www.alajarvenankkurit.fi\/lentopallo\/wp-content\/uploads\/sites\/3\/2020\/11\/cropped-alajarven_ankkurit_seuralogo_2019_250px.png\",\"contentUrl\":\"https:\/\/www.alajarvenankkurit.fi\/lentopallo\/wp-content\/uploads\/sites\/3\/2020\/11\/cropped-alajarven_ankkurit_seuralogo_2019_250px.png\",\"width\":250,\"height\":250,\"caption\":\"Alaj\u00e4rven Ankkurit \/ Lentopallo\"},\"image\":{\"@id\":\"https:\/\/www.alajarvenankkurit.fi\/lentopallo\/#\/schema\/logo\/image\/\"}}]}<\/script>\n<!-- \/ Yoast SEO plugin. -->","yoast_head_json":{"title":"C-10 tyt\u00f6t - Alaj\u00e4rven Ankkurit \/ Lentopallo","robots":{"index":"index","follow":"follow","max-snippet":"max-snippet:-1","max-image-preview":"max-image-preview:large","max-video-preview":"max-video-preview:-1"},"canonical":"https:\/\/www.alajarvenankkurit.fi\/lentopallo\/d-tytot-09\/","og_locale":"fi_FI","og_type":"article","og_title":"C-10 tyt\u00f6t - Alaj\u00e4rven Ankkurit \/ Lentopallo","og_description":"C-10 tyt\u00f6t treenaavat yhdess\u00e4 naisten kanssa Valmentaja: Ismo Pitk\u00e4nen 044-5551983 Joukkueen johtaja: Miia Katajam\u00e4ki 040-4155199 Treenivuorot Maanantaisin 19.30 &#8211; 21.00 MonitoimihalliKeskiviikkoisin 18.00 &#8211; 19.30, MonitoimihalliTorstaisin 18.45 &#8211; 20.15, Monitoimihalli","og_url":"https:\/\/www.alajarvenankkurit.fi\/lentopallo\/d-tytot-09\/","og_site_name":"Alaj\u00e4rven Ankkurit \/ Lentopallo","article_modified_time":"2024-08-18T19:16:20+00:00","twitter_card":"summary_large_image","twitter_misc":{"Arvioitu lukuaika":"1 minuutti"},"schema":{"@context":"https:\/\/schema.org","@graph":[{"@type":"WebPage","@id":"https:\/\/www.alajarvenankkurit.fi\/lentopallo\/d-tytot-09\/","url":"https:\/\/www.alajarvenankkurit.fi\/lentopallo\/d-tytot-09\/","name":"C-10 tyt\u00f6t - Alaj\u00e4rven Ankkurit \/ Lentopallo","isPartOf":{"@id":"https:\/\/www.alajarvenankkurit.fi\/lentopallo\/#website"},"datePublished":"2021-03-28T08:35:05+00:00","dateModified":"2024-08-18T19:16:20+00:00","breadcrumb":{"@id":"https:\/\/www.alajarvenankkurit.fi\/lentopallo\/d-tytot-09\/#breadcrumb"},"inLanguage":"fi","potentialAction":[{"@type":"ReadAction","target":["https:\/\/www.alajarvenankkurit.fi\/lentopallo\/d-tytot-09\/"]}]},{"@type":"BreadcrumbList","@id":"https:\/\/www.alajarvenankkurit.fi\/lentopallo\/d-tytot-09\/#breadcrumb","itemListElement":[{"@type":"ListItem","position":1,"name":"Etusivu","item":"https:\/\/www.alajarvenankkurit.fi\/lentopallo\/"},{"@type":"ListItem","position":2,"name":"C-10 tyt\u00f6t"}]},{"@type":"WebSite","@id":"https:\/\/www.alajarvenankkurit.fi\/lentopallo\/#website","url":"https:\/\/www.alajarvenankkurit.fi\/lentopallo\/","name":"Alaj\u00e4rven Ankkurit \/ Lentopallo","description":"","publisher":{"@id":"https:\/\/www.alajarvenankkurit.fi\/lentopallo\/#organization"},"potentialAction":[{"@type":"SearchAction","target":{"@type":"EntryPoint","urlTemplate":"https:\/\/www.alajarvenankkurit.fi\/lentopallo\/?s={search_term_string}"},"query-input":{"@type":"PropertyValueSpecification","valueRequired":true,"valueName":"search_term_string"}}],"inLanguage":"fi"},{"@type":"Organization","@id":"https:\/\/www.alajarvenankkurit.fi\/lentopallo\/#organization","name":"Alaj\u00e4rven Ankkurit \/ Lentopallo","url":"https:\/\/www.alajarvenankkurit.fi\/lentopallo\/","logo":{"@type":"ImageObject","inLanguage":"fi","@id":"https:\/\/www.alajarvenankkurit.fi\/lentopallo\/#\/schema\/logo\/image\/","url":"https:\/\/www.alajarvenankkurit.fi\/lentopallo\/wp-content\/uploads\/sites\/3\/2020\/11\/cropped-alajarven_ankkurit_seuralogo_2019_250px.png","contentUrl":"https:\/\/www.alajarvenankkurit.fi\/lentopallo\/wp-content\/uploads\/sites\/3\/2020\/11\/cropped-alajarven_ankkurit_seuralogo_2019_250px.png","width":250,"height":250,"caption":"Alaj\u00e4rven Ankkurit \/ Lentopallo"},"image":{"@id":"https:\/\/www.alajarvenankkurit.fi\/lentopallo\/#\/schema\/logo\/image\/"}}]}},"_links":{"self":[{"href":"https:\/\/www.alajarvenankkurit.fi\/lentopallo\/wp-json\/wp\/v2\/pages\/154","targetHints":{"allow":["GET"]}}],"collection":[{"href":"https:\/\/www.alajarvenankkurit.fi\/lentopallo\/wp-json\/wp\/v2\/pages"}],"about":[{"href":"https:\/\/www.alajarvenankkurit.fi\/lentopallo\/wp-json\/wp\/v2\/types\/page"}],"author":[{"embeddable":true,"href":"https:\/\/www.alajarvenankkurit.fi\/lentopallo\/wp-json\/wp\/v2\/users\/6"}],"replies":[{"embeddable":true,"href":"https:\/\/www.alajarvenankkurit.fi\/lentopallo\/wp-json\/wp\/v2\/comments?post=154"}],"version-history":[{"count":7,"href":"https:\/\/www.alajarvenankkurit.fi\/lentopallo\/wp-json\/wp\/v2\/pages\/154\/revisions"}],"predecessor-version":[{"id":487,"href":"https:\/\/www.alajarvenankkurit.fi\/lentopallo\/wp-json\/wp\/v2\/pages\/154\/revisions\/487"}],"wp:attachment":[{"href":"https:\/\/www.alajarvenankkurit.fi\/lentopallo\/wp-json\/wp\/v2\/media?parent=154"}],"curies":[{"name":"wp","href":"https:\/\/api.w.org\/{rel}","templated":true}]}}