{"id":144,"date":"2021-03-28T11:24:40","date_gmt":"2021-03-28T08:24:40","guid":{"rendered":"https:\/\/www.alajarvenankkurit.fi\/lentopallo\/?page_id=144"},"modified":"2024-08-18T22:10:34","modified_gmt":"2024-08-18T19:10:34","slug":"e-tytot-10","status":"publish","type":"page","link":"https:\/\/www.alajarvenankkurit.fi\/lentopallo\/e-tytot-10\/","title":{"rendered":"D-12 pojat"},"content":{"rendered":"\n<p><\/p>\n\n\n\n<figure class=\"wp-block-table\"><table><tbody><tr><td>Valmentaja: Hannele Sillanp\u00e4\u00e4<\/td><td class=\"has-text-align-left\" data-align=\"left\">040-7433471<\/td><\/tr><tr><td>Treenivuorot <\/td><td class=\"has-text-align-left\" data-align=\"left\">Maanantaisin 18.30 &#8211; 20.00, Hoiskon koulu<br>Tiistaisin 16.30 &#8211; 18.00 Kyyj\u00e4rvi<br>Torstaisin 16.30 &#8211; 18.00 Monitoimihalli<\/td><\/tr><\/tbody><\/table><\/figure>\n","protected":false},"excerpt":{"rendered":"<p>Valmentaja: Hannele Sillanp\u00e4\u00e4 040-7433471 Treenivuorot Maanantaisin 18.30 &#8211; 20.00, Hoiskon kouluTiistaisin 16.30 &#8211; 18.00 Kyyj\u00e4rviTorstaisin 16.30 &#8211; 18.00 Monitoimihalli<\/p>\n","protected":false},"author":6,"featured_media":0,"parent":0,"menu_order":0,"comment_status":"closed","ping_status":"closed","template":"","meta":{"footnotes":""},"class_list":["post-144","page","type-page","status-publish","hentry"],"yoast_head":"<!-- This site is optimized with the Yoast SEO plugin v27.0 - https:\/\/yoast.com\/product\/yoast-seo-wordpress\/ -->\n<title>D-12 pojat - Alaj\u00e4rven Ankkurit \/ Lentopallo<\/title>\n<meta name=\"robots\" content=\"index, follow, max-snippet:-1, max-image-preview:large, max-video-preview:-1\" \/>\n<link rel=\"canonical\" href=\"https:\/\/www.alajarvenankkurit.fi\/lentopallo\/e-tytot-10\/\" \/>\n<meta property=\"og:locale\" content=\"fi_FI\" \/>\n<meta property=\"og:type\" content=\"article\" \/>\n<meta property=\"og:title\" content=\"D-12 pojat - Alaj\u00e4rven Ankkurit \/ Lentopallo\" \/>\n<meta property=\"og:description\" content=\"Valmentaja: Hannele Sillanp\u00e4\u00e4 040-7433471 Treenivuorot Maanantaisin 18.30 &#8211; 20.00, Hoiskon kouluTiistaisin 16.30 &#8211; 18.00 Kyyj\u00e4rviTorstaisin 16.30 &#8211; 18.00 Monitoimihalli\" \/>\n<meta property=\"og:url\" content=\"https:\/\/www.alajarvenankkurit.fi\/lentopallo\/e-tytot-10\/\" \/>\n<meta property=\"og:site_name\" content=\"Alaj\u00e4rven Ankkurit \/ Lentopallo\" \/>\n<meta property=\"article:modified_time\" content=\"2024-08-18T19:10:34+00:00\" \/>\n<meta name=\"twitter:card\" content=\"summary_large_image\" \/>\n<meta name=\"twitter:label1\" content=\"Arvioitu lukuaika\" \/>\n\t<meta name=\"twitter:data1\" content=\"1 minuutti\" \/>\n<script type=\"application\/ld+json\" class=\"yoast-schema-graph\">{\"@context\":\"https:\/\/schema.org\",\"@graph\":[{\"@type\":\"WebPage\",\"@id\":\"https:\/\/www.alajarvenankkurit.fi\/lentopallo\/e-tytot-10\/\",\"url\":\"https:\/\/www.alajarvenankkurit.fi\/lentopallo\/e-tytot-10\/\",\"name\":\"D-12 pojat - Alaj\u00e4rven Ankkurit \/ Lentopallo\",\"isPartOf\":{\"@id\":\"https:\/\/www.alajarvenankkurit.fi\/lentopallo\/#website\"},\"datePublished\":\"2021-03-28T08:24:40+00:00\",\"dateModified\":\"2024-08-18T19:10:34+00:00\",\"breadcrumb\":{\"@id\":\"https:\/\/www.alajarvenankkurit.fi\/lentopallo\/e-tytot-10\/#breadcrumb\"},\"inLanguage\":\"fi\",\"potentialAction\":[{\"@type\":\"ReadAction\",\"target\":[\"https:\/\/www.alajarvenankkurit.fi\/lentopallo\/e-tytot-10\/\"]}]},{\"@type\":\"BreadcrumbList\",\"@id\":\"https:\/\/www.alajarvenankkurit.fi\/lentopallo\/e-tytot-10\/#breadcrumb\",\"itemListElement\":[{\"@type\":\"ListItem\",\"position\":1,\"name\":\"Etusivu\",\"item\":\"https:\/\/www.alajarvenankkurit.fi\/lentopallo\/\"},{\"@type\":\"ListItem\",\"position\":2,\"name\":\"D-12 pojat\"}]},{\"@type\":\"WebSite\",\"@id\":\"https:\/\/www.alajarvenankkurit.fi\/lentopallo\/#website\",\"url\":\"https:\/\/www.alajarvenankkurit.fi\/lentopallo\/\",\"name\":\"Alaj\u00e4rven Ankkurit \/ Lentopallo\",\"description\":\"\",\"publisher\":{\"@id\":\"https:\/\/www.alajarvenankkurit.fi\/lentopallo\/#organization\"},\"potentialAction\":[{\"@type\":\"SearchAction\",\"target\":{\"@type\":\"EntryPoint\",\"urlTemplate\":\"https:\/\/www.alajarvenankkurit.fi\/lentopallo\/?s={search_term_string}\"},\"query-input\":{\"@type\":\"PropertyValueSpecification\",\"valueRequired\":true,\"valueName\":\"search_term_string\"}}],\"inLanguage\":\"fi\"},{\"@type\":\"Organization\",\"@id\":\"https:\/\/www.alajarvenankkurit.fi\/lentopallo\/#organization\",\"name\":\"Alaj\u00e4rven Ankkurit \/ Lentopallo\",\"url\":\"https:\/\/www.alajarvenankkurit.fi\/lentopallo\/\",\"logo\":{\"@type\":\"ImageObject\",\"inLanguage\":\"fi\",\"@id\":\"https:\/\/www.alajarvenankkurit.fi\/lentopallo\/#\/schema\/logo\/image\/\",\"url\":\"https:\/\/www.alajarvenankkurit.fi\/lentopallo\/wp-content\/uploads\/sites\/3\/2020\/11\/cropped-alajarven_ankkurit_seuralogo_2019_250px.png\",\"contentUrl\":\"https:\/\/www.alajarvenankkurit.fi\/lentopallo\/wp-content\/uploads\/sites\/3\/2020\/11\/cropped-alajarven_ankkurit_seuralogo_2019_250px.png\",\"width\":250,\"height\":250,\"caption\":\"Alaj\u00e4rven Ankkurit \/ Lentopallo\"},\"image\":{\"@id\":\"https:\/\/www.alajarvenankkurit.fi\/lentopallo\/#\/schema\/logo\/image\/\"}}]}<\/script>\n<!-- \/ Yoast SEO plugin. -->","yoast_head_json":{"title":"D-12 pojat - Alaj\u00e4rven Ankkurit \/ Lentopallo","robots":{"index":"index","follow":"follow","max-snippet":"max-snippet:-1","max-image-preview":"max-image-preview:large","max-video-preview":"max-video-preview:-1"},"canonical":"https:\/\/www.alajarvenankkurit.fi\/lentopallo\/e-tytot-10\/","og_locale":"fi_FI","og_type":"article","og_title":"D-12 pojat - Alaj\u00e4rven Ankkurit \/ Lentopallo","og_description":"Valmentaja: Hannele Sillanp\u00e4\u00e4 040-7433471 Treenivuorot Maanantaisin 18.30 &#8211; 20.00, Hoiskon kouluTiistaisin 16.30 &#8211; 18.00 Kyyj\u00e4rviTorstaisin 16.30 &#8211; 18.00 Monitoimihalli","og_url":"https:\/\/www.alajarvenankkurit.fi\/lentopallo\/e-tytot-10\/","og_site_name":"Alaj\u00e4rven Ankkurit \/ Lentopallo","article_modified_time":"2024-08-18T19:10:34+00:00","twitter_card":"summary_large_image","twitter_misc":{"Arvioitu lukuaika":"1 minuutti"},"schema":{"@context":"https:\/\/schema.org","@graph":[{"@type":"WebPage","@id":"https:\/\/www.alajarvenankkurit.fi\/lentopallo\/e-tytot-10\/","url":"https:\/\/www.alajarvenankkurit.fi\/lentopallo\/e-tytot-10\/","name":"D-12 pojat - Alaj\u00e4rven Ankkurit \/ Lentopallo","isPartOf":{"@id":"https:\/\/www.alajarvenankkurit.fi\/lentopallo\/#website"},"datePublished":"2021-03-28T08:24:40+00:00","dateModified":"2024-08-18T19:10:34+00:00","breadcrumb":{"@id":"https:\/\/www.alajarvenankkurit.fi\/lentopallo\/e-tytot-10\/#breadcrumb"},"inLanguage":"fi","potentialAction":[{"@type":"ReadAction","target":["https:\/\/www.alajarvenankkurit.fi\/lentopallo\/e-tytot-10\/"]}]},{"@type":"BreadcrumbList","@id":"https:\/\/www.alajarvenankkurit.fi\/lentopallo\/e-tytot-10\/#breadcrumb","itemListElement":[{"@type":"ListItem","position":1,"name":"Etusivu","item":"https:\/\/www.alajarvenankkurit.fi\/lentopallo\/"},{"@type":"ListItem","position":2,"name":"D-12 pojat"}]},{"@type":"WebSite","@id":"https:\/\/www.alajarvenankkurit.fi\/lentopallo\/#website","url":"https:\/\/www.alajarvenankkurit.fi\/lentopallo\/","name":"Alaj\u00e4rven Ankkurit \/ Lentopallo","description":"","publisher":{"@id":"https:\/\/www.alajarvenankkurit.fi\/lentopallo\/#organization"},"potentialAction":[{"@type":"SearchAction","target":{"@type":"EntryPoint","urlTemplate":"https:\/\/www.alajarvenankkurit.fi\/lentopallo\/?s={search_term_string}"},"query-input":{"@type":"PropertyValueSpecification","valueRequired":true,"valueName":"search_term_string"}}],"inLanguage":"fi"},{"@type":"Organization","@id":"https:\/\/www.alajarvenankkurit.fi\/lentopallo\/#organization","name":"Alaj\u00e4rven Ankkurit \/ Lentopallo","url":"https:\/\/www.alajarvenankkurit.fi\/lentopallo\/","logo":{"@type":"ImageObject","inLanguage":"fi","@id":"https:\/\/www.alajarvenankkurit.fi\/lentopallo\/#\/schema\/logo\/image\/","url":"https:\/\/www.alajarvenankkurit.fi\/lentopallo\/wp-content\/uploads\/sites\/3\/2020\/11\/cropped-alajarven_ankkurit_seuralogo_2019_250px.png","contentUrl":"https:\/\/www.alajarvenankkurit.fi\/lentopallo\/wp-content\/uploads\/sites\/3\/2020\/11\/cropped-alajarven_ankkurit_seuralogo_2019_250px.png","width":250,"height":250,"caption":"Alaj\u00e4rven Ankkurit \/ Lentopallo"},"image":{"@id":"https:\/\/www.alajarvenankkurit.fi\/lentopallo\/#\/schema\/logo\/image\/"}}]}},"_links":{"self":[{"href":"https:\/\/www.alajarvenankkurit.fi\/lentopallo\/wp-json\/wp\/v2\/pages\/144","targetHints":{"allow":["GET"]}}],"collection":[{"href":"https:\/\/www.alajarvenankkurit.fi\/lentopallo\/wp-json\/wp\/v2\/pages"}],"about":[{"href":"https:\/\/www.alajarvenankkurit.fi\/lentopallo\/wp-json\/wp\/v2\/types\/page"}],"author":[{"embeddable":true,"href":"https:\/\/www.alajarvenankkurit.fi\/lentopallo\/wp-json\/wp\/v2\/users\/6"}],"replies":[{"embeddable":true,"href":"https:\/\/www.alajarvenankkurit.fi\/lentopallo\/wp-json\/wp\/v2\/comments?post=144"}],"version-history":[{"count":12,"href":"https:\/\/www.alajarvenankkurit.fi\/lentopallo\/wp-json\/wp\/v2\/pages\/144\/revisions"}],"predecessor-version":[{"id":480,"href":"https:\/\/www.alajarvenankkurit.fi\/lentopallo\/wp-json\/wp\/v2\/pages\/144\/revisions\/480"}],"wp:attachment":[{"href":"https:\/\/www.alajarvenankkurit.fi\/lentopallo\/wp-json\/wp\/v2\/media?parent=144"}],"curies":[{"name":"wp","href":"https:\/\/api.w.org\/{rel}","templated":true}]}}