{"id":69,"date":"2019-10-29T18:50:13","date_gmt":"2019-10-29T16:50:13","guid":{"rendered":"http:\/\/212.66.193.72\/~cp4520516\/hiihto\/?page_id=69"},"modified":"2019-10-30T00:41:02","modified_gmt":"2019-10-29T22:41:02","slug":"ohjeet-kilpailuissa-kayville","status":"publish","type":"page","link":"https:\/\/www.alajarvenankkurit.fi\/hiihto\/ohjeet-kilpailuissa-kayville\/","title":{"rendered":"Ohjeet kilpailuissa k\u00e4yville"},"content":{"rendered":"\n<h2 class=\"wp-block-heading\">KILPAILUOHJEITA<\/h2>\n\n\n\n<p>Keskeisi\u00e4\n kilpailuohjeita niille, jotka jo k\u00e4yv\u00e4t tai suunnittelevat k\u00e4yv\u00e4ns\u00e4 \nseuran ulkopuolisissa hiihdoissa (piirikunnalliset, kansalliset, \npm-kisat<\/p>\n\n\n\n<h4 class=\"wp-block-heading\">Ennen kisaa:<\/h4>\n\n\n\n<p>&#8211; Jokainen kisaan l\u00e4htij\u00e4 tarvitsee v\u00e4hint\u00e4\u00e4n skipassin<\/p>\n\n\n\n<p>&#8211; Kisaan ilmoittautuminen tapahtuu aina seuran kautta<\/p>\n\n\n\n<p>&#8211; samana p\u00e4iv\u00e4n\u00e4 voi olla ilmoittautunut vain yhteen kisaan.<\/p>\n\n\n\n<p>Kisassa t\u00e4ytyy noudattaa hiihtoliiton s\u00e4\u00e4nt\u00f6j\u00e4, kaikki s\u00e4\u00e4nn\u00f6t l\u00f6ytyv\u00e4t hiihtoliiton sivuilta: <a href=\"http:\/\/www.hiihtoliitto.fi\/maastohiihto\/kilpailusaannot\/\">http:\/\/www.hiihtoliitto.fi\/maastohiihto\/kilpailusaannot\/<\/a><\/p>\n\n\n\n<h4 class=\"wp-block-heading\">Muutamia keskeisi\u00e4 s\u00e4\u00e4nt\u00f6j\u00e4:&nbsp;<\/h4>\n\n\n\n<p>&#8211;\n Perinteinen hiihtotapa kisassa tarkoittaa perinteist\u00e4. Eli \nyksinkertaisesti luistella ei saa! Sen vuoksi kisoissa on usein \nhiihtotapavalvojat.<\/p>\n\n\n\n<p>&#8211; Kilpailija on vastuussa saapumisestaan l\u00e4ht\u00f6\u00f6n ja l\u00e4hd\u00f6st\u00e4\u00e4n oikeaan aikaan.<\/p>\n\n\n\n<p>&#8211; Rata on hiihdett\u00e4v\u00e4 omin voimin. Kiritt\u00e4j\u00e4n tai ty\u00f6nt\u00e4j\u00e4n apua ei saa k\u00e4ytt\u00e4\u00e4. Eli huoltaja ei saa l\u00e4hte\u00e4 mukaan hiiht\u00e4m\u00e4\u00e4n.<\/p>\n\n\n\n<p>&#8211;\n Ohitettavan kilpailijan on ensimm\u00e4isest\u00e4 pyynn\u00f6st\u00e4 v\u00e4istett\u00e4v\u00e4. Toisin \nsanoa latua on annettava, kun sit\u00e4 pyydet\u00e4\u00e4n. T\u00e4st\u00e4 poikkeus on \nsprinttikilpailu.<\/p>\n\n\n\n<p>&#8211;\n aikana, joka alkaa 5 minuuttia ennen ensimm\u00e4ist\u00e4 l\u00e4ht\u00f6\u00e4 ja p\u00e4\u00e4ttyy \ntarkastuspartion ohitukseen, eiv\u00e4t toimitsijat, valmentajat eiv\u00e4tk\u00e4 muut\n radalle valtuutetut henkil\u00f6t saa hiiht\u00e4\u00e4 radalla. Toisin sanoen, \nhuoltajien ei saisi edes menn\u00e4 kilpareitille suksien kanssa.<\/p>\n\n\n\n<p>&#8211;\n antaessaan v\u00e4liaikoja ja muita tietoja kilpailijoille, eiv\u00e4t \ntoimitsijat, valmentajat eiv\u00e4tk\u00e4 muut saa juosta kilpailijan vierell\u00e4 30\n metri\u00e4 pidemp\u00e4\u00e4 matkaa.<\/p>\n\n\n\n<h4 class=\"wp-block-heading\">S\u00e4\u00e4nn\u00f6t nappulahiihdoissa<\/h4>\n\n\n\n<p>Seuran\n omissa, ns nappulahiihdoissa, miss\u00e4 on mukana nuoria kisaajia, n\u00e4ist\u00e4 \ns\u00e4\u00e4nn\u00f6ist\u00e4 usein joustetaan. Nappulahiihdot ovat ns harjoittelukisoja, \nmiss\u00e4 yritet\u00e4\u00e4n joustaa ja opastaa nuoria kisaajia. Silti muutamia \ns\u00e4\u00e4nt\u00f6j\u00e4 pit\u00e4isi muistaa niiss\u00e4kin:<\/p>\n\n\n\n<p>&#8211;&nbsp;perinteisell\u00e4 hiihdett\u00e4ess\u00e4 luistelu on kielletty nappulahiihdoissakin<\/p>\n\n\n\n<p>&#8211;&nbsp;latua pit\u00e4isi muistaa antaa, vaikka usein se onkin vaikea muistaa itse kisassa.<\/p>\n\n\n\n<p>&#8211;&nbsp;nappulahiihdoissa mukana saa menn\u00e4 huoltaja ja kovin pienill\u00e4 se on jopa suotavaa<\/p>\n\n\n\n<p>&#8211; Kaatuneen saa nostaa pystyyn<\/p>\n\n\n\n<p>&#8211;&nbsp;jos nopeampi kaveri tulee takaa, niin pienen voi nostaa siksi ajaksi sivuun ladulta, &nbsp;kun kaveri ohittaa.<\/p>\n\n\n\n<p>Neuvoja voi aina kysy\u00e4 hiihtojaoston j\u00e4senilt\u00e4.<\/p>\n","protected":false},"excerpt":{"rendered":"<p>KILPAILUOHJEITA Keskeisi\u00e4 kilpailuohjeita niille, jotka jo k\u00e4yv\u00e4t tai suunnittelevat k\u00e4yv\u00e4ns\u00e4 seuran ulkopuolisissa hiihdoissa (piirikunnalliset, kansalliset, pm-kisat Ennen kisaa: &#8211; Jokainen kisaan l\u00e4htij\u00e4 tarvitsee v\u00e4hint\u00e4\u00e4n skipassin &#8211; Kisaan ilmoittautuminen tapahtuu aina seuran kautta &#8211; samana p\u00e4iv\u00e4n\u00e4 voi olla ilmoittautunut vain yhteen kisaan. Kisassa t\u00e4ytyy noudattaa hiihtoliiton s\u00e4\u00e4nt\u00f6j\u00e4, kaikki s\u00e4\u00e4nn\u00f6t l\u00f6ytyv\u00e4t hiihtoliiton sivuilta: http:\/\/www.hiihtoliitto.fi\/maastohiihto\/kilpailusaannot\/ Muutamia keskeisi\u00e4 s\u00e4\u00e4nt\u00f6j\u00e4:&nbsp; &hellip; <\/p>\n<p class=\"link-more\"><a href=\"https:\/\/www.alajarvenankkurit.fi\/hiihto\/ohjeet-kilpailuissa-kayville\/\" class=\"more-link\">Jatka lukemista<span class=\"screen-reader-text\"> &#8221;Ohjeet kilpailuissa k\u00e4yville&#8221;<\/span><\/a><\/p>\n","protected":false},"author":3,"featured_media":0,"parent":0,"menu_order":0,"comment_status":"closed","ping_status":"closed","template":"","meta":{"footnotes":""},"class_list":["post-69","page","type-page","status-publish","hentry"],"yoast_head":"<!-- This site is optimized with the Yoast SEO plugin v27.0 - https:\/\/yoast.com\/product\/yoast-seo-wordpress\/ -->\n<title>Ohjeet kilpailuissa k\u00e4yville - Alaj\u00e4rven Ankkurit \/ Hiihto<\/title>\n<meta name=\"robots\" content=\"index, follow, max-snippet:-1, max-image-preview:large, max-video-preview:-1\" \/>\n<link rel=\"canonical\" href=\"https:\/\/www.alajarvenankkurit.fi\/hiihto\/ohjeet-kilpailuissa-kayville\/\" \/>\n<meta property=\"og:locale\" content=\"fi_FI\" \/>\n<meta property=\"og:type\" content=\"article\" \/>\n<meta property=\"og:title\" content=\"Ohjeet kilpailuissa k\u00e4yville - Alaj\u00e4rven Ankkurit \/ Hiihto\" \/>\n<meta property=\"og:description\" content=\"KILPAILUOHJEITA Keskeisi\u00e4 kilpailuohjeita niille, jotka jo k\u00e4yv\u00e4t tai suunnittelevat k\u00e4yv\u00e4ns\u00e4 seuran ulkopuolisissa hiihdoissa (piirikunnalliset, kansalliset, pm-kisat Ennen kisaa: &#8211; Jokainen kisaan l\u00e4htij\u00e4 tarvitsee v\u00e4hint\u00e4\u00e4n skipassin &#8211; Kisaan ilmoittautuminen tapahtuu aina seuran kautta &#8211; samana p\u00e4iv\u00e4n\u00e4 voi olla ilmoittautunut vain yhteen kisaan. Kisassa t\u00e4ytyy noudattaa hiihtoliiton s\u00e4\u00e4nt\u00f6j\u00e4, kaikki s\u00e4\u00e4nn\u00f6t l\u00f6ytyv\u00e4t hiihtoliiton sivuilta: http:\/\/www.hiihtoliitto.fi\/maastohiihto\/kilpailusaannot\/ Muutamia keskeisi\u00e4 s\u00e4\u00e4nt\u00f6j\u00e4:&nbsp; &hellip; Jatka lukemista &quot;Ohjeet kilpailuissa k\u00e4yville&quot;\" \/>\n<meta property=\"og:url\" content=\"https:\/\/www.alajarvenankkurit.fi\/hiihto\/ohjeet-kilpailuissa-kayville\/\" \/>\n<meta property=\"og:site_name\" content=\"Alaj\u00e4rven Ankkurit \/ Hiihto\" \/>\n<meta property=\"article:modified_time\" content=\"2019-10-29T22:41:02+00:00\" \/>\n<meta name=\"twitter:card\" content=\"summary_large_image\" \/>\n<meta name=\"twitter:label1\" content=\"Arvioitu lukuaika\" \/>\n\t<meta name=\"twitter:data1\" content=\"2 minuuttia\" \/>\n<script type=\"application\/ld+json\" class=\"yoast-schema-graph\">{\"@context\":\"https:\/\/schema.org\",\"@graph\":[{\"@type\":\"WebPage\",\"@id\":\"https:\/\/www.alajarvenankkurit.fi\/hiihto\/ohjeet-kilpailuissa-kayville\/\",\"url\":\"https:\/\/www.alajarvenankkurit.fi\/hiihto\/ohjeet-kilpailuissa-kayville\/\",\"name\":\"Ohjeet kilpailuissa k\u00e4yville - Alaj\u00e4rven Ankkurit \/ Hiihto\",\"isPartOf\":{\"@id\":\"https:\/\/www.alajarvenankkurit.fi\/hiihto\/#website\"},\"datePublished\":\"2019-10-29T16:50:13+00:00\",\"dateModified\":\"2019-10-29T22:41:02+00:00\",\"breadcrumb\":{\"@id\":\"https:\/\/www.alajarvenankkurit.fi\/hiihto\/ohjeet-kilpailuissa-kayville\/#breadcrumb\"},\"inLanguage\":\"fi\",\"potentialAction\":[{\"@type\":\"ReadAction\",\"target\":[\"https:\/\/www.alajarvenankkurit.fi\/hiihto\/ohjeet-kilpailuissa-kayville\/\"]}]},{\"@type\":\"BreadcrumbList\",\"@id\":\"https:\/\/www.alajarvenankkurit.fi\/hiihto\/ohjeet-kilpailuissa-kayville\/#breadcrumb\",\"itemListElement\":[{\"@type\":\"ListItem\",\"position\":1,\"name\":\"Etusivu\",\"item\":\"https:\/\/www.alajarvenankkurit.fi\/hiihto\/\"},{\"@type\":\"ListItem\",\"position\":2,\"name\":\"Ohjeet kilpailuissa k\u00e4yville\"}]},{\"@type\":\"WebSite\",\"@id\":\"https:\/\/www.alajarvenankkurit.fi\/hiihto\/#website\",\"url\":\"https:\/\/www.alajarvenankkurit.fi\/hiihto\/\",\"name\":\"Alaj\u00e4rven Ankkurit \/ Hiihto\",\"description\":\"\",\"potentialAction\":[{\"@type\":\"SearchAction\",\"target\":{\"@type\":\"EntryPoint\",\"urlTemplate\":\"https:\/\/www.alajarvenankkurit.fi\/hiihto\/?s={search_term_string}\"},\"query-input\":{\"@type\":\"PropertyValueSpecification\",\"valueRequired\":true,\"valueName\":\"search_term_string\"}}],\"inLanguage\":\"fi\"}]}<\/script>\n<!-- \/ Yoast SEO plugin. -->","yoast_head_json":{"title":"Ohjeet kilpailuissa k\u00e4yville - Alaj\u00e4rven Ankkurit \/ Hiihto","robots":{"index":"index","follow":"follow","max-snippet":"max-snippet:-1","max-image-preview":"max-image-preview:large","max-video-preview":"max-video-preview:-1"},"canonical":"https:\/\/www.alajarvenankkurit.fi\/hiihto\/ohjeet-kilpailuissa-kayville\/","og_locale":"fi_FI","og_type":"article","og_title":"Ohjeet kilpailuissa k\u00e4yville - Alaj\u00e4rven Ankkurit \/ Hiihto","og_description":"KILPAILUOHJEITA Keskeisi\u00e4 kilpailuohjeita niille, jotka jo k\u00e4yv\u00e4t tai suunnittelevat k\u00e4yv\u00e4ns\u00e4 seuran ulkopuolisissa hiihdoissa (piirikunnalliset, kansalliset, pm-kisat Ennen kisaa: &#8211; Jokainen kisaan l\u00e4htij\u00e4 tarvitsee v\u00e4hint\u00e4\u00e4n skipassin &#8211; Kisaan ilmoittautuminen tapahtuu aina seuran kautta &#8211; samana p\u00e4iv\u00e4n\u00e4 voi olla ilmoittautunut vain yhteen kisaan. Kisassa t\u00e4ytyy noudattaa hiihtoliiton s\u00e4\u00e4nt\u00f6j\u00e4, kaikki s\u00e4\u00e4nn\u00f6t l\u00f6ytyv\u00e4t hiihtoliiton sivuilta: http:\/\/www.hiihtoliitto.fi\/maastohiihto\/kilpailusaannot\/ Muutamia keskeisi\u00e4 s\u00e4\u00e4nt\u00f6j\u00e4:&nbsp; &hellip; Jatka lukemista \"Ohjeet kilpailuissa k\u00e4yville\"","og_url":"https:\/\/www.alajarvenankkurit.fi\/hiihto\/ohjeet-kilpailuissa-kayville\/","og_site_name":"Alaj\u00e4rven Ankkurit \/ Hiihto","article_modified_time":"2019-10-29T22:41:02+00:00","twitter_card":"summary_large_image","twitter_misc":{"Arvioitu lukuaika":"2 minuuttia"},"schema":{"@context":"https:\/\/schema.org","@graph":[{"@type":"WebPage","@id":"https:\/\/www.alajarvenankkurit.fi\/hiihto\/ohjeet-kilpailuissa-kayville\/","url":"https:\/\/www.alajarvenankkurit.fi\/hiihto\/ohjeet-kilpailuissa-kayville\/","name":"Ohjeet kilpailuissa k\u00e4yville - Alaj\u00e4rven Ankkurit \/ Hiihto","isPartOf":{"@id":"https:\/\/www.alajarvenankkurit.fi\/hiihto\/#website"},"datePublished":"2019-10-29T16:50:13+00:00","dateModified":"2019-10-29T22:41:02+00:00","breadcrumb":{"@id":"https:\/\/www.alajarvenankkurit.fi\/hiihto\/ohjeet-kilpailuissa-kayville\/#breadcrumb"},"inLanguage":"fi","potentialAction":[{"@type":"ReadAction","target":["https:\/\/www.alajarvenankkurit.fi\/hiihto\/ohjeet-kilpailuissa-kayville\/"]}]},{"@type":"BreadcrumbList","@id":"https:\/\/www.alajarvenankkurit.fi\/hiihto\/ohjeet-kilpailuissa-kayville\/#breadcrumb","itemListElement":[{"@type":"ListItem","position":1,"name":"Etusivu","item":"https:\/\/www.alajarvenankkurit.fi\/hiihto\/"},{"@type":"ListItem","position":2,"name":"Ohjeet kilpailuissa k\u00e4yville"}]},{"@type":"WebSite","@id":"https:\/\/www.alajarvenankkurit.fi\/hiihto\/#website","url":"https:\/\/www.alajarvenankkurit.fi\/hiihto\/","name":"Alaj\u00e4rven Ankkurit \/ Hiihto","description":"","potentialAction":[{"@type":"SearchAction","target":{"@type":"EntryPoint","urlTemplate":"https:\/\/www.alajarvenankkurit.fi\/hiihto\/?s={search_term_string}"},"query-input":{"@type":"PropertyValueSpecification","valueRequired":true,"valueName":"search_term_string"}}],"inLanguage":"fi"}]}},"_links":{"self":[{"href":"https:\/\/www.alajarvenankkurit.fi\/hiihto\/wp-json\/wp\/v2\/pages\/69","targetHints":{"allow":["GET"]}}],"collection":[{"href":"https:\/\/www.alajarvenankkurit.fi\/hiihto\/wp-json\/wp\/v2\/pages"}],"about":[{"href":"https:\/\/www.alajarvenankkurit.fi\/hiihto\/wp-json\/wp\/v2\/types\/page"}],"author":[{"embeddable":true,"href":"https:\/\/www.alajarvenankkurit.fi\/hiihto\/wp-json\/wp\/v2\/users\/3"}],"replies":[{"embeddable":true,"href":"https:\/\/www.alajarvenankkurit.fi\/hiihto\/wp-json\/wp\/v2\/comments?post=69"}],"version-history":[{"count":2,"href":"https:\/\/www.alajarvenankkurit.fi\/hiihto\/wp-json\/wp\/v2\/pages\/69\/revisions"}],"predecessor-version":[{"id":90,"href":"https:\/\/www.alajarvenankkurit.fi\/hiihto\/wp-json\/wp\/v2\/pages\/69\/revisions\/90"}],"wp:attachment":[{"href":"https:\/\/www.alajarvenankkurit.fi\/hiihto\/wp-json\/wp\/v2\/media?parent=69"}],"curies":[{"name":"wp","href":"https:\/\/api.w.org\/{rel}","templated":true}]}}