{"id":64,"date":"2019-10-29T18:48:59","date_gmt":"2019-10-29T16:48:59","guid":{"rendered":"http:\/\/212.66.193.72\/~cp4520516\/hiihto\/?page_id=64"},"modified":"2020-01-02T17:26:47","modified_gmt":"2020-01-02T15:26:47","slug":"lisenssit-skipassit","status":"publish","type":"page","link":"https:\/\/www.alajarvenankkurit.fi\/hiihto\/lisenssit-skipassit\/","title":{"rendered":"Lisenssit\/skipassit"},"content":{"rendered":"\n<h3 class=\"wp-block-heading\">Nyt on aika lunastaa skipassi tai lisenssi hiihtokaudeksi 2019-2020<\/h3>\n\n\n\n<p><strong>Suurimpaan\n osaan kilpailuista ilmoittaudutaan KILMO j\u00e4rjestelm\u00e4n kautta ja ellei \nlisenssi ole voimassa kilpailuun ei voi ilmoittaa<\/strong>. J\u00e4rjestelm\u00e4 ei my\u00f6sk\u00e4\u00e4n p\u00e4ivity reaaliaikaisesti heti kun on lisenssin maksanut vaan viive voi olla muutaman p\u00e4iv\u00e4n<\/p>\n\n\n\n<p>Yli\n 12-vuotias tarvitsee jo hiihtolisenssin, jos aikoo osallistua \nkansallisiin ja sit\u00e4 ylempiin hiihtokilpailuihin. Pelk\u00e4st\u00e4\u00e4n \npiirikunnallisiin, piirinmestaruuskisoihin ja Hopeasompaan \nosallistuville riitt\u00e4\u00e4 skipassi. Huomaa kuitenkin, ett\u00e4 l\u00e4hialueella \nj\u00e4rjestet\u00e4\u00e4n useita kansallisen tason kisoja, joihin ei siis ole \nosallistumisoikeutta pelk\u00e4ll\u00e4 skipassilla.<\/p>\n\n\n\n<p>Alle 12-vuotias voi kilpailla my\u00f6s kansallisissa pelk\u00e4ll\u00e4 skipassilla.<\/p>\n\n\n\n<p>Lis\u00e4tietoja <a href=\"http:\/\/www.hiihtoliitto.fi\/lisenssit\/\" target=\"_blank\" rel=\"noreferrer noopener\">t\u00e4st\u00e4<\/a><\/p>\n\n\n\n<p>Tietoja skipassista <a href=\"http:\/\/www.hiihtoliitto.fi\/lisenssit\/skipassit\/\" target=\"_blank\" rel=\"noreferrer noopener\">t\u00e4st\u00e4<\/a><\/p>\n\n\n\n<p>Tietoja <a href=\"http:\/\/www.hiihtoliitto.fi\/lisenssit\/kilpailulisenssit\/\" target=\"_blank\" rel=\"noreferrer noopener\">lisenssist\u00e4 t\u00e4st\u00e4<\/a><\/p>\n\n\n\n<p>Skipassin lunastukseen <a href=\"https:\/\/lisenssi.sportti.fi\/index.php?lid=9886\" target=\"_blank\" rel=\"noreferrer noopener\">t\u00e4st\u00e4<\/a>&nbsp;ohjeita lunastukseen <a href=\"http:\/\/www.hiihtoliitto.fi\/lisenssit\/maksa-lisenssi\/\" target=\"_blank\" rel=\"noreferrer noopener\">t\u00e4st\u00e4<\/a><\/p>\n","protected":false},"excerpt":{"rendered":"<p>Nyt on aika lunastaa skipassi tai lisenssi hiihtokaudeksi 2019-2020 Suurimpaan osaan kilpailuista ilmoittaudutaan KILMO j\u00e4rjestelm\u00e4n kautta ja ellei lisenssi ole voimassa kilpailuun ei voi ilmoittaa. J\u00e4rjestelm\u00e4 ei my\u00f6sk\u00e4\u00e4n p\u00e4ivity reaaliaikaisesti heti kun on lisenssin maksanut vaan viive voi olla muutaman p\u00e4iv\u00e4n Yli 12-vuotias tarvitsee jo hiihtolisenssin, jos aikoo osallistua kansallisiin ja sit\u00e4 ylempiin hiihtokilpailuihin. Pelk\u00e4st\u00e4\u00e4n &hellip; <\/p>\n<p class=\"link-more\"><a href=\"https:\/\/www.alajarvenankkurit.fi\/hiihto\/lisenssit-skipassit\/\" class=\"more-link\">Jatka lukemista<span class=\"screen-reader-text\"> &#8221;Lisenssit\/skipassit&#8221;<\/span><\/a><\/p>\n","protected":false},"author":3,"featured_media":0,"parent":0,"menu_order":0,"comment_status":"closed","ping_status":"closed","template":"","meta":{"footnotes":""},"class_list":["post-64","page","type-page","status-publish","hentry"],"yoast_head":"<!-- This site is optimized with the Yoast SEO plugin v27.0 - https:\/\/yoast.com\/product\/yoast-seo-wordpress\/ -->\n<title>Lisenssit\/skipassit - Alaj\u00e4rven Ankkurit \/ Hiihto<\/title>\n<meta name=\"robots\" content=\"index, follow, max-snippet:-1, max-image-preview:large, max-video-preview:-1\" \/>\n<link rel=\"canonical\" href=\"https:\/\/www.alajarvenankkurit.fi\/hiihto\/lisenssit-skipassit\/\" \/>\n<meta property=\"og:locale\" content=\"fi_FI\" \/>\n<meta property=\"og:type\" content=\"article\" \/>\n<meta property=\"og:title\" content=\"Lisenssit\/skipassit - Alaj\u00e4rven Ankkurit \/ Hiihto\" \/>\n<meta property=\"og:description\" content=\"Nyt on aika lunastaa skipassi tai lisenssi hiihtokaudeksi 2019-2020 Suurimpaan osaan kilpailuista ilmoittaudutaan KILMO j\u00e4rjestelm\u00e4n kautta ja ellei lisenssi ole voimassa kilpailuun ei voi ilmoittaa. J\u00e4rjestelm\u00e4 ei my\u00f6sk\u00e4\u00e4n p\u00e4ivity reaaliaikaisesti heti kun on lisenssin maksanut vaan viive voi olla muutaman p\u00e4iv\u00e4n Yli 12-vuotias tarvitsee jo hiihtolisenssin, jos aikoo osallistua kansallisiin ja sit\u00e4 ylempiin hiihtokilpailuihin. Pelk\u00e4st\u00e4\u00e4n &hellip; Jatka lukemista &quot;Lisenssit\/skipassit&quot;\" \/>\n<meta property=\"og:url\" content=\"https:\/\/www.alajarvenankkurit.fi\/hiihto\/lisenssit-skipassit\/\" \/>\n<meta property=\"og:site_name\" content=\"Alaj\u00e4rven Ankkurit \/ Hiihto\" \/>\n<meta property=\"article:modified_time\" content=\"2020-01-02T15:26:47+00:00\" \/>\n<meta name=\"twitter:card\" content=\"summary_large_image\" \/>\n<meta name=\"twitter:label1\" content=\"Arvioitu lukuaika\" \/>\n\t<meta name=\"twitter:data1\" content=\"1 minuutti\" \/>\n<script type=\"application\/ld+json\" class=\"yoast-schema-graph\">{\"@context\":\"https:\/\/schema.org\",\"@graph\":[{\"@type\":\"WebPage\",\"@id\":\"https:\/\/www.alajarvenankkurit.fi\/hiihto\/lisenssit-skipassit\/\",\"url\":\"https:\/\/www.alajarvenankkurit.fi\/hiihto\/lisenssit-skipassit\/\",\"name\":\"Lisenssit\/skipassit - Alaj\u00e4rven Ankkurit \/ Hiihto\",\"isPartOf\":{\"@id\":\"https:\/\/www.alajarvenankkurit.fi\/hiihto\/#website\"},\"datePublished\":\"2019-10-29T16:48:59+00:00\",\"dateModified\":\"2020-01-02T15:26:47+00:00\",\"breadcrumb\":{\"@id\":\"https:\/\/www.alajarvenankkurit.fi\/hiihto\/lisenssit-skipassit\/#breadcrumb\"},\"inLanguage\":\"fi\",\"potentialAction\":[{\"@type\":\"ReadAction\",\"target\":[\"https:\/\/www.alajarvenankkurit.fi\/hiihto\/lisenssit-skipassit\/\"]}]},{\"@type\":\"BreadcrumbList\",\"@id\":\"https:\/\/www.alajarvenankkurit.fi\/hiihto\/lisenssit-skipassit\/#breadcrumb\",\"itemListElement\":[{\"@type\":\"ListItem\",\"position\":1,\"name\":\"Etusivu\",\"item\":\"https:\/\/www.alajarvenankkurit.fi\/hiihto\/\"},{\"@type\":\"ListItem\",\"position\":2,\"name\":\"Lisenssit\/skipassit\"}]},{\"@type\":\"WebSite\",\"@id\":\"https:\/\/www.alajarvenankkurit.fi\/hiihto\/#website\",\"url\":\"https:\/\/www.alajarvenankkurit.fi\/hiihto\/\",\"name\":\"Alaj\u00e4rven Ankkurit \/ Hiihto\",\"description\":\"\",\"potentialAction\":[{\"@type\":\"SearchAction\",\"target\":{\"@type\":\"EntryPoint\",\"urlTemplate\":\"https:\/\/www.alajarvenankkurit.fi\/hiihto\/?s={search_term_string}\"},\"query-input\":{\"@type\":\"PropertyValueSpecification\",\"valueRequired\":true,\"valueName\":\"search_term_string\"}}],\"inLanguage\":\"fi\"}]}<\/script>\n<!-- \/ Yoast SEO plugin. -->","yoast_head_json":{"title":"Lisenssit\/skipassit - Alaj\u00e4rven Ankkurit \/ Hiihto","robots":{"index":"index","follow":"follow","max-snippet":"max-snippet:-1","max-image-preview":"max-image-preview:large","max-video-preview":"max-video-preview:-1"},"canonical":"https:\/\/www.alajarvenankkurit.fi\/hiihto\/lisenssit-skipassit\/","og_locale":"fi_FI","og_type":"article","og_title":"Lisenssit\/skipassit - Alaj\u00e4rven Ankkurit \/ Hiihto","og_description":"Nyt on aika lunastaa skipassi tai lisenssi hiihtokaudeksi 2019-2020 Suurimpaan osaan kilpailuista ilmoittaudutaan KILMO j\u00e4rjestelm\u00e4n kautta ja ellei lisenssi ole voimassa kilpailuun ei voi ilmoittaa. J\u00e4rjestelm\u00e4 ei my\u00f6sk\u00e4\u00e4n p\u00e4ivity reaaliaikaisesti heti kun on lisenssin maksanut vaan viive voi olla muutaman p\u00e4iv\u00e4n Yli 12-vuotias tarvitsee jo hiihtolisenssin, jos aikoo osallistua kansallisiin ja sit\u00e4 ylempiin hiihtokilpailuihin. Pelk\u00e4st\u00e4\u00e4n &hellip; Jatka lukemista \"Lisenssit\/skipassit\"","og_url":"https:\/\/www.alajarvenankkurit.fi\/hiihto\/lisenssit-skipassit\/","og_site_name":"Alaj\u00e4rven Ankkurit \/ Hiihto","article_modified_time":"2020-01-02T15:26:47+00:00","twitter_card":"summary_large_image","twitter_misc":{"Arvioitu lukuaika":"1 minuutti"},"schema":{"@context":"https:\/\/schema.org","@graph":[{"@type":"WebPage","@id":"https:\/\/www.alajarvenankkurit.fi\/hiihto\/lisenssit-skipassit\/","url":"https:\/\/www.alajarvenankkurit.fi\/hiihto\/lisenssit-skipassit\/","name":"Lisenssit\/skipassit - Alaj\u00e4rven Ankkurit \/ Hiihto","isPartOf":{"@id":"https:\/\/www.alajarvenankkurit.fi\/hiihto\/#website"},"datePublished":"2019-10-29T16:48:59+00:00","dateModified":"2020-01-02T15:26:47+00:00","breadcrumb":{"@id":"https:\/\/www.alajarvenankkurit.fi\/hiihto\/lisenssit-skipassit\/#breadcrumb"},"inLanguage":"fi","potentialAction":[{"@type":"ReadAction","target":["https:\/\/www.alajarvenankkurit.fi\/hiihto\/lisenssit-skipassit\/"]}]},{"@type":"BreadcrumbList","@id":"https:\/\/www.alajarvenankkurit.fi\/hiihto\/lisenssit-skipassit\/#breadcrumb","itemListElement":[{"@type":"ListItem","position":1,"name":"Etusivu","item":"https:\/\/www.alajarvenankkurit.fi\/hiihto\/"},{"@type":"ListItem","position":2,"name":"Lisenssit\/skipassit"}]},{"@type":"WebSite","@id":"https:\/\/www.alajarvenankkurit.fi\/hiihto\/#website","url":"https:\/\/www.alajarvenankkurit.fi\/hiihto\/","name":"Alaj\u00e4rven Ankkurit \/ Hiihto","description":"","potentialAction":[{"@type":"SearchAction","target":{"@type":"EntryPoint","urlTemplate":"https:\/\/www.alajarvenankkurit.fi\/hiihto\/?s={search_term_string}"},"query-input":{"@type":"PropertyValueSpecification","valueRequired":true,"valueName":"search_term_string"}}],"inLanguage":"fi"}]}},"_links":{"self":[{"href":"https:\/\/www.alajarvenankkurit.fi\/hiihto\/wp-json\/wp\/v2\/pages\/64","targetHints":{"allow":["GET"]}}],"collection":[{"href":"https:\/\/www.alajarvenankkurit.fi\/hiihto\/wp-json\/wp\/v2\/pages"}],"about":[{"href":"https:\/\/www.alajarvenankkurit.fi\/hiihto\/wp-json\/wp\/v2\/types\/page"}],"author":[{"embeddable":true,"href":"https:\/\/www.alajarvenankkurit.fi\/hiihto\/wp-json\/wp\/v2\/users\/3"}],"replies":[{"embeddable":true,"href":"https:\/\/www.alajarvenankkurit.fi\/hiihto\/wp-json\/wp\/v2\/comments?post=64"}],"version-history":[{"count":3,"href":"https:\/\/www.alajarvenankkurit.fi\/hiihto\/wp-json\/wp\/v2\/pages\/64\/revisions"}],"predecessor-version":[{"id":164,"href":"https:\/\/www.alajarvenankkurit.fi\/hiihto\/wp-json\/wp\/v2\/pages\/64\/revisions\/164"}],"wp:attachment":[{"href":"https:\/\/www.alajarvenankkurit.fi\/hiihto\/wp-json\/wp\/v2\/media?parent=64"}],"curies":[{"name":"wp","href":"https:\/\/api.w.org\/{rel}","templated":true}]}}