{"id":15,"date":"2019-10-29T18:24:15","date_gmt":"2019-10-29T16:24:15","guid":{"rendered":"http:\/\/212.66.193.72\/~cp4520516\/hiihto\/?page_id=15"},"modified":"2019-10-30T00:37:32","modified_gmt":"2019-10-29T22:37:32","slug":"tiedote-kilpahiihtajille","status":"publish","type":"page","link":"https:\/\/www.alajarvenankkurit.fi\/hiihto\/tiedote-kilpahiihtajille\/","title":{"rendered":"tiedote kilpahiiht\u00e4jille"},"content":{"rendered":"\n<p><strong>Hiihtojaosto korvaa kaudella 2016 &#8211;\n2017<\/strong><\/p>\n\n\n\n<ul class=\"wp-block-list\"><li> lisenssihiiht\u00e4jien kilpailumaksut<\/li><\/ul>\n\n\n\n<ul class=\"wp-block-list\"><li> SM-kisamatkat kulloisenkin verotuksessa k\u00e4ytett\u00e4v\u00e4n arvon mukaan<\/li><\/ul>\n\n\n\n<ul class=\"wp-block-list\"><li> piirin leirille valittujen leirimaksuista puolet<\/li><li> vanhemmille hiiht\u00e4jille valmennus- ja v\u00e4linetukea vuosittain p\u00e4\u00e4tett\u00e4v\u00e4n summan verran kuitteja vastaan<\/li><\/ul>\n\n\n\n<p><strong>Korvauksia saavan urheilijan <\/strong>\n<\/p>\n\n\n\n<ul class=\"wp-block-list\"><li> on oltava seuran j\u00e4sen ja osallistuttava aktiivisesti kilpailuihin<\/li><li> on osallistuttava seuran j\u00e4rjest\u00e4miss\u00e4 tapahtumissa tarvittaessa toimitsijateht\u00e4viin ja esim. nuorten ohjaukseen<\/li><li> urheilijan vanhempien on osallistuttava seuran toimitsijateht\u00e4viin ja talkoot\u00f6ihin<\/li><li> on k\u00e4ytett\u00e4v\u00e4 kaikissa kilpailuissa ja seuran j\u00e4rjest\u00e4miss\u00e4 tapahtumissa seuran sponsorisopimusten mukaisia asuja, joissa yritysten logot on oltava esill\u00e4<\/li><\/ul>\n\n\n\n<p><strong>Hiihtojaoston stipendis\u00e4\u00e4nt\u00f6 <\/strong>\n<\/p>\n\n\n\n<ul class=\"wp-block-list\"><li> stipendiin on oikeutettu piirinmestaruuskisoissa sijoille 1-6 hiiht\u00e4neet urheilijat,\u00a0piirinmestaruusviestimitalin hiiht\u00e4neet, sek\u00e4 SM-kisaan osallistuneet<\/li><li> stipendit maksetaan kuitteja vastaan<\/li><li> Stipendit my\u00f6nnet\u00e4\u00e4n\/maksetaan jaoston kulloisenkin rahatilanteen mukaan<\/li><\/ul>\n\n\n\n<p><\/p>\n","protected":false},"excerpt":{"rendered":"<p>Hiihtojaosto korvaa kaudella 2016 &#8211; 2017 lisenssihiiht\u00e4jien kilpailumaksut SM-kisamatkat kulloisenkin verotuksessa k\u00e4ytett\u00e4v\u00e4n arvon mukaan piirin leirille valittujen leirimaksuista puolet vanhemmille hiiht\u00e4jille valmennus- ja v\u00e4linetukea vuosittain p\u00e4\u00e4tett\u00e4v\u00e4n summan verran kuitteja vastaan Korvauksia saavan urheilijan on oltava seuran j\u00e4sen ja osallistuttava aktiivisesti kilpailuihin on osallistuttava seuran j\u00e4rjest\u00e4miss\u00e4 tapahtumissa tarvittaessa toimitsijateht\u00e4viin ja esim. nuorten ohjaukseen urheilijan vanhempien on &hellip; <\/p>\n<p class=\"link-more\"><a href=\"https:\/\/www.alajarvenankkurit.fi\/hiihto\/tiedote-kilpahiihtajille\/\" class=\"more-link\">Jatka lukemista<span class=\"screen-reader-text\"> &#8221;tiedote kilpahiiht\u00e4jille&#8221;<\/span><\/a><\/p>\n","protected":false},"author":3,"featured_media":0,"parent":0,"menu_order":0,"comment_status":"closed","ping_status":"closed","template":"","meta":{"footnotes":""},"class_list":["post-15","page","type-page","status-publish","hentry"],"yoast_head":"<!-- This site is optimized with the Yoast SEO plugin v27.0 - https:\/\/yoast.com\/product\/yoast-seo-wordpress\/ -->\n<title>tiedote kilpahiiht\u00e4jille - Alaj\u00e4rven Ankkurit \/ Hiihto<\/title>\n<meta name=\"robots\" content=\"index, follow, max-snippet:-1, max-image-preview:large, max-video-preview:-1\" \/>\n<link rel=\"canonical\" href=\"https:\/\/www.alajarvenankkurit.fi\/hiihto\/tiedote-kilpahiihtajille\/\" \/>\n<meta property=\"og:locale\" content=\"fi_FI\" \/>\n<meta property=\"og:type\" content=\"article\" \/>\n<meta property=\"og:title\" content=\"tiedote kilpahiiht\u00e4jille - Alaj\u00e4rven Ankkurit \/ Hiihto\" \/>\n<meta property=\"og:description\" content=\"Hiihtojaosto korvaa kaudella 2016 &#8211; 2017 lisenssihiiht\u00e4jien kilpailumaksut SM-kisamatkat kulloisenkin verotuksessa k\u00e4ytett\u00e4v\u00e4n arvon mukaan piirin leirille valittujen leirimaksuista puolet vanhemmille hiiht\u00e4jille valmennus- ja v\u00e4linetukea vuosittain p\u00e4\u00e4tett\u00e4v\u00e4n summan verran kuitteja vastaan Korvauksia saavan urheilijan on oltava seuran j\u00e4sen ja osallistuttava aktiivisesti kilpailuihin on osallistuttava seuran j\u00e4rjest\u00e4miss\u00e4 tapahtumissa tarvittaessa toimitsijateht\u00e4viin ja esim. nuorten ohjaukseen urheilijan vanhempien on &hellip; Jatka lukemista &quot;tiedote kilpahiiht\u00e4jille&quot;\" \/>\n<meta property=\"og:url\" content=\"https:\/\/www.alajarvenankkurit.fi\/hiihto\/tiedote-kilpahiihtajille\/\" \/>\n<meta property=\"og:site_name\" content=\"Alaj\u00e4rven Ankkurit \/ Hiihto\" \/>\n<meta property=\"article:modified_time\" content=\"2019-10-29T22:37:32+00:00\" \/>\n<meta name=\"twitter:card\" content=\"summary_large_image\" \/>\n<meta name=\"twitter:label1\" content=\"Arvioitu lukuaika\" \/>\n\t<meta name=\"twitter:data1\" content=\"1 minuutti\" \/>\n<script type=\"application\/ld+json\" class=\"yoast-schema-graph\">{\"@context\":\"https:\/\/schema.org\",\"@graph\":[{\"@type\":\"WebPage\",\"@id\":\"https:\/\/www.alajarvenankkurit.fi\/hiihto\/tiedote-kilpahiihtajille\/\",\"url\":\"https:\/\/www.alajarvenankkurit.fi\/hiihto\/tiedote-kilpahiihtajille\/\",\"name\":\"tiedote kilpahiiht\u00e4jille - Alaj\u00e4rven Ankkurit \/ Hiihto\",\"isPartOf\":{\"@id\":\"https:\/\/www.alajarvenankkurit.fi\/hiihto\/#website\"},\"datePublished\":\"2019-10-29T16:24:15+00:00\",\"dateModified\":\"2019-10-29T22:37:32+00:00\",\"breadcrumb\":{\"@id\":\"https:\/\/www.alajarvenankkurit.fi\/hiihto\/tiedote-kilpahiihtajille\/#breadcrumb\"},\"inLanguage\":\"fi\",\"potentialAction\":[{\"@type\":\"ReadAction\",\"target\":[\"https:\/\/www.alajarvenankkurit.fi\/hiihto\/tiedote-kilpahiihtajille\/\"]}]},{\"@type\":\"BreadcrumbList\",\"@id\":\"https:\/\/www.alajarvenankkurit.fi\/hiihto\/tiedote-kilpahiihtajille\/#breadcrumb\",\"itemListElement\":[{\"@type\":\"ListItem\",\"position\":1,\"name\":\"Etusivu\",\"item\":\"https:\/\/www.alajarvenankkurit.fi\/hiihto\/\"},{\"@type\":\"ListItem\",\"position\":2,\"name\":\"tiedote kilpahiiht\u00e4jille\"}]},{\"@type\":\"WebSite\",\"@id\":\"https:\/\/www.alajarvenankkurit.fi\/hiihto\/#website\",\"url\":\"https:\/\/www.alajarvenankkurit.fi\/hiihto\/\",\"name\":\"Alaj\u00e4rven Ankkurit \/ Hiihto\",\"description\":\"\",\"potentialAction\":[{\"@type\":\"SearchAction\",\"target\":{\"@type\":\"EntryPoint\",\"urlTemplate\":\"https:\/\/www.alajarvenankkurit.fi\/hiihto\/?s={search_term_string}\"},\"query-input\":{\"@type\":\"PropertyValueSpecification\",\"valueRequired\":true,\"valueName\":\"search_term_string\"}}],\"inLanguage\":\"fi\"}]}<\/script>\n<!-- \/ Yoast SEO plugin. -->","yoast_head_json":{"title":"tiedote kilpahiiht\u00e4jille - Alaj\u00e4rven Ankkurit \/ Hiihto","robots":{"index":"index","follow":"follow","max-snippet":"max-snippet:-1","max-image-preview":"max-image-preview:large","max-video-preview":"max-video-preview:-1"},"canonical":"https:\/\/www.alajarvenankkurit.fi\/hiihto\/tiedote-kilpahiihtajille\/","og_locale":"fi_FI","og_type":"article","og_title":"tiedote kilpahiiht\u00e4jille - Alaj\u00e4rven Ankkurit \/ Hiihto","og_description":"Hiihtojaosto korvaa kaudella 2016 &#8211; 2017 lisenssihiiht\u00e4jien kilpailumaksut SM-kisamatkat kulloisenkin verotuksessa k\u00e4ytett\u00e4v\u00e4n arvon mukaan piirin leirille valittujen leirimaksuista puolet vanhemmille hiiht\u00e4jille valmennus- ja v\u00e4linetukea vuosittain p\u00e4\u00e4tett\u00e4v\u00e4n summan verran kuitteja vastaan Korvauksia saavan urheilijan on oltava seuran j\u00e4sen ja osallistuttava aktiivisesti kilpailuihin on osallistuttava seuran j\u00e4rjest\u00e4miss\u00e4 tapahtumissa tarvittaessa toimitsijateht\u00e4viin ja esim. nuorten ohjaukseen urheilijan vanhempien on &hellip; Jatka lukemista \"tiedote kilpahiiht\u00e4jille\"","og_url":"https:\/\/www.alajarvenankkurit.fi\/hiihto\/tiedote-kilpahiihtajille\/","og_site_name":"Alaj\u00e4rven Ankkurit \/ Hiihto","article_modified_time":"2019-10-29T22:37:32+00:00","twitter_card":"summary_large_image","twitter_misc":{"Arvioitu lukuaika":"1 minuutti"},"schema":{"@context":"https:\/\/schema.org","@graph":[{"@type":"WebPage","@id":"https:\/\/www.alajarvenankkurit.fi\/hiihto\/tiedote-kilpahiihtajille\/","url":"https:\/\/www.alajarvenankkurit.fi\/hiihto\/tiedote-kilpahiihtajille\/","name":"tiedote kilpahiiht\u00e4jille - Alaj\u00e4rven Ankkurit \/ Hiihto","isPartOf":{"@id":"https:\/\/www.alajarvenankkurit.fi\/hiihto\/#website"},"datePublished":"2019-10-29T16:24:15+00:00","dateModified":"2019-10-29T22:37:32+00:00","breadcrumb":{"@id":"https:\/\/www.alajarvenankkurit.fi\/hiihto\/tiedote-kilpahiihtajille\/#breadcrumb"},"inLanguage":"fi","potentialAction":[{"@type":"ReadAction","target":["https:\/\/www.alajarvenankkurit.fi\/hiihto\/tiedote-kilpahiihtajille\/"]}]},{"@type":"BreadcrumbList","@id":"https:\/\/www.alajarvenankkurit.fi\/hiihto\/tiedote-kilpahiihtajille\/#breadcrumb","itemListElement":[{"@type":"ListItem","position":1,"name":"Etusivu","item":"https:\/\/www.alajarvenankkurit.fi\/hiihto\/"},{"@type":"ListItem","position":2,"name":"tiedote kilpahiiht\u00e4jille"}]},{"@type":"WebSite","@id":"https:\/\/www.alajarvenankkurit.fi\/hiihto\/#website","url":"https:\/\/www.alajarvenankkurit.fi\/hiihto\/","name":"Alaj\u00e4rven Ankkurit \/ Hiihto","description":"","potentialAction":[{"@type":"SearchAction","target":{"@type":"EntryPoint","urlTemplate":"https:\/\/www.alajarvenankkurit.fi\/hiihto\/?s={search_term_string}"},"query-input":{"@type":"PropertyValueSpecification","valueRequired":true,"valueName":"search_term_string"}}],"inLanguage":"fi"}]}},"_links":{"self":[{"href":"https:\/\/www.alajarvenankkurit.fi\/hiihto\/wp-json\/wp\/v2\/pages\/15","targetHints":{"allow":["GET"]}}],"collection":[{"href":"https:\/\/www.alajarvenankkurit.fi\/hiihto\/wp-json\/wp\/v2\/pages"}],"about":[{"href":"https:\/\/www.alajarvenankkurit.fi\/hiihto\/wp-json\/wp\/v2\/types\/page"}],"author":[{"embeddable":true,"href":"https:\/\/www.alajarvenankkurit.fi\/hiihto\/wp-json\/wp\/v2\/users\/3"}],"replies":[{"embeddable":true,"href":"https:\/\/www.alajarvenankkurit.fi\/hiihto\/wp-json\/wp\/v2\/comments?post=15"}],"version-history":[{"count":3,"href":"https:\/\/www.alajarvenankkurit.fi\/hiihto\/wp-json\/wp\/v2\/pages\/15\/revisions"}],"predecessor-version":[{"id":87,"href":"https:\/\/www.alajarvenankkurit.fi\/hiihto\/wp-json\/wp\/v2\/pages\/15\/revisions\/87"}],"wp:attachment":[{"href":"https:\/\/www.alajarvenankkurit.fi\/hiihto\/wp-json\/wp\/v2\/media?parent=15"}],"curies":[{"name":"wp","href":"https:\/\/api.w.org\/{rel}","templated":true}]}}