{"id":137,"date":"2019-10-30T01:59:13","date_gmt":"2019-10-29T23:59:13","guid":{"rendered":"http:\/\/212.66.193.72\/~cp4520516\/hiihto\/?page_id=137"},"modified":"2019-11-24T22:55:57","modified_gmt":"2019-11-24T20:55:57","slug":"2018-2019","status":"publish","type":"page","link":"https:\/\/www.alajarvenankkurit.fi\/hiihto\/2018-2019\/","title":{"rendered":"2018-2019"},"content":{"rendered":"\n<h2 class=\"wp-block-heading\">24.3.2019 Kans. Santavuoren XXXIX Hiihdot, Ilmajoki (P)<\/h2>\n\n\n\n<p>Ankkurilaiset voitokkaina Santavuorella.<\/p>\n\n\n\n<p><a href=\"http:\/\/www.ilmajoenkisailijat.fi\/images\/HIIHTO\/tulokset\/tulokset24032019.pdf\" target=\"_blank\" rel=\"noreferrer noopener\">Tulokset<\/a><\/p>\n\n\n\n<h2 class=\"wp-block-heading\">8.-10.3 Hopeasompa 2019 loppukilpailut, Hollola<\/h2>\n\n\n\n<p>Viikonloppuna kisattiin hopeasompa sarjoissa Suomen mestaruuksista. Ankkurilaisia mukana lauantain vapaan kisassa. <a href=\"http:\/\/resultservice.fi\/tulos\/sivusto\/2019\/hs_2019\/?action=show&amp;sarja=N15\" target=\"_blank\" rel=\"noreferrer noopener\">Lilja<\/a> oli N15-sarjassa 33. ja <a href=\"http:\/\/resultservice.fi\/tulos\/sivusto\/2019\/hs_2019\/?action=show&amp;sarja=M16\" target=\"_blank\" rel=\"noreferrer noopener\">Heikki<\/a> oli M16-sarjassa 66.<\/p>\n\n\n\n<h2 class=\"wp-block-heading\">16.2. E-P piirinmestaruushiihdot, Vaasa (V\u00e4h\u00e4kyr\u00f6) V<\/h2>\n\n\n\n<p>Ankkurilaiset mitalijahdissa piirinmestaruushiihdoissa, Lilja sai kultaa ja Heikki pronssia. Lehtel\u00e4ss\u00e4 siis tuplakahvitus!<\/p>\n\n\n\n<p><a href=\"https:\/\/vavi.sporttisaitti.com\/@Bin\/7278361\/PM+henkoht+2019+lopputulokset.htm\" target=\"_blank\" rel=\"noreferrer noopener\">Tulokset<\/a><\/p>\n\n\n\n<h2 class=\"wp-block-heading\">10.2. <strong>BotniaVasan, V\u00f6yri (P)<\/strong><\/h2>\n\n\n\n<p>Arto Kyt\u00f6l\u00e4 mukana BotniaVasan hiihdoissa sijoittuen 31. Hiihto oli my\u00f6s veteraanien SM-kilpailu ja sijoitus 8. <\/p>\n\n\n\n<p><a href=\"https:\/\/live.ultimate.dk\/desktop\/front\/index.php?eventid=4067&amp;language=fi\" target=\"_blank\" rel=\"noreferrer noopener\">Tulokset<\/a><\/p>\n\n\n\n<h2 class=\"wp-block-heading\">10.2. Carilainen Sport hiihdot, \u00c4ht\u00e4ri (V)<\/h2>\n\n\n\n<p>Lilja ja Heikki valtaamassa Mustikkavuorta.<\/p>\n\n\n\n<p><a href=\"https:\/\/www.ahtarinurheilijat.fi\/@Bin\/287754\/Carilainen+Sport+2019+v2.htm\" target=\"_blank\" rel=\"noreferrer noopener\">Tulokset<\/a><\/p>\n\n\n\n<h2 class=\"wp-block-heading\">3.2. KV:n kansalliset hiihdot (V), Kokkola<\/h2>\n\n\n\n<p>&nbsp;Ankkurilaiset sivakoivat hienosti Kokkolan lumipyryss\u00e4.<\/p>\n\n\n\n<p><a href=\"https:\/\/kokkolanveikot.sporttisaitti.com\/@Bin\/769575\/kansallisettulos.htm\" target=\"_blank\" rel=\"noreferrer noopener\">Tulokset<\/a><\/p>\n\n\n\n<h2 class=\"wp-block-heading\">31.1. pk Tanelinrannan Hiihdot (V), Sein\u00e4joki<\/h2>\n\n\n\n<p>Lilja, Heikki ja Eero Tanelinrannan pk hiihdoissa. Lilja hienosti voittoon!<\/p>\n\n\n\n<p><a href=\"https:\/\/www.seinajoenhiihtoseura.fi\/@Bin\/349036\/Taneli-310119-TULOKSET.pdf\" target=\"_blank\" rel=\"noreferrer noopener\">Tulokset<\/a><\/p>\n\n\n\n<table class=\"wp-block-table\"><tbody><tr><td><\/td><\/tr><\/tbody><\/table>\n\n\n\n<h2 class=\"wp-block-heading\">20.1. Jalas-hiihdot, Kurikka (Jalasj\u00e4rvi) (V)<\/h2>\n\n\n\n<p>Veeti ja Arto voittivat sarjansa Kiuaskalliolla.<\/p>\n\n\n\n<p><a href=\"https:\/\/jalasjarvenjalas.sporttisaitti.com\/@Bin\/2073502\/tulokset_pdf.pdf\" target=\"_blank\" rel=\"noreferrer noopener\">Tulokset<\/a><\/p>\n\n\n\n<h2 class=\"wp-block-heading\">19.01. Kv FIS 67. Keuruun Hiihdot (P)<\/h2>\n\n\n\n<p>Veeti ja Arto kisailivat hyville sijoille Keuruulla.<\/p>\n\n\n\n<p><a href=\"https:\/\/www.keuruunkisailijat.fi\/@Bin\/711565\/KH-2019.htm\" target=\"_blank\" rel=\"noreferrer noopener\">Tulokset<\/a><\/p>\n\n\n\n<h2 class=\"wp-block-heading\">5.1. Kaustisen Kisat (V)<\/h2>\n\n\n\n<p>Ankkurilaisia Kaustisen kansallisissa hiihdoissa.<\/p>\n\n\n\n<p><a href=\"http:\/\/veikot.kaustinen.fi\/materiaalipankki?download=11232\" target=\"_blank\" rel=\"noreferrer noopener\">Tulokset<\/a><\/p>\n\n\n\n<h2 class=\"wp-block-heading\">30.12. Sein\u00e4joen XXXVII Talvikisat (P) <\/h2>\n\n\n\n<p>Arto Kyt\u00f6l\u00e4 toiseksi Sein\u00e4joella.<\/p>\n\n\n\n<p><a href=\"https:\/\/www.seinajoenhiihtoseura.fi\/@Bin\/340685\/Sein%C3%A4joen++XXXVII+Talvkikisat+301218-TULOKSET.pdf\" target=\"_blank\" rel=\"noreferrer noopener\">Tulokset<\/a><\/p>\n\n\n\n<h2 class=\"wp-block-heading\">29.12. 54. Honkavuoren Hiihdot\/MM\/EYOF-kats.PM-tarkk.\/ST1-cup,U18 Fennovoima Cup, Pyh\u00e4j\u00e4rvi<\/h2>\n\n\n\n<p>Veeti Haapa-aho kisaili kovassa seurassa.<\/p>\n\n\n\n<p><a href=\"http:\/\/www.pohtiskiteam.fi\/sivut\/wp-content\/uploads\/2018\/12\/Tulokset_lauantai.pdf\" target=\"_blank\" rel=\"noreferrer noopener\">Tulokset<\/a><\/p>\n\n\n\n<table class=\"wp-block-table\"><tbody><tr><td><\/td><\/tr><\/tbody><\/table>\n\n\n\n<h2 class=\"wp-block-heading\">22.12. pk Kaamoshiihdot, Sein\u00e4joki V<\/h2>\n\n\n\n<p>Veeti Haapa-aho Ankkurilaisista hienosti kolmas Sein\u00e4joen Kaamoshiihdoissa.<\/p>\n\n\n\n<p><a href=\"https:\/\/www.seinajoenhiihtoseura.fi\/@Bin\/336120\/Kaamoshiihdot-221218-TULOKSET.pdf\" target=\"_blank\" rel=\"noreferrer noopener\">Tulokset<\/a><\/p>\n\n\n\n<h2 class=\"wp-block-heading\">16.12. kans. Saariij\u00e4rven hiihdot P<\/h2>\n\n\n\n<p>Veeti Haapa-aho aloitti kilpailukautensa Saarij\u00e4rven Kusiaism\u00e4en maastoissa.<\/p>\n\n\n\n<p><a href=\"https:\/\/www.pullistus.fi\/@Bin\/1026109\/kansalliset+tulokset+2018.pdf\" target=\"_blank\" rel=\"noreferrer noopener\">Tulokset<\/a><\/p>\n\n\n\n<table class=\"wp-block-table\"><tbody><tr><td><\/td><\/tr><tr><td><\/td><\/tr><tr><td><\/td><\/tr><\/tbody><\/table>\n\n\n\n<h2 class=\"wp-block-heading\">9.12. Valkealammen hiihdot<\/h2>\n\n\n\n<p>Ankkurilaisista Lilja ja Heikki Lehtel\u00e4, sek\u00e4 Arto Kyt\u00f6l\u00e4 aloittivat hiihtokautensa Valkealammen kansallisissa kisoissa. <a href=\"https:\/\/lehtimaenjyske.sporttisaitti.com\/@Bin\/195867\/Valkealammen+tykkilumihiihdot.htm\" target=\"_blank\" rel=\"noreferrer noopener\">Tulokset<\/a><\/p>\n","protected":false},"excerpt":{"rendered":"<p>24.3.2019 Kans. Santavuoren XXXIX Hiihdot, Ilmajoki (P) Ankkurilaiset voitokkaina Santavuorella. Tulokset 8.-10.3 Hopeasompa 2019 loppukilpailut, Hollola Viikonloppuna kisattiin hopeasompa sarjoissa Suomen mestaruuksista. Ankkurilaisia mukana lauantain vapaan kisassa. Lilja oli N15-sarjassa 33. ja Heikki oli M16-sarjassa 66. 16.2. E-P piirinmestaruushiihdot, Vaasa (V\u00e4h\u00e4kyr\u00f6) V Ankkurilaiset mitalijahdissa piirinmestaruushiihdoissa, Lilja sai kultaa ja Heikki pronssia. Lehtel\u00e4ss\u00e4 siis tuplakahvitus! Tulokset &hellip; <\/p>\n<p class=\"link-more\"><a href=\"https:\/\/www.alajarvenankkurit.fi\/hiihto\/2018-2019\/\" class=\"more-link\">Jatka lukemista<span class=\"screen-reader-text\"> &#8221;2018-2019&#8221;<\/span><\/a><\/p>\n","protected":false},"author":3,"featured_media":0,"parent":0,"menu_order":0,"comment_status":"closed","ping_status":"closed","template":"","meta":{"footnotes":""},"class_list":["post-137","page","type-page","status-publish","hentry"],"yoast_head":"<!-- This site is optimized with the Yoast SEO plugin v27.0 - https:\/\/yoast.com\/product\/yoast-seo-wordpress\/ -->\n<title>2018-2019 - Alaj\u00e4rven Ankkurit \/ Hiihto<\/title>\n<meta name=\"robots\" content=\"index, follow, max-snippet:-1, max-image-preview:large, max-video-preview:-1\" \/>\n<link rel=\"canonical\" href=\"https:\/\/www.alajarvenankkurit.fi\/hiihto\/2018-2019\/\" \/>\n<meta property=\"og:locale\" content=\"fi_FI\" \/>\n<meta property=\"og:type\" content=\"article\" \/>\n<meta property=\"og:title\" content=\"2018-2019 - Alaj\u00e4rven Ankkurit \/ Hiihto\" \/>\n<meta property=\"og:description\" content=\"24.3.2019 Kans. Santavuoren XXXIX Hiihdot, Ilmajoki (P) Ankkurilaiset voitokkaina Santavuorella. Tulokset 8.-10.3 Hopeasompa 2019 loppukilpailut, Hollola Viikonloppuna kisattiin hopeasompa sarjoissa Suomen mestaruuksista. Ankkurilaisia mukana lauantain vapaan kisassa. Lilja oli N15-sarjassa 33. ja Heikki oli M16-sarjassa 66. 16.2. E-P piirinmestaruushiihdot, Vaasa (V\u00e4h\u00e4kyr\u00f6) V Ankkurilaiset mitalijahdissa piirinmestaruushiihdoissa, Lilja sai kultaa ja Heikki pronssia. Lehtel\u00e4ss\u00e4 siis tuplakahvitus! Tulokset &hellip; Jatka lukemista &quot;2018-2019&quot;\" \/>\n<meta property=\"og:url\" content=\"https:\/\/www.alajarvenankkurit.fi\/hiihto\/2018-2019\/\" \/>\n<meta property=\"og:site_name\" content=\"Alaj\u00e4rven Ankkurit \/ Hiihto\" \/>\n<meta property=\"article:modified_time\" content=\"2019-11-24T20:55:57+00:00\" \/>\n<meta name=\"twitter:card\" content=\"summary_large_image\" \/>\n<meta name=\"twitter:label1\" content=\"Arvioitu lukuaika\" \/>\n\t<meta name=\"twitter:data1\" content=\"1 minuutti\" \/>\n<script type=\"application\/ld+json\" class=\"yoast-schema-graph\">{\"@context\":\"https:\/\/schema.org\",\"@graph\":[{\"@type\":\"WebPage\",\"@id\":\"https:\/\/www.alajarvenankkurit.fi\/hiihto\/2018-2019\/\",\"url\":\"https:\/\/www.alajarvenankkurit.fi\/hiihto\/2018-2019\/\",\"name\":\"2018-2019 - Alaj\u00e4rven Ankkurit \/ Hiihto\",\"isPartOf\":{\"@id\":\"https:\/\/www.alajarvenankkurit.fi\/hiihto\/#website\"},\"datePublished\":\"2019-10-29T23:59:13+00:00\",\"dateModified\":\"2019-11-24T20:55:57+00:00\",\"breadcrumb\":{\"@id\":\"https:\/\/www.alajarvenankkurit.fi\/hiihto\/2018-2019\/#breadcrumb\"},\"inLanguage\":\"fi\",\"potentialAction\":[{\"@type\":\"ReadAction\",\"target\":[\"https:\/\/www.alajarvenankkurit.fi\/hiihto\/2018-2019\/\"]}]},{\"@type\":\"BreadcrumbList\",\"@id\":\"https:\/\/www.alajarvenankkurit.fi\/hiihto\/2018-2019\/#breadcrumb\",\"itemListElement\":[{\"@type\":\"ListItem\",\"position\":1,\"name\":\"Etusivu\",\"item\":\"https:\/\/www.alajarvenankkurit.fi\/hiihto\/\"},{\"@type\":\"ListItem\",\"position\":2,\"name\":\"2018-2019\"}]},{\"@type\":\"WebSite\",\"@id\":\"https:\/\/www.alajarvenankkurit.fi\/hiihto\/#website\",\"url\":\"https:\/\/www.alajarvenankkurit.fi\/hiihto\/\",\"name\":\"Alaj\u00e4rven Ankkurit \/ Hiihto\",\"description\":\"\",\"potentialAction\":[{\"@type\":\"SearchAction\",\"target\":{\"@type\":\"EntryPoint\",\"urlTemplate\":\"https:\/\/www.alajarvenankkurit.fi\/hiihto\/?s={search_term_string}\"},\"query-input\":{\"@type\":\"PropertyValueSpecification\",\"valueRequired\":true,\"valueName\":\"search_term_string\"}}],\"inLanguage\":\"fi\"}]}<\/script>\n<!-- \/ Yoast SEO plugin. -->","yoast_head_json":{"title":"2018-2019 - Alaj\u00e4rven Ankkurit \/ Hiihto","robots":{"index":"index","follow":"follow","max-snippet":"max-snippet:-1","max-image-preview":"max-image-preview:large","max-video-preview":"max-video-preview:-1"},"canonical":"https:\/\/www.alajarvenankkurit.fi\/hiihto\/2018-2019\/","og_locale":"fi_FI","og_type":"article","og_title":"2018-2019 - Alaj\u00e4rven Ankkurit \/ Hiihto","og_description":"24.3.2019 Kans. Santavuoren XXXIX Hiihdot, Ilmajoki (P) Ankkurilaiset voitokkaina Santavuorella. Tulokset 8.-10.3 Hopeasompa 2019 loppukilpailut, Hollola Viikonloppuna kisattiin hopeasompa sarjoissa Suomen mestaruuksista. Ankkurilaisia mukana lauantain vapaan kisassa. Lilja oli N15-sarjassa 33. ja Heikki oli M16-sarjassa 66. 16.2. E-P piirinmestaruushiihdot, Vaasa (V\u00e4h\u00e4kyr\u00f6) V Ankkurilaiset mitalijahdissa piirinmestaruushiihdoissa, Lilja sai kultaa ja Heikki pronssia. Lehtel\u00e4ss\u00e4 siis tuplakahvitus! Tulokset &hellip; Jatka lukemista \"2018-2019\"","og_url":"https:\/\/www.alajarvenankkurit.fi\/hiihto\/2018-2019\/","og_site_name":"Alaj\u00e4rven Ankkurit \/ Hiihto","article_modified_time":"2019-11-24T20:55:57+00:00","twitter_card":"summary_large_image","twitter_misc":{"Arvioitu lukuaika":"1 minuutti"},"schema":{"@context":"https:\/\/schema.org","@graph":[{"@type":"WebPage","@id":"https:\/\/www.alajarvenankkurit.fi\/hiihto\/2018-2019\/","url":"https:\/\/www.alajarvenankkurit.fi\/hiihto\/2018-2019\/","name":"2018-2019 - Alaj\u00e4rven Ankkurit \/ Hiihto","isPartOf":{"@id":"https:\/\/www.alajarvenankkurit.fi\/hiihto\/#website"},"datePublished":"2019-10-29T23:59:13+00:00","dateModified":"2019-11-24T20:55:57+00:00","breadcrumb":{"@id":"https:\/\/www.alajarvenankkurit.fi\/hiihto\/2018-2019\/#breadcrumb"},"inLanguage":"fi","potentialAction":[{"@type":"ReadAction","target":["https:\/\/www.alajarvenankkurit.fi\/hiihto\/2018-2019\/"]}]},{"@type":"BreadcrumbList","@id":"https:\/\/www.alajarvenankkurit.fi\/hiihto\/2018-2019\/#breadcrumb","itemListElement":[{"@type":"ListItem","position":1,"name":"Etusivu","item":"https:\/\/www.alajarvenankkurit.fi\/hiihto\/"},{"@type":"ListItem","position":2,"name":"2018-2019"}]},{"@type":"WebSite","@id":"https:\/\/www.alajarvenankkurit.fi\/hiihto\/#website","url":"https:\/\/www.alajarvenankkurit.fi\/hiihto\/","name":"Alaj\u00e4rven Ankkurit \/ Hiihto","description":"","potentialAction":[{"@type":"SearchAction","target":{"@type":"EntryPoint","urlTemplate":"https:\/\/www.alajarvenankkurit.fi\/hiihto\/?s={search_term_string}"},"query-input":{"@type":"PropertyValueSpecification","valueRequired":true,"valueName":"search_term_string"}}],"inLanguage":"fi"}]}},"_links":{"self":[{"href":"https:\/\/www.alajarvenankkurit.fi\/hiihto\/wp-json\/wp\/v2\/pages\/137","targetHints":{"allow":["GET"]}}],"collection":[{"href":"https:\/\/www.alajarvenankkurit.fi\/hiihto\/wp-json\/wp\/v2\/pages"}],"about":[{"href":"https:\/\/www.alajarvenankkurit.fi\/hiihto\/wp-json\/wp\/v2\/types\/page"}],"author":[{"embeddable":true,"href":"https:\/\/www.alajarvenankkurit.fi\/hiihto\/wp-json\/wp\/v2\/users\/3"}],"replies":[{"embeddable":true,"href":"https:\/\/www.alajarvenankkurit.fi\/hiihto\/wp-json\/wp\/v2\/comments?post=137"}],"version-history":[{"count":2,"href":"https:\/\/www.alajarvenankkurit.fi\/hiihto\/wp-json\/wp\/v2\/pages\/137\/revisions"}],"predecessor-version":[{"id":143,"href":"https:\/\/www.alajarvenankkurit.fi\/hiihto\/wp-json\/wp\/v2\/pages\/137\/revisions\/143"}],"wp:attachment":[{"href":"https:\/\/www.alajarvenankkurit.fi\/hiihto\/wp-json\/wp\/v2\/media?parent=137"}],"curies":[{"name":"wp","href":"https:\/\/api.w.org\/{rel}","templated":true}]}}