{"id":111,"date":"2019-10-30T01:52:43","date_gmt":"2019-10-29T23:52:43","guid":{"rendered":"http:\/\/212.66.193.72\/~cp4520516\/hiihto\/?page_id=111"},"modified":"2019-11-25T00:13:39","modified_gmt":"2019-11-24T22:13:39","slug":"2013-2014","status":"publish","type":"page","link":"https:\/\/www.alajarvenankkurit.fi\/hiihto\/2013-2014\/","title":{"rendered":"2013-2014"},"content":{"rendered":"\n<p>Alaj\u00e4rven kaupunki edusti kunniakkaasti varamiehisen\u00e4 viime vuoden \nsijoituksiaan. Ihan ei ylletty top3-sijoituksiin, Alaj\u00e4rvi oli sek\u00e4 \nmiehiss\u00e4 ett\u00e4 naisissa 8.<\/p>\n\n\n\n<p><a href=\"http:\/\/jalasjarvenjalas.sporttisaitti.com\/maakuntaviesti-2014\/tulokset\/\" target=\"_blank\" rel=\"noreferrer noopener\">Tulokset<\/a><\/p>\n\n\n\n<p><a rel=\"noreferrer noopener\" href=\"https:\/\/plus.google.com\/photos\/102710217928041780295\/albums\/6008740385320905969?authkey=CO-P69nD7eeoGg\" target=\"_blank\">Kuvat<\/a><\/p>\n\n\n\n<h2 class=\"wp-block-heading\">Pm-hiihdot 22.2., Sein\u00e4joki, Kortesj\u00e4rven J\u00e4rvi-Veikot<\/h2>\n\n\n\n<p>V\u00e4h\u00e4lumisen talven takia Pm-hiihdot hiihdettiin Kauhavan Kortesj\u00e4rven sijaan Sein\u00e4joella.<\/p>\n\n\n\n<p><a rel=\"noreferrer noopener\" href=\"http:\/\/kortesjarven-jarviveikot.sporttisaitti.com\/@Bin\/544541\/PM-hiihto-2014-tulos.pdf\" target=\"_blank\">Tulokset<\/a><\/p>\n\n\n\n<h3 class=\"wp-block-heading\">KLL aluemestaruushiihdoissa menestyst\u00e4<\/h3>\n\n\n\n<p>Lilja ja Heikki Lehtel\u00e4 hiihtiv\u00e4t mainiosti KLL hiihdoissa Isossakyr\u00f6ss\u00e4.<\/p>\n\n\n\n<p>Lilja oli N10 sarjassa hienosti nelj\u00e4s ja Heikki M11 sarjassa kymmenes.<\/p>\n\n\n\n<p><a rel=\"noreferrer noopener\" href=\"http:\/\/www.kyvohiihto.net\/attachments\/File\/v2014\/KLL_2014_tulokset.htm\" target=\"_blank\">Tulokset<\/a><\/p>\n\n\n\n<h2 class=\"wp-block-heading\">Kansalliset Parran hiihdot N\u00e4rpi\u00f6n susivuorella 2.2. (V)<\/h2>\n\n\n\n<p>Teuvan\n j\u00e4rjest\u00e4m\u00e4t kansalliset hiihtokisat kisailtiin N\u00e4rpi\u00f6n susivuorella. \nKisassa oli Ankkurilaisista mukana Sampo Sepp\u00e4, joka oli M16-sarjassa \nhienosti 3.<\/p>\n\n\n\n<p><a rel=\"noreferrer noopener\" href=\"http:\/\/www.teuvanrivakka.fi\/extranet\/ext\/cms3\/attachments\/tuloksetparra.htm#M16\" target=\"_blank\">Tulokset<\/a><\/p>\n\n\n\n<h2 class=\"wp-block-heading\">Kansalliset Mini-Seljes 1.2. (V)<\/h2>\n\n\n\n<p>Kruunupyyn Alaveteliss\u00e4 \nAnkkurilaisista kisailivat Heikki ja Jouko Lehtel\u00e4 ja Jani Rintala. \nHeikki hiihti hienosti 11. M12-sarjassa, jossa osallistujia oli 24. \nJouko hiihti M45-sarjassa 3. ainoastaan 9 s voittajasta h\u00e4vinneen\u00e4. Jani\n hiihti Myl-sarjan 2.<\/p>\n\n\n\n<p><a rel=\"noreferrer noopener\" href=\"http:\/\/www.skasen.net\/sites\/default\/files\/results\/mini-seljes-2014-resultat.pdf\" target=\"_blank\">Tulokset<\/a><\/p>\n\n\n\n<h2 class=\"wp-block-heading\">Tanelinrannan pk. hiihdot (V) 30.1.2014<\/h2>\n\n\n\n<p>Torstai-iltana\n hiihdetyiss\u00e4 piirinkunnallisissa hiihdoissa mukana Lilja ja Heikki \nLehtel\u00e4. Lilja voitti hienosti oman N10-sarjansa ja Heikkikin hiihti \nhyvin ollen M12-sarjan 8.<\/p>\n\n\n\n<p><a rel=\"noreferrer noopener\" href=\"http:\/\/www.seinajoenhiihtoseura.fi\/files\/maastohiihto\/tanelirannan_pkhiihdot_30012014_tulokset.pdf\" target=\"_blank\">Tulokset<\/a><\/p>\n\n\n\n<h2 class=\"wp-block-heading\">XXXII Sein\u00e4joen Talvikisat 25.1 (V)<\/h2>\n\n\n\n<p>Sein\u00e4joen kansallisissa Talvikisoissa mukana Lilja (3.) ja Heikki (8.) Lehtel\u00e4 ja Jani Rintala (4.).<\/p>\n\n\n\n<p><a rel=\"noreferrer noopener\" href=\"http:\/\/www.seinajoenhiihtoseura.fi\/files\/maastohiihto\/talvikisat_25012014_tulokset.pdf\" target=\"_blank\">Tulokset<\/a><\/p>\n\n\n\n<h2 class=\"wp-block-heading\">Vetelin Tapaninp\u00e4iv\u00e4n hiihdot 26.1<\/h2>\n\n\n\n<p>Vetelin\n Tapaninp\u00e4iv\u00e4n hiihdot kisailtiin lopulta tammikuun lopulla Peders\u00f6renin\n Lappforsissa. Jani Rintala oli perinteisen kisan 6.<\/p>\n\n\n\n<p><a rel=\"noreferrer noopener\" href=\"http:\/\/vetu.sporttisaitti.com\/@Bin\/553778\/lopputulokset.html#MYL\" target=\"_blank\">Tulokset<\/a><\/p>\n\n\n\n<h2 class=\"wp-block-heading\">Himangan kansalliset 12.1 (Kalajoki)<\/h2>\n\n\n\n<p>Kalajoen \nhiihtomajan maastossa hiihdetyt Himangan Urheilijoiden kansalliset \nhiihdot sai runsaan osallistujajoukon etenkin nuorista hiiht\u00e4jist\u00e4. \nKilpailu k\u00e4ytiin 1,4 km mittaisella keinolumiradalla, jota oli \nlauantaina pinnoitettu uudella tykkilumella sopivasti alkaneen pakkasen \nmy\u00f6t\u00e4vaikuttaessa. Latu oli hyv\u00e4ss\u00e4 kunnossa ja riitt\u00e4v\u00e4n leve\u00e4 my\u00f6s \nohituksiin, joita lyhyell\u00e4 ladulla tuli runsaasti. Tiukkaa kisaa k\u00e4ytiin\n M16 sarjassa, jossa Sampo Sepp\u00e4 hiihti sijalle 15, osanottajia sarjassa\n oli 30. Nopealla radalla jo muutaman sekunnin tulosparannus olisi \nriitt\u00e4nyt useiden sijojen parannukseen. Kalajoen Junkkarit j\u00e4rjest\u00e4\u00e4 \nt\u00e4m\u00e4n vuoden Hopeasomman loppukilpailun maaliskuun puoliv\u00e4liss\u00e4, joten \ntuntumaa saatiin kisamaastoihin.<\/p>\n\n\n\n<p><a rel=\"noreferrer noopener\" href=\"http:\/\/www.himanganurheilijat.fi\/hiihto\/himangan-kansalliset-12-1-2014\/tulokset-12-1-2014\/#M16\" target=\"_blank\">Tulokset<\/a><\/p>\n\n\n\n<h2 class=\"wp-block-heading\">Suomen Cupin osakilpailu &#8211; Keuruun Hiihdot 11.1.2014<\/h2>\n\n\n\n<p>Jani\n Rintala mukana Keuruulla j\u00e4rjestetyiss\u00e4 Suomi cupin osakilpailussa. \nJanin tekniikka ei aivan purrut j\u00e4\u00e4tikk\u00f6iseen ja kiviseen latu-uraan, \njoten tyytyminen oli 97. sijaan.<\/p>\n\n\n\n<p><a rel=\"noreferrer noopener\" href=\"http:\/\/ski-keuruu.fi\/keuruunhiihdot\/tulokset\/Myl_la.pdf\" target=\"_blank\">Tulokset<\/a><\/p>\n\n\n\n<h2 class=\"wp-block-heading\">Posion Kaamoshiihdot 29.12.<\/h2>\n\n\n\n<p>Sampo Sepp\u00e4 hiihti \nnelj\u00e4nneksi Posion Kaamoshiihdoissa 29.12.2013 Kotivaaran mastoissa \nhiihdetyss\u00e4 kisassa perinteisen tyylin 5 km. Posiolla oli vesikeli, \nliisterill\u00e4 saatiin tarvittava pito. Koko joulun ajan jatkuneesta \nvesikelist\u00e4 huolimatta Posiolla riitti lunta ja kisoissa oli paljon \nosallistujia, koska samassa yhteydess\u00e4 M20 ja N20 sarjan hiiht\u00e4jill\u00e4 oli\n tarkkailukisa nuorten MM-hiihtoja varten.<\/p>\n\n\n\n<p><a rel=\"noreferrer noopener\" href=\"http:\/\/www.posionpyrinto.com\/hiihto.php?sivu=10135#M16\" target=\"_blank\">Tulokset<\/a><\/p>\n\n\n\n<h1 class=\"wp-block-heading\">15.12. FIS Scandinavia Cup Vuokatti<\/h1>\n\n\n\n<p>joku t\u00e4\u00e4ll\u00e4kin vissiin on hiiht\u00e4nyt \ud83d\ude42<\/p>\n\n\n\n<h2 class=\"wp-block-heading\">Kaamoskisat Sein\u00e4joki 14.12 (P)<\/h2>\n\n\n\n<p>Osa ankkurilaisista mukana \nSein\u00e4joen piirinkunnallisissa kaamoskisoissa. Parhaiten menestyiv\u00e4t \nLilja Lehtel\u00e4 ja Sampo Sepp\u00e4, jotka olivat ensimm\u00e4inen ja kolmas. Mukana\n my\u00f6s muut Lehtel\u00e4n perheen hiiht\u00e4j\u00e4t: Heikki, Lauri ja Jouko.<\/p>\n\n\n\n<p><a rel=\"noreferrer noopener\" href=\"http:\/\/www.seinajoenhiihtoseura.fi\/files\/maastohiihto\/Kaamoshiihdot_14122013_tulokset.pdf\" target=\"_blank\">Tulokset<\/a><\/p>\n\n\n\n<h2 class=\"wp-block-heading\">Valkealammen kansalliset 8.12 (V)<\/h2>\n\n\n\n<p>Etel\u00e4-Pohjanmaan\n kauden ensimm\u00e4iset hiihtokisat kisailtiin jo perinteen mukaan Lehtim\u00e4en\n Valkealammella. Ankkurilaisista mukana Lilja, Lauri ja Jouko Lehtel\u00e4, \nSampo Sepp\u00e4, Eemeli Herrala ja Jani Rintala.<\/p>\n\n\n\n<ul class=\"wp-block-list\"><li>Lilja hienosti N10-sarjan 3.<\/li><li>Lauri taisteli kurkkukipuisena M14-sarjan 17.<\/li><li>Sampo M16-sarjan 6.<\/li><li>Eemeli M16-sarjan 12.<\/li><li>Jouko M45-sarjan 5.<\/li><li>Jani MYL-sarjan 9.<\/li><\/ul>\n\n\n\n<p><a rel=\"noreferrer noopener\" href=\"http:\/\/lehtimaenjyske.sporttisaitti.com\/@Bin\/159413\/Tulokset+Valkealammen+hiihdot+8.12.2013.htm\" target=\"_blank\">Tulokset<\/a><\/p>\n\n\n\n<h2 class=\"wp-block-heading\">FIS Kontiolahti 30.11-1.12<\/h2>\n\n\n\n<p>Sampo Sepp\u00e4 avasi ankkurilaisten \nkauden Kontiolahdella. Kontiolahdella pyrytti kaksip\u00e4iv\u00e4isten kisojen \najan. Lauantaina oli vapaan tyylin kisa ja sunnuntaina oli perinteinen \nhiihtotyyli. J\u00e4rjestelyt oli hienot, keli oli hankala, liev\u00e4\u00e4 pakkasta, \nja lumi kosteaa. <br><br> Sampon sijoitus molemmissa kilpailuisssa oli hienosti 5:s.<\/p>\n\n\n\n<p>Lauantain vapaan <a rel=\"noreferrer noopener\" href=\"http:\/\/www.biathlon-kontiolahti.fi\/data\/competition\/2013-2014\/FIS\/resfis_301113.htm\" target=\"_blank\">tulokset<\/a> ja sunnuntain perinteisen <a rel=\"noreferrer noopener\" href=\"http:\/\/www.biathlon-kontiolahti.fi\/data\/competition\/2013-2014\/FIS\/resfis_011213.htm\" target=\"_blank\">tulokset<\/a>.<\/p>\n\n\n\n<p><\/p>\n","protected":false},"excerpt":{"rendered":"<p>Alaj\u00e4rven kaupunki edusti kunniakkaasti varamiehisen\u00e4 viime vuoden sijoituksiaan. Ihan ei ylletty top3-sijoituksiin, Alaj\u00e4rvi oli sek\u00e4 miehiss\u00e4 ett\u00e4 naisissa 8. Tulokset Kuvat Pm-hiihdot 22.2., Sein\u00e4joki, Kortesj\u00e4rven J\u00e4rvi-Veikot V\u00e4h\u00e4lumisen talven takia Pm-hiihdot hiihdettiin Kauhavan Kortesj\u00e4rven sijaan Sein\u00e4joella. Tulokset KLL aluemestaruushiihdoissa menestyst\u00e4 Lilja ja Heikki Lehtel\u00e4 hiihtiv\u00e4t mainiosti KLL hiihdoissa Isossakyr\u00f6ss\u00e4. Lilja oli N10 sarjassa hienosti nelj\u00e4s ja &hellip; <\/p>\n<p class=\"link-more\"><a href=\"https:\/\/www.alajarvenankkurit.fi\/hiihto\/2013-2014\/\" class=\"more-link\">Jatka lukemista<span class=\"screen-reader-text\"> &#8221;2013-2014&#8221;<\/span><\/a><\/p>\n","protected":false},"author":3,"featured_media":0,"parent":0,"menu_order":0,"comment_status":"closed","ping_status":"closed","template":"","meta":{"footnotes":""},"class_list":["post-111","page","type-page","status-publish","hentry"],"yoast_head":"<!-- This site is optimized with the Yoast SEO plugin v27.0 - https:\/\/yoast.com\/product\/yoast-seo-wordpress\/ -->\n<title>2013-2014 - Alaj\u00e4rven Ankkurit \/ Hiihto<\/title>\n<meta name=\"robots\" content=\"index, follow, max-snippet:-1, max-image-preview:large, max-video-preview:-1\" \/>\n<link rel=\"canonical\" href=\"https:\/\/www.alajarvenankkurit.fi\/hiihto\/2013-2014\/\" \/>\n<meta property=\"og:locale\" content=\"fi_FI\" \/>\n<meta property=\"og:type\" content=\"article\" \/>\n<meta property=\"og:title\" content=\"2013-2014 - Alaj\u00e4rven Ankkurit \/ Hiihto\" \/>\n<meta property=\"og:description\" content=\"Alaj\u00e4rven kaupunki edusti kunniakkaasti varamiehisen\u00e4 viime vuoden sijoituksiaan. Ihan ei ylletty top3-sijoituksiin, Alaj\u00e4rvi oli sek\u00e4 miehiss\u00e4 ett\u00e4 naisissa 8. Tulokset Kuvat Pm-hiihdot 22.2., Sein\u00e4joki, Kortesj\u00e4rven J\u00e4rvi-Veikot V\u00e4h\u00e4lumisen talven takia Pm-hiihdot hiihdettiin Kauhavan Kortesj\u00e4rven sijaan Sein\u00e4joella. Tulokset KLL aluemestaruushiihdoissa menestyst\u00e4 Lilja ja Heikki Lehtel\u00e4 hiihtiv\u00e4t mainiosti KLL hiihdoissa Isossakyr\u00f6ss\u00e4. Lilja oli N10 sarjassa hienosti nelj\u00e4s ja &hellip; Jatka lukemista &quot;2013-2014&quot;\" \/>\n<meta property=\"og:url\" content=\"https:\/\/www.alajarvenankkurit.fi\/hiihto\/2013-2014\/\" \/>\n<meta property=\"og:site_name\" content=\"Alaj\u00e4rven Ankkurit \/ Hiihto\" \/>\n<meta property=\"article:modified_time\" content=\"2019-11-24T22:13:39+00:00\" \/>\n<meta name=\"twitter:card\" content=\"summary_large_image\" \/>\n<meta name=\"twitter:label1\" content=\"Arvioitu lukuaika\" \/>\n\t<meta name=\"twitter:data1\" content=\"3 minuuttia\" \/>\n<script type=\"application\/ld+json\" class=\"yoast-schema-graph\">{\"@context\":\"https:\/\/schema.org\",\"@graph\":[{\"@type\":\"WebPage\",\"@id\":\"https:\/\/www.alajarvenankkurit.fi\/hiihto\/2013-2014\/\",\"url\":\"https:\/\/www.alajarvenankkurit.fi\/hiihto\/2013-2014\/\",\"name\":\"2013-2014 - Alaj\u00e4rven Ankkurit \/ Hiihto\",\"isPartOf\":{\"@id\":\"https:\/\/www.alajarvenankkurit.fi\/hiihto\/#website\"},\"datePublished\":\"2019-10-29T23:52:43+00:00\",\"dateModified\":\"2019-11-24T22:13:39+00:00\",\"breadcrumb\":{\"@id\":\"https:\/\/www.alajarvenankkurit.fi\/hiihto\/2013-2014\/#breadcrumb\"},\"inLanguage\":\"fi\",\"potentialAction\":[{\"@type\":\"ReadAction\",\"target\":[\"https:\/\/www.alajarvenankkurit.fi\/hiihto\/2013-2014\/\"]}]},{\"@type\":\"BreadcrumbList\",\"@id\":\"https:\/\/www.alajarvenankkurit.fi\/hiihto\/2013-2014\/#breadcrumb\",\"itemListElement\":[{\"@type\":\"ListItem\",\"position\":1,\"name\":\"Etusivu\",\"item\":\"https:\/\/www.alajarvenankkurit.fi\/hiihto\/\"},{\"@type\":\"ListItem\",\"position\":2,\"name\":\"2013-2014\"}]},{\"@type\":\"WebSite\",\"@id\":\"https:\/\/www.alajarvenankkurit.fi\/hiihto\/#website\",\"url\":\"https:\/\/www.alajarvenankkurit.fi\/hiihto\/\",\"name\":\"Alaj\u00e4rven Ankkurit \/ Hiihto\",\"description\":\"\",\"potentialAction\":[{\"@type\":\"SearchAction\",\"target\":{\"@type\":\"EntryPoint\",\"urlTemplate\":\"https:\/\/www.alajarvenankkurit.fi\/hiihto\/?s={search_term_string}\"},\"query-input\":{\"@type\":\"PropertyValueSpecification\",\"valueRequired\":true,\"valueName\":\"search_term_string\"}}],\"inLanguage\":\"fi\"}]}<\/script>\n<!-- \/ Yoast SEO plugin. -->","yoast_head_json":{"title":"2013-2014 - Alaj\u00e4rven Ankkurit \/ Hiihto","robots":{"index":"index","follow":"follow","max-snippet":"max-snippet:-1","max-image-preview":"max-image-preview:large","max-video-preview":"max-video-preview:-1"},"canonical":"https:\/\/www.alajarvenankkurit.fi\/hiihto\/2013-2014\/","og_locale":"fi_FI","og_type":"article","og_title":"2013-2014 - Alaj\u00e4rven Ankkurit \/ Hiihto","og_description":"Alaj\u00e4rven kaupunki edusti kunniakkaasti varamiehisen\u00e4 viime vuoden sijoituksiaan. Ihan ei ylletty top3-sijoituksiin, Alaj\u00e4rvi oli sek\u00e4 miehiss\u00e4 ett\u00e4 naisissa 8. Tulokset Kuvat Pm-hiihdot 22.2., Sein\u00e4joki, Kortesj\u00e4rven J\u00e4rvi-Veikot V\u00e4h\u00e4lumisen talven takia Pm-hiihdot hiihdettiin Kauhavan Kortesj\u00e4rven sijaan Sein\u00e4joella. Tulokset KLL aluemestaruushiihdoissa menestyst\u00e4 Lilja ja Heikki Lehtel\u00e4 hiihtiv\u00e4t mainiosti KLL hiihdoissa Isossakyr\u00f6ss\u00e4. Lilja oli N10 sarjassa hienosti nelj\u00e4s ja &hellip; Jatka lukemista \"2013-2014\"","og_url":"https:\/\/www.alajarvenankkurit.fi\/hiihto\/2013-2014\/","og_site_name":"Alaj\u00e4rven Ankkurit \/ Hiihto","article_modified_time":"2019-11-24T22:13:39+00:00","twitter_card":"summary_large_image","twitter_misc":{"Arvioitu lukuaika":"3 minuuttia"},"schema":{"@context":"https:\/\/schema.org","@graph":[{"@type":"WebPage","@id":"https:\/\/www.alajarvenankkurit.fi\/hiihto\/2013-2014\/","url":"https:\/\/www.alajarvenankkurit.fi\/hiihto\/2013-2014\/","name":"2013-2014 - Alaj\u00e4rven Ankkurit \/ Hiihto","isPartOf":{"@id":"https:\/\/www.alajarvenankkurit.fi\/hiihto\/#website"},"datePublished":"2019-10-29T23:52:43+00:00","dateModified":"2019-11-24T22:13:39+00:00","breadcrumb":{"@id":"https:\/\/www.alajarvenankkurit.fi\/hiihto\/2013-2014\/#breadcrumb"},"inLanguage":"fi","potentialAction":[{"@type":"ReadAction","target":["https:\/\/www.alajarvenankkurit.fi\/hiihto\/2013-2014\/"]}]},{"@type":"BreadcrumbList","@id":"https:\/\/www.alajarvenankkurit.fi\/hiihto\/2013-2014\/#breadcrumb","itemListElement":[{"@type":"ListItem","position":1,"name":"Etusivu","item":"https:\/\/www.alajarvenankkurit.fi\/hiihto\/"},{"@type":"ListItem","position":2,"name":"2013-2014"}]},{"@type":"WebSite","@id":"https:\/\/www.alajarvenankkurit.fi\/hiihto\/#website","url":"https:\/\/www.alajarvenankkurit.fi\/hiihto\/","name":"Alaj\u00e4rven Ankkurit \/ Hiihto","description":"","potentialAction":[{"@type":"SearchAction","target":{"@type":"EntryPoint","urlTemplate":"https:\/\/www.alajarvenankkurit.fi\/hiihto\/?s={search_term_string}"},"query-input":{"@type":"PropertyValueSpecification","valueRequired":true,"valueName":"search_term_string"}}],"inLanguage":"fi"}]}},"_links":{"self":[{"href":"https:\/\/www.alajarvenankkurit.fi\/hiihto\/wp-json\/wp\/v2\/pages\/111","targetHints":{"allow":["GET"]}}],"collection":[{"href":"https:\/\/www.alajarvenankkurit.fi\/hiihto\/wp-json\/wp\/v2\/pages"}],"about":[{"href":"https:\/\/www.alajarvenankkurit.fi\/hiihto\/wp-json\/wp\/v2\/types\/page"}],"author":[{"embeddable":true,"href":"https:\/\/www.alajarvenankkurit.fi\/hiihto\/wp-json\/wp\/v2\/users\/3"}],"replies":[{"embeddable":true,"href":"https:\/\/www.alajarvenankkurit.fi\/hiihto\/wp-json\/wp\/v2\/comments?post=111"}],"version-history":[{"count":2,"href":"https:\/\/www.alajarvenankkurit.fi\/hiihto\/wp-json\/wp\/v2\/pages\/111\/revisions"}],"predecessor-version":[{"id":148,"href":"https:\/\/www.alajarvenankkurit.fi\/hiihto\/wp-json\/wp\/v2\/pages\/111\/revisions\/148"}],"wp:attachment":[{"href":"https:\/\/www.alajarvenankkurit.fi\/hiihto\/wp-json\/wp\/v2\/media?parent=111"}],"curies":[{"name":"wp","href":"https:\/\/api.w.org\/{rel}","templated":true}]}}