{"id":107,"date":"2019-10-30T01:52:03","date_gmt":"2019-10-29T23:52:03","guid":{"rendered":"http:\/\/212.66.193.72\/~cp4520516\/hiihto\/?page_id=107"},"modified":"2019-11-24T23:16:22","modified_gmt":"2019-11-24T21:16:22","slug":"2015-2016","status":"publish","type":"page","link":"https:\/\/www.alajarvenankkurit.fi\/hiihto\/2015-2016\/","title":{"rendered":"2015-2016"},"content":{"rendered":"\n<h4 class=\"wp-block-heading\">27.3. Juhan Hiihdot, Kurikka<\/h4>\n\n\n\n<p>Lehtel\u00e4n perhe mukana Kurikan Hakunissa kisatuissa hiihtokisoissa. <\/p>\n\n\n\n<p>Lilja N12-sarjassa 3.,<\/p>\n\n\n\n<p>Heikki M14-sarjassa 5. ja <\/p>\n\n\n\n<p>Jouko M45-sarjassa 1.<\/p>\n\n\n\n<p><a rel=\"noreferrer noopener\" href=\"http:\/\/www.kurikanryhti.fi\/@Bin\/37215541\/Tulokset.pdf\" target=\"_blank\">Tulokset<\/a><\/p>\n\n\n\n<h4 class=\"wp-block-heading\">20.3.&nbsp; E-P:n piirin Sprintti hiihdot, Lehtim\u00e4ki<\/h4>\n\n\n\n<p>Lilja Lehtel\u00e4 mukana PM-sprinttihiihdoissa ja oli hienosti N12-sarjassa 4.<\/p>\n\n\n\n<p><a rel=\"noreferrer noopener\" href=\"http:\/\/lehtimaenjyske.sporttisaitti.com\/@Bin\/183955\/Srintti+hiihdon+PM+kisat+2016.htm#N20\" target=\"_blank\">Tulokset<\/a><\/p>\n\n\n\n<h4 class=\"wp-block-heading\">27.2. Maakuntaviesti, Valkealampi<\/h4>\n\n\n\n<p>Loppiaisen pakkasen vuoksi maakuntaviesti siirrettiin t\u00e4lle p\u00e4iv\u00e4lle. Alaj\u00e4rven joukkueessa hiihtiv\u00e4t:<\/p>\n\n\n\n<p>Juuso M\u00e4kel\u00e4<\/p>\n\n\n\n<p>Lilja Lehtel\u00e4<\/p>\n\n\n\n<p>Veeti Haapa-aho<\/p>\n\n\n\n<p>Arto Kyt\u00f6l\u00e4<\/p>\n\n\n\n<p>Sanna-Mari Purola<\/p>\n\n\n\n<p>Heikki Lehtel\u00e4<\/p>\n\n\n\n<p>Anja Keisanen<\/p>\n\n\n\n<p>Jani Rintala<\/p>\n\n\n\n<p><a rel=\"noreferrer noopener\" href=\"http:\/\/lehtimaenjyske.sporttisaitti.com\/@Bin\/183035\/Hiihdon+maakuntaviesti+tulokset.htm\" target=\"_blank\">Tulokset<\/a> ja kisaj\u00e4rjest\u00e4j\u00e4n ottamia <a rel=\"noreferrer noopener\" href=\"http:\/\/lehtimaenjyske.sporttisaitti.com\/maakuntaviesti-2016\/kuvat-ja-videot\/\" target=\"_blank\">kuvia<\/a>.<\/p>\n\n\n\n<h4 class=\"wp-block-heading\">23.2. KLL:n aluemestaruushiihdot, Kokkola<\/h4>\n\n\n\n<p>Lilja\n Lehtel\u00e4 sivakoi hienosti kolmanneksi Kokkolassa hiihdetyiss\u00e4 \nkoululiikuntaliiton aluemestaruushiihdoissa. Heikki Lehtel\u00e4 oli 19. <\/p>\n\n\n\n<p><a rel=\"noreferrer noopener\" href=\"http:\/\/kokkolanveikot.sporttisaitti.com\/@Bin\/646986\/klltulos2016.htm\" target=\"_blank\">Tulokset<\/a><\/p>\n\n\n\n<h4 class=\"wp-block-heading\">20.2. E-P Piirinmestaruushiihdot, \u00c4ht\u00e4ri<\/h4>\n\n\n\n<p>Ankkurien Lilja \nLehtel\u00e4 hiihti voitokkaasti PM- kultaa ja Sampo Sepp\u00e4 PM- pronssia \nnollakeliss\u00e4 perinteisell\u00e4 hiihtotavalla k\u00e4ydyiss\u00e4 kisoissa. Heikki \nLehtel\u00e4 sijoittui yhdeks\u00e4nneksi M13-sarjassa.<\/p>\n\n\n\n<p><a rel=\"noreferrer noopener\" href=\"http:\/\/www.ahtarinurheilijat.fi\/@Bin\/260281\/Tulokset+pm+%C3%84ht%C3%A4ri.htm\" target=\"_blank\">Tulokset<\/a><\/p>\n\n\n\n<h4 class=\"wp-block-heading\">6.-7.2. <strong>FIS Nuorten SM-hiihdot\/ PM-katsastus\/MM-katsastus 20 v\/St1-cup\/ Habita-cup&nbsp;&nbsp;\/&nbsp;&nbsp;V\u00f6yri<\/strong><\/h4>\n\n\n\n<p>Sampo Sepp\u00e4 mukana nuorten SM-hiihdoissa. Lauantaina ohjelmassa oli <a rel=\"noreferrer noopener\" href=\"http:\/\/sm2016.fi\/wp-content\/uploads\/2015\/10\/Loputulokset_SPRINT_H18.htm\" target=\"_blank\">sprintti<\/a> ja sunnuntaina <a rel=\"noreferrer noopener\" href=\"http:\/\/sm2016.fi\/wp-content\/uploads\/2015\/10\/Lopputulokset_Miehet_18_Herrar.htm\" target=\"_blank\">perinteinen 15 km<\/a>.<\/p>\n\n\n\n<h4 class=\"wp-block-heading\">4.2. Tanelinrannan pk. hiihdot (V)<\/h4>\n\n\n\n<p>Lehtel\u00e4n\n perhe mukana Sein\u00e4joella k\u00e4ydyiss\u00e4 iltakisoissa. Lilja oli 7. runsas \nosanottoissa ja tasaisssa kisassa, Heikki vuotta vanhempien seurassa \n16., ja Jouko sarjassaan 3.<\/p>\n\n\n\n<p><a rel=\"noreferrer noopener\" href=\"http:\/\/www.seinajoenhiihtoseura.fi\/files\/maastohiihto\/Taneli04022016_tulokset.pdf\" target=\"_blank\">Tulokset<\/a><\/p>\n\n\n\n<h4 class=\"wp-block-heading\">24.1. Carilainen Sport hiihdot<\/h4>\n\n\n\n<p>Sampo Sepp\u00e4 mukana \u00c4ht\u00e4rin Mustikkavuorella k\u00e4ydyiss\u00e4 kansallisissa hiihtokisoissa<\/p>\n\n\n\n<p><a rel=\"noreferrer noopener\" href=\"http:\/\/www.ahtarinurheilijat.fi\/@Bin\/259369\/Carilainen+Sport+hiihdot+2016+tulokset.htm#M18\" target=\"_blank\">Tulokset<\/a><\/p>\n\n\n\n<h4 class=\"wp-block-heading\">2.1. XXXIV Sein\u00e4joen Talvikisat (V)<\/h4>\n\n\n\n<p>Eero Saarenketo mukana M55-sarjassa Sein\u00e4joella.<\/p>\n\n\n\n<p><a rel=\"noreferrer noopener\" href=\"http:\/\/www.seinajoenhiihtoseura.fi\/files\/Talvikisat-2016-TULOKSET.pdf\" target=\"_blank\">Tulokset<\/a><\/p>\n\n\n\n<h3 class=\"wp-block-heading\">12.12 Pyh\u00e4j\u00e4rven Pohti pk hiihdot<\/h3>\n\n\n\n<p>Sampo Sepp\u00e4 mukana Pyh\u00e4j\u00e4rven Honkavuorella hiihdetyiss\u00e4 piirinkunnallisissa hiihtokisoissa.<\/p>\n\n\n\n<p><a rel=\"noreferrer noopener\" href=\"http:\/\/www.pyhajarvenpohti.fi\/pages\/index.php?option=com_content&amp;view=article&amp;id=179:pk-hiihdot-12-12-2015-tulkoset&amp;catid=81:ajankohtaista&amp;Itemid=476\" target=\"_blank\">Tulokset<\/a><\/p>\n\n\n\n<h3 class=\"wp-block-heading\">5.12. Reisj\u00e4rven kansalliset<\/h3>\n\n\n\n<p>Sampo aloitti kautensa Reisj\u00e4rven kansallisissa hiihdoissa.&nbsp; <\/p>\n\n\n\n<p><a href=\"http:\/\/reisjarvenpilkehiihto.sporttisaitti.com\/@Bin\/138833\/Reisj%C3%A4rven+kans.+5.12.2015+Tulokset.htm#M18\" target=\"_blank\" rel=\"noreferrer noopener\">Tulokset<\/a><\/p>\n","protected":false},"excerpt":{"rendered":"<p>27.3. Juhan Hiihdot, Kurikka Lehtel\u00e4n perhe mukana Kurikan Hakunissa kisatuissa hiihtokisoissa. Lilja N12-sarjassa 3., Heikki M14-sarjassa 5. ja Jouko M45-sarjassa 1. Tulokset 20.3.&nbsp; E-P:n piirin Sprintti hiihdot, Lehtim\u00e4ki Lilja Lehtel\u00e4 mukana PM-sprinttihiihdoissa ja oli hienosti N12-sarjassa 4. Tulokset 27.2. Maakuntaviesti, Valkealampi Loppiaisen pakkasen vuoksi maakuntaviesti siirrettiin t\u00e4lle p\u00e4iv\u00e4lle. Alaj\u00e4rven joukkueessa hiihtiv\u00e4t: Juuso M\u00e4kel\u00e4 Lilja Lehtel\u00e4 &hellip; <\/p>\n<p class=\"link-more\"><a href=\"https:\/\/www.alajarvenankkurit.fi\/hiihto\/2015-2016\/\" class=\"more-link\">Jatka lukemista<span class=\"screen-reader-text\"> &#8221;2015-2016&#8221;<\/span><\/a><\/p>\n","protected":false},"author":3,"featured_media":0,"parent":0,"menu_order":0,"comment_status":"closed","ping_status":"closed","template":"","meta":{"footnotes":""},"class_list":["post-107","page","type-page","status-publish","hentry"],"yoast_head":"<!-- This site is optimized with the Yoast SEO plugin v27.0 - https:\/\/yoast.com\/product\/yoast-seo-wordpress\/ -->\n<title>2015-2016 - Alaj\u00e4rven Ankkurit \/ Hiihto<\/title>\n<meta name=\"robots\" content=\"index, follow, max-snippet:-1, max-image-preview:large, max-video-preview:-1\" \/>\n<link rel=\"canonical\" href=\"https:\/\/www.alajarvenankkurit.fi\/hiihto\/2015-2016\/\" \/>\n<meta property=\"og:locale\" content=\"fi_FI\" \/>\n<meta property=\"og:type\" content=\"article\" \/>\n<meta property=\"og:title\" content=\"2015-2016 - Alaj\u00e4rven Ankkurit \/ Hiihto\" \/>\n<meta property=\"og:description\" content=\"27.3. Juhan Hiihdot, Kurikka Lehtel\u00e4n perhe mukana Kurikan Hakunissa kisatuissa hiihtokisoissa. Lilja N12-sarjassa 3., Heikki M14-sarjassa 5. ja Jouko M45-sarjassa 1. Tulokset 20.3.&nbsp; E-P:n piirin Sprintti hiihdot, Lehtim\u00e4ki Lilja Lehtel\u00e4 mukana PM-sprinttihiihdoissa ja oli hienosti N12-sarjassa 4. Tulokset 27.2. Maakuntaviesti, Valkealampi Loppiaisen pakkasen vuoksi maakuntaviesti siirrettiin t\u00e4lle p\u00e4iv\u00e4lle. Alaj\u00e4rven joukkueessa hiihtiv\u00e4t: Juuso M\u00e4kel\u00e4 Lilja Lehtel\u00e4 &hellip; Jatka lukemista &quot;2015-2016&quot;\" \/>\n<meta property=\"og:url\" content=\"https:\/\/www.alajarvenankkurit.fi\/hiihto\/2015-2016\/\" \/>\n<meta property=\"og:site_name\" content=\"Alaj\u00e4rven Ankkurit \/ Hiihto\" \/>\n<meta property=\"article:modified_time\" content=\"2019-11-24T21:16:22+00:00\" \/>\n<meta name=\"twitter:card\" content=\"summary_large_image\" \/>\n<meta name=\"twitter:label1\" content=\"Arvioitu lukuaika\" \/>\n\t<meta name=\"twitter:data1\" content=\"1 minuutti\" \/>\n<script type=\"application\/ld+json\" class=\"yoast-schema-graph\">{\"@context\":\"https:\/\/schema.org\",\"@graph\":[{\"@type\":\"WebPage\",\"@id\":\"https:\/\/www.alajarvenankkurit.fi\/hiihto\/2015-2016\/\",\"url\":\"https:\/\/www.alajarvenankkurit.fi\/hiihto\/2015-2016\/\",\"name\":\"2015-2016 - Alaj\u00e4rven Ankkurit \/ Hiihto\",\"isPartOf\":{\"@id\":\"https:\/\/www.alajarvenankkurit.fi\/hiihto\/#website\"},\"datePublished\":\"2019-10-29T23:52:03+00:00\",\"dateModified\":\"2019-11-24T21:16:22+00:00\",\"breadcrumb\":{\"@id\":\"https:\/\/www.alajarvenankkurit.fi\/hiihto\/2015-2016\/#breadcrumb\"},\"inLanguage\":\"fi\",\"potentialAction\":[{\"@type\":\"ReadAction\",\"target\":[\"https:\/\/www.alajarvenankkurit.fi\/hiihto\/2015-2016\/\"]}]},{\"@type\":\"BreadcrumbList\",\"@id\":\"https:\/\/www.alajarvenankkurit.fi\/hiihto\/2015-2016\/#breadcrumb\",\"itemListElement\":[{\"@type\":\"ListItem\",\"position\":1,\"name\":\"Etusivu\",\"item\":\"https:\/\/www.alajarvenankkurit.fi\/hiihto\/\"},{\"@type\":\"ListItem\",\"position\":2,\"name\":\"2015-2016\"}]},{\"@type\":\"WebSite\",\"@id\":\"https:\/\/www.alajarvenankkurit.fi\/hiihto\/#website\",\"url\":\"https:\/\/www.alajarvenankkurit.fi\/hiihto\/\",\"name\":\"Alaj\u00e4rven Ankkurit \/ Hiihto\",\"description\":\"\",\"potentialAction\":[{\"@type\":\"SearchAction\",\"target\":{\"@type\":\"EntryPoint\",\"urlTemplate\":\"https:\/\/www.alajarvenankkurit.fi\/hiihto\/?s={search_term_string}\"},\"query-input\":{\"@type\":\"PropertyValueSpecification\",\"valueRequired\":true,\"valueName\":\"search_term_string\"}}],\"inLanguage\":\"fi\"}]}<\/script>\n<!-- \/ Yoast SEO plugin. -->","yoast_head_json":{"title":"2015-2016 - Alaj\u00e4rven Ankkurit \/ Hiihto","robots":{"index":"index","follow":"follow","max-snippet":"max-snippet:-1","max-image-preview":"max-image-preview:large","max-video-preview":"max-video-preview:-1"},"canonical":"https:\/\/www.alajarvenankkurit.fi\/hiihto\/2015-2016\/","og_locale":"fi_FI","og_type":"article","og_title":"2015-2016 - Alaj\u00e4rven Ankkurit \/ Hiihto","og_description":"27.3. Juhan Hiihdot, Kurikka Lehtel\u00e4n perhe mukana Kurikan Hakunissa kisatuissa hiihtokisoissa. Lilja N12-sarjassa 3., Heikki M14-sarjassa 5. ja Jouko M45-sarjassa 1. Tulokset 20.3.&nbsp; E-P:n piirin Sprintti hiihdot, Lehtim\u00e4ki Lilja Lehtel\u00e4 mukana PM-sprinttihiihdoissa ja oli hienosti N12-sarjassa 4. Tulokset 27.2. Maakuntaviesti, Valkealampi Loppiaisen pakkasen vuoksi maakuntaviesti siirrettiin t\u00e4lle p\u00e4iv\u00e4lle. Alaj\u00e4rven joukkueessa hiihtiv\u00e4t: Juuso M\u00e4kel\u00e4 Lilja Lehtel\u00e4 &hellip; Jatka lukemista \"2015-2016\"","og_url":"https:\/\/www.alajarvenankkurit.fi\/hiihto\/2015-2016\/","og_site_name":"Alaj\u00e4rven Ankkurit \/ Hiihto","article_modified_time":"2019-11-24T21:16:22+00:00","twitter_card":"summary_large_image","twitter_misc":{"Arvioitu lukuaika":"1 minuutti"},"schema":{"@context":"https:\/\/schema.org","@graph":[{"@type":"WebPage","@id":"https:\/\/www.alajarvenankkurit.fi\/hiihto\/2015-2016\/","url":"https:\/\/www.alajarvenankkurit.fi\/hiihto\/2015-2016\/","name":"2015-2016 - Alaj\u00e4rven Ankkurit \/ Hiihto","isPartOf":{"@id":"https:\/\/www.alajarvenankkurit.fi\/hiihto\/#website"},"datePublished":"2019-10-29T23:52:03+00:00","dateModified":"2019-11-24T21:16:22+00:00","breadcrumb":{"@id":"https:\/\/www.alajarvenankkurit.fi\/hiihto\/2015-2016\/#breadcrumb"},"inLanguage":"fi","potentialAction":[{"@type":"ReadAction","target":["https:\/\/www.alajarvenankkurit.fi\/hiihto\/2015-2016\/"]}]},{"@type":"BreadcrumbList","@id":"https:\/\/www.alajarvenankkurit.fi\/hiihto\/2015-2016\/#breadcrumb","itemListElement":[{"@type":"ListItem","position":1,"name":"Etusivu","item":"https:\/\/www.alajarvenankkurit.fi\/hiihto\/"},{"@type":"ListItem","position":2,"name":"2015-2016"}]},{"@type":"WebSite","@id":"https:\/\/www.alajarvenankkurit.fi\/hiihto\/#website","url":"https:\/\/www.alajarvenankkurit.fi\/hiihto\/","name":"Alaj\u00e4rven Ankkurit \/ Hiihto","description":"","potentialAction":[{"@type":"SearchAction","target":{"@type":"EntryPoint","urlTemplate":"https:\/\/www.alajarvenankkurit.fi\/hiihto\/?s={search_term_string}"},"query-input":{"@type":"PropertyValueSpecification","valueRequired":true,"valueName":"search_term_string"}}],"inLanguage":"fi"}]}},"_links":{"self":[{"href":"https:\/\/www.alajarvenankkurit.fi\/hiihto\/wp-json\/wp\/v2\/pages\/107","targetHints":{"allow":["GET"]}}],"collection":[{"href":"https:\/\/www.alajarvenankkurit.fi\/hiihto\/wp-json\/wp\/v2\/pages"}],"about":[{"href":"https:\/\/www.alajarvenankkurit.fi\/hiihto\/wp-json\/wp\/v2\/types\/page"}],"author":[{"embeddable":true,"href":"https:\/\/www.alajarvenankkurit.fi\/hiihto\/wp-json\/wp\/v2\/users\/3"}],"replies":[{"embeddable":true,"href":"https:\/\/www.alajarvenankkurit.fi\/hiihto\/wp-json\/wp\/v2\/comments?post=107"}],"version-history":[{"count":2,"href":"https:\/\/www.alajarvenankkurit.fi\/hiihto\/wp-json\/wp\/v2\/pages\/107\/revisions"}],"predecessor-version":[{"id":145,"href":"https:\/\/www.alajarvenankkurit.fi\/hiihto\/wp-json\/wp\/v2\/pages\/107\/revisions\/145"}],"wp:attachment":[{"href":"https:\/\/www.alajarvenankkurit.fi\/hiihto\/wp-json\/wp\/v2\/media?parent=107"}],"curies":[{"name":"wp","href":"https:\/\/api.w.org\/{rel}","templated":true}]}}